{"id":3559,"date":"2022-10-15T01:08:04","date_gmt":"2022-10-15T01:08:04","guid":{"rendered":"https:\/\/comparemyjet.com\/?page_id=3559"},"modified":"2025-09-04T10:03:18","modified_gmt":"2025-09-04T10:03:18","slug":"verijet","status":"publish","type":"page","link":"https:\/\/comparemyjet.com\/ro\/verijet\/","title":{"rendered":"Pre\u021burile zborurilor VeriJet"},"content":{"rendered":"<p>Verijet este o companie aerian\u0103 inovatoare care se distinge de alte companii aeriene. <a href=\"https:\/\/comparemyjet.com\/ro\/cum-inchiri-sau-inchiriezi-un-avion-privat\/\" data-internallinksmanager029f6b8e52c=\"15\" title=\"Cum \u00eenchiria\u021bi sau \u00eenchiria\u021bi un avion privat?\">charter cu jet privat<\/a> furnizorii de servicii de avia\u021bie \u00een func\u021bie de o serie de criterii, majoritatea dintre acestea fiind legate de flota de avioane Cirrus SF-50 Vision Jets a companiei. Compania a fost \u00eenfiin\u021bat\u0103 \u00een 2020, iar birourile sale principale se afl\u0103 \u00een Vero Beach, Florida.<\/p>\r\n\r\n\r\n\r\n<p>Pentru a face zborurile mai accesibile, Verijet a dezvoltat un motor de optimizare a zborurilor \u0219i a lansat propria flot\u0103 de avioane G2+ Vision Jets, care sunt mai puternice \u0219i mai bine echipate pentru a face fa\u021b\u0103 unor piste dificile \u0219i unor distan\u021be mai mari. Aceste avioane au evalu\u0103ri excep\u021bionale \u00een materie de siguran\u021b\u0103 \u0219i efectueaz\u0103 zboruri 100% neutre din punct de vedere al emisiilor de carbon.&nbsp;<\/p>\r\n\r\n\r\n\r\n<p>Dup\u0103 un \u00eenceput fructuos \u00een regiunea de sud-est a Statelor Unite, Verijet inten\u021bioneaz\u0103 s\u0103 pun\u0103 la dispozi\u021bie zboruri private rapide \u0219i ieftine pe \u00eentreg teritoriul SUA.<\/p>\r\n\r\n\r\n\r\n<div id=\"ez-toc-container\" class=\"ez-toc-v2_0_76 counter-hierarchy ez-toc-counter ez-toc-grey ez-toc-container-direction\">\n<p class=\"ez-toc-title\" style=\"cursor:inherit\">Subiecte<\/p>\n<label for=\"ez-toc-cssicon-toggle-item-69f475bd89122\" class=\"ez-toc-cssicon-toggle-label\"><span class=\"\"><span class=\"eztoc-hide\" style=\"display:none;\">Toggle<\/span><span class=\"ez-toc-icon-toggle-span\"><svg style=\"fill: #999;color:#999\" xmlns=\"http:\/\/www.w3.org\/2000\/svg\" class=\"list-377408\" width=\"20px\" height=\"20px\" viewbox=\"0 0 24 24\" fill=\"none\"><path d=\"M6 6H4v2h2V6zm14 0H8v2h12V6zM4 11h2v2H4v-2zm16 0H8v2h12v-2zM4 16h2v2H4v-2zm16 0H8v2h12v-2z\" fill=\"currentColor\"><\/path><\/svg><svg style=\"fill: #999;color:#999\" class=\"arrow-unsorted-368013\" xmlns=\"http:\/\/www.w3.org\/2000\/svg\" width=\"10px\" height=\"10px\" viewbox=\"0 0 24 24\" version=\"1.2\" baseprofile=\"tiny\"><path d=\"M18.2 9.3l-6.2-6.3-6.2 6.3c-.2.2-.3.4-.3.7s.1.5.3.7c.2.2.4.3.7.3h11c.3 0 .5-.1.7-.3.2-.2.3-.5.3-.7s-.1-.5-.3-.7zM5.8 14.7l6.2 6.3 6.2-6.3c.2-.2.3-.5.3-.7s-.1-.5-.3-.7c-.2-.2-.4-.3-.7-.3h-11c-.3 0-.5.1-.7.3-.2.2-.3.5-.3.7s.1.5.3.7z\"\/><\/svg><\/span><\/span><\/label><input type=\"checkbox\"  id=\"ez-toc-cssicon-toggle-item-69f475bd89122\" checked aria-label=\"Toggle\" \/><nav><ul class='ez-toc-list ez-toc-list-level-1' ><li class='ez-toc-page-1 ez-toc-heading-level-2'><a class=\"ez-toc-link ez-toc-heading-1\" href=\"https:\/\/comparemyjet.com\/ro\/verijet\/#About_the_Company\" >Despre companie<\/a><ul class='ez-toc-list-level-3' ><li class='ez-toc-heading-level-3'><a class=\"ez-toc-link ez-toc-heading-2\" href=\"https:\/\/comparemyjet.com\/ro\/verijet\/#The_G2_Vision_Jets_Fleet\" >Flota G2+ Vision Jets<\/a><\/li><\/ul><\/li><li class='ez-toc-page-1 ez-toc-heading-level-2'><a class=\"ez-toc-link ez-toc-heading-3\" href=\"https:\/\/comparemyjet.com\/ro\/verijet\/#Pricing\" >Stabilirea pre\u021burilor<\/a><\/li><li class='ez-toc-page-1 ez-toc-heading-level-2'><a class=\"ez-toc-link ez-toc-heading-4\" href=\"https:\/\/comparemyjet.com\/ro\/verijet\/#Company_Jet_Card_Programs\" >Programe de carduri Jet pentru companii<\/a><ul class='ez-toc-list-level-3' ><li class='ez-toc-heading-level-3'><a class=\"ez-toc-link ez-toc-heading-5\" href=\"https:\/\/comparemyjet.com\/ro\/verijet\/#25_Hour_JetCard\" >25 de ore JetCard<\/a><\/li><li class='ez-toc-page-1 ez-toc-heading-level-3'><a class=\"ez-toc-link ez-toc-heading-6\" href=\"https:\/\/comparemyjet.com\/ro\/verijet\/#50_Hour_JetCard\" >50 de ore JetCard<\/a><\/li><li class='ez-toc-page-1 ez-toc-heading-level-3'><a class=\"ez-toc-link ez-toc-heading-7\" href=\"https:\/\/comparemyjet.com\/ro\/verijet\/#100_Hour_JetCard\" >100 de ore JetCard<\/a><\/li><\/ul><\/li><li class='ez-toc-page-1 ez-toc-heading-level-2'><a class=\"ez-toc-link ez-toc-heading-8\" href=\"https:\/\/comparemyjet.com\/ro\/verijet\/#The_Fleet\" >Flota&nbsp;<\/a><ul class='ez-toc-list-level-4' ><li class='ez-toc-heading-level-4'><ul class='ez-toc-list-level-4' ><li class='ez-toc-heading-level-4'><a class=\"ez-toc-link ez-toc-heading-9\" href=\"https:\/\/comparemyjet.com\/ro\/verijet\/#Characteristics_of_The_Cirrus_SF-50_Vision_Jet\" >Caracteristicile avionului Cirrus SF-50 Vision Jet<\/a><\/li><\/ul><\/li><\/ul><\/li><li class='ez-toc-page-1 ez-toc-heading-level-2'><a class=\"ez-toc-link ez-toc-heading-10\" href=\"https:\/\/comparemyjet.com\/ro\/verijet\/#Company_Safety_Policy_and_Standards\" >Politica \u0219i standardele de siguran\u021b\u0103 ale companiei<\/a><\/li><li class='ez-toc-page-1 ez-toc-heading-level-2'><a class=\"ez-toc-link ez-toc-heading-11\" href=\"https:\/\/comparemyjet.com\/ro\/verijet\/#Pilots\" >Pilo\u021bi<\/a><\/li><li class='ez-toc-page-1 ez-toc-heading-level-2'><a class=\"ez-toc-link ez-toc-heading-12\" href=\"https:\/\/comparemyjet.com\/ro\/verijet\/#Partnerships\" >Parteneriate<\/a><\/li><li class='ez-toc-page-1 ez-toc-heading-level-2'><a class=\"ez-toc-link ez-toc-heading-13\" href=\"https:\/\/comparemyjet.com\/ro\/verijet\/#Conclusion\" >Concluzie<\/a><\/li><\/ul><\/nav><\/div>\n<h2 class=\"wp-block-heading\"><span class=\"ez-toc-section\" id=\"About_the_Company\"><\/span>Despre companie<span class=\"ez-toc-section-end\"><\/span><\/h2>\r\n\r\n\r\n\r\n<p>Richard Kane, pre\u0219edintele \u0219i directorul executiv al Verijet, a lucrat \u00een industriile telecomunica\u021biilor \u0219i avia\u021biei, ceea ce l-a inspirat s\u0103 \u00eenfiin\u021beze firma. Deoarece este un pilot talentat, cu recorduri mondiale de vitez\u0103 \u0219i are experien\u021b\u0103 \u00een direc\u021bionarea a milioane de apeluri pe or\u0103 \u00een timp real, Verijet a devenit rapid firma de charter de avioane private de referin\u021b\u0103.<\/p>\r\n\r\n\r\n\r\n<p>Verijet a construit un sistem de optimizare care poate \u00eenlocui o echip\u0103 de planificatori cu un singur clic pe un buton. Ca rezultat direct, se renun\u021b\u0103 la alte taxe, ceea ce duce la reducerea tarifelor aeriene. Kane \u0219i-a \u00eencercat procesul de optimizare pe un cluster de ma\u0219ini virtuale care \u00eemp\u0103r\u021beau toate acela\u0219i grup de memorie \u0219i spa\u021biu pe hard disk. Dup\u0103 ce a investigat diverse op\u021biuni, a optat pentru <a href=\"https:\/\/www.ibm.com\/cloud\/bare-metal-servers\" target=\"_blank\" rel=\"noopener\">Servere IBM Cloud Bare Metal<\/a> datorit\u0103 stabilit\u0103\u021bii \u0219i puterii de calcul a acestora \u00een compara\u021bie cu cea a motorului de optimizare, precum \u0219i datorit\u0103 accesului la platforma cloud IBM \u0219i la sprijinul inginerilor \u0219i consilierilor tehnici.<\/p>\r\n\r\n\r\n\r\n<h3 class=\"wp-block-heading\"><span class=\"ez-toc-section\" id=\"The_G2_Vision_Jets_Fleet\"><\/span>Flota G2+ Vision Jets<span class=\"ez-toc-section-end\"><\/span><\/h3>\r\n\r\n\r\n\r\n<figure class=\"wp-block-image size-full is-style-default\"><img loading=\"lazy\" decoding=\"async\" width=\"1000\" height=\"563\" src=\"https:\/\/comparemyjet.com\/wp-content\/uploads\/2022\/10\/G2-Vision-Jet-1.jpg\" alt=\"VeriJet\" class=\"wp-image-3562\" srcset=\"https:\/\/comparemyjet.com\/wp-content\/uploads\/2022\/10\/G2-Vision-Jet-1-18x10.jpg 18w, https:\/\/comparemyjet.com\/wp-content\/uploads\/2022\/10\/G2-Vision-Jet-1-300x169.jpg 300w, https:\/\/comparemyjet.com\/wp-content\/uploads\/2022\/10\/G2-Vision-Jet-1-768x432.jpg 768w, https:\/\/comparemyjet.com\/wp-content\/uploads\/2022\/10\/G2-Vision-Jet-1.jpg 1000w\" sizes=\"auto, (max-width: 1000px) 100vw, 1000px\" \/><\/figure>\r\n\r\n\r\n\r\n<p>Cu ajutorul acestui nou software, Kane a reu\u0219it s\u0103 \u00ee\u0219i creeze propria flot\u0103 de avioane mici \u0219i sustenabile din punct de vedere ecologic. Aceste avioane silen\u021bioase, cu un singur pilot, denumite Vision Jets, l-au ajutat s\u0103 construiasc\u0103 motorul de optimizare \u0219i s\u0103 lucreze la urm\u0103toarea etap\u0103 a planului s\u0103u.<\/p>\r\n\r\n\r\n\r\n<p>Aceste avioane private sunt echipate cu m\u0103suri de siguran\u021b\u0103 inovatoare, cum ar fi sistemul de para\u0219utare Cirrus Airplane Parachute System (CAPS) \u0219i butonul \"Safe Return\", care permite efectuarea unei ateriz\u0103ri de urgen\u021b\u0103 cu pilot automat. Site-ul <a href=\"https:\/\/www.faa.gov\/\" target=\"_blank\" rel=\"noopener\">Administra\u021bia Federal\u0103 a Avia\u021biei<\/a> a trebuit s\u0103 treac\u0103 prin c\u00e2teva etape suplimentare, deoarece aceste capacit\u0103\u021bi sunt at\u00e2t de avansate, \u00eenainte de a-\u0219i da binecuv\u00e2ntarea pentru Vision Jets, ceea ce au \u0219i f\u0103cut \u00een cele din urm\u0103.<\/p>\r\n\r\n\r\n\r\n<p>Cererea de putere de calcul a lui Kane cre\u0219te \u00een paralel cu extinderea bazei sale de clien\u021bi \u0219i a flotei sale de avioane Vision Jets. Pentru a atinge acest obiectiv, el poart\u0103 \u00een prezent discu\u021bii cu echipa Quantum Computing de la IBM pentru a-\u0219i continua activitatea de optimizare.<\/p>\r\n\r\n\r\n\r\n<p>Costul fix actual pentru o singur\u0103 direc\u021bie pentru serviciul VeriJets a fost disponibil \u00een cadrul <a href=\"https:\/\/comparemyjet.com\/ro\/tururi-private\/orlando-private-tours\/\" data-internallinksmanager029f6b8e52c=\"429\" title=\"11 Cele mai bune tururi private \u00een Orlando de la $5.99\">Orlando<\/a>, Florida, \u0219i Aeroportul Santa Maria din California din 2021. Nord-estul Statelor Unite, Canada \u0219i Europa se afl\u0103 pe lista poten\u021bialelor loca\u021bii de extindere.<\/p>\r\n\r\n\r\n\r\n<h2 class=\"wp-block-heading\"><span class=\"ez-toc-section\" id=\"Pricing\"><\/span>Stabilirea pre\u021burilor<span class=\"ez-toc-section-end\"><\/span><\/h2>\r\n\r\n\r\n\r\n<p>Structura actual\u0103 a pre\u021burilor este simpl\u0103. Clien\u021bii pl\u0103tesc un timp de zbor de cel pu\u021bin 60 de minute, la care se adaug\u0103 o acciz\u0103 federal\u0103 de 7,5%, ceea ce \u00eenseamn\u0103 un total de $3.000 pe or\u0103.&nbsp;<\/p>\r\n\r\n\r\n\r\n<h2 class=\"wp-block-heading\"><span class=\"ez-toc-section\" id=\"Company_Jet_Card_Programs\"><\/span>Programe de carduri Jet pentru companii<span class=\"ez-toc-section-end\"><\/span><\/h2>\r\n\r\n\r\n\r\n<figure class=\"wp-block-image size-full is-style-default\"><img loading=\"lazy\" decoding=\"async\" width=\"1000\" height=\"442\" src=\"https:\/\/comparemyjet.com\/wp-content\/uploads\/2022\/09\/little.plane_.in_.the_.hand_.of_.a.businessman.jpg\" alt=\"\" class=\"wp-image-3335\" srcset=\"https:\/\/comparemyjet.com\/wp-content\/uploads\/2022\/09\/little.plane_.in_.the_.hand_.of_.a.businessman-18x8.jpg 18w, https:\/\/comparemyjet.com\/wp-content\/uploads\/2022\/09\/little.plane_.in_.the_.hand_.of_.a.businessman-300x133.jpg 300w, https:\/\/comparemyjet.com\/wp-content\/uploads\/2022\/09\/little.plane_.in_.the_.hand_.of_.a.businessman-768x339.jpg 768w, https:\/\/comparemyjet.com\/wp-content\/uploads\/2022\/09\/little.plane_.in_.the_.hand_.of_.a.businessman.jpg 1000w\" sizes=\"auto, (max-width: 1000px) 100vw, 1000px\" \/><\/figure>\r\n\r\n\r\n\r\n<p>Atunci c\u00e2nd clien\u021bii achizi\u021bioneaz\u0103 un Verijet JetCard, au prioritate la rezerv\u0103ri \u0219i au op\u021biunea de a cump\u0103ra blocuri de timp de zbor de 25, 50 sau 100 de ore. S\u0103 explor\u0103m aceste op\u021biuni.<\/p>\r\n\r\n\r\n\r\n<h3 class=\"wp-block-heading\"><span class=\"ez-toc-section\" id=\"25_Hour_JetCard\"><\/span>25 de ore JetCard<span class=\"ez-toc-section-end\"><\/span><\/h3>\r\n\r\n\r\n\r\n<p>Achizi\u021bionarea cardului de 25 de ore Jet Card cost\u0103 $81.250, iar pre\u021bul orar pentru fiecare zbor este fix de $3.250. Nu exist\u0103 nicio tax\u0103 de membru, astfel \u00eenc\u00e2t pre\u021bul de achizi\u021bie este de fapt un depozit din care se deduce pre\u021bul orar la fiecare zbor.&nbsp;<\/p>\r\n\r\n\r\n\r\n<ul class=\"wp-block-list\"><li>Se pot aplica suprataxe.&nbsp;<\/li><li>Nu exist\u0103 un minim zilnic.&nbsp;<\/li><li>Cardul este valabil timp de un an. Animalele de companie sunt binevenite la bord.&nbsp;<\/li><li>Este necesar\u0103 o or\u0103 minim\u0103 de zbor.&nbsp;<\/li><li>Termenul limit\u0103 de anulare este de 72 de ore \u00eenainte de zbor \u0219i nu exist\u0103 zile de v\u00e2rf.<\/li><\/ul>\r\n\r\n\r\n\r\n<h3 class=\"wp-block-heading\"><span class=\"ez-toc-section\" id=\"50_Hour_JetCard\"><\/span>50 de ore JetCard<span class=\"ez-toc-section-end\"><\/span><\/h3>\r\n\r\n\r\n\r\n<p>Cardul Jet de 50 de ore cost\u0103 $152.500 la achizi\u021bionare, iar pre\u021bul orar pentru fiecare zbor este fix de $3.050.&nbsp;<\/p>\r\n\r\n\r\n\r\n<ul class=\"wp-block-list\"><li>Nu exist\u0103 taxe de membru.&nbsp;<\/li><li>Se pot aplica suprataxe.&nbsp;<\/li><li>Nu exist\u0103 un minim zilnic.&nbsp;<\/li><li>Cardul este valabil timp de 15 luni.<\/li><li>Animalele de companie sunt binevenite la bord.&nbsp;<\/li><li>Este necesar\u0103 o or\u0103 minim\u0103 de zbor.&nbsp;<\/li><li>Termenul limit\u0103 de anulare este de 48 de ore \u00eenainte de zbor \u0219i nu exist\u0103 zile de v\u00e2rf.<\/li><\/ul>\r\n\r\n\r\n\r\n<h3 class=\"wp-block-heading\"><span class=\"ez-toc-section\" id=\"100_Hour_JetCard\"><\/span>100 de ore JetCard<span class=\"ez-toc-section-end\"><\/span><\/h3>\r\n\r\n\r\n\r\n<p>Cardul Jet de 50 de ore cost\u0103 $275.000 la achizi\u021bionare, iar pre\u021bul orar pentru fiecare zbor este fix de $2.750.&nbsp;<\/p>\r\n\r\n\r\n\r\n<ul class=\"wp-block-list\"><li>Nu se percepe nicio tax\u0103 de membru.&nbsp;<\/li><li>Se pot aplica suprataxe.&nbsp;<\/li><li>Exist\u0103 un minim zilnic.&nbsp;<\/li><li>Cardul este valabil timp de 18 luni.&nbsp;<\/li><li>Animalele de companie sunt binevenite la bord.&nbsp;<\/li><li>Este necesar\u0103 o or\u0103 minim\u0103 de zbor.&nbsp;<\/li><li>Termenul limit\u0103 de anulare este de 120 de ore \u00eenainte de zbor \u0219i f\u0103r\u0103 zile de v\u00e2rf.<\/li><\/ul>\r\n\r\n\r\n\r\n<p>Pute\u021bi s\u0103 vede\u021bi compara\u021bia cardurilor de avion unul l\u00e2ng\u0103 altul \u0219i s\u0103 face\u021bi o rezervare la urm\u0103toarele <a href=\"https:\/\/www.verijet.com\/Verijet-JetCard\" target=\"_blank\" rel=\"noopener\">link<\/a>.<\/p>\r\n\r\n\r\n\r\n<h2 class=\"wp-block-heading\"><span class=\"ez-toc-section\" id=\"The_Fleet\"><\/span>Flota&nbsp;<span class=\"ez-toc-section-end\"><\/span><\/h2>\r\n\r\n\r\n\r\n<figure class=\"wp-block-image is-style-default\"><img decoding=\"async\" src=\"https:\/\/comparemyjet.com\/wp-content\/uploads\/ccVHG_SOHNe_ne2YdOrnGlWyXNclOSUinAFhoJmSXeT1HEmx4_1GOoLo9bqXbbqWticFT5_gfpez-U2nynnVY1wK9aDdTTij7wffVow9ytmtX1sM-S9ozw2of6wQiRhT6xGbMrqx6IOtteUpDLtWJRQd3QDb9JnlE6RZlXwhUIBVNHG1dIz8FBQHUA.jpg\" alt=\"\"\/><\/figure>\r\n\r\n\r\n\r\n<p>Cirrus SF-50 Vision Jet este propulsat de un singur motor de rachet\u0103 de croazier\u0103. Acest lucru face posibil ca avioanele s\u0103 zboare la joas\u0103 \u00een\u0103l\u021bime \u0219i \u00eencet, l\u0103s\u00e2nd \u00een urm\u0103 doar o nou\u0103zecime din emisiile de carbon pe care le produce un avion privat obi\u0219nuit. Deoarece avioanele Vision Jets sunt capabile s\u0103 ard\u0103 patru tipuri diferite de biocombustibil, acestea pot efectua zboruri complet lipsite de emisii de carbon.<\/p>\r\n\r\n\r\n\r\n<p>Cu toate acestea, beneficiile de mediu ale acestor elemente nu sunt singurul motiv pentru care sunt de dorit. De asemenea, ele fac posibil\u0103 operarea Verijet \u00een numeroase aeroporturi, ceea ce accelereaz\u0103 procesul de transport al clien\u021bilor c\u0103tre destina\u021biile lor finale.<\/p>\r\n\r\n\r\n\r\n<h4 class=\"wp-block-heading\"><span class=\"ez-toc-section\" id=\"Characteristics_of_The_Cirrus_SF-50_Vision_Jet\"><\/span>Caracteristicile avionului Cirrus SF-50 Vision Jet<span class=\"ez-toc-section-end\"><\/span><\/h4>\r\n\r\n\r\n\r\n<p>Aeronava Cirrus Aircraft Vision Jet este produsul unor eforturi ne\u00eencetate de cercetare \u0219i dezvoltare. Performan\u021bele sale sunt excep\u021bionale \u0219i este u\u0219or de pilotat \u0219i de \u00eentre\u021binut. Vision Jet a primit numeroase laude \u0219i recunoa\u0219teri, inclusiv trofeul Robert J. Collier.&nbsp;<\/p>\r\n\r\n\r\n\r\n<p>Structura din fibr\u0103 de carbon ofer\u0103 o senza\u021bie de spa\u021biu \u00een interiorul aeronavei, cu un spa\u021biu surprinz\u0103tor de mare pentru cap \u0219i umeri \u0219i ferestre largi. Cabina a fost proiectat\u0103 pentru a fi cea mai mare din categoria sa.<\/p>\r\n\r\n\r\n\r\n<p>Ecranul de divertisment poate fi conectat la majoritatea dispozitivelor, iar consola central\u0103 poate fi transformat\u0103 \u00eentr-un loc de munc\u0103 contemporan pe care pasagerii \u00eel pot utiliza.<\/p>\r\n\r\n\r\n\r\n<p>Conexiunea WiFi este asigurat\u0103 de Gogo InFlight Wi-Fi, iar avantajul suplimentar al porturilor USB-C permite pasagerilor s\u0103 \u00ee\u0219i \u00eencarce \u00een continuare gadgeturile electronice \u00een timp ce se afl\u0103 \u00een aer.<\/p>\r\n\r\n\r\n\r\n<p>\u00cen plus, jeturile sunt fabricate \u00eentr-o palet\u0103 extins\u0103 de culori pentru a se adapta la orice dorin\u021b\u0103 estetic\u0103, stilizate cu accesorii de interior \u0219i tapi\u021berie din piele de lux. Pasagerii beneficiaz\u0103 de un plus de versatilitate, cu un total de 28 de aranjamente diferite ale scaunelor, datorit\u0103 faptului c\u0103 fiecare scaun din cabin\u0103 este complet modular \u0219i poate fi \u00eendep\u0103rtat f\u0103r\u0103 efort, dac\u0103 este necesar.<\/p>\r\n\r\n\r\n\r\n<p>Specifica\u021bii:<\/p>\r\n\r\n\r\n\r\n<ul class=\"wp-block-list\"><li>Pasageri: 7;<\/li><li>Lungime total\u0103: 30 ft 7 in;&nbsp;<\/li><li>Anvergura aripilor: 38 ft 7 in;&nbsp;<\/li><li>\u00cen\u0103l\u021bime maxim\u0103: 3,5 m (10 ft 9 in);<\/li><li>\u00cen\u0103l\u021bimea cabinei: 4 ft 1 in;<\/li><li>L\u0103\u021bimea cabinei: 5 ft 1 in;&nbsp;<\/li><li>Rata de urcare: 1.609 ft\/min;<\/li><li>Viteza maxim\u0103 de croazier\u0103: 311 ktas;<\/li><li>Distan\u021ba maxim\u0103 de zbor: 1.275 nm;<\/li><li>Ferestre panoramice;<\/li><li>Cabin\u0103 presurizat\u0103;<\/li><li>Controlul climatiz\u0103rii \u00een spate;<\/li><li>Iluminat de accent<\/li><\/ul>\r\n\r\n\r\n\r\n<h2 class=\"wp-block-heading\"><span class=\"ez-toc-section\" id=\"Company_Safety_Policy_and_Standards\"><\/span>Politica \u0219i standardele de siguran\u021b\u0103 ale companiei<span class=\"ez-toc-section-end\"><\/span><\/h2>\r\n\r\n\r\n\r\n<p>\u00cen timpul epidemiei COVID-19, s-a efectuat o igienizare complet\u0103 a avionului at\u00e2t \u00eenainte, c\u00e2t \u0219i dup\u0103 decolare. Pasagerii s\u0103i au declarat c\u0103 s-au sim\u021bit excep\u021bional de \u00een siguran\u021b\u0103 pe tot parcursul zborului, iar amprenta de carbon a fost de o nou\u0103ime din cea a unui avion cu reac\u021bie de dimensiuni medii.<\/p>\r\n\r\n\r\n\r\n<p>Aeronava pe care o ofer\u0103 VeriJet are un sistem de para\u0219utare Cirrus Airframe Parachute System \u0219i o aterizare automat\u0103 de urgen\u021b\u0103 Safe ReturnTM. Auto-aterizarea de urgen\u021b\u0103 Safe Return ofer\u0103 o nou\u0103 op\u021biune de protejare a pasagerilor, permi\u021b\u00e2nd pilo\u021bilor s\u0103 aterizeze avionul \u00een caz de urgen\u021b\u0103 prin simpla ap\u0103sare a unui buton. Acest lucru face din autoland\u0103 o completare excelent\u0103 pentru Vision Jet.<\/p>\r\n\r\n\r\n\r\n<h2 class=\"wp-block-heading\"><span class=\"ez-toc-section\" id=\"Pilots\"><\/span>Pilo\u021bi<span class=\"ez-toc-section-end\"><\/span><\/h2>\r\n\r\n\r\n\r\n<figure class=\"wp-block-image size-full is-style-default\"><img loading=\"lazy\" decoding=\"async\" width=\"1000\" height=\"667\" src=\"https:\/\/comparemyjet.com\/wp-content\/uploads\/2022\/09\/pilot.boarding.on_.a.private.jet_.jpg\" alt=\"\" class=\"wp-image-3231\" srcset=\"https:\/\/comparemyjet.com\/wp-content\/uploads\/2022\/09\/pilot.boarding.on_.a.private.jet_-18x12.jpg 18w, https:\/\/comparemyjet.com\/wp-content\/uploads\/2022\/09\/pilot.boarding.on_.a.private.jet_-300x200.jpg 300w, https:\/\/comparemyjet.com\/wp-content\/uploads\/2022\/09\/pilot.boarding.on_.a.private.jet_-768x512.jpg 768w, https:\/\/comparemyjet.com\/wp-content\/uploads\/2022\/09\/pilot.boarding.on_.a.private.jet_.jpg 1000w\" sizes=\"auto, (max-width: 1000px) 100vw, 1000px\" \/><\/figure>\r\n\r\n\r\n\r\n<p>Fiecare avion Vision Jet este prev\u0103zut standard cu o experien\u021b\u0103 de preg\u0103tire a pilo\u021bilor de prim\u0103 clas\u0103 la Vision Center Campus.<\/p>\r\n\r\n\r\n\r\n<h2 class=\"wp-block-heading\"><span class=\"ez-toc-section\" id=\"Partnerships\"><\/span>Parteneriate<span class=\"ez-toc-section-end\"><\/span><\/h2>\r\n\r\n\r\n\r\n<p>Coflyt este un software inteligent de avia\u021bie care ofer\u0103 proprietarilor de aeronave, companiilor \u0219i organiza\u021biilor de avia\u021bie lini\u0219tea de care au nevoie pentru a-\u0219i opera aeronavele.&nbsp;<\/p>\r\n\r\n\r\n\r\n<p>Coflyt a fost dezvoltat de pilo\u021bi pentru a face mai eficient\u0103 proprietatea asupra aeronavelor. Printre altele, centralizeaz\u0103 \u00eenregistr\u0103rile de zbor, men\u021bine h\u0103r\u021bile de zbor, analizeaz\u0103 performan\u021ba, afi\u0219eaz\u0103 disponibilitatea aeronavelor, ofer\u0103 actualiz\u0103ri ale statutului aeronavelor \u0219i furnizorilor de piese \u0219i simplific\u0103 pl\u0103\u021bile. Flota VeriJet Cirrus este gestionat\u0103 cu <a href=\"https:\/\/coflyt.com\/verijet\/\" target=\"_blank\" rel=\"noopener\">Coflyt<\/a>, \u0219i utilizeaz\u0103 inteligen\u021b\u0103 artificial\u0103 \u0219i tehnologie informatic\u0103 brevetat\u0103, de top \u00een domeniu.<\/p>\r\n\r\n\r\n\r\n<h2 class=\"wp-block-heading\"><span class=\"ez-toc-section\" id=\"Conclusion\"><\/span>Concluzie<span class=\"ez-toc-section-end\"><\/span><\/h2>\r\n\r\n\r\n\r\n<p>Potrivit lui Richard Kane, atunci c\u00e2nd un client folose\u0219te Verijet pentru a c\u0103uta o c\u0103l\u0103torie privat\u0103, compania este capabil\u0103 s\u0103 \u00eei ofere imediat o ofert\u0103 \u0219i s\u0103 \u00eei r\u0103spund\u0103 imediat la \u00eentreb\u0103ri. Inteligen\u021ba artificial\u0103 a verificat deja c\u0103 totul este sigur, legitim \u0219i livrabil, iar pre\u021burile au fost stabilite \u00een piatr\u0103. Datorit\u0103 acestei posibilit\u0103\u021bi, zborurile private sunt acum disponibile pentru toat\u0103 lumea \u00eentr-un mod care nu era posibil \u00een trecut.<\/p>","protected":false},"excerpt":{"rendered":"<p>Verijet este o companie aerian\u0103 inovatoare, care se distinge de al\u021bi furnizori de avioane charter private printr-o serie de criterii, majoritatea dintre acestea put\u00e2nd fi atribuite flotei de avioane Cirrus SF-50 Vision Jets a companiei. Compania a fost \u00eenfiin\u021bat\u0103 \u00een 2020, iar birourile sale principale se afl\u0103 \u00een Vero Beach, Florida. Efectueaz\u0103 zboruri ...<\/p>","protected":false},"author":1,"featured_media":3564,"parent":0,"menu_order":0,"comment_status":"closed","ping_status":"closed","template":"","meta":{"_acf_changed":false,"_genesis_hide_title":false,"_genesis_hide_breadcrumbs":false,"_genesis_hide_singular_image":false,"_genesis_hide_footer_widgets":false,"_genesis_custom_body_class":"","_genesis_custom_post_class":"","_genesis_layout":"","footnotes":""},"class_list":{"1":"page","2":"type-page","6":"entry"},"acf":[],"_links":{"self":[{"href":"https:\/\/comparemyjet.com\/ro\/wp-json\/wp\/v2\/pages\/3559","targetHints":{"allow":["GET"]}}],"collection":[{"href":"https:\/\/comparemyjet.com\/ro\/wp-json\/wp\/v2\/pages"}],"about":[{"href":"https:\/\/comparemyjet.com\/ro\/wp-json\/wp\/v2\/types\/page"}],"author":[{"embeddable":true,"href":"https:\/\/comparemyjet.com\/ro\/wp-json\/wp\/v2\/users\/1"}],"replies":[{"embeddable":true,"href":"https:\/\/comparemyjet.com\/ro\/wp-json\/wp\/v2\/comments?post=3559"}],"version-history":[{"count":3,"href":"https:\/\/comparemyjet.com\/ro\/wp-json\/wp\/v2\/pages\/3559\/revisions"}],"predecessor-version":[{"id":9415,"href":"https:\/\/comparemyjet.com\/ro\/wp-json\/wp\/v2\/pages\/3559\/revisions\/9415"}],"wp:featuredmedia":[{"embeddable":true,"href":"https:\/\/comparemyjet.com\/ro\/wp-json\/wp\/v2\/media\/3564"}],"wp:attachment":[{"href":"https:\/\/comparemyjet.com\/ro\/wp-json\/wp\/v2\/media?parent=3559"}],"curies":[{"name":"wp","href":"https:\/\/api.w.org\/{rel}","templated":true}]}}