{"id":3599,"date":"2022-10-22T21:32:51","date_gmt":"2022-10-22T21:32:51","guid":{"rendered":"https:\/\/comparemyjet.com\/?page_id=3599"},"modified":"2025-09-04T09:58:16","modified_gmt":"2025-09-04T09:58:16","slug":"costco-private-jet","status":"publish","type":"page","link":"https:\/\/comparemyjet.com\/ro\/costco-private-jet\/","title":{"rendered":"Costco Private Jet Pre\u021buri de zbor cu jet privat"},"content":{"rendered":"<p>Multina\u021bionala american\u0103 <a href=\"https:\/\/www.costco.com\/\" target=\"_blank\" rel=\"noopener\">Costco Wholesale Corporation<\/a> organizeaz\u0103 un club exclusivist de v\u00e2nzare cu am\u0103nuntul pentru membrii s\u0103i. Dar Costco este mai mult dec\u00e2t prosoape de h\u00e2rtie ieftine, ulei de in \u0219i mozzarella.&nbsp;<\/p>\r\n\r\n\r\n\r\n<p>\u00cen 2020, angrosistul a \u00eenceput s\u0103 ofere oferte de abonament anual pentru programele de avioane private, ca parte a parteneriatului cu <a href=\"https:\/\/comparemyjet.com\/ro\/pe-roti\/\" data-internallinksmanager029f6b8e52c=\"73\" title=\"Pre\u021burile de membru Wheels Up\">Ro\u021bi \u00een sus<\/a>.&nbsp;<\/p>\r\n\r\n\r\n\r\n<p>\u00cen acest articol, vom explora modul \u00een care func\u021bioneaz\u0103 acest parteneriat \u0219i cum pute\u021bi achizi\u021biona un zbor cu avion privat de la Costco. Trebuie doar s\u0103 men\u021bion\u0103m c\u0103 nu exist\u0103 nicio informa\u021bie nou\u0103 despre acest lucru, astfel \u00eenc\u00e2t parteneriatul pare acum s\u0103 se fi \u00eencheiat sau s\u0103 fie \u00een a\u0219teptare. Acestea fiind spuse, nu se \u0219tie niciodat\u0103 c\u00e2nd un produs popular va reveni pe rafturi, a\u0219a c\u0103 haide\u021bi s\u0103 \u00eel explor\u0103m mai \u00een detaliu.<\/p>\r\n\r\n\r\n\r\n<div id=\"ez-toc-container\" class=\"ez-toc-v2_0_76 counter-hierarchy ez-toc-counter ez-toc-grey ez-toc-container-direction\">\n<p class=\"ez-toc-title\" style=\"cursor:inherit\">Subiecte<\/p>\n<label for=\"ez-toc-cssicon-toggle-item-69dbcd8258329\" class=\"ez-toc-cssicon-toggle-label\"><span class=\"\"><span class=\"eztoc-hide\" style=\"display:none;\">Toggle<\/span><span class=\"ez-toc-icon-toggle-span\"><svg style=\"fill: #999;color:#999\" xmlns=\"http:\/\/www.w3.org\/2000\/svg\" class=\"list-377408\" width=\"20px\" height=\"20px\" viewbox=\"0 0 24 24\" fill=\"none\"><path d=\"M6 6H4v2h2V6zm14 0H8v2h12V6zM4 11h2v2H4v-2zm16 0H8v2h12v-2zM4 16h2v2H4v-2zm16 0H8v2h12v-2z\" fill=\"currentColor\"><\/path><\/svg><svg style=\"fill: #999;color:#999\" class=\"arrow-unsorted-368013\" xmlns=\"http:\/\/www.w3.org\/2000\/svg\" width=\"10px\" height=\"10px\" viewbox=\"0 0 24 24\" version=\"1.2\" baseprofile=\"tiny\"><path d=\"M18.2 9.3l-6.2-6.3-6.2 6.3c-.2.2-.3.4-.3.7s.1.5.3.7c.2.2.4.3.7.3h11c.3 0 .5-.1.7-.3.2-.2.3-.5.3-.7s-.1-.5-.3-.7zM5.8 14.7l6.2 6.3 6.2-6.3c.2-.2.3-.5.3-.7s-.1-.5-.3-.7c-.2-.2-.4-.3-.7-.3h-11c-.3 0-.5.1-.7.3-.2.2-.3.5-.3.7s.1.5.3.7z\"\/><\/svg><\/span><\/span><\/label><input type=\"checkbox\"  id=\"ez-toc-cssicon-toggle-item-69dbcd8258329\" checked aria-label=\"Toggle\" \/><nav><ul class='ez-toc-list ez-toc-list-level-1' ><li class='ez-toc-page-1 ez-toc-heading-level-2'><a class=\"ez-toc-link ez-toc-heading-1\" href=\"https:\/\/comparemyjet.com\/ro\/costco-private-jet\/#About_the_Company\" >Despre companie<\/a><\/li><li class='ez-toc-page-1 ez-toc-heading-level-2'><a class=\"ez-toc-link ez-toc-heading-2\" href=\"https:\/\/comparemyjet.com\/ro\/costco-private-jet\/#Membership_Programs\" >Programe de membru<\/a><\/li><li class='ez-toc-page-1 ez-toc-heading-level-2'><a class=\"ez-toc-link ez-toc-heading-3\" href=\"https:\/\/comparemyjet.com\/ro\/costco-private-jet\/#Pricing\" >Stabilirea pre\u021burilor<\/a><\/li><li class='ez-toc-page-1 ez-toc-heading-level-2'><a class=\"ez-toc-link ez-toc-heading-4\" href=\"https:\/\/comparemyjet.com\/ro\/costco-private-jet\/#The_Fleet\" >Flota&nbsp;<\/a><\/li><li class='ez-toc-page-1 ez-toc-heading-level-2'><a class=\"ez-toc-link ez-toc-heading-5\" href=\"https:\/\/comparemyjet.com\/ro\/costco-private-jet\/#Company_Safety_Policy_and_Standards\" >Politica \u0219i standardele de siguran\u021b\u0103 ale companiei<\/a><\/li><li class='ez-toc-page-1 ez-toc-heading-level-2'><a class=\"ez-toc-link ez-toc-heading-6\" href=\"https:\/\/comparemyjet.com\/ro\/costco-private-jet\/#Conclusion\" >Concluzie<\/a><\/li><\/ul><\/nav><\/div>\n<h2 class=\"wp-block-heading\"><span class=\"ez-toc-section\" id=\"About_the_Company\"><\/span>Despre companie<span class=\"ez-toc-section-end\"><\/span><\/h2>\r\n\r\n\r\n\r\n<figure class=\"wp-block-image size-full is-style-default\"><img loading=\"lazy\" decoding=\"async\" width=\"1000\" height=\"667\" src=\"https:\/\/comparemyjet.com\/wp-content\/uploads\/2022\/10\/costco.wholesale.jpg\" alt=\"\" class=\"wp-image-3600\" srcset=\"https:\/\/comparemyjet.com\/wp-content\/uploads\/2022\/10\/costco.wholesale-18x12.jpg 18w, https:\/\/comparemyjet.com\/wp-content\/uploads\/2022\/10\/costco.wholesale-300x200.jpg 300w, https:\/\/comparemyjet.com\/wp-content\/uploads\/2022\/10\/costco.wholesale-768x512.jpg 768w, https:\/\/comparemyjet.com\/wp-content\/uploads\/2022\/10\/costco.wholesale.jpg 1000w\" sizes=\"auto, (max-width: 1000px) 100vw, 1000px\" \/><\/figure>\r\n\r\n\r\n\r\n<p>Dac\u0103 nu a\u021bi mai intrat niciodat\u0103 \u00eentr-un Costco, v\u0103 voi spune cum st\u0103 treaba: este un gigant al comer\u021bului cu am\u0103nuntul unde clien\u021bii pot ob\u021bine un abonament anual contra cost pentru a avea acces la reduceri uria\u0219e la tot felul de produse.&nbsp;<\/p>\r\n\r\n\r\n\r\n<p>Costco este renumit pentru depozitele sale uria\u0219e \u00een care pute\u021bi g\u0103si aproape orice ave\u021bi nevoie. Magazinul original, care a debutat \u00een 1976 sub numele de Price Club, a fost un hangar de avia\u021bie recondi\u021bionat \u00een <a href=\"https:\/\/comparemyjet.com\/ro\/tururi-private\/san-diego-private-tours\/\" data-internallinksmanager029f6b8e52c=\"435\" title=\"11 cele mai bune tururi private \u00een San Diego de la $64.50\">San Diego<\/a>. \u00cen prezent, acest retailer multina\u021bional are o valoare de pia\u021b\u0103 de miliarde de euro \u0219i este prezent \u00een opt \u021b\u0103ri. Dar cum ofer\u0103 chartere private?<\/p>\r\n\r\n\r\n\r\n<p>Acolo este locul unde <a href=\"https:\/\/comparemyjet.com\/ro\/pe-roti\/\">Ro\u021bi \u00een sus<\/a>, un cunoscut furnizor de servicii de avioane private, intervine. Wheels Up este un furnizor de zboruri charter pe baz\u0103 de membru, \u00eenfiin\u021bat \u00een 2013. \u00cen 2014, organiza\u021bia avea peste o mie de clien\u021bi pl\u0103titori \u0219i o flot\u0103 de <a href=\"https:\/\/comparemyjet.com\/ro\/cessna\/\" data-internallinksmanager029f6b8e52c=\"145\" title=\"Ghidul final pentru avioanele private Cessna \u0219i aeronavele private\">Cessna<\/a> Avioane cu reac\u021bie Citation \u0219i aeronave cu turbopropulsoare King Air 105i. \u00cen prezent, ofer\u0103 avioane private u\u0219oare p\u00e2n\u0103 la grele, \u00eentr-o flot\u0103 de aproximativ 1.500 de aeronave.<\/p>\r\n\r\n\r\n\r\n<p>Wheels Up a \u00eencheiat un parteneriat cu Costco \u00een 2020 pentru a le oferi membrilor Costco acces la abonamente la avioane private.<\/p>\r\n\r\n\r\n\r\n<h2 class=\"wp-block-heading\"><span class=\"ez-toc-section\" id=\"Membership_Programs\"><\/span>Programe de membru<span class=\"ez-toc-section-end\"><\/span><\/h2>\r\n\r\n\r\n\r\n<p>Mul\u021bi oameni au \u00eenceput s\u0103 evite zborurile comerciale ca urmare a epidemiei de Covid-19, motiv pentru care abonamentele la avioane private, un lux adesea rezervat celor boga\u021bi, au devenit mai populare \u00een r\u00e2ndul pasagerilor.&nbsp;<\/p>\r\n\r\n\r\n\r\n<p>Costco Private Jet sunt un exemplu al acestei tendin\u021be. Haide\u021bi s\u0103 vedem dac\u0103 este o idee bun\u0103 s\u0103 folosi\u021bi gigantul angro pentru a rezerva un avion privat.&nbsp;<\/p>\r\n\r\n\r\n\r\n<p>Avantajele abonamentului Costco pentru avioane private includ un tarif orar fix, disponibilitate garantat\u0103 \u0219i reduceri.<\/p>\r\n\r\n\r\n\r\n<p>Cu toate acestea, nu merit\u0103 dac\u0103 inten\u021biona\u021bi s\u0103 \u00eel folosi\u021bi doar pentru una sau dou\u0103 c\u0103l\u0103torii cu avionul privat pe an. Doar cei care c\u0103l\u0103toresc frecvent vor ob\u021bine un randament al investi\u021biei din acest abonament.&nbsp;<\/p>\r\n\r\n\r\n\r\n<p>Programul de abonament pentru avioane cu reac\u021bie include un abonament gratuit de un an la serviciul de avioane private Wheels Up. Pe l\u00e2ng\u0103 faptul c\u0103 beneficiaz\u0103 de disponibilitatea asigurat\u0103 a aeronavelor \u00een toat\u0103 \u021bara timp de p\u00e2n\u0103 la 365 de zile, membrii vor primi \u0219i un abonament de un an la Inspirato, o companie specializat\u0103 \u00een oferirea de cazare de lux pentru vacan\u021be.&nbsp;<\/p>\r\n\r\n\r\n\r\n<p>Pentru a rezerva un zbor, membrii sunt obliga\u021bi s\u0103 anun\u021be cu cel pu\u021bin 24 de ore \u00eenainte.<\/p>\r\n\r\n\r\n\r\n<h2 class=\"wp-block-heading\"><span class=\"ez-toc-section\" id=\"Pricing\"><\/span>Stabilirea pre\u021burilor<span class=\"ez-toc-section-end\"><\/span><\/h2>\r\n\r\n\r\n\r\n<p>Cotiza\u021bia anual\u0103 de membru al programului cost\u0103 \u00een jur de $17.500. Pachetul de membru include acces la evenimente private, $3.500 de credite pentru cump\u0103r\u0103turi la Costco, $4.000 de credite pentru bilete de avion \u0219i alte avantaje.<\/p>\r\n\r\n\r\n\r\n<p>Taxa nu acoper\u0103 costul zborurilor efective \u0219i ofer\u0103 acces la Wheels Up doar pentru rezervarea zborurilor. Membrii pot aranja un zbor charter prin intermediul Wheels Up cu oricare dintre cele 300 de aeronave ale companiei sau cu cele 1.250 de aeronave partenere \u0219i pot pl\u0103ti pentru zbor dup\u0103 ce acesta a fost programat.<\/p>\r\n\r\n\r\n\r\n<h2 class=\"wp-block-heading\"><span class=\"ez-toc-section\" id=\"The_Fleet\"><\/span>Flota&nbsp;<span class=\"ez-toc-section-end\"><\/span><\/h2>\r\n\r\n\r\n\r\n<figure class=\"wp-block-image size-full is-style-default\"><img loading=\"lazy\" decoding=\"async\" width=\"1000\" height=\"750\" src=\"https:\/\/comparemyjet.com\/wp-content\/uploads\/2022\/10\/costco.wheelsup.jpg\" alt=\"Costco Private Jet\" class=\"wp-image-3601\" srcset=\"https:\/\/comparemyjet.com\/wp-content\/uploads\/2022\/10\/costco.wheelsup-16x12.jpg 16w, https:\/\/comparemyjet.com\/wp-content\/uploads\/2022\/10\/costco.wheelsup-300x225.jpg 300w, https:\/\/comparemyjet.com\/wp-content\/uploads\/2022\/10\/costco.wheelsup-400x300.jpg 400w, https:\/\/comparemyjet.com\/wp-content\/uploads\/2022\/10\/costco.wheelsup-768x576.jpg 768w, https:\/\/comparemyjet.com\/wp-content\/uploads\/2022\/10\/costco.wheelsup-800x600.jpg 800w, https:\/\/comparemyjet.com\/wp-content\/uploads\/2022\/10\/costco.wheelsup.jpg 1000w\" sizes=\"auto, (max-width: 1000px) 100vw, 1000px\" \/><\/figure>\r\n\r\n\r\n\r\n<p>Wheels Up are propria flot\u0103 de aeronave \u0219i \u00eenchiriaz\u0103, de asemenea, avioane private de la companii de renume. \u00cen linii mari, \u00een proprietate sau \u00een leasing, Wheels Up gestioneaz\u0103 aproximativ 1.500 de avioane cu reac\u021bie.<\/p>\r\n\r\n\r\n\r\n<p>Corpora\u021bia men\u021bine o politic\u0103 de disponibilitate garantat\u0103, cu anumite scutiri limitate \u00een func\u021bie de programul respectiv.<\/p>\r\n\r\n\r\n\r\n<p>Turbopropulsoare, aeronave u\u0219oare, medii, supermijlocii \u0219i mari fac parte din flota de\u021binut\u0103 sau administrat\u0103 de Wheels Up. Pute\u021bi citi mai multe detalii \u00een pagina noastr\u0103 <a href=\"https:\/\/comparemyjet.com\/ro\/pe-roti\/\">Wheels Up recenzie<\/a>.<\/p>\r\n\r\n\r\n\r\n<h2 class=\"wp-block-heading\"><span class=\"ez-toc-section\" id=\"Company_Safety_Policy_and_Standards\"><\/span>Politica \u0219i standardele de siguran\u021b\u0103 ale companiei<span class=\"ez-toc-section-end\"><\/span><\/h2>\r\n\r\n\r\n\r\n<p>Wheels Up este una dintre pu\u021binele companii de avioane private din industrie care efectueaz\u0103 evalu\u0103ri \u0219i audituri la fa\u021ba locului pentru fiecare operator \u0219i aeronav\u0103 partener\u0103, ca parte a procesului de verificare \u0219i asigurare a calit\u0103\u021bii. Wheels Up certific\u0103 doar 90 din cei 2.000 de operatori din SUA pentru a asigura transportul aerian pentru membrii \u0219i clien\u021bii s\u0103i.&nbsp;<\/p>\r\n\r\n\r\n\r\n<p>Datorit\u0103 standardelor lor \u00eenalte, angajeaz\u0103 doar cei mai califica\u021bi angaja\u021bi, garant\u00e2nd at\u00e2t calitatea, c\u00e2t \u0219i siguran\u021ba. Pilo\u021bii angaja\u021bi de Wheels Up se num\u0103r\u0103 printre cei mai buni din domeniu \u0219i beneficiaz\u0103 de o preg\u0103tire intensiv\u0103 pentru a-\u0219i men\u021bine acest statut.<\/p>\r\n\r\n\r\n\r\n<p>Toate avioanele partenere Wheels Up sunt pilotate de companii de top din domeniul avia\u021biei, printre care <a href=\"https:\/\/comparemyjet.com\/ro\/delta-private-jets\/\" data-internallinksmanager029f6b8e52c=\"184\" title=\"Pre\u021burile de membru Delta Private Jets\">Delta Private Jets<\/a>Gama Aviation, Gama Aviation, Mountain Aviation, TMC Jets \u0219i filialele acestora.<\/p>\r\n\r\n\r\n\r\n<p>\u00cen plus, Wheels Up pretinde \"siguran\u021b\u0103 f\u0103r\u0103 constr\u00e2ngeri\" pentru pasagerii s\u0103i, f\u0103c\u00e2nd controale de temperatur\u0103 de dou\u0103 ori pe zi pentru membrii echipajului, cur\u0103\u021b\u00e2nd \u0219i dezinfect\u00e2nd \u00een mod regulat \u00eentre zboruri \u0219i ventil\u00e2nd interiorul aeronavelor.<\/p>\r\n\r\n\r\n\r\n<h2 class=\"wp-block-heading\"><span class=\"ez-toc-section\" id=\"Conclusion\"><\/span>Concluzie<span class=\"ez-toc-section-end\"><\/span><\/h2>\r\n\r\n\r\n\r\n<figure class=\"wp-block-image size-full is-style-default\"><img loading=\"lazy\" decoding=\"async\" width=\"1000\" height=\"668\" src=\"https:\/\/comparemyjet.com\/wp-content\/uploads\/2022\/10\/membership.jpg\" alt=\"\" class=\"wp-image-3602\" srcset=\"https:\/\/comparemyjet.com\/wp-content\/uploads\/2022\/10\/membership-18x12.jpg 18w, https:\/\/comparemyjet.com\/wp-content\/uploads\/2022\/10\/membership-300x200.jpg 300w, https:\/\/comparemyjet.com\/wp-content\/uploads\/2022\/10\/membership-768x513.jpg 768w, https:\/\/comparemyjet.com\/wp-content\/uploads\/2022\/10\/membership.jpg 1000w\" sizes=\"auto, (max-width: 1000px) 100vw, 1000px\" \/><\/figure>\r\n\r\n\r\n\r\n<p>V\u0103 pute\u021bi \u00eenscrie \u00een programul de membru al Costco pentru avioane private pentru a beneficia de serviciul de rezervare de zboruri garantat de Wheels Up. Calitatea de membru v\u0103 permite s\u0103 rezerva\u021bi zboruri la un cost orar fix. Se pare \u00eens\u0103 c\u0103 aceast\u0103 colaborare a luat sf\u00e2r\u0219it. Niciuna dintre paginile web nu ofer\u0103 informa\u021bii utile.<\/p>\r\n\r\n\r\n\r\n<p>Are sens s\u0103 v\u0103 \u00eenscrie\u021bi pentru un abonament la un avion privat la Costco dac\u0103 acesta va fi din nou disponibil?<\/p>\r\n\r\n\r\n\r\n<p>R\u0103spunsul la aceast\u0103 \u00eentrebare r\u0103m\u00e2ne la latitudinea cump\u0103r\u0103torului. \u00cei sf\u0103tuim pe cei care zboar\u0103 cu avioane private s\u0103 \u00ee\u0219i analizeze op\u021biunile \u0219i s\u0103 compare companiile \u00eenainte de a lua o decizie final\u0103.<\/p>","protected":false},"excerpt":{"rendered":"<p>Multina\u021bionala american\u0103 Costco Wholesale Corporation administreaz\u0103 un club de v\u00e2nzare cu am\u0103nuntul exclusivist pentru membrii s\u0103i. Dar Costco este mai mult dec\u00e2t prosoape de h\u00e2rtie ieftine, ulei de in \u0219i mozzarella.  \u00cen 2020, angrosistul a \u00eenceput s\u0103 ofere oferte de abonament anual pentru programe de avioane private, ca parte a parteneriatului cu Wheels Up.  \u00cen acest articol, vom explora modul \u00een care aceast\u0103 ...<\/p>","protected":false},"author":2,"featured_media":0,"parent":0,"menu_order":0,"comment_status":"closed","ping_status":"closed","template":"","meta":{"_acf_changed":false,"_genesis_hide_title":false,"_genesis_hide_breadcrumbs":false,"_genesis_hide_singular_image":false,"_genesis_hide_footer_widgets":false,"_genesis_custom_body_class":"","_genesis_custom_post_class":"","_genesis_layout":"","footnotes":""},"class_list":{"1":"page","2":"type-page","5":"entry"},"acf":[],"_links":{"self":[{"href":"https:\/\/comparemyjet.com\/ro\/wp-json\/wp\/v2\/pages\/3599","targetHints":{"allow":["GET"]}}],"collection":[{"href":"https:\/\/comparemyjet.com\/ro\/wp-json\/wp\/v2\/pages"}],"about":[{"href":"https:\/\/comparemyjet.com\/ro\/wp-json\/wp\/v2\/types\/page"}],"author":[{"embeddable":true,"href":"https:\/\/comparemyjet.com\/ro\/wp-json\/wp\/v2\/users\/2"}],"replies":[{"embeddable":true,"href":"https:\/\/comparemyjet.com\/ro\/wp-json\/wp\/v2\/comments?post=3599"}],"version-history":[{"count":3,"href":"https:\/\/comparemyjet.com\/ro\/wp-json\/wp\/v2\/pages\/3599\/revisions"}],"predecessor-version":[{"id":3619,"href":"https:\/\/comparemyjet.com\/ro\/wp-json\/wp\/v2\/pages\/3599\/revisions\/3619"}],"wp:attachment":[{"href":"https:\/\/comparemyjet.com\/ro\/wp-json\/wp\/v2\/media?parent=3599"}],"curies":[{"name":"wp","href":"https:\/\/api.w.org\/{rel}","templated":true}]}}