{"id":3604,"date":"2022-10-22T21:32:48","date_gmt":"2022-10-22T21:32:48","guid":{"rendered":"https:\/\/comparemyjet.com\/?page_id=3604"},"modified":"2025-09-04T10:00:51","modified_gmt":"2025-09-04T10:00:51","slug":"silverhawk-aviation","status":"publish","type":"page","link":"https:\/\/comparemyjet.com\/ro\/silverhawk-aviation\/","title":{"rendered":"Silverhawk Aviation Pre\u021buri de zbor"},"content":{"rendered":"<p>Silverhawk Aviation este o companie charter privat\u0103 care a \u00eenceput \u00een 1991 ca serviciu charter cu o singur\u0103 aeronav\u0103 din Seward, Nebraska.&nbsp;<\/p>\r\n\r\n\r\n\r\n<p>\u00cen plus fa\u021b\u0103 de zborurile charter tradi\u021bionale, Silverhawk Aviation ofer\u0103 o gam\u0103 larg\u0103 de servicii, inclusiv instruire practic\u0103, \u00eentre\u021binere a aeronavelor, instalare de avionic\u0103 \u0219i servicii de linie. S\u0103 vedem cum a luat na\u0219tere compania \u0219i ce ofer\u0103 \u00een detaliu.<\/p>\r\n\r\n\r\n\r\n<div id=\"ez-toc-container\" class=\"ez-toc-v2_0_76 counter-hierarchy ez-toc-counter ez-toc-grey ez-toc-container-direction\">\n<p class=\"ez-toc-title\" style=\"cursor:inherit\">Subiecte<\/p>\n<label for=\"ez-toc-cssicon-toggle-item-69d5cb3baabe3\" class=\"ez-toc-cssicon-toggle-label\"><span class=\"\"><span class=\"eztoc-hide\" style=\"display:none;\">Toggle<\/span><span class=\"ez-toc-icon-toggle-span\"><svg style=\"fill: #999;color:#999\" xmlns=\"http:\/\/www.w3.org\/2000\/svg\" class=\"list-377408\" width=\"20px\" height=\"20px\" viewbox=\"0 0 24 24\" fill=\"none\"><path d=\"M6 6H4v2h2V6zm14 0H8v2h12V6zM4 11h2v2H4v-2zm16 0H8v2h12v-2zM4 16h2v2H4v-2zm16 0H8v2h12v-2z\" fill=\"currentColor\"><\/path><\/svg><svg style=\"fill: #999;color:#999\" class=\"arrow-unsorted-368013\" xmlns=\"http:\/\/www.w3.org\/2000\/svg\" width=\"10px\" height=\"10px\" viewbox=\"0 0 24 24\" version=\"1.2\" baseprofile=\"tiny\"><path d=\"M18.2 9.3l-6.2-6.3-6.2 6.3c-.2.2-.3.4-.3.7s.1.5.3.7c.2.2.4.3.7.3h11c.3 0 .5-.1.7-.3.2-.2.3-.5.3-.7s-.1-.5-.3-.7zM5.8 14.7l6.2 6.3 6.2-6.3c.2-.2.3-.5.3-.7s-.1-.5-.3-.7c-.2-.2-.4-.3-.7-.3h-11c-.3 0-.5.1-.7.3-.2.2-.3.5-.3.7s.1.5.3.7z\"\/><\/svg><\/span><\/span><\/label><input type=\"checkbox\"  id=\"ez-toc-cssicon-toggle-item-69d5cb3baabe3\" checked aria-label=\"Toggle\" \/><nav><ul class='ez-toc-list ez-toc-list-level-1' ><li class='ez-toc-page-1 ez-toc-heading-level-2'><a class=\"ez-toc-link ez-toc-heading-1\" href=\"https:\/\/comparemyjet.com\/ro\/silverhawk-aviation\/#About_the_Company\" >Despre companie<\/a><\/li><li class='ez-toc-page-1 ez-toc-heading-level-2'><a class=\"ez-toc-link ez-toc-heading-2\" href=\"https:\/\/comparemyjet.com\/ro\/silverhawk-aviation\/#Aircraft_Maintenance\" >\u00centre\u021binerea aeronavelor&nbsp;<\/a><\/li><li class='ez-toc-page-1 ez-toc-heading-level-2'><a class=\"ez-toc-link ez-toc-heading-3\" href=\"https:\/\/comparemyjet.com\/ro\/silverhawk-aviation\/#Aircraft_Management\" >Managementul aeronavelor&nbsp;<\/a><\/li><li class='ez-toc-page-1 ez-toc-heading-level-2'><a class=\"ez-toc-link ez-toc-heading-4\" href=\"https:\/\/comparemyjet.com\/ro\/silverhawk-aviation\/#Company_Card_Program\" >Program de carduri de companie<\/a><\/li><li class='ez-toc-page-1 ez-toc-heading-level-2'><a class=\"ez-toc-link ez-toc-heading-5\" href=\"https:\/\/comparemyjet.com\/ro\/silverhawk-aviation\/#On-Demand_Charter_and_Empty_Leg_Flights\" >Zboruri charter la cerere \u0219i zboruri cu picior gol<\/a><\/li><li class='ez-toc-page-1 ez-toc-heading-level-2'><a class=\"ez-toc-link ez-toc-heading-6\" href=\"https:\/\/comparemyjet.com\/ro\/silverhawk-aviation\/#The_Fleet\" >Flota&nbsp;<\/a><ul class='ez-toc-list-level-3' ><li class='ez-toc-heading-level-3'><a class=\"ez-toc-link ez-toc-heading-7\" href=\"https:\/\/comparemyjet.com\/ro\/silverhawk-aviation\/#1_Turboprops\" >1. Turbopropulsoare<\/a><ul class='ez-toc-list-level-4' ><li class='ez-toc-heading-level-4'><a class=\"ez-toc-link ez-toc-heading-8\" href=\"https:\/\/comparemyjet.com\/ro\/silverhawk-aviation\/#Our_Recommendation_King_Air_C90\" >Recomandarea noastr\u0103: King Air C90<\/a><\/li><\/ul><\/li><li class='ez-toc-page-1 ez-toc-heading-level-3'><a class=\"ez-toc-link ez-toc-heading-9\" href=\"https:\/\/comparemyjet.com\/ro\/silverhawk-aviation\/#2_Light_Private_Jets\" >2. Avioane private u\u0219oare<\/a><ul class='ez-toc-list-level-4' ><li class='ez-toc-heading-level-4'><a class=\"ez-toc-link ez-toc-heading-10\" href=\"https:\/\/comparemyjet.com\/ro\/silverhawk-aviation\/#Our_Recommendation_Cessna_Citation_Encore\" >Recomandarea noastr\u0103: Cessna Citation Encore<\/a><\/li><\/ul><\/li><li class='ez-toc-page-1 ez-toc-heading-level-3'><a class=\"ez-toc-link ez-toc-heading-11\" href=\"https:\/\/comparemyjet.com\/ro\/silverhawk-aviation\/#3_Midsize_Private_Jets\" >3. Avioane private de dimensiuni medii<\/a><ul class='ez-toc-list-level-4' ><li class='ez-toc-heading-level-4'><a class=\"ez-toc-link ez-toc-heading-12\" href=\"https:\/\/comparemyjet.com\/ro\/silverhawk-aviation\/#Our_Recommendation_Cessna_Citation_Sovereign\" >Recomandarea noastr\u0103: Cessna Citation Sovereign+<\/a><\/li><\/ul><\/li><\/ul><\/li><li class='ez-toc-page-1 ez-toc-heading-level-2'><a class=\"ez-toc-link ez-toc-heading-13\" href=\"https:\/\/comparemyjet.com\/ro\/silverhawk-aviation\/#Company_Safety_Policy_and_Standards\" >Politica \u0219i standardele de siguran\u021b\u0103 ale companiei<\/a><\/li><li class='ez-toc-page-1 ez-toc-heading-level-2'><a class=\"ez-toc-link ez-toc-heading-14\" href=\"https:\/\/comparemyjet.com\/ro\/silverhawk-aviation\/#Partnerships\" >Parteneriate<\/a><\/li><li class='ez-toc-page-1 ez-toc-heading-level-2'><a class=\"ez-toc-link ez-toc-heading-15\" href=\"https:\/\/comparemyjet.com\/ro\/silverhawk-aviation\/#Conclusion\" >Concluzie<\/a><\/li><\/ul><\/nav><\/div>\n<h2 class=\"wp-block-heading\"><span class=\"ez-toc-section\" id=\"About_the_Company\"><\/span>Despre companie<span class=\"ez-toc-section-end\"><\/span><\/h2>\r\n\r\n\r\n\r\n<p>\u00cenfiin\u021bat\u0103 \u00een 1990 ca <a href=\"https:\/\/comparemyjet.com\/ro\/cessna\/\" data-internallinksmanager029f6b8e52c=\"145\" title=\"Ghidul final pentru avioanele private Cessna \u0219i aeronavele private\">Cessna<\/a> 414 servicii charter din Seward, Nebraska, Silverhawk Aviation func\u021bioneaz\u0103 de atunci. De-a lungul anilor 1990, afacerea de charter s-a extins p\u00e2n\u0103 la 15 aeronave \u0219i peste 20 de pilo\u021bi, dintre care unul pilota o aeronav\u0103 cu arip\u0103 fix\u0103. <a href=\"https:\/\/comparemyjet.com\/ro\/cat-de-mult-costa-zborurile-medicale-ambulanta-aeriana-de-evacuare-medicala\/\" data-internallinksmanager029f6b8e52c=\"28\" title=\"C\u00e2t cost\u0103 zborurile medicale, Medevac \u0219i serviciile de ambulan\u021b\u0103 aerian\u0103\">ambulan\u021b\u0103 aerian\u0103<\/a>.&nbsp;<\/p>\r\n\r\n\r\n\r\n<p>Compania s-a mutat la Lincoln \u00een 1995 \u0219i \u0219i-a extins cu succes serviciile pentru a oferi asisten\u021b\u0103 pentru \u00eentre\u021binerea aeronavelor \u0219i un serviciu de asisten\u021b\u0103 tehnic\u0103. <a href=\"https:\/\/comparemyjet.com\/ro\/what-is-a-private-jet-fixed-base-operator-fbo\/\" data-internallinksmanager029f6b8e52c=\"19\" title=\"Ce este un operator de baz\u0103 fix\u0103 (FBO) pentru avioane private?\">FBO<\/a> care ofer\u0103 o gam\u0103 larg\u0103 de servicii, inclusiv alimentarea cu combustibil pentru avia\u021bie, \u00eentre\u021binerea \u0219i \u00eenchirierea de aeronave, gestionarea echipamentelor \u0219i o \u0219coal\u0103 de pilo\u021bi.<\/p>\r\n\r\n\r\n\r\n<p>Dan Hinnah, actualul director general al Silverhawk Aviation, este interesat de avia\u021bie de mul\u021bi ani. Dup\u0103 ce s-a pensionat \u00een 1990 dintr-un post de conducere \u00een sectorul farmaceutic, s-a angajat la Silverhawk Aviation ca pilot charter cu jum\u0103tate de norm\u0103.<\/p>\r\n\r\n\r\n\r\n<p>\u00cen 2006, proprietarul Silverhawk a v\u00e2ndut compania lui Hinnah \u0219i celor doi prieteni ai s\u0103i, John Gillum \u0219i Ken Hiegel, care o conduc de atunci.&nbsp;<\/p>\r\n\r\n\r\n\r\n<h2 class=\"wp-block-heading\"><span class=\"ez-toc-section\" id=\"Aircraft_Maintenance\"><\/span>\u00centre\u021binerea aeronavelor&nbsp;<span class=\"ez-toc-section-end\"><\/span><\/h2>\r\n\r\n\r\n\r\n<figure class=\"wp-block-image size-full is-style-default\"><img loading=\"lazy\" decoding=\"async\" width=\"1000\" height=\"667\" src=\"https:\/\/comparemyjet.com\/wp-content\/uploads\/2022\/10\/maintainance.aircraft.jpg\" alt=\"\" class=\"wp-image-3607\" srcset=\"https:\/\/comparemyjet.com\/wp-content\/uploads\/2022\/10\/maintainance.aircraft-18x12.jpg 18w, https:\/\/comparemyjet.com\/wp-content\/uploads\/2022\/10\/maintainance.aircraft-300x200.jpg 300w, https:\/\/comparemyjet.com\/wp-content\/uploads\/2022\/10\/maintainance.aircraft-768x512.jpg 768w, https:\/\/comparemyjet.com\/wp-content\/uploads\/2022\/10\/maintainance.aircraft.jpg 1000w\" sizes=\"auto, (max-width: 1000px) 100vw, 1000px\" \/><\/figure>\r\n\r\n\r\n\r\n<p>\u00centre\u021binerea \u0219i avionica ocup\u0103 30.000 de metri p\u0103tra\u021bi din cele 40.000 de metri p\u0103tra\u021bi ale Silverhawk Aviation. Separat de structura principal\u0103 se afl\u0103 un hangar de 15.000 de metri p\u0103tra\u021bi pentru aeronavele lor.&nbsp;<\/p>\r\n\r\n\r\n\r\n<p>\u00cen prezent, compania este o unitate de service pentru Cessna, Cirrus, Mooney \u0219i Pratt &amp; Whitney Canada, iar departamentul de \u00eentre\u021binere are 45 de angaja\u021bi, dintre care 10 sunt tehnicieni. Echipa de \u00eentre\u021binere are o experien\u021b\u0103 considerabil\u0103 \u00een service-ul King Air-urilor, de la modelul 90 la modelul 350, pe l\u00e2ng\u0103 modelele Citation 500, 501, 550 \u0219i 525.&nbsp;<\/p>\r\n\r\n\r\n\r\n<p>Pe l\u00e2ng\u0103 faptul c\u0103 este furnizor \u0219i instalator de instrumente Garmin, Honeywell, Sandel \u0219i Goodrich, Silverhawk este, de asemenea, un distribuitor aprobat de Garmin, Honeywell \u0219i S-Tec.<\/p>\r\n\r\n\r\n\r\n<p>\u00cen 2008, Silverhawk a \u00eencheiat un parteneriat cu Hillaero Modification Center pentru a oferi o varietate de servicii de modificare interioar\u0103 \u0219i exterioar\u0103, inclusiv podele noi, vopsea exterioar\u0103, conversii aero-med, dulapuri \u0219i cizme de protec\u021bie \u00eempotriva ghe\u021bii.&nbsp;<\/p>\r\n\r\n\r\n\r\n<h2 class=\"wp-block-heading\"><span class=\"ez-toc-section\" id=\"Aircraft_Management\"><\/span>Managementul aeronavelor&nbsp;<span class=\"ez-toc-section-end\"><\/span><\/h2>\r\n\r\n\r\n\r\n<p>Silverhawk Aviation ofer\u0103 <a href=\"https:\/\/comparemyjet.com\/ro\/care-sunt-cateva-companii-de-gestiune-aeriene\/\" data-internallinksmanager029f6b8e52c=\"21\" title=\"Servicii \u0219i companii de gestionare a aeronavelor\">gestionarea aeronavelor<\/a> servicii pentru proprietarii de aeronave care nu doresc s\u0103 se ocupe de problemele \u0219i costurile de \u00eentre\u021binere a unei aeronave.&nbsp;<\/p>\r\n\r\n\r\n\r\n<p>Unele dintre avantajele utiliz\u0103rii solu\u021biilor de gestionare a aeronavelor Silverhawk Aviation sunt:<\/p>\r\n\r\n\r\n\r\n<ul class=\"wp-block-list\"><li>Extras de cont lunar<\/li><li>Acces la toate aeronavele din flot\u0103<\/li><li>Ratinguri de siguran\u021b\u0103 de aur at\u00e2t de la Wyvern, c\u00e2t \u0219i de la ARG\/US<\/li><li>Administra\u021bia regional\u0103<\/li><li>Membrii personalului local<\/li><\/ul>\r\n\r\n\r\n\r\n<h2 class=\"wp-block-heading\"><span class=\"ez-toc-section\" id=\"Company_Card_Program\"><\/span>Program de carduri de companie<span class=\"ez-toc-section-end\"><\/span><\/h2>\r\n\r\n\r\n\r\n<p>Achizi\u021biile Jet Card de c\u0103tre clien\u021bii noi sunt acum \u00een a\u0219teptare la Silverhawk Aviation. Compania suspend\u0103 periodic v\u00e2nz\u0103rile de carduri de avion pentru a evita suprasolicitarea echipajelor \u0219i a aeronavelor \u0219i pentru a se putea dedica \u00een totalitate clien\u021bilor existen\u021bi de servicii frac\u021bionate \u0219i de carduri de avion.<\/p>\r\n\r\n\r\n\r\n<p>Potrivit site-ului companiei, aceasta are \u0219apte avioane \u00een a\u0219teptarea certific\u0103rii FAA \u0219i angajeaz\u0103 \u00eenc\u0103 20 de pilo\u021bi \u00een acest an pentru a satisface cererea tot mai mare de zboruri charter private. Din cauza acestei extinderi, se a\u0219teapt\u0103 s\u0103 aib\u0103 un num\u0103r mic de Jet Cards disponibile \u00een septembrie 2022. Aten\u021bie doar c\u0103 Silverhawk p\u0103streaz\u0103 o coad\u0103 de a\u0219teptare pentru cei care vor s\u0103 fie primii care vor primi Jet Cards atunci c\u00e2nd acestea devin disponibile.<\/p>\r\n\r\n\r\n\r\n<p>Prin \u00eenscrierea pe lista de a\u0219teptare a Silverhawk Aviations, clien\u021bii devin primii la r\u00e2nd pentru a deveni membri \u0219i pot beneficia de pre\u021burile actuale ale Jet Card. Pentru a fi inclus pe lista de a\u0219teptare, este necesar un depozit de $2.500, care este complet rambursabil dac\u0103 clientul nu mai are nevoie\/nu mai dore\u0219te s\u0103 \u00ee\u0219i asigure un loc pe lista de a\u0219teptare.<\/p>\r\n\r\n\r\n\r\n<h2 class=\"wp-block-heading\"><span class=\"ez-toc-section\" id=\"On-Demand_Charter_and_Empty_Leg_Flights\"><\/span>Zboruri charter la cerere \u0219i zboruri cu picior gol<span class=\"ez-toc-section-end\"><\/span><\/h2>\r\n\r\n\r\n\r\n<p>Silverhawk Aviation ofer\u0103 <a href=\"https:\/\/silverhawkaviation.com\/aircraft-charter\/\" target=\"_blank\" rel=\"noopener\">zboruri charter la cerere<\/a> \u00een avioane Cessna Citation \u0219i King Air cu turbopropulsoare. Pre\u021bul pentru aceste zboruri este standard.<\/p>\r\n\r\n\r\n\r\n<p>Acestea fiind spuse, rezervarea unui zbor charter dus-\u00eentors are ca rezultat un <a href=\"https:\/\/silverhawkaviation.com\/empty-leg-flights\/\" target=\"_blank\" rel=\"noopener\">zbor cu piciorul gol<\/a> - avionul zboar\u0103 f\u0103r\u0103 pasageri c\u0103tre urm\u0103toarea escal\u0103. Clien\u021bii Silverhawk pot economisi bani la biletele de avion profit\u00e2nd de zborurile cu picioare goale \u0219i au op\u021biunea de a se \u00eenscrie pentru a primi notific\u0103ri pentru destina\u021bia sau destina\u021biile preferate.<\/p>\r\n\r\n\r\n\r\n<h2 class=\"wp-block-heading\"><span class=\"ez-toc-section\" id=\"The_Fleet\"><\/span>Flota&nbsp;<span class=\"ez-toc-section-end\"><\/span><\/h2>\r\n\r\n\r\n\r\n<p>Proprietarii frac\u021biona\u021bi, de\u021bin\u0103torii de carduri de avion cu reac\u021bie \u0219i clien\u021bii charter pot alege dintr-o gam\u0103 larg\u0103 de servicii \u0219i facilit\u0103\u021bi disponibile la bordul aeronavelor Silverhawk Aviations.&nbsp;<\/p>\r\n\r\n\r\n\r\n<p>S\u0103 arunc\u0103m o privire mai atent\u0103 la flota de aeronave a companiei.<\/p>\r\n\r\n\r\n\r\n<h3 class=\"wp-block-heading\"><span class=\"ez-toc-section\" id=\"1_Turboprops\"><\/span>1. Turbopropulsoare<span class=\"ez-toc-section-end\"><\/span><\/h3>\r\n\r\n\r\n\r\n<p>Aeronavele monomotor \u0219i bimotor cu turbopropulsoare se bazeaz\u0103 pe turbine cu gaz pentru a-\u0219i roti elicele. Aceste aeronave au un buget mai accesibil dec\u00e2t avioanele private \u0219i sunt ideale pentru c\u0103l\u0103torii de p\u00e2n\u0103 la 1.000 de mile marine. Un avion cu turbopropulsie obi\u0219nuit poate transporta opt pasageri.<\/p>\r\n\r\n\r\n\r\n<h4 class=\"wp-block-heading\"><span class=\"ez-toc-section\" id=\"Our_Recommendation_King_Air_C90\"><\/span>Recomandarea noastr\u0103: King Air C90<span class=\"ez-toc-section-end\"><\/span><\/h4>\r\n\r\n\r\n\r\n<p>Aeronava King Air C90 a debutat \u00een 1971 \u0219i are o anvergur\u0103 a aripilor de aproximativ 50 de picioare \u0219i 3 inci.<\/p>\r\n\r\n\r\n\r\n<p>Specifica\u021bii \u0219i facilit\u0103\u021bi:<\/p>\r\n\r\n\r\n\r\n<ul class=\"wp-block-list\"><li>Scaune: 5;<\/li><li>Lungime total\u0103: 35 ft 5 in;&nbsp;<\/li><li>\u00cen\u0103l\u021bime: 14 ft 7 in;&nbsp;<\/li><li>Lungimea cabinei: 12 ft 8 in;<\/li><li>\u00cen\u0103l\u021bimea cabinei: 4 ft 8 in;<\/li><li>L\u0103\u021bimea cabinei: 4 ft 8in;<\/li><li>Distan\u021ba de zbor: 1.120 mile;<\/li><li>Viteza de croazier\u0103: 280 mph;<\/li><li>Centru de b\u0103uturi cu gust\u0103ri \u0219i b\u0103uturi;<\/li><li>Lavoar cu perdea.<\/li><\/ul>\r\n\r\n\r\n\r\n<p><em>King Air 90<\/em> este singurul turbopropulsor din gama Silverhawk Aviation <a href=\"https:\/\/silverhawkaviation.com\/fleet\/\" target=\"_blank\" rel=\"noopener\">catalogul aeronavelor<\/a>.<\/p>\r\n\r\n\r\n\r\n<h3 class=\"wp-block-heading\"><span class=\"ez-toc-section\" id=\"2_Light_Private_Jets\"><\/span>2. Avioane private u\u0219oare<span class=\"ez-toc-section-end\"><\/span><\/h3>\r\n\r\n\r\n\r\n<p>Autonomia unui avion cu reac\u021bie u\u0219or tipic este cuprins\u0103 \u00eentre 1.500 \u0219i 2.500 de mile marine. Aceste avioane pot transporta p\u00e2n\u0103 la 7 pasageri \u0219i dispun de scaune \u00eenclinabile, o buc\u0103t\u0103rie compact\u0103 \u0219i o baie cu centur\u0103 (scaun de toalet\u0103). Avioanele cu reac\u021bie u\u0219oare pot accesa cu u\u0219urin\u021b\u0103 insule \u00eendep\u0103rtate sau regiuni muntoase f\u0103r\u0103 aeroporturi.<\/p>\r\n\r\n\r\n\r\n<h4 class=\"wp-block-heading\"><span class=\"ez-toc-section\" id=\"Our_Recommendation_Cessna_Citation_Encore\"><\/span>Recomandarea noastr\u0103: Cessna Citation Encore<span class=\"ez-toc-section-end\"><\/span><\/h4>\r\n\r\n\r\n\r\n<p>Un alt avion privat fantastic al companiei Cessna, Citation Encore este supranumit \"Encore\" al imensului \u0219i popularului Citation Ultra al companiei. Encore este o aeronav\u0103 foarte adaptabil\u0103, care poate parcurge distan\u021be mari, poate decola \u0219i ateriza pe piste relativ mici \u0219i poate transporta \u00eenc\u0103rc\u0103turi semnificative. Performan\u021bele sale de zbor f\u0103r\u0103 cusur, interiorul confortabil \u0219i cheltuielile minime de operare \u00eel fac o op\u021biune popular\u0103.<\/p>\r\n\r\n\r\n\r\n<p>Specifica\u021bii \u0219i facilit\u0103\u021bi:<\/p>\r\n\r\n\r\n\r\n<ul class=\"wp-block-list\"><li>Scaune: 9;<\/li><li>\u00cen\u0103l\u021bimea exterioar\u0103: 15 ft;<\/li><li>Lungime total\u0103: 48 ft 11 in;<\/li><li>Anvergura aripilor: 52 ft 2 in;<\/li><li>Spa\u021biu exterior pentru bagaje: 43 mc;<\/li><li>Spa\u021biu intern pentru bagaje: 28 mc;<\/li><li>Distan\u021ba maxim\u0103 de zbor: 1736 nm;<\/li><li>Viteza maxim\u0103 de croazier\u0103: 430 kts;<\/li><li>Noua vopsea personalizat\u0103 \u0219i interior;<\/li><li>Echipat cu Wi-Fi;<\/li><li>Porturi de \u00eenc\u0103rcare USB \u0219i prize;<\/li><li>Toalet\u0103 \u00eenchis\u0103;<\/li><li>Scaun din piele;<\/li><li>Cabin\u0103 cu aer condi\u021bionat;<\/li><li>Echipaj: 2.<\/li><\/ul>\r\n\r\n\r\n\r\n<p><em>Cessna Citation Ultra \u0219i Cessna Citation V sunt singurele avioane u\u0219oare disponibile \u00een cadrul Silverhawk Aviation <\/em><a href=\"https:\/\/silverhawkaviation.com\/fleet\/\" target=\"_blank\" rel=\"noopener\"><em>catalogul aeronavelor<\/em><\/a><em> \u00een afar\u0103 de modelul recomandat de noi Cessna Citation Encore.<\/em><\/p>\r\n\r\n\r\n\r\n<h3 class=\"wp-block-heading\"><span class=\"ez-toc-section\" id=\"3_Midsize_Private_Jets\"><\/span>3. Avioane private de dimensiuni medii<span class=\"ez-toc-section-end\"><\/span><\/h3>\r\n\r\n\r\n\r\n<p>Durata unui zbor f\u0103r\u0103 escal\u0103 al unui avion de dimensiuni medii este de patru p\u00e2n\u0103 la cinci ore. Unele avioane de dimensiuni medii pot zbura \u00een toat\u0103 \u021bara f\u0103r\u0103 realimentare, \u00een timp ce altele pot necesita o escal\u0103. De obicei, exist\u0103 scaune confortabile pentru \u0219apte p\u00e2n\u0103 la nou\u0103 pasageri, cu op\u021biuni de rota\u021bie \u0219i \u00eenclinare.<\/p>\r\n\r\n\r\n\r\n<h4 class=\"wp-block-heading\"><span class=\"ez-toc-section\" id=\"Our_Recommendation_Cessna_Citation_Sovereign\"><\/span>Recomandarea noastr\u0103: Cessna Citation Sovereign+<span class=\"ez-toc-section-end\"><\/span><\/h4>\r\n\r\n\r\n\r\n<p>Produc\u0103torul american Cessna a creat Citation Sovereign (cunoscut \u0219i sub numele de Cessna Model 680 Sovereign) ca avion de afaceri de dimensiuni medii. Citation Sovereign+, vine cu o avionic\u0103 \u00eembun\u0103t\u0103\u021bit\u0103 \u0219i se m\u00e2ndre\u0219te cu performan\u021be de urcare \u00eembun\u0103t\u0103\u021bite.&nbsp;<\/p>\r\n\r\n\r\n\r\n<p>Specifica\u021bii \u0219i facilit\u0103\u021bi:<\/p>\r\n\r\n\r\n\r\n<ul class=\"wp-block-list\"><li>Scaune: 9;<\/li><li>Lungime exterioar\u0103: 63 ft 6 in;<\/li><li>\u00cen\u0103l\u021bime exterioar\u0103: 20 ft 4 in;<\/li><li>Anvergura aripilor: 72 ft 4 in;<\/li><li>L\u0103\u021bimea cabinei: 5 ft 6 in;<\/li><li>\u00cen\u0103l\u021bimea cabinei: 1,5 m 8 in;<\/li><li>Lungimea cabinei: 25 ft 3 in;<\/li><li>Bagaje interne: 35 cu ft;<\/li><li>Bagaje externe: 100 cu ft;<\/li><li>Distan\u021ba de zbor: peste 5000 de mile;<\/li><li>Viteza maxim\u0103 de croazier\u0103: 459 kts;<\/li><li>Echipat cu Wi-Fi;<\/li><li>Cabin\u0103 de a\u0219teptare;<\/li><li>Clubul din mijlocul cabinei cu mese;<\/li><li>Cabin\u0103 cu aer condi\u021bionat;<\/li><li>Scaune din piele;<\/li><li>Complet aprovizionat buc\u0103t\u0103rie \u0219i bar;<\/li><li>Toalet\u0103 \u00eenchis\u0103;<\/li><li>Echipaj: 2.<\/li><\/ul>\r\n\r\n\r\n\r\n<p><em>Cessna Citation Excel <\/em>este singurul avion de dimensiuni medii disponibil \u00een gama Silverhawk Aviation <a href=\"https:\/\/silverhawkaviation.com\/fleet\/\" target=\"_blank\" rel=\"noopener\">catalogul aeronavelor<\/a> \u00een afar\u0103 de modelul nostru recomandat <em>Cessna Citation Sovereign+.<\/em><\/p>\r\n\r\n\r\n\r\n<h2 class=\"wp-block-heading\"><span class=\"ez-toc-section\" id=\"Company_Safety_Policy_and_Standards\"><\/span>Politica \u0219i standardele de siguran\u021b\u0103 ale companiei<span class=\"ez-toc-section-end\"><\/span><\/h2>\r\n\r\n\r\n\r\n<figure class=\"wp-block-image size-full is-style-default\"><img loading=\"lazy\" decoding=\"async\" width=\"1000\" height=\"667\" src=\"https:\/\/comparemyjet.com\/wp-content\/uploads\/2022\/10\/Silverhawk.Aviation.safety.jpg\" alt=\"Silverhawk Aviation\" class=\"wp-image-3605\" srcset=\"https:\/\/comparemyjet.com\/wp-content\/uploads\/2022\/10\/Silverhawk.Aviation.safety-18x12.jpg 18w, https:\/\/comparemyjet.com\/wp-content\/uploads\/2022\/10\/Silverhawk.Aviation.safety-300x200.jpg 300w, https:\/\/comparemyjet.com\/wp-content\/uploads\/2022\/10\/Silverhawk.Aviation.safety-768x512.jpg 768w, https:\/\/comparemyjet.com\/wp-content\/uploads\/2022\/10\/Silverhawk.Aviation.safety.jpg 1000w\" sizes=\"auto, (max-width: 1000px) 100vw, 1000px\" \/><\/figure>\r\n\r\n\r\n\r\n<p>C\u0103pitanii Silverhawk beneficiaz\u0103 de preg\u0103tire anual\u0103 la FlightSafety pentru fiecare aeronav\u0103 pe care o piloteaz\u0103, cu preg\u0103tire suplimentar\u0103 la fiecare \u0219ase luni. \u00cen ceea ce prive\u0219te companiile de instruire, FlightSafety are o reputa\u021bie excelent\u0103.&nbsp;<\/p>\r\n\r\n\r\n\r\n<p>Toate procedurile obi\u0219nuite \u0219i de urgen\u021b\u0103 sunt abordate \u00een profunzime \u00een timpul multiplelor ore de preg\u0103tire pe simulator \u0219i de testare \u00een zbor.&nbsp;<\/p>\r\n\r\n\r\n\r\n<p>Silverhawk face parte din Air Charter Safety Foundation, care \u00eei ajut\u0103 pe cei din industria charter \u0219i a propriet\u0103\u021bii frac\u021bionate prin diseminarea celor mai recente informa\u021bii privind siguran\u021ba, prin facilitarea programelor de gestionare a riscurilor \u0219i prin sus\u021binerea constant\u0103 a \u00eembun\u0103t\u0103\u021birii reglement\u0103rilor guvernamentale.&nbsp;<\/p>\r\n\r\n\r\n\r\n<p>\u00cen plus, Silverhawk este una dintre pu\u021binele companii de zboruri charter care a fost recunoscut\u0103 cu calificativul Gold Grading din partea sistemului de rating ARG\/US (Aviation Research Group\/Statele Unite).<\/p>\r\n\r\n\r\n\r\n<h2 class=\"wp-block-heading\"><span class=\"ez-toc-section\" id=\"Partnerships\"><\/span>Parteneriate<span class=\"ez-toc-section-end\"><\/span><\/h2>\r\n\r\n\r\n\r\n<p>Silverhawk Aviation este membr\u0103 a re\u021belei Paragon, un grup exclusivist de operatori de baz\u0103 fix\u0103 (FBO) priva\u021bi care deservesc comunitatea aviatic\u0103 global\u0103. \u00cenainte ca un FBO s\u0103 poat\u0103 face parte din Re\u021beaua Paragon, acesta trebuie s\u0103 treac\u0103 mai \u00eent\u00e2i printr-un audit am\u0103nun\u021bit efectuat de Paragon Aviation Group, care verific\u0103 fiecare aspect al instala\u021biei \u0219i al serviciilor oferite. Pentru a-\u0219i men\u021bine calitatea de membru, fiecare FBO trebuie s\u0103 respecte un set de cerin\u021be fundamentale stabilite prin consens strategic.&nbsp;<\/p>\r\n\r\n\r\n\r\n<h2 class=\"wp-block-heading\"><span class=\"ez-toc-section\" id=\"Conclusion\"><\/span>Concluzie<span class=\"ez-toc-section-end\"><\/span><\/h2>\r\n\r\n\r\n\r\n<p>\u00cen 1991, Silverhawk \u0219i-a \u00eenceput activitatea \u00een Seward, Nebraska, cu o singur\u0103 aeronav\u0103 \u0219i un singur pilot. \u00cen prezent, Silverhawk furnizeaz\u0103 combustibil preamestecat pentru avioane Phillips 66 la Aeroportul Municipal Lincoln (KLNK) \u0219i opereaz\u0103 o afacere \u00eenfloritoare de charter cu o flot\u0103 de 14 avioane cu turbopropulsie \u0219i avioane u\u0219oare. \u00cen plus, Silverhawk Aviation este o unitate de \u00eentre\u021binere aprobat\u0103 de FAA pentru \u00eentre\u021binere, repara\u021bii \u0219i moderniz\u0103ri programate, ceea ce face din ea un ghi\u0219eu unic pentru tot ceea ce \u021bine de charterele private \u0219i de proprietate.<\/p>","protected":false},"excerpt":{"rendered":"<p>Silverhawk Aviation este o companie charter privat\u0103 care a \u00eenceput \u00een 1991 ca serviciu charter cu o singur\u0103 aeronav\u0103 din Seward, Nebraska.  \u00cen plus fa\u021b\u0103 de zborurile charter tradi\u021bionale, Silverhawk Aviation ofer\u0103 o gam\u0103 larg\u0103 de servicii, inclusiv instruire practic\u0103, \u00eentre\u021binere a aeronavelor, instalare de avionic\u0103 \u0219i servicii de linie. Haide\u021bi s\u0103 vedem cum a luat na\u0219tere aceast\u0103 companie \u0219i ce ...<\/p>","protected":false},"author":2,"featured_media":3606,"parent":0,"menu_order":0,"comment_status":"closed","ping_status":"closed","template":"","meta":{"_acf_changed":false,"_genesis_hide_title":false,"_genesis_hide_breadcrumbs":false,"_genesis_hide_singular_image":false,"_genesis_hide_footer_widgets":false,"_genesis_custom_body_class":"","_genesis_custom_post_class":"","_genesis_layout":"","footnotes":""},"class_list":{"1":"page","2":"type-page","6":"entry"},"acf":[],"_links":{"self":[{"href":"https:\/\/comparemyjet.com\/ro\/wp-json\/wp\/v2\/pages\/3604","targetHints":{"allow":["GET"]}}],"collection":[{"href":"https:\/\/comparemyjet.com\/ro\/wp-json\/wp\/v2\/pages"}],"about":[{"href":"https:\/\/comparemyjet.com\/ro\/wp-json\/wp\/v2\/types\/page"}],"author":[{"embeddable":true,"href":"https:\/\/comparemyjet.com\/ro\/wp-json\/wp\/v2\/users\/2"}],"replies":[{"embeddable":true,"href":"https:\/\/comparemyjet.com\/ro\/wp-json\/wp\/v2\/comments?post=3604"}],"version-history":[{"count":2,"href":"https:\/\/comparemyjet.com\/ro\/wp-json\/wp\/v2\/pages\/3604\/revisions"}],"predecessor-version":[{"id":3618,"href":"https:\/\/comparemyjet.com\/ro\/wp-json\/wp\/v2\/pages\/3604\/revisions\/3618"}],"wp:featuredmedia":[{"embeddable":true,"href":"https:\/\/comparemyjet.com\/ro\/wp-json\/wp\/v2\/media\/3606"}],"wp:attachment":[{"href":"https:\/\/comparemyjet.com\/ro\/wp-json\/wp\/v2\/media?parent=3604"}],"curies":[{"name":"wp","href":"https:\/\/api.w.org\/{rel}","templated":true}]}}