{"id":4399,"date":"2023-02-13T21:10:28","date_gmt":"2023-02-13T21:10:28","guid":{"rendered":"https:\/\/comparemyjet.com\/?page_id=4399"},"modified":"2025-09-04T09:58:16","modified_gmt":"2025-09-04T09:58:16","slug":"delta-private-jets","status":"publish","type":"page","link":"https:\/\/comparemyjet.com\/ro\/delta-private-jets\/","title":{"rendered":"Pre\u021burile de membru Delta Private Jets"},"content":{"rendered":"<p>Delta Air Lines este cea mai important\u0103 companie aerian\u0103 din lume \u00een ceea ce prive\u0219te bunurile, serviciile, inova\u021bia, fiabilitatea \u0219i experien\u021ba clien\u021bilor din Statele Unite. Compania ofer\u0103 o experien\u021b\u0103 de c\u0103l\u0103torie de clas\u0103 mondial\u0103, ob\u021bin\u00e2nd \u00een acela\u0219i timp randamente de top \u00een industrie pentru ac\u021bionari.&nbsp;<\/p>\r\n\r\n\r\n\r\n<p>Delta private jets, serviciul charter al companiei aeriene, a \u00eencheiat un parteneriat cu primul brand de avia\u021bie privat\u0103 <a href=\"https:\/\/comparemyjet.com\/ro\/pe-roti\/\" data-internallinksmanager029f6b8e52c=\"73\" title=\"Pre\u021burile de membru Wheels Up\">Ro\u021bi \u00een sus<\/a> pentru a oferi \u00een continuare c\u0103l\u0103torilor aerieni priva\u021bi experien\u021be unice \u0219i c\u0103l\u0103torii de calitate.&nbsp;&nbsp;<\/p>\r\n\r\n\r\n\r\n<p>S\u0103 vedem ce ofer\u0103 acest parteneriat \u00eentre dou\u0103 firme de top din domeniul avia\u021biei pentru cei care zboar\u0103.<\/p>\r\n\r\n\r\n\r\n<div id=\"ez-toc-container\" class=\"ez-toc-v2_0_76 counter-hierarchy ez-toc-counter ez-toc-grey ez-toc-container-direction\">\n<p class=\"ez-toc-title\" style=\"cursor:inherit\">Subiecte<\/p>\n<label for=\"ez-toc-cssicon-toggle-item-69de6676ed10b\" class=\"ez-toc-cssicon-toggle-label\"><span class=\"\"><span class=\"eztoc-hide\" style=\"display:none;\">Toggle<\/span><span class=\"ez-toc-icon-toggle-span\"><svg style=\"fill: #999;color:#999\" xmlns=\"http:\/\/www.w3.org\/2000\/svg\" class=\"list-377408\" width=\"20px\" height=\"20px\" viewbox=\"0 0 24 24\" fill=\"none\"><path d=\"M6 6H4v2h2V6zm14 0H8v2h12V6zM4 11h2v2H4v-2zm16 0H8v2h12v-2zM4 16h2v2H4v-2zm16 0H8v2h12v-2z\" fill=\"currentColor\"><\/path><\/svg><svg style=\"fill: #999;color:#999\" class=\"arrow-unsorted-368013\" xmlns=\"http:\/\/www.w3.org\/2000\/svg\" width=\"10px\" height=\"10px\" viewbox=\"0 0 24 24\" version=\"1.2\" baseprofile=\"tiny\"><path d=\"M18.2 9.3l-6.2-6.3-6.2 6.3c-.2.2-.3.4-.3.7s.1.5.3.7c.2.2.4.3.7.3h11c.3 0 .5-.1.7-.3.2-.2.3-.5.3-.7s-.1-.5-.3-.7zM5.8 14.7l6.2 6.3 6.2-6.3c.2-.2.3-.5.3-.7s-.1-.5-.3-.7c-.2-.2-.4-.3-.7-.3h-11c-.3 0-.5.1-.7.3-.2.2-.3.5-.3.7s.1.5.3.7z\"\/><\/svg><\/span><\/span><\/label><input type=\"checkbox\"  id=\"ez-toc-cssicon-toggle-item-69de6676ed10b\" checked aria-label=\"Toggle\" \/><nav><ul class='ez-toc-list ez-toc-list-level-1' ><li class='ez-toc-page-1 ez-toc-heading-level-2'><a class=\"ez-toc-link ez-toc-heading-1\" href=\"https:\/\/comparemyjet.com\/ro\/delta-private-jets\/#Company_History\" >Istoria companiei<\/a><\/li><li class='ez-toc-page-1 ez-toc-heading-level-2'><a class=\"ez-toc-link ez-toc-heading-2\" href=\"https:\/\/comparemyjet.com\/ro\/delta-private-jets\/#Delta_Private_Jets_Wheels_Up\" >Delta Private Jets + Wheels Up<\/a><\/li><li class='ez-toc-page-1 ez-toc-heading-level-2'><a class=\"ez-toc-link ez-toc-heading-3\" href=\"https:\/\/comparemyjet.com\/ro\/delta-private-jets\/#The_Fleet\" >Flota<\/a><ul class='ez-toc-list-level-3' ><li class='ez-toc-heading-level-3'><a class=\"ez-toc-link ez-toc-heading-4\" href=\"https:\/\/comparemyjet.com\/ro\/delta-private-jets\/#1_Turboprop\" >1. Turbopropulsoare<\/a><ul class='ez-toc-list-level-4' ><li class='ez-toc-heading-level-4'><a class=\"ez-toc-link ez-toc-heading-5\" href=\"https:\/\/comparemyjet.com\/ro\/delta-private-jets\/#Our_recommendation_The_King_Air_350\" >Recomandarea noastr\u0103: King Air 350<\/a><\/li><\/ul><\/li><li class='ez-toc-page-1 ez-toc-heading-level-3'><a class=\"ez-toc-link ez-toc-heading-6\" href=\"https:\/\/comparemyjet.com\/ro\/delta-private-jets\/#2_Light_Private_Jets\" >2. Avioane private u\u0219oare<\/a><ul class='ez-toc-list-level-4' ><li class='ez-toc-heading-level-4'><a class=\"ez-toc-link ez-toc-heading-7\" href=\"https:\/\/comparemyjet.com\/ro\/delta-private-jets\/#Our_Recommendation_The_Hawker_400XP\" >Recomandarea noastr\u0103: Hawker 400XP<\/a><\/li><\/ul><\/li><li class='ez-toc-page-1 ez-toc-heading-level-3'><a class=\"ez-toc-link ez-toc-heading-8\" href=\"https:\/\/comparemyjet.com\/ro\/delta-private-jets\/#3_Midsize_Private_Jets\" >3. Avioane private de dimensiuni medii<\/a><ul class='ez-toc-list-level-4' ><li class='ez-toc-heading-level-4'><a class=\"ez-toc-link ez-toc-heading-9\" href=\"https:\/\/comparemyjet.com\/ro\/delta-private-jets\/#Our_Recommendation_The_Citation_ExcelXLS\" >Recomandarea noastr\u0103: Cita\u021bia Excel\/XLS<\/a><\/li><\/ul><\/li><li class='ez-toc-page-1 ez-toc-heading-level-3'><a class=\"ez-toc-link ez-toc-heading-10\" href=\"https:\/\/comparemyjet.com\/ro\/delta-private-jets\/#4_Super-Midsize_Private_Jets\" >4. Avioane private de dimensiuni medii&nbsp;<\/a><ul class='ez-toc-list-level-4' ><li class='ez-toc-heading-level-4'><a class=\"ez-toc-link ez-toc-heading-11\" href=\"https:\/\/comparemyjet.com\/ro\/delta-private-jets\/#Our_Recommendation_The_Citation_X\" >Recomandarea noastr\u0103: Modelul Citation X<\/a><\/li><\/ul><\/li><li class='ez-toc-page-1 ez-toc-heading-level-3'><a class=\"ez-toc-link ez-toc-heading-12\" href=\"https:\/\/comparemyjet.com\/ro\/delta-private-jets\/#5_Large_Private_Jets\" >5. Avioane private mari<\/a><ul class='ez-toc-list-level-4' ><li class='ez-toc-heading-level-4'><a class=\"ez-toc-link ez-toc-heading-13\" href=\"https:\/\/comparemyjet.com\/ro\/delta-private-jets\/#Our_Recommendation_The_Gulfstream_G450\" >Recomandarea noastr\u0103: Gulfstream G450<\/a><\/li><\/ul><\/li><\/ul><\/li><li class='ez-toc-page-1 ez-toc-heading-level-2'><a class=\"ez-toc-link ez-toc-heading-14\" href=\"https:\/\/comparemyjet.com\/ro\/delta-private-jets\/#Conclusion\" >Concluzie<\/a><\/li><\/ul><\/nav><\/div>\n<h2 class=\"wp-block-heading\"><span class=\"ez-toc-section\" id=\"Company_History\"><\/span>Istoria companiei<span class=\"ez-toc-section-end\"><\/span><\/h2>\r\n\r\n\r\n\r\n<p>Delta Private Jets a fost \u00eenfiin\u021bat\u0103 \u00een 2001. Opera\u021biunile companiei au \u00eencetat la 31 ianuarie 2020, dup\u0103 ce aceasta a fuzionat cu Wheels Up.<\/p>\r\n\r\n\r\n\r\n<h2 class=\"wp-block-heading\"><span class=\"ez-toc-section\" id=\"Delta_Private_Jets_Wheels_Up\"><\/span>Delta Private Jets + Wheels Up<span class=\"ez-toc-section-end\"><\/span><\/h2>\r\n\r\n\r\n\r\n<figure class=\"wp-block-image size-full is-style-default\"><img loading=\"lazy\" decoding=\"async\" width=\"1000\" height=\"667\" src=\"https:\/\/comparemyjet.com\/wp-content\/uploads\/Executives-from-Wheels-Up-congregate-outside-the-New-York-Stock-Exchange.jpg\" alt=\"Directorii de la Wheels Up se adun\u0103 \u00een fa\u021ba Bursei de Valori din New York \" class=\"wp-image-4401\" srcset=\"https:\/\/comparemyjet.com\/wp-content\/uploads\/Executives-from-Wheels-Up-congregate-outside-the-New-York-Stock-Exchange-18x12.jpg 18w, https:\/\/comparemyjet.com\/wp-content\/uploads\/Executives-from-Wheels-Up-congregate-outside-the-New-York-Stock-Exchange-300x200.jpg 300w, https:\/\/comparemyjet.com\/wp-content\/uploads\/Executives-from-Wheels-Up-congregate-outside-the-New-York-Stock-Exchange-768x512.jpg 768w, https:\/\/comparemyjet.com\/wp-content\/uploads\/Executives-from-Wheels-Up-congregate-outside-the-New-York-Stock-Exchange.jpg 1000w\" sizes=\"auto, (max-width: 1000px) 100vw, 1000px\" \/><\/figure>\r\n\r\n\r\n\r\n<p>Wheels Up \u0219i Delta au finalizat o tranzac\u021bie revolu\u021bionar\u0103, combin\u00e2nd Delta Private Jets \u0219i Wheels Up pentru a oferi clien\u021bilor beneficii pe mai multe platforme.Companiile fuzionate ofer\u0103 avantaje pe mai multe platforme pentru clien\u021bii actuali \u0219i viitori ai Wheels Up \u0219i Delta, care sunt unice \u00een sectorul companiilor aeriene private.<\/p>\r\n\r\n\r\n\r\n<p>Aceast\u0103 fuziune combin\u0103 programele de membru ale Wheels Up, platforma digital\u0103 unic\u0103 \u0219i experien\u021bele interna\u021bionale cu fiabilitatea, securitatea, calitatea \u0219i raza de ac\u021biune recunoscute ale Delta Private Jets. Cu aproximativ 200 de avioane, de la King Air 350i la avioane grele, combina\u021bia formeaz\u0103 una dintre cele mai mari flote de avioane private de\u021binute \u0219i operate din lume. Wheels Up este bine pozi\u021bionat\u0103 pentru a satisface nevoile de c\u0103l\u0103torie ale celor peste 8.000 de membri \u0219i clien\u021bi ai s\u0103i, datorit\u0103 flotei sale private \u00een expansiune \u0219i accesului la re\u021beaua mondial\u0103 Delta.<\/p>\r\n\r\n\r\n\r\n<p>Membrii Wheels Up au posibilitatea de a ob\u021bine statutul de Delta Medallion, de a acumula puncte de loialitate SkyMiles\u00ae \u0219i de a utiliza conturile lor din programul Wheels Up Fund pentru a cheltui pentru zborurile private Wheels Up \u0219i pentru zborurile de pasageri Delta. Clien\u021bii Delta Private Jets pot beneficia, de asemenea, de avantajele unice ale membrilor Wheels Up, de avantaje \u0219i de acces la aeronavele Wheels Up.<\/p>\r\n\r\n\r\n\r\n<p>\u00cen plus, ca parte a acestei tranzac\u021bii, Gil West, directorul de opera\u021biuni al Delta, a decis s\u0103 se al\u0103ture Consiliului de administra\u021bie al Wheels Up. Echipele Wheels Up \u0219i Delta Private Jets colaboreaz\u0103 eficient pentru a se asigura c\u0103 to\u021bi lucr\u0103torii \u0219i clien\u021bii DPJ au parte de o tranzi\u021bie f\u0103r\u0103 probleme. Angaja\u021bii DPJ vor continua s\u0103 lucreze de la actualul sediu din Cincinnati, Ohio.<\/p>\r\n\r\n\r\n\r\n<h2 class=\"wp-block-heading\"><span class=\"ez-toc-section\" id=\"The_Fleet\"><\/span>Flota<span class=\"ez-toc-section-end\"><\/span><\/h2>\r\n\r\n\r\n\r\n<figure class=\"wp-block-image size-full is-style-default\"><img loading=\"lazy\" decoding=\"async\" width=\"1000\" height=\"442\" src=\"https:\/\/comparemyjet.com\/wp-content\/uploads\/2022\/09\/little.plane_.in_.the_.hand_.of_.a.businessman.jpg\" alt=\"Om de afaceri care de\u021bine un avion\" class=\"wp-image-3335\" srcset=\"https:\/\/comparemyjet.com\/wp-content\/uploads\/2022\/09\/little.plane_.in_.the_.hand_.of_.a.businessman-18x8.jpg 18w, https:\/\/comparemyjet.com\/wp-content\/uploads\/2022\/09\/little.plane_.in_.the_.hand_.of_.a.businessman-300x133.jpg 300w, https:\/\/comparemyjet.com\/wp-content\/uploads\/2022\/09\/little.plane_.in_.the_.hand_.of_.a.businessman-768x339.jpg 768w, https:\/\/comparemyjet.com\/wp-content\/uploads\/2022\/09\/little.plane_.in_.the_.hand_.of_.a.businessman.jpg 1000w\" sizes=\"auto, (max-width: 1000px) 100vw, 1000px\" \/><\/figure>\r\n\r\n\r\n\r\n<p>Deoarece Delta a fuzionat acum cu Wheels Up, utilizatorii Delta au acum \u0219i mai multe avantaje. Dac\u0103 sunte\u021bi \u00een c\u0103utarea unui zbor charter privat, Wheels Up ofer\u0103 at\u00e2t aeronave proprii, c\u00e2t \u0219i avioane private de la companii charter de renume. Exist\u0103 peste 1.200 de avioane \u00een gestiunea lor \u0219i 350 de avioane de\u021binute \u0219i controlate de flot\u0103.<\/p>\r\n\r\n\r\n\r\n<p>Cu c\u00e2teva excluderi \u00een func\u021bie de program, firma men\u021bine o politic\u0103 de disponibilitate garantat\u0103. S\u0103 arunc\u0103m o privire la categoriile de avioane.<\/p>\r\n\r\n\r\n\r\n<h3 class=\"wp-block-heading\"><span class=\"ez-toc-section\" id=\"1_Turboprop\"><\/span>1. Turbopropulsoare<span class=\"ez-toc-section-end\"><\/span><\/h3>\r\n\r\n\r\n\r\n<p>Turbopropulsoarele sunt o combina\u021bie de motoare cu reac\u021bie \u0219i elice folosite de motoarele cu piston \u00een aeronavele mai mici. De\u0219i turbopropulsoarele sunt mai zgomotoase, ele sunt mai sigure dec\u00e2t avioanele cu reac\u021bie pentru aterizarea pe piste scurte. Motoarele cu turbopropulsie sunt mai mici \u0219i mai u\u0219oare dec\u00e2t motoarele cu reac\u021bie, ceea ce permite o decolare \u0219i o aterizare mai eficient\u0103, \u00een special pe pistele scurte.&nbsp;<\/p>\r\n\r\n\r\n\r\n<h4 class=\"wp-block-heading\"><span class=\"ez-toc-section\" id=\"Our_recommendation_The_King_Air_350\"><\/span>Recomandarea noastr\u0103: King Air 350<span class=\"ez-toc-section-end\"><\/span><\/h4>\r\n\r\n\r\n\r\n<p>King Air a revenit \u00een ultimii ani, devenind nucleul flotei Wheels Up. Acest turbopropulsor a beneficiat de un marketing inteligent \u0219i creativ \u0219i \u0219i-a rec\u0103p\u0103tat faima.<\/p>\r\n\r\n\r\n\r\n<p>Specifica\u021bii:<\/p>\r\n\r\n\r\n\r\n<ul class=\"wp-block-list\">\r\n<li>Pasageri: 11;<\/li>\r\n\r\n\r\n\r\n<li>\u00cen\u0103l\u021bime: 57 in;<\/li>\r\n\r\n\r\n\r\n<li>Lungime: 19 ft 6 in;<\/li>\r\n\r\n\r\n\r\n<li>L\u0103\u021bime: 54 in;<\/li>\r\n\r\n\r\n\r\n<li>Distan\u021ba maxim\u0103: 1.806 mile nautice;<\/li>\r\n\r\n\r\n\r\n<li>Viteza maxim\u0103 de croazier\u0103: 359 mph;<\/li>\r\n\r\n\r\n\r\n<li>Bagaje (interior): 55 cu ft;<\/li>\r\n\r\n\r\n\r\n<li>Bagaje (exterior): 16 picioare cubi.<\/li>\r\n<\/ul>\r\n\r\n\r\n\r\n<h3 class=\"wp-block-heading\"><span class=\"ez-toc-section\" id=\"2_Light_Private_Jets\"><\/span>2. Avioane private u\u0219oare<span class=\"ez-toc-section-end\"><\/span><\/h3>\r\n\r\n\r\n\r\n<p>\u00cen cazul \u00een care c\u0103l\u0103tori\u021bi cu opt sau mai pu\u021bine persoane \u0219i nu ave\u021bi multe bagaje, un avion privat u\u0219or este o op\u021biune bun\u0103. Ave\u021bi nevoie de un transport rapid \u0219i u\u0219or p\u00e2n\u0103 la destina\u021bie? \u00cen cazul c\u0103l\u0103toriilor de mai pu\u021bin de patru ore, \u00eenchirierea unui avion u\u0219or ar putea fi cea mai bun\u0103 op\u021biune. Aceste avioane au capacitatea de a zbura aproape 1500 de kilometri f\u0103r\u0103 a se opri pentru combustibil. Avioanele u\u0219oare pot g\u0103zdui cu u\u0219urin\u021b\u0103 \u0219ase pasageri, cu o capacitate maxim\u0103 de 9 persoane.<\/p>\r\n\r\n\r\n\r\n<h4 class=\"wp-block-heading\"><span class=\"ez-toc-section\" id=\"Our_Recommendation_The_Hawker_400XP\"><\/span>Recomandarea noastr\u0103: Hawker 400XP<span class=\"ez-toc-section-end\"><\/span><\/h4>\r\n\r\n\r\n\r\n<p>Hawker 400 este un avion u\u0219or cu dou\u0103 motoare. Dup\u0103 ce a fost construit \u0219i fabricat de Mitsubishi, a fost actualizat de Beech Aircraft Company. Este un avion de mici dimensiuni, cu opt locuri \u00eentr-o cabin\u0103 presurizat\u0103, pilotat de un echipaj format din dou\u0103 persoane.<\/p>\r\n\r\n\r\n\r\n<p>Specifica\u021biile Hawker 400XP sunt:<\/p>\r\n\r\n\r\n\r\n<ul class=\"wp-block-list\">\r\n<li>Pasageri: 8;<\/li>\r\n\r\n\r\n\r\n<li>\u00cen\u0103l\u021bimea cabinei: 4 ft 10 in;<\/li>\r\n\r\n\r\n\r\n<li>Lungimea cabinei: 15 ft 7 in;<\/li>\r\n\r\n\r\n\r\n<li>L\u0103\u021bimea cabinei: 4 ft 11 in;<\/li>\r\n\r\n\r\n\r\n<li>Viteza de croazier\u0103: 450 de noduri;&nbsp;<\/li>\r\n\r\n\r\n\r\n<li>Distan\u021ba de zbor: 1.180 mile nautice.<\/li>\r\n<\/ul>\r\n\r\n\r\n\r\n<h3 class=\"wp-block-heading\"><span class=\"ez-toc-section\" id=\"3_Midsize_Private_Jets\"><\/span>3. Avioane private de dimensiuni medii<span class=\"ez-toc-section-end\"><\/span><\/h3>\r\n\r\n\r\n\r\n<p>Dac\u0103 ave\u021bi nevoie de mai multe locuri, de mai mult spa\u021biu pentru cap \u0219i de mai mult spa\u021biu dec\u00e2t v\u0103 poate oferi un avion mic, avioanele private de dimensiuni medii sunt cele mai potrivite pentru a zbura. Acestea sunt perfecte pentru zboruri de aproximativ 4 p\u00e2n\u0103 la 5 ore \u0219i sunt pu\u021bin mai rapide dec\u00e2t omologii lor u\u0219ori.<\/p>\r\n\r\n\r\n\r\n<h4 class=\"wp-block-heading\"><span class=\"ez-toc-section\" id=\"Our_Recommendation_The_Citation_ExcelXLS\"><\/span>Recomandarea noastr\u0103: Cita\u021bia Excel\/XLS<span class=\"ez-toc-section-end\"><\/span><\/h4>\r\n\r\n\r\n\r\n<p><a href=\"https:\/\/comparemyjet.com\/ro\/cessna\/\" data-internallinksmanager029f6b8e52c=\"145\" title=\"Ghidul final pentru avioanele private Cessna \u0219i aeronavele private\">Aeronave Cessna<\/a> Compania a produs Cessna Citation XLS ca prima genera\u021bie de Citation Excel, care a zburat pentru prima dat\u0103 \u00een 2003. Face parte din familia de avioane de afaceri Citation, care include o varietate de modele.<\/p>\r\n\r\n\r\n\r\n<p>Specifica\u021bii:<\/p>\r\n\r\n\r\n\r\n<ul class=\"wp-block-list\">\r\n<li>Pasageri: 8;<\/li>\r\n\r\n\r\n\r\n<li>Gama maxim\u0103: 1989 nm;<\/li>\r\n\r\n\r\n\r\n<li>Viteza maxim\u0103: 433 kts;<\/li>\r\n\r\n\r\n\r\n<li>Rata de urcare: 3500 fpm;<\/li>\r\n\r\n\r\n\r\n<li>\u00cen\u0103l\u021bimea cabinei: 1,70 m;<\/li>\r\n\r\n\r\n\r\n<li>Lungimea cabinei: 18 ft 7 in;<\/li>\r\n\r\n\r\n\r\n<li>L\u0103\u021bimea cabinei: 5 ft 5 in.&nbsp;<\/li>\r\n<\/ul>\r\n\r\n\r\n\r\n<h3 class=\"wp-block-heading\"><span class=\"ez-toc-section\" id=\"4_Super-Midsize_Private_Jets\"><\/span>4. Avioane private de dimensiuni medii&nbsp;<span class=\"ez-toc-section-end\"><\/span><\/h3>\r\n\r\n\r\n\r\n<p>Avioanele cu reac\u021bie supermijlocii sunt mai mici \u0219i mai eficiente din punct de vedere al consumului de combustibil dec\u00e2t avioanele cu reac\u021bie grele, cu o raz\u0103 de ac\u021biune mai mare la un cost mai mic. Dac\u0103 ave\u021bi nevoie de un avion privat cu o raz\u0103 de ac\u021biune mare \u0219i o bun\u0103 capacitate de rulare, pute\u021bi alege un avion cu reac\u021bie din categoria supermijlocie.<\/p>\r\n\r\n\r\n\r\n<h4 class=\"wp-block-heading\"><span class=\"ez-toc-section\" id=\"Our_Recommendation_The_Citation_X\"><\/span>Recomandarea noastr\u0103: Modelul Citation X<span class=\"ez-toc-section-end\"><\/span><\/h4>\r\n\r\n\r\n\r\n<p>Cessna Citation X este o nou\u0103 genera\u021bie de avioane de afaceri de dimensiuni medii, cu o vitez\u0103 sporit\u0103 \u0219i un compartiment de bagaje etan\u0219. Aceast\u0103 aeronav\u0103 este cel mai rapid avion de afaceri produs \u00een prezent, av\u00e2nd \u00een palmares o serie de recorduri de vitez\u0103.<\/p>\r\n\r\n\r\n\r\n<p>Specifica\u021bii:<\/p>\r\n\r\n\r\n\r\n<ul class=\"wp-block-list\">\r\n<li>Pasageri: 8;<\/li>\r\n\r\n\r\n\r\n<li>Viteza maxim\u0103: 525 de noduri;<\/li>\r\n\r\n\r\n\r\n<li>Gama maxim\u0103: 3125 nm;<\/li>\r\n\r\n\r\n\r\n<li>\u00cen\u0103l\u021bimea cabinei: 1,70 m;<\/li>\r\n\r\n\r\n\r\n<li>Lungimea cabinei: 23 ft 9 in<\/li>\r\n\r\n\r\n\r\n<li>L\u0103\u021bimea cabinei: 5 ft 5 in;<\/li>\r\n\r\n\r\n\r\n<li>Distan\u021ba de zbor: 3.111 mile nautice.<\/li>\r\n<\/ul>\r\n\r\n\r\n\r\n<h3 class=\"wp-block-heading\"><span class=\"ez-toc-section\" id=\"5_Large_Private_Jets\"><\/span>5. Avioane private mari<span class=\"ez-toc-section-end\"><\/span><\/h3>\r\n\r\n\r\n\r\n<p>Orice este posibil atunci c\u00e2nd ai acces la aceste avioane private gigantice, extrem de adaptabile \u0219i de ultim\u0103 genera\u021bie. Avioanele grele pot g\u0103zdui \u00een jur de 10 - 15 pasageri sau mai mul\u021bi \u0219i ofer\u0103 spa\u021biu suplimentar pentru picioare \u0219i confort.&nbsp;<\/p>\r\n\r\n\r\n\r\n<h4 class=\"wp-block-heading\"><span class=\"ez-toc-section\" id=\"Our_Recommendation_The_Gulfstream_G450\"><\/span>Recomandarea noastr\u0103: Gulfstream G450<span class=\"ez-toc-section-end\"><\/span><\/h4>\r\n\r\n\r\n\r\n<p>The <a href=\"https:\/\/comparemyjet.com\/ro\/gulfstream\/\" data-internallinksmanager029f6b8e52c=\"175\" title=\"Ghidul final pentru Gulfstream Private Jets &amp; Aircraft\">Gulfstream<\/a> G450 este cel mai fabulos avion cu cabin\u0103 mare din clasa sa.&nbsp;&nbsp;<\/p>\r\n\r\n\r\n\r\n<p>Specifica\u021bii:<\/p>\r\n\r\n\r\n\r\n<ul class=\"wp-block-list\">\r\n<li>Pasageri: 8-14;&nbsp;<\/li>\r\n\r\n\r\n\r\n<li>Gama maxim\u0103: 4350 nm;<\/li>\r\n\r\n\r\n\r\n<li>Viteza maxim\u0103: 586 de noduri;<\/li>\r\n\r\n\r\n\r\n<li>\u00cen\u0103l\u021bimea cabinei: 6 ft 2 in;<\/li>\r\n\r\n\r\n\r\n<li>Lungimea cabinei: 40 ft 4 in;<\/li>\r\n\r\n\r\n\r\n<li>L\u0103\u021bimea cabinei: 7 ft 4 in;<\/li>\r\n\r\n\r\n\r\n<li>Viteza de croazier\u0103: 533 noduri.<\/li>\r\n<\/ul>\r\n\r\n\r\n\r\n<h2 class=\"wp-block-heading\"><span class=\"ez-toc-section\" id=\"Conclusion\"><\/span>Concluzie<span class=\"ez-toc-section-end\"><\/span><\/h2>\r\n\r\n\r\n\r\n<figure class=\"wp-block-image size-full is-style-default\"><img loading=\"lazy\" decoding=\"async\" width=\"1000\" height=\"391\" src=\"https:\/\/comparemyjet.com\/wp-content\/uploads\/A-Delta-Airlines-jet.jpg\" alt=\"Un avion al companiei Delta Airlines\" class=\"wp-image-4402\" srcset=\"https:\/\/comparemyjet.com\/wp-content\/uploads\/A-Delta-Airlines-jet-18x7.jpg 18w, https:\/\/comparemyjet.com\/wp-content\/uploads\/A-Delta-Airlines-jet-300x117.jpg 300w, https:\/\/comparemyjet.com\/wp-content\/uploads\/A-Delta-Airlines-jet-768x300.jpg 768w, https:\/\/comparemyjet.com\/wp-content\/uploads\/A-Delta-Airlines-jet.jpg 1000w\" sizes=\"auto, (max-width: 1000px) 100vw, 1000px\" \/><\/figure>\r\n\r\n\r\n\r\n<p>De\u0219i Delta Private Jets func\u021biona bine \u0219i avea mul\u021bi clien\u021bi mul\u021bumi\u021bi, odat\u0103 cu fuziunea cu Wheels Up, a devenit \u0219i mai bun\u0103. Consulta\u021bi articolul nostru despre Wheels Up la urm\u0103torul link <a href=\"https:\/\/comparemyjet.com\/ro\/pe-roti\/\">link<\/a> pentru a v\u0103 ajuta s\u0103 evalua\u021bi \u0219i s\u0103 v\u0103 alege\u021bi compania de avioane private.&nbsp;<\/p>","protected":false},"excerpt":{"rendered":"<p>Delta Air Lines este cea mai important\u0103 companie aerian\u0103 din lume \u00een ceea ce prive\u0219te bunurile, serviciile, inova\u021bia, fiabilitatea \u0219i experien\u021ba clien\u021bilor din Statele Unite. Compania ofer\u0103 o experien\u021b\u0103 de c\u0103l\u0103torie de clas\u0103 mondial\u0103, ob\u021bin\u00e2nd \u00een acela\u0219i timp randamente de top \u00een industrie pentru ac\u021bionari.  Delta private jets, serviciul charter al companiei aeriene, a \u00eencheiat un parteneriat cu prima marc\u0103 de avia\u021bie privat\u0103 Wheels Up pentru a ...<\/p>","protected":false},"author":1,"featured_media":4400,"parent":0,"menu_order":0,"comment_status":"closed","ping_status":"closed","template":"","meta":{"_acf_changed":false,"_genesis_hide_title":false,"_genesis_hide_breadcrumbs":false,"_genesis_hide_singular_image":false,"_genesis_hide_footer_widgets":false,"_genesis_custom_body_class":"","_genesis_custom_post_class":"","_genesis_layout":"","footnotes":""},"class_list":{"1":"page","2":"type-page","6":"entry"},"acf":[],"_links":{"self":[{"href":"https:\/\/comparemyjet.com\/ro\/wp-json\/wp\/v2\/pages\/4399","targetHints":{"allow":["GET"]}}],"collection":[{"href":"https:\/\/comparemyjet.com\/ro\/wp-json\/wp\/v2\/pages"}],"about":[{"href":"https:\/\/comparemyjet.com\/ro\/wp-json\/wp\/v2\/types\/page"}],"author":[{"embeddable":true,"href":"https:\/\/comparemyjet.com\/ro\/wp-json\/wp\/v2\/users\/1"}],"replies":[{"embeddable":true,"href":"https:\/\/comparemyjet.com\/ro\/wp-json\/wp\/v2\/comments?post=4399"}],"version-history":[{"count":2,"href":"https:\/\/comparemyjet.com\/ro\/wp-json\/wp\/v2\/pages\/4399\/revisions"}],"predecessor-version":[{"id":4434,"href":"https:\/\/comparemyjet.com\/ro\/wp-json\/wp\/v2\/pages\/4399\/revisions\/4434"}],"wp:featuredmedia":[{"embeddable":true,"href":"https:\/\/comparemyjet.com\/ro\/wp-json\/wp\/v2\/media\/4400"}],"wp:attachment":[{"href":"https:\/\/comparemyjet.com\/ro\/wp-json\/wp\/v2\/media?parent=4399"}],"curies":[{"name":"wp","href":"https:\/\/api.w.org\/{rel}","templated":true}]}}