{"id":2083,"date":"2021-09-06T19:52:47","date_gmt":"2021-09-06T19:52:47","guid":{"rendered":"https:\/\/comparemyjet.com\/?page_id=2083"},"modified":"2025-09-04T09:58:22","modified_gmt":"2025-09-04T09:58:22","slug":"hur-mycket-kostar-flygtaxi","status":"publish","type":"page","link":"https:\/\/comparemyjet.com\/sv\/hur-mycket-kostar-flygtaxi\/","title":{"rendered":"Hur mycket kostar en flygtaxi?"},"content":{"rendered":"<p>Tid \u00e4r en dyrbar g\u00e5va, det kan vi alla h\u00e5lla med om, och det \u00e4r d\u00e4rf\u00f6r m\u00e5nga m\u00e4nniskor letar efter s\u00e4tt att n\u00e5 sina destinationer snabbare. Ibland \u00e4r en destination f\u00f6r l\u00e5ngt bort f\u00f6r att k\u00f6ra och vi vill n\u00e5 den p\u00e5 bara n\u00e5gra minuter av n\u00e5gon anledning.<\/p>\n\n\n\n<p>Forts\u00e4tt l\u00e4sa det h\u00e4r f\u00f6r att ta reda p\u00e5 hur en flygtaxi kan spara tid, hur den fungerar och hur mycket det kostar att hyra en flygtaxi.&nbsp;<\/p>\n\n\n\n<div id=\"ez-toc-container\" class=\"ez-toc-v2_0_76 counter-hierarchy ez-toc-counter ez-toc-grey ez-toc-container-direction\">\n<p class=\"ez-toc-title\" style=\"cursor:inherit\">\u00c4mnen<\/p>\n<label for=\"ez-toc-cssicon-toggle-item-69d73feb0e08f\" class=\"ez-toc-cssicon-toggle-label\"><span class=\"\"><span class=\"eztoc-hide\" style=\"display:none;\">V\u00e4xel<\/span><span class=\"ez-toc-icon-toggle-span\"><svg style=\"fill: #999;color:#999\" xmlns=\"http:\/\/www.w3.org\/2000\/svg\" class=\"list-377408\" width=\"20px\" height=\"20px\" viewbox=\"0 0 24 24\" fill=\"none\"><path d=\"M6 6H4v2h2V6zm14 0H8v2h12V6zM4 11h2v2H4v-2zm16 0H8v2h12v-2zM4 16h2v2H4v-2zm16 0H8v2h12v-2z\" fill=\"currentColor\"><\/path><\/svg><svg style=\"fill: #999;color:#999\" class=\"arrow-unsorted-368013\" xmlns=\"http:\/\/www.w3.org\/2000\/svg\" width=\"10px\" height=\"10px\" viewbox=\"0 0 24 24\" version=\"1.2\" baseprofile=\"tiny\"><path d=\"M18.2 9.3l-6.2-6.3-6.2 6.3c-.2.2-.3.4-.3.7s.1.5.3.7c.2.2.4.3.7.3h11c.3 0 .5-.1.7-.3.2-.2.3-.5.3-.7s-.1-.5-.3-.7zM5.8 14.7l6.2 6.3 6.2-6.3c.2-.2.3-.5.3-.7s-.1-.5-.3-.7c-.2-.2-.4-.3-.7-.3h-11c-.3 0-.5.1-.7.3-.2.2-.3.5-.3.7s.1.5.3.7z\"\/><\/svg><\/span><\/span><\/label><input type=\"checkbox\"  id=\"ez-toc-cssicon-toggle-item-69d73feb0e08f\" checked aria-label=\"V\u00e4xel\" \/><nav><ul class='ez-toc-list ez-toc-list-level-1' ><li class='ez-toc-page-1 ez-toc-heading-level-2'><a class=\"ez-toc-link ez-toc-heading-1\" href=\"https:\/\/comparemyjet.com\/sv\/hur-mycket-kostar-flygtaxi\/#Whats_an_Air_Taxi\" >Vad \u00e4r en flygtaxi?<\/a><ul class='ez-toc-list-level-3' ><li class='ez-toc-heading-level-3'><a class=\"ez-toc-link ez-toc-heading-2\" href=\"https:\/\/comparemyjet.com\/sv\/hur-mycket-kostar-flygtaxi\/#When_Would_You_Need_an_Air_Taxi\" >N\u00e4r beh\u00f6ver du en flygtaxi?<\/a><\/li><\/ul><\/li><li class='ez-toc-page-1 ez-toc-heading-level-2'><a class=\"ez-toc-link ez-toc-heading-3\" href=\"https:\/\/comparemyjet.com\/sv\/hur-mycket-kostar-flygtaxi\/#Whats_the_Price_Of_an_Air_Taxi\" >Vad kostar en flygtaxi?<\/a><ul class='ez-toc-list-level-3' ><li class='ez-toc-heading-level-3'><a class=\"ez-toc-link ez-toc-heading-4\" href=\"https:\/\/comparemyjet.com\/sv\/hur-mycket-kostar-flygtaxi\/#How_It_Works\" >Hur det fungerar<\/a><ul class='ez-toc-list-level-4' ><li class='ez-toc-heading-level-4'><a class=\"ez-toc-link ez-toc-heading-5\" href=\"https:\/\/comparemyjet.com\/sv\/hur-mycket-kostar-flygtaxi\/#LaGuardia_%E2%80%93_JFK\" >LaGuardia - JFK<\/a><\/li><li class='ez-toc-page-1 ez-toc-heading-level-4'><a class=\"ez-toc-link ez-toc-heading-6\" href=\"https:\/\/comparemyjet.com\/sv\/hur-mycket-kostar-flygtaxi\/#London_Luton_%E2%80%93_London_Heathrow\" >London Luton - London Heathrow<\/a><\/li><li class='ez-toc-page-1 ez-toc-heading-level-4'><a class=\"ez-toc-link ez-toc-heading-7\" href=\"https:\/\/comparemyjet.com\/sv\/hur-mycket-kostar-flygtaxi\/#Paris_Orly_%E2%80%93_Paris_Charles_de_Gaulle\" >Paris Orly - Paris Charles de Gaulle<\/a><\/li><li class='ez-toc-page-1 ez-toc-heading-level-4'><a class=\"ez-toc-link ez-toc-heading-8\" href=\"https:\/\/comparemyjet.com\/sv\/hur-mycket-kostar-flygtaxi\/#New_York_%E2%80%93_Miami\" >New York - Miami<\/a><\/li><li class='ez-toc-page-1 ez-toc-heading-level-4'><a class=\"ez-toc-link ez-toc-heading-9\" href=\"https:\/\/comparemyjet.com\/sv\/hur-mycket-kostar-flygtaxi\/#London_%E2%80%93_Amsterdam\" >London - Amsterdam<\/a><\/li><li class='ez-toc-page-1 ez-toc-heading-level-4'><a class=\"ez-toc-link ez-toc-heading-10\" href=\"https:\/\/comparemyjet.com\/sv\/hur-mycket-kostar-flygtaxi\/#London_%E2%80%93_Rome\" >London - Rom<\/a><\/li><li class='ez-toc-page-1 ez-toc-heading-level-4'><a class=\"ez-toc-link ez-toc-heading-11\" href=\"https:\/\/comparemyjet.com\/sv\/hur-mycket-kostar-flygtaxi\/#London_%E2%80%93_Moscow\" >London - Moskva<\/a><\/li><li class='ez-toc-page-1 ez-toc-heading-level-4'><a class=\"ez-toc-link ez-toc-heading-12\" href=\"https:\/\/comparemyjet.com\/sv\/hur-mycket-kostar-flygtaxi\/#New_York_%E2%80%93_Las_Vegas\" >New York - Las Vegas<\/a><\/li><li class='ez-toc-page-1 ez-toc-heading-level-4'><a class=\"ez-toc-link ez-toc-heading-13\" href=\"https:\/\/comparemyjet.com\/sv\/hur-mycket-kostar-flygtaxi\/#Barcelona_%E2%80%93_Ibiza\" >Barcelona - Ibiza<\/a><\/li><\/ul><\/li><\/ul><\/li><li class='ez-toc-page-1 ez-toc-heading-level-2'><a class=\"ez-toc-link ez-toc-heading-14\" href=\"https:\/\/comparemyjet.com\/sv\/hur-mycket-kostar-flygtaxi\/#Companies_That_Offer_Air_Taxi_Services\" >F\u00f6retag som erbjuder flygtaxi<\/a><ul class='ez-toc-list-level-3' ><li class='ez-toc-heading-level-3'><a class=\"ez-toc-link ez-toc-heading-15\" href=\"https:\/\/comparemyjet.com\/sv\/hur-mycket-kostar-flygtaxi\/#Propair\" >Reparation<\/a><\/li><li class='ez-toc-page-1 ez-toc-heading-level-3'><a class=\"ez-toc-link ez-toc-heading-16\" href=\"https:\/\/comparemyjet.com\/sv\/hur-mycket-kostar-flygtaxi\/#SkyMax\" >SkyMax<\/a><\/li><li class='ez-toc-page-1 ez-toc-heading-level-3'><a class=\"ez-toc-link ez-toc-heading-17\" href=\"https:\/\/comparemyjet.com\/sv\/hur-mycket-kostar-flygtaxi\/#Airstream_Jets\" >Airstream Jets<\/a><\/li><\/ul><\/li><li class='ez-toc-page-1 ez-toc-heading-level-2'><a class=\"ez-toc-link ez-toc-heading-18\" href=\"https:\/\/comparemyjet.com\/sv\/hur-mycket-kostar-flygtaxi\/#Summary\" >Sammanfattning<\/a><\/li><\/ul><\/nav><\/div>\n<h2 class=\"wp-block-heading\"><span class=\"ez-toc-section\" id=\"Whats_an_Air_Taxi\"><\/span>Vad \u00e4r en flygtaxi?<span class=\"ez-toc-section-end\"><\/span><\/h2>\n\n\n\n<p>Den tj\u00e4nst som vi kommer att diskutera i den h\u00e4r artikeln ska inte f\u00f6rv\u00e4xlas med flygande bilar, som <a href=\"https:\/\/www.bbc.com\/future\/article\/20201111-the-flying-car-is-here-vtols-jetpacks-and-air-taxis\" target=\"_blank\" rel=\"noreferrer noopener nofollow\">finns ocks\u00e5.<\/a> och g\u00e5 under samma namn. I det h\u00e4r fallet anv\u00e4nds termen flygtaxi f\u00f6r att beskriva en privatjet som flyger p\u00e5 korta str\u00e4ckor.<\/p>\n\n\n\n<p>N\u00e4r du hyr en flygtaxi hyr du ett flygplan, som kan vara litet, medelstort eller stort. I vilket fall som helst kommer det att vara ett jetplan som tar dig fr\u00e5n en plats till en annan.&nbsp;<\/p>\n\n\n\n<h3 class=\"wp-block-heading\"><span class=\"ez-toc-section\" id=\"When_Would_You_Need_an_Air_Taxi\"><\/span>N\u00e4r beh\u00f6ver du en flygtaxi?<span class=\"ez-toc-section-end\"><\/span><\/h3>\n\n\n\n<p>Det finns flera tillf\u00e4llen d\u00e5 du beh\u00f6ver en flygtaxi. Den kan anv\u00e4ndas oavsett om du flyger med ett privat jetplan eller om du tar ett kommersiellt flyg. M\u00e5nga g\u00e5nger, beroende p\u00e5 vilken destination du tar, beh\u00f6ver du transitera fr\u00e5n en flygplats till en annan, i samma stad.<\/p>\n\n\n\n<p>Ist\u00e4llet f\u00f6r att k\u00f6ra i timmar, l\u00e5t oss s\u00e4ga fr\u00e5n <a href=\"https:\/\/comparemyjet.com\/sv\/hotels\/lga-hotels\/\" data-internallinksmanager029f6b8e52c=\"516\" title=\"11 b\u00e4sta hotellen n\u00e4ra LaGuardia flygplats\">LaGuardia flygplats<\/a> till <a href=\"https:\/\/comparemyjet.com\/sv\/hotels\/jfk-hotels\/\" data-internallinksmanager029f6b8e52c=\"472\" title=\"11 b\u00e4sta hotellen n\u00e4ra John F. Kennedy International Airport\">JFK<\/a>kan du ta ett litet jetplan, \u00e4ven kallat flygtaxi, och vara framme p\u00e5 bara n\u00e5gra minuter. Det tar f\u00f6rresten cirka 12 minuter fr\u00e5n den ena punkten till den andra med en flygtaxi, men om du v\u00e4ljer att \u00e5ka bil m\u00e5ste du k\u00f6ra i 1 timme eller l\u00e4ngre om det \u00e4r mycket trafik.&nbsp;<\/p>\n\n\n\n<p>S\u00e4g att du bor n\u00e5gonstans utanf\u00f6r <a href=\"https:\/\/comparemyjet.com\/sv\/privata-turer\/paris-private-tours\/\" data-internallinksmanager029f6b8e52c=\"252\" title=\"11 b\u00e4sta privata turer i Paris fr\u00e5n $68.94\">Paris<\/a>och m\u00e5ste vara p\u00e5 Charles de Gaulle-flygplatsen vid en viss tidpunkt f\u00f6r att hinna med ett flyg. Om det finns en plats i n\u00e4rheten d\u00e4r ett litet jetplan kan landa kan det ta dig direkt till flygplatsen, s\u00e5 att du inte beh\u00f6ver l\u00e4mna huset sex timmar f\u00f6re flyget.<\/p>\n\n\n\n<figure class=\"wp-block-image size-large\"><img loading=\"lazy\" decoding=\"async\" width=\"1024\" height=\"683\" src=\"https:\/\/comparemyjet.com\/wp-content\/uploads\/2021\/08\/How-Much-Does-an-Air-Taxi-Cost-1-1024x683.jpg\" alt=\"Hur mycket kostar en flygtaxi 1\" class=\"wp-image-2086\" srcset=\"https:\/\/comparemyjet.com\/wp-content\/uploads\/2021\/08\/How-Much-Does-an-Air-Taxi-Cost-1-300x200.jpg 300w, https:\/\/comparemyjet.com\/wp-content\/uploads\/2021\/08\/How-Much-Does-an-Air-Taxi-Cost-1-768x512.jpg 768w, https:\/\/comparemyjet.com\/wp-content\/uploads\/2021\/08\/How-Much-Does-an-Air-Taxi-Cost-1-1024x683.jpg 1024w, https:\/\/comparemyjet.com\/wp-content\/uploads\/2021\/08\/How-Much-Does-an-Air-Taxi-Cost-1-1536x1025.jpg 1536w, https:\/\/comparemyjet.com\/wp-content\/uploads\/2021\/08\/How-Much-Does-an-Air-Taxi-Cost-1.jpg 1920w\" sizes=\"auto, (max-width: 1024px) 100vw, 1024px\" \/><\/figure>\n\n\n\n<h2 class=\"wp-block-heading\"><span class=\"ez-toc-section\" id=\"Whats_the_Price_Of_an_Air_Taxi\"><\/span>Vad kostar en flygtaxi?<span class=\"ez-toc-section-end\"><\/span><\/h2>\n\n\n\n<p>Jag antar att detta \u00e4r de viktigaste uppgifterna som du kom f\u00f6r att samla in. Vad vi \u00e4n g\u00f6r i livet m\u00e5ste vi veta hur mycket det kommer att kosta oss i slut\u00e4ndan. Flygtaxi kan vara ganska dyrt, men ocks\u00e5 \u00f6verkomligt beroende p\u00e5 flera variabler.<\/p>\n\n\n\n<p>Priset p\u00e5 flygtaxin beror p\u00e5 antalet passagerare, flygplansstorlek, destinationen du reser till och tidpunkten f\u00f6r bokningen. L\u00e5t oss ta en titt p\u00e5 priserna n\u00e4r det g\u00e4ller olika rutter.<\/p>\n\n\n\n<h3 class=\"wp-block-heading\"><span class=\"ez-toc-section\" id=\"How_It_Works\"><\/span>Hur det fungerar<span class=\"ez-toc-section-end\"><\/span><\/h3>\n\n\n\n<p>Observera att priserna i tabellen nedan g\u00e4ller f\u00f6r hyra av en hel jet. Observera att priset \u00e4r <strong>inte<\/strong> per person, men b\u00f6r delas med antalet resen\u00e4rer.<\/p>\n\n\n\n<p>Om t.ex. flygningen kostar $4 000, inneb\u00e4r det att tv\u00e5 passagerare betalar $2 000 vardera. Men om det finns plats f\u00f6r ytterligare tv\u00e5 personer i flygplanet f\u00f6r att n\u00e5 upp till, l\u00e5t oss s\u00e4ga dess maximala kapacitet p\u00e5 fyra personer, skulle varje passagerare betala $1 000.<\/p>\n\n\n\n<p>*Personal jet inneb\u00e4r att det inte finns andra, eventuellt slumpm\u00e4ssiga, passagerare ombord.<\/p>\n\n\n\n<p>* Ett l\u00e4tt jetflygplan \u00e4r vanligtvis l\u00e5ngsammare \u00e4n de andra och har en begr\u00e4nsad kapacitet f\u00f6r bagage.<\/p>\n\n\n\n<div class=\"wp-block-image\"><figure class=\"aligncenter size-large\"><img loading=\"lazy\" decoding=\"async\" width=\"683\" height=\"1024\" src=\"https:\/\/comparemyjet.com\/wp-content\/uploads\/2021\/08\/How-Much-Does-an-Air-Taxi-Cost-2-683x1024.jpg\" alt=\"sp\u00e5r av flygplan p\u00e5 himlen\" class=\"wp-image-2087\" srcset=\"https:\/\/comparemyjet.com\/wp-content\/uploads\/2021\/08\/How-Much-Does-an-Air-Taxi-Cost-2-200x300.jpg 200w, https:\/\/comparemyjet.com\/wp-content\/uploads\/2021\/08\/How-Much-Does-an-Air-Taxi-Cost-2-683x1024.jpg 683w, https:\/\/comparemyjet.com\/wp-content\/uploads\/2021\/08\/How-Much-Does-an-Air-Taxi-Cost-2-768x1152.jpg 768w, https:\/\/comparemyjet.com\/wp-content\/uploads\/2021\/08\/How-Much-Does-an-Air-Taxi-Cost-2-1024x1536.jpg 1024w, https:\/\/comparemyjet.com\/wp-content\/uploads\/2021\/08\/How-Much-Does-an-Air-Taxi-Cost-2-1365x2048.jpg 1365w, https:\/\/comparemyjet.com\/wp-content\/uploads\/2021\/08\/How-Much-Does-an-Air-Taxi-Cost-2-scaled.jpg 1707w\" sizes=\"auto, (max-width: 683px) 100vw, 683px\" \/><\/figure><\/div>\n\n\n\n<h4 class=\"wp-block-heading\"><span class=\"ez-toc-section\" id=\"LaGuardia_%E2%80%93_JFK\"><\/span>LaGuardia - JFK<span class=\"ez-toc-section-end\"><\/span><\/h4>\n\n\n\n<figure class=\"wp-block-table\"><table><tbody><tr><td>Jetstorlek eller typ&nbsp;<\/td><td>Maximalt antal passagerare<\/td><td>Pris&nbsp;<\/td><\/tr><tr><td>Liten<\/td><td>3<\/td><td>$1,700 &#8211; $2,500<\/td><\/tr><tr><td>Medelstor<\/td><td>5<\/td><td>$2,300 &#8211; $3,300<\/td><\/tr><tr><td>Stor&nbsp;<\/td><td>7<\/td><td>$2,400 &#8211; $3,500<\/td><\/tr><tr><td>L\u00e4tt jetflygplan<\/td><td>6<\/td><td>$6,500 &#8211; $7,200<\/td><\/tr><tr><td>Personligt jetplan<\/td><td>4<\/td><td>$10,000 &#8211; $13,000<\/td><\/tr><tr><td>Stor&nbsp;<\/td><td>12<\/td><td>$13,000 &#8211; $15,000<\/td><\/tr><\/tbody><\/table><\/figure>\n\n\n\n<h4 class=\"wp-block-heading\"><span class=\"ez-toc-section\" id=\"London_Luton_%E2%80%93_London_Heathrow\"><\/span>London Luton - London Heathrow<span class=\"ez-toc-section-end\"><\/span><\/h4>\n\n\n\n<figure class=\"wp-block-table\"><table><tbody><tr><td>Jetstorlek eller typ&nbsp;<\/td><td>Maximalt antal passagerare<\/td><td>Pris&nbsp;<\/td><\/tr><tr><td>Liten<\/td><td>8<\/td><td>$5,200 (ca.)<\/td><\/tr><tr><td>L\u00e4tt jetflygplan<\/td><td>9<\/td><td>$6,500 (ca.)<\/td><\/tr><tr><td>Medelstor<\/td><td>9<\/td><td>$13,000 (ca.)<\/td><\/tr><tr><td>Tungt jetflygplan<\/td><td>62<\/td><td>$12,500 (ca.)<\/td><\/tr><\/tbody><\/table><\/figure>\n\n\n\n<h4 class=\"wp-block-heading\"><span class=\"ez-toc-section\" id=\"Paris_Orly_%E2%80%93_Paris_Charles_de_Gaulle\"><\/span>Paris Orly - Paris Charles de Gaulle<span class=\"ez-toc-section-end\"><\/span><\/h4>\n\n\n\n<figure class=\"wp-block-table\"><table><tbody><tr><td>Jetstorlek eller typ&nbsp;<\/td><td>Maximalt antal passagerare<\/td><td>Pris&nbsp;<\/td><\/tr><tr><td>Liten<\/td><td>8<\/td><td>$5,400 (ca.)<\/td><\/tr><tr><td>L\u00e4tt jetflygplan<\/td><td>11<\/td><td>$4,000 (ca.)<\/td><\/tr><tr><td>Medelstor<\/td><td>10<\/td><td>$10,200 (ca.)<\/td><\/tr><tr><td>Tungt jetflygplan<\/td><td>72<\/td><td>$13,000 (ca.)<\/td><\/tr><\/tbody><\/table><\/figure>\n\n\n\n<p>Det verkar som om du har f\u00e5tt en uppfattning om priserna n\u00e4r det g\u00e4ller transport fr\u00e5n en flygplats till en annan inom ett visst omr\u00e5de. L\u00e5t oss nu g\u00e5 lite l\u00e4ngre och se p\u00e5 priserna fr\u00e5n stad till stad, och till och med internationellt.<\/p>\n\n\n\n<h4 class=\"wp-block-heading\"><span class=\"ez-toc-section\" id=\"New_York_%E2%80%93_Miami\"><\/span>New York - Miami<span class=\"ez-toc-section-end\"><\/span><\/h4>\n\n\n\n<figure class=\"wp-block-table\"><table><tbody><tr><td>Jetstorlek eller typ&nbsp;<\/td><td>Maximalt antal passagerare<\/td><td>Pris&nbsp;<\/td><\/tr><tr><td>Liten<\/td><td>8<\/td><td>$5,200 (ca.)<\/td><\/tr><tr><td>L\u00e4tt jetflygplan<\/td><td>9<\/td><td>$6,500 (ca.)<\/td><\/tr><tr><td>Medelstor<\/td><td>9<\/td><td>$13,000 (ca.)<\/td><\/tr><tr><td>Tungt jetflygplan<\/td><td>62<\/td><td>$12,500 (ca.)<\/td><\/tr><\/tbody><\/table><\/figure>\n\n\n\n<h4 class=\"wp-block-heading\"><span class=\"ez-toc-section\" id=\"London_%E2%80%93_Amsterdam\"><\/span>London - Amsterdam<span class=\"ez-toc-section-end\"><\/span><\/h4>\n\n\n\n<figure class=\"wp-block-table\"><table><tbody><tr><td>Jetstorlek eller typ&nbsp;<\/td><td>Maximalt antal passagerare<\/td><td>Pris&nbsp;<\/td><\/tr><tr><td>Liten<\/td><td>8<\/td><td>$6,200 (ca.)<\/td><\/tr><tr><td>L\u00e4tt jetflygplan<\/td><td>11<\/td><td>$6,500 (ca.)<\/td><\/tr><tr><td>Medelstor<\/td><td>10<\/td><td>$12,900 (ca.)<\/td><\/tr><tr><td>Tungt jetflygplan<\/td><td>96<\/td><td>$13,300 (app.)<\/td><\/tr><\/tbody><\/table><\/figure>\n\n\n\n<h4 class=\"wp-block-heading\"><span class=\"ez-toc-section\" id=\"London_%E2%80%93_Rome\"><\/span>London - Rom<span class=\"ez-toc-section-end\"><\/span><\/h4>\n\n\n\n<figure class=\"wp-block-table\"><table><tbody><tr><td>Jetstorlek eller typ&nbsp;<\/td><td>Maximalt antal passagerare<\/td><td>Pris&nbsp;<\/td><\/tr><tr><td>Liten<\/td><td>18<\/td><td>$13,300 (app.)<\/td><\/tr><tr><td>L\u00e4tt jetflygplan<\/td><td>11<\/td><td>$11,600 (ca.)<\/td><\/tr><tr><td>Medelstor<\/td><td>10<\/td><td>$21,500 (ca.)<\/td><\/tr><tr><td>Tungt jetflygplan<\/td><td>96<\/td><td>$29,800 (ca.)<\/td><\/tr><\/tbody><\/table><\/figure>\n\n\n\n<h4 class=\"wp-block-heading\"><span class=\"ez-toc-section\" id=\"London_%E2%80%93_Moscow\"><\/span>London - Moskva<span class=\"ez-toc-section-end\"><\/span><\/h4>\n\n\n\n<figure class=\"wp-block-table\"><table><tbody><tr><td>Jetstorlek eller typ&nbsp;<\/td><td>Maximalt antal passagerare<\/td><td>Pris&nbsp;<\/td><\/tr><tr><td>Liten<\/td><td>19<\/td><td>$27,500 (ca.)<\/td><\/tr><tr><td>L\u00e4tt jetflygplan<\/td><td>11<\/td><td>$24,300 (app.)<\/td><\/tr><tr><td>Medelstor<\/td><td>10<\/td><td>$29,200 (app.)<\/td><\/tr><tr><td>Tungt jetflygplan<\/td><td>96<\/td><td>$31,200 (app.)<\/td><\/tr><\/tbody><\/table><\/figure>\n\n\n\n<h4 class=\"wp-block-heading\"><span class=\"ez-toc-section\" id=\"New_York_%E2%80%93_Las_Vegas\"><\/span>New York - Las Vegas<span class=\"ez-toc-section-end\"><\/span><\/h4>\n\n\n\n<figure class=\"wp-block-table\"><table><tbody><tr><td>Jetstorlek eller typ&nbsp;<\/td><td>Maximalt antal passagerare<\/td><td>Pris&nbsp;<\/td><\/tr><tr><td>Liten<\/td><td>9<\/td><td>$26,700 (app.)<\/td><\/tr><tr><td>L\u00e4tt jetflygplan<\/td><td>9<\/td><td>$27,100 (app.)<\/td><\/tr><tr><td>Medelstor<\/td><td>10<\/td><td>$33,500 (ca.)<\/td><\/tr><tr><td>Tungt jetflygplan<\/td><td>18<\/td><td>$40,600 (ca.)<\/td><\/tr><\/tbody><\/table><\/figure>\n\n\n\n<h4 class=\"wp-block-heading\"><span class=\"ez-toc-section\" id=\"Barcelona_%E2%80%93_Ibiza\"><\/span>Barcelona - Ibiza<span class=\"ez-toc-section-end\"><\/span><\/h4>\n\n\n\n<figure class=\"wp-block-table\"><table><tbody><tr><td>Jetstorlek eller typ&nbsp;<\/td><td>Maximalt antal passagerare<\/td><td>Pris&nbsp;<\/td><\/tr><tr><td>Liten<\/td><td>19<\/td><td>$9,600 (ca.)<\/td><\/tr><tr><td>L\u00e4tt jetflygplan<\/td><td>11<\/td><td>$4,500 (ca.)<\/td><\/tr><tr><td>Medelstor<\/td><td>10<\/td><td>$10,500 (ca.)<\/td><\/tr><tr><td>Tungt jetflygplan<\/td><td>72<\/td><td>$10,900 (ca.)<\/td><\/tr><\/tbody><\/table><\/figure>\n\n\n\n<h2 class=\"wp-block-heading\"><span class=\"ez-toc-section\" id=\"Companies_That_Offer_Air_Taxi_Services\"><\/span>F\u00f6retag som erbjuder flygtaxi<span class=\"ez-toc-section-end\"><\/span><\/h2>\n\n\n\n<p>Det enda som \u00e5terst\u00e5r \u00e4r hur man faktiskt hittar och bokar en flygtaxi. Jag har gjort min research, s\u00e5 h\u00e4r \u00e4r n\u00e5gra f\u00f6retag du kan kolla in som \u00e4r ledande inom branschen.<\/p>\n\n\n\n<h3 class=\"wp-block-heading\"><span class=\"ez-toc-section\" id=\"Propair\"><\/span><a href=\"https:\/\/propair.ca\/\" target=\"_blank\" rel=\"noreferrer noopener nofollow\">Reparation<\/a><span class=\"ez-toc-section-end\"><\/span><\/h3>\n\n\n\n<figure class=\"wp-block-image size-large\"><img loading=\"lazy\" decoding=\"async\" width=\"1024\" height=\"423\" src=\"https:\/\/comparemyjet.com\/wp-content\/uploads\/2021\/08\/How-Much-Does-an-Air-Taxi-Cost-3-1024x423.jpg\" alt=\"propair\" class=\"wp-image-2088\" srcset=\"https:\/\/comparemyjet.com\/wp-content\/uploads\/2021\/08\/How-Much-Does-an-Air-Taxi-Cost-3-300x124.jpg 300w, https:\/\/comparemyjet.com\/wp-content\/uploads\/2021\/08\/How-Much-Does-an-Air-Taxi-Cost-3-768x317.jpg 768w, https:\/\/comparemyjet.com\/wp-content\/uploads\/2021\/08\/How-Much-Does-an-Air-Taxi-Cost-3-1024x423.jpg 1024w, https:\/\/comparemyjet.com\/wp-content\/uploads\/2021\/08\/How-Much-Does-an-Air-Taxi-Cost-3-1536x635.jpg 1536w, https:\/\/comparemyjet.com\/wp-content\/uploads\/2021\/08\/How-Much-Does-an-Air-Taxi-Cost-3.jpg 1900w\" sizes=\"auto, (max-width: 1024px) 100vw, 1024px\" \/><\/figure>\n\n\n\n<p>Propair \u00e4r ett f\u00f6retag baserat i Quebec, Kanada, med stor erfarenhet av att chartra flygningar och hyra ut flygtaxi till passagerare. Det grundades 1953 och har varit ett p\u00e5litligt f\u00f6retag sedan dess.<\/p>\n\n\n\n<p>F\u00f6retaget har en flotta p\u00e5 13 flygplan. Dess huvudbas ligger p\u00e5 Rouyn-Noranda flygplats. De flesta av de flygningar som f\u00f6retaget erbjuder g\u00e5r i omloppsbana runt Kanada och USA. Med detta sagt erbjuder Propair \u00e4ven underh\u00e5ll av jetplan, br\u00e4nslehantering samt frakttj\u00e4nster.<\/p>\n\n\n\n<h3 class=\"wp-block-heading\"><span class=\"ez-toc-section\" id=\"SkyMax\"><\/span><a href=\"https:\/\/skymax.com\/\" target=\"_blank\" rel=\"noreferrer noopener nofollow\">SkyMax<\/a><span class=\"ez-toc-section-end\"><\/span><\/h3>\n\n\n\n<div class=\"wp-block-image\"><figure class=\"aligncenter size-large\"><img loading=\"lazy\" decoding=\"async\" width=\"1024\" height=\"417\" src=\"https:\/\/comparemyjet.com\/wp-content\/uploads\/2021\/08\/How-Much-Does-an-Air-Taxi-Cost-4-1024x417.jpg\" alt=\"skymax\" class=\"wp-image-2089\" srcset=\"https:\/\/comparemyjet.com\/wp-content\/uploads\/2021\/08\/How-Much-Does-an-Air-Taxi-Cost-4-300x122.jpg 300w, https:\/\/comparemyjet.com\/wp-content\/uploads\/2021\/08\/How-Much-Does-an-Air-Taxi-Cost-4-768x313.jpg 768w, https:\/\/comparemyjet.com\/wp-content\/uploads\/2021\/08\/How-Much-Does-an-Air-Taxi-Cost-4-1024x417.jpg 1024w, https:\/\/comparemyjet.com\/wp-content\/uploads\/2021\/08\/How-Much-Does-an-Air-Taxi-Cost-4-1536x626.jpg 1536w, https:\/\/comparemyjet.com\/wp-content\/uploads\/2021\/08\/How-Much-Does-an-Air-Taxi-Cost-4.jpg 1881w\" sizes=\"auto, (max-width: 1024px) 100vw, 1024px\" \/><\/figure><\/div>\n\n\n\n<p>SkyMax \u00e4r inte ett vanligt jetcharterf\u00f6retag, men det kan vara av intresse f\u00f6r dig om du beh\u00f6ver transportera gods. SkyMax \u00e4r faktiskt ett f\u00f6retag som tar hand om din last, observera bara att det huvudsakligen flyger runt USA och Karibien.&nbsp;&nbsp;&nbsp;<\/p>\n\n\n\n<p>F\u00f6retaget har en flotta p\u00e5 fyra flygplan - tv\u00e5 sm\u00e5 och tv\u00e5 st\u00f6rre.<\/p>\n\n\n\n<h3 class=\"wp-block-heading\"><span class=\"ez-toc-section\" id=\"Airstream_Jets\"><\/span><a href=\"https:\/\/airstreamjets.com\/\" target=\"_blank\" rel=\"noreferrer noopener nofollow\">Airstream Jets<\/a><span class=\"ez-toc-section-end\"><\/span><\/h3>\n\n\n\n<figure class=\"wp-block-image size-large\"><img loading=\"lazy\" decoding=\"async\" width=\"1024\" height=\"425\" src=\"https:\/\/comparemyjet.com\/wp-content\/uploads\/2021\/08\/How-Much-Does-an-Air-Taxi-Cost-5-1024x425.jpg\" alt=\"luftstr\u00e5lejetter\" class=\"wp-image-2090\" srcset=\"https:\/\/comparemyjet.com\/wp-content\/uploads\/2021\/08\/How-Much-Does-an-Air-Taxi-Cost-5-300x125.jpg 300w, https:\/\/comparemyjet.com\/wp-content\/uploads\/2021\/08\/How-Much-Does-an-Air-Taxi-Cost-5-768x319.jpg 768w, https:\/\/comparemyjet.com\/wp-content\/uploads\/2021\/08\/How-Much-Does-an-Air-Taxi-Cost-5-1024x425.jpg 1024w, https:\/\/comparemyjet.com\/wp-content\/uploads\/2021\/08\/How-Much-Does-an-Air-Taxi-Cost-5-1536x638.jpg 1536w, https:\/\/comparemyjet.com\/wp-content\/uploads\/2021\/08\/How-Much-Does-an-Air-Taxi-Cost-5.jpg 1893w\" sizes=\"auto, (max-width: 1024px) 100vw, 1024px\" \/><\/figure>\n\n\n\n<p><a href=\"https:\/\/comparemyjet.com\/sv\/airstream-jets\/\" data-internallinksmanager029f6b8e52c=\"85\" title=\"Airstream Jets flygpriser\">Airstream Jets<\/a> \u00e4r ett privat f\u00f6retag med s\u00e4te i Florida, USA, som erbjuder jetchartertj\u00e4nster. F\u00f6retaget \u00e4r k\u00e4nt f\u00f6r sina <a href=\"https:\/\/airstreamjets.com\/jet-card\/\" target=\"_blank\" rel=\"noreferrer noopener nofollow\">Avst\u00e5ndskort<\/a>, som ger priser till charterbolag baserat p\u00e5 antalet kilometer som de flyger, snarare \u00e4n antalet timmar i luften.<\/p>\n\n\n\n<p>Den formel som de anv\u00e4nder f\u00f6r att ber\u00e4kna \u00e4r f\u00f6ljande <em>totala antalet mil<\/em> multiplicerat med <em>pris per mil<\/em>. P\u00e5 s\u00e5 s\u00e4tt f\u00e5r du ett klart och tydligt pris som f\u00f6rblir detsamma oavsett vilka stopp du g\u00f6r eller vilka rutter du \u00e4ndrar.<\/p>\n\n\n\n<p>Det finns ocks\u00e5 en <a href=\"https:\/\/apps.apple.com\/us\/app\/distance-card\/id1477610575\" target=\"_blank\" rel=\"noreferrer noopener nofollow\">app<\/a> som du kan ladda ner f\u00f6r att ber\u00e4kna avgiften f\u00f6r att chartra ett jetplan. F\u00f6retaget \u00e4r bra p\u00e5 att h\u00e5lla saker och ting r\u00e4ttvist, utan dolda avgifter eller provisioner.<\/p>\n\n\n\n<h2 class=\"wp-block-heading\"><span class=\"ez-toc-section\" id=\"Summary\"><\/span>Sammanfattning<span class=\"ez-toc-section-end\"><\/span><\/h2>\n\n\n\n<p>F\u00f6rhoppningsvis vet du nu vad en flygtaxi \u00e4r och \u00e4r bekant med priserna i allm\u00e4nhet och priserna f\u00f6r de mest k\u00e4nda rutterna, s\u00e5 se till att kolla upp dem en g\u00e5ng till.<\/p>\n\n\n\n<p>Kom ih\u00e5g att flygtaxi \u00e4r en term och att det inte n\u00f6dv\u00e4ndigtvis beh\u00f6ver vara en kortdistansflygning. Det finns flera f\u00f6retag som erbjuder den h\u00e4r typen av tj\u00e4nster, som vi listat ovan, s\u00e5 du kan bes\u00f6ka deras webbplatser och se vad de har att erbjuda.<\/p>","protected":false},"excerpt":{"rendered":"<p>Tid \u00e4r en dyrbar g\u00e5va, det kan vi alla h\u00e5lla med om, och det \u00e4r d\u00e4rf\u00f6r m\u00e5nga m\u00e4nniskor letar efter s\u00e4tt att n\u00e5 sina destinationer snabbare. Ibland \u00e4r en destination f\u00f6r l\u00e5ngt bort f\u00f6r att k\u00f6ra och vi vill n\u00e5 den p\u00e5 bara n\u00e5gra minuter av n\u00e5gon anledning. Forts\u00e4tt l\u00e4sa det h\u00e4r f\u00f6r att ta reda p\u00e5 hur en ...<\/p>","protected":false},"author":1,"featured_media":2118,"parent":0,"menu_order":0,"comment_status":"closed","ping_status":"closed","template":"","meta":{"_acf_changed":false,"_genesis_hide_title":false,"_genesis_hide_breadcrumbs":false,"_genesis_hide_singular_image":false,"_genesis_hide_footer_widgets":false,"_genesis_custom_body_class":"","_genesis_custom_post_class":"","_genesis_layout":"","footnotes":""},"class_list":{"1":"page","2":"type-page","6":"entry"},"acf":[],"_links":{"self":[{"href":"https:\/\/comparemyjet.com\/sv\/wp-json\/wp\/v2\/pages\/2083","targetHints":{"allow":["GET"]}}],"collection":[{"href":"https:\/\/comparemyjet.com\/sv\/wp-json\/wp\/v2\/pages"}],"about":[{"href":"https:\/\/comparemyjet.com\/sv\/wp-json\/wp\/v2\/types\/page"}],"author":[{"embeddable":true,"href":"https:\/\/comparemyjet.com\/sv\/wp-json\/wp\/v2\/users\/1"}],"replies":[{"embeddable":true,"href":"https:\/\/comparemyjet.com\/sv\/wp-json\/wp\/v2\/comments?post=2083"}],"version-history":[{"count":3,"href":"https:\/\/comparemyjet.com\/sv\/wp-json\/wp\/v2\/pages\/2083\/revisions"}],"predecessor-version":[{"id":2091,"href":"https:\/\/comparemyjet.com\/sv\/wp-json\/wp\/v2\/pages\/2083\/revisions\/2091"}],"wp:featuredmedia":[{"embeddable":true,"href":"https:\/\/comparemyjet.com\/sv\/wp-json\/wp\/v2\/media\/2118"}],"wp:attachment":[{"href":"https:\/\/comparemyjet.com\/sv\/wp-json\/wp\/v2\/media?parent=2083"}],"curies":[{"name":"wp","href":"https:\/\/api.w.org\/{rel}","templated":true}]}}