{"id":2682,"date":"2022-03-17T15:52:07","date_gmt":"2022-03-17T15:52:07","guid":{"rendered":"https:\/\/comparemyjet.com\/?page_id=2682"},"modified":"2025-09-04T09:58:11","modified_gmt":"2025-09-04T09:58:11","slug":"om","status":"publish","type":"page","link":"https:\/\/comparemyjet.com\/sv\/om\/","title":{"rendered":"Om"},"content":{"rendered":"<p>Compare My Jet startades av serieentrepren\u00f6ren Ian Wright som ett s\u00e4tt att hitta r\u00e4ttvis och opartisk information om <a href=\"https:\/\/comparemyjet.com\/sv\/hur-hyr-eller-chartrar-man-en-privatjet\/\" data-internallinksmanager029f6b8e52c=\"15\" title=\"Hur hyr eller chartrar du ett privat jetflygplan?\">privat jet charter<\/a> och hyresalternativ. <\/p>\n<p>Vi \u00e4lskar lyxresor av h\u00f6g kvalitet. D\u00e4rf\u00f6r ville vi skapa den b\u00e4sta resursen p\u00e5 internet f\u00f6r att visa upp dina alternativ. <\/p>\n<p>Vi g\u00f6r v\u00e5rt b\u00e4sta f\u00f6r att publicera v\u00e4l genomarbetade och djupg\u00e5ende guider om en m\u00e4ngd olika \u00e4mnen som r\u00f6r privatflyget. Allt fr\u00e5n <a href=\"https:\/\/comparemyjet.com\/sv\/hur-hyr-eller-chartrar-man-en-privatjet\/\">Hur hyr eller chartrar du ett privat jetflygplan?<\/a> till <a href=\"https:\/\/comparemyjet.com\/sv\/hur-mycket-kostar-medicinska-flygningar-sjukvardande-flygambulanser\/\">Kostnader f\u00f6r medicinska flygningar<\/a> till den <a href=\"https:\/\/comparemyjet.com\/sv\/vilka-ar-de-basta-webbplatserna-for-att-hitta-privata-jetplan-till-salu\/\">B\u00e4sta webbplatser f\u00f6r att hitta privata jetplan till salu<\/a>.<\/p>\n<p>Privatjetresor \u00e4r ingen billig lyx. Och det \u00e4r d\u00e4rf\u00f6r vi ocks\u00e5 m\u00e5ste tj\u00e4na pengar. F\u00f6r n\u00e4rvarande g\u00f6r vi detta via affiliateavtal. I grund och botten fungerar dessa genom att vi f\u00e5r en provision om du chartrar en privatjet via en av v\u00e5ra partners. Det \u00e4r ingen kostnad f\u00f6r dig, men hj\u00e4lper till att h\u00e5lla den h\u00e4r webbplatsen gratis. <\/p>\n<p>Om du vill att vi ska ta upp n\u00e5got annat, eller om du tror att vi har gjort ett misstag, tveka inte att kontakta oss h\u00e4r. <\/p>","protected":false},"excerpt":{"rendered":"<p>Compare My Jet startades av serieentrepren\u00f6ren Ian Wright som ett s\u00e4tt att hitta r\u00e4ttvis, opartisk information om privata jet charter och hyra alternativ. Vi \u00e4lskar lyxresor av h\u00f6g kvalitet. S\u00e5 vi ville skapa den b\u00e4sta resursen p\u00e5 internet f\u00f6r att visa upp dina alternativ. Vi g\u00f6r v\u00e5rt b\u00e4sta f\u00f6r att publicera, v\u00e4l genomarbetade ...<\/p>","protected":false},"author":1,"featured_media":0,"parent":0,"menu_order":0,"comment_status":"closed","ping_status":"closed","template":"","meta":{"_acf_changed":false,"_genesis_hide_title":false,"_genesis_hide_breadcrumbs":false,"_genesis_hide_singular_image":false,"_genesis_hide_footer_widgets":false,"_genesis_custom_body_class":"","_genesis_custom_post_class":"","_genesis_layout":"","footnotes":""},"class_list":{"1":"page","2":"type-page","5":"entry"},"acf":[],"_links":{"self":[{"href":"https:\/\/comparemyjet.com\/sv\/wp-json\/wp\/v2\/pages\/2682","targetHints":{"allow":["GET"]}}],"collection":[{"href":"https:\/\/comparemyjet.com\/sv\/wp-json\/wp\/v2\/pages"}],"about":[{"href":"https:\/\/comparemyjet.com\/sv\/wp-json\/wp\/v2\/types\/page"}],"author":[{"embeddable":true,"href":"https:\/\/comparemyjet.com\/sv\/wp-json\/wp\/v2\/users\/1"}],"replies":[{"embeddable":true,"href":"https:\/\/comparemyjet.com\/sv\/wp-json\/wp\/v2\/comments?post=2682"}],"version-history":[{"count":3,"href":"https:\/\/comparemyjet.com\/sv\/wp-json\/wp\/v2\/pages\/2682\/revisions"}],"predecessor-version":[{"id":2685,"href":"https:\/\/comparemyjet.com\/sv\/wp-json\/wp\/v2\/pages\/2682\/revisions\/2685"}],"wp:attachment":[{"href":"https:\/\/comparemyjet.com\/sv\/wp-json\/wp\/v2\/media?parent=2682"}],"curies":[{"name":"wp","href":"https:\/\/api.w.org\/{rel}","templated":true}]}}