{"id":2825,"date":"2022-04-06T14:20:11","date_gmt":"2022-04-06T14:20:11","guid":{"rendered":"https:\/\/comparemyjet.com\/?page_id=2825"},"modified":"2025-09-04T09:59:35","modified_gmt":"2025-09-04T09:59:35","slug":"sekretesspolicy","status":"publish","type":"page","link":"https:\/\/comparemyjet.com\/sv\/sekretesspolicy\/","title":{"rendered":"Integritetspolicy"},"content":{"rendered":"<p>Denna sekretesspolicy g\u00e4ller f\u00f6r denna webbplats [<a href=\"https:\/\/comparemyjet.com\/sv\/\">J\u00e4mf\u00f6rMyJet.com\/<\/a>]. (\u00c4gs av Brilliant British Ltd, f\u00f6retagsnummer 10490224 (registrerat i England och Wales), ICO-registreringsreferens: ZA286128, Registrerad kontorsadress: 3rd Floor Great Titchfield House, 14-18 Great Titchfield Street, <a href=\"https:\/\/comparemyjet.com\/sv\/privata-turer\/privata-rundturer-i-london\/\" data-internallinksmanager029f6b8e52c=\"396\" title=\"11 b\u00e4sta privata turer till London fr\u00e5n $104.69\">London<\/a>, F\u00f6renade kungariket, W1W 8BD.) Den anger hur CompareMyJet.com anv\u00e4nder och skyddar all information som du ger CompareMyJet.com n\u00e4r du anv\u00e4nder denna webbplats.<\/p>\n<p>CompareMyJet.com har \u00e5tagit sig att se till att din integritet skyddas. Om vi ber dig att l\u00e4mna viss information som g\u00f6r att du kan identifieras n\u00e4r du anv\u00e4nder den h\u00e4r webbplatsen kan du vara s\u00e4ker p\u00e5 att den endast kommer att anv\u00e4ndas i enlighet med denna integritetspolicy.<\/p>\n<p>CompareMyJet.com kan \u00e4ndra denna policy fr\u00e5n tid till annan genom att uppdatera denna sida. Du b\u00f6r kontrollera den h\u00e4r sidan d\u00e5 och d\u00e5 f\u00f6r att se till att du \u00e4r n\u00f6jd med eventuella \u00e4ndringar. Denna policy g\u00e4ller fr\u00e5n och med <em>09\/03\/2022<\/em>.<\/p>\n<p><strong>Observera:<\/strong> I enlighet med den allm\u00e4nna dataskyddsf\u00f6rordningen (GDPR) agerar CompareMyJet.com b\u00e5de som personuppgiftsansvarig och personuppgiftsbitr\u00e4de f\u00f6r alla offerter.<\/p>\n<p><strong>S\u00e4kerhet<\/strong><\/p>\n<p>Vi har \u00e5tagit oss att se till att din information \u00e4r s\u00e4ker. F\u00f6r att f\u00f6rhindra obeh\u00f6rig \u00e5tkomst eller avsl\u00f6jande har vi inf\u00f6rt l\u00e4mpliga fysiska, elektroniska och administrativa f\u00f6rfaranden f\u00f6r att skydda och s\u00e4kra den information vi samlar in online. Alla uppgifter p\u00e5 webbplatsen \u00f6verf\u00f6rs med hj\u00e4lp av s\u00e4ker SSL-teknik.<\/p>\n<p>Anv\u00e4ndare som kontaktar och\/eller skickar information till denna webbplats och\/eller dess \u00e4gare g\u00f6r det efter eget gottfinnande och l\u00e4mnar alla s\u00e5dana personuppgifter som beg\u00e4rs p\u00e5 egen risk. Dina personuppgifter h\u00e5lls privata och lagras s\u00e4kert tills de inte l\u00e4ngre beh\u00f6vs eller inte l\u00e4ngre har n\u00e5gon anv\u00e4ndning, i enlighet med den allm\u00e4nna dataskyddsf\u00f6rordningen 2018. Alla anstr\u00e4ngningar har gjorts f\u00f6r att s\u00e4kerst\u00e4lla en s\u00e4ker och trygg process f\u00f6r inl\u00e4mning av formul\u00e4r till offert, men rekommenderar anv\u00e4ndare som anv\u00e4nder s\u00e5dana processer f\u00f6r inl\u00e4mning av formul\u00e4r till offert att de g\u00f6r det p\u00e5 egen risk.<\/p>\n<p><strong>Hur vi anv\u00e4nder cookies<\/strong><\/p>\n<p>En cookie \u00e4r en liten fil som ber om tillst\u00e5nd att placeras p\u00e5 din dators h\u00e5rddisk. N\u00e4r du samtycker till det l\u00e4ggs filen till och cookien hj\u00e4lper till att analysera webbtrafiken eller l\u00e5ter dig veta n\u00e4r du bes\u00f6ker en viss webbplats. Cookies g\u00f6r det m\u00f6jligt f\u00f6r webbapplikationer att reagera p\u00e5 dig som individ. Webbapplikationen kan skr\u00e4ddarsy sin verksamhet efter dina behov, tycke och smak genom att samla in och komma ih\u00e5g information om dina preferenser.<\/p>\n<p>Vi anv\u00e4nder trafikloggningscookies f\u00f6r att identifiera vilka sidor som anv\u00e4nds. Detta hj\u00e4lper oss att analysera data om webbplatstrafik och f\u00f6rb\u00e4ttra v\u00e5r webbplats f\u00f6r att anpassa den till kundernas behov. Vi anv\u00e4nder denna information endast f\u00f6r statistiska analys\u00e4ndam\u00e5l och d\u00e4refter tas uppgifterna bort fr\u00e5n systemet. Vi anv\u00e4nder den inte f\u00f6r att sp\u00e5ra enskilda anv\u00e4ndare, utan endast f\u00f6r att sammanst\u00e4lla anv\u00e4ndningen av webbplatsen.<\/p>\n<p>Sammantaget hj\u00e4lper cookies oss att ge dig en b\u00e4ttre webbplats genom att vi kan \u00f6vervaka vilka sidor du tycker \u00e4r anv\u00e4ndbara och vilka du inte tycker \u00e4r anv\u00e4ndbara. En cookie ger oss inte p\u00e5 n\u00e5got s\u00e4tt tillg\u00e5ng till din dator eller n\u00e5gon annan information om dig \u00e4n de uppgifter som du v\u00e4ljer att dela med oss.<\/p>\n<p>Du kan v\u00e4lja att acceptera eller avvisa cookies. De flesta webbl\u00e4sare accepterar cookies automatiskt, men du kan vanligtvis \u00e4ndra inst\u00e4llningen i din webbl\u00e4sare s\u00e5 att du inte accepterar cookies om du f\u00f6redrar det. Detta kan hindra dig fr\u00e5n att dra full nytta av webbplatsen.<\/p>\n<p>Anv\u00e4ndare uppmanas att om de vill neka till anv\u00e4ndning och lagring av cookies fr\u00e5n denna webbplats p\u00e5 sin dators h\u00e5rddisk b\u00f6r de vidta n\u00f6dv\u00e4ndiga \u00e5tg\u00e4rder i sina s\u00e4kerhetsinst\u00e4llningar i webbl\u00e4saren f\u00f6r att blockera alla cookies fr\u00e5n denna webbplats och dess externa leverant\u00f6rer av tj\u00e4nster.<\/p>\n<p>Den h\u00e4r webbplatsen anv\u00e4nder sp\u00e5rningsprogram f\u00f6r att \u00f6vervaka bes\u00f6karna f\u00f6r att b\u00e4ttre f\u00f6rst\u00e5 hur de anv\u00e4nder den. Denna programvara tillhandah\u00e5lls av Google Analytics som anv\u00e4nder cookies f\u00f6r att sp\u00e5ra bes\u00f6karnas anv\u00e4ndning. Programvaran sparar en cookie p\u00e5 din dators h\u00e5rddisk f\u00f6r att sp\u00e5ra och \u00f6vervaka ditt engagemang och din anv\u00e4ndning av webbplatsen, men lagrar, sparar eller samlar inte in personlig information. Du kan l\u00e4sa Googles sekretesspolicy h\u00e4r f\u00f6r ytterligare information [ http:\/\/www.google.com\/privacy.html ].<\/p>\n<p><strong>L\u00e4nkar till andra webbplatser<\/strong><\/p>\n<p>V\u00e5r webbplats kan inneh\u00e5lla l\u00e4nkar till andra intressanta webbplatser. N\u00e4r du har anv\u00e4nt dessa l\u00e4nkar f\u00f6r att l\u00e4mna v\u00e5r webbplats b\u00f6r du dock notera att vi inte har n\u00e5gon kontroll \u00f6ver den andra webbplatsen. <\/p>\n<p>D\u00e4rf\u00f6r kan vi inte ansvara f\u00f6r skyddet och sekretessen f\u00f6r all information som du l\u00e4mnar n\u00e4r du bes\u00f6ker s\u00e5dana webbplatser och dessa webbplatser regleras inte av denna integritetspolicy. Du b\u00f6r vara f\u00f6rsiktig och ta del av den integritetspolicy som g\u00e4ller f\u00f6r webbplatsen i fr\u00e5ga.<\/p>\n<p><strong>Affiliate L\u00e4nkar<\/strong><\/p>\n<p>Denna webbplats anv\u00e4nder sig ocks\u00e5 av affiliatel\u00e4nkar. Det \u00e4r l\u00e4nkar till andra webbplatser som kan sp\u00e5ra ditt beteende n\u00e4r du \u00e4r p\u00e5 den webbplatsen. De kan leda till att vi f\u00e5r en provision om du utf\u00f6r en viss \u00e5tg\u00e4rd och\/eller g\u00f6r ett k\u00f6p. Dessa l\u00e4nkar betalar f\u00f6r v\u00e5r forskning och webbplats och \u00e4r det som g\u00f6r att vi kan erbjuda allt v\u00e5rt inneh\u00e5ll gratis. <\/p>\n<p>Om du \u00e4r orolig f\u00f6r detta b\u00f6r du kontrollera sekretesspolicyn p\u00e5 alla andra webbplatser som du bes\u00f6ker via en l\u00e4nk fr\u00e5n den h\u00e4r webbplatsen.   <\/p>\n<p><strong>Sociala medier<\/strong><\/p>\n<p>Denna webbplats kan anv\u00e4nda knappar f\u00f6r social delning som hj\u00e4lper dig att dela webbinneh\u00e5ll direkt fr\u00e5n webbsidor till den sociala medieplattformen i fr\u00e5ga. Anv\u00e4ndarna uppmanas att innan de anv\u00e4nder s\u00e5dana knappar f\u00f6r social delning g\u00f6ra det efter eget gottfinnande och notera att den sociala medieplattformen kan sp\u00e5ra och spara din beg\u00e4ran om att dela en webbsida respektive via ditt konto p\u00e5 den sociala medieplattformen.<\/p>\n<p>Anv\u00e4ndarna uppmanas att vara f\u00f6rsiktiga och ha gott omd\u00f6me innan de klickar p\u00e5 f\u00f6rkortade webbadresser som publiceras p\u00e5 sociala medier av denna webbplats och dess \u00e4gare. Trots v\u00e5ra anstr\u00e4ngningar att se till att endast \u00e4kta webbadresser publiceras \u00e4r m\u00e5nga sociala medier utsatta f\u00f6r skr\u00e4ppost och hackning, och d\u00e4rf\u00f6r kan denna webbplats och dess \u00e4gare inte h\u00e5llas ansvariga f\u00f6r eventuella skador eller konsekvenser som orsakas av att man klickar p\u00e5 f\u00f6rkortade l\u00e4nkar.<\/p>\n<p><strong>Kontroll av din personliga information<\/strong><\/p>\n<p>Om du anser att n\u00e5gon information som vi har om dig \u00e4r felaktig eller ofullst\u00e4ndig, var v\u00e4nlig och <a href=\"https:\/\/CompareMyJet.com\/contact-us\/\" data-lasso-id=\"8809\" target=\"_blank\" rel=\"noopener\">kontakta oss<\/a> s\u00e5 snart som m\u00f6jligt p\u00e5 ovanst\u00e5ende adress. Vi kommer omedelbart att korrigera all information som visar sig vara felaktig.<\/p>\n<p><em>v.1.0 - 9 mars, 2022 Redigerad och anpassad av: CompareMyJet.com<\/em><\/p>","protected":false},"excerpt":{"rendered":"<p>Denna integritetspolicy g\u00e4ller f\u00f6r denna webbplats [CompareMyJet.com\/sv]. (\u00c4gs av Brilliant British Ltd, f\u00f6retagsnummer 10490224 (registrerat i England och Wales), ICO-registreringsreferens: ZA286128, Registrerad kontorsadress: 3rd Floor Great Titchfield House, 14-18 Great Titchfield Street, London, F\u00f6renade kungariket, W1W 8BD). Den anger hur CompareMyJet.com anv\u00e4nder och skyddar all information som du ger ...<\/p>","protected":false},"author":1,"featured_media":0,"parent":0,"menu_order":0,"comment_status":"closed","ping_status":"closed","template":"","meta":{"_acf_changed":false,"_genesis_hide_title":false,"_genesis_hide_breadcrumbs":false,"_genesis_hide_singular_image":false,"_genesis_hide_footer_widgets":false,"_genesis_custom_body_class":"","_genesis_custom_post_class":"","_genesis_layout":"","footnotes":""},"class_list":{"1":"page","2":"type-page","5":"entry"},"acf":[],"_links":{"self":[{"href":"https:\/\/comparemyjet.com\/sv\/wp-json\/wp\/v2\/pages\/2825","targetHints":{"allow":["GET"]}}],"collection":[{"href":"https:\/\/comparemyjet.com\/sv\/wp-json\/wp\/v2\/pages"}],"about":[{"href":"https:\/\/comparemyjet.com\/sv\/wp-json\/wp\/v2\/types\/page"}],"author":[{"embeddable":true,"href":"https:\/\/comparemyjet.com\/sv\/wp-json\/wp\/v2\/users\/1"}],"replies":[{"embeddable":true,"href":"https:\/\/comparemyjet.com\/sv\/wp-json\/wp\/v2\/comments?post=2825"}],"version-history":[{"count":2,"href":"https:\/\/comparemyjet.com\/sv\/wp-json\/wp\/v2\/pages\/2825\/revisions"}],"predecessor-version":[{"id":2827,"href":"https:\/\/comparemyjet.com\/sv\/wp-json\/wp\/v2\/pages\/2825\/revisions\/2827"}],"wp:attachment":[{"href":"https:\/\/comparemyjet.com\/sv\/wp-json\/wp\/v2\/media?parent=2825"}],"curies":[{"name":"wp","href":"https:\/\/api.w.org\/{rel}","templated":true}]}}