{"id":2829,"date":"2022-04-06T14:23:50","date_gmt":"2022-04-06T14:23:50","guid":{"rendered":"https:\/\/comparemyjet.com\/?page_id=2829"},"modified":"2025-09-04T10:00:53","modified_gmt":"2025-09-04T10:00:53","slug":"anvandarvillkor","status":"publish","type":"page","link":"https:\/\/comparemyjet.com\/sv\/anvandarvillkor\/","title":{"rendered":"Anv\u00e4ndarvillkor"},"content":{"rendered":"<p><strong>L\u00c4S DESSA NOGGRANT INNAN DU ANV\u00c4NDER DENNA WEBBPLATS.<\/strong><\/p>\n<p>V\u00e4lkommen till CompareMyJet.com. Om du forts\u00e4tter att surfa och anv\u00e4nda denna webbplats godk\u00e4nner du att f\u00f6lja och vara bunden av f\u00f6ljande anv\u00e4ndarvillkor, som tillsammans med v\u00e5ra <a href=\"https:\/\/CompareMyJet.com\/privacy-policy\/\" target=\"_blank\" rel=\"noopener\">sekretesspolicy<\/a> styra CompareMyJet.coms f\u00f6rh\u00e5llande till dig i samband med denna webbplats. Om du inte h\u00e5ller med om n\u00e5gon del av dessa villkor, v\u00e4nligen anv\u00e4nd inte v\u00e5r webbplats.<\/p>\n<p>Dessa anv\u00e4ndarvillkor, tillsammans med de andra dokument som n\u00e4mns nedan, anger de villkor som g\u00e4ller f\u00f6r att du ska kunna anv\u00e4nda https:\/\/CompareMyJet.com\/ (\"v\u00e5r webbplats\"). <\/p>\n<p>Andra viktiga dokument <\/p>\n<p>Anv\u00e4ndarvillkoren h\u00e4nvisar till v\u00e5ra <a href=\"https:\/\/CompareMyJet.com\/privacy-policy\/\" data-lasso-id=\"8845\" target=\"_blank\" rel=\"noopener\">Integritetspolicy<\/a> som anger villkoren f\u00f6r hur vi behandlar personuppgifter som du l\u00e4mnar till oss eller som vi samlar in fr\u00e5n dig. Genom att anv\u00e4nda v\u00e5r webbplats samtycker du till s\u00e5dan behandling.<\/p>\n<p>Anv\u00e4ndningen av denna webbplats omfattas av f\u00f6ljande anv\u00e4ndarvillkor:<\/p>\n<ul>\n<li> Inneh\u00e5llet p\u00e5 sidorna p\u00e5 denna webbplats \u00e4r endast avsett f\u00f6r allm\u00e4n information och anv\u00e4ndning. Det kan \u00e4ndras utan f\u00f6reg\u00e5ende meddelande.<\/li>\n<li> Den h\u00e4r webbplatsen anv\u00e4nder cookies f\u00f6r att \u00f6vervaka surfpreferenser. Om du till\u00e5ter att cookies anv\u00e4nds kan vi lagra personlig information som kan anv\u00e4ndas av tredje part.<\/li>\n<li> Varken vi eller n\u00e5gon tredje part ger n\u00e5gon garanti f\u00f6r att informationen och materialet som finns eller erbjuds p\u00e5 denna webbplats \u00e4r korrekt, aktuellt, fungerar, \u00e4r fullst\u00e4ndigt eller l\u00e4mpar sig f\u00f6r n\u00e5got s\u00e4rskilt \u00e4ndam\u00e5l. Du bekr\u00e4ftar att s\u00e5dan information och s\u00e5dant material kan inneh\u00e5lla felaktigheter eller fel och vi utesluter uttryckligen ansvar f\u00f6r s\u00e5dana felaktigheter eller fel i den utstr\u00e4ckning som lagen till\u00e5ter.<\/li>\n<li> Din anv\u00e4ndning av information eller material p\u00e5 denna webbplats sker helt p\u00e5 egen risk, vilket vi inte kan h\u00e5llas ansvariga f\u00f6r. Det \u00e4r ditt eget ansvar att se till att produkter, tj\u00e4nster eller information som \u00e4r tillg\u00e4ngliga via denna webbplats uppfyller dina specifika krav.<\/li>\n<li> Den h\u00e4r webbplatsen inneh\u00e5ller material som \u00e4gs av eller \u00e4r licensierat till oss. Detta material omfattar, men \u00e4r inte begr\u00e4nsat till, design, layout, utseende, utseende och grafik. Reproduktion \u00e4r f\u00f6rbjuden annat \u00e4n i enlighet med upphovsr\u00e4ttsmeddelandet, som utg\u00f6r en del av dessa villkor.<\/li>\n<li> Otill\u00e5ten anv\u00e4ndning av denna webbplats kan ge upphov till skadest\u00e5ndskrav och\/eller vara ett brott.<\/li>\n<li> Fr\u00e5n tid till annan kan denna webbplats ocks\u00e5 inneh\u00e5lla l\u00e4nkar till andra webbplatser. Dessa l\u00e4nkar tillhandah\u00e5lls f\u00f6r din bekv\u00e4mlighet f\u00f6r att ge dig ytterligare information. De inneb\u00e4r inte att vi st\u00f6der webbplatsen\/webbplatserna. Vi har inget ansvar f\u00f6r inneh\u00e5llet p\u00e5 de l\u00e4nkade webbplatserna.<\/li>\n<li> Din anv\u00e4ndning av denna webbplats och alla tvister som uppst\u00e5r till f\u00f6ljd av s\u00e5dan anv\u00e4ndning av webbplatsen omfattas av lagarna i England, Nordirland, Skottland och Wales.<\/li>\n<\/ul>","protected":false},"excerpt":{"rendered":"<p>L\u00c4S DESSA NOGGRANT INNAN DU ANV\u00c4NDER DENNA WEBBPLATS. V\u00e4lkommen till CompareMyJet.com. Om du forts\u00e4tter att surfa och anv\u00e4nda denna webbplats godk\u00e4nner du att f\u00f6lja och vara bunden av f\u00f6ljande anv\u00e4ndarvillkor, som tillsammans med v\u00e5r sekretesspolicy reglerar CompareMyJet.com:s relation med dig i f\u00f6rh\u00e5llande till denna webbplats. Om du ...<\/p>","protected":false},"author":1,"featured_media":0,"parent":0,"menu_order":0,"comment_status":"closed","ping_status":"closed","template":"","meta":{"_acf_changed":false,"_genesis_hide_title":false,"_genesis_hide_breadcrumbs":false,"_genesis_hide_singular_image":false,"_genesis_hide_footer_widgets":false,"_genesis_custom_body_class":"","_genesis_custom_post_class":"","_genesis_layout":"","footnotes":""},"class_list":{"1":"page","2":"type-page","5":"entry"},"acf":[],"_links":{"self":[{"href":"https:\/\/comparemyjet.com\/sv\/wp-json\/wp\/v2\/pages\/2829","targetHints":{"allow":["GET"]}}],"collection":[{"href":"https:\/\/comparemyjet.com\/sv\/wp-json\/wp\/v2\/pages"}],"about":[{"href":"https:\/\/comparemyjet.com\/sv\/wp-json\/wp\/v2\/types\/page"}],"author":[{"embeddable":true,"href":"https:\/\/comparemyjet.com\/sv\/wp-json\/wp\/v2\/users\/1"}],"replies":[{"embeddable":true,"href":"https:\/\/comparemyjet.com\/sv\/wp-json\/wp\/v2\/comments?post=2829"}],"version-history":[{"count":2,"href":"https:\/\/comparemyjet.com\/sv\/wp-json\/wp\/v2\/pages\/2829\/revisions"}],"predecessor-version":[{"id":2831,"href":"https:\/\/comparemyjet.com\/sv\/wp-json\/wp\/v2\/pages\/2829\/revisions\/2831"}],"wp:attachment":[{"href":"https:\/\/comparemyjet.com\/sv\/wp-json\/wp\/v2\/media?parent=2829"}],"curies":[{"name":"wp","href":"https:\/\/api.w.org\/{rel}","templated":true}]}}