{"id":3061,"date":"2022-07-11T23:51:35","date_gmt":"2022-07-11T23:51:35","guid":{"rendered":"https:\/\/comparemyjet.com\/?page_id=3061"},"modified":"2025-09-04T09:58:14","modified_gmt":"2025-09-04T09:58:14","slug":"amalfi-jets","status":"publish","type":"page","link":"https:\/\/comparemyjet.com\/sv\/amalfi-jets\/","title":{"rendered":"Amalfi Jets flygpriser"},"content":{"rendered":"<p>Det finns inget b\u00e4ttre \u00e4n att resa \u00f6ver hela v\u00e4rlden med en privatjet. F\u00f6r att g\u00f6ra upplevelsen av att flyga privat \u00e4nnu roligare skickar Amalfi Jets en av sina representanter till flygplatsen f\u00f6r att h\u00e4lsa p\u00e5 varje kund f\u00f6re avg\u00e5ng och se till att varje detalj tas om hand f\u00f6r en mycket trevlig flygning.&nbsp;<\/p>\r\n\r\n\r\n\r\n<p>F\u00f6retaget erbjuder tj\u00e4nster som charterflyg p\u00e5 beg\u00e4ran och medlemskapsprogram f\u00f6r jetkort. De lovar ocks\u00e5 garanterad tillg\u00e4nglighet med endast 18 timmars varsel, och du kan dra nytta av kostnadsfria uppgraderingar av flygplan och m\u00e5nga andra f\u00f6rm\u00e5ner. L\u00e5t oss utforska f\u00f6rdelarna med att flyga med Amalfis jetplan mer i detalj.<\/p>\r\n\r\n\r\n\r\n<div id=\"ez-toc-container\" class=\"ez-toc-v2_0_76 counter-hierarchy ez-toc-counter ez-toc-grey ez-toc-container-direction\">\n<p class=\"ez-toc-title\" style=\"cursor:inherit\">\u00c4mnen<\/p>\n<label for=\"ez-toc-cssicon-toggle-item-69f038eaeacb8\" class=\"ez-toc-cssicon-toggle-label\"><span class=\"\"><span class=\"eztoc-hide\" style=\"display:none;\">V\u00e4xel<\/span><span class=\"ez-toc-icon-toggle-span\"><svg style=\"fill: #999;color:#999\" xmlns=\"http:\/\/www.w3.org\/2000\/svg\" class=\"list-377408\" width=\"20px\" height=\"20px\" viewbox=\"0 0 24 24\" fill=\"none\"><path d=\"M6 6H4v2h2V6zm14 0H8v2h12V6zM4 11h2v2H4v-2zm16 0H8v2h12v-2zM4 16h2v2H4v-2zm16 0H8v2h12v-2z\" fill=\"currentColor\"><\/path><\/svg><svg style=\"fill: #999;color:#999\" class=\"arrow-unsorted-368013\" xmlns=\"http:\/\/www.w3.org\/2000\/svg\" width=\"10px\" height=\"10px\" viewbox=\"0 0 24 24\" version=\"1.2\" baseprofile=\"tiny\"><path d=\"M18.2 9.3l-6.2-6.3-6.2 6.3c-.2.2-.3.4-.3.7s.1.5.3.7c.2.2.4.3.7.3h11c.3 0 .5-.1.7-.3.2-.2.3-.5.3-.7s-.1-.5-.3-.7zM5.8 14.7l6.2 6.3 6.2-6.3c.2-.2.3-.5.3-.7s-.1-.5-.3-.7c-.2-.2-.4-.3-.7-.3h-11c-.3 0-.5.1-.7.3-.2.2-.3.5-.3.7s.1.5.3.7z\"\/><\/svg><\/span><\/span><\/label><input type=\"checkbox\"  id=\"ez-toc-cssicon-toggle-item-69f038eaeacb8\" checked aria-label=\"V\u00e4xel\" \/><nav><ul class='ez-toc-list ez-toc-list-level-1' ><li class='ez-toc-page-1 ez-toc-heading-level-2'><a class=\"ez-toc-link ez-toc-heading-1\" href=\"https:\/\/comparemyjet.com\/sv\/amalfi-jets\/#Company_History\" >F\u00f6retagets historia<\/a><ul class='ez-toc-list-level-3' ><li class='ez-toc-heading-level-3'><a class=\"ez-toc-link ez-toc-heading-2\" href=\"https:\/\/comparemyjet.com\/sv\/amalfi-jets\/#Why_Choose_Amalfi_Jets\" >Varf\u00f6r v\u00e4lja Amalfi Jets?<\/a><\/li><\/ul><\/li><li class='ez-toc-page-1 ez-toc-heading-level-2'><a class=\"ez-toc-link ez-toc-heading-3\" href=\"https:\/\/comparemyjet.com\/sv\/amalfi-jets\/#Ways_to_Fly\" >S\u00e4tt att flyga<\/a><\/li><li class='ez-toc-page-1 ez-toc-heading-level-2'><a class=\"ez-toc-link ez-toc-heading-4\" href=\"https:\/\/comparemyjet.com\/sv\/amalfi-jets\/#The_Company_Card_Program\" >Programmet f\u00f6r f\u00f6retagskort<\/a><\/li><li class='ez-toc-page-1 ez-toc-heading-level-2'><a class=\"ez-toc-link ez-toc-heading-5\" href=\"https:\/\/comparemyjet.com\/sv\/amalfi-jets\/#Pricing\" >Priss\u00e4ttning<\/a><\/li><li class='ez-toc-page-1 ez-toc-heading-level-2'><a class=\"ez-toc-link ez-toc-heading-6\" href=\"https:\/\/comparemyjet.com\/sv\/amalfi-jets\/#The_Fleet\" >Flottan&nbsp;<\/a><ul class='ez-toc-list-level-3' ><li class='ez-toc-heading-level-3'><a class=\"ez-toc-link ez-toc-heading-7\" href=\"https:\/\/comparemyjet.com\/sv\/amalfi-jets\/#1_Light_Private_Jets\" >1. L\u00e4tta privatjetflygplan<\/a><\/li><li class='ez-toc-page-1 ez-toc-heading-level-3'><a class=\"ez-toc-link ez-toc-heading-8\" href=\"https:\/\/comparemyjet.com\/sv\/amalfi-jets\/#2_Midsize_and_Super-Midsize_Private_Jets\" >2. Medelstora och supermedelstora privata jetplan&nbsp;<\/a><\/li><li class='ez-toc-page-1 ez-toc-heading-level-3'><a class=\"ez-toc-link ez-toc-heading-9\" href=\"https:\/\/comparemyjet.com\/sv\/amalfi-jets\/#3_Large_Private_Jets\" >3. Stora privata jetplan<\/a><\/li><li class='ez-toc-page-1 ez-toc-heading-level-3'><a class=\"ez-toc-link ez-toc-heading-10\" href=\"https:\/\/comparemyjet.com\/sv\/amalfi-jets\/#4_Ultra-Long-Range_Private_Jets\" >4. Privata jetflygplan med mycket l\u00e5ng r\u00e4ckvidd<\/a><\/li><\/ul><\/li><li class='ez-toc-page-1 ez-toc-heading-level-2'><a class=\"ez-toc-link ez-toc-heading-11\" href=\"https:\/\/comparemyjet.com\/sv\/amalfi-jets\/#Company_Safety_Policy_and_Standards\" >F\u00f6retagets s\u00e4kerhetspolicy och s\u00e4kerhetsnormer<\/a><\/li><li class='ez-toc-page-1 ez-toc-heading-level-2'><a class=\"ez-toc-link ez-toc-heading-12\" href=\"https:\/\/comparemyjet.com\/sv\/amalfi-jets\/#Partnerships\" >Partnerskap<\/a><\/li><li class='ez-toc-page-1 ez-toc-heading-level-2'><a class=\"ez-toc-link ez-toc-heading-13\" href=\"https:\/\/comparemyjet.com\/sv\/amalfi-jets\/#Conclusion\" >Slutsats<\/a><\/li><\/ul><\/nav><\/div>\n<h2 class=\"wp-block-heading\"><span class=\"ez-toc-section\" id=\"Company_History\"><\/span>F\u00f6retagets historia<span class=\"ez-toc-section-end\"><\/span><\/h2>\r\n\r\n\r\n\r\n<p>Amalfi Jets \u00e4r en <a href=\"https:\/\/comparemyjet.com\/sv\/hur-hyr-eller-chartrar-man-en-privatjet\/\" data-internallinksmanager029f6b8e52c=\"15\" title=\"Hur hyr eller chartrar du ett privat jetflygplan?\">privat jet charter<\/a> som grundades av Kolin Jones 2020. Baserad i <a href=\"https:\/\/comparemyjet.com\/sv\/privata-turer\/los-angeles-private-tours\/\" data-internallinksmanager029f6b8e52c=\"421\" title=\"11 b\u00e4sta privata turer i Los Angeles fr\u00e5n $55.00\">Los Angeles<\/a>Amalfi erbjuder resen\u00e4rer b\u00e5de leasing p\u00e5 beg\u00e4ran och ett medlemskap f\u00f6r frekventa resen\u00e4rer. Privatpersoner, f\u00f6retag och familjer har alla dragit nytta av f\u00f6retagets specialiserade flygtj\u00e4nster, som personlig catering och kompletterande svartbilstj\u00e4nst.&nbsp;<\/p>\r\n\r\n\r\n\r\n<p>Amalfi Jets, LLC \u00e4r ett av de snabbast v\u00e4xande f\u00f6retagen inom luftfartssektorn under Kolins ledning. Fr\u00e5n att deras piloter och personal \u00e4r snabba till att garantera sina kunders s\u00e4kerhet, Amalfi jets vidtar alla f\u00f6rsiktighets\u00e5tg\u00e4rder f\u00f6r att se till att din resa g\u00e5r smidigt, s\u00e5 att du inte har n\u00e5got att oroa dig f\u00f6r f\u00f6rutom att ha en fantastisk tid p\u00e5 ett privat flygplan.<\/p>\r\n\r\n\r\n\r\n<p>Amalfi Jets har ett omfattande n\u00e4tverk med cirka 2 000 flygplan \u00f6ver hela v\u00e4rlden. Alla flygningar utf\u00f6rs av <a href=\"https:\/\/www.faa.gov\/\" target=\"_blank\" rel=\"noopener\">FAA<\/a>-certifierade luftfartygsoperat\u00f6rer enligt del 135 eller motsvarande i andra l\u00e4nder.&nbsp;<\/p>\r\n\r\n\r\n\r\n<h3 class=\"wp-block-heading\"><span class=\"ez-toc-section\" id=\"Why_Choose_Amalfi_Jets\"><\/span>Varf\u00f6r v\u00e4lja Amalfi Jets?<span class=\"ez-toc-section-end\"><\/span><\/h3>\r\n\r\n\r\n\r\n<p>Amalfi Jets str\u00e4var efter att tillhandah\u00e5lla kundservice av h\u00f6gsta kvalitet. En sak som g\u00f6r att de sticker ut fr\u00e5n andra privata charterf\u00f6retag \u00e4r deras globala team av Amalfi-representanter som flyger ut f\u00f6r att h\u00e4lsa p\u00e5 passagerarna vid varje avg\u00e5ngspunkt.&nbsp;<\/p>\r\n\r\n\r\n\r\n<p>F\u00f6retaget erbjuder ocks\u00e5 gratis upph\u00e4mtning fr\u00e5n ditt hem eller fr\u00e5n startpunkten f\u00f6r din resa och erbjuder svartbilsservice i SUV:er f\u00f6r alla resen\u00e4rer. Du f\u00e5r taxitj\u00e4nst fr\u00e5n din avreseplats till din ankomstflygplats p\u00e5 alla resor som du planerar och genomf\u00f6r med Amalfi Jets. De kommer att vara din f\u00f6ljeslagare under hela din resa.<\/p>\r\n\r\n\r\n\r\n<p>N\u00e4r det g\u00e4ller catering ombord samarbetar Amalfi Jets g\u00e4rna med n\u00e5gra av v\u00e4rldens mest k\u00e4nda kockar. F\u00f6re varje resa ordnar personalen i kundtj\u00e4nsten menyer som du kan v\u00e4lja mellan, beroende p\u00e5 dina \u00f6nskem\u00e5l och din kost.<\/p>\r\n\r\n\r\n\r\n<p>Dessutom hj\u00e4lper deras flygkonsulter dig att v\u00e4lja r\u00e4tt och mest prisv\u00e4rda flygplan f\u00f6r din specifika resa bland \u00f6ver 2 000 flygplan. Varje resa \u00f6vervakas av flygspecialister f\u00f6r att garantera kvalitetstj\u00e4nst och kundn\u00f6jdhet.<\/p>\r\n\r\n\r\n\r\n<h2 class=\"wp-block-heading\"><span class=\"ez-toc-section\" id=\"Ways_to_Fly\"><\/span>S\u00e4tt att flyga<span class=\"ez-toc-section-end\"><\/span><\/h2>\r\n\r\n\r\n\r\n<p>Det finns tv\u00e5 s\u00e4tt att flyga med Amalfi Jets:<\/p>\r\n\r\n\r\n\r\n<ol class=\"wp-block-list\"><li>Beg\u00e4r tillg\u00e4ngliga flygplansalternativ resa f\u00f6r resa via <a href=\"https:\/\/amalfijets.com\/on-demand-charter\/\" target=\"_blank\" rel=\"noopener\">p\u00e5 beg\u00e4ran<\/a> stadgeaspekten.&nbsp;<\/li><li>Bli en <a href=\"https:\/\/amalfijets.com\/the-amalfi-one-jet-card-program\/\" target=\"_blank\" rel=\"noopener\">One Jet-kort<\/a> medlem om du \u00e4r en flitig flygare som vill \u00e4ga ett flygplan utan att betala de avgifter som f\u00f6ljer med det.<\/li><\/ol>\r\n\r\n\r\n\r\n<p>L\u00e5t oss utforska medlemsprogrammet n\u00e4rmare.<\/p>\r\n\r\n\r\n\r\n<h2 class=\"wp-block-heading\"><span class=\"ez-toc-section\" id=\"The_Company_Card_Program\"><\/span>Programmet f\u00f6r f\u00f6retagskort<span class=\"ez-toc-section-end\"><\/span><\/h2>\r\n\r\n\r\n\r\n<p>M\u00e5let med Amalfi One Jet Card-programmet \u00e4r att erbjuda dig ett servicen\u00e4tverk d\u00e4r du kan njuta av det b\u00e4sta som branschen har att erbjuda - resor \u00f6ver hela v\u00e4rlden.<\/p>\r\n\r\n\r\n\r\n<p>Amalfi One Jet Card \u00e4r det enda jetkortet i branschen som kan anv\u00e4ndas i mer \u00e4n 30 olika l\u00e4nder. Som kortinnehavare kan du flyga och betala per timme s\u00e5 l\u00e4nge du reser inom eller mellan l\u00e4nderna i f\u00f6retagets prim\u00e4ra serviceomr\u00e5de. Oavsett vart din resa tar dig kan du vara s\u00e4ker p\u00e5 att en flygplansflotta v\u00e4ntar p\u00e5 att transportera dig till din destination.<\/p>\r\n\r\n\r\n\r\n<p>En annan f\u00f6rdel med att vara kortinnehavare \u00e4r att du kan chartra ett jetplan endast med 18 timmars varsel inom USA, eller 72 timmar f\u00f6r resten av orterna inom Amalfis prim\u00e4ra serviceomr\u00e5de.<\/p>\r\n\r\n\r\n\r\n<p>Sist men inte minst f\u00e5r du som kortinnehavare gratis svartbilsservice, personlig catering p\u00e5 varje flygning samt alkohol och drycker enligt dina \u00f6nskem\u00e5l. En representant fr\u00e5n Amalfi Jets kommer att v\u00e4lkomna dig vid varje avreseflygplats f\u00f6r att se till att du f\u00e5r den b\u00e4sta servicen.<\/p>\r\n\r\n\r\n\r\n<h2 class=\"wp-block-heading\"><span class=\"ez-toc-section\" id=\"Pricing\"><\/span>Priss\u00e4ttning<span class=\"ez-toc-section-end\"><\/span><\/h2>\r\n\r\n\r\n\r\n<p>En minsta ins\u00e4ttning p\u00e5 $50 000 USD kr\u00e4vs f\u00f6r One-programmet, d\u00e4r hela beloppet p\u00e5 $50 000 USD omedelbart s\u00e4tts in p\u00e5 ditt flygkonto f\u00f6r resor, och d\u00e4r det inte finns n\u00e5gra medlemsavgifter, \u00e5rsavgifter, medlemsavgifter eller startkostnader.<\/p>\r\n\r\n\r\n\r\n<p>Som medlem i One Jet Card-programmet betalar du f\u00f6ljande timpriser:<\/p>\r\n\r\n\r\n\r\n<ul class=\"wp-block-list\"><li>$5 800 f\u00f6r l\u00e4tta jetplan;&nbsp;<\/li><li>$7 800 f\u00f6r mellanstora jetplan;&nbsp;<\/li><li>$9 800 f\u00f6r super-midsize jetplan;&nbsp;<\/li><li>$10 800 f\u00f6r stora kabinjetflygplan;&nbsp;<\/li><li>$13 500 f\u00f6r jetflygplan med mycket l\u00e5ng r\u00e4ckvidd.<\/li><\/ul>\r\n\r\n\r\n\r\n<h2 class=\"wp-block-heading\"><span class=\"ez-toc-section\" id=\"The_Fleet\"><\/span>Flottan&nbsp;<span class=\"ez-toc-section-end\"><\/span><\/h2>\r\n\r\n\r\n\r\n<figure class=\"wp-block-image size-full is-style-default\"><img loading=\"lazy\" decoding=\"async\" width=\"1000\" height=\"667\" src=\"https:\/\/comparemyjet.com\/wp-content\/uploads\/2022\/07\/amalfi.jets_.white_.private.jet_.on_.the_.runway.jpg\" alt=\"amalfi.jets.white.private.plane.on.the.runway.white.private.plane.on.the.runway\" class=\"wp-image-3067\" srcset=\"https:\/\/comparemyjet.com\/wp-content\/uploads\/2022\/07\/amalfi.jets_.white_.private.jet_.on_.the_.runway-18x12.jpg 18w, https:\/\/comparemyjet.com\/wp-content\/uploads\/2022\/07\/amalfi.jets_.white_.private.jet_.on_.the_.runway-300x200.jpg 300w, https:\/\/comparemyjet.com\/wp-content\/uploads\/2022\/07\/amalfi.jets_.white_.private.jet_.on_.the_.runway-768x512.jpg 768w, https:\/\/comparemyjet.com\/wp-content\/uploads\/2022\/07\/amalfi.jets_.white_.private.jet_.on_.the_.runway.jpg 1000w\" sizes=\"auto, (max-width: 1000px) 100vw, 1000px\" \/><\/figure>\r\n\r\n\r\n\r\n<p>Ta en titt p\u00e5 f\u00f6ljande jetkategorier och anv\u00e4nd v\u00e5ra f\u00f6rklaringar f\u00f6r att v\u00e4lja det perfekta flygplanet f\u00f6r din kommande resa.<\/p>\r\n\r\n\r\n\r\n<h3 class=\"wp-block-heading\"><span class=\"ez-toc-section\" id=\"1_Light_Private_Jets\"><\/span>1. L\u00e4tta privatjetflygplan<span class=\"ez-toc-section-end\"><\/span><\/h3>\r\n\r\n\r\n\r\n<p>Om din resa \u00e4r upp till tre timmar l\u00e5ng och du har ett litet s\u00e4llskap p\u00e5 4-6 passagerare \u00e4r jetplan i kategorin l\u00e4tta flygplan ett l\u00e4mpligt val.&nbsp;<\/p>\r\n\r\n\r\n\r\n<p>L\u00e4tta jetplan \u00e4r ett vanligt val p\u00e5 grund av deras l\u00e5ga driftskostnader och h\u00f6ga effektivitet. Vissa l\u00e4tta jetplan kan vara relativt sm\u00e5 medan andra kan vara st\u00f6rre \u00e4n man kan f\u00f6rv\u00e4nta sig, s\u00e5 allt beror p\u00e5 flygplansmodellen. Det kan inte finnas n\u00e5gra bord eller toaletter, och det finns vanligtvis inget utrymme f\u00f6r att st\u00e5, vilket \u00e4r anledningen till att flygv\u00e4rdinnor vanligtvis inte f\u00f6ljer med passagerarna i dessa jetplan. De ger dock lugnare flygningar \u00e4n turboprops till en l\u00e5g kostnad och \u00e4r perfekta f\u00f6r mindre landningsbanor.&nbsp;<\/p>\r\n\r\n\r\n\r\n<h3 class=\"wp-block-heading\"><span class=\"ez-toc-section\" id=\"2_Midsize_and_Super-Midsize_Private_Jets\"><\/span>2. Medelstora och supermedelstora privata jetplan&nbsp;<span class=\"ez-toc-section-end\"><\/span><\/h3>\r\n\r\n\r\n\r\n<p>Den mellanstora kategorin, med plats f\u00f6r upp till 9 passagerare, \u00e4r popul\u00e4r f\u00f6r resor p\u00e5 upp till 4 timmar och f\u00f6r passagerare som vill ha extra bagagekapacitet, en rymlig kabin och ett sofistikerat boende. Till skillnad fr\u00e5n l\u00e4tta jetplan har flygplan i mellanklassen st\u00f6rre f\u00f6rfriskningsutrymmen, vilket g\u00f6r det m\u00f6jligt att ta med sig extra mat och snacks samt drycker ombord. Kategorin super midsize-flygplan \u00e4r ocks\u00e5 en stor favorit bland kunderna. Dessa privatjetflygplan har st\u00e5hytter, plats f\u00f6r upp till 9 passagerare och m\u00f6jlighet att resa \u00f6ver kontinenter.<\/p>\r\n\r\n\r\n\r\n<h3 class=\"wp-block-heading\"><span class=\"ez-toc-section\" id=\"3_Large_Private_Jets\"><\/span>3. Stora privata jetplan<span class=\"ez-toc-section-end\"><\/span><\/h3>\r\n\r\n\r\n\r\n<p>Den stora privatjetklassen \u00e4r b\u00e4st l\u00e4mpad f\u00f6r interkontinentala flygningar eller stora fester tack vare de rymliga kabinerna - oavsett hur l\u00e5ng resan \u00e4r. Denna klass av privatjetflygplan erbjuder ocks\u00e5 utm\u00e4rkta banprestanda, stigningshastighet och hastighet, st\u00f6rre passagerar- och bagagekapacitet och l\u00e4ngre r\u00e4ckvidd.&nbsp;<\/p>\r\n\r\n\r\n\r\n<p>De tunga flygplanen kan ta med sig omkring femton passagerare, med sovplats f\u00f6r sex. S\u00e4ngar, matf\u00f6rr\u00e5d, badrum och moderna underh\u00e5llningssystem finns p\u00e5 n\u00e4stan alla tunga flygplan och det finns minst en flygv\u00e4rdinna under flygningen.&nbsp;<\/p>\r\n\r\n\r\n\r\n<p>Med en hastighet p\u00e5 ungef\u00e4r 500 miles i timmen har tunga jetplan en r\u00e4ckvidd p\u00e5 ungef\u00e4r 6 000 miles. De \u00e4r mindre \u00e4n trafikflygplan och erbjuder fler landningsalternativ.&nbsp;<\/p>\r\n\r\n\r\n\r\n<h3 class=\"wp-block-heading\"><span class=\"ez-toc-section\" id=\"4_Ultra-Long-Range_Private_Jets\"><\/span>4. Privata jetflygplan med mycket l\u00e5ng r\u00e4ckvidd<span class=\"ez-toc-section-end\"><\/span><\/h3>\r\n\r\n\r\n\r\n<p>Om du beh\u00f6ver vara p\u00e5 andra sidan jorden p\u00e5 mycket kort tid finns ultra-l\u00e5ngdistansflygplan f\u00f6r dig. Denna kategori omfattar jetplan som kan flyga mellan 8 500 och 12 900 kilometer utan att stanna f\u00f6r br\u00e4nsle. Dessa privatplan \u00e4r rymliga och trevliga, med tre utsedda zoner f\u00f6r arbete, sittande och vilande. Kabinens h\u00f6jd varierar mellan 1,85 och 1,95 meter.&nbsp;<\/p>\r\n\r\n\r\n\r\n<h2 class=\"wp-block-heading\"><span class=\"ez-toc-section\" id=\"Company_Safety_Policy_and_Standards\"><\/span>F\u00f6retagets s\u00e4kerhetspolicy och s\u00e4kerhetsnormer<span class=\"ez-toc-section-end\"><\/span><\/h2>\r\n\r\n\r\n\r\n<p>Alla flygningar utf\u00f6rs av FAA Part 135-lufttrafikf\u00f6retag som \u00e4r certifierade f\u00f6r s\u00e4kerhet. Alla flygplan \u00e4r utrustade med toppmodern utrustning och piloter med omfattande expertis. Tv\u00e5 piloter kontrollerar varje Jet Card-flygning, och endast flygplan och bes\u00e4ttning som har genomg\u00e5tt en omfattande s\u00e4kerhetsrevision av tredje part fr\u00e5n ARG\/US, Wyvern eller IS-BAO anv\u00e4nds.<\/p>\r\n\r\n\r\n\r\n<h2 class=\"wp-block-heading\"><span class=\"ez-toc-section\" id=\"Partnerships\"><\/span>Partnerskap<span class=\"ez-toc-section-end\"><\/span><\/h2>\r\n\r\n\r\n\r\n<figure class=\"wp-block-image size-full is-style-default\"><img loading=\"lazy\" decoding=\"async\" width=\"1000\" height=\"667\" src=\"https:\/\/comparemyjet.com\/wp-content\/uploads\/2022\/07\/white.plane_.flying.over_.buildings.jpg\" alt=\"\" class=\"wp-image-3064\" srcset=\"https:\/\/comparemyjet.com\/wp-content\/uploads\/2022\/07\/white.plane_.flying.over_.buildings-18x12.jpg 18w, https:\/\/comparemyjet.com\/wp-content\/uploads\/2022\/07\/white.plane_.flying.over_.buildings-300x200.jpg 300w, https:\/\/comparemyjet.com\/wp-content\/uploads\/2022\/07\/white.plane_.flying.over_.buildings-768x512.jpg 768w, https:\/\/comparemyjet.com\/wp-content\/uploads\/2022\/07\/white.plane_.flying.over_.buildings.jpg 1000w\" sizes=\"auto, (max-width: 1000px) 100vw, 1000px\" \/><\/figure>\r\n\r\n\r\n\r\n<p>F\u00f6rutom att erbjuda sina kunder chartertj\u00e4nster och Jet Card-medlemskap, har Amalfi Jet ocks\u00e5 ett globalt n\u00e4tverk av partners spridda \u00f6ver fem kontinenter. F\u00f6retagets kortinnehavare f\u00e5r tillg\u00e5ng till unika platser och f\u00f6rm\u00e5ner tack vare sina partners, som privilegier p\u00e5 n\u00e5gra av de finaste <a href=\"https:\/\/comparemyjet.com\/sv\/hotels\/\" data-internallinksmanager029f6b8e52c=\"470\" title=\"De 100 b\u00e4sta hotellen n\u00e4ra flygplatser fr\u00e5n hela v\u00e4rlden\">hotell<\/a>, gastronomiklubbar och andra kultur- och n\u00f6jesst\u00e4llen.&nbsp;<\/p>\r\n\r\n\r\n\r\n<p>Amalfi One Jet Card accepteras i 32 l\u00e4nder, s\u00e5 du kan resa i de flesta delar av v\u00e4rlden.&nbsp;<\/p>\r\n\r\n\r\n\r\n<p>Amalfi Jets har \u00e4ran att arbeta med och st\u00f6djas av n\u00e5gra av v\u00e4rldens mest prestigefyllda f\u00f6retag, s\u00e5som The Ritz - Carlton Residences, The Langham - <a href=\"https:\/\/comparemyjet.com\/sv\/privata-turer\/sydney-private-tours\/\" data-internallinksmanager029f6b8e52c=\"208\" title=\"11 b\u00e4sta privata turer i Sydney fr\u00e5n $31.99\">Sydney<\/a>, Palace Hotell - <a href=\"https:\/\/comparemyjet.com\/sv\/privatjetcharter-till-tokyo\/\" data-internallinksmanager029f6b8e52c=\"121\" title=\"Charterflyg till Tokyo\">Tokyo<\/a>, Castello di Amorosa - (endast p\u00e5 engelska) <a href=\"https:\/\/comparemyjet.com\/sv\/privata-turer\/napa-private-tours\/\" data-internallinksmanager029f6b8e52c=\"424\" title=\"11 b\u00e4sta privata turer i Napa fr\u00e5n $99.00\">Napa<\/a> Valley, Stein Eriksen Lodge och m\u00e5nga andra.<\/p>\r\n\r\n\r\n\r\n<h2 class=\"wp-block-heading\"><span class=\"ez-toc-section\" id=\"Conclusion\"><\/span>Slutsats<span class=\"ez-toc-section-end\"><\/span><\/h2>\r\n\r\n\r\n\r\n<p>Det \u00e4r viktigt att lita p\u00e5 ett p\u00e5litligt charterbolag f\u00f6r din och din familjs s\u00e4kerhet. Om du undrar vart du ska v\u00e4nda dig n\u00e4r charteravgifterna f\u00f6r flygplan och flygbr\u00e4nsle \u00f6kar f\u00f6r varje sekund, v\u00e4nd dig till Amalfi Jets. Deras uppm\u00e4rksamhet p\u00e5 detaljer och kundservice garanterar en s\u00e4ker och tillfredsst\u00e4llande resa. One Jet Card-programmet ger dig l\u00e5ga timpriser, tillg\u00e5ng till ditt \u00f6nskade jetplan inom endast 18 timmar, utan extra avgifter eller otillg\u00e4ngliga datum.&nbsp;<\/p>","protected":false},"excerpt":{"rendered":"<p>Det finns inget b\u00e4ttre \u00e4n att resa \u00f6ver hela v\u00e4rlden med privatjet. F\u00f6r att g\u00f6ra upplevelsen av att flyga privat mer njutbar skickar Amalfi Jets en av sina representanter till flygplatsen f\u00f6r att h\u00e4lsa varje kund v\u00e4lkommen f\u00f6re avg\u00e5ng och se till att varje detalj tas om hand f\u00f6r en trevlig flygning.  F\u00f6retaget tillhandah\u00e5ller tj\u00e4nster som ...<\/p>","protected":false},"author":2,"featured_media":3063,"parent":0,"menu_order":0,"comment_status":"closed","ping_status":"closed","template":"","meta":{"_acf_changed":false,"_genesis_hide_title":false,"_genesis_hide_breadcrumbs":false,"_genesis_hide_singular_image":false,"_genesis_hide_footer_widgets":false,"_genesis_custom_body_class":"","_genesis_custom_post_class":"","_genesis_layout":"","footnotes":""},"class_list":{"1":"page","2":"type-page","6":"entry"},"acf":[],"_links":{"self":[{"href":"https:\/\/comparemyjet.com\/sv\/wp-json\/wp\/v2\/pages\/3061","targetHints":{"allow":["GET"]}}],"collection":[{"href":"https:\/\/comparemyjet.com\/sv\/wp-json\/wp\/v2\/pages"}],"about":[{"href":"https:\/\/comparemyjet.com\/sv\/wp-json\/wp\/v2\/types\/page"}],"author":[{"embeddable":true,"href":"https:\/\/comparemyjet.com\/sv\/wp-json\/wp\/v2\/users\/2"}],"replies":[{"embeddable":true,"href":"https:\/\/comparemyjet.com\/sv\/wp-json\/wp\/v2\/comments?post=3061"}],"version-history":[{"count":3,"href":"https:\/\/comparemyjet.com\/sv\/wp-json\/wp\/v2\/pages\/3061\/revisions"}],"predecessor-version":[{"id":3437,"href":"https:\/\/comparemyjet.com\/sv\/wp-json\/wp\/v2\/pages\/3061\/revisions\/3437"}],"wp:featuredmedia":[{"embeddable":true,"href":"https:\/\/comparemyjet.com\/sv\/wp-json\/wp\/v2\/media\/3063"}],"wp:attachment":[{"href":"https:\/\/comparemyjet.com\/sv\/wp-json\/wp\/v2\/media?parent=3061"}],"curies":[{"name":"wp","href":"https:\/\/api.w.org\/{rel}","templated":true}]}}