{"id":3070,"date":"2022-07-11T23:51:45","date_gmt":"2022-07-11T23:51:45","guid":{"rendered":"https:\/\/comparemyjet.com\/?page_id=3070"},"modified":"2025-09-04T09:58:16","modified_gmt":"2025-09-04T09:58:16","slug":"concord-private-jet","status":"publish","type":"page","link":"https:\/\/comparemyjet.com\/sv\/concord-private-jet\/","title":{"rendered":"Concord Private Jet Flight Priss\u00e4ttning"},"content":{"rendered":"<p>Concord Private Jet grundades p\u00e5 principen att tillhandah\u00e5lla de b\u00e4sta flygplanen till l\u00e4gsta m\u00f6jliga pris. F\u00f6retaget \u00e4r verksamt som charterm\u00e4klare och hyr ut privata charterflygplan till sina kunder.<\/p>\r\n\r\n\r\n\r\n<p>\u00c4garen Neal Impellizzeri \u00f6vervakar varje Fleet Access Card och ser till att allt fr\u00e5n schemal\u00e4ggning till catering eller \u00f6verf\u00f6ring \u00e4r perfekt f\u00f6r dig. Impellizzeri uppskattar v\u00e4rdet av att h\u00e5lla tidsplanen, och han och hans team \u00e4r tillg\u00e4ngliga 24 timmar om dygnet, 7 dagar i veckan f\u00f6r att se till att varje schema f\u00f6ljs strikt. L\u00e5t oss se vad mer Concord Private har att erbjuda i mer detalj.<\/p>\r\n\r\n\r\n\r\n<div id=\"ez-toc-container\" class=\"ez-toc-v2_0_76 counter-hierarchy ez-toc-counter ez-toc-grey ez-toc-container-direction\">\n<p class=\"ez-toc-title\" style=\"cursor:inherit\">\u00c4mnen<\/p>\n<label for=\"ez-toc-cssicon-toggle-item-69f198383c463\" class=\"ez-toc-cssicon-toggle-label\"><span class=\"\"><span class=\"eztoc-hide\" style=\"display:none;\">V\u00e4xel<\/span><span class=\"ez-toc-icon-toggle-span\"><svg style=\"fill: #999;color:#999\" xmlns=\"http:\/\/www.w3.org\/2000\/svg\" class=\"list-377408\" width=\"20px\" height=\"20px\" viewbox=\"0 0 24 24\" fill=\"none\"><path d=\"M6 6H4v2h2V6zm14 0H8v2h12V6zM4 11h2v2H4v-2zm16 0H8v2h12v-2zM4 16h2v2H4v-2zm16 0H8v2h12v-2z\" fill=\"currentColor\"><\/path><\/svg><svg style=\"fill: #999;color:#999\" class=\"arrow-unsorted-368013\" xmlns=\"http:\/\/www.w3.org\/2000\/svg\" width=\"10px\" height=\"10px\" viewbox=\"0 0 24 24\" version=\"1.2\" baseprofile=\"tiny\"><path d=\"M18.2 9.3l-6.2-6.3-6.2 6.3c-.2.2-.3.4-.3.7s.1.5.3.7c.2.2.4.3.7.3h11c.3 0 .5-.1.7-.3.2-.2.3-.5.3-.7s-.1-.5-.3-.7zM5.8 14.7l6.2 6.3 6.2-6.3c.2-.2.3-.5.3-.7s-.1-.5-.3-.7c-.2-.2-.4-.3-.7-.3h-11c-.3 0-.5.1-.7.3-.2.2-.3.5-.3.7s.1.5.3.7z\"\/><\/svg><\/span><\/span><\/label><input type=\"checkbox\"  id=\"ez-toc-cssicon-toggle-item-69f198383c463\" checked aria-label=\"V\u00e4xel\" \/><nav><ul class='ez-toc-list ez-toc-list-level-1' ><li class='ez-toc-page-1 ez-toc-heading-level-2'><a class=\"ez-toc-link ez-toc-heading-1\" href=\"https:\/\/comparemyjet.com\/sv\/concord-private-jet\/#Company_History\" >F\u00f6retagets historia<\/a><\/li><li class='ez-toc-page-1 ez-toc-heading-level-2'><a class=\"ez-toc-link ez-toc-heading-2\" href=\"https:\/\/comparemyjet.com\/sv\/concord-private-jet\/#Company_Jet_Card_Program\" >F\u00f6retagets Jet Card-program<\/a><\/li><li class='ez-toc-page-1 ez-toc-heading-level-2'><a class=\"ez-toc-link ez-toc-heading-3\" href=\"https:\/\/comparemyjet.com\/sv\/concord-private-jet\/#The_Fleet\" >Flottan&nbsp;<\/a><ul class='ez-toc-list-level-3' ><li class='ez-toc-heading-level-3'><a class=\"ez-toc-link ez-toc-heading-4\" href=\"https:\/\/comparemyjet.com\/sv\/concord-private-jet\/#1_Light_Private_Jets\" >1. L\u00e4tta privatjetflygplan<\/a><ul class='ez-toc-list-level-4' ><li class='ez-toc-heading-level-4'><a class=\"ez-toc-link ez-toc-heading-5\" href=\"https:\/\/comparemyjet.com\/sv\/concord-private-jet\/#Our_Recommendation_Premier_I\" >V\u00e5r rekommendation: Premier I<\/a><\/li><\/ul><\/li><li class='ez-toc-page-1 ez-toc-heading-level-3'><a class=\"ez-toc-link ez-toc-heading-6\" href=\"https:\/\/comparemyjet.com\/sv\/concord-private-jet\/#2_Midsize_Private_Jets\" >2. Medelstora privata jetplan<\/a><ul class='ez-toc-list-level-4' ><li class='ez-toc-heading-level-4'><a class=\"ez-toc-link ez-toc-heading-7\" href=\"https:\/\/comparemyjet.com\/sv\/concord-private-jet\/#Our_Recommendation_Astra_SPX\" >V\u00e5r rekommendation: Astra SPX<\/a><\/li><\/ul><\/li><li class='ez-toc-page-1 ez-toc-heading-level-3'><a class=\"ez-toc-link ez-toc-heading-8\" href=\"https:\/\/comparemyjet.com\/sv\/concord-private-jet\/#3_Super-Midsize_Private_Jets\" >3. Super-Midsize Private Jets&nbsp;<\/a><ul class='ez-toc-list-level-4' ><li class='ez-toc-heading-level-4'><a class=\"ez-toc-link ez-toc-heading-9\" href=\"https:\/\/comparemyjet.com\/sv\/concord-private-jet\/#Our_Recommendation_The_Citation_Sovereign\" >V\u00e5r rekommendation: Citation Sovereign<\/a><\/li><\/ul><\/li><li class='ez-toc-page-1 ez-toc-heading-level-3'><a class=\"ez-toc-link ez-toc-heading-10\" href=\"https:\/\/comparemyjet.com\/sv\/concord-private-jet\/#4_Large_Private_Jets\" >4. Stora privata jetplan<\/a><ul class='ez-toc-list-level-4' ><li class='ez-toc-heading-level-4'><a class=\"ez-toc-link ez-toc-heading-11\" href=\"https:\/\/comparemyjet.com\/sv\/concord-private-jet\/#Our_Recommendation_The_Falcon_900EX\" >V\u00e5r rekommendation: Falcon 900EX<\/a><\/li><\/ul><\/li><\/ul><\/li><li class='ez-toc-page-1 ez-toc-heading-level-2'><a class=\"ez-toc-link ez-toc-heading-12\" href=\"https:\/\/comparemyjet.com\/sv\/concord-private-jet\/#Company_Safety_Policy_and_Standards\" >F\u00f6retagets s\u00e4kerhetspolicy och s\u00e4kerhetsnormer<\/a><\/li><li class='ez-toc-page-1 ez-toc-heading-level-2'><a class=\"ez-toc-link ez-toc-heading-13\" href=\"https:\/\/comparemyjet.com\/sv\/concord-private-jet\/#Conclusion\" >Slutsats<\/a><\/li><\/ul><\/nav><\/div>\n<h2 class=\"wp-block-heading\"><span class=\"ez-toc-section\" id=\"Company_History\"><\/span>F\u00f6retagets historia<span class=\"ez-toc-section-end\"><\/span><\/h2>\r\n\r\n\r\n\r\n<p>Concord Private Jet grundades 2008 som ett familjef\u00f6retag av Neal Impellizzeri, hans fru Michelle Impellizzeri och deras son AJ i New York, <a href=\"https:\/\/comparemyjet.com\/sv\/privata-turer\/privata-rundturer-i-new-york-city\/\" data-internallinksmanager029f6b8e52c=\"427\" title=\"11 b\u00e4sta privata turer i New York City fr\u00e5n $48.00\">New York<\/a>.&nbsp;<\/p>\r\n\r\n\r\n\r\n<p>Concord \u00e4r ett litet familjef\u00f6retag som saknar den starka f\u00f6retagsorganisation som st\u00f6rre f\u00f6retag har. Och anledningen till att de kan erbjuda \u00f6verkomliga och l\u00e5ga priser \u00e4r just f\u00f6r att de inte spenderar tiotusentals dollar p\u00e5 marknadsf\u00f6ring och f\u00f6rs\u00e4ljning.<\/p>\r\n\r\n\r\n\r\n<p>Concord Private Jet erbjuder charterflyg f\u00f6r tredje part. Det finns inga start- eller medlemsavgifter och programmet f\u00f6r nyb\u00f6rjare omfattar 25 timmar p\u00e5 ett l\u00e4tt jetplan eller turbopropflygplan. Timpriset \u00e4r fast och garanterat, och kortinnehavare kan anv\u00e4nda flera flygplan samtidigt.&nbsp;<\/p>\r\n\r\n\r\n\r\n<p>Impellizzeri har skapat ett unikt system som g\u00f6r det m\u00f6jligt f\u00f6r dig att flyga fr\u00e5n punkt A till punkt B f\u00f6r %0 till 40% mindre \u00e4n vad andra privata charterbolag tar ut. De hyr endast ett Platinum Argus-certifierat flygplan f\u00f6r att uppfylla de h\u00f6gsta kriterierna. F\u00f6r att s\u00e4tta detta i perspektiv finns det endast 31 Platinum Argus-certifierade flygbolag av cirka 3 500 kommersiella operat\u00f6rer i hela landet.<\/p>\r\n\r\n\r\n\r\n<h2 class=\"wp-block-heading\"><span class=\"ez-toc-section\" id=\"Company_Jet_Card_Program\"><\/span>F\u00f6retagets Jet Card-program<span class=\"ez-toc-section-end\"><\/span><\/h2>\r\n\r\n\r\n\r\n<figure class=\"wp-block-image size-full is-style-default\"><img loading=\"lazy\" decoding=\"async\" width=\"1000\" height=\"667\" src=\"https:\/\/comparemyjet.com\/wp-content\/uploads\/2022\/07\/private.jet_.pilots.in_.cockpit.jpg\" alt=\"Concord,Private,Jet,piloter,i,cockpit,redo,att,flyga\" class=\"wp-image-3072\" srcset=\"https:\/\/comparemyjet.com\/wp-content\/uploads\/2022\/07\/private.jet_.pilots.in_.cockpit-18x12.jpg 18w, https:\/\/comparemyjet.com\/wp-content\/uploads\/2022\/07\/private.jet_.pilots.in_.cockpit-300x200.jpg 300w, https:\/\/comparemyjet.com\/wp-content\/uploads\/2022\/07\/private.jet_.pilots.in_.cockpit-768x512.jpg 768w, https:\/\/comparemyjet.com\/wp-content\/uploads\/2022\/07\/private.jet_.pilots.in_.cockpit.jpg 1000w\" sizes=\"auto, (max-width: 1000px) 100vw, 1000px\" \/><\/figure>\r\n\r\n\r\n\r\n<p>Med Concord Private 25-hour Jet Card kan du v\u00e4lja den jetmodell och kategori som b\u00e4st passar dina specifika resebehov. Concord erbjuder den h\u00f6gsta s\u00e4kerhetsniv\u00e5n till den mest prisv\u00e4rda timl\u00f6nen, som garanteras i 24 m\u00e5nader. Varje kort kan delas upp i upp till fyra betalningar under fyra m\u00e5nader.<\/p>\r\n\r\n\r\n\r\n<p>Om du best\u00e4mmer dig f\u00f6r att bli kortinnehavare i Concord Private Jets medlemskapsprogram kommer du att kunna dra nytta av f\u00f6rm\u00e5ner som inga avgifter f\u00f6r \u00f6vernattning, inga landnings-, ompositionerings- eller br\u00e4nsletill\u00e4gg och inga administrationsavgifter. Det \u00e4r gratis att uppgradera (eller nedgradera) din jetklass och du f\u00e5r garanterad tillg\u00e4nglighet 365 dagar om \u00e5ret.<\/p>\r\n\r\n\r\n\r\n<p>Medlemmarna f\u00e5r ocks\u00e5 tillg\u00e5ng till en personlig resekonsert som \u00e4r kvalificerad att svara p\u00e5 f\u00f6rfr\u00e5gningar och ge information dygnet runt.<\/p>\r\n\r\n\r\n\r\n<p>25 Hour Jet Card-programmet \u00e4r prissatt per timme och alla skatter ing\u00e5r. Om du till exempel vill flyga med ett mellanstort jetplan betalar du $5,750 per timme, medan du med ett jetplan i den l\u00e4tta kategorin betalar $4,750 per timme.<\/p>\r\n\r\n\r\n\r\n<p>F\u00f6retaget tar inte ut n\u00e5gon br\u00e4nsleavgift av Jet Card-\u00e4garna och erbjuder sina kunder menyval p\u00e5 varje resa. Som kund debiteras man endast f\u00f6r de timmar som man faktiskt flyger.<\/p>\r\n\r\n\r\n\r\n<h2 class=\"wp-block-heading\"><span class=\"ez-toc-section\" id=\"The_Fleet\"><\/span>Flottan&nbsp;<span class=\"ez-toc-section-end\"><\/span><\/h2>\r\n\r\n\r\n\r\n<p>Concord har en privatjet f\u00f6r alla, oavsett om du letar efter en liten eller stor jet. Som charterm\u00e4klare har de tillg\u00e5ng till m\u00e5nga flygbolag, vilket \u00e4r goda nyheter f\u00f6r dig - du \u00e4r garanterad att f\u00e5 din \u00f6nskade jetmodell med mycket kort upps\u00e4gningstid.<\/p>\r\n\r\n\r\n\r\n<p>L\u00e5t oss ta en titt p\u00e5 de jetkategorier och modeller som Concord Private Jet har att erbjuda.<\/p>\r\n\r\n\r\n\r\n<h3 class=\"wp-block-heading\"><span class=\"ez-toc-section\" id=\"1_Light_Private_Jets\"><\/span>1. L\u00e4tta privatjetflygplan<span class=\"ez-toc-section-end\"><\/span><\/h3>\r\n\r\n\r\n\r\n<p>Ljusstr\u00e5lar \u00e4r ett popul\u00e4rt val tack vare deras l\u00e5ga priser och h\u00f6ga effektivitet. De ger tillg\u00e5ng till sv\u00e5rtillg\u00e4ngliga destinationer d\u00e4r endast sm\u00e5 jetplan kan landa p\u00e5 grund av de kortare landningsbanorna. Ett l\u00e4tt flygplans r\u00e4ckvidd \u00e4r mindre \u00e4n fyra timmar, vilket g\u00f6r dem perfekta f\u00f6r korta inrikesresor. Dessa flygplan \u00e4r ganska snabba och tar dig iv\u00e4g till din destination p\u00e5 nolltid.<\/p>\r\n\r\n\r\n\r\n<h4 class=\"wp-block-heading\"><span class=\"ez-toc-section\" id=\"Our_Recommendation_Premier_I\"><\/span>V\u00e5r rekommendation: Premier I<span class=\"ez-toc-section-end\"><\/span><\/h4>\r\n\r\n\r\n\r\n<p>Beechcraft Premier I tillh\u00f6r kategorin l\u00e4tta jetflygplan och tillverkas av <a href=\"https:\/\/comparemyjet.com\/sv\/hawker-beechcraft\/\" data-internallinksmanager029f6b8e52c=\"153\" title=\"Den ultimata guiden till Hawker Beechcraft privata jetplan och flygplan\">Hawker Beechcraft<\/a>. Planet skapades 1996 f\u00f6r att konkurrera med <a href=\"https:\/\/comparemyjet.com\/sv\/cessna\/\" data-internallinksmanager029f6b8e52c=\"145\" title=\"Den ultimata guiden till privata jetplan och flygplan fr\u00e5n Cessna\">Cessna<\/a> Citatfamilj.<\/p>\r\n\r\n\r\n\r\n<p>Specifikationer:<\/p>\r\n\r\n\r\n\r\n<ul class=\"wp-block-list\"><li>Kabinen har en volym p\u00e5 285 kubikfot;<\/li><li>Internt bagageutrymme p\u00e5 23 kubikfot;<\/li><li>Externt bagageutrymme p\u00e5 55 kubikfot;<\/li><li>En maximal marschfart p\u00e5 461 knop;<\/li><li>En normal marschfart p\u00e5 426 knop;<\/li><li>Kan anv\u00e4ndas av en eller tv\u00e5 piloter;<\/li><li>Det finns plats f\u00f6r sex passagerare;<\/li><li>En normal flygstr\u00e4cka p\u00e5 850 nm;<\/li><li>En maximal flygstr\u00e4cka p\u00e5 1430 nm.<\/li><\/ul>\r\n\r\n\r\n\r\n<p>Concord Private Jet erbjuder en m\u00e4ngd olika l\u00e4tta jetmodeller, t.ex. <em>Citation Jet \/CJ1\/CJ2\/CJ3, Nextant 400XT, Citation II\/V\/Bravo\/Encore\/Ultra, Beechjet 400\/400A, <a href=\"https:\/\/comparemyjet.com\/sv\/learjet\/\" data-internallinksmanager029f6b8e52c=\"149\" title=\"Den ultimata guiden till Learjet Private Jets &amp; Aircraft\">Learjet<\/a> 40, Hawker 400XP, <\/em>och v\u00e5r rekommenderade <em>Premier<\/em>.<\/p>\r\n\r\n\r\n\r\n<h3 class=\"wp-block-heading\"><span class=\"ez-toc-section\" id=\"2_Midsize_Private_Jets\"><\/span>2. Medelstora privata jetplan<span class=\"ez-toc-section-end\"><\/span><\/h3>\r\n\r\n\r\n\r\n<p>R\u00e4ckvidden f\u00f6r ett mellanstort jetflygplan varierar men \u00f6verstiger inte sex timmar. Dessa flygplan \u00e4r rymligare \u00e4n l\u00e4tta flygplan och erbjuder mer komfort. De kan ta dig med p\u00e5 korta och l\u00e4ngre resor, vilket g\u00f6r dem ganska m\u00e5ngsidiga och alltid ett bra val n\u00e4r du tvivlar p\u00e5 vilken klass av jetplan du ska chartra. De har vanligtvis ett slutet badrum, pentry och mer bagageutrymme.<\/p>\r\n\r\n\r\n\r\n<h4 class=\"wp-block-heading\"><span class=\"ez-toc-section\" id=\"Our_Recommendation_Astra_SPX\"><\/span>V\u00e5r rekommendation: Astra SPX<span class=\"ez-toc-section-end\"><\/span><\/h4>\r\n\r\n\r\n\r\n<p>Israel Aircraft Industries utvecklade Astra SPX p\u00e5 90-talet. I b\u00f6rjan av 2000-talet, <a href=\"https:\/\/comparemyjet.com\/sv\/gulfstream\/\" data-internallinksmanager029f6b8e52c=\"175\" title=\"Den ultimata guiden till Gulfstream Private Jets &amp; Aircraft\">Gulfstream<\/a> k\u00f6pte konstruktionen och kallade den G-100.&nbsp;<\/p>\r\n\r\n\r\n\r\n<p>Astra SPX har plats f\u00f6r sju resen\u00e4rer. I kabinen finns en trepersoners divan d\u00e4r du kan str\u00e4cka ut dig och vila och en b\u00e4ltesstol f\u00f6r toalettbes\u00f6k.&nbsp;<\/p>\r\n\r\n\r\n\r\n<p>Specifikationer och utrustning:<\/p>\r\n\r\n\r\n\r\n<ul class=\"wp-block-list\"><li>Det finns plats f\u00f6r sju passagerare;<\/li><li>Den maximala flygstr\u00e4ckan \u00e4r 2790 nm;<\/li><li>En h\u00f6gsta hastighet p\u00e5 470 knop;<\/li><li>En fullstor, sluten toalett;&nbsp;<\/li><li>Ett stort fr\u00e4mre pentry;<\/li><li>GoGo 5G h\u00f6ghastighetsinternet;&nbsp;<\/li><li>LCD-lampor och satellittelefon;&nbsp;<\/li><li>Ett underh\u00e5llningssystem ombord;<\/li><li>Kabinens h\u00f6jd \u00e4r 5' 6\";<\/li><li>Kabinens l\u00e4ngd \u00e4r 17' 1\";<\/li><li>Det inre bagageutrymmet \u00e4r 9 kubikfot;<\/li><li>Det yttre bagageutrymmet \u00e4r 42 kubikfot;<\/li><li>Kan anv\u00e4ndas av tv\u00e5 piloter.<\/li><\/ul>\r\n\r\n\r\n\r\n<p>Concord Private Jet erbjuder en m\u00e4ngd olika jetmodeller i denna mellanstora privata flygplansklass, t.ex. <em>Falcon 20\/200, Citation III\/VI\/VII, G150, Citation Excel\/XLS, Hawker 800\/800XP\/900, Learjet 45\/55\/60, <\/em>och v\u00e5r rekommenderade <em>Astra SPX<\/em>.<\/p>\r\n\r\n\r\n\r\n<h3 class=\"wp-block-heading\"><span class=\"ez-toc-section\" id=\"3_Super-Midsize_Private_Jets\"><\/span>3. Super-Midsize Private Jets&nbsp;<span class=\"ez-toc-section-end\"><\/span><\/h3>\r\n\r\n\r\n\r\n<p>Med breda kabiner d\u00e4r du bekv\u00e4mt kan st\u00e5 upp och kapacitet att flyga mellan kontinenter kommer du att uppt\u00e4cka varf\u00f6r det \u00e4r det b\u00e4sta s\u00e4ttet att resa med en privatjet. Super-midsize jets har h\u00f6gre uth\u00e5llighet \u00e4n midsize jets och kan flyga mer \u00e4n 7 timmar utan att stanna f\u00f6r br\u00e4nsle.&nbsp;<\/p>\r\n\r\n\r\n\r\n<h4 class=\"wp-block-heading\"><span class=\"ez-toc-section\" id=\"Our_Recommendation_The_Citation_Sovereign\"><\/span>V\u00e5r rekommendation: Citation Sovereign<span class=\"ez-toc-section-end\"><\/span><\/h4>\r\n\r\n\r\n\r\n<p>Cessna Citation Sovereign kombinerar exceptionell prestanda med lyx. Den har en stor uth\u00e5llighet p\u00e5 korta f\u00e4lt och en stor r\u00e4ckvidd, vilket g\u00f6r den till ett m\u00e5ngsidigt alternativ.&nbsp;<\/p>\r\n\r\n\r\n\r\n<p>Citation Sovereigns rymliga kabin har ett komplett dryckesutrymme och dubbla klubbs\u00e4ten. Res med stil i ett av de mest lyxiga medelstora privatflygplanen i branschen.<\/p>\r\n\r\n\r\n\r\n<p>Specifikationer:<\/p>\r\n\r\n\r\n\r\n<ul class=\"wp-block-list\"><li>Det finns plats f\u00f6r nio passagerare;<\/li><li>Kan flyga 7:15 timmar utan mellanlandning;<\/li><li>En maximal flygstr\u00e4cka p\u00e5 3010 nm;<\/li><li>Kabinens h\u00f6jd \u00e4r 5' 8\";<\/li><li>Bredden p\u00e5 hytten \u00e4r 5' 6\";<\/li><li>Kabinens l\u00e4ngd \u00e4r 25' 3\";<\/li><li>Ett inre bagageutrymme p\u00e5 35 kubikfot;<\/li><li>En maximal marschfart p\u00e5 459 kts.<\/li><\/ul>\r\n\r\n\r\n\r\n<p>Concord Private Jet erbjuder en m\u00e4ngd olika privata flygplan av super-midsize storlek, t.ex. <em>Citation X, Gulfstream G200\/G280, Falcon 50\/50EX, Challenger 300, <\/em>och v\u00e5r rekommenderade <em>Citat Sovereign.<\/em><\/p>\r\n\r\n\r\n\r\n<h3 class=\"wp-block-heading\"><span class=\"ez-toc-section\" id=\"4_Large_Private_Jets\"><\/span>4. Stora privata jetplan<span class=\"ez-toc-section-end\"><\/span><\/h3>\r\n\r\n\r\n\r\n<p>Om din n\u00e4sta resa inneb\u00e4r en resa \u00f6ver landet eller en interkontinental resa \u00e4r det r\u00e4tt att v\u00e4lja ett jetplan fr\u00e5n denna flygplansklass. Du f\u00e5r en <a href=\"https:\/\/comparemyjet.com\/sv\/snabbaste-privata-jetplan\/\" data-internallinksmanager029f6b8e52c=\"183\" title=\"V\u00e4rldens 11 snabbaste privatjetflygplan [med bilder]\">snabbt jetflygplan<\/a> som i de flesta fall inte beh\u00f6ver stanna f\u00f6r att tanka br\u00e4nsle. Med ett tungt jetplan f\u00e5r du den ultimata reseupplevelsen med privatjet och en annan niv\u00e5 av lyx.<\/p>\r\n\r\n\r\n\r\n<h4 class=\"wp-block-heading\"><span class=\"ez-toc-section\" id=\"Our_Recommendation_The_Falcon_900EX\"><\/span>V\u00e5r rekommendation: Falcon 900EX<span class=\"ez-toc-section-end\"><\/span><\/h4>\r\n\r\n\r\n\r\n<p>Med en r\u00e4ckvidd p\u00e5 5 000 miles, en utomordentligt behaglig kabin och en revolutionerande tremotorig konstruktion \u00e4r Falcon 900EX perfekt f\u00f6r transoceana flygningar och erbjuder en enorm flexibilitet.&nbsp;<\/p>\r\n\r\n\r\n\r\n<p>Specifikationer och utrustning:<\/p>\r\n\r\n\r\n\r\n<ul class=\"wp-block-list\"><li>Tv\u00e5 piloter \u00e4r ansvariga f\u00f6r driften;<\/li><li>Det finns plats f\u00f6r tolv passagerare;<\/li><li>En h\u00f6gsta marschfart p\u00e5 870 km\/tim (470 kt);<\/li><li>Maximal r\u00e4ckvidd p\u00e5 5 180 miles;<\/li><li>Kabinens h\u00f6jd \u00e4r 6ft 2in;<\/li><li>Kabinens inre l\u00e4ngd \u00e4r 33 fot 2 tum;<\/li><li>Bagageutrymmet har en volym p\u00e5 127 kubikfot;<\/li><li>Ett pentry;<\/li><li>Satellittelefon, fax, underh\u00e5llningssystem;<\/li><li>Tv\u00e5 toaletter och ett sminkrum.<\/li><\/ul>\r\n\r\n\r\n\r\n<p>Concord Private Jet erbjuder en m\u00e4ngd olika tunga privatflygplan, t.ex.<em> Falcon 2000-serien, Challenger 600\/601\/604, Global Express, Gulfstream-serien, <\/em>och v\u00e5r rekommenderade <em>Falcon 900EX.<\/em><\/p>\r\n\r\n\r\n\r\n<h2 class=\"wp-block-heading\"><span class=\"ez-toc-section\" id=\"Company_Safety_Policy_and_Standards\"><\/span>F\u00f6retagets s\u00e4kerhetspolicy och s\u00e4kerhetsnormer<span class=\"ez-toc-section-end\"><\/span><\/h2>\r\n\r\n\r\n\r\n<figure class=\"wp-block-image size-full is-style-default\"><img loading=\"lazy\" decoding=\"async\" width=\"1000\" height=\"707\" src=\"https:\/\/comparemyjet.com\/wp-content\/uploads\/2022\/07\/safejourney.jpg\" alt=\"\" class=\"wp-image-3073\" srcset=\"https:\/\/comparemyjet.com\/wp-content\/uploads\/2022\/07\/safejourney-18x12.jpg 18w, https:\/\/comparemyjet.com\/wp-content\/uploads\/2022\/07\/safejourney-300x212.jpg 300w, https:\/\/comparemyjet.com\/wp-content\/uploads\/2022\/07\/safejourney-768x543.jpg 768w, https:\/\/comparemyjet.com\/wp-content\/uploads\/2022\/07\/safejourney.jpg 1000w\" sizes=\"auto, (max-width: 1000px) 100vw, 1000px\" \/><\/figure>\r\n\r\n\r\n\r\n<p>Concord Private Jet s\u00e4tter kundernas s\u00e4kerhet i f\u00f6rsta rummet och anv\u00e4nder endast Platinum <a href=\"https:\/\/www.argus.aero\/\" target=\"_blank\" rel=\"noopener\">Argus<\/a> S\u00e4kerhetscertifierade operat\u00f6rer. Platinaklass kr\u00e4ver att man klarar en strikt utv\u00e4rdering p\u00e5 plats som utf\u00f6rs av kvalificerade inspekt\u00f6rer, s\u00e5 att flyga med certifierade operat\u00f6rer \u00e4r mycket s\u00e4krare \u00e4n att flyga med ett kommersiellt plan.<\/p>\r\n\r\n\r\n\r\n<p>Om ett flygplan inte uppfyller s\u00e4kerhetskriterierna, tilldelar f\u00f6retaget dig omedelbart ett nytt flygplan f\u00f6r din resa.<\/p>\r\n\r\n\r\n\r\n<h2 class=\"wp-block-heading\"><span class=\"ez-toc-section\" id=\"Conclusion\"><\/span>Slutsats<span class=\"ez-toc-section-end\"><\/span><\/h2>\r\n\r\n\r\n\r\n<p>Den personliga servicen skiljer Concord Private Jet fr\u00e5n sina konkurrenter. F\u00f6retaget arbetar f\u00f6r att se till att alla dina fr\u00e5gor, funderingar och behov tas upp. \u00c4garen \u00f6vervakar personligen varje resa och ser till att den f\u00f6ljer schemat, att catering \u00e4r p\u00e5 plats och att marktransporter finns tillg\u00e4ngliga p\u00e5 destinationen. Medan andra f\u00f6retag tar ut en avgift f\u00f6r den h\u00e4r typen av tj\u00e4nster \u00e4r Concord stolt \u00f6ver sitt Jet Card med allt inkluderat.&nbsp;<\/p>\r\n\r\n\r\n\r\n<p>Du kan bli kund och prova p\u00e5 deras tj\u00e4nster utan eller med ett litet \u00e5tagande.&nbsp;<\/p>","protected":false},"excerpt":{"rendered":"<p>Concord Private Jet grundades p\u00e5 principen att tillhandah\u00e5lla de b\u00e4sta flygplanen till l\u00e4gsta m\u00f6jliga pris. F\u00f6retaget \u00e4r verksamt som charterm\u00e4klare och hyr ut privata charterflygplan till sina kunder. \u00c4garen Neal Impellizzeri \u00f6vervakar varje Fleet Access Card och ser till att allt fr\u00e5n schemal\u00e4ggning till catering eller \u00f6verf\u00f6ring \u00e4r perfekt ...<\/p>","protected":false},"author":2,"featured_media":3071,"parent":0,"menu_order":0,"comment_status":"closed","ping_status":"closed","template":"","meta":{"_acf_changed":false,"_genesis_hide_title":false,"_genesis_hide_breadcrumbs":false,"_genesis_hide_singular_image":false,"_genesis_hide_footer_widgets":false,"_genesis_custom_body_class":"","_genesis_custom_post_class":"","_genesis_layout":"","footnotes":""},"class_list":{"1":"page","2":"type-page","6":"entry"},"acf":[],"_links":{"self":[{"href":"https:\/\/comparemyjet.com\/sv\/wp-json\/wp\/v2\/pages\/3070","targetHints":{"allow":["GET"]}}],"collection":[{"href":"https:\/\/comparemyjet.com\/sv\/wp-json\/wp\/v2\/pages"}],"about":[{"href":"https:\/\/comparemyjet.com\/sv\/wp-json\/wp\/v2\/types\/page"}],"author":[{"embeddable":true,"href":"https:\/\/comparemyjet.com\/sv\/wp-json\/wp\/v2\/users\/2"}],"replies":[{"embeddable":true,"href":"https:\/\/comparemyjet.com\/sv\/wp-json\/wp\/v2\/comments?post=3070"}],"version-history":[{"count":2,"href":"https:\/\/comparemyjet.com\/sv\/wp-json\/wp\/v2\/pages\/3070\/revisions"}],"predecessor-version":[{"id":3438,"href":"https:\/\/comparemyjet.com\/sv\/wp-json\/wp\/v2\/pages\/3070\/revisions\/3438"}],"wp:featuredmedia":[{"embeddable":true,"href":"https:\/\/comparemyjet.com\/sv\/wp-json\/wp\/v2\/media\/3071"}],"wp:attachment":[{"href":"https:\/\/comparemyjet.com\/sv\/wp-json\/wp\/v2\/media?parent=3070"}],"curies":[{"name":"wp","href":"https:\/\/api.w.org\/{rel}","templated":true}]}}