{"id":3108,"date":"2022-08-13T21:19:31","date_gmt":"2022-08-13T21:19:31","guid":{"rendered":"https:\/\/comparemyjet.com\/?page_id=3108"},"modified":"2025-09-04T09:58:17","modified_gmt":"2025-09-04T09:58:17","slug":"dumont-aviation-group","status":"publish","type":"page","link":"https:\/\/comparemyjet.com\/sv\/dumont-aviation-group\/","title":{"rendered":"Dumont Aviation Groups flygpriser"},"content":{"rendered":"<p>Dumont Aviation Group \u00e4r en etablerad ledare inom aff\u00e4rsjetflygplan och aff\u00e4rsjetflygplan. Deras flygpersonal har erfarenhet av flygplansk\u00f6p, leasing av flygplan, jetf\u00f6rvaltning, flygunderh\u00e5ll och f\u00f6rs\u00e4ljning av flygplansutrustning. L\u00e5t oss utforska deras tj\u00e4nster och se vad Dumont aviation handlar om.<\/p>\r\n\r\n\r\n\r\n<div id=\"ez-toc-container\" class=\"ez-toc-v2_0_76 counter-hierarchy ez-toc-counter ez-toc-grey ez-toc-container-direction\">\n<p class=\"ez-toc-title\" style=\"cursor:inherit\">\u00c4mnen<\/p>\n<label for=\"ez-toc-cssicon-toggle-item-69f94e333711b\" class=\"ez-toc-cssicon-toggle-label\"><span class=\"\"><span class=\"eztoc-hide\" style=\"display:none;\">V\u00e4xel<\/span><span class=\"ez-toc-icon-toggle-span\"><svg style=\"fill: #999;color:#999\" xmlns=\"http:\/\/www.w3.org\/2000\/svg\" class=\"list-377408\" width=\"20px\" height=\"20px\" viewbox=\"0 0 24 24\" fill=\"none\"><path d=\"M6 6H4v2h2V6zm14 0H8v2h12V6zM4 11h2v2H4v-2zm16 0H8v2h12v-2zM4 16h2v2H4v-2zm16 0H8v2h12v-2z\" fill=\"currentColor\"><\/path><\/svg><svg style=\"fill: #999;color:#999\" class=\"arrow-unsorted-368013\" xmlns=\"http:\/\/www.w3.org\/2000\/svg\" width=\"10px\" height=\"10px\" viewbox=\"0 0 24 24\" version=\"1.2\" baseprofile=\"tiny\"><path d=\"M18.2 9.3l-6.2-6.3-6.2 6.3c-.2.2-.3.4-.3.7s.1.5.3.7c.2.2.4.3.7.3h11c.3 0 .5-.1.7-.3.2-.2.3-.5.3-.7s-.1-.5-.3-.7zM5.8 14.7l6.2 6.3 6.2-6.3c.2-.2.3-.5.3-.7s-.1-.5-.3-.7c-.2-.2-.4-.3-.7-.3h-11c-.3 0-.5.1-.7.3-.2.2-.3.5-.3.7s.1.5.3.7z\"\/><\/svg><\/span><\/span><\/label><input type=\"checkbox\"  id=\"ez-toc-cssicon-toggle-item-69f94e333711b\" checked aria-label=\"V\u00e4xel\" \/><nav><ul class='ez-toc-list ez-toc-list-level-1' ><li class='ez-toc-page-1 ez-toc-heading-level-2'><a class=\"ez-toc-link ez-toc-heading-1\" href=\"https:\/\/comparemyjet.com\/sv\/dumont-aviation-group\/#Company_History\" >F\u00f6retagets historia<\/a><\/li><li class='ez-toc-page-1 ez-toc-heading-level-2'><a class=\"ez-toc-link ez-toc-heading-2\" href=\"https:\/\/comparemyjet.com\/sv\/dumont-aviation-group\/#Dumont_Jet_Charter\" >Dumont Jet Charter<\/a><ul class='ez-toc-list-level-3' ><li class='ez-toc-heading-level-3'><a class=\"ez-toc-link ez-toc-heading-3\" href=\"https:\/\/comparemyjet.com\/sv\/dumont-aviation-group\/#The_Fractional_Ownership_Experience\" >Erfarenhet av delat \u00e4gande<\/a><\/li><li class='ez-toc-page-1 ez-toc-heading-level-3'><a class=\"ez-toc-link ez-toc-heading-4\" href=\"https:\/\/comparemyjet.com\/sv\/dumont-aviation-group\/#Jet_Sales\" >Jet Sales<\/a><\/li><\/ul><\/li><li class='ez-toc-page-1 ez-toc-heading-level-2'><a class=\"ez-toc-link ez-toc-heading-5\" href=\"https:\/\/comparemyjet.com\/sv\/dumont-aviation-group\/#Maintenance\" >Underh\u00e5ll&nbsp;<\/a><\/li><li class='ez-toc-page-1 ez-toc-heading-level-2'><a class=\"ez-toc-link ez-toc-heading-6\" href=\"https:\/\/comparemyjet.com\/sv\/dumont-aviation-group\/#Dumont_PARTS\" >Dumont PARTS<\/a><\/li><li class='ez-toc-page-1 ez-toc-heading-level-2'><a class=\"ez-toc-link ez-toc-heading-7\" href=\"https:\/\/comparemyjet.com\/sv\/dumont-aviation-group\/#Membership_Programs\" >Medlemskapsprogram<\/a><ul class='ez-toc-list-level-3' ><li class='ez-toc-heading-level-3'><a class=\"ez-toc-link ez-toc-heading-8\" href=\"https:\/\/comparemyjet.com\/sv\/dumont-aviation-group\/#Santos_Jet_Card_Program\" >Santos Jet Card-program<\/a><ul class='ez-toc-list-level-4' ><li class='ez-toc-heading-level-4'><a class=\"ez-toc-link ez-toc-heading-9\" href=\"https:\/\/comparemyjet.com\/sv\/dumont-aviation-group\/#1_Light_Jet_Category\" >1. Light Jet Kategori<\/a><\/li><li class='ez-toc-page-1 ez-toc-heading-level-4'><a class=\"ez-toc-link ez-toc-heading-10\" href=\"https:\/\/comparemyjet.com\/sv\/dumont-aviation-group\/#2_Mid_Jet_Category\" >2. Kategori Mid Jet<\/a><\/li><li class='ez-toc-page-1 ez-toc-heading-level-4'><a class=\"ez-toc-link ez-toc-heading-11\" href=\"https:\/\/comparemyjet.com\/sv\/dumont-aviation-group\/#3_Super-mid_Jet_Category\" >3. Super-mid Jet-kategori<\/a><\/li><li class='ez-toc-page-1 ez-toc-heading-level-4'><a class=\"ez-toc-link ez-toc-heading-12\" href=\"https:\/\/comparemyjet.com\/sv\/dumont-aviation-group\/#4_Heavy_Jet_Category\" >4. Kategori tunga jetflygplan<\/a><\/li><\/ul><\/li><\/ul><\/li><li class='ez-toc-page-1 ez-toc-heading-level-2'><a class=\"ez-toc-link ez-toc-heading-13\" href=\"https:\/\/comparemyjet.com\/sv\/dumont-aviation-group\/#The_Fleet\" >Flottan&nbsp;<\/a><ul class='ez-toc-list-level-3' ><li class='ez-toc-heading-level-3'><a class=\"ez-toc-link ez-toc-heading-14\" href=\"https:\/\/comparemyjet.com\/sv\/dumont-aviation-group\/#1_Super-Midsize_Private_Jets\" >1. Super-Midsize Private Jets&nbsp;<\/a><ul class='ez-toc-list-level-4' ><li class='ez-toc-heading-level-4'><a class=\"ez-toc-link ez-toc-heading-15\" href=\"https:\/\/comparemyjet.com\/sv\/dumont-aviation-group\/#Our_Recommendation_Falcon_50\" >V\u00e5r rekommendation: Falcon 50<\/a><\/li><\/ul><\/li><li class='ez-toc-page-1 ez-toc-heading-level-3'><a class=\"ez-toc-link ez-toc-heading-16\" href=\"https:\/\/comparemyjet.com\/sv\/dumont-aviation-group\/#2_Heavy_Private_Jets\" >2. Tunga privatjetflygplan<\/a><ul class='ez-toc-list-level-4' ><li class='ez-toc-heading-level-4'><a class=\"ez-toc-link ez-toc-heading-17\" href=\"https:\/\/comparemyjet.com\/sv\/dumont-aviation-group\/#Our_Recommendation_The_Gulfstream_V\" >V\u00e5r rekommendation: Gulfstream V&nbsp;<\/a><\/li><\/ul><\/li><\/ul><\/li><li class='ez-toc-page-1 ez-toc-heading-level-2'><a class=\"ez-toc-link ez-toc-heading-18\" href=\"https:\/\/comparemyjet.com\/sv\/dumont-aviation-group\/#Company_Safety_Policy_and_Standards\" >F\u00f6retagets s\u00e4kerhetspolicy och s\u00e4kerhetsnormer<\/a><\/li><li class='ez-toc-page-1 ez-toc-heading-level-2'><a class=\"ez-toc-link ez-toc-heading-19\" href=\"https:\/\/comparemyjet.com\/sv\/dumont-aviation-group\/#Conclusion\" >Slutsats<\/a><\/li><\/ul><\/nav><\/div>\n<h2 class=\"wp-block-heading\"><span class=\"ez-toc-section\" id=\"Company_History\"><\/span>F\u00f6retagets historia<span class=\"ez-toc-section-end\"><\/span><\/h2>\r\n\r\n\r\n\r\n<p>Dumont Group \u00e4r ett privat\u00e4gt flygbolag som grundades 2013. Inspirationen till f\u00f6retagets namn och logotyp kommer fr\u00e5n Alberto Santos-Dumont, en brasiliansk flygpionj\u00e4r (1873-1932) som i oktober 1906 fl\u00f6g den f\u00f6rsta maskinen som var tyngre \u00e4n luft i Europa.<\/p>\r\n\r\n\r\n\r\n<p>Dan Piraino, f\u00f6retagets VD, ansvarar f\u00f6r tre underavdelningar av f\u00f6retaget som inkluderar:<\/p>\r\n\r\n\r\n\r\n<ul class=\"wp-block-list\"><li>Dumont JETS (med fokus p\u00e5 charter, f\u00f6rs\u00e4ljning av flygplan och <a href=\"https:\/\/comparemyjet.com\/sv\/vilka-ar-nagra-flygplansforvaltningsforetag\/\" data-internallinksmanager029f6b8e52c=\"21\" title=\"Tj\u00e4nster och f\u00f6retag f\u00f6r flygplanshantering\">luftfartygsf\u00f6rvaltning.<\/a>)<\/li><li>Dumont PARTS (inriktad p\u00e5 att uppr\u00e4tth\u00e5lla och s\u00e4lja ett stort lager av flygplansdelar)<\/li><li>Dumont MRO (inriktat p\u00e5 underh\u00e5ll av flygplan, inklusive m\u00e5lning och inredning) renovering).<\/li><\/ul>\r\n\r\n\r\n\r\n<p>Som du kan se \u00e4r varje sektion inriktad p\u00e5 att uppfylla kundernas unika krav. L\u00e5t oss utforska dem mer i detalj.<\/p>\r\n\r\n\r\n\r\n<h2 class=\"wp-block-heading\"><span class=\"ez-toc-section\" id=\"Dumont_Jet_Charter\"><\/span>Dumont Jet Charter<span class=\"ez-toc-section-end\"><\/span><\/h2>\r\n\r\n\r\n\r\n<figure class=\"wp-block-image size-full is-style-default\"><img loading=\"lazy\" decoding=\"async\" width=\"1000\" height=\"750\" src=\"https:\/\/comparemyjet.com\/wp-content\/uploads\/2022\/07\/privatejetmoderninterior.jpg\" alt=\"DumontAviationGroup\" class=\"wp-image-3110\" srcset=\"https:\/\/comparemyjet.com\/wp-content\/uploads\/2022\/07\/privatejetmoderninterior-16x12.jpg 16w, https:\/\/comparemyjet.com\/wp-content\/uploads\/2022\/07\/privatejetmoderninterior-300x225.jpg 300w, https:\/\/comparemyjet.com\/wp-content\/uploads\/2022\/07\/privatejetmoderninterior-400x300.jpg 400w, https:\/\/comparemyjet.com\/wp-content\/uploads\/2022\/07\/privatejetmoderninterior-768x576.jpg 768w, https:\/\/comparemyjet.com\/wp-content\/uploads\/2022\/07\/privatejetmoderninterior-800x600.jpg 800w, https:\/\/comparemyjet.com\/wp-content\/uploads\/2022\/07\/privatejetmoderninterior.jpg 1000w\" sizes=\"auto, (max-width: 1000px) 100vw, 1000px\" \/><\/figure>\r\n\r\n\r\n\r\n<p>Dumont JETS f\u00f6rvaltas av ett team av experter som identifierar det perfekta flygplanet f\u00f6r att uppfylla dina resebehov och ger dig fullst\u00e4ndig flexibilitet i din resa. De tillhandah\u00e5ller en komplett tj\u00e4nst med fokus p\u00e5 din s\u00e4kerhet och bekv\u00e4mlighet.&nbsp;<\/p>\r\n\r\n\r\n\r\n<h3 class=\"wp-block-heading\"><span class=\"ez-toc-section\" id=\"The_Fractional_Ownership_Experience\"><\/span>Erfarenhet av delat \u00e4gande<span class=\"ez-toc-section-end\"><\/span><\/h3>\r\n\r\n\r\n\r\n<p>F\u00f6retaget erbjuder sina kunder full \u00e4garupplevelse till en br\u00e5kdel av marknadspriset. De erbjuder managementtj\u00e4nster som fullst\u00e4ndig f\u00f6rvaltning, charterf\u00f6rvaltning och Part 91-st\u00f6d. Med deras omfattande luftfartsexpertis kommer ditt jetplan att vara i trygga h\u00e4nder.&nbsp;<\/p>\r\n\r\n\r\n\r\n<h3 class=\"wp-block-heading\"><span class=\"ez-toc-section\" id=\"Jet_Sales\"><\/span>Jet Sales<span class=\"ez-toc-section-end\"><\/span><\/h3>\r\n\r\n\r\n\r\n<p>Dumont JETS har en kompetent personal f\u00f6r f\u00f6rs\u00e4ljning av flygplan och en etablerad meritlista som kvalificerad k\u00f6pare och s\u00e4ljare av jetplan. Deras personal kommer att v\u00e4gleda dig genom hela f\u00f6rs\u00e4ljningsprocessen. De flesta konsumenter \u00e4r s\u00e5 n\u00f6jda med tj\u00e4nsten att de \u00e5terkommer f\u00f6r fler aff\u00e4rer.<\/p>\r\n\r\n\r\n\r\n<h2 class=\"wp-block-heading\"><span class=\"ez-toc-section\" id=\"Maintenance\"><\/span>Underh\u00e5ll&nbsp;<span class=\"ez-toc-section-end\"><\/span><\/h2>\r\n\r\n\r\n\r\n<p>Dumont MRO (Aviation Maintenance, Repair and Overhaul) \u00e4r en FAA Part 145-reparationsstation med anl\u00e4ggningar i Delaware, Illinois och Texas. Dessa stationer erbjuder snabbt underh\u00e5ll, hantverk och skr\u00e4ddarsydd service f\u00f6r ditt flygplan. De underh\u00e5ller jetplan fr\u00e5n tillverkare som t.ex. <a href=\"https:\/\/comparemyjet.com\/sv\/bombardier\/\" data-internallinksmanager029f6b8e52c=\"159\" title=\"Den ultimata guiden till privata jetplan och flygplan fr\u00e5n Bombardier\">Bombardier<\/a>, <a href=\"https:\/\/comparemyjet.com\/sv\/cessna\/\" data-internallinksmanager029f6b8e52c=\"145\" title=\"Den ultimata guiden till privata jetplan och flygplan fr\u00e5n Cessna\">Cessna<\/a>, Challenger, <a href=\"https:\/\/comparemyjet.com\/sv\/dassault\/\" data-internallinksmanager029f6b8e52c=\"174\" title=\"Den ultimata guiden till Dassaults privata jetplan och flygplan\">Dassault<\/a> Falcon, Dornier.<a href=\"https:\/\/comparemyjet.com\/sv\/embraer\/\" data-internallinksmanager029f6b8e52c=\"151\" title=\"Den ultimata guiden till privata jetplan och flygplan fr\u00e5n Embraer\">Embraer<\/a>, <a href=\"https:\/\/comparemyjet.com\/sv\/gulfstream\/\" data-internallinksmanager029f6b8e52c=\"175\" title=\"Den ultimata guiden till Gulfstream Private Jets &amp; Aircraft\">Gulfstream<\/a>, Hawker\/Beechcraft, <a href=\"https:\/\/comparemyjet.com\/sv\/learjet\/\" data-internallinksmanager029f6b8e52c=\"149\" title=\"Den ultimata guiden till Learjet Private Jets &amp; Aircraft\">Learjet<\/a>, med flera.<\/p>\r\n\r\n\r\n\r\n<h2 class=\"wp-block-heading\"><span class=\"ez-toc-section\" id=\"Dumont_PARTS\"><\/span>Dumont PARTS<span class=\"ez-toc-section-end\"><\/span><\/h2>\r\n\r\n\r\n\r\n<p>Dumont PARTS har ett stort sortiment av nya och begagnade delar till ett stort antal ledande flygplan. P\u00e5 grund av deras stora lager levererar de redan samma dag som best\u00e4llningen g\u00f6rs.<\/p>\r\n\r\n\r\n\r\n<h2 class=\"wp-block-heading\"><span class=\"ez-toc-section\" id=\"Membership_Programs\"><\/span>Medlemskapsprogram<span class=\"ez-toc-section-end\"><\/span><\/h2>\r\n\r\n\r\n\r\n<figure class=\"wp-block-image size-full is-style-default\"><img loading=\"lazy\" decoding=\"async\" width=\"1000\" height=\"667\" src=\"https:\/\/comparemyjet.com\/wp-content\/uploads\/2022\/07\/workingonalaptotonaprivatejetviewfromwindow.jpg\" alt=\"\" class=\"wp-image-3111\" srcset=\"https:\/\/comparemyjet.com\/wp-content\/uploads\/2022\/07\/workingonalaptotonaprivatejetviewfromwindow-18x12.jpg 18w, https:\/\/comparemyjet.com\/wp-content\/uploads\/2022\/07\/workingonalaptotonaprivatejetviewfromwindow-300x200.jpg 300w, https:\/\/comparemyjet.com\/wp-content\/uploads\/2022\/07\/workingonalaptotonaprivatejetviewfromwindow-768x512.jpg 768w, https:\/\/comparemyjet.com\/wp-content\/uploads\/2022\/07\/workingonalaptotonaprivatejetviewfromwindow.jpg 1000w\" sizes=\"auto, (max-width: 1000px) 100vw, 1000px\" \/><\/figure>\r\n\r\n\r\n\r\n<p>Dumont JETS \u00e4ger och driver en egen flotta. De har ett jet card-program utan medlems- eller startavgifter, men en deposition m\u00e5ste dock betalas in, vars pris varierar beroende p\u00e5 jetplanet.&nbsp;<\/p>\r\n\r\n\r\n\r\n<p>Det finns en garanti f\u00f6r tillg\u00e4nglighet och ett fast timpris. Kortinnehavare kan anv\u00e4nda flera flygplan samtidigt, utom under hektiska dagar d\u00e5 tillg\u00e5ngen \u00e4r begr\u00e4nsad.<\/p>\r\n\r\n\r\n\r\n<h3 class=\"wp-block-heading\"><span class=\"ez-toc-section\" id=\"Santos_Jet_Card_Program\"><\/span>Santos Jet Card-program<span class=\"ez-toc-section-end\"><\/span><\/h3>\r\n\r\n\r\n\r\n<p>F\u00f6retaget erbjuder <strong>Santos Jet Card,<\/strong> ett f\u00f6rbetalt kort som ger dig m\u00f6jlighet att anv\u00e4nda Dumont Groups flotta och flygplan fr\u00e5n tredjepartsoperat\u00f6rer.&nbsp;<\/p>\r\n\r\n\r\n\r\n<p>Medlemskapsniv\u00e5erna best\u00e4ms av den flygplanstorlek som du v\u00e4ljer f\u00f6r dina resebehov. Som anv\u00e4ndare av Santos Jet Card har du m\u00f6jlighet att uppgradera eller nedgradera dina flygningar i enlighet med dina unika reseplaner.<\/p>\r\n\r\n\r\n\r\n<p>Santos Jet Cards finns i fyra olika kategorier och prisklasser enligt f\u00f6ljande:&nbsp;<\/p>\r\n\r\n\r\n\r\n<h4 class=\"wp-block-heading\"><span class=\"ez-toc-section\" id=\"1_Light_Jet_Category\"><\/span>1. Light Jet Kategori<span class=\"ez-toc-section-end\"><\/span><\/h4>\r\n\r\n\r\n\r\n<p>Du kan chartra ett l\u00e4tt jetplan f\u00f6r upp till sex passagerare (beroende p\u00e5 modell och antal platser). <strong>25 timmar<\/strong> Jet Card-alternativet kostar lite mindre \u00e4n $175 000, vilket inneb\u00e4r att du betalar n\u00e4stan $7 000 per timme. Om du k\u00f6per <strong>50 timmar<\/strong> jet card betalar du lite mer \u00e4n $330 000, vilket inneb\u00e4r att timpriset sjunker till $6 800.&nbsp;<\/p>\r\n\r\n\r\n\r\n<h4 class=\"wp-block-heading\"><span class=\"ez-toc-section\" id=\"2_Mid_Jet_Category\"><\/span>2. Kategori Mid Jet<span class=\"ez-toc-section-end\"><\/span><\/h4>\r\n\r\n\r\n\r\n<p>Du kan hyra ett mellanstort jetplan f\u00f6r upp till sju passagerare (beroende p\u00e5 modell och platskapacitet). <strong>25 timmar<\/strong> Jet Card-alternativet kostar lite mer \u00e4n $206,000, vilket inneb\u00e4r att du betalar $8,250 per timme. Om du k\u00f6per <strong>50 timmar <\/strong>Jetkortet betalar du exakt $400 000, vilket inneb\u00e4r att timpriset sjunker till $8 000.&nbsp;<\/p>\r\n\r\n\r\n\r\n<h4 class=\"wp-block-heading\"><span class=\"ez-toc-section\" id=\"3_Super-mid_Jet_Category\"><\/span>3. Super-mid Jet-kategori<span class=\"ez-toc-section-end\"><\/span><\/h4>\r\n\r\n\r\n\r\n<p>Du kan hyra ett super-midsize jetplan f\u00f6r upp till \u00e5tta passagerare (beroende p\u00e5 modell och antal platser). <strong>25 timmar<\/strong> Jet Card-alternativet kostar lite mer \u00e4n $230 000, vilket inneb\u00e4r att du betalar n\u00e4stan $9 250 per timme. Om du k\u00f6per <strong>50 timmar<\/strong> Om du v\u00e4ljer att anv\u00e4nda ett kortalternativ med jetkort betalar du exakt $450 000, vilket inneb\u00e4r att timpriset sjunker till $9 000.&nbsp;<\/p>\r\n\r\n\r\n\r\n<h4 class=\"wp-block-heading\"><span class=\"ez-toc-section\" id=\"4_Heavy_Jet_Category\"><\/span>4. Kategori tunga jetflygplan<span class=\"ez-toc-section-end\"><\/span><\/h4>\r\n\r\n\r\n\r\n<p>Slutligen kan du chartra ett tungt jetplan f\u00f6r elva eller fler passagerare (beroende p\u00e5 flygplansmodell och passagerarkapacitet). <strong>25 timmar<\/strong> Jet Card-alternativet kostar $300 000, vilket inneb\u00e4r att du betalar $12 000 per timme. Om du k\u00f6per <strong>50 timmar<\/strong> jet card betalar du lite mer \u00e4n $587,000, vilket inneb\u00e4r att timpriset sjunker till n\u00e4stan $11,800.&nbsp;<\/p>\r\n\r\n\r\n\r\n<p>Priserna ovan inkluderar inte den federala punktskatten eller br\u00e4nsleavgiften. Du kan kontakta DAG p\u00e5 f\u00f6ljande adress <a href=\"https:\/\/www.dumontaviation.com\/jet-card.html\" target=\"_blank\" rel=\"noopener\">l\u00e4nk<\/a> f\u00f6r mer information om br\u00e4nsleavgiften eller f\u00f6r att ans\u00f6ka om ett Santos Jet Card.<\/p>\r\n\r\n\r\n\r\n<h2 class=\"wp-block-heading\"><span class=\"ez-toc-section\" id=\"The_Fleet\"><\/span>Flottan&nbsp;<span class=\"ez-toc-section-end\"><\/span><\/h2>\r\n\r\n\r\n\r\n<figure class=\"wp-block-image size-full is-style-default\"><img loading=\"lazy\" decoding=\"async\" width=\"1000\" height=\"500\" src=\"https:\/\/comparemyjet.com\/wp-content\/uploads\/2022\/07\/privatejetflyingwithspeed.jpg\" alt=\"\" class=\"wp-image-3112\" srcset=\"https:\/\/comparemyjet.com\/wp-content\/uploads\/2022\/07\/privatejetflyingwithspeed-18x9.jpg 18w, https:\/\/comparemyjet.com\/wp-content\/uploads\/2022\/07\/privatejetflyingwithspeed-300x150.jpg 300w, https:\/\/comparemyjet.com\/wp-content\/uploads\/2022\/07\/privatejetflyingwithspeed-768x384.jpg 768w, https:\/\/comparemyjet.com\/wp-content\/uploads\/2022\/07\/privatejetflyingwithspeed.jpg 1000w\" sizes=\"auto, (max-width: 1000px) 100vw, 1000px\" \/><\/figure>\r\n\r\n\r\n\r\n<p>Alla flygningar fr\u00e5n tredje part flygs av FAR Part 135 direktflygbolag som har godk\u00e4nts f\u00f6r att betj\u00e4na Dumont JETS kunder och som uppfyller alla FAA:s s\u00e4kerhetskrav. Deras experter kommer att identifiera det idealiska flygplanet f\u00f6r att uppfylla dina resebehov.&nbsp;<\/p>\r\n\r\n\r\n\r\n<p>L\u00e5t oss utforska deras flygplansflotta och se vad de har att erbjuda.<\/p>\r\n\r\n\r\n\r\n<h3 class=\"wp-block-heading\"><span class=\"ez-toc-section\" id=\"1_Super-Midsize_Private_Jets\"><\/span>1. Super-Midsize Private Jets&nbsp;<span class=\"ez-toc-section-end\"><\/span><\/h3>\r\n\r\n\r\n\r\n<p>Super mid-size jet kombinerar effektiviteten och r\u00e4ckvidden hos ett mid-size jetflygplan med komforten hos ett tungt jetflygplan. Super mid-size jets har fullt utrustade k\u00f6k, badrum och hopf\u00e4llbara arbetsbord.<\/p>\r\n\r\n\r\n\r\n<h4 class=\"wp-block-heading\"><span class=\"ez-toc-section\" id=\"Our_Recommendation_Falcon_50\"><\/span>V\u00e5r rekommendation: Falcon 50<span class=\"ez-toc-section-end\"><\/span><\/h4>\r\n\r\n\r\n\r\n<p>Dassault Aviation tillverkar Falcon 50, ett flygplan i klassen superm\u00e5ttan.   Den f\u00f6rsta Falcon 50 levererades 1980 och tillverkningen upph\u00f6rde 1996 i och med introduktionen av Falcon 50EX.<\/p>\r\n\r\n\r\n\r\n<p>Specifikationer och utrustning:<\/p>\r\n\r\n\r\n\r\n<ul class=\"wp-block-list\"><li>Passagerare: 8;<\/li><li>Kabinens h\u00f6jd: 5 fot 9 tum;<\/li><li>Bredd p\u00e5 hytten: 6 fot 1 tum;<\/li><li>Hyttl\u00e4ngd: 22 fot 11 tum;<\/li><li>Internt bagageutrymme: 25 kubikfot;<\/li><li>H\u00f6gsta flyghastighet: 480 kts;<\/li><li>Maximal flygstr\u00e4cka: 3200 nm;<\/li><li>En toalett;<\/li><li>Ett pentry;<\/li><li>Renoverad 2016;<\/li><li>Wi-Fi finns tillg\u00e4ngligt.<\/li><\/ul>\r\n\r\n\r\n\r\n<p>Dumont Aviation Group erbjuder en <em>Falcon 50<\/em> som en del av deras flotta av superm\u00e5ttliga flygplan.<\/p>\r\n\r\n\r\n\r\n<h3 class=\"wp-block-heading\"><span class=\"ez-toc-section\" id=\"2_Heavy_Private_Jets\"><\/span>2. Tunga privatjetflygplan<span class=\"ez-toc-section-end\"><\/span><\/h3>\r\n\r\n\r\n\r\n<p>Med en r\u00e4ckvidd p\u00e5 n\u00e4stan 4 000 miles utan tankning levererar tunga jetplan h\u00f6gsta serviceniv\u00e5. De kan bekv\u00e4mt transportera upp till femton passagerare och \u00e4r utrustade med avancerade bekv\u00e4mligheter och underh\u00e5llningssystem. De har en dedikerad flygbes\u00e4ttning och \u00e4r mest motst\u00e5ndskraftiga mot turbulens p\u00e5 grund av sin storlek.<\/p>\r\n\r\n\r\n\r\n<h4 class=\"wp-block-heading\"><span class=\"ez-toc-section\" id=\"Our_Recommendation_The_Gulfstream_V\"><\/span>V\u00e5r rekommendation: Gulfstream V&nbsp;<span class=\"ez-toc-section-end\"><\/span><\/h4>\r\n\r\n\r\n\r\n<p>Med en r\u00e4ckvidd p\u00e5 n\u00e4stan 6 000 miles var GV det aff\u00e4rsflygplan med l\u00e4ngst r\u00e4ckvidd som fanns tillg\u00e4ngligt n\u00e4r det lanserades 1997. Det \u00e4r fortfarande ett popul\u00e4rt val \u00e4ven i dag.<\/p>\r\n\r\n\r\n\r\n<p>Den vanligaste sittplatsindelningen har plats f\u00f6r 14 passagerare. Kabinen har bland annat ett komplett pentry, toalett, uttag, utf\u00e4llbara skrivbord, satellit-tv och underh\u00e5llningssystem.&nbsp;<\/p>\r\n\r\n\r\n\r\n<p>Specifikationer:<\/p>\r\n\r\n\r\n\r\n<ul class=\"wp-block-list\"><li>Passagerare: 14;<\/li><li>Kabinens h\u00f6jd: 6 fot;<\/li><li>Bredd p\u00e5 hytten: 7 fot 3 tum;<\/li><li>Hyttl\u00e4ngd: 50 fot 10 tum;<\/li><li>Internt bagageutrymme: 226 kubikfot;<\/li><li>Maxhastighet: 508 kts;<\/li><li>Max r\u00e4ckvidd: 6675 nm;<\/li><li>En toalett;<\/li><li>Ett komplett pentry;<\/li><li>Wi-Fi finns tillg\u00e4ngligt;&nbsp;<\/li><li>Ugn och mikrov\u00e5gsugn;<\/li><li>Laddningsuttag.<\/li><\/ul>\r\n\r\n\r\n\r\n<p>Dumont Aviation Group erbjuder n\u00e5gra <em>Gulfstream <\/em>jetflygplan som en del av deras tunga flygplansflotta, samt tv\u00e5 <em>Falcon 2000.<\/em> Du kan se dem p\u00e5 deras <a href=\"https:\/\/www.dumontaviation.com\/charter.html\" target=\"_blank\" rel=\"noopener\">webbplats<\/a>.<\/p>\r\n\r\n\r\n\r\n<h2 class=\"wp-block-heading\"><span class=\"ez-toc-section\" id=\"Company_Safety_Policy_and_Standards\"><\/span>F\u00f6retagets s\u00e4kerhetspolicy och s\u00e4kerhetsnormer<span class=\"ez-toc-section-end\"><\/span><\/h2>\r\n\r\n\r\n\r\n<figure class=\"wp-block-image size-full is-style-default\"><img loading=\"lazy\" decoding=\"async\" width=\"1000\" height=\"665\" src=\"https:\/\/comparemyjet.com\/wp-content\/uploads\/2022\/07\/privatejetinterior.jpg\" alt=\"\" class=\"wp-image-3113\" srcset=\"https:\/\/comparemyjet.com\/wp-content\/uploads\/2022\/07\/privatejetinterior-18x12.jpg 18w, https:\/\/comparemyjet.com\/wp-content\/uploads\/2022\/07\/privatejetinterior-300x200.jpg 300w, https:\/\/comparemyjet.com\/wp-content\/uploads\/2022\/07\/privatejetinterior-768x511.jpg 768w, https:\/\/comparemyjet.com\/wp-content\/uploads\/2022\/07\/privatejetinterior.jpg 1000w\" sizes=\"auto, (max-width: 1000px) 100vw, 1000px\" \/><\/figure>\r\n\r\n\r\n\r\n<p>Dumont Aviation Group \u00e4r ett certifierat och v\u00e4letablerat flygbolag med f\u00f6ljande ackrediteringar:<\/p>\r\n\r\n\r\n\r\n<ul class=\"wp-block-list\"><li>Dumont Air Carrier Certificate;<\/li><li>Certifikat f\u00f6r Wingman Operator;<\/li><li>IS-BAO-certifikat;<\/li><li>ARGUS Platinum-certifikat.<\/li><\/ul>\r\n\r\n\r\n\r\n<h2 class=\"wp-block-heading\"><span class=\"ez-toc-section\" id=\"Conclusion\"><\/span>Slutsats<span class=\"ez-toc-section-end\"><\/span><\/h2>\r\n\r\n\r\n\r\n<p>Dumont Aviation Group hanterar varje aspekt av din resa f\u00f6r att hj\u00e4lpa dig att komma fram till din destination p\u00e5 ett s\u00e4kert s\u00e4tt och se till att du f\u00e5r en trevlig flygning p\u00e5 v\u00e4gen.&nbsp;<\/p>\r\n\r\n\r\n\r\n<p>De \u00e4r ett etablerat f\u00f6retag inom luftfartsindustrin som specialiserar sig p\u00e5 charter, f\u00f6rs\u00e4ljning och underh\u00e5ll av flygplan samt f\u00f6rvaltning och f\u00f6rs\u00e4ljning av delar.<\/p>\r\n\r\n\r\n\r\n<p><\/p>","protected":false},"excerpt":{"rendered":"<p>Dumont Aviation Group \u00e4r en etablerad ledare inom aff\u00e4rsjetflygplan och aff\u00e4rsjetflygplan. Deras flygpersonal har erfarenhet av flygplansk\u00f6p, leasing av flygplan, jetf\u00f6rvaltning, flygunderh\u00e5ll och f\u00f6rs\u00e4ljning av flygplansutrustning. L\u00e5t oss utforska deras tj\u00e4nster och se vad Dumont aviation handlar om. F\u00f6retagets historia Dumont Group \u00e4r ett privat\u00e4gt flygbolag som grundades ...<\/p>","protected":false},"author":2,"featured_media":3109,"parent":0,"menu_order":0,"comment_status":"closed","ping_status":"closed","template":"","meta":{"_acf_changed":false,"_genesis_hide_title":false,"_genesis_hide_breadcrumbs":false,"_genesis_hide_singular_image":false,"_genesis_hide_footer_widgets":false,"_genesis_custom_body_class":"","_genesis_custom_post_class":"","_genesis_layout":"","footnotes":""},"class_list":{"1":"page","2":"type-page","6":"entry"},"acf":[],"_links":{"self":[{"href":"https:\/\/comparemyjet.com\/sv\/wp-json\/wp\/v2\/pages\/3108","targetHints":{"allow":["GET"]}}],"collection":[{"href":"https:\/\/comparemyjet.com\/sv\/wp-json\/wp\/v2\/pages"}],"about":[{"href":"https:\/\/comparemyjet.com\/sv\/wp-json\/wp\/v2\/types\/page"}],"author":[{"embeddable":true,"href":"https:\/\/comparemyjet.com\/sv\/wp-json\/wp\/v2\/users\/2"}],"replies":[{"embeddable":true,"href":"https:\/\/comparemyjet.com\/sv\/wp-json\/wp\/v2\/comments?post=3108"}],"version-history":[{"count":2,"href":"https:\/\/comparemyjet.com\/sv\/wp-json\/wp\/v2\/pages\/3108\/revisions"}],"predecessor-version":[{"id":3457,"href":"https:\/\/comparemyjet.com\/sv\/wp-json\/wp\/v2\/pages\/3108\/revisions\/3457"}],"wp:featuredmedia":[{"embeddable":true,"href":"https:\/\/comparemyjet.com\/sv\/wp-json\/wp\/v2\/media\/3109"}],"wp:attachment":[{"href":"https:\/\/comparemyjet.com\/sv\/wp-json\/wp\/v2\/media?parent=3108"}],"curies":[{"name":"wp","href":"https:\/\/api.w.org\/{rel}","templated":true}]}}