{"id":3136,"date":"2022-07-23T00:30:13","date_gmt":"2022-07-23T00:30:13","guid":{"rendered":"https:\/\/comparemyjet.com\/?page_id=3136"},"modified":"2025-09-04T09:58:18","modified_gmt":"2025-09-04T09:58:18","slug":"exec-1-aviation","status":"publish","type":"page","link":"https:\/\/comparemyjet.com\/sv\/exec-1-aviation\/","title":{"rendered":"Exec 1 Aviation Flight Priss\u00e4ttning"},"content":{"rendered":"<p>Varje resa du g\u00f6r med Exec 1 Aviation, oavsett om det \u00e4r f\u00f6r aff\u00e4rer eller n\u00f6je, \u00e4r utformad f\u00f6r att passa dina behov och \u00f6nskem\u00e5l, tack vare deras flygverksamhet och kundtj\u00e4nstteam. Om du \u00e4r os\u00e4ker p\u00e5 vad exakt du beh\u00f6ver hj\u00e4lper de dig med r\u00e5d och alternativ under flygningen. L\u00e5t oss se vad mer Exec 1 Aviation har att erbjuda.&nbsp;<\/p>\r\n\r\n\r\n\r\n<div id=\"ez-toc-container\" class=\"ez-toc-v2_0_76 counter-hierarchy ez-toc-counter ez-toc-grey ez-toc-container-direction\">\n<p class=\"ez-toc-title\" style=\"cursor:inherit\">\u00c4mnen<\/p>\n<label for=\"ez-toc-cssicon-toggle-item-69f4b908ba5af\" class=\"ez-toc-cssicon-toggle-label\"><span class=\"\"><span class=\"eztoc-hide\" style=\"display:none;\">V\u00e4xel<\/span><span class=\"ez-toc-icon-toggle-span\"><svg style=\"fill: #999;color:#999\" xmlns=\"http:\/\/www.w3.org\/2000\/svg\" class=\"list-377408\" width=\"20px\" height=\"20px\" viewbox=\"0 0 24 24\" fill=\"none\"><path d=\"M6 6H4v2h2V6zm14 0H8v2h12V6zM4 11h2v2H4v-2zm16 0H8v2h12v-2zM4 16h2v2H4v-2zm16 0H8v2h12v-2z\" fill=\"currentColor\"><\/path><\/svg><svg style=\"fill: #999;color:#999\" class=\"arrow-unsorted-368013\" xmlns=\"http:\/\/www.w3.org\/2000\/svg\" width=\"10px\" height=\"10px\" viewbox=\"0 0 24 24\" version=\"1.2\" baseprofile=\"tiny\"><path d=\"M18.2 9.3l-6.2-6.3-6.2 6.3c-.2.2-.3.4-.3.7s.1.5.3.7c.2.2.4.3.7.3h11c.3 0 .5-.1.7-.3.2-.2.3-.5.3-.7s-.1-.5-.3-.7zM5.8 14.7l6.2 6.3 6.2-6.3c.2-.2.3-.5.3-.7s-.1-.5-.3-.7c-.2-.2-.4-.3-.7-.3h-11c-.3 0-.5.1-.7.3-.2.2-.3.5-.3.7s.1.5.3.7z\"\/><\/svg><\/span><\/span><\/label><input type=\"checkbox\"  id=\"ez-toc-cssicon-toggle-item-69f4b908ba5af\" checked aria-label=\"V\u00e4xel\" \/><nav><ul class='ez-toc-list ez-toc-list-level-1' ><li class='ez-toc-page-1 ez-toc-heading-level-2'><a class=\"ez-toc-link ez-toc-heading-1\" href=\"https:\/\/comparemyjet.com\/sv\/exec-1-aviation\/#Company_History\" >F\u00f6retagets historia<\/a><\/li><li class='ez-toc-page-1 ez-toc-heading-level-2'><a class=\"ez-toc-link ez-toc-heading-2\" href=\"https:\/\/comparemyjet.com\/sv\/exec-1-aviation\/#Jet_Card_Program\" >Jet Card-programmet<\/a><\/li><li class='ez-toc-page-1 ez-toc-heading-level-2'><a class=\"ez-toc-link ez-toc-heading-3\" href=\"https:\/\/comparemyjet.com\/sv\/exec-1-aviation\/#On-Demand_Charter\" >Charter p\u00e5 beg\u00e4ran<\/a><\/li><li class='ez-toc-page-1 ez-toc-heading-level-2'><a class=\"ez-toc-link ez-toc-heading-4\" href=\"https:\/\/comparemyjet.com\/sv\/exec-1-aviation\/#The_Fleet\" >Flottan&nbsp;<\/a><ul class='ez-toc-list-level-3' ><li class='ez-toc-heading-level-3'><a class=\"ez-toc-link ez-toc-heading-5\" href=\"https:\/\/comparemyjet.com\/sv\/exec-1-aviation\/#1_Light_Private_Jets\" >1. L\u00e4tta privatjetflygplan<\/a><ul class='ez-toc-list-level-4' ><li class='ez-toc-heading-level-4'><a class=\"ez-toc-link ez-toc-heading-6\" href=\"https:\/\/comparemyjet.com\/sv\/exec-1-aviation\/#Our_Recommendation_Learjet_40\" >V\u00e5r rekommendation: Learjet 40<\/a><\/li><\/ul><\/li><li class='ez-toc-page-1 ez-toc-heading-level-3'><a class=\"ez-toc-link ez-toc-heading-7\" href=\"https:\/\/comparemyjet.com\/sv\/exec-1-aviation\/#2_Midsize_Private_Jets\" >2. Medelstora privata jetplan<\/a><ul class='ez-toc-list-level-4' ><li class='ez-toc-heading-level-4'><a class=\"ez-toc-link ez-toc-heading-8\" href=\"https:\/\/comparemyjet.com\/sv\/exec-1-aviation\/#Our_Recommendation_Gulfstream_G150\" >V\u00e5r rekommendation: Gulfstream G150<\/a><\/li><\/ul><\/li><li class='ez-toc-page-1 ez-toc-heading-level-3'><a class=\"ez-toc-link ez-toc-heading-9\" href=\"https:\/\/comparemyjet.com\/sv\/exec-1-aviation\/#3_Super-Midsize_Private_Jets\" >3. Super-Midsize Private Jets&nbsp;<\/a><ul class='ez-toc-list-level-4' ><li class='ez-toc-heading-level-4'><a class=\"ez-toc-link ez-toc-heading-10\" href=\"https:\/\/comparemyjet.com\/sv\/exec-1-aviation\/#Our_Recommendation_The_Bombardier_Challenger_300\" >V\u00e5r rekommendation: Bombardier Challenger 300<\/a><\/li><\/ul><\/li><li class='ez-toc-page-1 ez-toc-heading-level-3'><a class=\"ez-toc-link ez-toc-heading-11\" href=\"https:\/\/comparemyjet.com\/sv\/exec-1-aviation\/#4_Large_Private_Jets\" >4. Stora privata jetplan<\/a><ul class='ez-toc-list-level-4' ><li class='ez-toc-heading-level-4'><a class=\"ez-toc-link ez-toc-heading-12\" href=\"https:\/\/comparemyjet.com\/sv\/exec-1-aviation\/#Our_Recommendation_The_Embraer_Legacy_650E\" >V\u00e5r rekommendation: Embraer Legacy 650E<\/a><\/li><\/ul><\/li><\/ul><\/li><li class='ez-toc-page-1 ez-toc-heading-level-2'><a class=\"ez-toc-link ez-toc-heading-13\" href=\"https:\/\/comparemyjet.com\/sv\/exec-1-aviation\/#Company_Safety_Policy_and_Standards\" >F\u00f6retagets s\u00e4kerhetspolicy och s\u00e4kerhetsnormer<\/a><\/li><li class='ez-toc-page-1 ez-toc-heading-level-2'><a class=\"ez-toc-link ez-toc-heading-14\" href=\"https:\/\/comparemyjet.com\/sv\/exec-1-aviation\/#Pilots\" >Piloter<\/a><\/li><li class='ez-toc-page-1 ez-toc-heading-level-2'><a class=\"ez-toc-link ez-toc-heading-15\" href=\"https:\/\/comparemyjet.com\/sv\/exec-1-aviation\/#FBO_Services\" >FBO-tj\u00e4nster&nbsp;<\/a><\/li><li class='ez-toc-page-1 ez-toc-heading-level-2'><a class=\"ez-toc-link ez-toc-heading-16\" href=\"https:\/\/comparemyjet.com\/sv\/exec-1-aviation\/#Additional_Services\" >Ytterligare tj\u00e4nster<\/a><\/li><li class='ez-toc-page-1 ez-toc-heading-level-2'><a class=\"ez-toc-link ez-toc-heading-17\" href=\"https:\/\/comparemyjet.com\/sv\/exec-1-aviation\/#Conclusion\" >Slutsats<\/a><\/li><\/ul><\/nav><\/div>\n<h2 class=\"wp-block-heading\"><span class=\"ez-toc-section\" id=\"Company_History\"><\/span>F\u00f6retagets historia<span class=\"ez-toc-section-end\"><\/span><\/h2>\r\n\r\n\r\n\r\n<p>Exec 1 Aviation (tidigare DashJet) \u00e4r en Iowa-baserad charterflygoperat\u00f6r med JR Boesen som VD.&nbsp;<\/p>\r\n\r\n\r\n\r\n<p>F\u00f6retaget grundades 2009 med en flotta av renoverade Hawker 400XP-flygplan. F\u00f6retaget erbjuder nu fasta priser och ett Jet Card-medlemskap f\u00f6r frekventa resen\u00e4rer. De har ocks\u00e5 en flotta av Beechjet 400 och k\u00f6per in andra flygplan fr\u00e5n olika operat\u00f6rer.<\/p>\r\n\r\n\r\n\r\n<p>Mer frekventa resen\u00e4rer kan bli medlemmar i ett nyb\u00f6rjarprogram som b\u00f6rjar vid 25 timmar eller prova p\u00e5 ett 10-timmars introduktionsjetkort, som vi kommer att g\u00e5 n\u00e4rmare in p\u00e5 nedan.<\/p>\r\n\r\n\r\n\r\n<h2 class=\"wp-block-heading\"><span class=\"ez-toc-section\" id=\"Jet_Card_Program\"><\/span>Jet Card-programmet<span class=\"ez-toc-section-end\"><\/span><\/h2>\r\n\r\n\r\n\r\n<p>Exec 1 Aviation Jet-kortet \u00e4r utformat f\u00f6r vanliga resen\u00e4rer som kan g\u00e5 med i ett startprogram som b\u00f6rjar vid 25 timmar eller testa det med ett 10-timmars testkort. Det finns inga dolda kostnader eller \u00f6verraskningar med detta jetkortsprogram. Du f\u00e5r fasta timpriser och en flygning som \u00e4r skr\u00e4ddarsydd efter dina \u00f6nskem\u00e5l, fr\u00e5n din \u00f6nskade flygplanskabin till tj\u00e4nster och bekv\u00e4mligheter ombord.<\/p>\r\n\r\n\r\n\r\n<p>Medlemmarna f\u00e5r f\u00f6rm\u00e5ner som inbjudningar till de billiga Empty Flights.<\/p>\r\n\r\n\r\n\r\n<p>Den genomsnittliga investeringen du beh\u00f6ver g\u00f6ra f\u00f6r att bli kortinnehavare \u00e4r mellan $60 000 och $100 000, och summan anv\u00e4nds som en deposition f\u00f6r att t\u00e4cka de timmar du flyger.<\/p>\r\n\r\n\r\n\r\n<p>Det finns ingen garanti f\u00f6r tillg\u00e4nglighet, men timpriset \u00e4r fast och Jet Card-medlemmar kan f\u00e5 tillg\u00e5ng till flera plan samtidigt. Det finns inga medlemskaps- eller initieringskostnader ut\u00f6ver depositionen.<\/p>\r\n\r\n\r\n\r\n<p>Kontakta dem p\u00e5 f\u00f6ljande adress <a href=\"https:\/\/exec1aviation.com\/fly\/card\/\" target=\"_blank\" rel=\"noopener\">l\u00e4nk<\/a> f\u00f6r en personlig offert och prisuppgifter f\u00f6r jetkort.<\/p>\r\n\r\n\r\n\r\n<h2 class=\"wp-block-heading\"><span class=\"ez-toc-section\" id=\"On-Demand_Charter\"><\/span>Charter p\u00e5 beg\u00e4ran<span class=\"ez-toc-section-end\"><\/span><\/h2>\r\n\r\n\r\n\r\n<p>F\u00f6rdelarna med att chartra med Exec 1 Aviation \u00e4r catering, marktransport och tj\u00e4nster och bekv\u00e4mligheter ombord.&nbsp;<\/p>\r\n\r\n\r\n\r\n<p>Du kan f\u00e5 det flygplan du beh\u00f6ver med 6 timmars varsel under idealiska f\u00f6rh\u00e5llanden. Att boka en charter \u00e4r s\u00e5 enkelt som det bara kan vara; du informerar bara deras team om n\u00e4r och vart du ska \u00e5ka, s\u00e5 tar de hand om resten.&nbsp;<\/p>\r\n\r\n\r\n\r\n<p>Flygverksamheten \u00e4r tillg\u00e4nglig dygnet runt, sju dagar i veckan. Om du \u00e4ndrar dina planer kan du meddela dem s\u00e5 hj\u00e4lper de dig att skapa din resplan.<\/p>\r\n\r\n\r\n\r\n<h2 class=\"wp-block-heading\"><span class=\"ez-toc-section\" id=\"The_Fleet\"><\/span>Flottan&nbsp;<span class=\"ez-toc-section-end\"><\/span><\/h2>\r\n\r\n\r\n\r\n<figure class=\"wp-block-image size-full is-style-default\"><img loading=\"lazy\" decoding=\"async\" width=\"1000\" height=\"667\" src=\"https:\/\/comparemyjet.com\/wp-content\/uploads\/2022\/07\/white.private.jet_.upclose.jpg\" alt=\"Ving,av,flygplan,med,f\u00f6nster,p\u00e5,startbanan,f\u00f6rberedelse,f\u00f6r,start\" class=\"wp-image-3098\" srcset=\"https:\/\/comparemyjet.com\/wp-content\/uploads\/2022\/07\/white.private.jet_.upclose-18x12.jpg 18w, https:\/\/comparemyjet.com\/wp-content\/uploads\/2022\/07\/white.private.jet_.upclose-300x200.jpg 300w, https:\/\/comparemyjet.com\/wp-content\/uploads\/2022\/07\/white.private.jet_.upclose-768x512.jpg 768w, https:\/\/comparemyjet.com\/wp-content\/uploads\/2022\/07\/white.private.jet_.upclose.jpg 1000w\" sizes=\"auto, (max-width: 1000px) 100vw, 1000px\" \/><\/figure>\r\n\r\n\r\n\r\n<p>Exec 1 Aviation ger dig tillg\u00e5ng till ett brett utbud av flygplan, fr\u00e5n l\u00e4tta jetplan till passagerarflygplan. Oavsett vilken typ av flygplan du vill ha kan flygoperat\u00f6rsteamet s\u00e4kra det flygplan du beh\u00f6ver.<\/p>\r\n\r\n\r\n\r\n<h3 class=\"wp-block-heading\"><span class=\"ez-toc-section\" id=\"1_Light_Private_Jets\"><\/span>1. L\u00e4tta privatjetflygplan<span class=\"ez-toc-section-end\"><\/span><\/h3>\r\n\r\n\r\n\r\n<p>Om du beh\u00f6ver resa till en n\u00e4rliggande stad \u00e4r det ett klokt beslut att hyra ett l\u00e4tt jetflygplan. \u00c4ven om de flesta l\u00e4tta flygplan inte har n\u00e5gon flygv\u00e4rdinna kan de rymma upp till \u00e5tta personer, och de flesta har en toalett ombord. Trots sin ringa storlek har l\u00e4tta jetplan en r\u00e4ckvidd p\u00e5 mer \u00e4n 1 400 miles och de kan flyga snabbare \u00e4n 500 mph.<\/p>\r\n\r\n\r\n\r\n<h4 class=\"wp-block-heading\"><span class=\"ez-toc-section\" id=\"Our_Recommendation_Learjet_40\"><\/span>V\u00e5r rekommendation: Learjet 40<span class=\"ez-toc-section-end\"><\/span><\/h4>\r\n\r\n\r\n\r\n<p>The <a href=\"https:\/\/comparemyjet.com\/sv\/learjet\/\" data-internallinksmanager029f6b8e52c=\"149\" title=\"Den ultimata guiden till Learjet Private Jets &amp; Aircraft\">Learjet<\/a> 40 \u00e4r ett litet aff\u00e4rsflygplan som tillverkas av <a href=\"https:\/\/comparemyjet.com\/sv\/bombardier\/\" data-internallinksmanager029f6b8e52c=\"159\" title=\"Den ultimata guiden till privata jetplan och flygplan fr\u00e5n Bombardier\">Bombardier<\/a> Learjet. Den introducerades i januari 2004 som ers\u00e4ttare till Learjet 45. \u00c4ven om den har samma allm\u00e4nna utformning som Learjet 45 \u00e4r den tv\u00e5 fot smalare och bensintanken \u00e4r 100 gallon l\u00e4ttare. Med ett kabinutrymme p\u00e5 mer \u00e4n 350 kubikfot \u00e4r interi\u00f6ren dessutom st\u00f6rre \u00e4n konkurrenterna. Learjet 40 tillverkades fram till 2009.<\/p>\r\n\r\n\r\n\r\n<p>Specifikationer:<\/p>\r\n\r\n\r\n\r\n<ul class=\"wp-block-list\"><li>Passagerare: 7;<\/li><li>Kabinens h\u00f6jd: 4 fot 11 tum;<\/li><li>Kabinens l\u00e4ngd: 17 ft 8 In;<\/li><li>Bredd p\u00e5 hytten: 5 fot 1 tum;<\/li><li>Externt bagage: 50 kubikfot;<\/li><li>Internt bagage: 15 kubikfot;<\/li><li>Max r\u00e4ckvidd: 1707 nm;<\/li><li>Maxhastighet: 465 kts;<\/li><li>Bes\u00e4ttning: 2<\/li><\/ul>\r\n\r\n\r\n\r\n<p>Exec 1 Aviation erbjuder f\u00f6ljande l\u00e4tta jetplan som en del av sin flotta: <em>Premier 1 Series, Phenom 300, Nextant 400XTi, Learjet 31A, Beechjet 400A, <a href=\"https:\/\/comparemyjet.com\/sv\/cessna\/\" data-internallinksmanager029f6b8e52c=\"145\" title=\"Den ultimata guiden till privata jetplan och flygplan fr\u00e5n Cessna\">Cessna<\/a> H\u00e4nvisning CJ3<\/em>, och <em>CJ2<\/em>.<\/p>\r\n\r\n\r\n\r\n<h3 class=\"wp-block-heading\"><span class=\"ez-toc-section\" id=\"2_Midsize_Private_Jets\"><\/span>2. Medelstora privata jetplan<span class=\"ez-toc-section-end\"><\/span><\/h3>\r\n\r\n\r\n\r\n<p>Om ett litet flygplan inte kan ta dig tillr\u00e4ckligt l\u00e5ngt eller om det inte \u00e4r tillr\u00e4ckligt stort f\u00f6r att passa dina behov kan du f\u00f6rmodligen flyga med ett mellanstort flygplan. Midsize jets balanserar lyx och effektivitet och ger en l\u00e5ng r\u00e4ckvidd och b\u00e4ttre prestanda, vilket g\u00f6r dem utm\u00e4rkta f\u00f6r b\u00e5de kort- och l\u00e5ngdistansresor. Midsize jets erbjuder st\u00f6rre komfort och fler faciliteter, bland annat ett stort bagageutrymme, utf\u00e4llbara divaner och en toalett, allt detta i en kabin som har tillr\u00e4ckligt med plats f\u00f6r att st\u00e5 upp.<\/p>\r\n\r\n\r\n\r\n<h4 class=\"wp-block-heading\"><span class=\"ez-toc-section\" id=\"Our_Recommendation_Gulfstream_G150\"><\/span>V\u00e5r rekommendation: Gulfstream G150<span class=\"ez-toc-section-end\"><\/span><\/h4>\r\n\r\n\r\n\r\n<p>The <a href=\"https:\/\/comparemyjet.com\/sv\/gulfstream\/\" data-internallinksmanager029f6b8e52c=\"175\" title=\"Den ultimata guiden till Gulfstream Private Jets &amp; Aircraft\">Gulfstream<\/a> G150 byggdes av Israel Aircraft Industries 2005 och blev snabbt ett popul\u00e4rt val. G150 erbjuder det b\u00e4sta v\u00e4rdet i sin klass, med l\u00e5ng r\u00e4ckvidd, snabb hastighet och ett kraftfullt avionikpaket. Gulfstream G150 \u00e4r ett av de snabbaste medelstora aff\u00e4rsflygplanen.&nbsp;<\/p>\r\n\r\n\r\n\r\n<p>Specifikationer:<\/p>\r\n\r\n\r\n\r\n<ul class=\"wp-block-list\"><li>Passagerare: 7<\/li><li>Utv\u00e4ndig h\u00f6jd: 19 ft 1 in;<\/li><li>L\u00e4ngd: 56 fot 9 tum;<\/li><li>Externt bagage: 55 kubikfot;<\/li><li>Internt bagage: 25 kubikfot;<\/li><li>Maxhastighet: 470 kts;<\/li><li>Max r\u00e4ckvidd: 3130 nm;<\/li><li>Bes\u00e4ttning: 2<\/li><\/ul>\r\n\r\n\r\n\r\n<p>Exec 1 Aviation erbjuder f\u00f6ljande medelstora jetplan som en del av sin flotta:<em> Learjet 45-serien, Learjet 60-serien, Hawker 800\/850\/900 XP, Citation XLS-serien, CJ4, <\/em>och<em> Citat Excel<\/em>.&nbsp;<\/p>\r\n\r\n\r\n\r\n<h3 class=\"wp-block-heading\"><span class=\"ez-toc-section\" id=\"3_Super-Midsize_Private_Jets\"><\/span>3. Super-Midsize Private Jets&nbsp;<span class=\"ez-toc-section-end\"><\/span><\/h3>\r\n\r\n\r\n\r\n<p>Super-mid-size-flygplan \u00f6vertr\u00e4ffar de flesta vanliga midsize-flygplan n\u00e4r det g\u00e4ller r\u00e4ckvidd, storlek och extra bekv\u00e4mligheter, samtidigt som de ger valuta f\u00f6r pengarna. Wi-Fi ombord, en rymlig kabin och uppgraderade instrument \u00e4r en del av uppgraderingen fr\u00e5n ett typiskt mellanstort flygplan, vilket resulterar i en smidigare och trevligare resa.<\/p>\r\n\r\n\r\n\r\n<h4 class=\"wp-block-heading\"><span class=\"ez-toc-section\" id=\"Our_Recommendation_The_Bombardier_Challenger_300\"><\/span>V\u00e5r rekommendation: Bombardier Challenger 300<span class=\"ez-toc-section-end\"><\/span><\/h4>\r\n\r\n\r\n\r\n<p>Bombardier Aerospace konstruerade aff\u00e4rsjetflygplanet Challenger 300 och tillverkade det fram till 2014. Interi\u00f6ren \u00e4r cirka 40% rymligare \u00e4n j\u00e4mf\u00f6rbara mellanstora aff\u00e4rsflygplan.<\/p>\r\n\r\n\r\n\r\n<p>Specifikationer:&nbsp;<\/p>\r\n\r\n\r\n\r\n<ul class=\"wp-block-list\"><li>Passagerare: 8-16;<\/li><li>Kabinens l\u00e4ngd: 28 fot 7 tum;<\/li><li>Kabinens h\u00f6jd: 6 fot och 1 tum;<\/li><li>Bredd p\u00e5 hytten: 7 fot 2 tum;<\/li><li>Internt bagage: 106 kubikfot;<\/li><li>Maxhastighet: 476 kts;<\/li><li>Max r\u00e4ckvidd: 3340 nm;<\/li><li>Bes\u00e4ttning: 2.<\/li><\/ul>\r\n\r\n\r\n\r\n<p>Exec 1 Aviation erbjuder f\u00f6ljande super-midsize jetplan som en del av sin flotta: <em>Hawker 4000, Hawker 1000, Gulfstream 200, Falcon 50EX, Falcon 2000-serien, Citation X <\/em>och <em>Citat Sovereign<\/em>.<\/p>\r\n\r\n\r\n\r\n<h3 class=\"wp-block-heading\"><span class=\"ez-toc-section\" id=\"4_Large_Private_Jets\"><\/span>4. Stora privata jetplan<span class=\"ez-toc-section-end\"><\/span><\/h3>\r\n\r\n\r\n\r\n<p>De tunga jetplanen \u00e4r \u00f6verd\u00e5diga flygplan med gott om utrymme f\u00f6r att bekv\u00e4mt kunna ta emot resen\u00e4rer och extra bagage. Stora bekv\u00e4ma s\u00e4ten, privata badrum, madrasser, toppunderh\u00e5llningsalternativ, telefon, Wi-Fi och ett komplett k\u00f6k \u00e4r standard f\u00f6r tunga jetplan. Du har ocks\u00e5 en eller tv\u00e5 flygv\u00e4rdinnor som hj\u00e4lper till med catering och andra tj\u00e4nster.&nbsp;<\/p>\r\n\r\n\r\n\r\n<h4 class=\"wp-block-heading\"><span class=\"ez-toc-section\" id=\"Our_Recommendation_The_Embraer_Legacy_650E\"><\/span>V\u00e5r rekommendation: Embraer Legacy 650E<span class=\"ez-toc-section-end\"><\/span><\/h4>\r\n\r\n\r\n\r\n<p>The <a href=\"https:\/\/comparemyjet.com\/sv\/embraer\/\" data-internallinksmanager029f6b8e52c=\"151\" title=\"Den ultimata guiden till privata jetplan och flygplan fr\u00e5n Embraer\">Embraer<\/a> Legacy 650E har den st\u00f6rsta kabinen i sin klass, med bekv\u00e4ma sittplatser f\u00f6r 14 passagerare, tre kabinzoner, webb\u00e5tkomst och internationell telefontj\u00e4nst. I den lugna kabinen kan du arbeta, \u00e4ta eller koppla av i perfekt komfort. Bland bekv\u00e4mligheterna finns ett rymligt pentry, toalett och gott om bagagef\u00f6rvaring. Embraer Legacy 650E har ocks\u00e5 l\u00e4derstolar och l\u00e5gt kabinljud.<\/p>\r\n\r\n\r\n\r\n<p>Specifikationer:<\/p>\r\n\r\n\r\n\r\n<ul class=\"wp-block-list\"><li>Passagerare: 14;<\/li><li>Bredd p\u00e5 hytten: 6 fot 11 tum;<\/li><li>Kabinens h\u00f6jd: 6 fot;<\/li><li>Flygplanets l\u00e4ngd: 86 fot 5 tum;<\/li><li>H\u00f6gsta marschfart: 460 ktas;<\/li><li>Internt bagage: 286 kubikfot;<\/li><li>Bes\u00e4ttning: 2.<\/li><\/ul>\r\n\r\n\r\n\r\n<p>Exec 1 Aviation har f\u00f6ljande stora jetplan i sin flotta: <em>Gulfstream V, Gulfstream IV, Gulfstream 500-serien, Bombardier Global 5000\/6000, Falcon 900-serien, Embraer Legacy 500, Challenger 605, <\/em>och<em> Challenger 604<\/em>.&nbsp;<\/p>\r\n\r\n\r\n\r\n<h2 class=\"wp-block-heading\"><span class=\"ez-toc-section\" id=\"Company_Safety_Policy_and_Standards\"><\/span>F\u00f6retagets s\u00e4kerhetspolicy och s\u00e4kerhetsnormer<span class=\"ez-toc-section-end\"><\/span><\/h2>\r\n\r\n\r\n\r\n<figure class=\"wp-block-image size-full is-style-default\"><img loading=\"lazy\" decoding=\"async\" width=\"1000\" height=\"563\" src=\"https:\/\/comparemyjet.com\/wp-content\/uploads\/2022\/06\/safety.check_.for_.a.plane_.jpg\" alt=\"\" class=\"wp-image-3014\" srcset=\"https:\/\/comparemyjet.com\/wp-content\/uploads\/2022\/06\/safety.check_.for_.a.plane_-18x10.jpg 18w, https:\/\/comparemyjet.com\/wp-content\/uploads\/2022\/06\/safety.check_.for_.a.plane_-300x169.jpg 300w, https:\/\/comparemyjet.com\/wp-content\/uploads\/2022\/06\/safety.check_.for_.a.plane_-768x432.jpg 768w, https:\/\/comparemyjet.com\/wp-content\/uploads\/2022\/06\/safety.check_.for_.a.plane_.jpg 1000w\" sizes=\"auto, (max-width: 1000px) 100vw, 1000px\" \/><\/figure>\r\n\r\n\r\n\r\n<p>F\u00f6r att garantera h\u00f6gsta m\u00f6jliga s\u00e4kerhet sker alla flygningar enligt deras 5-punkts s\u00e4kerhetsf\u00f6reskrifter. <a href=\"https:\/\/ibac.org\/is-bao\" target=\"_blank\" rel=\"noopener\">IS-BAO<\/a> s\u00e4kerhetsledningssystem, som omfattar alla Exec1:s flygplan och \u00e4ven den <a href=\"https:\/\/comparemyjet.com\/sv\/vad-ar-en-privatjet-operator-med-fast-bas-operator-fbo\/\" data-internallinksmanager029f6b8e52c=\"19\" title=\"Vad \u00e4r en FBO (Fixed-Base Operator) f\u00f6r privatjetflyg?\">FBO<\/a>\u00e4r det f\u00f6rsta steget i processen. IS-BAO-certifieringen \u00e4r den str\u00e4ngaste i branschen och kr\u00e4ver tv\u00e5 \u00e5r f\u00f6r att slutf\u00f6ra processen och mer \u00e4n 800 utv\u00e4rderingar.<\/p>\r\n\r\n\r\n\r\n<p>Dessutom ska varje tredjepartsoperat\u00f6r som Exec1Aviation anv\u00e4nder sig av ha minst en s\u00e4kerhetsackreditering fr\u00e5n <a href=\"https:\/\/www.argus.aero\/\" target=\"_blank\" rel=\"noopener\">AR\/GUS<\/a>, IS-BAO, eller <a href=\"https:\/\/www.wyvernltd.com\/\" target=\"_blank\" rel=\"noopener\">Wyvern<\/a>.&nbsp;<\/p>\r\n\r\n\r\n\r\n<p>Exec 1 Aviation's Trip Operations Department \u00f6vervakar alla flygplatser och FBOs f\u00f6re och under din flygning. Piloterna ger ocks\u00e5 information i realtid om aktuella driftsf\u00f6rh\u00e5llanden.<\/p>\r\n\r\n\r\n\r\n<h2 class=\"wp-block-heading\"><span class=\"ez-toc-section\" id=\"Pilots\"><\/span>Piloter<span class=\"ez-toc-section-end\"><\/span><\/h2>\r\n\r\n\r\n\r\n<p>Alla piloter \u00f6verskrider antingen de str\u00e4nga flygtidsnormer som fastst\u00e4llts av WYVERN, AR\/GUS, IS-BAO eller \u00e4r Exec 1 Aviation-certifierade.<\/p>\r\n\r\n\r\n\r\n<p>Exec 1 Aviation kr\u00e4ver att alla piloter har en aktuell FAA-licens och ett h\u00e4lsointyg. Detta inkluderar att h\u00e5lla sig uppdaterad p\u00e5 de senaste utbildningscertifikaten, inklusive en flyggenomg\u00e5ng varje \u00e5r och en kontroll av utrustningens f\u00e4rdigheter var sj\u00e4tte m\u00e5nad.<\/p>\r\n\r\n\r\n\r\n<p>Dessutom till\u00e4mpar Exec 1 Aviation ett strikt protokoll med tv\u00e5 piloter. Det \u00e4r f\u00f6rst\u00e5eligt att varje plan beh\u00f6ver en reservpilot i n\u00f6dfall eller om n\u00e5got h\u00e4nder kaptenen. S\u00e4kerheten \u00e4r huvudsyftet med att ha tv\u00e5 piloter i ett flygplan.<\/p>\r\n\r\n\r\n\r\n<h2 class=\"wp-block-heading\"><span class=\"ez-toc-section\" id=\"FBO_Services\"><\/span>FBO-tj\u00e4nster&nbsp;<span class=\"ez-toc-section-end\"><\/span><\/h2>\r\n\r\n\r\n\r\n<p>En fixed base operator (FBO) \u00e4r en privat flygplatsterminal som tillhandah\u00e5ller premiumtj\u00e4nster f\u00f6r flyg och passagerare, inklusive tankning och linjetj\u00e4nster, lokala transporter, catering, f\u00f6rvaring och uthyrning av ramputrymme. Exec 1 FBO \u00e4r den enda lokala privata terminalen i Des Moines, Iowa.<\/p>\r\n\r\n\r\n\r\n<p>Detta FBO erbjuder service p\u00e5 plats, avisning och uppv\u00e4rmda hangarer f\u00f6r kolv-, jet- och turbinflygplan. H\u00e4r kan passagerare och bes\u00e4ttningsmedlemmar best\u00e4lla en hyrbil och catering.<\/p>\r\n\r\n\r\n\r\n<h2 class=\"wp-block-heading\"><span class=\"ez-toc-section\" id=\"Additional_Services\"><\/span>Ytterligare tj\u00e4nster<span class=\"ez-toc-section-end\"><\/span><\/h2>\r\n\r\n\r\n\r\n<figure class=\"wp-block-image size-full is-style-default\"><img loading=\"lazy\" decoding=\"async\" width=\"1000\" height=\"612\" src=\"https:\/\/comparemyjet.com\/wp-content\/uploads\/2022\/06\/lady.in_.red_.getting.out_.of_.a.car_.to_.board_.a.private.jet_.jpg\" alt=\"Exec 1 Aviation\" class=\"wp-image-3009\" srcset=\"https:\/\/comparemyjet.com\/wp-content\/uploads\/2022\/06\/lady.in_.red_.getting.out_.of_.a.car_.to_.board_.a.private.jet_-18x12.jpg 18w, https:\/\/comparemyjet.com\/wp-content\/uploads\/2022\/06\/lady.in_.red_.getting.out_.of_.a.car_.to_.board_.a.private.jet_-300x184.jpg 300w, https:\/\/comparemyjet.com\/wp-content\/uploads\/2022\/06\/lady.in_.red_.getting.out_.of_.a.car_.to_.board_.a.private.jet_-768x470.jpg 768w, https:\/\/comparemyjet.com\/wp-content\/uploads\/2022\/06\/lady.in_.red_.getting.out_.of_.a.car_.to_.board_.a.private.jet_.jpg 1000w\" sizes=\"auto, (max-width: 1000px) 100vw, 1000px\" \/><\/figure>\r\n\r\n\r\n\r\n<p>Men det \u00e4r inte allt! Exec 1 Aviations tar emot sina kunder p\u00e5 m\u00e5nga andra s\u00e4tt, \u00e4ven efter att flygningen \u00e4r \u00f6ver.<\/p>\r\n\r\n\r\n\r\n<p>Du kan best\u00e4lla marktransport genom att ringa ett telefonsamtal till din agent eller genom en tj\u00e4nstf\u00f6rfr\u00e5gan, oavsett om du vill ha n\u00e5got enkelt eller ett lyxigare alternativ, som en limousin.<\/p>\r\n\r\n\r\n\r\n<p>Dessutom kan de anpassa din service och dina m\u00e5ltider under flygningen till dina specifika krav. Om du till exempel flyger med ditt husdjur kan du meddela dem i f\u00f6rv\u00e4g s\u00e5 att de kan g\u00f6ra alla n\u00f6dv\u00e4ndiga f\u00f6rberedelser f\u00f6r att tillgodose det.&nbsp;<\/p>\r\n\r\n\r\n\r\n<p>Exec 1 samarbetar med dig f\u00f6r att skapa en unik upplevelse som kommer att l\u00e4mna ett best\u00e5ende intryck. Om du planerar en \u00f6verraskning eller ett firande, g\u00f6r en s\u00e4rskild beg\u00e4ran om f\u00f6ljande <a href=\"https:\/\/exec1aviation.com\/fly\/accommodations\/\" target=\"_blank\" rel=\"noopener\">l\u00e4nk<\/a> och f\u00f6retaget hj\u00e4lper dig g\u00e4rna.<\/p>\r\n\r\n\r\n\r\n<h2 class=\"wp-block-heading\"><span class=\"ez-toc-section\" id=\"Conclusion\"><\/span>Slutsats<span class=\"ez-toc-section-end\"><\/span><\/h2>\r\n\r\n\r\n\r\n<p>Exec 1 tar dig snabbt och s\u00e4kert till din plats. Deras jet card-program ger skr\u00e4ddarsydd service och ger dig r\u00e4tt till FBO-tj\u00e4nster p\u00e5 deras lokala flygplats. Du kan enkelt boka din n\u00e4sta flygning med hj\u00e4lp av deras team som \u00e4r tillg\u00e4ngligt dygnet runt.&nbsp;<\/p>","protected":false},"excerpt":{"rendered":"<p>Varje resa du g\u00f6r med Exec 1 Aviation, oavsett om det \u00e4r f\u00f6r aff\u00e4rer eller n\u00f6je, \u00e4r utformad f\u00f6r att passa dina behov och \u00f6nskem\u00e5l, tack vare deras flygverksamhet och kundtj\u00e4nstteam. Om du \u00e4r os\u00e4ker p\u00e5 vad exakt du beh\u00f6ver hj\u00e4lper de dig med r\u00e5d och alternativ under flygningen. L\u00e5t oss se vad mer Exec 1 Aviation har ...<\/p>","protected":false},"author":2,"featured_media":3118,"parent":0,"menu_order":0,"comment_status":"closed","ping_status":"closed","template":"","meta":{"_acf_changed":false,"_genesis_hide_title":false,"_genesis_hide_breadcrumbs":false,"_genesis_hide_singular_image":false,"_genesis_hide_footer_widgets":false,"_genesis_custom_body_class":"","_genesis_custom_post_class":"","_genesis_layout":"","footnotes":""},"class_list":{"1":"page","2":"type-page","6":"entry"},"acf":[],"_links":{"self":[{"href":"https:\/\/comparemyjet.com\/sv\/wp-json\/wp\/v2\/pages\/3136","targetHints":{"allow":["GET"]}}],"collection":[{"href":"https:\/\/comparemyjet.com\/sv\/wp-json\/wp\/v2\/pages"}],"about":[{"href":"https:\/\/comparemyjet.com\/sv\/wp-json\/wp\/v2\/types\/page"}],"author":[{"embeddable":true,"href":"https:\/\/comparemyjet.com\/sv\/wp-json\/wp\/v2\/users\/2"}],"replies":[{"embeddable":true,"href":"https:\/\/comparemyjet.com\/sv\/wp-json\/wp\/v2\/comments?post=3136"}],"version-history":[{"count":2,"href":"https:\/\/comparemyjet.com\/sv\/wp-json\/wp\/v2\/pages\/3136\/revisions"}],"predecessor-version":[{"id":3443,"href":"https:\/\/comparemyjet.com\/sv\/wp-json\/wp\/v2\/pages\/3136\/revisions\/3443"}],"wp:featuredmedia":[{"embeddable":true,"href":"https:\/\/comparemyjet.com\/sv\/wp-json\/wp\/v2\/media\/3118"}],"wp:attachment":[{"href":"https:\/\/comparemyjet.com\/sv\/wp-json\/wp\/v2\/media?parent=3136"}],"curies":[{"name":"wp","href":"https:\/\/api.w.org\/{rel}","templated":true}]}}