{"id":3144,"date":"2022-07-23T00:30:19","date_gmt":"2022-07-23T00:30:19","guid":{"rendered":"https:\/\/comparemyjet.com\/?page_id=3144"},"modified":"2025-09-04T09:58:20","modified_gmt":"2025-09-04T09:58:20","slug":"fluga-aeolus","status":"publish","type":"page","link":"https:\/\/comparemyjet.com\/sv\/fluga-aeolus\/","title":{"rendered":"Fly Aeolus flygpriser"},"content":{"rendered":"<p>Fly Aeolus \u00e4r en belgisk <a href=\"https:\/\/comparemyjet.com\/sv\/hur-mycket-kostar-flygtaxi\/\" data-internallinksmanager029f6b8e52c=\"23\" title=\"Hur mycket kostar en flygtaxi?\">flygtaxi<\/a> (privat charter) som har varit verksamt i Europa sedan 2009. F\u00f6retaget \u00e4r baserat i Antwerpen och har kontor i <a href=\"https:\/\/comparemyjet.com\/sv\/privata-turer\/berlin-private-tours\/\" data-internallinksmanager029f6b8e52c=\"254\" title=\"11 b\u00e4sta privata turer till Berlin fr\u00e5n $68.86\">Berlin<\/a> och Rotterdam.&nbsp;<\/p>\r\n\r\n\r\n\r\n<p>Du kan flyga fr\u00e5n \u00f6ver 1 500 flygplatser p\u00e5 hela den europeiska kontinenten i ett av deras Cirrus SR-22-flygplan som anses vara ett av de s\u00e4kraste enmotoriga jetplanen i flygbranschen. L\u00e5t oss se vad mer f\u00f6retaget har att erbjuda.<\/p>\r\n\r\n\r\n\r\n<div id=\"ez-toc-container\" class=\"ez-toc-v2_0_76 counter-hierarchy ez-toc-counter ez-toc-grey ez-toc-container-direction\">\n<p class=\"ez-toc-title\" style=\"cursor:inherit\">\u00c4mnen<\/p>\n<label for=\"ez-toc-cssicon-toggle-item-69f2381fe8e2a\" class=\"ez-toc-cssicon-toggle-label\"><span class=\"\"><span class=\"eztoc-hide\" style=\"display:none;\">V\u00e4xel<\/span><span class=\"ez-toc-icon-toggle-span\"><svg style=\"fill: #999;color:#999\" xmlns=\"http:\/\/www.w3.org\/2000\/svg\" class=\"list-377408\" width=\"20px\" height=\"20px\" viewbox=\"0 0 24 24\" fill=\"none\"><path d=\"M6 6H4v2h2V6zm14 0H8v2h12V6zM4 11h2v2H4v-2zm16 0H8v2h12v-2zM4 16h2v2H4v-2zm16 0H8v2h12v-2z\" fill=\"currentColor\"><\/path><\/svg><svg style=\"fill: #999;color:#999\" class=\"arrow-unsorted-368013\" xmlns=\"http:\/\/www.w3.org\/2000\/svg\" width=\"10px\" height=\"10px\" viewbox=\"0 0 24 24\" version=\"1.2\" baseprofile=\"tiny\"><path d=\"M18.2 9.3l-6.2-6.3-6.2 6.3c-.2.2-.3.4-.3.7s.1.5.3.7c.2.2.4.3.7.3h11c.3 0 .5-.1.7-.3.2-.2.3-.5.3-.7s-.1-.5-.3-.7zM5.8 14.7l6.2 6.3 6.2-6.3c.2-.2.3-.5.3-.7s-.1-.5-.3-.7c-.2-.2-.4-.3-.7-.3h-11c-.3 0-.5.1-.7.3-.2.2-.3.5-.3.7s.1.5.3.7z\"\/><\/svg><\/span><\/span><\/label><input type=\"checkbox\"  id=\"ez-toc-cssicon-toggle-item-69f2381fe8e2a\" checked aria-label=\"V\u00e4xel\" \/><nav><ul class='ez-toc-list ez-toc-list-level-1' ><li class='ez-toc-page-1 ez-toc-heading-level-2'><a class=\"ez-toc-link ez-toc-heading-1\" href=\"https:\/\/comparemyjet.com\/sv\/fluga-aeolus\/#Company_History\" >F\u00f6retagets historia<\/a><\/li><li class='ez-toc-page-1 ez-toc-heading-level-2'><a class=\"ez-toc-link ez-toc-heading-2\" href=\"https:\/\/comparemyjet.com\/sv\/fluga-aeolus\/#Pricing\" >Priss\u00e4ttning<\/a><\/li><li class='ez-toc-page-1 ez-toc-heading-level-2'><a class=\"ez-toc-link ez-toc-heading-3\" href=\"https:\/\/comparemyjet.com\/sv\/fluga-aeolus\/#Membership_Programs\" >Medlemskapsprogram<\/a><ul class='ez-toc-list-level-3' ><li class='ez-toc-heading-level-3'><a class=\"ez-toc-link ez-toc-heading-4\" href=\"https:\/\/comparemyjet.com\/sv\/fluga-aeolus\/#Pay_As_You_Fly\" >Betala n\u00e4r du flyger<\/a><\/li><li class='ez-toc-page-1 ez-toc-heading-level-3'><a class=\"ez-toc-link ez-toc-heading-5\" href=\"https:\/\/comparemyjet.com\/sv\/fluga-aeolus\/#Personal_Membership\" >Personligt medlemskap<\/a><\/li><li class='ez-toc-page-1 ez-toc-heading-level-3'><a class=\"ez-toc-link ez-toc-heading-6\" href=\"https:\/\/comparemyjet.com\/sv\/fluga-aeolus\/#Business_Membership\" >Medlemskap f\u00f6r f\u00f6retag<\/a><\/li><\/ul><\/li><li class='ez-toc-page-1 ez-toc-heading-level-2'><a class=\"ez-toc-link ez-toc-heading-7\" href=\"https:\/\/comparemyjet.com\/sv\/fluga-aeolus\/#The_Fleet\" >Flottan&nbsp;<\/a><ul class='ez-toc-list-level-3' ><li class='ez-toc-heading-level-3'><a class=\"ez-toc-link ez-toc-heading-8\" href=\"https:\/\/comparemyjet.com\/sv\/fluga-aeolus\/#1_Light_Private_Jets\" >1. L\u00e4tta privatjetflygplan<\/a><ul class='ez-toc-list-level-4' ><li class='ez-toc-heading-level-4'><a class=\"ez-toc-link ez-toc-heading-9\" href=\"https:\/\/comparemyjet.com\/sv\/fluga-aeolus\/#Our_Recommendation_The_Cirrus_SR22\" >V\u00e5r rekommendation: Cirrus SR22<\/a><\/li><\/ul><\/li><\/ul><\/li><li class='ez-toc-page-1 ez-toc-heading-level-2'><a class=\"ez-toc-link ez-toc-heading-10\" href=\"https:\/\/comparemyjet.com\/sv\/fluga-aeolus\/#Cancellation_Insurance\" >Avbest\u00e4llningsf\u00f6rs\u00e4kring<\/a><\/li><li class='ez-toc-page-1 ez-toc-heading-level-2'><a class=\"ez-toc-link ez-toc-heading-11\" href=\"https:\/\/comparemyjet.com\/sv\/fluga-aeolus\/#De-icing_Insurance\" >F\u00f6rs\u00e4kring f\u00f6r avisning<\/a><\/li><li class='ez-toc-page-1 ez-toc-heading-level-2'><a class=\"ez-toc-link ez-toc-heading-12\" href=\"https:\/\/comparemyjet.com\/sv\/fluga-aeolus\/#Fly_Aeolus_Taxi_Service\" >Fly Aeolus taxitj\u00e4nst<\/a><\/li><li class='ez-toc-page-1 ez-toc-heading-level-2'><a class=\"ez-toc-link ez-toc-heading-13\" href=\"https:\/\/comparemyjet.com\/sv\/fluga-aeolus\/#Pet_Policy\" >Policy f\u00f6r s\u00e4llskapsdjur<\/a><\/li><li class='ez-toc-page-1 ez-toc-heading-level-2'><a class=\"ez-toc-link ez-toc-heading-14\" href=\"https:\/\/comparemyjet.com\/sv\/fluga-aeolus\/#Company_Safety_Policy_and_Standards\" >F\u00f6retagets s\u00e4kerhetspolicy och s\u00e4kerhetsnormer<\/a><\/li><li class='ez-toc-page-1 ez-toc-heading-level-2'><a class=\"ez-toc-link ez-toc-heading-15\" href=\"https:\/\/comparemyjet.com\/sv\/fluga-aeolus\/#Company_Staff\" >F\u00f6retagets personal<\/a><\/li><li class='ez-toc-page-1 ez-toc-heading-level-2'><a class=\"ez-toc-link ez-toc-heading-16\" href=\"https:\/\/comparemyjet.com\/sv\/fluga-aeolus\/#Conclusion\" >Slutsats<\/a><\/li><\/ul><\/nav><\/div>\n<h2 class=\"wp-block-heading\"><span class=\"ez-toc-section\" id=\"Company_History\"><\/span>F\u00f6retagets historia<span class=\"ez-toc-section-end\"><\/span><\/h2>\r\n\r\n\r\n\r\n<p>Fly Aeolus grundades 2009 av grundarna och flygentusiasterna Stefaan Ghijs och Vincent Wigmans. Ghijs har en magisterexamen i flygteknik, medan Wigmans har erfarenhet fr\u00e5n reparationsbranschen f\u00f6r privatflygplan.&nbsp;<\/p>\r\n\r\n\r\n\r\n<p>F\u00f6retagets f\u00f6rsta flygning gick fr\u00e5n Antwerpen i Belgien till Vichy i Frankrike 2011. Fly Aeolus utvidgade snart sitt verksamhetsomr\u00e5de till att omfatta hela kontinenten och b\u00f6rjade med destinationer i Tyskland och Nederl\u00e4nderna.&nbsp;<\/p>\r\n\r\n\r\n\r\n<p>\u00c5r 2015 etablerade Fly Aeolus ett partnerskap med det belgiska flygtaxif\u00f6retaget SkyCab, och 2019 grundade de Fly Aeolus Aircraft Sales and Acquisitions, en ny gren av Fly Aeolus.<\/p>\r\n\r\n\r\n\r\n<p>Ett avtal om delat \u00e4gande \u00e4r grunden f\u00f6r f\u00f6retagets tj\u00e4nster. Privata \u00e4gare st\u00e4ller sina flygplan till f\u00f6rfogande f\u00f6r uthyrning och f\u00e5r en provision f\u00f6r varje flygtimme.&nbsp;<\/p>\r\n\r\n\r\n\r\n<h2 class=\"wp-block-heading\"><span class=\"ez-toc-section\" id=\"Pricing\"><\/span>Priss\u00e4ttning<span class=\"ez-toc-section-end\"><\/span><\/h2>\r\n\r\n\r\n\r\n<p>Fly Aeolus tar ut en fast avgift f\u00f6r alla flygningar. Priset best\u00e4ms utifr\u00e5n din resplan - omst\u00e4ndigheterna kring din resa, flygtiderna och om det \u00e4r en enkelresa eller en tur-och-retur-resa. Om du vill spendera mindre \u00e4r det b\u00e4sta s\u00e4ttet att boka en tur- och returresa samma dag, och du kan alltid dela flygningen och dela upp kostnaden genom att ta med dig resekompisar.<\/p>\r\n\r\n\r\n\r\n<p>Fly Aeolus drivs p\u00e5 grundval av delat \u00e4gande. F\u00f6retaget tar ut en intr\u00e4desavgift p\u00e5 995,00 euro (exklusive moms) av nya kunder, vilket g\u00f6r dem till del\u00e4gare i ett flygplan i Fly Aeolus flotta. Om du best\u00e4mmer dig f\u00f6r att inte anv\u00e4nda deras tj\u00e4nster efter registreringen \u00e5terbetalar Fly Aeolus avgiften minus en administrationsavgift p\u00e5 150,00 euro. Du kan g\u00f6ra en provflygning f\u00f6re registreringen f\u00f6r att uppleva jetplanet och se om det \u00e4r vad du s\u00f6ker.<\/p>\r\n\r\n\r\n\r\n<h2 class=\"wp-block-heading\"><span class=\"ez-toc-section\" id=\"Membership_Programs\"><\/span>Medlemskapsprogram<span class=\"ez-toc-section-end\"><\/span><\/h2>\r\n\r\n\r\n\r\n<p>Fly Aeolus medlemskapsprogram syftar till att spara pengar och tid f\u00f6r passagerare p\u00e5 kontinentala flygningar, eftersom alla jetplan och piloter redan finns i Europa, eftersom de g\u00f6r det m\u00f6jligt f\u00f6r medlemmarna att spara 5-10% p\u00e5 flygningar j\u00e4mf\u00f6rt med detaljhandelspriset f\u00f6r icke-medlemmar. L\u00e5t oss kortfattat utforska dem.<\/p>\r\n\r\n\r\n\r\n<h3 class=\"wp-block-heading\"><span class=\"ez-toc-section\" id=\"Pay_As_You_Fly\"><\/span>Betala n\u00e4r du flyger<span class=\"ez-toc-section-end\"><\/span><\/h3>\r\n\r\n\r\n\r\n<p>Du beh\u00f6ver inte vara medlem f\u00f6r att flyga med Cirrus SR-22. Det finns m\u00f6jlighet att betala n\u00e4r du flyger. Fly Aeolus har en online-kalkylator som hj\u00e4lper dig att planera och boka din n\u00e4sta resa, som du kan komma \u00e5t h\u00e4r <a href=\"https:\/\/flyaeolus.com\/plan-book\/\" target=\"_blank\" rel=\"noopener\">l\u00e4nk<\/a> f\u00f6r mer detaljerad information.<\/p>\r\n\r\n\r\n\r\n<h3 class=\"wp-block-heading\"><span class=\"ez-toc-section\" id=\"Personal_Membership\"><\/span>Personligt medlemskap<span class=\"ez-toc-section-end\"><\/span><\/h3>\r\n\r\n\r\n\r\n<p>Personal Membership-programmet \u00e4r utformat f\u00f6r regelbundna resen\u00e4rer. Med det h\u00e4r programmet f\u00e5r du 5% rabatt p\u00e5 varje flygning, plus en avbest\u00e4llningsf\u00f6rs\u00e4kring som ing\u00e5r i priset.&nbsp;<\/p>\r\n\r\n\r\n\r\n<h3 class=\"wp-block-heading\"><span class=\"ez-toc-section\" id=\"Business_Membership\"><\/span>Medlemskap f\u00f6r f\u00f6retag<span class=\"ez-toc-section-end\"><\/span><\/h3>\r\n\r\n\r\n\r\n<p>Fly Aeolus erbjuder Business Membership-programmet f\u00f6r frekventa resen\u00e4rer. F\u00f6r att bli medlem kr\u00e4vs en m\u00e5natlig medlemsavgift p\u00e5 100,00 euro. Du f\u00e5r 10% rabatt p\u00e5 alla dina flygningar, plus avbest\u00e4llningsf\u00f6rs\u00e4kring och hj\u00e4lp med taxibokning, allt ing\u00e5r i priset.<\/p>\r\n\r\n\r\n\r\n<h2 class=\"wp-block-heading\"><span class=\"ez-toc-section\" id=\"The_Fleet\"><\/span>Flottan&nbsp;<span class=\"ez-toc-section-end\"><\/span><\/h2>\r\n\r\n\r\n\r\n<figure class=\"wp-block-image size-full is-style-default\"><img loading=\"lazy\" decoding=\"async\" width=\"1000\" height=\"667\" src=\"https:\/\/comparemyjet.com\/wp-content\/uploads\/2022\/07\/The-Cirrus-SR22.jpg\" alt=\"Fly Aeolus\" class=\"wp-image-3145\" srcset=\"https:\/\/comparemyjet.com\/wp-content\/uploads\/2022\/07\/The-Cirrus-SR22-18x12.jpg 18w, https:\/\/comparemyjet.com\/wp-content\/uploads\/2022\/07\/The-Cirrus-SR22-300x200.jpg 300w, https:\/\/comparemyjet.com\/wp-content\/uploads\/2022\/07\/The-Cirrus-SR22-768x512.jpg 768w, https:\/\/comparemyjet.com\/wp-content\/uploads\/2022\/07\/The-Cirrus-SR22.jpg 1000w\" sizes=\"auto, (max-width: 1000px) 100vw, 1000px\" \/><\/figure>\r\n\r\n\r\n\r\n<p>Fly Aeolus har en flotta med endast Cirrus SR-22-flygplan. Och det \u00e4r ingen tillf\u00e4llighet - dessa plan anses vara ett av de s\u00e4kraste enmotoriga jetplanen inom flygindustrin av COPA (Cirrus Owners &amp; Pilots Association) och AOPA (Aircraft Owners &amp; Pilots Association), tack vare Cirrus Airframe Parachute System. Fly Aeolus \u00e4r Europas st\u00f6rsta Cirrus-leverant\u00f6r med 15 SR-22-flygplan i drift, som var och en kan ta upp till tre passagerare.&nbsp;<\/p>\r\n\r\n\r\n\r\n<h3 class=\"wp-block-heading\"><span class=\"ez-toc-section\" id=\"1_Light_Private_Jets\"><\/span>1. L\u00e4tta privatjetflygplan<span class=\"ez-toc-section-end\"><\/span><\/h3>\r\n\r\n\r\n\r\n<p>L\u00e4tta privatjetflygplan \u00e4r perfekta f\u00f6r resor till sm\u00e5 flygplatser och sv\u00e5r\u00e5tkomliga platser, s\u00e5 att du kan bes\u00f6ka otillg\u00e4ngliga berg och vackra str\u00e4nder.<\/p>\r\n\r\n\r\n\r\n<h4 class=\"wp-block-heading\"><span class=\"ez-toc-section\" id=\"Our_Recommendation_The_Cirrus_SR22\"><\/span>V\u00e5r rekommendation: Cirrus SR22<span class=\"ez-toc-section-end\"><\/span><\/h4>\r\n\r\n\r\n\r\n<p>Cirrus SR22 \u00e4r ett kompositflygplan som tillverkades av Cirrus Aircraft 2001. Det \u00e4r en kraftfullare variant av Cirrus CIRRUS SR-20, med st\u00f6rre vingar och \u00f6kad br\u00e4nslekapacitet och fast landningsst\u00e4ll.<\/p>\r\n\r\n\r\n\r\n<p>Detta \u00e4r ett fyrsitsigt flygplan (1 pilot och tre passagerare) som \u00e4r avsett att landa p\u00e5 lokala flygplatser. Cirrus SR22 ger tillg\u00e5ng till mer \u00e4n 1 500 flygplatser runt om i Europa, vilket g\u00f6r att du kan landa p\u00e5 lokala flygplatser som s\u00e4llan bes\u00f6ks av kommersiella flygningar.&nbsp;<\/p>\r\n\r\n\r\n\r\n<p>Cirrus-flygplanen har en bagagekapacitet p\u00e5 10 kg per passagerare och \u00e4r de enda flygplanen som har ett fallsk\u00e4rmsystem f\u00f6r hela planet i n\u00f6dsituationer som standardutrustning.<\/p>\r\n\r\n\r\n\r\n<p>Specifikationer:<\/p>\r\n\r\n\r\n\r\n<ul class=\"wp-block-list\"><li>Passagerare: 3;<\/li><li>Bredd p\u00e5 hytten: 4 fot 1 tum;<\/li><li>Volym i hytten: 137 kubikfot;<\/li><li>Kabinens h\u00f6jd: 4 fot 2 tum;<\/li><li>L\u00e4ngd p\u00e5 hytten: 8 fot;<\/li><li>Internt bagage: 32 kubikfot;<\/li><li>Maxhastighet: 186 kts;<\/li><li>Maxomr\u00e5de: 1100 nm;<\/li><li>Bes\u00e4ttning: 1;<\/li><li>Ingen toalett;<\/li><li>Inget WiFi.<\/li><\/ul>\r\n\r\n\r\n\r\n<h2 class=\"wp-block-heading\"><span class=\"ez-toc-section\" id=\"Cancellation_Insurance\"><\/span>Avbest\u00e4llningsf\u00f6rs\u00e4kring<span class=\"ez-toc-section-end\"><\/span><\/h2>\r\n\r\n\r\n\r\n<p>Fly Aeolus erbjuder en avbest\u00e4llningsf\u00f6rs\u00e4kring som kostar 200 euro (exklusive moms) och som g\u00f6r att du kan avboka eller skjuta upp din flygning om dina planer st\u00f6rs av en of\u00f6rutsedd h\u00e4ndelse.&nbsp;<\/p>\r\n\r\n\r\n\r\n<p>Om du inte vill betala f\u00f6r avbest\u00e4llningsf\u00f6rs\u00e4kringen och ditt flyg st\u00e4lls in eller skjuts upp efter bekr\u00e4ftelsen, kommer du att f\u00e5 betala ytterligare avgifter. Om du avbokar ditt flyg mellan 7 dagar och 24 timmar f\u00f6re planerad avg\u00e5ngstid tar Fly Aeolus ut en avgift p\u00e5 25% av de totala flygkostnaderna. Om avbokningen sker mellan 24 och 5 timmar f\u00f6re flygningen tar f\u00f6retaget ut en avbokningsavgift p\u00e5 50% av de totala flygkostnaderna. En avbokningsavgift p\u00e5 100% av de totala flygkostnaderna kommer att tas ut om du avbokar mindre \u00e4n 5 timmar f\u00f6re planerad avg\u00e5ngstid eller om du inte dyker upp.<\/p>\r\n\r\n\r\n\r\n<h2 class=\"wp-block-heading\"><span class=\"ez-toc-section\" id=\"De-icing_Insurance\"><\/span>F\u00f6rs\u00e4kring f\u00f6r avisning<span class=\"ez-toc-section-end\"><\/span><\/h2>\r\n\r\n\r\n\r\n<figure class=\"wp-block-image size-full is-style-default\"><img loading=\"lazy\" decoding=\"async\" width=\"1000\" height=\"667\" src=\"https:\/\/comparemyjet.com\/wp-content\/uploads\/2022\/07\/De-icing-Insurance.jpg\" alt=\"\" class=\"wp-image-3146\" srcset=\"https:\/\/comparemyjet.com\/wp-content\/uploads\/2022\/07\/De-icing-Insurance-18x12.jpg 18w, https:\/\/comparemyjet.com\/wp-content\/uploads\/2022\/07\/De-icing-Insurance-300x200.jpg 300w, https:\/\/comparemyjet.com\/wp-content\/uploads\/2022\/07\/De-icing-Insurance-768x512.jpg 768w, https:\/\/comparemyjet.com\/wp-content\/uploads\/2022\/07\/De-icing-Insurance.jpg 1000w\" sizes=\"auto, (max-width: 1000px) 100vw, 1000px\" \/><\/figure>\r\n\r\n\r\n\r\n<p>Denna typ av f\u00f6rs\u00e4kring kommer att vara till nytta, s\u00e4rskilt under de kalla m\u00e5naderna. Fly Aeolus rekommenderar att du tar denna tj\u00e4nst f\u00f6re start.&nbsp;<\/p>\r\n\r\n\r\n\r\n<p>Under vintern kan lufttaxin bli t\u00e4ckt av is eller sn\u00f6, och is och sn\u00f6 m\u00e5ste reng\u00f6ras innan den kan lyfta. De tillh\u00f6rande kostnaderna \u00e4r sv\u00e5ra att f\u00f6ruts\u00e4ga, s\u00e5 f\u00f6retaget erbjuder ett par f\u00f6rs\u00e4kringsalternativ f\u00f6r avisning som baseras p\u00e5 risken f\u00f6r isbildning f\u00f6r att lugna dig.<\/p>\r\n\r\n\r\n\r\n<ul class=\"wp-block-list\"><li>Fram till fem dagar f\u00f6re avg\u00e5ng kostar avisningsf\u00f6rs\u00e4kringen 150,00 euro (exklusive moms) f\u00f6r en enkelresa.<\/li><li>Mellan 5 och 72 timmar f\u00f6re avresa kostar f\u00f6rs\u00e4kringen 250,00 euro (exkl. moms) f\u00f6r en enkelresa.<\/li><li>Mellan 72 och 24 timmar f\u00f6re avg\u00e5ng m\u00e5ste du betala upp till 350,00 euro (exkl. moms) f\u00f6r en avisningsf\u00f6rs\u00e4kring f\u00f6r en enkel resa.<\/li><\/ul>\r\n\r\n\r\n\r\n<p>Om du inte v\u00e4ljer n\u00e5got av alternativen ovan kommer du att debiteras alla n\u00f6dv\u00e4ndiga avisningsavgifter efter resan.<\/p>\r\n\r\n\r\n\r\n<h2 class=\"wp-block-heading\"><span class=\"ez-toc-section\" id=\"Fly_Aeolus_Taxi_Service\"><\/span>Fly Aeolus taxitj\u00e4nst<span class=\"ez-toc-section-end\"><\/span><\/h2>\r\n\r\n\r\n\r\n<p>Fly Aeolus kan boka en taxi \u00e5t dig hos en av sina ofta f\u00f6rekommande taxipartners. Meddela dem din destination, s\u00e5 ser de till att taxin v\u00e4ntar p\u00e5 dig n\u00e4r du anl\u00e4nder till flygplatsen. Om n\u00e5gon h\u00e4mtar dig p\u00e5 flygplatsen erbjuder f\u00f6retaget att skicka dina specifika flygdata s\u00e5 att dina v\u00e4nner eller familjemedlemmar kan sp\u00e5ra flygtaxin i realtid.<\/p>\r\n\r\n\r\n\r\n<h2 class=\"wp-block-heading\"><span class=\"ez-toc-section\" id=\"Pet_Policy\"><\/span>Policy f\u00f6r s\u00e4llskapsdjur<span class=\"ez-toc-section-end\"><\/span><\/h2>\r\n\r\n\r\n\r\n<p>Vid kommersiell flygning kan du ta med ditt husdjur i flygplanet om transportbeh\u00e5llaren \u00e4r mindre \u00e4n 47 cm l\u00e5ng, mindre \u00e4n 30 cm bred och mindre \u00e4n 27 cm h\u00f6g. Husdjuret m\u00e5ste ocks\u00e5 finnas under ditt s\u00e4te i en avsedd transportburk och f\u00e5r inte v\u00e4ga mer \u00e4n 10 kg. Av s\u00e4kerhetssk\u00e4l f\u00e5r du inte \u00f6ppna transportburen eller flytta den. Detta verkar vara den st\u00f6rsta nackdelen de har j\u00e4mf\u00f6rt med andra privata charterbolag, men det \u00e4r fortfarande att f\u00f6redra framf\u00f6r att flyga dem i lastavdelningen p\u00e5 ett kommersiellt flyg.<\/p>\r\n\r\n\r\n\r\n<p>Att ta med ditt husdjur p\u00e5 en privat flygning \u00e4r en helt annan sak. Fly Aeolus behandlar alla husdjur som flyger med dem som en g\u00e4st och ser till att ditt husdjur f\u00e5r en lugn och trevlig resa.<\/p>\r\n\r\n\r\n\r\n<p>Ditt husdjur kommer inte att vara inst\u00e4ngt i bagageutrymmet, utan kan mysa bredvid dig p\u00e5 en filt, och du kan vara s\u00e4ker p\u00e5 att ditt husdjur \u00e4r bekv\u00e4mt och s\u00e4kert.&nbsp;<\/p>\r\n\r\n\r\n\r\n<p>\u00c4ven om du kan resa med ditt husdjur, inneb\u00e4r en resa med husdjur att du m\u00e5ste planera i f\u00f6rv\u00e4g. <a href=\"https:\/\/flyaeolus.com\/blog\/pet-travel-private-jet-air-taxi\/\" target=\"_blank\" rel=\"noopener\">l\u00e4nk<\/a> f\u00f6r ytterligare information om hur du transporterar ditt husdjur med Aeolus.<\/p>\r\n\r\n\r\n\r\n<h2 class=\"wp-block-heading\"><span class=\"ez-toc-section\" id=\"Company_Safety_Policy_and_Standards\"><\/span>F\u00f6retagets s\u00e4kerhetspolicy och s\u00e4kerhetsnormer<span class=\"ez-toc-section-end\"><\/span><\/h2>\r\n\r\n\r\n\r\n<p>Alla deras flygplan unders\u00f6ks regelbundet, och piloterna genomg\u00e5r en \u00e5rlig l\u00e4karunders\u00f6kning. Dessutom \u00e4r alla flygplan utrustade med CAPS (Cirrus Airframe Parachute System), som \u00e4r ett system f\u00f6r att h\u00e4mta fallsk\u00e4rmar med ballistiska fallsk\u00e4rmar som byggs exklusivt f\u00f6r Cirrus-flygplan.<\/p>\r\n\r\n\r\n\r\n<h2 class=\"wp-block-heading\"><span class=\"ez-toc-section\" id=\"Company_Staff\"><\/span>F\u00f6retagets personal<span class=\"ez-toc-section-end\"><\/span><\/h2>\r\n\r\n\r\n\r\n<p>Aeolus personal best\u00e5r av experter fr\u00e5n olika omr\u00e5den inom aff\u00e4rsflyget och kvalificerade Cirrus-piloter och instrukt\u00f6rer. Alla Fly Aeolus-piloter har ett kommersiellt flygcertifikat (CPL) eller ett flygcertifikat f\u00f6r luftfartyg (ATPL), har 500 timmars flygtid eller mer och har genomg\u00e5tt Cirrus SR22-utbildningsprogrammet.&nbsp;<\/p>\r\n\r\n\r\n\r\n<h2 class=\"wp-block-heading\"><span class=\"ez-toc-section\" id=\"Conclusion\"><\/span>Slutsats<span class=\"ez-toc-section-end\"><\/span><\/h2>\r\n\r\n\r\n\r\n<figure class=\"wp-block-image size-full is-style-default\"><img loading=\"lazy\" decoding=\"async\" width=\"1000\" height=\"667\" src=\"https:\/\/comparemyjet.com\/wp-content\/uploads\/2022\/07\/cute.dog_.dressed.as_.a.pilot_.standing.infront.of_.a.jet_.jpg\" alt=\"\" class=\"wp-image-3147\" srcset=\"https:\/\/comparemyjet.com\/wp-content\/uploads\/2022\/07\/cute.dog_.dressed.as_.a.pilot_.standing.infront.of_.a.jet_-18x12.jpg 18w, https:\/\/comparemyjet.com\/wp-content\/uploads\/2022\/07\/cute.dog_.dressed.as_.a.pilot_.standing.infront.of_.a.jet_-300x200.jpg 300w, https:\/\/comparemyjet.com\/wp-content\/uploads\/2022\/07\/cute.dog_.dressed.as_.a.pilot_.standing.infront.of_.a.jet_-768x512.jpg 768w, https:\/\/comparemyjet.com\/wp-content\/uploads\/2022\/07\/cute.dog_.dressed.as_.a.pilot_.standing.infront.of_.a.jet_.jpg 1000w\" sizes=\"auto, (max-width: 1000px) 100vw, 1000px\" \/><\/figure>\r\n\r\n\r\n\r\n<p>Fly Aeolus \u00e4r det f\u00f6rsta f\u00f6retaget i Europa som anv\u00e4nder sig av en modell f\u00f6r delat \u00e4gande f\u00f6r att tillhandah\u00e5lla flygtaxi-tj\u00e4nster med enkelkolviga flygplan. F\u00f6retaget erbjuder ocks\u00e5 tre olika jetkortsprogram och ger tillg\u00e5ng till mer \u00e4n 1 000 sm\u00e5 flygplatser i Europa med hj\u00e4lp av sin Cirrus SR22-flotta. Om du vill \u00e5ka p\u00e5 sightseeing eller om du reser med bara ett par kompisar \u00e4r Fly Aeolus din flygtaxi-tj\u00e4nst.&nbsp;<\/p>","protected":false},"excerpt":{"rendered":"<p>Fly Aeolus \u00e4r en belgisk flygtaxi (privat charter) som har varit verksam i Europa sedan 2009. F\u00f6retaget \u00e4r baserat i Antwerpen och har kontor i Berlin och Rotterdam.  Du kan flyga fr\u00e5n \u00f6ver 1 500 flygplatser \u00f6ver hela den europeiska kontinenten i ett av deras Cirrus SR-22-flygplan som anses vara ett av de s\u00e4kraste enmotoriga jetplanen i ...<\/p>","protected":false},"author":2,"featured_media":3098,"parent":0,"menu_order":0,"comment_status":"closed","ping_status":"closed","template":"","meta":{"_acf_changed":false,"_genesis_hide_title":false,"_genesis_hide_breadcrumbs":false,"_genesis_hide_singular_image":false,"_genesis_hide_footer_widgets":false,"_genesis_custom_body_class":"","_genesis_custom_post_class":"","_genesis_layout":"","footnotes":""},"class_list":{"1":"page","2":"type-page","6":"entry"},"acf":[],"_links":{"self":[{"href":"https:\/\/comparemyjet.com\/sv\/wp-json\/wp\/v2\/pages\/3144","targetHints":{"allow":["GET"]}}],"collection":[{"href":"https:\/\/comparemyjet.com\/sv\/wp-json\/wp\/v2\/pages"}],"about":[{"href":"https:\/\/comparemyjet.com\/sv\/wp-json\/wp\/v2\/types\/page"}],"author":[{"embeddable":true,"href":"https:\/\/comparemyjet.com\/sv\/wp-json\/wp\/v2\/users\/2"}],"replies":[{"embeddable":true,"href":"https:\/\/comparemyjet.com\/sv\/wp-json\/wp\/v2\/comments?post=3144"}],"version-history":[{"count":2,"href":"https:\/\/comparemyjet.com\/sv\/wp-json\/wp\/v2\/pages\/3144\/revisions"}],"predecessor-version":[{"id":3444,"href":"https:\/\/comparemyjet.com\/sv\/wp-json\/wp\/v2\/pages\/3144\/revisions\/3444"}],"wp:featuredmedia":[{"embeddable":true,"href":"https:\/\/comparemyjet.com\/sv\/wp-json\/wp\/v2\/media\/3098"}],"wp:attachment":[{"href":"https:\/\/comparemyjet.com\/sv\/wp-json\/wp\/v2\/media?parent=3144"}],"curies":[{"name":"wp","href":"https:\/\/api.w.org\/{rel}","templated":true}]}}