{"id":3172,"date":"2022-08-10T21:51:12","date_gmt":"2022-08-10T21:51:12","guid":{"rendered":"https:\/\/comparemyjet.com\/?page_id=3172"},"modified":"2025-09-04T09:58:21","modified_gmt":"2025-09-04T09:58:21","slug":"hoppkors-luft","status":"publish","type":"page","link":"https:\/\/comparemyjet.com\/sv\/hoppkors-luft\/","title":{"rendered":"Hopscotch Air flygpriser"},"content":{"rendered":"<p>Hopscotch Air \u00e4r en banbrytande <a href=\"https:\/\/comparemyjet.com\/sv\/hur-mycket-kostar-flygtaxi\/\" data-internallinksmanager029f6b8e52c=\"23\" title=\"Hur mycket kostar en flygtaxi?\">flygtaxi<\/a> f\u00f6retag som flyger passagerare runt i nord\u00f6stra USA, i mitten av Atlanten och i Kanada i sm\u00e5 men tekniskt avancerade Cirrus-flygplan. F\u00f6retaget certifierades 2009 och flyger nu omkring 1 400 resor varje \u00e5r, till en br\u00e5kdel av kostnaden f\u00f6r vanliga charterflygningar, fr\u00e4mst p\u00e5 grund av flygplanens billigare ekonomi.<\/p>\r\n\r\n\r\n\r\n<p>Hopscotch Air \u00e4r en pionj\u00e4r n\u00e4r det g\u00e4ller flygtaxi med sm\u00e5 flygplan i nord\u00f6stra USA och planerar att erbjuda nya regionala flyglinjer till popul\u00e4ra platser i nord\u00f6stra USA i slutet av 2022.&nbsp;<\/p>\r\n\r\n\r\n\r\n<div id=\"ez-toc-container\" class=\"ez-toc-v2_0_76 counter-hierarchy ez-toc-counter ez-toc-grey ez-toc-container-direction\">\n<p class=\"ez-toc-title\" style=\"cursor:inherit\">\u00c4mnen<\/p>\n<label for=\"ez-toc-cssicon-toggle-item-69f168f23dbfd\" class=\"ez-toc-cssicon-toggle-label\"><span class=\"\"><span class=\"eztoc-hide\" style=\"display:none;\">V\u00e4xel<\/span><span class=\"ez-toc-icon-toggle-span\"><svg style=\"fill: #999;color:#999\" xmlns=\"http:\/\/www.w3.org\/2000\/svg\" class=\"list-377408\" width=\"20px\" height=\"20px\" viewbox=\"0 0 24 24\" fill=\"none\"><path d=\"M6 6H4v2h2V6zm14 0H8v2h12V6zM4 11h2v2H4v-2zm16 0H8v2h12v-2zM4 16h2v2H4v-2zm16 0H8v2h12v-2z\" fill=\"currentColor\"><\/path><\/svg><svg style=\"fill: #999;color:#999\" class=\"arrow-unsorted-368013\" xmlns=\"http:\/\/www.w3.org\/2000\/svg\" width=\"10px\" height=\"10px\" viewbox=\"0 0 24 24\" version=\"1.2\" baseprofile=\"tiny\"><path d=\"M18.2 9.3l-6.2-6.3-6.2 6.3c-.2.2-.3.4-.3.7s.1.5.3.7c.2.2.4.3.7.3h11c.3 0 .5-.1.7-.3.2-.2.3-.5.3-.7s-.1-.5-.3-.7zM5.8 14.7l6.2 6.3 6.2-6.3c.2-.2.3-.5.3-.7s-.1-.5-.3-.7c-.2-.2-.4-.3-.7-.3h-11c-.3 0-.5.1-.7.3-.2.2-.3.5-.3.7s.1.5.3.7z\"\/><\/svg><\/span><\/span><\/label><input type=\"checkbox\"  id=\"ez-toc-cssicon-toggle-item-69f168f23dbfd\" checked aria-label=\"V\u00e4xel\" \/><nav><ul class='ez-toc-list ez-toc-list-level-1' ><li class='ez-toc-page-1 ez-toc-heading-level-2'><a class=\"ez-toc-link ez-toc-heading-1\" href=\"https:\/\/comparemyjet.com\/sv\/hoppkors-luft\/#About_the_Company\" >Om f\u00f6retaget<\/a><\/li><li class='ez-toc-page-1 ez-toc-heading-level-2'><a class=\"ez-toc-link ez-toc-heading-2\" href=\"https:\/\/comparemyjet.com\/sv\/hoppkors-luft\/#Membership_Programs\" >Medlemskapsprogram<\/a><ul class='ez-toc-list-level-3' ><li class='ez-toc-heading-level-3'><a class=\"ez-toc-link ez-toc-heading-3\" href=\"https:\/\/comparemyjet.com\/sv\/hoppkors-luft\/#ClubScotch\" >ClubScotch<\/a><\/li><\/ul><\/li><li class='ez-toc-page-1 ez-toc-heading-level-2'><a class=\"ez-toc-link ez-toc-heading-4\" href=\"https:\/\/comparemyjet.com\/sv\/hoppkors-luft\/#Destinations_and_Pricing\" >Destinationer och priser<\/a><\/li><li class='ez-toc-page-1 ez-toc-heading-level-2'><a class=\"ez-toc-link ez-toc-heading-5\" href=\"https:\/\/comparemyjet.com\/sv\/hoppkors-luft\/#The_Fleet\" >Flottan&nbsp;<\/a><ul class='ez-toc-list-level-3' ><li class='ez-toc-heading-level-3'><a class=\"ez-toc-link ez-toc-heading-6\" href=\"https:\/\/comparemyjet.com\/sv\/hoppkors-luft\/#1_Very_Light_Jets\" >1. Mycket l\u00e4tta jetplan<\/a><ul class='ez-toc-list-level-4' ><li class='ez-toc-heading-level-4'><a class=\"ez-toc-link ez-toc-heading-7\" href=\"https:\/\/comparemyjet.com\/sv\/hoppkors-luft\/#Our_Recommendation_The_Cirrus_SR20\" >V\u00e5r rekommendation: Cirrus SR20&nbsp;<\/a><\/li><li class='ez-toc-page-1 ez-toc-heading-level-4'><a class=\"ez-toc-link ez-toc-heading-8\" href=\"https:\/\/comparemyjet.com\/sv\/hoppkors-luft\/#Our_Recommendation_The_Cirrus_SR22\" >V\u00e5r rekommendation: Cirrus SR22<\/a><\/li><\/ul><\/li><\/ul><\/li><li class='ez-toc-page-1 ez-toc-heading-level-2'><a class=\"ez-toc-link ez-toc-heading-9\" href=\"https:\/\/comparemyjet.com\/sv\/hoppkors-luft\/#Company_Safety_Policy_and_Standards\" >F\u00f6retagets s\u00e4kerhetspolicy och s\u00e4kerhetsnormer&nbsp;<\/a><\/li><li class='ez-toc-page-1 ez-toc-heading-level-2'><a class=\"ez-toc-link ez-toc-heading-10\" href=\"https:\/\/comparemyjet.com\/sv\/hoppkors-luft\/#Partnerships\" >Partnerskap<\/a><\/li><li class='ez-toc-page-1 ez-toc-heading-level-2'><a class=\"ez-toc-link ez-toc-heading-11\" href=\"https:\/\/comparemyjet.com\/sv\/hoppkors-luft\/#Conclusion\" >Slutsats<\/a><\/li><\/ul><\/nav><\/div>\n<h2 class=\"wp-block-heading\"><span class=\"ez-toc-section\" id=\"About_the_Company\"><\/span>Om f\u00f6retaget<span class=\"ez-toc-section-end\"><\/span><\/h2>\r\n\r\n\r\n\r\n<p>Hopscotch Air \u00e4r ett <a href=\"https:\/\/www.faa.gov\/\" target=\"_blank\" rel=\"noopener\">FAA<\/a>-certifierat lufttrafikf\u00f6retag med s\u00e4te i <a href=\"https:\/\/comparemyjet.com\/sv\/privata-turer\/privata-rundturer-i-new-york-city\/\" data-internallinksmanager029f6b8e52c=\"427\" title=\"11 b\u00e4sta privata turer i New York City fr\u00e5n $48.00\">New York<\/a>med nav p\u00e5 flygplatserna Republic Farmingdale, Westchester County och Teterboro.&nbsp;<\/p>\r\n\r\n\r\n\r\n<p>F\u00f6retaget har en egen flygplansflotta och erbjuder ett medlemsprogram med intr\u00e4des- och medlemsavgifter som b\u00f6rjar p\u00e5 $3 900. Ing\u00e5ngsprogrammet \u00e4r The Jet Card, en pay-as-you-go-tj\u00e4nst med fasta priser per rutt.&nbsp;<\/p>\r\n\r\n\r\n\r\n<p>L\u00e5t oss unders\u00f6ka dessa medlemskapsprogram n\u00e4rmare.<\/p>\r\n\r\n\r\n\r\n<h2 class=\"wp-block-heading\"><span class=\"ez-toc-section\" id=\"Membership_Programs\"><\/span>Medlemskapsprogram<span class=\"ez-toc-section-end\"><\/span><\/h2>\r\n\r\n\r\n\r\n<figure class=\"wp-block-image size-full is-style-default\"><img loading=\"lazy\" decoding=\"async\" width=\"1000\" height=\"667\" src=\"https:\/\/comparemyjet.com\/wp-content\/uploads\/2022\/07\/cirrus.sr_.22.jpg\" alt=\"\" class=\"wp-image-3174\" srcset=\"https:\/\/comparemyjet.com\/wp-content\/uploads\/2022\/07\/cirrus.sr_.22-18x12.jpg 18w, https:\/\/comparemyjet.com\/wp-content\/uploads\/2022\/07\/cirrus.sr_.22-300x200.jpg 300w, https:\/\/comparemyjet.com\/wp-content\/uploads\/2022\/07\/cirrus.sr_.22-768x512.jpg 768w, https:\/\/comparemyjet.com\/wp-content\/uploads\/2022\/07\/cirrus.sr_.22.jpg 1000w\" sizes=\"auto, (max-width: 1000px) 100vw, 1000px\" \/><\/figure>\r\n\r\n\r\n\r\n<p>F\u00f6retaget startade sitt medlemsprogram 2019. Medlemmar betalar $325 per m\u00e5nad och f\u00e5r exklusiva rabatter och andra f\u00f6rm\u00e5ner.&nbsp;<\/p>\r\n\r\n\r\n\r\n<p>Du kan bli medlem genom att kontakta dem p\u00e5 deras <a href=\"https:\/\/flyhopscotch.com\/join-clubscotch\/\" target=\"_blank\" rel=\"noopener\">webbplats<\/a>.<\/p>\r\n\r\n\r\n\r\n<h3 class=\"wp-block-heading\"><span class=\"ez-toc-section\" id=\"ClubScotch\"><\/span>ClubScotch<span class=\"ez-toc-section-end\"><\/span><\/h3>\r\n\r\n\r\n\r\n<p>Hopscotch flyger dig till hundratals flygplatser i nord\u00f6stra USA, Mellan-Atlanten och Kanada, fr\u00e5n de minsta till de st\u00f6rsta. Deras flygplan kan transportera dig till mindre, mindre \u00f6verfulla flygplatser n\u00e4rmare din slutdestination. Alla flygningar avg\u00e5r enligt ditt schema.<\/p>\r\n\r\n\r\n\r\n<p>F\u00f6r att bli medlem i ClubScoth m\u00e5ste du g\u00f6ra ett \u00e5tagande p\u00e5 ett \u00e5r. Du kan v\u00e4lja att betala $325 per m\u00e5nad eller $3 250 per \u00e5r.<\/p>\r\n\r\n\r\n\r\n<p>Medlemmarna har tillg\u00e5ng till prioriterad schemal\u00e4ggning och snabb tillg\u00e5ng till deras team f\u00f6r kundupplevelse. Som ClubScotch-medlem har du r\u00e4tt till sista minuten-tider och gratis v\u00e4ntetid i upp till 15 timmar. Du kan anv\u00e4nda dessa 15 timmars gratis f\u00f6r\u00f6kningstid under hela \u00e5ret. Det \u00e4r en mer \u00e4n $1 000 \u00e5rsrabatt.<\/p>\r\n\r\n\r\n\r\n<p>Kanske vill du tillbringa natten p\u00e5 din destination? En gratis \u00f6vernattning erbjuds en g\u00e5ng om \u00e5ret (<a href=\"https:\/\/comparemyjet.com\/sv\/hotels\/\" data-internallinksmanager029f6b8e52c=\"470\" title=\"De 100 b\u00e4sta hotellen n\u00e4ra flygplatser fr\u00e5n hela v\u00e4rlden\">hotell<\/a> och mat ing\u00e5r ej). Planet v\u00e4ntar p\u00e5 dig n\u00e4sta dag f\u00f6r att slutf\u00f6ra din rundresa.&nbsp;<\/p>\r\n\r\n\r\n\r\n<p>F\u00f6retagets avbokningspolicy g\u00f6r det m\u00f6jligt att \u00e4ndra datum\/rutt och \u00e4r ganska flexibel f\u00f6r medlemmarna. Du kommer inte att debiteras f\u00f6r eventuella \u00e4ndringar som du g\u00f6r under resan. Icke-medlemmar har 48 timmar p\u00e5 sig att avboka flygningar f\u00f6r \u00e5terbetalning, medan medlemmar har 24 timmar p\u00e5 sig.<\/p>\r\n\r\n\r\n\r\n<p>De st\u00f6rsta f\u00f6rdelarna f\u00f6r ClubScotch-medlemmar \u00e4r att de i allm\u00e4nhet betalar cirka 25% mindre \u00e4n icke-medlemmar i detaljhandelspriset och f\u00e5r tillg\u00e5ng till ClubScotch-webbplatsen f\u00f6r att kontrollera sin flyghistorik och sitt kontosaldo online.<\/p>\r\n\r\n\r\n\r\n<h2 class=\"wp-block-heading\"><span class=\"ez-toc-section\" id=\"Destinations_and_Pricing\"><\/span>Destinationer och priser<span class=\"ez-toc-section-end\"><\/span><\/h2>\r\n\r\n\r\n\r\n<p>SR22-flygplanen h\u00e4mtar vanligtvis passagerarna p\u00e5 New York Citys flygplatser, och de mest avl\u00e4gsna destinationerna \u00e4r v\u00e4sterut till <a href=\"https:\/\/comparemyjet.com\/sv\/privatjetcharter-till-chicago\/\" data-internallinksmanager029f6b8e52c=\"170\" title=\"Charterflyg till Chicago\">Chicago<\/a> eller s\u00f6derut till South Carolina.&nbsp;<\/p>\r\n\r\n\r\n\r\n<p>F\u00f6ljande tabell inneh\u00e5ller priser f\u00f6r en enkelresa samma dag med avg\u00e5ng fr\u00e5n White Plains, Farmingdale och Teterboro.&nbsp;<\/p>\r\n\r\n\r\n\r\n<figure class=\"wp-block-table\"><table><tbody><tr><td>Destinationer<\/td><td>Env\u00e4gspriser<\/td><\/tr><tr><td><a href=\"https:\/\/comparemyjet.com\/sv\/privata-turer\/philadelphia-private-tours\/\" data-internallinksmanager029f6b8e52c=\"430\" title=\"11 b\u00e4sta privata turer i Philadelphia fr\u00e5n $245.00\">Philadelphia<\/a>&nbsp;<\/td><td>$1,956<\/td><\/tr><tr><td>Atlantic City&nbsp;<\/td><td>$2,019<\/td><\/tr><tr><td>Newport&nbsp;<\/td><td>$2,144<\/td><\/tr><tr><td><a href=\"https:\/\/comparemyjet.com\/sv\/privatjetcharter-till-boston\/\" data-internallinksmanager029f6b8e52c=\"177\" title=\"Charterflyg till Boston\">Boston<\/a> - Bedford&nbsp;<\/td><td>$2,426<\/td><\/tr><tr><td>Martha's Vineyard&nbsp;<\/td><td>$2,489<\/td><\/tr><tr><td>Nantucket&nbsp;<\/td><td>$2,802<\/td><\/tr><tr><td>Provincetown&nbsp;<\/td><td>$2,834<\/td><\/tr><tr><td>Boston - Logan&nbsp;<\/td><td>$2,888<\/td><\/tr><tr><td>Burlington&nbsp;<\/td><td>$3,335<\/td><\/tr><\/tbody><\/table><\/figure>\r\n\r\n\r\n\r\n<p>Hopscotch betj\u00e4nar nord\u00f6stra USA, den mellanatlantiska regionen och delar av Ontario och Quebec. Popul\u00e4ra v\u00e5r- och sommarresor \u00e4r:<\/p>\r\n\r\n\r\n\r\n<ul class=\"wp-block-list\"><li>Cape Cod,&nbsp;<\/li><li>Provincetown, Provincetown,&nbsp;<\/li><li>Martha's Vineyard,&nbsp;<\/li><li>East Hampton,&nbsp;<\/li><li>Burlington,&nbsp;<\/li><li><a href=\"https:\/\/comparemyjet.com\/sv\/privata-turer\/portland-private-tours\/\" data-internallinksmanager029f6b8e52c=\"432\" title=\"11 b\u00e4sta privata turer i Portland fr\u00e5n $48.00\">Portland<\/a>,&nbsp;<\/li><li>Block Island,&nbsp;<\/li><li>Great Barrington,&nbsp;<\/li><li>och Stowe.&nbsp;<\/li><\/ul>\r\n\r\n\r\n\r\n<p>Men de flyger ocks\u00e5 till avl\u00e4gsna platser i New York, Massachusetts, Pennsylvania och New York. <a href=\"https:\/\/comparemyjet.com\/sv\/privatjetcharter-till-jersey\/\" data-internallinksmanager029f6b8e52c=\"176\" title=\"Charterflyg till Jersey\">Jersey<\/a>. Destinationer i New England h\u00f6r till Hopscotch Airs mest popul\u00e4ra rutter.<\/p>\r\n\r\n\r\n\r\n<p>Det finns ingen garanti f\u00f6r att flygplanet \u00e4r tillg\u00e4ngligt, och priserna \u00e4r fastst\u00e4llda utifr\u00e5n rutten.<\/p>\r\n\r\n\r\n\r\n<h2 class=\"wp-block-heading\"><span class=\"ez-toc-section\" id=\"The_Fleet\"><\/span>Flottan&nbsp;<span class=\"ez-toc-section-end\"><\/span><\/h2>\r\n\r\n\r\n\r\n<figure class=\"wp-block-image size-full is-style-default\"><img loading=\"lazy\" decoding=\"async\" width=\"1000\" height=\"606\" src=\"https:\/\/comparemyjet.com\/wp-content\/uploads\/2022\/07\/cirrus.fleet_.jpg\" alt=\"\" class=\"wp-image-3173\" srcset=\"https:\/\/comparemyjet.com\/wp-content\/uploads\/2022\/07\/cirrus.fleet_-18x12.jpg 18w, https:\/\/comparemyjet.com\/wp-content\/uploads\/2022\/07\/cirrus.fleet_-300x182.jpg 300w, https:\/\/comparemyjet.com\/wp-content\/uploads\/2022\/07\/cirrus.fleet_-768x465.jpg 768w, https:\/\/comparemyjet.com\/wp-content\/uploads\/2022\/07\/cirrus.fleet_.jpg 1000w\" sizes=\"auto, (max-width: 1000px) 100vw, 1000px\" \/><\/figure>\r\n\r\n\r\n\r\n<p>Hopscotch Air \u00e4r ett flygtaxif\u00f6retag som driver en Cirrus SR-20\/22-flygplansflotta. Dessa flygplan kan flyga upp till 800 miles utan att stanna f\u00f6r tankning.&nbsp;<\/p>\r\n\r\n\r\n\r\n<p>\u00c4ven om flygningar med ett enmotorigt kolvflygplan tar l\u00e4ngre tid \u00e4n flygningar med ett jetplan kan de landa p\u00e5 mindre flygplatser med kortare landningsbanor och \u00e4r perfekta f\u00f6r ett s\u00e4llskap p\u00e5 tre personer. Cirrus-plan har tillg\u00e5ng till tusentals offentliga flygplatser i den nord\u00f6stra regionen.<\/p>\r\n\r\n\r\n\r\n<h3 class=\"wp-block-heading\"><span class=\"ez-toc-section\" id=\"1_Very_Light_Jets\"><\/span>1. Mycket l\u00e4tta jetplan<span class=\"ez-toc-section-end\"><\/span><\/h3>\r\n\r\n\r\n\r\n<p>Det mycket l\u00e4tta jetplanet \u00e4r den minsta och mest ekonomiska formen av ett privat jetplan. De \u00e4r idealiska f\u00f6r kortare resor \u00f6ver sm\u00e5 avst\u00e5nd, med en r\u00e4ckvidd p\u00e5 cirka 2 000 miles och en timhastighet p\u00e5 mer \u00e4n 600 mph. Dessa plan \u00e4r idealiska f\u00f6r regionala resor och har vanligtvis plats f\u00f6r 3 till 6 personer.<\/p>\r\n\r\n\r\n\r\n<h4 class=\"wp-block-heading\"><span class=\"ez-toc-section\" id=\"Our_Recommendation_The_Cirrus_SR20\"><\/span>V\u00e5r rekommendation: Cirrus SR20&nbsp;<span class=\"ez-toc-section-end\"><\/span><\/h4>\r\n\r\n\r\n\r\n<p>Cirrus Aircraft i Duluth, Minnesota, tillverkar Cirrus SR20, ett fyrsitsigt kompositmonoplan som drivs av en kolvmotor.<\/p>\r\n\r\n\r\n\r\n<p>SR20 var det f\u00f6rsta flygplanet f\u00f6r allm\u00e4nflyg som var utrustat med en fallsk\u00e4rm f\u00f6r att kunna landa s\u00e4kert i n\u00f6dsituationer. Det \u00e4r ocks\u00e5 det f\u00f6rsta l\u00e4tta flygplanet som byggdes helt av kompositmaterial.<\/p>\r\n\r\n\r\n\r\n<p>Specifikationer och prestanda f\u00f6r Cirrus SR20:<\/p>\r\n\r\n\r\n\r\n<ul class=\"wp-block-list\"><li>Passagerare: 3;<\/li><li>Utv\u00e4ndig h\u00f6jd: 8 fot 11 tum;<\/li><li>Extern l\u00e4ngd: 26 fot;<\/li><li>Bredd p\u00e5 hytten: 4 fot 1 tum;<\/li><li>Kabinens h\u00f6jd: 4 fot 2 tum;<\/li><li>Kabinens l\u00e4ngd: 10 fot 10 tum;<\/li><li>Stigningshastighet: 920 fpm;<\/li><li>Normal marschfart: 155 kts;<\/li><li>Maxhastighet: 155 kts;<\/li><li>Maxomr\u00e5de: 785 nm;<\/li><li>Br\u00e4nslekapacitet: 336 lbs lb;<\/li><li>H\u00f6gsta nyttolast: 720 lb;<\/li><li>Bes\u00e4ttning: 1.<\/li><\/ul>\r\n\r\n\r\n\r\n<h4 class=\"wp-block-heading\"><span class=\"ez-toc-section\" id=\"Our_Recommendation_The_Cirrus_SR22\"><\/span>V\u00e5r rekommendation: Cirrus SR22<span class=\"ez-toc-section-end\"><\/span><\/h4>\r\n\r\n\r\n\r\n<p>Cirrus SR22 har utformats minuti\u00f6st f\u00f6r att ge dig den b\u00e4sta flygupplevelsen. Den erbjuder sofistikerad teknisk innovation, sp\u00e4nnande prestanda och o\u00f6vertr\u00e4ffad stil. SR22:s rymliga interi\u00f6r, som erbjuder gott om benutrymme f\u00f6r passagerarna, \u00e4r en av dess starkaste egenskaper.<\/p>\r\n\r\n\r\n\r\n<p>Specifikationer och prestanda f\u00f6r Cirrus SR22:<\/p>\r\n\r\n\r\n\r\n<ul class=\"wp-block-list\"><li>Passagerare: 4;<\/li><li>Utv\u00e4ndig h\u00f6jd: 8 fot 11 tum;<\/li><li>Vingsp\u00e4nnvidd: 38 fot 4 tum;<\/li><li>Extern l\u00e4ngd: 26 fot;<\/li><li>Volym i hytten: 137 kubikfot;<\/li><li>Bredd p\u00e5 hytten: 4 fot 1 tum;<\/li><li>Kabinens h\u00f6jd: 4 fot 2 tum;<\/li><li>L\u00e4ngd p\u00e5 hytten: 8 fot;<\/li><li>Internt bagage: 32 kubikfot;<\/li><li>Br\u00e4nslekapacitet: 486 lbs lb;<\/li><li>H\u00f6gsta nyttolast: 950 lb;<\/li><li>Maxhastighet: 186 kts;<\/li><li>Flygstr\u00e4cka: Flygtid: 659 nm - 1100 nm;<\/li><li>Landningsavst\u00e5nd: 4005 ft;<\/li><li>Stigningshastighet: 1400 fpm;<\/li><li>Bes\u00e4ttning: 1.<\/li><\/ul>\r\n\r\n\r\n\r\n<h2 class=\"wp-block-heading\"><span class=\"ez-toc-section\" id=\"Company_Safety_Policy_and_Standards\"><\/span>F\u00f6retagets s\u00e4kerhetspolicy och s\u00e4kerhetsnormer&nbsp;<span class=\"ez-toc-section-end\"><\/span><\/h2>\r\n\r\n\r\n\r\n<figure class=\"wp-block-image size-full is-style-default\"><img loading=\"lazy\" decoding=\"async\" width=\"1000\" height=\"662\" src=\"https:\/\/comparemyjet.com\/wp-content\/uploads\/2022\/07\/pilot.greeting.young_.couple-1.jpg\" alt=\"Hoppsan Air\" class=\"wp-image-3176\" srcset=\"https:\/\/comparemyjet.com\/wp-content\/uploads\/2022\/07\/pilot.greeting.young_.couple-1-18x12.jpg 18w, https:\/\/comparemyjet.com\/wp-content\/uploads\/2022\/07\/pilot.greeting.young_.couple-1-300x199.jpg 300w, https:\/\/comparemyjet.com\/wp-content\/uploads\/2022\/07\/pilot.greeting.young_.couple-1-768x508.jpg 768w, https:\/\/comparemyjet.com\/wp-content\/uploads\/2022\/07\/pilot.greeting.young_.couple-1.jpg 1000w\" sizes=\"auto, (max-width: 1000px) 100vw, 1000px\" \/><\/figure>\r\n\r\n\r\n\r\n<p>SR 22\/20:s sofistikerade stridsd\u00e4ck och autopilot g\u00f6r det m\u00f6jligt att flyga med en enda pilot, men jetplanen levereras med en n\u00f6dfallsk\u00e4rm i hela planet, vilket enligt f\u00f6retaget \u00e4r ett viktigt f\u00f6rs\u00e4ljningsargument f\u00f6r konsumenterna.<\/p>\r\n\r\n\r\n\r\n<p>SR 20\/22 \u00e4r ocks\u00e5 <a href=\"https:\/\/www.faa.gov\/about\/office_org\/headquarters_offices\/ato\/service_units\/techops\/navservices\/gnss\/waas\" target=\"_blank\" rel=\"noopener\">WAAS (Wide Area Augmentation System)<\/a>) som \u00e4r kapabla och certifierade att flyga under sv\u00e5ra isbildningssituationer. Dessutom \u00e4r jetplanen utrustade med WAAS, ett markbaserat\/GPS-kombinationssystem som g\u00f6r det m\u00f6jligt f\u00f6r flygplanen att g\u00f6ra exakta landningar p\u00e5 flygplatser d\u00e4r en <a href=\"https:\/\/skybrary.aero\/articles\/instrument-landing-system-ils\" target=\"_blank\" rel=\"noopener\">ILS<\/a> inte \u00e4r n\u00e4rvarande eller i drift.<\/p>\r\n\r\n\r\n\r\n<p>Nassau Flyers, en n\u00e4rbel\u00e4gen Cirrus-fabriksauktoriserad reparationsverkstad, utf\u00f6r alla modifieringar och annat strukturellt och motorunderh\u00e5ll p\u00e5 marken.<\/p>\r\n\r\n\r\n\r\n<h2 class=\"wp-block-heading\"><span class=\"ez-toc-section\" id=\"Partnerships\"><\/span>Partnerskap<span class=\"ez-toc-section-end\"><\/span><\/h2>\r\n\r\n\r\n\r\n<p>Hopscotch och Linear Air har g\u00e5tt samman f\u00f6r att driva den enda linjetrafiken utan stopp mellan White Plains och Boston.<\/p>\r\n\r\n\r\n\r\n<p>Liksom Hopscotch har Linear Air \u00e4ven Eclipse VLJ:s (very light jets). Tillsammans ger de tv\u00e5 f\u00f6retagen konsumenterna en m\u00e4ngd olika valm\u00f6jligheter n\u00e4r det g\u00e4ller hastighet och r\u00e4ckvidd f\u00f6r flygtaxi p\u00e5 beg\u00e4ran.<\/p>\r\n\r\n\r\n\r\n<h2 class=\"wp-block-heading\"><span class=\"ez-toc-section\" id=\"Conclusion\"><\/span>Slutsats<span class=\"ez-toc-section-end\"><\/span><\/h2>\r\n\r\n\r\n\r\n<p>Under varum\u00e4rket ClubScotch erbjuder Hopscotch Air ett Cirrus SR22- och SR20-medlemskapsprogram f\u00f6r enmotoriga kolvflygplan i nord\u00f6stra och mellersta Atlanten med priser f\u00f6r fasta rutter. Varje plan har plats f\u00f6r upp till fyra resen\u00e4rer.<\/p>\r\n\r\n\r\n\r\n<p>P\u00e5 grund av det \u00f6kande antalet kunder planerar f\u00f6retaget att lansera en ny flotta av turbopropflygplan med \u00e5tta s\u00e4ten f\u00f6r att \u00f6ka kapaciteten, samtidigt som det redan har tecknat avtal med Transcend Air Corporation om att k\u00f6pa det prisbel\u00f6nta Vy 400-flygplanet med vertikal start och landning. Dessa plan kommer att anv\u00e4ndas f\u00f6r att ut\u00f6ka rutterna utanf\u00f6r flygplatserna.&nbsp;<\/p>\r\n\r\n\r\n\r\n<p>Till skillnad fr\u00e5n typiska charterbilar tar Hopscotch inte betalt per timme och l\u00e4gger inte heller till br\u00e4nsleavgifter. Vid bokningstillf\u00e4llet ger de en enda, fast priss\u00e4ttning.&nbsp;<\/p>","protected":false},"excerpt":{"rendered":"<p>Hopscotch Air \u00e4r ett banbrytande flygtaxif\u00f6retag som flyger passagerare runt i nord\u00f6stra USA, Mellan-Atlanten och Kanada i sm\u00e5 men tekniskt avancerade Cirrus-flygplan. F\u00f6retaget certifierades 2009 och flyger nu omkring 1 400 resor varje \u00e5r, till en br\u00e5kdel av kostnaden f\u00f6r vanliga charterflygningar, fr\u00e4mst p\u00e5 grund av den billigare ekonomin ...<\/p>","protected":false},"author":2,"featured_media":3175,"parent":0,"menu_order":0,"comment_status":"closed","ping_status":"closed","template":"","meta":{"_acf_changed":false,"_genesis_hide_title":false,"_genesis_hide_breadcrumbs":false,"_genesis_hide_singular_image":false,"_genesis_hide_footer_widgets":false,"_genesis_custom_body_class":"","_genesis_custom_post_class":"","_genesis_layout":"","footnotes":""},"class_list":{"1":"page","2":"type-page","6":"entry"},"acf":[],"_links":{"self":[{"href":"https:\/\/comparemyjet.com\/sv\/wp-json\/wp\/v2\/pages\/3172","targetHints":{"allow":["GET"]}}],"collection":[{"href":"https:\/\/comparemyjet.com\/sv\/wp-json\/wp\/v2\/pages"}],"about":[{"href":"https:\/\/comparemyjet.com\/sv\/wp-json\/wp\/v2\/types\/page"}],"author":[{"embeddable":true,"href":"https:\/\/comparemyjet.com\/sv\/wp-json\/wp\/v2\/users\/2"}],"replies":[{"embeddable":true,"href":"https:\/\/comparemyjet.com\/sv\/wp-json\/wp\/v2\/comments?post=3172"}],"version-history":[{"count":2,"href":"https:\/\/comparemyjet.com\/sv\/wp-json\/wp\/v2\/pages\/3172\/revisions"}],"predecessor-version":[{"id":3451,"href":"https:\/\/comparemyjet.com\/sv\/wp-json\/wp\/v2\/pages\/3172\/revisions\/3451"}],"wp:featuredmedia":[{"embeddable":true,"href":"https:\/\/comparemyjet.com\/sv\/wp-json\/wp\/v2\/media\/3175"}],"wp:attachment":[{"href":"https:\/\/comparemyjet.com\/sv\/wp-json\/wp\/v2\/media?parent=3172"}],"curies":[{"name":"wp","href":"https:\/\/api.w.org\/{rel}","templated":true}]}}