{"id":3182,"date":"2022-08-04T21:07:59","date_gmt":"2022-08-04T21:07:59","guid":{"rendered":"https:\/\/comparemyjet.com\/?page_id=3182"},"modified":"2025-09-04T09:58:20","modified_gmt":"2025-09-04T09:58:20","slug":"fxair","status":"publish","type":"page","link":"https:\/\/comparemyjet.com\/sv\/fxair\/","title":{"rendered":"Priss\u00e4ttning av FXAIR-flyg"},"content":{"rendered":"<p>FXAIR \u00e4r ett relativt nytt privat charterf\u00f6retag som inledde sin verksamhet 2020. F\u00f6retaget har vuxit exponentiellt sedan dess, delvis p\u00e5 grund av den \u00f6kande populariteten f\u00f6r privata flygresor i samband med COVID-19-pandemin.<\/p>\r\n\r\n\r\n\r\n<p>FXAIR \u00e4r en del av Directional Aviation-familjen av f\u00f6retag som grundades av Ken Ricci och som omfattar f\u00f6ljande f\u00f6retag <a href=\"https:\/\/comparemyjet.com\/sv\/flexjet\/\" data-internallinksmanager029f6b8e52c=\"187\" title=\"Flexjet Fractional Jet Ownership\">Flexjet<\/a>, <a href=\"https:\/\/comparemyjet.com\/sv\/sentient-jet\/\" data-internallinksmanager029f6b8e52c=\"106\" title=\"Priss\u00e4ttning av flygresor med Sentient Jet\">Sentient Jet<\/a>, <a href=\"https:\/\/comparemyjet.com\/sv\/privatefly\/\" data-internallinksmanager029f6b8e52c=\"115\" title=\"Priss\u00e4ttning av PrivateFly-flyg\">PrivateFly<\/a>, Tivoli och FXAIR, samt Nextant Aerospace (jettillverkare) och Sojourn Aviation (s\u00e4ljf\u00f6retag f\u00f6r jetflygplan). F\u00f6retaget erbjuder ett chartermedlemskapsprogram och leasing av privata jetflygplan p\u00e5 beg\u00e4ran. L\u00e5t oss ta en titt p\u00e5 dessa tj\u00e4nster mer i detalj, men f\u00f6rst ett ord om sj\u00e4lva f\u00f6retaget.<\/p>\r\n\r\n\r\n\r\n<div id=\"ez-toc-container\" class=\"ez-toc-v2_0_76 counter-hierarchy ez-toc-counter ez-toc-grey ez-toc-container-direction\">\n<p class=\"ez-toc-title\" style=\"cursor:inherit\">\u00c4mnen<\/p>\n<label for=\"ez-toc-cssicon-toggle-item-69de7a2d39b25\" class=\"ez-toc-cssicon-toggle-label\"><span class=\"\"><span class=\"eztoc-hide\" style=\"display:none;\">V\u00e4xel<\/span><span class=\"ez-toc-icon-toggle-span\"><svg style=\"fill: #999;color:#999\" xmlns=\"http:\/\/www.w3.org\/2000\/svg\" class=\"list-377408\" width=\"20px\" height=\"20px\" viewbox=\"0 0 24 24\" fill=\"none\"><path d=\"M6 6H4v2h2V6zm14 0H8v2h12V6zM4 11h2v2H4v-2zm16 0H8v2h12v-2zM4 16h2v2H4v-2zm16 0H8v2h12v-2z\" fill=\"currentColor\"><\/path><\/svg><svg style=\"fill: #999;color:#999\" class=\"arrow-unsorted-368013\" xmlns=\"http:\/\/www.w3.org\/2000\/svg\" width=\"10px\" height=\"10px\" viewbox=\"0 0 24 24\" version=\"1.2\" baseprofile=\"tiny\"><path d=\"M18.2 9.3l-6.2-6.3-6.2 6.3c-.2.2-.3.4-.3.7s.1.5.3.7c.2.2.4.3.7.3h11c.3 0 .5-.1.7-.3.2-.2.3-.5.3-.7s-.1-.5-.3-.7zM5.8 14.7l6.2 6.3 6.2-6.3c.2-.2.3-.5.3-.7s-.1-.5-.3-.7c-.2-.2-.4-.3-.7-.3h-11c-.3 0-.5.1-.7.3-.2.2-.3.5-.3.7s.1.5.3.7z\"\/><\/svg><\/span><\/span><\/label><input type=\"checkbox\"  id=\"ez-toc-cssicon-toggle-item-69de7a2d39b25\" checked aria-label=\"V\u00e4xel\" \/><nav><ul class='ez-toc-list ez-toc-list-level-1' ><li class='ez-toc-page-1 ez-toc-heading-level-2'><a class=\"ez-toc-link ez-toc-heading-1\" href=\"https:\/\/comparemyjet.com\/sv\/fxair\/#About_the_Company\" >Om f\u00f6retaget<\/a><\/li><li class='ez-toc-page-1 ez-toc-heading-level-2'><a class=\"ez-toc-link ez-toc-heading-2\" href=\"https:\/\/comparemyjet.com\/sv\/fxair\/#Company_Membership_Program\" >Program f\u00f6r f\u00f6retagsmedlemskap<\/a><\/li><li class='ez-toc-page-1 ez-toc-heading-level-2'><a class=\"ez-toc-link ez-toc-heading-3\" href=\"https:\/\/comparemyjet.com\/sv\/fxair\/#On-Demand_Charter_Flight\" >Charterflyg p\u00e5 beg\u00e4ran<\/a><\/li><li class='ez-toc-page-1 ez-toc-heading-level-2'><a class=\"ez-toc-link ez-toc-heading-4\" href=\"https:\/\/comparemyjet.com\/sv\/fxair\/#The_Fleet\" >Flottan&nbsp;<\/a><ul class='ez-toc-list-level-3' ><li class='ez-toc-heading-level-3'><a class=\"ez-toc-link ez-toc-heading-5\" href=\"https:\/\/comparemyjet.com\/sv\/fxair\/#1_Light_Private_Jets\" >1. L\u00e4tta privatjetflygplan<\/a><ul class='ez-toc-list-level-4' ><li class='ez-toc-heading-level-4'><a class=\"ez-toc-link ez-toc-heading-6\" href=\"https:\/\/comparemyjet.com\/sv\/fxair\/#Our_Recommendation_The_Nextant_400XT\" >V\u00e5r rekommendation: Nextant 400XT<\/a><\/li><\/ul><\/li><li class='ez-toc-page-1 ez-toc-heading-level-3'><a class=\"ez-toc-link ez-toc-heading-7\" href=\"https:\/\/comparemyjet.com\/sv\/fxair\/#2_Midsize_Private_Jets\" >2. Medelstora privata jetplan<\/a><ul class='ez-toc-list-level-4' ><li class='ez-toc-heading-level-4'><a class=\"ez-toc-link ez-toc-heading-8\" href=\"https:\/\/comparemyjet.com\/sv\/fxair\/#Our_Recommendation_The_Citation_Excel\" >V\u00e5r rekommendation: Citation Excel<\/a><\/li><\/ul><\/li><li class='ez-toc-page-1 ez-toc-heading-level-3'><a class=\"ez-toc-link ez-toc-heading-9\" href=\"https:\/\/comparemyjet.com\/sv\/fxair\/#3_Super-Midsize_Private_Jets\" >3. Super-Midsize Private Jets&nbsp;<\/a><ul class='ez-toc-list-level-4' ><li class='ez-toc-heading-level-4'><a class=\"ez-toc-link ez-toc-heading-10\" href=\"https:\/\/comparemyjet.com\/sv\/fxair\/#Our_Recommendation_The_Falcon_50\" >V\u00e5r rekommendation: Falcon 50&nbsp;<\/a><\/li><\/ul><\/li><li class='ez-toc-page-1 ez-toc-heading-level-3'><a class=\"ez-toc-link ez-toc-heading-11\" href=\"https:\/\/comparemyjet.com\/sv\/fxair\/#4_Large_Private_Jets\" >4. Stora privata jetplan<\/a><ul class='ez-toc-list-level-4' ><li class='ez-toc-heading-level-4'><a class=\"ez-toc-link ez-toc-heading-12\" href=\"https:\/\/comparemyjet.com\/sv\/fxair\/#Our_Recommendation_The_Gulfstream_GIV\" >V\u00e5r rekommendation: Gulfstream GIV<\/a><\/li><\/ul><\/li><li class='ez-toc-page-1 ez-toc-heading-level-3'><a class=\"ez-toc-link ez-toc-heading-13\" href=\"https:\/\/comparemyjet.com\/sv\/fxair\/#5_Ultra-Long-Range_Private_Jets\" >5. Privata jetflygplan med mycket l\u00e5ng r\u00e4ckvidd<\/a><ul class='ez-toc-list-level-4' ><li class='ez-toc-heading-level-4'><a class=\"ez-toc-link ez-toc-heading-14\" href=\"https:\/\/comparemyjet.com\/sv\/fxair\/#Our_Recommendation_Gulfstream_GV\" >V\u00e5r rekommendation: Gulfstream GV<\/a><\/li><\/ul><\/li><\/ul><\/li><li class='ez-toc-page-1 ez-toc-heading-level-2'><a class=\"ez-toc-link ez-toc-heading-15\" href=\"https:\/\/comparemyjet.com\/sv\/fxair\/#Company_Safety_Policy_and_Standards\" >F\u00f6retagets s\u00e4kerhetspolicy och s\u00e4kerhetsnormer<\/a><\/li><li class='ez-toc-page-1 ez-toc-heading-level-2'><a class=\"ez-toc-link ez-toc-heading-16\" href=\"https:\/\/comparemyjet.com\/sv\/fxair\/#Conclusion\" >Slutsats<\/a><\/li><\/ul><\/nav><\/div>\n<h2 class=\"wp-block-heading\"><span class=\"ez-toc-section\" id=\"About_the_Company\"><\/span>Om f\u00f6retaget<span class=\"ez-toc-section-end\"><\/span><\/h2>\r\n\r\n\r\n\r\n<p>FXAIR \u00e4r ett nystartat f\u00f6retag som \u00e4gs av Directional Aviation, med Andrew Collins som VD och Gregg Slow som VD, med huvudkontor i <a href=\"https:\/\/comparemyjet.com\/sv\/privata-turer\/privata-rundturer-i-new-york-city\/\" data-internallinksmanager029f6b8e52c=\"427\" title=\"11 b\u00e4sta privata turer i New York City fr\u00e5n $48.00\">New York City<\/a>.&nbsp;<\/p>\r\n\r\n\r\n\r\n<p>FXAIR har ingen egen flotta utan anv\u00e4nder Flexjets flotta och andra tredjepartsoperat\u00f6rer. Genom sitt Aviator Program ger FXAIR sina kunder prioriterad tillg\u00e5ng till \u00f6nskade flygplan - \u00e4ven p\u00e5 dagar d\u00e5 efterfr\u00e5gan \u00e4r stor. Flygplanen i FXAIR-systemet tillhandah\u00e5lls av f\u00f6retag som f\u00f6ljer de h\u00f6gsta s\u00e4kerhetskraven, som ofta g\u00e5r l\u00e4ngre \u00e4n <a href=\"https:\/\/www.faa.gov\/\" target=\"_blank\" rel=\"noopener\">FAA<\/a> riktlinjer.<\/p>\r\n\r\n\r\n\r\n<h2 class=\"wp-block-heading\"><span class=\"ez-toc-section\" id=\"Company_Membership_Program\"><\/span>Program f\u00f6r f\u00f6retagsmedlemskap<span class=\"ez-toc-section-end\"><\/span><\/h2>\r\n\r\n\r\n\r\n<p>FXAIR:s medlemskapsprogram p\u00e5 ing\u00e5ngsniv\u00e5, Aviator Account, ger dig prioriterad tillg\u00e5ng till andra generationens Flexjet-flygplan. Du kan ocks\u00e5 dra nytta av vissa s\u00e4rskilda incitament och erbjudanden som utvecklats exklusivt f\u00f6r vanliga flygare, t.ex. prioriterad bokning p\u00e5 hektiska resdagar.&nbsp;<\/p>\r\n\r\n\r\n\r\n<p>En investering p\u00e5 minst $100 000 kr\u00e4vs f\u00f6r att aktivera detta medlemsprogram. Som medlem f\u00e5r du gratis catering och gratis lokalt Wi-Fi, samt gratis avisning och gratis uppgraderingar n\u00e4r de \u00e4r tillg\u00e4ngliga. Om du bokar minst en vecka i f\u00f6rv\u00e4g kan du flyga \u00f6ver hela USA med ett flygplan med superm\u00e5ttlig kabin f\u00f6r en fast avgift p\u00e5 $32 000. Ditt kontosaldo har inget utg\u00e5ngsdatum, och du kan f\u00e5 tillbaka medlemsavgifterna.<\/p>\r\n\r\n\r\n\r\n<h2 class=\"wp-block-heading\"><span class=\"ez-toc-section\" id=\"On-Demand_Charter_Flight\"><\/span>Charterflyg p\u00e5 beg\u00e4ran<span class=\"ez-toc-section-end\"><\/span><\/h2>\r\n\r\n\r\n\r\n<p>Deras chartertj\u00e4nster p\u00e5 beg\u00e4ran erbjuder ett brett utbud av privata jetplan, inklusive l\u00e4tta, medelstora, supermedi\u00e4ra, tunga och ultral\u00e5ngdistansflygplan. FXAIR ger dig tillg\u00e5ng till andra generationens (pensionerade) Flexjet-flygplan, som endast kan hyras via FXAIR, men som servas och drivs av Flexjet.&nbsp;<\/p>\r\n\r\n\r\n\r\n<p>FXAIR erbjuder ocks\u00e5 tillg\u00e5ng till \u00f6ver 1 200 flygplan fr\u00e5n respekterade och p\u00e5litliga flygoperat\u00f6rer.&nbsp;<\/p>\r\n\r\n\r\n\r\n<h2 class=\"wp-block-heading\"><span class=\"ez-toc-section\" id=\"The_Fleet\"><\/span>Flottan&nbsp;<span class=\"ez-toc-section-end\"><\/span><\/h2>\r\n\r\n\r\n\r\n<figure class=\"wp-block-image size-full is-style-default\"><img loading=\"lazy\" decoding=\"async\" width=\"1000\" height=\"664\" src=\"https:\/\/comparemyjet.com\/wp-content\/uploads\/2022\/08\/airplane.in_.clouds.jpg\" alt=\"\" class=\"wp-image-3185\" srcset=\"https:\/\/comparemyjet.com\/wp-content\/uploads\/2022\/08\/airplane.in_.clouds-18x12.jpg 18w, https:\/\/comparemyjet.com\/wp-content\/uploads\/2022\/08\/airplane.in_.clouds-300x199.jpg 300w, https:\/\/comparemyjet.com\/wp-content\/uploads\/2022\/08\/airplane.in_.clouds-768x510.jpg 768w, https:\/\/comparemyjet.com\/wp-content\/uploads\/2022\/08\/airplane.in_.clouds.jpg 1000w\" sizes=\"auto, (max-width: 1000px) 100vw, 1000px\" \/><\/figure>\r\n\r\n\r\n\r\n<p>Deras flotta best\u00e5r av pensionerade Flexjet-jetflygplan och inkluderar Nextant 400XTi, som renoverats av Nextant Aerospace, ett annat Directional-f\u00f6retag, tolv <a href=\"https:\/\/comparemyjet.com\/sv\/bombardier\/\" data-internallinksmanager029f6b8e52c=\"159\" title=\"Den ultimata guiden till privata jetplan och flygplan fr\u00e5n Bombardier\">Bombardier<\/a> Challenger 300 och fem Global Express-flygplan.&nbsp;<\/p>\r\n\r\n\r\n\r\n<h3 class=\"wp-block-heading\"><span class=\"ez-toc-section\" id=\"1_Light_Private_Jets\"><\/span>1. L\u00e4tta privatjetflygplan<span class=\"ez-toc-section-end\"><\/span><\/h3>\r\n\r\n\r\n\r\n<p>Denna typ av flygplan \u00e4r idealisk f\u00f6r korta inrikesresor med h\u00f6gst sju passagerare. L\u00e4tta jetplan \u00e4r snabba och effektiva n\u00e4r du reser till lokala flygplatser. Dessutom kan de l\u00e4tt landa p\u00e5 sv\u00e5r\u00e5tkomliga platser, som bergstoppar eller sm\u00e5 landningsbanor.<\/p>\r\n\r\n\r\n\r\n<h4 class=\"wp-block-heading\"><span class=\"ez-toc-section\" id=\"Our_Recommendation_The_Nextant_400XT\"><\/span>V\u00e5r rekommendation: Nextant 400XT<span class=\"ez-toc-section-end\"><\/span><\/h4>\r\n\r\n\r\n\r\n<p>Nextant 400XT \u00e4r ett av de snabbaste jetplanen, snabbare \u00e4n n\u00e5got annat jetplan i sin klass. Den ergonomiska utformningen av kabinen maximerar utrymme och prestanda f\u00f6r att \u00f6ka passagerarnas komfort, och sj\u00e4lva jetplanet \u00e4r v\u00e4lutrustat och l\u00e4tt att hantera.<\/p>\r\n\r\n\r\n\r\n<p>Specifikationer:<\/p>\r\n\r\n\r\n\r\n<ul class=\"wp-block-list\"><li>Passagerare: 6-7;<\/li><li>Kabinens h\u00f6jd: 4 fot 9 tum;<\/li><li>Kabinens l\u00e4ngd: 15 fot 6 tum;<\/li><li>Bredd p\u00e5 hytten: 4 fot 11 tum;<\/li><li>Maxomr\u00e5de: 2005 nm;<\/li><li>Maxhastighet: 471 kts;<\/li><li>Internt bagage: 31 kubikfot;<\/li><li>Externt bagage: 25 kubikfot.<\/li><\/ul>\r\n\r\n\r\n\r\n<p>FXAIR erbjuder \u00e4ven f\u00f6ljande <em>Citation CJ3, Citation V, Hawker 400XP, <a href=\"https:\/\/comparemyjet.com\/sv\/learjet\/\" data-internallinksmanager029f6b8e52c=\"149\" title=\"Den ultimata guiden till Learjet Private Jets &amp; Aircraft\">Learjet<\/a> 45, och Phenom 300 <\/em>i den l\u00e4tta kategorin av jetflygplan.<\/p>\r\n\r\n\r\n\r\n<h3 class=\"wp-block-heading\"><span class=\"ez-toc-section\" id=\"2_Midsize_Private_Jets\"><\/span>2. Medelstora privata jetplan<span class=\"ez-toc-section-end\"><\/span><\/h3>\r\n\r\n\r\n\r\n<p>Medelstora flygplan \u00e4r idealiska f\u00f6r l\u00e4ngre privat- eller aff\u00e4rsresor eftersom de erbjuder st\u00f6rre r\u00e4ckvidd och komfort. Med egenskaper som stort bagageutrymme och f\u00f6rb\u00e4ttrad kabinh\u00f6jd \u00e4r dessa jetplan idealiska f\u00f6r resor som kr\u00e4ver mer uth\u00e5llighet.&nbsp;<\/p>\r\n\r\n\r\n\r\n<h4 class=\"wp-block-heading\"><span class=\"ez-toc-section\" id=\"Our_Recommendation_The_Citation_Excel\"><\/span>V\u00e5r rekommendation: Citation Excel<span class=\"ez-toc-section-end\"><\/span><\/h4>\r\n\r\n\r\n\r\n<p>Citation Excel fungerar som standardmodell f\u00f6r alla andra mellanstora flygplan. Det har en stor kabin med gott om bagageutrymme. P\u00e5 grund av sin komfort, effektivitet och h\u00e5llbarhet \u00e4r det det det f\u00f6redragna jetplanet f\u00f6r medeldistansresor. Det \u00e4r ett utm\u00e4rkt val f\u00f6r aff\u00e4rsresen\u00e4rer eftersom det fungerar som ett skyh\u00f6gt konferensomr\u00e5de.<\/p>\r\n\r\n\r\n\r\n<p>Specifikationer:<\/p>\r\n\r\n\r\n\r\n<ul class=\"wp-block-list\"><li>Passagerare: 8;<\/li><li>Bagagekapacitet: 90 kubikfot;<\/li><li>Bredd p\u00e5 hytten: 5 fot 5 tum;<\/li><li>Kabinens h\u00f6jd: 1,5 meter och 7 tum;<\/li><li>Kabinens l\u00e4ngd: 18 fot 6 tum;<\/li><li>Flygtid: upp till 4,5 timmar;<\/li><li>Kryssningshastighet: 487 mph.<\/li><\/ul>\r\n\r\n\r\n\r\n<p>I FXAIR-flottan hittar du ocks\u00e5 f\u00f6ljande <em>Hawker 800\/850\/900XP och Learjet 55\/60. <\/em>som en del av kategorin mellanstora jetplan.<\/p>\r\n\r\n\r\n\r\n<h3 class=\"wp-block-heading\"><span class=\"ez-toc-section\" id=\"3_Super-Midsize_Private_Jets\"><\/span>3. Super-Midsize Private Jets&nbsp;<span class=\"ez-toc-section-end\"><\/span><\/h3>\r\n\r\n\r\n\r\n<p>Super-midsize-str\u00e5lar kombinerar bekv\u00e4mlighet och estetik. Om du flyger med en st\u00f6rre grupp eller reser \u00f6ver hela landet \u00e4r det den perfekta flygplansklassen.<\/p>\r\n\r\n\r\n\r\n<h4 class=\"wp-block-heading\"><span class=\"ez-toc-section\" id=\"Our_Recommendation_The_Falcon_50\"><\/span>V\u00e5r rekommendation: Falcon 50&nbsp;<span class=\"ez-toc-section-end\"><\/span><\/h4>\r\n\r\n\r\n\r\n<p>Med en rymlig kabin, sofistikerad l\u00e4derkl\u00e4dsel och ett komplett mikrok\u00f6k har Falcon 50 samma r\u00e4ckvidd och elegans som ett mycket st\u00f6rre jetplan och ger dig en n\u00f6jd och lyxig resa. Falcon50EX \u00e4r ett stort flygplan som l\u00e4mpar sig f\u00f6r resor i mellanklass n\u00e4r du beh\u00f6ver ta med dig mer bagage.<\/p>\r\n\r\n\r\n\r\n<p>Specifikationer:<\/p>\r\n\r\n\r\n\r\n<ul class=\"wp-block-list\"><li>Passagerare: 9;<\/li><li>Bagagekapacitet: 115 kubikfot;<\/li><li>Kabinens l\u00e4ngd: 23 ft 5 in;<\/li><li>Bredd p\u00e5 hytten: 6 fot 1 tum;<\/li><li>Kabinens h\u00f6jd: 1,5 meter och 9 tum;<\/li><li>H\u00f6gsta marschfart: 478 mph;<\/li><li>Flygstr\u00e4cka: Flygtid: \u00d6ver 5 timmar.<\/li><\/ul>\r\n\r\n\r\n\r\n<p>I FXAIR:s flotta av super-midsize-jetflygplan hittar du ocks\u00e5 f\u00f6ljande <em>Challenger 300\/350, Citation Sovereign, Citation X och <a href=\"https:\/\/comparemyjet.com\/sv\/gulfstream\/\" data-internallinksmanager029f6b8e52c=\"175\" title=\"Den ultimata guiden till Gulfstream Private Jets &amp; Aircraft\">Gulfstream<\/a> G200<\/em>.<\/p>\r\n\r\n\r\n\r\n<h3 class=\"wp-block-heading\"><span class=\"ez-toc-section\" id=\"4_Large_Private_Jets\"><\/span>4. Stora privata jetplan<span class=\"ez-toc-section-end\"><\/span><\/h3>\r\n\r\n\r\n\r\n<p>Stora jetplan ger den b\u00e4sta upplevelsen av privatjetflyg f\u00f6r interkontinentala flygningar. De kan transportera st\u00f6rre s\u00e4llskap eftersom de erbjuder tillr\u00e4ckligt med utrymme och komfort f\u00f6r upp till 15 personer.<\/p>\r\n\r\n\r\n\r\n<h4 class=\"wp-block-heading\"><span class=\"ez-toc-section\" id=\"Our_Recommendation_The_Gulfstream_GIV\"><\/span>V\u00e5r rekommendation: Gulfstream GIV<span class=\"ez-toc-section-end\"><\/span><\/h4>\r\n\r\n\r\n\r\n<p>Gulfstream-jetflygplanens sofistikerade, lyxiga och s\u00e4kra egenskaper \u00e4r v\u00e4lk\u00e4nda, s\u00e5 det \u00e4r inte f\u00f6rv\u00e5nande att GIV har f\u00e5tt ett rykte som ett f\u00f6rstklassigt inhemskt och internationellt aff\u00e4rsflygplan. Individuellt inst\u00e4llbara stolar, ett m\u00f6tesbord f\u00f6r fyra personer och en bekv\u00e4m soffa ing\u00e5r. Det finns bekv\u00e4ma s\u00e4ngar f\u00f6r upp till sex personer i kabinen.&nbsp;<\/p>\r\n\r\n\r\n\r\n<p>Specifikationer:<\/p>\r\n\r\n\r\n\r\n<ul class=\"wp-block-list\"><li>Passagerare: 14 platser\/6 b\u00e4ddar;<\/li><li>Flygstr\u00e4cka: 3 880 nm;<\/li><li>Bagageutrymme: 169 kubikfot;<\/li><li>Bredd p\u00e5 hytten: 7 fot 3 tum;<\/li><li>Kabinens l\u00e4ngd: 45 fot 1 tum;<\/li><li>Kabinens h\u00f6jd: 6 fot 2 tum;<\/li><li>Kryssningshastighet: 548 mph.<\/li><\/ul>\r\n\r\n\r\n\r\n<p>I FXAIR:s flotta av stora flygplan hittar du ocks\u00e5 f\u00f6ljande <em>Challenger 601\/604, Falcon 900EX, Falcon 2000EX och Gulfstream G450.<\/em>.<\/p>\r\n\r\n\r\n\r\n<h3 class=\"wp-block-heading\"><span class=\"ez-toc-section\" id=\"5_Ultra-Long-Range_Private_Jets\"><\/span>5. Privata jetflygplan med mycket l\u00e5ng r\u00e4ckvidd<span class=\"ez-toc-section-end\"><\/span><\/h3>\r\n\r\n\r\n\r\n<p>Ett ultral\u00e5ngdistansflygplan \u00e4r det b\u00e4sta alternativet n\u00e4r du vill resa l\u00e5nga str\u00e4ckor i lyxens sk\u00f6te. Inget sl\u00e5r ett flygplan med extremt l\u00e5ng r\u00e4ckvidd f\u00f6r v\u00e4rldsomsp\u00e4nnande flygningar. Detta \u00e4r s\u00e4ttet att flyga om du planerar en utlandsresa som kr\u00e4ver r\u00e4ckvidd, kraft och komfort, s\u00e4rskilt om det \u00e4r med ett st\u00f6rre s\u00e4llskap eftersom de l\u00e4tt kan ta emot 13 eller fler passagerare. Dessa plan har bekv\u00e4mligheter som ett fullt utrustat k\u00f6k, tv, kingsize-s\u00e4ngar, toaletter och separata platser f\u00f6r att sova, \u00e4ta, arbeta och underh\u00e5lla.<\/p>\r\n\r\n\r\n\r\n<h4 class=\"wp-block-heading\"><span class=\"ez-toc-section\" id=\"Our_Recommendation_Gulfstream_GV\"><\/span>V\u00e5r rekommendation: Gulfstream GV<span class=\"ez-toc-section-end\"><\/span><\/h4>\r\n\r\n\r\n\r\n<p>Gulfstream GV var f\u00f6retagets f\u00f6rsta aff\u00e4rsflygplan med extremt l\u00e5ng r\u00e4ckvidd. Det tillverkades av Gulfstream Aerospace 1995 och lanserades 1998. Produktionen upph\u00f6rde 2002. GV:s mest m\u00e4rkbara egenskap \u00e4r dess stora flygstr\u00e4cka och f\u00f6rb\u00e4ttrade prestanda.&nbsp;<\/p>\r\n\r\n\r\n\r\n<p>Specifikationer:<\/p>\r\n\r\n\r\n\r\n<ul class=\"wp-block-list\"><li>Passagerare: 12-16;<\/li><li>Kabinens l\u00e4ngd: 50 fot 1 tum;<\/li><li>Bredd p\u00e5 hytten: 7 fot 3 tum;<\/li><li>Kabinens h\u00f6jd: 6 fot och 1 tum;<\/li><li>Volym i hytten: 1669 kubikfot;<\/li><li>Maxhastighet: 585 mph;<\/li><li>Flygstr\u00e4cka: 7389 miles;<\/li><li>Bagagevolym: 226 kubikfot;<\/li><li>Bes\u00e4ttning: upp till 5 personer.<\/li><\/ul>\r\n\r\n\r\n\r\n<p>I FXAIR:s flotta av ultral\u00e5ngdistansflygplan hittar du ocks\u00e5 f\u00f6ljande<em> Global Express, Falcon 7X, Global 6000 och Gulfstream G550\/G650.<\/em>.<\/p>\r\n\r\n\r\n\r\n<h2 class=\"wp-block-heading\"><span class=\"ez-toc-section\" id=\"Company_Safety_Policy_and_Standards\"><\/span>F\u00f6retagets s\u00e4kerhetspolicy och s\u00e4kerhetsnormer<span class=\"ez-toc-section-end\"><\/span><\/h2>\r\n\r\n\r\n\r\n<p>Alla operat\u00f6rer som transporterar f\u00f6r FXAIR - inklusive alla piloter och jetplan - kontrolleras noggrant f\u00f6r att garantera din s\u00e4kerhet och fullst\u00e4ndiga tillfredsst\u00e4llelse. De m\u00e5ste uppfylla f\u00f6retagets krav f\u00f6r att vara FXAIR-godk\u00e4nda.<\/p>\r\n\r\n\r\n\r\n<p>Vad inneb\u00e4r det att vara FXAIR-godk\u00e4nd? F\u00f6re din flygning inspekterar och godk\u00e4nner det specialiserade s\u00e4kerhetsteamet noggrant operat\u00f6ren, bes\u00e4ttningen och planet. <a href=\"https:\/\/www.faa.gov\/\" target=\"_blank\" rel=\"noopener\">FAA<\/a> och <a href=\"https:\/\/www.ntsb.gov\/Pages\/home.aspx\" target=\"_blank\" rel=\"noopener\">NTSB<\/a> Rapporter, pilotjournaler och certifikat, flygerfarenhet, medicinsk certifiering, luftfartygslicensstatus och luftfartygsf\u00f6rs\u00e4kring kontrolleras f\u00f6re varje flygning.<\/p>\r\n\r\n\r\n\r\n<p>Varje flygning granskas minst 24 timmar f\u00f6re avg\u00e5ng f\u00f6r att uppt\u00e4cka eventuella problem med service eller s\u00e4kerhet. Ledningscentralen ansvarar f\u00f6r \u00f6vervakningen av hela verksamheten. Om ett kriterium inte uppfylls st\u00e4lls flygningen in och du f\u00e5r en annan operat\u00f6r som uppfyller alla kriterier.<\/p>\r\n\r\n\r\n\r\n<p>F\u00f6r att garantera passagerarnas s\u00e4kerhet m\u00e5ste dessutom alla luftfartygsoperat\u00f6rer i FXAIR-n\u00e4tverket f\u00f6lja de str\u00e4nga COVID-19-riktlinjerna.<\/p>\r\n\r\n\r\n\r\n<h2 class=\"wp-block-heading\"><span class=\"ez-toc-section\" id=\"Conclusion\"><\/span>Slutsats<span class=\"ez-toc-section-end\"><\/span><\/h2>\r\n\r\n\r\n\r\n<figure class=\"wp-block-image size-full is-style-default\"><img loading=\"lazy\" decoding=\"async\" width=\"1000\" height=\"667\" src=\"https:\/\/comparemyjet.com\/wp-content\/uploads\/2022\/07\/happy.woman_.listening.to_.music_.on_.a.private.jet_.jpg\" alt=\"FXAIR\" class=\"wp-image-3183\" srcset=\"https:\/\/comparemyjet.com\/wp-content\/uploads\/2022\/07\/happy.woman_.listening.to_.music_.on_.a.private.jet_-18x12.jpg 18w, https:\/\/comparemyjet.com\/wp-content\/uploads\/2022\/07\/happy.woman_.listening.to_.music_.on_.a.private.jet_-300x200.jpg 300w, https:\/\/comparemyjet.com\/wp-content\/uploads\/2022\/07\/happy.woman_.listening.to_.music_.on_.a.private.jet_-768x512.jpg 768w, https:\/\/comparemyjet.com\/wp-content\/uploads\/2022\/07\/happy.woman_.listening.to_.music_.on_.a.private.jet_.jpg 1000w\" sizes=\"auto, (max-width: 1000px) 100vw, 1000px\" \/><\/figure>\r\n\r\n\r\n\r\n<p>\u00c4ven om FXAIR \u00e4r nystartat kommer det fr\u00e5n den sedan l\u00e4nge etablerade Directional Aviation-familjen, s\u00e5 de som driver f\u00f6retaget har mer \u00e4n tillr\u00e4ckligt med erfarenhet fr\u00e5n flygbranschen. F\u00f6retaget \u00e4r specialiserat p\u00e5 charterflyg p\u00e5 beg\u00e4ran och erbjuder andra generationens Flexjet-flygplan som \u00e4r FXAIR-godk\u00e4nda. Du kan v\u00e4lja mellan deras stora flotta av l\u00e4tta, medel- och supermedel-, stora och ultral\u00e5ngdistansflygplan, vilket g\u00f6r FXAIR till ett v\u00e4rdigt val som charterf\u00f6retag p\u00e5 beg\u00e4ran.<\/p>","protected":false},"excerpt":{"rendered":"<p>FXAIR \u00e4r ett relativt nytt privat charterf\u00f6retag som inledde sin verksamhet 2020. F\u00f6retaget har vuxit exponentiellt sedan dess, delvis p\u00e5 grund av den \u00f6kande populariteten f\u00f6r privata flygresor i samband med COVID-19-pandemin. FXAIR \u00e4r en del av Directional Aviation-familjen av f\u00f6retag som grundades av Ken Ricci, som inkluderar Flexjet, Sentient Jet, PrivateFly, ....<\/p>","protected":false},"author":2,"featured_media":3184,"parent":0,"menu_order":0,"comment_status":"closed","ping_status":"closed","template":"","meta":{"_acf_changed":false,"_genesis_hide_title":false,"_genesis_hide_breadcrumbs":false,"_genesis_hide_singular_image":false,"_genesis_hide_footer_widgets":false,"_genesis_custom_body_class":"","_genesis_custom_post_class":"","_genesis_layout":"","footnotes":""},"class_list":{"1":"page","2":"type-page","6":"entry"},"acf":[],"_links":{"self":[{"href":"https:\/\/comparemyjet.com\/sv\/wp-json\/wp\/v2\/pages\/3182","targetHints":{"allow":["GET"]}}],"collection":[{"href":"https:\/\/comparemyjet.com\/sv\/wp-json\/wp\/v2\/pages"}],"about":[{"href":"https:\/\/comparemyjet.com\/sv\/wp-json\/wp\/v2\/types\/page"}],"author":[{"embeddable":true,"href":"https:\/\/comparemyjet.com\/sv\/wp-json\/wp\/v2\/users\/2"}],"replies":[{"embeddable":true,"href":"https:\/\/comparemyjet.com\/sv\/wp-json\/wp\/v2\/comments?post=3182"}],"version-history":[{"count":2,"href":"https:\/\/comparemyjet.com\/sv\/wp-json\/wp\/v2\/pages\/3182\/revisions"}],"predecessor-version":[{"id":3448,"href":"https:\/\/comparemyjet.com\/sv\/wp-json\/wp\/v2\/pages\/3182\/revisions\/3448"}],"wp:featuredmedia":[{"embeddable":true,"href":"https:\/\/comparemyjet.com\/sv\/wp-json\/wp\/v2\/media\/3184"}],"wp:attachment":[{"href":"https:\/\/comparemyjet.com\/sv\/wp-json\/wp\/v2\/media?parent=3182"}],"curies":[{"name":"wp","href":"https:\/\/api.w.org\/{rel}","templated":true}]}}