{"id":3187,"date":"2022-08-04T21:07:44","date_gmt":"2022-08-04T21:07:44","guid":{"rendered":"https:\/\/comparemyjet.com\/?page_id=3187"},"modified":"2025-09-04T09:59:34","modified_gmt":"2025-09-04T09:59:34","slug":"northern-jet-management","status":"publish","type":"page","link":"https:\/\/comparemyjet.com\/sv\/northern-jet-management\/","title":{"rendered":"Northern Jet Management"},"content":{"rendered":"<p>Elitleverant\u00f6r av jetresor Northern Jet Management erbjuder fullst\u00e4ndiga <a href=\"https:\/\/comparemyjet.com\/sv\/vilka-ar-nagra-flygplansforvaltningsforetag\/\" data-internallinksmanager029f6b8e52c=\"21\" title=\"Tj\u00e4nster och f\u00f6retag f\u00f6r flygplanshantering\">luftfartygsf\u00f6rvaltning.<\/a>, ett program f\u00f6r delat \u00e4gande, charter p\u00e5 beg\u00e4ran samt k\u00f6p och f\u00f6rs\u00e4ljning av flygplan till b\u00e5de f\u00f6retag och privatpersoner. De flyger till mer \u00e4n 3 400 destinationer i USA, V\u00e4stindien, Mexiko och Kanada.<\/p>\r\n\r\n\r\n\r\n<p>L\u00e5t oss utforska vad de erbjuder mer i detalj, men f\u00f6rst en kort \u00f6versikt \u00f6ver hur f\u00f6retaget kom till.<\/p>\r\n\r\n\r\n\r\n<div id=\"ez-toc-container\" class=\"ez-toc-v2_0_76 counter-hierarchy ez-toc-counter ez-toc-grey ez-toc-container-direction\">\n<p class=\"ez-toc-title\" style=\"cursor:inherit\">\u00c4mnen<\/p>\n<label for=\"ez-toc-cssicon-toggle-item-69dbafcde435f\" class=\"ez-toc-cssicon-toggle-label\"><span class=\"\"><span class=\"eztoc-hide\" style=\"display:none;\">V\u00e4xel<\/span><span class=\"ez-toc-icon-toggle-span\"><svg style=\"fill: #999;color:#999\" xmlns=\"http:\/\/www.w3.org\/2000\/svg\" class=\"list-377408\" width=\"20px\" height=\"20px\" viewbox=\"0 0 24 24\" fill=\"none\"><path d=\"M6 6H4v2h2V6zm14 0H8v2h12V6zM4 11h2v2H4v-2zm16 0H8v2h12v-2zM4 16h2v2H4v-2zm16 0H8v2h12v-2z\" fill=\"currentColor\"><\/path><\/svg><svg style=\"fill: #999;color:#999\" class=\"arrow-unsorted-368013\" xmlns=\"http:\/\/www.w3.org\/2000\/svg\" width=\"10px\" height=\"10px\" viewbox=\"0 0 24 24\" version=\"1.2\" baseprofile=\"tiny\"><path d=\"M18.2 9.3l-6.2-6.3-6.2 6.3c-.2.2-.3.4-.3.7s.1.5.3.7c.2.2.4.3.7.3h11c.3 0 .5-.1.7-.3.2-.2.3-.5.3-.7s-.1-.5-.3-.7zM5.8 14.7l6.2 6.3 6.2-6.3c.2-.2.3-.5.3-.7s-.1-.5-.3-.7c-.2-.2-.4-.3-.7-.3h-11c-.3 0-.5.1-.7.3-.2.2-.3.5-.3.7s.1.5.3.7z\"\/><\/svg><\/span><\/span><\/label><input type=\"checkbox\"  id=\"ez-toc-cssicon-toggle-item-69dbafcde435f\" checked aria-label=\"V\u00e4xel\" \/><nav><ul class='ez-toc-list ez-toc-list-level-1' ><li class='ez-toc-page-1 ez-toc-heading-level-2'><a class=\"ez-toc-link ez-toc-heading-1\" href=\"https:\/\/comparemyjet.com\/sv\/northern-jet-management\/#About_the_Company\" >Om f\u00f6retaget&nbsp;<\/a><\/li><li class='ez-toc-page-1 ez-toc-heading-level-2'><a class=\"ez-toc-link ez-toc-heading-2\" href=\"https:\/\/comparemyjet.com\/sv\/northern-jet-management\/#Ways_to_Fly\" >S\u00e4tt att flyga<\/a><ul class='ez-toc-list-level-3' ><li class='ez-toc-heading-level-3'><a class=\"ez-toc-link ez-toc-heading-3\" href=\"https:\/\/comparemyjet.com\/sv\/northern-jet-management\/#Jet_Management\" >Jet Management<\/a><\/li><li class='ez-toc-page-1 ez-toc-heading-level-3'><a class=\"ez-toc-link ez-toc-heading-4\" href=\"https:\/\/comparemyjet.com\/sv\/northern-jet-management\/#Company_Card_Program\" >Program f\u00f6r f\u00f6retagskort<\/a><\/li><li class='ez-toc-page-1 ez-toc-heading-level-3'><a class=\"ez-toc-link ez-toc-heading-5\" href=\"https:\/\/comparemyjet.com\/sv\/northern-jet-management\/#Fractional_Jet_Ownership_Program\" >Program f\u00f6r delat \u00e4gande av jetflygplan<\/a><\/li><li class='ez-toc-page-1 ez-toc-heading-level-3'><a class=\"ez-toc-link ez-toc-heading-6\" href=\"https:\/\/comparemyjet.com\/sv\/northern-jet-management\/#Empty_Leg_Flights\" >Flyg med tomma ben<\/a><\/li><li class='ez-toc-page-1 ez-toc-heading-level-3'><a class=\"ez-toc-link ez-toc-heading-7\" href=\"https:\/\/comparemyjet.com\/sv\/northern-jet-management\/#Acquiring_or_Selling_an_Aircraft\" >F\u00f6rv\u00e4rva eller s\u00e4lja ett flygplan<\/a><\/li><\/ul><\/li><li class='ez-toc-page-1 ez-toc-heading-level-2'><a class=\"ez-toc-link ez-toc-heading-8\" href=\"https:\/\/comparemyjet.com\/sv\/northern-jet-management\/#Pricing\" >Priss\u00e4ttning<\/a><\/li><li class='ez-toc-page-1 ez-toc-heading-level-2'><a class=\"ez-toc-link ez-toc-heading-9\" href=\"https:\/\/comparemyjet.com\/sv\/northern-jet-management\/#The_Fleet\" >Flottan&nbsp;<\/a><ul class='ez-toc-list-level-3' ><li class='ez-toc-heading-level-3'><a class=\"ez-toc-link ez-toc-heading-10\" href=\"https:\/\/comparemyjet.com\/sv\/northern-jet-management\/#1_Midsize_Private_Jets\" >1. Medelstora privata jetplan<\/a><ul class='ez-toc-list-level-4' ><li class='ez-toc-heading-level-4'><a class=\"ez-toc-link ez-toc-heading-11\" href=\"https:\/\/comparemyjet.com\/sv\/northern-jet-management\/#Our_Recommendation_Learjet_40\" >V\u00e5r rekommendation: Learjet 40<\/a><\/li><\/ul><\/li><li class='ez-toc-page-1 ez-toc-heading-level-3'><a class=\"ez-toc-link ez-toc-heading-12\" href=\"https:\/\/comparemyjet.com\/sv\/northern-jet-management\/#2_Super-Midsize_Private_Jets\" >2. Super-Midsize Private Jets&nbsp;<\/a><ul class='ez-toc-list-level-4' ><li class='ez-toc-heading-level-4'><a class=\"ez-toc-link ez-toc-heading-13\" href=\"https:\/\/comparemyjet.com\/sv\/northern-jet-management\/#Our_Recommendation_Cessna_Citation_Sovereign\" >V\u00e5r rekommendation: Cessna Citation Sovereign<\/a><\/li><\/ul><\/li><\/ul><\/li><li class='ez-toc-page-1 ez-toc-heading-level-2'><a class=\"ez-toc-link ez-toc-heading-14\" href=\"https:\/\/comparemyjet.com\/sv\/northern-jet-management\/#Company_Safety_Policy_and_Standards\" >F\u00f6retagets s\u00e4kerhetspolicy och s\u00e4kerhetsnormer<\/a><\/li><li class='ez-toc-page-1 ez-toc-heading-level-2'><a class=\"ez-toc-link ez-toc-heading-15\" href=\"https:\/\/comparemyjet.com\/sv\/northern-jet-management\/#The_Staff\" >Personalen<\/a><\/li><li class='ez-toc-page-1 ez-toc-heading-level-2'><a class=\"ez-toc-link ez-toc-heading-16\" href=\"https:\/\/comparemyjet.com\/sv\/northern-jet-management\/#Conclusion\" >Slutsats<\/a><\/li><\/ul><\/nav><\/div>\n<h2 class=\"wp-block-heading\"><span class=\"ez-toc-section\" id=\"About_the_Company\"><\/span>Om f\u00f6retaget&nbsp;<span class=\"ez-toc-section-end\"><\/span><\/h2>\r\n\r\n\r\n\r\n<p>Northern Jet Management \u00e4r ett privat\u00e4gt f\u00f6retag som grundades 1995 med Charles Cox som VD.&nbsp;<\/p>\r\n\r\n\r\n\r\n<p>Deras huvudkontor ligger i Michigan, Grand Rapids, och de har en fullt fungerande bas i <a href=\"https:\/\/comparemyjet.com\/sv\/privata-turer\/naples-private-tours\/\" data-internallinksmanager029f6b8e52c=\"299\" title=\"11 b\u00e4sta privata turer till Neapel fr\u00e5n $90.53\">Neapel<\/a>Florida.&nbsp;<\/p>\r\n\r\n\r\n\r\n<h2 class=\"wp-block-heading\"><span class=\"ez-toc-section\" id=\"Ways_to_Fly\"><\/span>S\u00e4tt att flyga<span class=\"ez-toc-section-end\"><\/span><\/h2>\r\n\r\n\r\n\r\n<p>F\u00f6r att uppfylla dina krav p\u00e5 luftfart erbjuder Northern Jet Management en rad olika speciall\u00f6sningar - fr\u00e5n det helt\u00e4ckande kortprogrammet f\u00f6r privata flygplan, Private Advantage Card, till fullst\u00e4ndig f\u00f6rvaltning och ink\u00f6p av flygplan, leasing och konsultation.<\/p>\r\n\r\n\r\n\r\n<h3 class=\"wp-block-heading\"><span class=\"ez-toc-section\" id=\"Jet_Management\"><\/span>Jet Management<span class=\"ez-toc-section-end\"><\/span><\/h3>\r\n\r\n\r\n\r\n<p>Med Northern Jets' <a href=\"https:\/\/northernjet.net\/programs\/aircraft-management\/\" target=\"_blank\" rel=\"noopener\">f\u00f6rvaltningsl\u00f6sningar<\/a>Du f\u00e5r marktransport, s\u00e4rskilda \u00f6nskem\u00e5l och schemal\u00e4ggningspersonal som \u00e4r tillg\u00e4nglig 365 dagar om \u00e5ret, enligt dina \u00f6nskem\u00e5l. Redovisningspersonalen \u00f6vervakar noggrant utgifterna och skapar m\u00e5nadsrapporter om aktivitet, kostnader, underh\u00e5ll och andra utgifter, s\u00e5 att du alltid har koll p\u00e5 alla aktiviteter som r\u00f6r ditt flygplan.<\/p>\r\n\r\n\r\n\r\n<p>Varje flygplan i Northern Jets flotta har en h\u00f6gkvalificerad flygbes\u00e4ttning ombord, och varje pilot har en typbeh\u00f6righet f\u00f6r det flygplan de flyger. Dessutom genomg\u00e5r alla anst\u00e4llda 10-\u00e5riga <a href=\"https:\/\/www.fbi.gov\/about\" target=\"_blank\" rel=\"noopener\">FBI<\/a> bakgrundskontroller som en del av anst\u00e4llningsprocessen.<\/p>\r\n\r\n\r\n\r\n<h3 class=\"wp-block-heading\"><span class=\"ez-toc-section\" id=\"Company_Card_Program\"><\/span>Program f\u00f6r f\u00f6retagskort<span class=\"ez-toc-section-end\"><\/span><\/h3>\r\n\r\n\r\n\r\n<p>The <a href=\"https:\/\/northernjet.net\/programs\/jet-card\/\" target=\"_blank\" rel=\"noopener\"><strong>Privat f\u00f6rm\u00e5nskort<\/strong><\/a> fr\u00e5n Northern Jet Management \u00e4r ett 25-timmarskort som riktar sig till fritidsresen\u00e4rer p\u00e5 enkelresor mellan Mellanv\u00e4stern och Florida. Det f\u00f6retagsledda <a href=\"https:\/\/comparemyjet.com\/sv\/learjet\/\" data-internallinksmanager029f6b8e52c=\"149\" title=\"Den ultimata guiden till Learjet Private Jets &amp; Aircraft\">Learjet<\/a> 40XR-flygplanet ing\u00e5r i programmet, och kortinnehavare kan ocks\u00e5 v\u00e4lja Learjet 70.&nbsp;<\/p>\r\n\r\n\r\n\r\n<p>Det finns inga kostnader f\u00f6r omplacering inom 180 miles fr\u00e5n&nbsp;<\/p>\r\n\r\n\r\n\r\n<ul class=\"wp-block-list\"><li>Grand Rapids;<\/li><li>Naples, Florida;<\/li><li><a href=\"https:\/\/comparemyjet.com\/sv\/privatjetcharter-till-chicago\/\" data-internallinksmanager029f6b8e52c=\"170\" title=\"Charterflyg till Chicago\">Chicago<\/a>, Illinois;<\/li><li>och Michigan.&nbsp;<\/li><\/ul>\r\n\r\n\r\n\r\n<p>Ett all-inclusive timpris och minst 24 timmars upps\u00e4gningstid \u00e4r n\u00e5gra av de andra f\u00f6rdelarna med det h\u00e4r kortet, och f\u00f6r kortinnehavare i Mellanv\u00e4stern finns det inga otillg\u00e4ngliga datum och inga flyttkostnader.<\/p>\r\n\r\n\r\n\r\n<h3 class=\"wp-block-heading\"><span class=\"ez-toc-section\" id=\"Fractional_Jet_Ownership_Program\"><\/span>Program f\u00f6r delat \u00e4gande av jetflygplan<span class=\"ez-toc-section-end\"><\/span><\/h3>\r\n\r\n\r\n\r\n<p>The <a href=\"https:\/\/northernjet.net\/programs\/fractional-jet-ownership\/\" target=\"_blank\" rel=\"noopener\"><strong>F\u00f6retaget Jet<\/strong><\/a> \u00e4r en <a href=\"https:\/\/comparemyjet.com\/sv\/hur-fungerar-fractional-jet-ownership\/\" data-internallinksmanager029f6b8e52c=\"20\" title=\"Hur fungerar fraktionellt jet\u00e4gande?\">Fraktionellt \u00e4gande av jetflygplan<\/a> program som \u00e4r s\u00e4rskilt utformat f\u00f6r aff\u00e4rsresen\u00e4rers behov. Aff\u00e4rsresen\u00e4rer och f\u00f6retag \u00e4r den enda m\u00e5lgruppen f\u00f6r Company Jets koncept f\u00f6r delat \u00e4gande.<\/p>\r\n\r\n\r\n\r\n<p>Medlemmarna f\u00e5r en f\u00f6rsmak av vad det inneb\u00e4r att \u00e4ga ett privat flygplan, utan att beh\u00f6va oroa sig f\u00f6r f\u00f6rvaltning och drift, plus full backup fr\u00e5n ett expertteam. Ett kontrakt inneb\u00e4r ett fem\u00e5rigt \u00e5tagande och garanterad tillg\u00e4nglighet med minst 12 timmars upps\u00e4gningstid. Conciergetj\u00e4nster finns tillg\u00e4ngliga dygnet runt, och ett team av sektorspecialister underl\u00e4ttar och erbjuder st\u00f6d med ekonomi, redovisning och luftfartslagstiftning.<\/p>\r\n\r\n\r\n\r\n<h3 class=\"wp-block-heading\"><span class=\"ez-toc-section\" id=\"Empty_Leg_Flights\"><\/span>Flyg med tomma ben<span class=\"ez-toc-section-end\"><\/span><\/h3>\r\n\r\n\r\n\r\n<p>F\u00f6retaget h\u00e4nvisar till sin <a href=\"https:\/\/comparemyjet.com\/sv\/hur-man-bokar-flygningar-med-tomma-ben\/\" data-internallinksmanager029f6b8e52c=\"24\" title=\"Hur du bokar flygningar med tomma ben\">flygningar med tomma ben<\/a> som \"<a href=\"https:\/\/northernjet.net\/flight-opportunities\/\" target=\"_blank\" rel=\"noopener\">flygm\u00f6jligheter<\/a>\". Ett ganska passande namn, eftersom dessa flygningar \u00e4r en riktig f\u00e5ngst. Vem som helst kan prenumerera f\u00f6r att f\u00e5 och sp\u00e5ra tillg\u00e4ngliga flygningar med tomma ben p\u00e5 sitt e-postkonto och ta tillf\u00e4llet i akt att flyga till en av sina destinationer f\u00f6r en br\u00e5kdel av kostnaden.&nbsp;<\/p>\r\n\r\n\r\n\r\n<h3 class=\"wp-block-heading\"><span class=\"ez-toc-section\" id=\"Acquiring_or_Selling_an_Aircraft\"><\/span>F\u00f6rv\u00e4rva eller s\u00e4lja ett flygplan<span class=\"ez-toc-section-end\"><\/span><\/h3>\r\n\r\n\r\n\r\n<p>Att ansluta sig till Northern Jet inneb\u00e4r att man f\u00e5r full tillg\u00e5ng till deras team av experter, som har \u00e5rtionden av expertis och kontakter f\u00f6r att identifiera de b\u00e4sta flygplansvalen som \u00e4r skr\u00e4ddarsydda f\u00f6r kundernas behov i fr\u00e5ga om <a href=\"https:\/\/northernjet.net\/programs\/aircraft-acquisition-sales-brokerage\/\" target=\"_blank\" rel=\"noopener\">k\u00f6pa eller s\u00e4lja ett nytt eller begagnat luftfartyg<\/a>.<\/p>\r\n\r\n\r\n\r\n<h2 class=\"wp-block-heading\"><span class=\"ez-toc-section\" id=\"Pricing\"><\/span>Priss\u00e4ttning<span class=\"ez-toc-section-end\"><\/span><\/h2>\r\n\r\n\r\n\r\n<figure class=\"wp-block-image size-full is-style-default\"><img loading=\"lazy\" decoding=\"async\" width=\"1000\" height=\"667\" src=\"https:\/\/comparemyjet.com\/wp-content\/uploads\/2022\/06\/woman.in_.blue_.dress_.enjoying.view_.from_.private.jet_.jpg\" alt=\"\" class=\"wp-image-2997\" srcset=\"https:\/\/comparemyjet.com\/wp-content\/uploads\/2022\/06\/woman.in_.blue_.dress_.enjoying.view_.from_.private.jet_-18x12.jpg 18w, https:\/\/comparemyjet.com\/wp-content\/uploads\/2022\/06\/woman.in_.blue_.dress_.enjoying.view_.from_.private.jet_-300x200.jpg 300w, https:\/\/comparemyjet.com\/wp-content\/uploads\/2022\/06\/woman.in_.blue_.dress_.enjoying.view_.from_.private.jet_-768x512.jpg 768w, https:\/\/comparemyjet.com\/wp-content\/uploads\/2022\/06\/woman.in_.blue_.dress_.enjoying.view_.from_.private.jet_.jpg 1000w\" sizes=\"auto, (max-width: 1000px) 100vw, 1000px\" \/><\/figure>\r\n\r\n\r\n\r\n<p>Northern Jet Management \u00e4r k\u00e4nt f\u00f6r sina \u00f6verkomliga priser, sitt engagemang f\u00f6r h\u00f6gsta s\u00e4kerhetsstandard och sin uppm\u00e4rksamhet p\u00e5 kundernas behov.<\/p>\r\n\r\n\r\n\r\n<p>F\u00f6r att bli kortinnehavare av Private Advantage Card fr\u00e5n Northern Jet Management m\u00e5ste man betala en startavgift p\u00e5 lite mindre \u00e4n $165 000.&nbsp;<\/p>\r\n\r\n\r\n\r\n<p>Flygare som sp\u00e5rar och drar nytta av f\u00f6retagets flygningar med tomma ben som anges p\u00e5 f\u00f6retagets webbplats sparar $1 000 euro j\u00e4mf\u00f6rt med standardpriset per timme.<\/p>\r\n\r\n\r\n\r\n<h2 class=\"wp-block-heading\"><span class=\"ez-toc-section\" id=\"The_Fleet\"><\/span>Flottan&nbsp;<span class=\"ez-toc-section-end\"><\/span><\/h2>\r\n\r\n\r\n\r\n<p>Varje jetplan i Northern Jet Managements flotta p\u00e5 20 flygplan hanteras av erfarna flygspecialister. Alla modeller \u00e4r nya och moderna, med mellanstora och supermellanstora jetplan som den prim\u00e4ra och dominerande flygplanskategorin.&nbsp;<\/p>\r\n\r\n\r\n\r\n<h3 class=\"wp-block-heading\"><span class=\"ez-toc-section\" id=\"1_Midsize_Private_Jets\"><\/span>1. Medelstora privata jetplan<span class=\"ez-toc-section-end\"><\/span><\/h3>\r\n\r\n\r\n\r\n<p>N\u00e4r du chartrar ett mellanstort flygplan f\u00f6r b\u00e5de privat- och f\u00f6retagsresor f\u00e5r du en bekv\u00e4m l\u00e5ngdistansflygning. Medelstora flygplan \u00e4r popul\u00e4ra bland aff\u00e4rs- och fritidspassagerare p\u00e5 grund av sina rymliga kabiner, sitt tillr\u00e4ckliga bagageutrymme och sina f\u00f6rstklassiga bekv\u00e4mligheter.<\/p>\r\n\r\n\r\n\r\n<h4 class=\"wp-block-heading\"><span class=\"ez-toc-section\" id=\"Our_Recommendation_Learjet_40\"><\/span>V\u00e5r rekommendation: Learjet 40<span class=\"ez-toc-section-end\"><\/span><\/h4>\r\n\r\n\r\n\r\n<p>Learjet 40 \u00e4r ett litet aff\u00e4rsflygplan som tillverkas av <a href=\"https:\/\/comparemyjet.com\/sv\/bombardier\/\" data-internallinksmanager029f6b8e52c=\"159\" title=\"Den ultimata guiden till privata jetplan och flygplan fr\u00e5n Bombardier\">Bombardier<\/a> Learjet. Den drivs av tv\u00e5 motorer, dess interi\u00f6r \u00e4r st\u00f6rre \u00e4n konkurrenternas och dess design \u00e4r inspiration f\u00f6r framtida modeller. Kroppen \u00e4r dock kortare och br\u00e4nsletanken \u00e4r mindre \u00e4n Learjet 45.&nbsp;<\/p>\r\n\r\n\r\n\r\n<p>Specifikationer:<\/p>\r\n\r\n\r\n\r\n<ul class=\"wp-block-list\"><li>Passagerare: 7;<\/li><li>Utv\u00e4ndig h\u00f6jd: 14 fot 2 tum;<\/li><li>Full l\u00e4ngd: 55 ft 5 in;<\/li><li>Vingsp\u00e4nnvidd: Vinkel: 47 ft 9 in;<\/li><li>Bredd p\u00e5 hytten: 5 fot 1 tum;<\/li><li>Kabinens h\u00f6jd: 4 fot 11 tum;<\/li><li>Kabinens l\u00e4ngd: 17 fot 8 tum;<\/li><li>Maximal r\u00e4ckvidd f\u00f6r flygning: 1707 nm;<\/li><li>H\u00f6gsta marschfart: 465 kts;<\/li><li>Externt bagageutrymme: 50 kubikfot;<\/li><li>Internt bagageutrymme: 15 kubikfot;<\/li><li>Bes\u00e4ttning: 2.<\/li><\/ul>\r\n\r\n\r\n\r\n<p>Northern Jet Management erbjuder effektiva och prisv\u00e4rda flygplan i sin katalog f\u00f6r medelstora privatjetflygplan, d\u00e4ribland <em>Bombardier 45-serien<\/em>, <em><a href=\"https:\/\/comparemyjet.com\/sv\/gulfstream\/\" data-internallinksmanager029f6b8e52c=\"175\" title=\"Den ultimata guiden till Gulfstream Private Jets &amp; Aircraft\">Gulfstream<\/a> G150<\/em>, <em>Learjet 70\/75<\/em>, <em>Learjet 45XR<\/em>och v\u00e5r rekommenderade modell, <em>Learjet 40<\/em>.<\/p>\r\n\r\n\r\n\r\n<h3 class=\"wp-block-heading\"><span class=\"ez-toc-section\" id=\"2_Super-Midsize_Private_Jets\"><\/span>2. Super-Midsize Private Jets&nbsp;<span class=\"ez-toc-section-end\"><\/span><\/h3>\r\n\r\n\r\n\r\n<p>Jetplanen i super-midsize-kategorin kan flyga i upp till 6 timmar, vilket \u00e4r 2 timmar l\u00e4ngre \u00e4n den f\u00f6reg\u00e5ende kategorin, vilket g\u00f6r dem idealiska f\u00f6r flygningar \u00f6ver hela landet. Flygare f\u00e5r tillg\u00e5ng till rymliga kabiner och f\u00f6rstklassiga bekv\u00e4mligheter, inklusive mer bagageutrymme.<\/p>\r\n\r\n\r\n\r\n<h4 class=\"wp-block-heading\"><span class=\"ez-toc-section\" id=\"Our_Recommendation_Cessna_Citation_Sovereign\"><\/span>V\u00e5r rekommendation: Cessna Citation Sovereign<span class=\"ez-toc-section-end\"><\/span><\/h4>\r\n\r\n\r\n\r\n<p>Sovereign, tillverkad av en amerikansk tillverkare - <a href=\"https:\/\/comparemyjet.com\/sv\/cessna\/\" data-internallinksmanager029f6b8e52c=\"145\" title=\"Den ultimata guiden till privata jetplan och flygplan fr\u00e5n Cessna\">Cessna<\/a>\u00e4r ett transkontinentalt flygplan. Citation Sovereign har bland annat en l\u00e5ng kropp, omgjorda vingar, en glascockpit med fyra LCD-paneler och tv\u00e5 motorer.&nbsp;<\/p>\r\n\r\n\r\n\r\n<p>Specifikationer:&nbsp;<\/p>\r\n\r\n\r\n\r\n<ul class=\"wp-block-list\"><li>Passagerare: 9;<\/li><li>Utv\u00e4ndig h\u00f6jd: 20 ft 4 in;<\/li><li>Full l\u00e4ngd: 63 fot 6 tum;<\/li><li>Vingsp\u00e4nnvidd: 63 ft 4 in;<\/li><li>Bredd p\u00e5 hytten: 5 fot 6 tum;<\/li><li>Kabinens h\u00f6jd: 5 fot 8 tum;<\/li><li>Kabinens l\u00e4ngd: 25 fot 3 tum;<\/li><li>Maximal r\u00e4ckvidd f\u00f6r flygning: 3010 nm;<\/li><li>H\u00f6gsta marschfart: 459 kts;<\/li><li>Bes\u00e4ttning: 2;<\/li><li>Internt bagageutrymme: 35 kubikfot;<\/li><li>Externt bagageutrymme: 100 kubikfot.<\/li><\/ul>\r\n\r\n\r\n\r\n<p>Northern Jet Management erbjuder tv\u00e5 s\u00e4kra och effektiva flygplan i sin katalog f\u00f6r privata jetflygplan i super-mid-size storlek, n\u00e4mligen <em>Challenger 300<\/em> och v\u00e5r rekommenderade modell <em>Cessna Citation Sovereign<\/em>.<\/p>\r\n\r\n\r\n\r\n<h2 class=\"wp-block-heading\"><span class=\"ez-toc-section\" id=\"Company_Safety_Policy_and_Standards\"><\/span>F\u00f6retagets s\u00e4kerhetspolicy och s\u00e4kerhetsnormer<span class=\"ez-toc-section-end\"><\/span><\/h2>\r\n\r\n\r\n\r\n<p>Northern Jet Managements team genomf\u00f6r regelbundet interna revisioner och utv\u00e4rderingar av processer, metoder, verksamhet och tj\u00e4nster inom mer \u00e4n 40 verksamhetsomr\u00e5den.<\/p>\r\n\r\n\r\n\r\n<p>Northern Jet Management har dessutom <a href=\"https:\/\/www.argus.aero\/\" target=\"_blank\" rel=\"noopener\">ARGUS<\/a> Platina och <a href=\"https:\/\/www.acsf.aero\/\" target=\"_blank\" rel=\"noopener\">ACSF<\/a> ackreditering och anv\u00e4nder uteslutande mekaniker med <a href=\"https:\/\/www.faa.gov\/\" target=\"_blank\" rel=\"noopener\">FAA<\/a> licenser. Dessutom har Northern Jet Management f\u00e5tt steg 3-godk\u00e4nnande av <a href=\"https:\/\/ibac.org\/is-bao\" target=\"_blank\" rel=\"noopener\">Internationell standard f\u00f6r drift av aff\u00e4rsflygplan<\/a> (IS-BAO).<\/p>\r\n\r\n\r\n\r\n<h2 class=\"wp-block-heading\"><span class=\"ez-toc-section\" id=\"The_Staff\"><\/span>Personalen<span class=\"ez-toc-section-end\"><\/span><\/h2>\r\n\r\n\r\n\r\n<figure class=\"wp-block-image size-full is-style-default\"><img loading=\"lazy\" decoding=\"async\" width=\"1000\" height=\"667\" src=\"https:\/\/comparemyjet.com\/wp-content\/uploads\/2022\/07\/private.jet_.pilots.in_.cockpit.jpg\" alt=\"\" class=\"wp-image-3072\" srcset=\"https:\/\/comparemyjet.com\/wp-content\/uploads\/2022\/07\/private.jet_.pilots.in_.cockpit-18x12.jpg 18w, https:\/\/comparemyjet.com\/wp-content\/uploads\/2022\/07\/private.jet_.pilots.in_.cockpit-300x200.jpg 300w, https:\/\/comparemyjet.com\/wp-content\/uploads\/2022\/07\/private.jet_.pilots.in_.cockpit-768x512.jpg 768w, https:\/\/comparemyjet.com\/wp-content\/uploads\/2022\/07\/private.jet_.pilots.in_.cockpit.jpg 1000w\" sizes=\"auto, (max-width: 1000px) 100vw, 1000px\" \/><\/figure>\r\n\r\n\r\n\r\n<p>Northern Jet Management f\u00f6rb\u00e4ttrar och \u00e4ndrar st\u00e4ndigt f\u00f6retagets verksamhet f\u00f6r att garantera h\u00f6gsta m\u00f6jliga s\u00e4kerhetsstandard.<\/p>\r\n\r\n\r\n\r\n<p>Deras personal f\u00e5r kontinuerligt flygutbildning av <a href=\"https:\/\/www.cae.com\/\" target=\"_blank\" rel=\"noopener\">CAE<\/a> eller . <a href=\"https:\/\/www.flightsafety.com\/\" target=\"_blank\" rel=\"noopener\">FlightSafety International<\/a>. Varje flygsegment inleds med en s\u00e4kerhetsriskanalys av flygbes\u00e4ttningen. Dessutom f\u00e5r bes\u00e4ttningen intern utbildning genom <a href=\"https:\/\/www.nata.aero\/education-and-training\/safety-1st\" target=\"_blank\" rel=\"noopener\">Nationellt utbildningsprogram f\u00f6r s\u00e4kerhet inom lufttransporter (National Air Transportation Safety First Training Program)<\/a>.<\/p>\r\n\r\n\r\n\r\n<p>F\u00f6r att hj\u00e4lpa nya och nuvarande piloter fungerar certifierade seniorpiloter som interna specialister som erbjuder ledningsgruppen sin expertis n\u00e4r det g\u00e4ller operativa f\u00f6rfaranden.<\/p>\r\n\r\n\r\n\r\n<h2 class=\"wp-block-heading\"><span class=\"ez-toc-section\" id=\"Conclusion\"><\/span>Slutsats<span class=\"ez-toc-section-end\"><\/span><\/h2>\r\n\r\n\r\n\r\n<p>Passagerare som vill ha den frihet och bekv\u00e4mlighet som privatjetresor garanterar \u00e4r mer \u00e4n v\u00e4lkomna att flyga med Northern Jet Management. Genom f\u00f6retagets engagemang f\u00f6r att tillhandah\u00e5lla kvalitetsservice kommer de att spara dig mycket tid som beh\u00f6vs f\u00f6r bokning och planering. Northern Jet Management \u00e4r det ledande privatflygbolaget i Mellanv\u00e4stern, tack vare l\u00f6sningar f\u00f6r delat \u00e4gande och f\u00f6rvaltning av flygplan.<\/p>","protected":false},"excerpt":{"rendered":"<p>Northern Jet Management, en leverant\u00f6r av elitjetresor, erbjuder fullst\u00e4ndig flygplansf\u00f6rvaltning, ett program f\u00f6r delat \u00e4gande, charter p\u00e5 beg\u00e4ran samt k\u00f6p och f\u00f6rs\u00e4ljning av flygplan till b\u00e5de f\u00f6retag och privatpersoner. De flyger till mer \u00e4n 3 400 destinationer i USA, V\u00e4stindien, Mexiko och Kanada. L\u00e5t oss utforska vad de erbjuder mer i detalj, men f\u00f6rst en kort \u00f6versikt ...<\/p>","protected":false},"author":2,"featured_media":3188,"parent":0,"menu_order":0,"comment_status":"closed","ping_status":"closed","template":"","meta":{"_acf_changed":false,"_genesis_hide_title":false,"_genesis_hide_breadcrumbs":false,"_genesis_hide_singular_image":false,"_genesis_hide_footer_widgets":false,"_genesis_custom_body_class":"","_genesis_custom_post_class":"","_genesis_layout":"","footnotes":""},"class_list":{"1":"page","2":"type-page","6":"entry"},"acf":[],"_links":{"self":[{"href":"https:\/\/comparemyjet.com\/sv\/wp-json\/wp\/v2\/pages\/3187","targetHints":{"allow":["GET"]}}],"collection":[{"href":"https:\/\/comparemyjet.com\/sv\/wp-json\/wp\/v2\/pages"}],"about":[{"href":"https:\/\/comparemyjet.com\/sv\/wp-json\/wp\/v2\/types\/page"}],"author":[{"embeddable":true,"href":"https:\/\/comparemyjet.com\/sv\/wp-json\/wp\/v2\/users\/2"}],"replies":[{"embeddable":true,"href":"https:\/\/comparemyjet.com\/sv\/wp-json\/wp\/v2\/comments?post=3187"}],"version-history":[{"count":1,"href":"https:\/\/comparemyjet.com\/sv\/wp-json\/wp\/v2\/pages\/3187\/revisions"}],"predecessor-version":[{"id":3191,"href":"https:\/\/comparemyjet.com\/sv\/wp-json\/wp\/v2\/pages\/3187\/revisions\/3191"}],"wp:featuredmedia":[{"embeddable":true,"href":"https:\/\/comparemyjet.com\/sv\/wp-json\/wp\/v2\/media\/3188"}],"wp:attachment":[{"href":"https:\/\/comparemyjet.com\/sv\/wp-json\/wp\/v2\/media?parent=3187"}],"curies":[{"name":"wp","href":"https:\/\/api.w.org\/{rel}","templated":true}]}}