{"id":3223,"date":"2022-08-23T00:45:05","date_gmt":"2022-08-23T00:45:05","guid":{"rendered":"https:\/\/comparemyjet.com\/?page_id=3223"},"modified":"2025-09-04T09:58:21","modified_gmt":"2025-09-04T09:58:21","slug":"grandview-aviation","status":"publish","type":"page","link":"https:\/\/comparemyjet.com\/sv\/grandview-aviation\/","title":{"rendered":"GrandView Aviation flygpriser"},"content":{"rendered":"<p>GrandView Aviation \u00e4r ett Baltimore-baserat <a href=\"https:\/\/comparemyjet.com\/sv\/hur-hyr-eller-chartrar-man-en-privatjet\/\" data-internallinksmanager029f6b8e52c=\"15\" title=\"Hur hyr eller chartrar du ett privat jetflygplan?\">privat jet charter<\/a> f\u00f6retag som \u00e4r verksamt i F\u00f6renta staterna. Du kan flyga \u00f6ver hela landet med deras Phenom 300-jetflygplan och hyra deras <a href=\"https:\/\/comparemyjet.com\/sv\/sikorsky\/\" data-internallinksmanager029f6b8e52c=\"160\" title=\"Den ultimata guiden till Sikorsky Private Jets och helikoptrar\">Sikorsky<\/a> S-76D- och Bell 407GXI-helikoptrar i Baltimore och Washington, D.C.<\/p>\r\n\r\n\r\n\r\n<p>Eftersom f\u00f6retaget \u00e4r Wyvern Wingman-certifierat f\u00f6ljer deras piloter de senaste och b\u00e4sta s\u00e4kerhetsrutinerna, medan bes\u00e4ttningen \u00e4r fast besluten att ge o\u00f6vertr\u00e4ffad service. Charteravdelningen \u00e4r redo f\u00f6r personliga resv\u00e4gar och flygningar 24 timmar om dygnet, sju dagar i veckan.<\/p>\r\n\r\n\r\n\r\n<p>L\u00e5t oss se vad de handlar om.<\/p>\r\n\r\n\r\n\r\n<div id=\"ez-toc-container\" class=\"ez-toc-v2_0_76 counter-hierarchy ez-toc-counter ez-toc-grey ez-toc-container-direction\">\n<p class=\"ez-toc-title\" style=\"cursor:inherit\">\u00c4mnen<\/p>\n<label for=\"ez-toc-cssicon-toggle-item-69f455ca16023\" class=\"ez-toc-cssicon-toggle-label\"><span class=\"\"><span class=\"eztoc-hide\" style=\"display:none;\">V\u00e4xel<\/span><span class=\"ez-toc-icon-toggle-span\"><svg style=\"fill: #999;color:#999\" xmlns=\"http:\/\/www.w3.org\/2000\/svg\" class=\"list-377408\" width=\"20px\" height=\"20px\" viewbox=\"0 0 24 24\" fill=\"none\"><path d=\"M6 6H4v2h2V6zm14 0H8v2h12V6zM4 11h2v2H4v-2zm16 0H8v2h12v-2zM4 16h2v2H4v-2zm16 0H8v2h12v-2z\" fill=\"currentColor\"><\/path><\/svg><svg style=\"fill: #999;color:#999\" class=\"arrow-unsorted-368013\" xmlns=\"http:\/\/www.w3.org\/2000\/svg\" width=\"10px\" height=\"10px\" viewbox=\"0 0 24 24\" version=\"1.2\" baseprofile=\"tiny\"><path d=\"M18.2 9.3l-6.2-6.3-6.2 6.3c-.2.2-.3.4-.3.7s.1.5.3.7c.2.2.4.3.7.3h11c.3 0 .5-.1.7-.3.2-.2.3-.5.3-.7s-.1-.5-.3-.7zM5.8 14.7l6.2 6.3 6.2-6.3c.2-.2.3-.5.3-.7s-.1-.5-.3-.7c-.2-.2-.4-.3-.7-.3h-11c-.3 0-.5.1-.7.3-.2.2-.3.5-.3.7s.1.5.3.7z\"\/><\/svg><\/span><\/span><\/label><input type=\"checkbox\"  id=\"ez-toc-cssicon-toggle-item-69f455ca16023\" checked aria-label=\"V\u00e4xel\" \/><nav><ul class='ez-toc-list ez-toc-list-level-1' ><li class='ez-toc-page-1 ez-toc-heading-level-2'><a class=\"ez-toc-link ez-toc-heading-1\" href=\"https:\/\/comparemyjet.com\/sv\/grandview-aviation\/#About_the_Company\" >Om f\u00f6retaget<\/a><\/li><li class='ez-toc-page-1 ez-toc-heading-level-2'><a class=\"ez-toc-link ez-toc-heading-2\" href=\"https:\/\/comparemyjet.com\/sv\/grandview-aviation\/#Empty_Leg_Flight\" >Flyg med tomma ben<\/a><\/li><li class='ez-toc-page-1 ez-toc-heading-level-2'><a class=\"ez-toc-link ez-toc-heading-3\" href=\"https:\/\/comparemyjet.com\/sv\/grandview-aviation\/#Company_Card_Programs\" >Program f\u00f6r f\u00f6retagskort<\/a><\/li><li class='ez-toc-page-1 ez-toc-heading-level-2'><a class=\"ez-toc-link ez-toc-heading-4\" href=\"https:\/\/comparemyjet.com\/sv\/grandview-aviation\/#Pricing\" >Priss\u00e4ttning<\/a><\/li><li class='ez-toc-page-1 ez-toc-heading-level-2'><a class=\"ez-toc-link ez-toc-heading-5\" href=\"https:\/\/comparemyjet.com\/sv\/grandview-aviation\/#The_Fleet\" >Flottan&nbsp;<\/a><ul class='ez-toc-list-level-3' ><li class='ez-toc-heading-level-3'><a class=\"ez-toc-link ez-toc-heading-6\" href=\"https:\/\/comparemyjet.com\/sv\/grandview-aviation\/#1_Light_Private_Jets\" >1. L\u00e4tta privatjetflygplan<\/a><ul class='ez-toc-list-level-4' ><li class='ez-toc-heading-level-4'><a class=\"ez-toc-link ez-toc-heading-7\" href=\"https:\/\/comparemyjet.com\/sv\/grandview-aviation\/#Our_Recommendation_Embraer_Phenom_300\" >V\u00e5r rekommendation: Embraer Phenom 300<\/a><\/li><\/ul><\/li><li class='ez-toc-page-1 ez-toc-heading-level-3'><a class=\"ez-toc-link ez-toc-heading-8\" href=\"https:\/\/comparemyjet.com\/sv\/grandview-aviation\/#2_Helicopters\" >2. Helikoptrar<\/a><ul class='ez-toc-list-level-4' ><li class='ez-toc-heading-level-4'><a class=\"ez-toc-link ez-toc-heading-9\" href=\"https:\/\/comparemyjet.com\/sv\/grandview-aviation\/#Our_Recommendation_Bell_407GXI\" >V\u00e5r rekommendation: Bell 407GXI<\/a><\/li><\/ul><\/li><\/ul><\/li><li class='ez-toc-page-1 ez-toc-heading-level-2'><a class=\"ez-toc-link ez-toc-heading-10\" href=\"https:\/\/comparemyjet.com\/sv\/grandview-aviation\/#Company_Safety_Policy_and_Standards\" >F\u00f6retagets s\u00e4kerhetspolicy och s\u00e4kerhetsnormer<\/a><\/li><li class='ez-toc-page-1 ez-toc-heading-level-2'><a class=\"ez-toc-link ez-toc-heading-11\" href=\"https:\/\/comparemyjet.com\/sv\/grandview-aviation\/#The_Staff\" >Personalen<\/a><\/li><li class='ez-toc-page-1 ez-toc-heading-level-2'><a class=\"ez-toc-link ez-toc-heading-12\" href=\"https:\/\/comparemyjet.com\/sv\/grandview-aviation\/#Conclusion\" >Slutsats<\/a><\/li><\/ul><\/nav><\/div>\n<h2 class=\"wp-block-heading\"><span class=\"ez-toc-section\" id=\"About_the_Company\"><\/span>Om f\u00f6retaget<span class=\"ez-toc-section-end\"><\/span><\/h2>\r\n\r\n\r\n\r\n<p>GrandView Aviation \u00e4r ett privat\u00e4gt f\u00f6retag som grundades 2004 med Jerry Edwards som VD. F\u00f6retaget \u00e4ger sin flotta av <a href=\"https:\/\/comparemyjet.com\/sv\/embraer\/\" data-internallinksmanager029f6b8e52c=\"151\" title=\"Den ultimata guiden till privata jetplan och flygplan fr\u00e5n Embraer\">Embraer<\/a> Phenom 300 och har cirka 130 anst\u00e4llda.<\/p>\r\n\r\n\r\n\r\n<p>GrandView Aviation har ett startprogram med en ins\u00e4ttning p\u00e5 $150 000 utan att n\u00e5gon tillg\u00e4nglighet garanteras.<\/p>\r\n\r\n\r\n\r\n<p>F\u00f6rutom charterflygplan \u00e4r f\u00f6retaget en pionj\u00e4r inom transport av organtransplantationer och har transporterat mer \u00e4n 250 livr\u00e4ddande operationsteam under 2021 och mer \u00e4n 2 200 sedan starten.<\/p>\r\n\r\n\r\n\r\n<p>Den senaste nyheten om GrandView Aviation \u00e4r att Global Medical Response (GMR) tillk\u00e4nnagav att f\u00f6retaget skulle f\u00f6rv\u00e4rvas 2022. Global Medical Response tillhandah\u00e5ller h\u00f6gkvalitativ medicinsk v\u00e5rd, fr\u00e4mst inom akutv\u00e5rd och tj\u00e4nster f\u00f6r patientf\u00f6rflyttning i USA och v\u00e4rlden \u00f6ver, varf\u00f6r denna flytt \u00e4r mycket logisk.&nbsp;<\/p>\r\n\r\n\r\n\r\n<p>Tack vare den senaste tidens tillv\u00e4xt har f\u00f6retaget hubbar i <a href=\"https:\/\/comparemyjet.com\/sv\/privata-turer\/atlanta-private-tours\/\" data-internallinksmanager029f6b8e52c=\"403\" title=\"11 b\u00e4sta privata turer i Atlanta fr\u00e5n $89.99\">Atlanta<\/a>, <a href=\"https:\/\/comparemyjet.com\/sv\/privata-turer\/austin-private-tours\/\" data-internallinksmanager029f6b8e52c=\"404\" title=\"11 b\u00e4sta privata turer i Austin fr\u00e5n $25.00\">Austin<\/a>Baltimore, <a href=\"https:\/\/comparemyjet.com\/sv\/privatjetcharter-till-boston\/\" data-internallinksmanager029f6b8e52c=\"177\" title=\"Charterflyg till Boston\">Boston<\/a>, <a href=\"https:\/\/comparemyjet.com\/sv\/privatjetcharter-till-chicago\/\" data-internallinksmanager029f6b8e52c=\"170\" title=\"Charterflyg till Chicago\">Chicago<\/a>, <a href=\"https:\/\/comparemyjet.com\/sv\/privata-turer\/denver-private-tours\/\" data-internallinksmanager029f6b8e52c=\"410\" title=\"11 b\u00e4sta privata turer i Denver fr\u00e5n $49.00\">Denver<\/a>, <a href=\"https:\/\/comparemyjet.com\/sv\/privata-turer\/los-angeles-private-tours\/\" data-internallinksmanager029f6b8e52c=\"421\" title=\"11 b\u00e4sta privata turer i Los Angeles fr\u00e5n $55.00\">Los Angeles<\/a>och Scottsdale.<\/p>\r\n\r\n\r\n\r\n<h2 class=\"wp-block-heading\"><span class=\"ez-toc-section\" id=\"Empty_Leg_Flight\"><\/span>Flyg med tomma ben<span class=\"ez-toc-section-end\"><\/span><\/h2>\r\n\r\n\r\n\r\n<p>F\u00f6rutom regelbundna charterresor kan GrandView Aviation hj\u00e4lpa dig med f\u00f6ljande <a href=\"https:\/\/comparemyjet.com\/sv\/hur-man-bokar-flygningar-med-tomma-ben\/\" data-internallinksmanager029f6b8e52c=\"24\" title=\"Hur du bokar flygningar med tomma ben\">boka flyg med tomma ben<\/a>. En tom str\u00e4cka \u00e4r ett flyg som redan \u00e4r planerat att flyga till en viss destination utan passagerare. Flygningar med tomma ben \u00e4r i allm\u00e4nhet tillg\u00e4ngliga n\u00e4r ett flygplan m\u00e5ste flyttas eller returneras f\u00f6r en annan rutt.&nbsp;<\/p>\r\n\r\n\r\n\r\n<p>Om du kan ordna vissa resor i sista minuten, kan en <a href=\"https:\/\/flygv.com\/empty-legs\/\" target=\"_blank\" rel=\"noopener\">flygning med tom ben<\/a> \u00e4r alltid ett bra alternativ eftersom de \u00e4r mycket billigare \u00e4n standardpriset.&nbsp;<\/p>\r\n\r\n\r\n\r\n<h2 class=\"wp-block-heading\"><span class=\"ez-toc-section\" id=\"Company_Card_Programs\"><\/span>Program f\u00f6r f\u00f6retagskort<span class=\"ez-toc-section-end\"><\/span><\/h2>\r\n\r\n\r\n\r\n<p>GrandView Aviation erbjuder tv\u00e5 typer av medlemskapspaket f\u00f6r frekventa flygare: <strong><em>H\u00f6jd Miles<\/em><\/strong> och <strong><em>Altitude Plus Miles<\/em><\/strong>.&nbsp;<\/p>\r\n\r\n\r\n\r\n<p>F\u00f6r att bli medlem i GrandView Aviations jetkortsprogram <strong>Altitude Plus<\/strong>Du m\u00e5ste g\u00f6ra en ins\u00e4ttning p\u00e5 $150 000. Du f\u00e5r omedelbart en r\u00e4ntes\u00e4kring i 24 m\u00e5nader n\u00e4r du g\u00f6r ins\u00e4ttningen, och du kan dra nytta av fasta priser f\u00f6r mer \u00e4n 65 destinationer, inklusive en rabatt p\u00e5 10% p\u00e5 varje flygning. N\u00e4r du reser oftare f\u00e5r du fler f\u00f6rm\u00e5ner och privilegier, t.ex:<\/p>\r\n\r\n\r\n\r\n<ul class=\"wp-block-list\"><li>Catering ombord&nbsp;<\/li><li>Flygkrediter&nbsp;<\/li><li>Flexibla avbokningar - GrandView \u00e5terbetalar biljettpriset till ditt konto.<\/li><li>$200 cateringkrediter f\u00f6r varje flygdag som du flyger.<\/li><li>Flygpris med tomg\u00e5ngsresor<\/li><\/ul>\r\n\r\n\r\n\r\n<p>Till skillnad fr\u00e5n Altitude Plus \u00e4r det gratis att bli medlem. <strong>H\u00f6jd Miles <\/strong>medlem, men du f\u00e5r inga flygrabatter eller fasta priser. Frekventa resen\u00e4rer kan f\u00e5 f\u00f6rm\u00e5ner och privilegier, t.ex:<\/p>\r\n\r\n\r\n\r\n<ul class=\"wp-block-list\"><li>Catering ombord&nbsp;<\/li><li>Flygkrediter&nbsp;<\/li><li>Flexibla avbokningar - GrandView \u00e5terbetalar biljettpriset till ditt konto.<\/li><li>$200 cateringkrediter f\u00f6r varje dag du flyger<\/li><li>Flygpris med tomg\u00e5ngsresor<\/li><\/ul>\r\n\r\n\r\n\r\n<h2 class=\"wp-block-heading\"><span class=\"ez-toc-section\" id=\"Pricing\"><\/span>Priss\u00e4ttning<span class=\"ez-toc-section-end\"><\/span><\/h2>\r\n\r\n\r\n\r\n<p>Timpriset \u00e4r garanterat f\u00f6r medlemmarna och kostnaderna ber\u00e4knas beroende p\u00e5 det totala antalet flygtimmar. I priset ing\u00e5r omplacering fr\u00e5n Atlanta, Austin, Baltimore, Boston, Chicago, Denver, Los Angeles och Scottsdale. Det finns fasta transportkostnader f\u00f6r mer \u00e4n 65 st\u00f6rre destinationer.&nbsp;<\/p>\r\n\r\n\r\n\r\n<p>Timkostnaden f\u00f6r att flyga med deras flotta av Phenom 300 b\u00f6rjar p\u00e5 cirka $3,100, inklusive FET (Federal Excise Tax) men utan n\u00e5gra omplaceringsavgifter.<\/p>\r\n\r\n\r\n\r\n<h2 class=\"wp-block-heading\"><span class=\"ez-toc-section\" id=\"The_Fleet\"><\/span>Flottan&nbsp;<span class=\"ez-toc-section-end\"><\/span><\/h2>\r\n\r\n\r\n\r\n<figure class=\"wp-block-image size-full is-style-default\"><img loading=\"lazy\" decoding=\"async\" width=\"1000\" height=\"667\" src=\"https:\/\/comparemyjet.com\/wp-content\/uploads\/2022\/08\/phenom300.jet_.jpg\" alt=\"\" class=\"wp-image-3224\" srcset=\"https:\/\/comparemyjet.com\/wp-content\/uploads\/2022\/08\/phenom300.jet_-18x12.jpg 18w, https:\/\/comparemyjet.com\/wp-content\/uploads\/2022\/08\/phenom300.jet_-300x200.jpg 300w, https:\/\/comparemyjet.com\/wp-content\/uploads\/2022\/08\/phenom300.jet_-768x512.jpg 768w, https:\/\/comparemyjet.com\/wp-content\/uploads\/2022\/08\/phenom300.jet_.jpg 1000w\" sizes=\"auto, (max-width: 1000px) 100vw, 1000px\" \/><\/figure>\r\n\r\n\r\n\r\n<p>GrandView Aviation underh\u00e5ller sin flotta av Phenom 300-privatflygplan och vissa helikoptrar i sina knutpunkter i Boston, Baltimore\/DC, Los Angeles, Chicago, Atlanta och Austin, <a href=\"https:\/\/comparemyjet.com\/sv\/privatjetcharter-till-phoenix\/\" data-internallinksmanager029f6b8e52c=\"199\" title=\"Charterflyg till Phoenix\">Phoenix<\/a>och Denver.<\/p>\r\n\r\n\r\n\r\n<h3 class=\"wp-block-heading\"><span class=\"ez-toc-section\" id=\"1_Light_Private_Jets\"><\/span>1. L\u00e4tta privatjetflygplan<span class=\"ez-toc-section-end\"><\/span><\/h3>\r\n\r\n\r\n\r\n<p>J\u00e4mf\u00f6rt med helikoptrar \u00e4r l\u00e4tta jetplan st\u00f6rre och har st\u00f6rre r\u00e4ckvidd. De kan transportera upp till \u00e5tta passagerare med s\u00e4ker komfort tack vare sin st\u00f6rre kabin och bagagef\u00f6rvaring.<\/p>\r\n\r\n\r\n\r\n<p>L\u00e4tta flygplan kan ocks\u00e5 landa och lyfta fr\u00e5n sm\u00e5 landningsbanor och lokala flygplatser, vilket g\u00f6r att du kan bes\u00f6ka sv\u00e5r\u00e5tkomliga omr\u00e5den och flygplatser med kortare landningsbanor.<\/p>\r\n\r\n\r\n\r\n<h4 class=\"wp-block-heading\"><span class=\"ez-toc-section\" id=\"Our_Recommendation_Embraer_Phenom_300\"><\/span>V\u00e5r rekommendation: Embraer Phenom 300<span class=\"ez-toc-section-end\"><\/span><\/h4>\r\n\r\n\r\n\r\n<p>Phenom 300 har plats f\u00f6r upp till 8 resen\u00e4rer och den rymliga kabinen har gott om bagageutrymme. Det finns tillr\u00e4ckligt med utrymme f\u00f6r golfutrustning, v\u00e4skor och andra saker som du kan beh\u00f6va under resan. Interi\u00f6ren erbjuder bekv\u00e4mt benutrymme och har h\u00f6gklassiga m\u00f6bler, som till exempel l\u00e4derl\u00e4derstolar, tr\u00e4bord och plyschmattor, inklusive toalett. F\u00f6rutom gratis snacks och vin kan de tillhandah\u00e5lla catering ombord p\u00e5 beg\u00e4ran.&nbsp;<\/p>\r\n\r\n\r\n\r\n<p>Mellan 2013 och 2015 var Phenom 300 det mest popul\u00e4ra aff\u00e4rsflygplanet. Det h\u00e4r flygplanets r\u00e4ckvidd sl\u00e5r de flesta andra l\u00e4tta jetplan och erbjuder dig prestanda som ett mellanstort jetplan till l\u00e4gre kostnader.&nbsp;<\/p>\r\n\r\n\r\n\r\n<p>Specifikationer och utrustning f\u00f6r Phenom 300:<\/p>\r\n\r\n\r\n\r\n<ul class=\"wp-block-list\"><li>Passagerare: 8;<\/li><li>Kabinens h\u00f6jd: 4 fot 11 tum;<\/li><li>Bredd p\u00e5 hytten: 5 fot 1 tum;<\/li><li>Kabinens l\u00e4ngd: 17 fot 2 tum;<\/li><li>Utv\u00e4ndig h\u00f6jd: 16 ft 5 in;<\/li><li>Externt bagage: 66 kubikfot;<\/li><li>Internt bagage: 19 kubikfot;<\/li><li>Maxhastighet: 453 kts;<\/li><li>Maxomr\u00e5de: 2077 nm;<\/li><li>Stigningshastighet: 3335 fpm;<\/li><li>Bes\u00e4ttning: 2;<\/li><li>Tr\u00e5dl\u00f6st internet;<\/li><li>Toalett;<\/li><li>Str\u00f6muttag och satellittelefoni.<\/li><\/ul>\r\n\r\n\r\n\r\n<p><em>Phenom 300<\/em> charterflygplan \u00e4r stationerade i Baltimore\/DC, Chicago, Austin, Atlanta och Scottsdale, s\u00e5 att du kan flyga fr\u00e5n Mid-Atlantic, nord\u00f6stra och centrala USA.&nbsp;<\/p>\r\n\r\n\r\n\r\n<h3 class=\"wp-block-heading\"><span class=\"ez-toc-section\" id=\"2_Helicopters\"><\/span>2. Helikoptrar<span class=\"ez-toc-section-end\"><\/span><\/h3>\r\n\r\n\r\n\r\n<p>Med helikoptercharter kan du starta och landa p\u00e5 vilken plats som helst, inklusive helikopterplattor, resorter och till och med privata hus. De kan landa n\u00e4stan var som helst i en n\u00f6dsituation och utg\u00f6r f\u00e4rre faror f\u00f6r passagerarna. De p\u00e5verkas dock l\u00e4ttare av v\u00e4derf\u00f6rh\u00e5llanden, och din flygning kan st\u00e4llas in om v\u00e4derf\u00f6rh\u00e5llandena inte \u00e4r idealiska.&nbsp;<\/p>\r\n\r\n\r\n\r\n<p>GrandView Aviation erbjuder VIP-helikoptrar med underh\u00e5llningssystem ombord och plats f\u00f6r upp till 12 passagerare. Alla helikoptercharterresor sk\u00f6ts av tv\u00e5 skickliga piloter f\u00f6r kundernas optimala s\u00e4kerhet och trygghet.<\/p>\r\n\r\n\r\n\r\n<h4 class=\"wp-block-heading\"><span class=\"ez-toc-section\" id=\"Our_Recommendation_Bell_407GXI\"><\/span>V\u00e5r rekommendation: Bell 407GXI<span class=\"ez-toc-section-end\"><\/span><\/h4>\r\n\r\n\r\n\r\n<p>Bell 407GXI \u00e4r en enmotorig helikopter med fyra blad som lanserades f\u00f6rsta g\u00e5ngen 1995. Kompositmaterialet som anv\u00e4nds f\u00f6r bladen och navet \u00f6kar prestandan och ger en bekv\u00e4mare flygning. Den anv\u00e4nds ofta inom brottsbek\u00e4mpning, elektronisk nyhetsinsamling och filmskapande samt f\u00f6r handel och offshore-sj\u00f6fart. Kabinen kan konfigureras f\u00f6r att rymma en m\u00e4ngd olika uppgifter och nyttolaster, inklusive klubbpassagerarplatser f\u00f6r upp till sex personer.&nbsp;<\/p>\r\n\r\n\r\n\r\n<p>Specifikationer:<\/p>\r\n\r\n\r\n\r\n<ul class=\"wp-block-list\"><li>Passagerare: 5;<\/li><li>Utv\u00e4ndig h\u00f6jd: 11 fot 8 tum;<\/li><li>Externt bagage: 20 kubikfot;<\/li><li>L\u00e4ngd: 41 fot 8 tum;<\/li><li>Internt bagage: 3 kubikfot;<\/li><li>Maxhastighet: 140 kts;<\/li><li>S\u00e4tena \u00e4r plyschiga och \u00f6verfyllda;<\/li><li>L\u00e4derkl\u00e4dsel.<\/li><\/ul>\r\n\r\n\r\n\r\n<p>F\u00f6rutom v\u00e5r rekommenderade helikopter <em>Bell 407<\/em>GrandView Aviation erbjuder ytterligare en i sin katalog - t<em>Sikorsky S-76D<\/em>.<\/p>\r\n\r\n\r\n\r\n<h2 class=\"wp-block-heading\"><span class=\"ez-toc-section\" id=\"Company_Safety_Policy_and_Standards\"><\/span>F\u00f6retagets s\u00e4kerhetspolicy och s\u00e4kerhetsnormer<span class=\"ez-toc-section-end\"><\/span><\/h2>\r\n\r\n\r\n\r\n<p><a href=\"https:\/\/nbaa.org\/flight-department-administration\/sms\/is-bao\/\" target=\"_blank\" rel=\"noopener\">Den internationella standarden f\u00f6r drift av aff\u00e4rsflygplan<\/a> (IS-BAO) skapades f\u00f6r att hj\u00e4lpa flygdivisioner \u00f6ver hela v\u00e4rlden att uppn\u00e5 h\u00f6ga standarder f\u00f6r s\u00e4kerhet och professionalism. Som kund hos GrandView Aviation kan du vara s\u00e4ker p\u00e5 att en godtagbar <a href=\"https:\/\/www.faa.gov\/about\/initiatives\/sms\" target=\"_blank\" rel=\"noopener\">System f\u00f6r s\u00e4kerhetsledning<\/a> (SMS) har inf\u00f6rts f\u00f6r alla helikoptercharterflygningar, tack vare detta s\u00e4kerhetsbetyg.<\/p>\r\n\r\n\r\n\r\n<p>Dessutom, <a href=\"https:\/\/nbaa.org\/\" target=\"_blank\" rel=\"noopener\">Den nationella f\u00f6reningen f\u00f6r aff\u00e4rsflyg<\/a> hedrade GrandView Aviation med ett 10-\u00e5rigt s\u00e4kerhetscertifikat utan olyckor och incidenter, och f\u00f6retagets piloter \u00e4r <a href=\"https:\/\/www.wyvernltd.com\/\" target=\"_blank\" rel=\"noopener\">Wyvern Wingman<\/a> s\u00e4kerhetsbed\u00f6mda och <a href=\"https:\/\/www.argus.aero\/\" target=\"_blank\" rel=\"noopener\">ARGUS<\/a> Guldklassade operat\u00f6rer.<\/p>\r\n\r\n\r\n\r\n<p>GrandView har en ansvarsf\u00f6rs\u00e4kring p\u00e5 $150 miljoner euro och alla flygningar genomf\u00f6rs av tv\u00e5 piloter.<\/p>\r\n\r\n\r\n\r\n<h2 class=\"wp-block-heading\"><span class=\"ez-toc-section\" id=\"The_Staff\"><\/span>Personalen<span class=\"ez-toc-section-end\"><\/span><\/h2>\r\n\r\n\r\n\r\n<figure class=\"wp-block-image size-full is-style-default\"><img loading=\"lazy\" decoding=\"async\" width=\"1000\" height=\"667\" src=\"https:\/\/comparemyjet.com\/wp-content\/uploads\/2022\/07\/two.private.jet_.pilots.jpg\" alt=\"GrandView Aviation\" class=\"wp-image-3137\" srcset=\"https:\/\/comparemyjet.com\/wp-content\/uploads\/2022\/07\/two.private.jet_.pilots-18x12.jpg 18w, https:\/\/comparemyjet.com\/wp-content\/uploads\/2022\/07\/two.private.jet_.pilots-300x200.jpg 300w, https:\/\/comparemyjet.com\/wp-content\/uploads\/2022\/07\/two.private.jet_.pilots-768x512.jpg 768w, https:\/\/comparemyjet.com\/wp-content\/uploads\/2022\/07\/two.private.jet_.pilots.jpg 1000w\" sizes=\"auto, (max-width: 1000px) 100vw, 1000px\" \/><\/figure>\r\n\r\n\r\n\r\n<p>GrandView har vuxit fr\u00e5n ett f\u00f6retag med 65 anst\u00e4llda till mer \u00e4n 120 anst\u00e4llda, d\u00e4ribland piloter, flygledare och tekniker. Under 2022 genererade f\u00f6retaget mer \u00e4n $50 miljoner euro i f\u00f6rs\u00e4ljning och har blivit utn\u00e4mnd till <a href=\"https:\/\/thedailyrecord.com\/2022\/01\/21\/grandview-aviation-moves-to-new-hq-in-middle-river\/\" target=\"_blank\" rel=\"noopener\">Inc 5000-listan \u00f6ver USA:s snabbast v\u00e4xande f\u00f6retag<\/a>. F\u00f6retaget har det h\u00f6gsta antalet anst\u00e4llda inom privatflyget i Maryland.&nbsp;<\/p>\r\n\r\n\r\n\r\n<h2 class=\"wp-block-heading\"><span class=\"ez-toc-section\" id=\"Conclusion\"><\/span>Slutsats<span class=\"ez-toc-section-end\"><\/span><\/h2>\r\n\r\n\r\n\r\n<p>GrandView \u00e4r ett framst\u00e5ende nordamerikanskt flygf\u00f6retag f\u00f6r privat charterflyg och transport av organtransplantat med 130 anst\u00e4llda och en Phenom 300-flotta med bas i Baltimore, Maryland.&nbsp;<\/p>\r\n\r\n\r\n\r\n<p>Du kan g\u00e5 med i deras Jet Card-program Altitude Plus och Altitude Miles f\u00f6r att bli medlem och f\u00e5 n\u00e5gra av de f\u00f6rm\u00e5ner som erbjuds. Som jetkort\u00e4gare tj\u00e4nar du miles n\u00e4r du flyger och bel\u00f6ningsmiles kan anv\u00e4ndas f\u00f6r flygbolagskrediter, catering och andra tj\u00e4nster. Medlemmar i Altitude Plus f\u00e5r ocks\u00e5 rabatt p\u00e5 flygningar. Dessutom erbjuder de en flexibel avbokningspolicy, s\u00e5 du kan g\u00f6ra flexibla planer utan bekymmer.&nbsp;<\/p>","protected":false},"excerpt":{"rendered":"<p>GrandView Aviation \u00e4r ett Baltimore-baserat charterf\u00f6retag f\u00f6r privata jetflygplan som \u00e4r verksamt i USA. Du kan flyga \u00f6ver hela landet med deras Phenom 300-jetflygplan och hyra deras Sikorsky S-76D- och Bell 407GXI-helikoptrar i Baltimore och Washington, D.C. Eftersom f\u00f6retaget \u00e4r Wyvern Wingman-certifierat f\u00f6ljer deras piloter de senaste och b\u00e4sta reglerna f\u00f6r ...<\/p>","protected":false},"author":2,"featured_media":3225,"parent":0,"menu_order":0,"comment_status":"closed","ping_status":"closed","template":"","meta":{"_acf_changed":false,"_genesis_hide_title":false,"_genesis_hide_breadcrumbs":false,"_genesis_hide_singular_image":false,"_genesis_hide_footer_widgets":false,"_genesis_custom_body_class":"","_genesis_custom_post_class":"","_genesis_layout":"","footnotes":""},"class_list":{"1":"page","2":"type-page","6":"entry"},"acf":[],"_links":{"self":[{"href":"https:\/\/comparemyjet.com\/sv\/wp-json\/wp\/v2\/pages\/3223","targetHints":{"allow":["GET"]}}],"collection":[{"href":"https:\/\/comparemyjet.com\/sv\/wp-json\/wp\/v2\/pages"}],"about":[{"href":"https:\/\/comparemyjet.com\/sv\/wp-json\/wp\/v2\/types\/page"}],"author":[{"embeddable":true,"href":"https:\/\/comparemyjet.com\/sv\/wp-json\/wp\/v2\/users\/2"}],"replies":[{"embeddable":true,"href":"https:\/\/comparemyjet.com\/sv\/wp-json\/wp\/v2\/comments?post=3223"}],"version-history":[{"count":2,"href":"https:\/\/comparemyjet.com\/sv\/wp-json\/wp\/v2\/pages\/3223\/revisions"}],"predecessor-version":[{"id":3460,"href":"https:\/\/comparemyjet.com\/sv\/wp-json\/wp\/v2\/pages\/3223\/revisions\/3460"}],"wp:featuredmedia":[{"embeddable":true,"href":"https:\/\/comparemyjet.com\/sv\/wp-json\/wp\/v2\/media\/3225"}],"wp:attachment":[{"href":"https:\/\/comparemyjet.com\/sv\/wp-json\/wp\/v2\/media?parent=3223"}],"curies":[{"name":"wp","href":"https:\/\/api.w.org\/{rel}","templated":true}]}}