{"id":3482,"date":"2022-10-03T23:23:31","date_gmt":"2022-10-03T23:23:31","guid":{"rendered":"https:\/\/comparemyjet.com\/?page_id=3482"},"modified":"2025-09-04T10:00:52","modified_gmt":"2025-09-04T10:00:52","slug":"starflight-aviation","status":"publish","type":"page","link":"https:\/\/comparemyjet.com\/sv\/starflight-aviation\/","title":{"rendered":"Starflight Aviation Flygpriser"},"content":{"rendered":"<p>Starflite Aviation \u00e4r ett privat charterf\u00f6retag som har varit verksamt i \u00f6ver 30 \u00e5r. Detta USA-baserade f\u00f6retag har en global kundkrets och tillhandah\u00e5ller ofta transporttj\u00e4nster f\u00f6r musiker, artister, politiker och andra VIP-kunder.\u00a0<\/p>\r\n\r\n\r\n\r\n<p>L\u00e5t oss se vad de handlar om mer i detalj.\u00a0<\/p>\r\n\r\n\r\n\r\n<div id=\"ez-toc-container\" class=\"ez-toc-v2_0_76 counter-hierarchy ez-toc-counter ez-toc-grey ez-toc-container-direction\">\n<p class=\"ez-toc-title\" style=\"cursor:inherit\">\u00c4mnen<\/p>\n<label for=\"ez-toc-cssicon-toggle-item-69ef753861816\" class=\"ez-toc-cssicon-toggle-label\"><span class=\"\"><span class=\"eztoc-hide\" style=\"display:none;\">V\u00e4xel<\/span><span class=\"ez-toc-icon-toggle-span\"><svg style=\"fill: #999;color:#999\" xmlns=\"http:\/\/www.w3.org\/2000\/svg\" class=\"list-377408\" width=\"20px\" height=\"20px\" viewbox=\"0 0 24 24\" fill=\"none\"><path d=\"M6 6H4v2h2V6zm14 0H8v2h12V6zM4 11h2v2H4v-2zm16 0H8v2h12v-2zM4 16h2v2H4v-2zm16 0H8v2h12v-2z\" fill=\"currentColor\"><\/path><\/svg><svg style=\"fill: #999;color:#999\" class=\"arrow-unsorted-368013\" xmlns=\"http:\/\/www.w3.org\/2000\/svg\" width=\"10px\" height=\"10px\" viewbox=\"0 0 24 24\" version=\"1.2\" baseprofile=\"tiny\"><path d=\"M18.2 9.3l-6.2-6.3-6.2 6.3c-.2.2-.3.4-.3.7s.1.5.3.7c.2.2.4.3.7.3h11c.3 0 .5-.1.7-.3.2-.2.3-.5.3-.7s-.1-.5-.3-.7zM5.8 14.7l6.2 6.3 6.2-6.3c.2-.2.3-.5.3-.7s-.1-.5-.3-.7c-.2-.2-.4-.3-.7-.3h-11c-.3 0-.5.1-.7.3-.2.2-.3.5-.3.7s.1.5.3.7z\"\/><\/svg><\/span><\/span><\/label><input type=\"checkbox\"  id=\"ez-toc-cssicon-toggle-item-69ef753861816\" checked aria-label=\"V\u00e4xel\" \/><nav><ul class='ez-toc-list ez-toc-list-level-1' ><li class='ez-toc-page-1 ez-toc-heading-level-2'><a class=\"ez-toc-link ez-toc-heading-1\" href=\"https:\/\/comparemyjet.com\/sv\/starflight-aviation\/#About_the_Company\" >Om f\u00f6retaget<\/a><\/li><li class='ez-toc-page-1 ez-toc-heading-level-2'><a class=\"ez-toc-link ez-toc-heading-2\" href=\"https:\/\/comparemyjet.com\/sv\/starflight-aviation\/#On-Demand_Charter\" >Charter p\u00e5 beg\u00e4ran<\/a><\/li><li class='ez-toc-page-1 ez-toc-heading-level-2'><a class=\"ez-toc-link ez-toc-heading-3\" href=\"https:\/\/comparemyjet.com\/sv\/starflight-aviation\/#Company_Jet_Card_Program\" >F\u00f6retagets Jet Card-program<\/a><\/li><li class='ez-toc-page-1 ez-toc-heading-level-2'><a class=\"ez-toc-link ez-toc-heading-4\" href=\"https:\/\/comparemyjet.com\/sv\/starflight-aviation\/#The_Fleet\" >Flottan<\/a><\/li><li class='ez-toc-page-1 ez-toc-heading-level-2'><a class=\"ez-toc-link ez-toc-heading-5\" href=\"https:\/\/comparemyjet.com\/sv\/starflight-aviation\/#Starflight_Aviation_Carbon_Program\" >Starflight Aviation Carbon-programmet\u00a0<\/a><\/li><li class='ez-toc-page-1 ez-toc-heading-level-2'><a class=\"ez-toc-link ez-toc-heading-6\" href=\"https:\/\/comparemyjet.com\/sv\/starflight-aviation\/#Conclusion\" >Slutsats<\/a><\/li><\/ul><\/nav><\/div>\n<h2 class=\"wp-block-heading\"><span class=\"ez-toc-section\" id=\"About_the_Company\"><\/span>Om f\u00f6retaget<span class=\"ez-toc-section-end\"><\/span><\/h2>\r\n\r\n\r\n\r\n<p>Starflight Aviation \u00e4r ett privat\u00e4gt flygbolag som tillhandah\u00e5ller kurir- och frakttj\u00e4nster samt privata charterflygningar. F\u00f6retaget grundades den 13 juni 1989 och har sitt huvudkontor i Farnborough, Hampshire.<\/p>\r\n\r\n\r\n\r\n<p>F\u00f6retaget arrangerar charterflyg f\u00f6r chefer och VIP-personer och hyr jetplan, helikoptrar och turboprops fr\u00e5n tredjepartsflygbolag. Starflight Aviation betj\u00e4nar kunder \u00f6ver hela v\u00e4rlden, inklusive USA, Storbritannien och Europa. De erbjuder en 100% tillg\u00e4nglighetsgaranti med 24 timmars varsel.<\/p>\r\n\r\n\r\n\r\n<h2 class=\"wp-block-heading\"><span class=\"ez-toc-section\" id=\"On-Demand_Charter\"><\/span>Charter p\u00e5 beg\u00e4ran<span class=\"ez-toc-section-end\"><\/span><\/h2>\r\n\r\n\r\n\r\n<figure class=\"wp-block-image size-full is-style-default\"><img loading=\"lazy\" decoding=\"async\" width=\"1000\" height=\"667\" class=\"wp-image-3137\" src=\"https:\/\/comparemyjet.com\/wp-content\/uploads\/2022\/07\/two.private.jet_.pilots.jpg\" alt=\"Starflight Aviation\" srcset=\"https:\/\/comparemyjet.com\/wp-content\/uploads\/2022\/07\/two.private.jet_.pilots-18x12.jpg 18w, https:\/\/comparemyjet.com\/wp-content\/uploads\/2022\/07\/two.private.jet_.pilots-300x200.jpg 300w, https:\/\/comparemyjet.com\/wp-content\/uploads\/2022\/07\/two.private.jet_.pilots-768x512.jpg 768w, https:\/\/comparemyjet.com\/wp-content\/uploads\/2022\/07\/two.private.jet_.pilots.jpg 1000w\" sizes=\"auto, (max-width: 1000px) 100vw, 1000px\" \/><\/figure>\r\n\r\n\r\n\r\n<p>Starflight Aviation \u00e4r en av de mest v\u00e4lrenommerade charterm\u00e4klarna, som har varit verksam i 30 \u00e5r. Oavsett om du tar en snabb helikoptertur eller en l\u00e5ngdistansflygning i ett lyxflygplan f\u00e5r du bara den b\u00e4sta servicen, den snyggaste inredningen och massor av bekv\u00e4mligheter.\u00a0<\/p>\r\n\r\n\r\n\r\n<p>F\u00f6retaget har organiserat och genomf\u00f6rt internationella turn\u00e9er f\u00f6r n\u00e5gra av historiens mest k\u00e4nda artister och grupper, fr\u00e5n enmansband till hela symfoniorkestrar. Deras h\u00e4ngivenhet att tillhandah\u00e5lla utm\u00e4rkt service och orubblig uppm\u00e4rksamhet p\u00e5 detaljer skiljer dem fr\u00e5n konkurrenterna.<\/p>\r\n\r\n\r\n\r\n<p>Starflight Aviation-personalen tar noggrant h\u00e4nsyn till dina resebehov, inklusive dina kostrestriktioner och tidningsl\u00e4sningsvanor innan de ordnar din flygresa.\u00a0<\/p>\r\n\r\n\r\n\r\n<h2 class=\"wp-block-heading\"><span class=\"ez-toc-section\" id=\"Company_Jet_Card_Program\"><\/span>F\u00f6retagets Jet Card-program<span class=\"ez-toc-section-end\"><\/span><\/h2>\r\n\r\n\r\n\r\n<p>Kunder som vill ha en kombination av garanterad tillg\u00e4nglighet, helt anpassningsbara villkor och all-inclusive-priser kommer att hitta vad de s\u00f6ker i Starflight Aviations' <a href=\"https:\/\/flystarflight.com\/#jetcard\" target=\"_blank\" rel=\"noopener\">Jet Card-l\u00f6sning<\/a>.\u00a0<\/p>\r\n\r\n\r\n\r\n<p>Starflight har skapat ett av de mest \u00f6ppna och bekv\u00e4ma Jet Cards som finns tillg\u00e4ngliga genom att avskaffa kostnaderna efter flygning och de avtalsm\u00e4ssiga begr\u00e4nsningar som finns i m\u00e5nga konkurrenters erbjudanden. Programmet \u00e4r ett av de b\u00e4sta f\u00f6rbetalda alternativen p\u00e5 marknaden. Det finns inga tidsgr\u00e4nser f\u00f6r att anv\u00e4nda dina miles, och det finns besparingar f\u00f6r tur- och returresor och en pengarna-tillbaka-garanti.<\/p>\r\n\r\n\r\n\r\n<p>Engagemanget f\u00f6r deras syfte framg\u00e5r av det vanliga inkluderandet av dess <a href=\"https:\/\/flystarflight.com\/#carbon-programme\" target=\"_blank\" rel=\"noopener\">Programmet Cool Earth Planet Positive<\/a>.<\/p>\r\n\r\n\r\n\r\n<h2 class=\"wp-block-heading\"><span class=\"ez-toc-section\" id=\"The_Fleet\"><\/span>Flottan<span class=\"ez-toc-section-end\"><\/span><\/h2>\r\n\r\n\r\n\r\n<p>Starflight Aviation Limited \u00e4r en m\u00e4klare f\u00f6r charterflyg, vilket inneb\u00e4r att f\u00f6retaget inte \u00e4ger n\u00e5gon flotta av jetplan. F\u00f6retaget samarbetar med ett stort n\u00e4tverk av tredjepartsdirektflygbolag och internationella direktflygbolag f\u00f6r att hitta det b\u00e4sta jetplanet f\u00f6r din resa.<\/p>\r\n\r\n\r\n\r\n<p>Starflight str\u00e4var alltid efter att tillhandah\u00e5lla f\u00f6rstklassig service, oavsett om passagerarna tar en snabb helikoptertur eller en l\u00e5ngresa i ett lyxflygplan, och d\u00e4rf\u00f6r har alla flygbolag fr\u00e5n tredje part de licenser som kr\u00e4vs enligt lag.<\/p>\r\n\r\n\r\n\r\n<h2 class=\"wp-block-heading\"><span class=\"ez-toc-section\" id=\"Starflight_Aviation_Carbon_Program\"><\/span>Starflight Aviation Carbon-programmet\u00a0<span class=\"ez-toc-section-end\"><\/span><\/h2>\r\n\r\n\r\n\r\n<figure class=\"wp-block-image size-full is-style-default\"><img loading=\"lazy\" decoding=\"async\" width=\"1000\" height=\"644\" class=\"wp-image-2974\" src=\"https:\/\/comparemyjet.com\/wp-content\/uploads\/2022\/06\/plane.in_.the_.sky_.against.polution.jpg\" alt=\"\" srcset=\"https:\/\/comparemyjet.com\/wp-content\/uploads\/2022\/06\/plane.in_.the_.sky_.against.polution-18x12.jpg 18w, https:\/\/comparemyjet.com\/wp-content\/uploads\/2022\/06\/plane.in_.the_.sky_.against.polution-300x193.jpg 300w, https:\/\/comparemyjet.com\/wp-content\/uploads\/2022\/06\/plane.in_.the_.sky_.against.polution-768x495.jpg 768w, https:\/\/comparemyjet.com\/wp-content\/uploads\/2022\/06\/plane.in_.the_.sky_.against.polution.jpg 1000w\" sizes=\"auto, (max-width: 1000px) 100vw, 1000px\" \/><\/figure>\r\n\r\n\r\n\r\n<p>Starlight Aviation har samarbetat med milj\u00f6aktivister och v\u00e4lg\u00f6renhetsorganisationer runt om i v\u00e4rlden f\u00f6r att kompensera effekterna av koldioxidutsl\u00e4pp.\u00a0<\/p>\r\n\r\n\r\n\r\n<p>Medan andra privata charterbolag ocks\u00e5 fokuserar p\u00e5 att kompensera sitt koldioxidavtryck tar Starflight Aviation ett steg l\u00e4ngre genom att ut\u00f6ka sina anstr\u00e4ngningar f\u00f6r att f\u00f6rhindra avskogning, hj\u00e4lpa lokalbefolkningen och ge kunderna ytterligare s\u00e4tt att kontrollera milj\u00f6effekterna av sina resor.\u00a0<\/p>\r\n\r\n\r\n\r\n<p>F\u00f6r att bidra till kampen mot avskogning och hj\u00e4lpa urbefolkningar som Ash\u00e1ninka i den peruanska Amazonas har Starflight Aviation g\u00e5tt samman med den innovativa v\u00e4lg\u00f6renhetsorganisationen <a href=\"https:\/\/www.coolearth.org\/\" target=\"_blank\" rel=\"noopener\">Cool Earth<\/a> \u00e5r 2009. Cool Earth och den <a href=\"https:\/\/www.survivalinternational.org\/galleries\/ashaninka\" target=\"_blank\" rel=\"noopener\">Ash\u00e1ninka<\/a> har kunnat samarbeta f\u00f6r att bevara n\u00e4stan 10 000 hektar regnskog i det peruanska Amazonasomr\u00e5det, eftersom regnskogarna spelar en central roll f\u00f6r att mildra effekterna av klimatkrisen.\u00a0<\/p>\r\n\r\n\r\n\r\n<p>Starflight Aviation lanserade sitt nya Planet Positive-program 2021 i samarbete med Cool Earth. Programmet syftar till att skapa h\u00e5llbara inkomstresurser i Afrika f\u00f6r att f\u00f6rb\u00e4ttra m\u00e4nniskors levnadsvillkor och bidra till att bevara regionens skogar.\u00a0<\/p>\r\n\r\n\r\n\r\n<p>Bolaget planerar ocks\u00e5 att inf\u00f6ra ett klimatneutralt program d\u00e4r kunderna kan kompensera f\u00f6r alla koldioxidutsl\u00e4pp fr\u00e5n varje flygning i samarbete med den ideella organisationen MyClimate.<\/p>\r\n\r\n\r\n\r\n<h2 class=\"wp-block-heading\"><span class=\"ez-toc-section\" id=\"Conclusion\"><\/span>Slutsats<span class=\"ez-toc-section-end\"><\/span><\/h2>\r\n\r\n\r\n\r\n<p>Starflight Aviation grundades 1989 som en charterm\u00e4klare som tillgodoser behoven hos k\u00e4ndisar, politiker, musiker och andra offentliga personer. Personalens uppm\u00e4rksamhet p\u00e5 detaljer g\u00f6r f\u00f6retaget till en av de b\u00e4sta charterm\u00e4klarna i v\u00e4rlden.<\/p>\r\n\r\n\r\n\r\n<p>En del av vinsten fr\u00e5n f\u00f6retagets Jet Card-program g\u00e5r till Carbon Responsible-programmet som de genomf\u00f6r f\u00f6r att bevara regnskogarna i den peruanska Amazonas. Programmet har funnits sedan 2009 och har bidragit till att skydda 8 500 hektar skog.<\/p>","protected":false},"excerpt":{"rendered":"<p>Starflite Aviation \u00e4r ett privat charterf\u00f6retag som har varit verksamt i \u00f6ver 30 \u00e5r. Detta USA-baserade f\u00f6retag har en global kundkrets och tillhandah\u00e5ller ofta transporttj\u00e4nster f\u00f6r musiker, artister, politiker och andra VIP-kunder.  L\u00e5t oss se vad de handlar om i mer detalj.  Om f\u00f6retaget Starflight Aviation \u00e4r ett privat\u00e4gt ...<\/p>","protected":false},"author":2,"featured_media":3483,"parent":0,"menu_order":0,"comment_status":"closed","ping_status":"closed","template":"","meta":{"_acf_changed":false,"_genesis_hide_title":false,"_genesis_hide_breadcrumbs":false,"_genesis_hide_singular_image":false,"_genesis_hide_footer_widgets":false,"_genesis_custom_body_class":"","_genesis_custom_post_class":"","_genesis_layout":"","footnotes":""},"class_list":{"1":"page","2":"type-page","6":"entry"},"acf":[],"_links":{"self":[{"href":"https:\/\/comparemyjet.com\/sv\/wp-json\/wp\/v2\/pages\/3482","targetHints":{"allow":["GET"]}}],"collection":[{"href":"https:\/\/comparemyjet.com\/sv\/wp-json\/wp\/v2\/pages"}],"about":[{"href":"https:\/\/comparemyjet.com\/sv\/wp-json\/wp\/v2\/types\/page"}],"author":[{"embeddable":true,"href":"https:\/\/comparemyjet.com\/sv\/wp-json\/wp\/v2\/users\/2"}],"replies":[{"embeddable":true,"href":"https:\/\/comparemyjet.com\/sv\/wp-json\/wp\/v2\/comments?post=3482"}],"version-history":[{"count":6,"href":"https:\/\/comparemyjet.com\/sv\/wp-json\/wp\/v2\/pages\/3482\/revisions"}],"predecessor-version":[{"id":3513,"href":"https:\/\/comparemyjet.com\/sv\/wp-json\/wp\/v2\/pages\/3482\/revisions\/3513"}],"wp:featuredmedia":[{"embeddable":true,"href":"https:\/\/comparemyjet.com\/sv\/wp-json\/wp\/v2\/media\/3483"}],"wp:attachment":[{"href":"https:\/\/comparemyjet.com\/sv\/wp-json\/wp\/v2\/media?parent=3482"}],"curies":[{"name":"wp","href":"https:\/\/api.w.org\/{rel}","templated":true}]}}