{"id":3559,"date":"2022-10-15T01:08:04","date_gmt":"2022-10-15T01:08:04","guid":{"rendered":"https:\/\/comparemyjet.com\/?page_id=3559"},"modified":"2025-09-04T10:03:18","modified_gmt":"2025-09-04T10:03:18","slug":"verijet","status":"publish","type":"page","link":"https:\/\/comparemyjet.com\/sv\/verijet\/","title":{"rendered":"Priss\u00e4ttning av VeriJet-flyg"},"content":{"rendered":"<p>Verijet \u00e4r ett innovativt flygbolag som skiljer sig fr\u00e5n andra flygbolag. <a href=\"https:\/\/comparemyjet.com\/sv\/hur-hyr-eller-chartrar-man-en-privatjet\/\" data-internallinksmanager029f6b8e52c=\"15\" title=\"Hur hyr eller chartrar du ett privat jetflygplan?\">privat jet charter<\/a> leverant\u00f6rerna enligt ett antal kriterier, varav de flesta kan sp\u00e5ras tillbaka till f\u00f6retagets flotta av Cirrus SF-50 Vision Jets. F\u00f6retaget grundades 2020 och har sitt huvudkontor i Vero Beach, Florida.<\/p>\r\n\r\n\r\n\r\n<p>F\u00f6r att g\u00f6ra flygningar mer prisv\u00e4rda har Verijet utvecklat en motor f\u00f6r optimering av flygningar och lanserat sin egen flotta av G2+ Vision Jets, som \u00e4r kraftfullare och b\u00e4ttre utrustade f\u00f6r att klara av sv\u00e5ra landningsbanor och l\u00e4ngre avst\u00e5nd. Dessa jetplan har exceptionella betyg n\u00e4r det g\u00e4ller s\u00e4kerhet och genomf\u00f6r 100% koldioxidneutrala flygningar.&nbsp;<\/p>\r\n\r\n\r\n\r\n<p>Efter en lyckad start i syd\u00f6stra USA har Verijet f\u00f6r avsikt att g\u00f6ra snabba och billiga privatflyg tillg\u00e4ngliga i hela USA.<\/p>\r\n\r\n\r\n\r\n<div id=\"ez-toc-container\" class=\"ez-toc-v2_0_76 counter-hierarchy ez-toc-counter ez-toc-grey ez-toc-container-direction\">\n<p class=\"ez-toc-title\" style=\"cursor:inherit\">\u00c4mnen<\/p>\n<label for=\"ez-toc-cssicon-toggle-item-69f467b73251c\" class=\"ez-toc-cssicon-toggle-label\"><span class=\"\"><span class=\"eztoc-hide\" style=\"display:none;\">V\u00e4xel<\/span><span class=\"ez-toc-icon-toggle-span\"><svg style=\"fill: #999;color:#999\" xmlns=\"http:\/\/www.w3.org\/2000\/svg\" class=\"list-377408\" width=\"20px\" height=\"20px\" viewbox=\"0 0 24 24\" fill=\"none\"><path d=\"M6 6H4v2h2V6zm14 0H8v2h12V6zM4 11h2v2H4v-2zm16 0H8v2h12v-2zM4 16h2v2H4v-2zm16 0H8v2h12v-2z\" fill=\"currentColor\"><\/path><\/svg><svg style=\"fill: #999;color:#999\" class=\"arrow-unsorted-368013\" xmlns=\"http:\/\/www.w3.org\/2000\/svg\" width=\"10px\" height=\"10px\" viewbox=\"0 0 24 24\" version=\"1.2\" baseprofile=\"tiny\"><path d=\"M18.2 9.3l-6.2-6.3-6.2 6.3c-.2.2-.3.4-.3.7s.1.5.3.7c.2.2.4.3.7.3h11c.3 0 .5-.1.7-.3.2-.2.3-.5.3-.7s-.1-.5-.3-.7zM5.8 14.7l6.2 6.3 6.2-6.3c.2-.2.3-.5.3-.7s-.1-.5-.3-.7c-.2-.2-.4-.3-.7-.3h-11c-.3 0-.5.1-.7.3-.2.2-.3.5-.3.7s.1.5.3.7z\"\/><\/svg><\/span><\/span><\/label><input type=\"checkbox\"  id=\"ez-toc-cssicon-toggle-item-69f467b73251c\" checked aria-label=\"V\u00e4xel\" \/><nav><ul class='ez-toc-list ez-toc-list-level-1' ><li class='ez-toc-page-1 ez-toc-heading-level-2'><a class=\"ez-toc-link ez-toc-heading-1\" href=\"https:\/\/comparemyjet.com\/sv\/verijet\/#About_the_Company\" >Om f\u00f6retaget<\/a><ul class='ez-toc-list-level-3' ><li class='ez-toc-heading-level-3'><a class=\"ez-toc-link ez-toc-heading-2\" href=\"https:\/\/comparemyjet.com\/sv\/verijet\/#The_G2_Vision_Jets_Fleet\" >G2+ Vision Jets-flottan<\/a><\/li><\/ul><\/li><li class='ez-toc-page-1 ez-toc-heading-level-2'><a class=\"ez-toc-link ez-toc-heading-3\" href=\"https:\/\/comparemyjet.com\/sv\/verijet\/#Pricing\" >Priss\u00e4ttning<\/a><\/li><li class='ez-toc-page-1 ez-toc-heading-level-2'><a class=\"ez-toc-link ez-toc-heading-4\" href=\"https:\/\/comparemyjet.com\/sv\/verijet\/#Company_Jet_Card_Programs\" >Jet Card-program f\u00f6r f\u00f6retag<\/a><ul class='ez-toc-list-level-3' ><li class='ez-toc-heading-level-3'><a class=\"ez-toc-link ez-toc-heading-5\" href=\"https:\/\/comparemyjet.com\/sv\/verijet\/#25_Hour_JetCard\" >JetCard f\u00f6r 25 timmar<\/a><\/li><li class='ez-toc-page-1 ez-toc-heading-level-3'><a class=\"ez-toc-link ez-toc-heading-6\" href=\"https:\/\/comparemyjet.com\/sv\/verijet\/#50_Hour_JetCard\" >JetCard f\u00f6r 50 timmar<\/a><\/li><li class='ez-toc-page-1 ez-toc-heading-level-3'><a class=\"ez-toc-link ez-toc-heading-7\" href=\"https:\/\/comparemyjet.com\/sv\/verijet\/#100_Hour_JetCard\" >JetCard f\u00f6r 100 timmar<\/a><\/li><\/ul><\/li><li class='ez-toc-page-1 ez-toc-heading-level-2'><a class=\"ez-toc-link ez-toc-heading-8\" href=\"https:\/\/comparemyjet.com\/sv\/verijet\/#The_Fleet\" >Flottan&nbsp;<\/a><ul class='ez-toc-list-level-4' ><li class='ez-toc-heading-level-4'><ul class='ez-toc-list-level-4' ><li class='ez-toc-heading-level-4'><a class=\"ez-toc-link ez-toc-heading-9\" href=\"https:\/\/comparemyjet.com\/sv\/verijet\/#Characteristics_of_The_Cirrus_SF-50_Vision_Jet\" >Egenskaper hos Cirrus SF-50 Vision Jet<\/a><\/li><\/ul><\/li><\/ul><\/li><li class='ez-toc-page-1 ez-toc-heading-level-2'><a class=\"ez-toc-link ez-toc-heading-10\" href=\"https:\/\/comparemyjet.com\/sv\/verijet\/#Company_Safety_Policy_and_Standards\" >F\u00f6retagets s\u00e4kerhetspolicy och s\u00e4kerhetsnormer<\/a><\/li><li class='ez-toc-page-1 ez-toc-heading-level-2'><a class=\"ez-toc-link ez-toc-heading-11\" href=\"https:\/\/comparemyjet.com\/sv\/verijet\/#Pilots\" >Piloter<\/a><\/li><li class='ez-toc-page-1 ez-toc-heading-level-2'><a class=\"ez-toc-link ez-toc-heading-12\" href=\"https:\/\/comparemyjet.com\/sv\/verijet\/#Partnerships\" >Partnerskap<\/a><\/li><li class='ez-toc-page-1 ez-toc-heading-level-2'><a class=\"ez-toc-link ez-toc-heading-13\" href=\"https:\/\/comparemyjet.com\/sv\/verijet\/#Conclusion\" >Slutsats<\/a><\/li><\/ul><\/nav><\/div>\n<h2 class=\"wp-block-heading\"><span class=\"ez-toc-section\" id=\"About_the_Company\"><\/span>Om f\u00f6retaget<span class=\"ez-toc-section-end\"><\/span><\/h2>\r\n\r\n\r\n\r\n<p>Richard Kane, Verijets styrelseordf\u00f6rande och VD, har arbetat inom telekommunikations- och flygindustrin, vilket inspirerade honom att starta f\u00f6retaget. Eftersom han \u00e4r en beg\u00e5vad pilot med v\u00e4rldshastighetsrekord och har expertis i att dirigera miljontals samtal per timme i realtid, har Verijet snabbt blivit det mest popul\u00e4ra charterf\u00f6retaget f\u00f6r privatjetar.<\/p>\r\n\r\n\r\n\r\n<p>Verijet har byggt ett optimeringssystem som kan ers\u00e4tta ett team av planerare med ett enda knapptryck. Som ett direkt resultat avst\u00e5r man fr\u00e5n ytterligare avgifter, vilket resulterar i l\u00e4gre flygpriser. Kane testade sin optimeringsprocess p\u00e5 ett kluster av virtuella maskiner som alla delade samma pool av minne och h\u00e5rddiskutrymme. Efter att ha unders\u00f6kt olika alternativ best\u00e4mde han sig f\u00f6r f\u00f6ljande. <a href=\"https:\/\/www.ibm.com\/cloud\/bare-metal-servers\" target=\"_blank\" rel=\"noopener\">IBM Cloud Bare Metal-servrar<\/a> p\u00e5 grund av deras stabilitet och ber\u00e4kningskraft i j\u00e4mf\u00f6relse med optimeringsmotorn, samt deras tillg\u00e5ng till IBM:s molnplattform och st\u00f6d fr\u00e5n tekniska ingenj\u00f6rer och r\u00e5dgivare.<\/p>\r\n\r\n\r\n\r\n<h3 class=\"wp-block-heading\"><span class=\"ez-toc-section\" id=\"The_G2_Vision_Jets_Fleet\"><\/span>G2+ Vision Jets-flottan<span class=\"ez-toc-section-end\"><\/span><\/h3>\r\n\r\n\r\n\r\n<figure class=\"wp-block-image size-full is-style-default\"><img loading=\"lazy\" decoding=\"async\" width=\"1000\" height=\"563\" src=\"https:\/\/comparemyjet.com\/wp-content\/uploads\/2022\/10\/G2-Vision-Jet-1.jpg\" alt=\"VeriJet\" class=\"wp-image-3562\" srcset=\"https:\/\/comparemyjet.com\/wp-content\/uploads\/2022\/10\/G2-Vision-Jet-1-18x10.jpg 18w, https:\/\/comparemyjet.com\/wp-content\/uploads\/2022\/10\/G2-Vision-Jet-1-300x169.jpg 300w, https:\/\/comparemyjet.com\/wp-content\/uploads\/2022\/10\/G2-Vision-Jet-1-768x432.jpg 768w, https:\/\/comparemyjet.com\/wp-content\/uploads\/2022\/10\/G2-Vision-Jet-1.jpg 1000w\" sizes=\"auto, (max-width: 1000px) 100vw, 1000px\" \/><\/figure>\r\n\r\n\r\n\r\n<p>Med hj\u00e4lp av den nya programvaran kunde Kane skapa sin egen flotta av sm\u00e5 och ekologiskt h\u00e5llbara jetplan. Dessa tysta jetplan med en enda pilot, m\u00e4rkta Vision Jets, hj\u00e4lpte honom att bygga upp optimeringsmotorn och arbeta mot n\u00e4sta steg i sin plan.<\/p>\r\n\r\n\r\n\r\n<p>Dessa privatjetflygplan \u00e4r utrustade med framtidsinriktade s\u00e4kerhets\u00e5tg\u00e4rder, som Cirrus Airplane Parachute System (CAPS) och knappen \"Safe Return\", som g\u00f6r det m\u00f6jligt att genomf\u00f6ra en n\u00f6dlandning med autopilot. <a href=\"https:\/\/www.faa.gov\/\" target=\"_blank\" rel=\"noopener\">Federal Aviation Administration (federala luftfartsmyndigheten)<\/a> var tvungna att g\u00e5 igenom n\u00e5gra extra hinder eftersom dessa funktioner \u00e4r s\u00e5 avancerade innan de kunde ge sin v\u00e4lsignelse till Vision Jets, vilket de till slut gjorde.<\/p>\r\n\r\n\r\n\r\n<p>Kanes behov av datorkraft \u00f6kar i takt med att b\u00e5de hans kundbas och hans Vision Jets-flotta v\u00e4xer. F\u00f6r att uppn\u00e5 detta m\u00e5l f\u00f6r han f\u00f6r n\u00e4rvarande samtal med Quantum Computing-teamet p\u00e5 IBM f\u00f6r att forts\u00e4tta sitt optimeringsarbete.<\/p>\r\n\r\n\r\n\r\n<p>Den nuvarande fasta kostnaden f\u00f6r en enkel resa f\u00f6r VeriJets tj\u00e4nst har varit tillg\u00e4nglig inom <a href=\"https:\/\/comparemyjet.com\/sv\/privata-turer\/orlando-private-tours\/\" data-internallinksmanager029f6b8e52c=\"429\" title=\"11 b\u00e4sta privata turer i Orlando fr\u00e5n $5.99\">Orlando<\/a>Florida, och Santa Maria Airport i Kalifornien sedan 2021. Nord\u00f6stra USA, Kanada och Europa finns alla med p\u00e5 listan \u00f6ver potentiella expansionsorter.<\/p>\r\n\r\n\r\n\r\n<h2 class=\"wp-block-heading\"><span class=\"ez-toc-section\" id=\"Pricing\"><\/span>Priss\u00e4ttning<span class=\"ez-toc-section-end\"><\/span><\/h2>\r\n\r\n\r\n\r\n<p>Den nuvarande prisstrukturen \u00e4r okomplicerad. Kunderna betalar minst 60 minuters flygtid och en federal punktskatt p\u00e5 7,5%, vilket ger en total summa p\u00e5 $3 000 per timme.&nbsp;<\/p>\r\n\r\n\r\n\r\n<h2 class=\"wp-block-heading\"><span class=\"ez-toc-section\" id=\"Company_Jet_Card_Programs\"><\/span>Jet Card-program f\u00f6r f\u00f6retag<span class=\"ez-toc-section-end\"><\/span><\/h2>\r\n\r\n\r\n\r\n<figure class=\"wp-block-image size-full is-style-default\"><img loading=\"lazy\" decoding=\"async\" width=\"1000\" height=\"442\" src=\"https:\/\/comparemyjet.com\/wp-content\/uploads\/2022\/09\/little.plane_.in_.the_.hand_.of_.a.businessman.jpg\" alt=\"\" class=\"wp-image-3335\" srcset=\"https:\/\/comparemyjet.com\/wp-content\/uploads\/2022\/09\/little.plane_.in_.the_.hand_.of_.a.businessman-18x8.jpg 18w, https:\/\/comparemyjet.com\/wp-content\/uploads\/2022\/09\/little.plane_.in_.the_.hand_.of_.a.businessman-300x133.jpg 300w, https:\/\/comparemyjet.com\/wp-content\/uploads\/2022\/09\/little.plane_.in_.the_.hand_.of_.a.businessman-768x339.jpg 768w, https:\/\/comparemyjet.com\/wp-content\/uploads\/2022\/09\/little.plane_.in_.the_.hand_.of_.a.businessman.jpg 1000w\" sizes=\"auto, (max-width: 1000px) 100vw, 1000px\" \/><\/figure>\r\n\r\n\r\n\r\n<p>N\u00e4r kunderna k\u00f6per ett Verijet JetCard f\u00e5r de bokningsf\u00f6retr\u00e4de och har m\u00f6jlighet att k\u00f6pa block av flygtid som \u00e4r 25, 50 eller 100 timmar l\u00e5nga. L\u00e5t oss utforska dessa alternativ.<\/p>\r\n\r\n\r\n\r\n<h3 class=\"wp-block-heading\"><span class=\"ez-toc-section\" id=\"25_Hour_JetCard\"><\/span>JetCard f\u00f6r 25 timmar<span class=\"ez-toc-section-end\"><\/span><\/h3>\r\n\r\n\r\n\r\n<p>Jetkortet f\u00f6r 25 timmar kostar $81 250 att k\u00f6pa, och timpriset f\u00f6r varje flygning \u00e4r $3 250 fast. Det finns ingen medlemsavgift, s\u00e5 ink\u00f6pspriset \u00e4r i sj\u00e4lva verket en deposition fr\u00e5n vilken timpriset dras av vid varje flygning.&nbsp;<\/p>\r\n\r\n\r\n\r\n<ul class=\"wp-block-list\"><li>Till\u00e4ggsavgifter kan tillkomma.&nbsp;<\/li><li>Det finns inget dagligt minimum.&nbsp;<\/li><li>Kortet \u00e4r giltigt i ett \u00e5r. Husdjur \u00e4r v\u00e4lkomna ombord.&nbsp;<\/li><li>Det kr\u00e4vs minst en timmes flygtid.&nbsp;<\/li><li>Avbokningsfristen \u00e4r 72 timmar f\u00f6re flygning och det finns inga spetsdagar.<\/li><\/ul>\r\n\r\n\r\n\r\n<h3 class=\"wp-block-heading\"><span class=\"ez-toc-section\" id=\"50_Hour_JetCard\"><\/span>JetCard f\u00f6r 50 timmar<span class=\"ez-toc-section-end\"><\/span><\/h3>\r\n\r\n\r\n\r\n<p>Jet Card 50 timmar kostar $152 500 att k\u00f6pa och timpriset f\u00f6r varje flygning \u00e4r $3 050 fast.&nbsp;<\/p>\r\n\r\n\r\n\r\n<ul class=\"wp-block-list\"><li>Inga medlemsavgifter.&nbsp;<\/li><li>Till\u00e4ggsavgifter kan tillkomma.&nbsp;<\/li><li>Det finns inget dagligt minimum.&nbsp;<\/li><li>Kortet \u00e4r giltigt i 15 m\u00e5nader.<\/li><li>Husdjur \u00e4r v\u00e4lkomna ombord.&nbsp;<\/li><li>Det kr\u00e4vs minst en timmes flygtid.&nbsp;<\/li><li>Avbokningsfristen \u00e4r 48 timmar f\u00f6re flygning och det finns inga spetsdagar.<\/li><\/ul>\r\n\r\n\r\n\r\n<h3 class=\"wp-block-heading\"><span class=\"ez-toc-section\" id=\"100_Hour_JetCard\"><\/span>JetCard f\u00f6r 100 timmar<span class=\"ez-toc-section-end\"><\/span><\/h3>\r\n\r\n\r\n\r\n<p>Jetkortet f\u00f6r 50 timmar kostar $275 000 att k\u00f6pa, och timpriset f\u00f6r varje flygning \u00e4r $2 750 fast.&nbsp;<\/p>\r\n\r\n\r\n\r\n<ul class=\"wp-block-list\"><li>Det finns ingen medlemsavgift.&nbsp;<\/li><li>Till\u00e4ggsavgifter kan tillkomma.&nbsp;<\/li><li>Det finns ett dagligt minimum.&nbsp;<\/li><li>Kortet \u00e4r giltigt i 18 m\u00e5nader.&nbsp;<\/li><li>Husdjur \u00e4r v\u00e4lkomna ombord.&nbsp;<\/li><li>Det kr\u00e4vs minst en timmes flygtid.&nbsp;<\/li><li>Avbokningsfristen \u00e4r 120 timmar f\u00f6re flygning och inga spetsdagar.<\/li><\/ul>\r\n\r\n\r\n\r\n<p>Du kan se j\u00e4mf\u00f6relsen av jetkorten sida vid sida och g\u00f6ra en bokning p\u00e5 f\u00f6ljande <a href=\"https:\/\/www.verijet.com\/Verijet-JetCard\" target=\"_blank\" rel=\"noopener\">l\u00e4nk<\/a>.<\/p>\r\n\r\n\r\n\r\n<h2 class=\"wp-block-heading\"><span class=\"ez-toc-section\" id=\"The_Fleet\"><\/span>Flottan&nbsp;<span class=\"ez-toc-section-end\"><\/span><\/h2>\r\n\r\n\r\n\r\n<figure class=\"wp-block-image is-style-default\"><img decoding=\"async\" src=\"https:\/\/comparemyjet.com\/wp-content\/uploads\/ccVHG_SOHNe_ne2YdOrnGlWyXNclOSUinAFhoJmSXeT1HEmx4_1GOoLo9bqXbbqWticFT5_gfpez-U2nynnVY1wK9aDdTTij7wffVow9ytmtX1sM-S9ozw2of6wQiRhT6xGbMrqx6IOtteUpDLtWJRQd3QDb9JnlE6RZlXwhUIBVNHG1dIz8FBQHUA.jpg\" alt=\"\"\/><\/figure>\r\n\r\n\r\n\r\n<p>Cirrus SF-50 Vision Jet drivs av en enda kryssningsmissilmotor. Detta g\u00f6r det m\u00f6jligt f\u00f6r jetplanen att flyga l\u00e5gt och l\u00e5ngsamt, samtidigt som de bara l\u00e4mnar efter sig en niondel av de koldioxidutsl\u00e4pp som ett typiskt privatflygplan g\u00f6r. Eftersom Vision Jets kan f\u00f6rbr\u00e4nna fyra olika typer av biobr\u00e4nsle kan de genomf\u00f6ra flygningar som \u00e4r helt fria fr\u00e5n koldioxidutsl\u00e4pp.<\/p>\r\n\r\n\r\n\r\n<p>Milj\u00f6f\u00f6rdelarna med dessa element \u00e4r dock inte det enda sk\u00e4let till att de \u00e4r \u00f6nskv\u00e4rda. De g\u00f6r det ocks\u00e5 m\u00f6jligt f\u00f6r Verijet att bedriva verksamhet p\u00e5 m\u00e5nga flygplatser, vilket p\u00e5skyndar transporten av kunderna till deras slutdestinationer.<\/p>\r\n\r\n\r\n\r\n<h4 class=\"wp-block-heading\"><span class=\"ez-toc-section\" id=\"Characteristics_of_The_Cirrus_SF-50_Vision_Jet\"><\/span>Egenskaper hos Cirrus SF-50 Vision Jet<span class=\"ez-toc-section-end\"><\/span><\/h4>\r\n\r\n\r\n\r\n<p>Cirrus Aircraft Vision Jet \u00e4r resultatet av ett obevekligt forsknings- och utvecklingsarbete. Dess prestanda \u00e4r exceptionell och den \u00e4r l\u00e4tt att flyga och underh\u00e5lla. Vision Jet har f\u00e5tt mycket ber\u00f6m och erk\u00e4nnande, bland annat Robert J. Collier Trophy.&nbsp;<\/p>\r\n\r\n\r\n\r\n<p>Kolfiberstrukturen ger en k\u00e4nsla av rymd i flygplanet, med f\u00f6rv\u00e5nansv\u00e4rt gott huvud- och axelutrymme och breda f\u00f6nster. Kabinen utformades f\u00f6r att vara den st\u00f6rsta i sin kategori.<\/p>\r\n\r\n\r\n\r\n<p>Underh\u00e5llningsdisplayen kan anslutas till de flesta enheter, och mittkonsolen kan omvandlas till en modern arbetsplats f\u00f6r passagerarna.<\/p>\r\n\r\n\r\n\r\n<p>WiFi tillhandah\u00e5lls av Gogo InFlight Wi-Fi, och tack vare USB-C-portar kan passagerarnas elektroniska prylar forts\u00e4tta att laddas n\u00e4r de \u00e4r i luften.<\/p>\r\n\r\n\r\n\r\n<p>Dessutom tillverkas jetplanen i en omfattande f\u00e4rgpalett f\u00f6r att tillgodose alla estetiska \u00f6nskem\u00e5l, med lyxiga l\u00e4derinredningar och tillbeh\u00f6r f\u00f6r kl\u00e4dsel. Passagerarna har extra m\u00e5ngsidighet med totalt 28 olika sittarrangemang tack vare att varje kabins\u00e4te \u00e4r helt modul\u00e4rt och enkelt kan tas bort vid behov.<\/p>\r\n\r\n\r\n\r\n<p>Specifikationer:<\/p>\r\n\r\n\r\n\r\n<ul class=\"wp-block-list\"><li>Passagerare: 7;<\/li><li>Full l\u00e4ngd: 30 fot 7 tum;&nbsp;<\/li><li>Vingsp\u00e4nnvidd: 38 fot 7 tum;&nbsp;<\/li><li>Full h\u00f6jd: 3,5 meter;<\/li><li>Kabinens h\u00f6jd: 4 fot 1 tum;<\/li><li>Bredd p\u00e5 hytten: 5 fot 1 tum;&nbsp;<\/li><li>Stigningshastighet: 1 609 ft\/min;<\/li><li>H\u00f6gsta marschfart: 311 ktas;<\/li><li>Maximal r\u00e4ckvidd f\u00f6r flygning: 1 275 nm;<\/li><li>Panoramaf\u00f6nster;<\/li><li>Tryckfylld kabin;<\/li><li>Klimatkontroll bak\u00e5t;<\/li><li>Accentbelysning<\/li><\/ul>\r\n\r\n\r\n\r\n<h2 class=\"wp-block-heading\"><span class=\"ez-toc-section\" id=\"Company_Safety_Policy_and_Standards\"><\/span>F\u00f6retagets s\u00e4kerhetspolicy och s\u00e4kerhetsnormer<span class=\"ez-toc-section-end\"><\/span><\/h2>\r\n\r\n\r\n\r\n<p>Under COVID-19-epidemin genomf\u00f6rdes en fullst\u00e4ndig sanering av flygplanet b\u00e5de f\u00f6re och efter start. Passagerarna rapporterade att de k\u00e4nde sig exceptionellt trygga under hela tiden, och flygplanets koldioxidavtryck var en niondel av ett medelstort jetplan.<\/p>\r\n\r\n\r\n\r\n<p>Det flygplan som VeriJet erbjuder har ett Cirrus Airframe Parachute System och en Safe ReturnTM-automatisk n\u00f6dlandning. Safe Return-autolandningen f\u00f6r n\u00f6dlandning ger ett nytt alternativ f\u00f6r att skydda passagerarna genom att piloten kan landa jetplanet i en n\u00f6dsituation med en enkel knapptryckning. Detta g\u00f6r autoland till ett utm\u00e4rkt till\u00e4gg till Vision Jet.<\/p>\r\n\r\n\r\n\r\n<h2 class=\"wp-block-heading\"><span class=\"ez-toc-section\" id=\"Pilots\"><\/span>Piloter<span class=\"ez-toc-section-end\"><\/span><\/h2>\r\n\r\n\r\n\r\n<figure class=\"wp-block-image size-full is-style-default\"><img loading=\"lazy\" decoding=\"async\" width=\"1000\" height=\"667\" src=\"https:\/\/comparemyjet.com\/wp-content\/uploads\/2022\/09\/pilot.boarding.on_.a.private.jet_.jpg\" alt=\"\" class=\"wp-image-3231\" srcset=\"https:\/\/comparemyjet.com\/wp-content\/uploads\/2022\/09\/pilot.boarding.on_.a.private.jet_-18x12.jpg 18w, https:\/\/comparemyjet.com\/wp-content\/uploads\/2022\/09\/pilot.boarding.on_.a.private.jet_-300x200.jpg 300w, https:\/\/comparemyjet.com\/wp-content\/uploads\/2022\/09\/pilot.boarding.on_.a.private.jet_-768x512.jpg 768w, https:\/\/comparemyjet.com\/wp-content\/uploads\/2022\/09\/pilot.boarding.on_.a.private.jet_.jpg 1000w\" sizes=\"auto, (max-width: 1000px) 100vw, 1000px\" \/><\/figure>\r\n\r\n\r\n\r\n<p>Varje Vision Jet har som standard en f\u00f6rstklassig pilotutbildning p\u00e5 Vision Center Campus.<\/p>\r\n\r\n\r\n\r\n<h2 class=\"wp-block-heading\"><span class=\"ez-toc-section\" id=\"Partnerships\"><\/span>Partnerskap<span class=\"ez-toc-section-end\"><\/span><\/h2>\r\n\r\n\r\n\r\n<p>Coflyt \u00e4r en intelligent flygprogramvara som ger flygplans\u00e4gare, f\u00f6retag och flygorganisationer den sinnesro de beh\u00f6ver f\u00f6r att kunna driva sina flygplan.&nbsp;<\/p>\r\n\r\n\r\n\r\n<p>Coflyt utvecklades av piloter f\u00f6r att g\u00f6ra \u00e4gandet av flygplan effektivare. Det centraliserar flygjournaler, uppr\u00e4tth\u00e5ller flygkartor, analyserar prestanda, visar flygplanets tillg\u00e4nglighet, ger statusuppdateringar till flygplan och reservdelsleverant\u00f6rer och f\u00f6renklar bland annat betalningar. VeriJet Cirrus-flottan hanteras med <a href=\"https:\/\/coflyt.com\/verijet\/\" target=\"_blank\" rel=\"noopener\">Coflyt<\/a>och anv\u00e4nder sig av branschledande patenterad artificiell intelligens och datorteknik.<\/p>\r\n\r\n\r\n\r\n<h2 class=\"wp-block-heading\"><span class=\"ez-toc-section\" id=\"Conclusion\"><\/span>Slutsats<span class=\"ez-toc-section-end\"><\/span><\/h2>\r\n\r\n\r\n\r\n<p>N\u00e4r en kund anv\u00e4nder Verijet f\u00f6r att s\u00f6ka efter en privat resa kan de enligt Richard Kane ge honom eller henne en offert direkt och besvara hans eller hennes f\u00f6rfr\u00e5gan omedelbart. Artificiell intelligens har redan verifierat att allt \u00e4r s\u00e4kert, legitimt och leveranss\u00e4kert, och priss\u00e4ttningen har fastst\u00e4llts i sten. P\u00e5 grund av denna m\u00f6jlighet \u00e4r privatflygning nu tillg\u00e4nglig f\u00f6r alla p\u00e5 ett s\u00e4tt som tidigare inte var m\u00f6jligt.<\/p>","protected":false},"excerpt":{"rendered":"<p>Verijet \u00e4r ett innovativt flygbolag som skiljer sig fr\u00e5n andra privata jetcharterleverant\u00f6rer genom ett antal kriterier, varav de flesta kan sp\u00e5ras tillbaka till f\u00f6retagets flotta av Cirrus SF-50 Vision Jets. F\u00f6retaget grundades 2020 och har sitt huvudkontor i Vero Beach, Florida. De g\u00f6r flygningar ...<\/p>","protected":false},"author":1,"featured_media":3564,"parent":0,"menu_order":0,"comment_status":"closed","ping_status":"closed","template":"","meta":{"_acf_changed":false,"_genesis_hide_title":false,"_genesis_hide_breadcrumbs":false,"_genesis_hide_singular_image":false,"_genesis_hide_footer_widgets":false,"_genesis_custom_body_class":"","_genesis_custom_post_class":"","_genesis_layout":"","footnotes":""},"class_list":{"1":"page","2":"type-page","6":"entry"},"acf":[],"_links":{"self":[{"href":"https:\/\/comparemyjet.com\/sv\/wp-json\/wp\/v2\/pages\/3559","targetHints":{"allow":["GET"]}}],"collection":[{"href":"https:\/\/comparemyjet.com\/sv\/wp-json\/wp\/v2\/pages"}],"about":[{"href":"https:\/\/comparemyjet.com\/sv\/wp-json\/wp\/v2\/types\/page"}],"author":[{"embeddable":true,"href":"https:\/\/comparemyjet.com\/sv\/wp-json\/wp\/v2\/users\/1"}],"replies":[{"embeddable":true,"href":"https:\/\/comparemyjet.com\/sv\/wp-json\/wp\/v2\/comments?post=3559"}],"version-history":[{"count":3,"href":"https:\/\/comparemyjet.com\/sv\/wp-json\/wp\/v2\/pages\/3559\/revisions"}],"predecessor-version":[{"id":9415,"href":"https:\/\/comparemyjet.com\/sv\/wp-json\/wp\/v2\/pages\/3559\/revisions\/9415"}],"wp:featuredmedia":[{"embeddable":true,"href":"https:\/\/comparemyjet.com\/sv\/wp-json\/wp\/v2\/media\/3564"}],"wp:attachment":[{"href":"https:\/\/comparemyjet.com\/sv\/wp-json\/wp\/v2\/media?parent=3559"}],"curies":[{"name":"wp","href":"https:\/\/api.w.org\/{rel}","templated":true}]}}