{"id":4399,"date":"2023-02-13T21:10:28","date_gmt":"2023-02-13T21:10:28","guid":{"rendered":"https:\/\/comparemyjet.com\/?page_id=4399"},"modified":"2025-09-04T09:58:16","modified_gmt":"2025-09-04T09:58:16","slug":"delta-private-jets","status":"publish","type":"page","link":"https:\/\/comparemyjet.com\/sv\/delta-private-jets\/","title":{"rendered":"Delta Private Jets medlemskap Priss\u00e4ttning"},"content":{"rendered":"<p>Delta Air Lines \u00e4r det ledande flygbolaget i v\u00e4rlden n\u00e4r det g\u00e4ller varor, tj\u00e4nster, innovation, tillf\u00f6rlitlighet och kundupplevelse i USA. F\u00f6retaget erbjuder en reseupplevelse i v\u00e4rldsklass samtidigt som det ger en branschledande avkastning till aktie\u00e4garna.&nbsp;<\/p>\r\n\r\n\r\n\r\n<p>Delta private jets, flygbolagets chartertj\u00e4nst, har ing\u00e5tt ett samarbete med det fr\u00e4msta varum\u00e4rket f\u00f6r privatflyg. <a href=\"https:\/\/comparemyjet.com\/sv\/hjul-upp\/\" data-internallinksmanager029f6b8e52c=\"73\" title=\"Priss\u00e4ttning f\u00f6r medlemskap i Wheels Up\">Hjul upp<\/a> f\u00f6r att ytterligare erbjuda privata flygresen\u00e4rer unika upplevelser och kvalitetsresor.&nbsp;&nbsp;<\/p>\r\n\r\n\r\n\r\n<p>L\u00e5t oss se vad detta partnerskap mellan tv\u00e5 ledande flygbolag erbjuder flygare.<\/p>\r\n\r\n\r\n\r\n<div id=\"ez-toc-container\" class=\"ez-toc-v2_0_76 counter-hierarchy ez-toc-counter ez-toc-grey ez-toc-container-direction\">\n<p class=\"ez-toc-title\" style=\"cursor:inherit\">\u00c4mnen<\/p>\n<label for=\"ez-toc-cssicon-toggle-item-69f618dcf22b8\" class=\"ez-toc-cssicon-toggle-label\"><span class=\"\"><span class=\"eztoc-hide\" style=\"display:none;\">V\u00e4xel<\/span><span class=\"ez-toc-icon-toggle-span\"><svg style=\"fill: #999;color:#999\" xmlns=\"http:\/\/www.w3.org\/2000\/svg\" class=\"list-377408\" width=\"20px\" height=\"20px\" viewbox=\"0 0 24 24\" fill=\"none\"><path d=\"M6 6H4v2h2V6zm14 0H8v2h12V6zM4 11h2v2H4v-2zm16 0H8v2h12v-2zM4 16h2v2H4v-2zm16 0H8v2h12v-2z\" fill=\"currentColor\"><\/path><\/svg><svg style=\"fill: #999;color:#999\" class=\"arrow-unsorted-368013\" xmlns=\"http:\/\/www.w3.org\/2000\/svg\" width=\"10px\" height=\"10px\" viewbox=\"0 0 24 24\" version=\"1.2\" baseprofile=\"tiny\"><path d=\"M18.2 9.3l-6.2-6.3-6.2 6.3c-.2.2-.3.4-.3.7s.1.5.3.7c.2.2.4.3.7.3h11c.3 0 .5-.1.7-.3.2-.2.3-.5.3-.7s-.1-.5-.3-.7zM5.8 14.7l6.2 6.3 6.2-6.3c.2-.2.3-.5.3-.7s-.1-.5-.3-.7c-.2-.2-.4-.3-.7-.3h-11c-.3 0-.5.1-.7.3-.2.2-.3.5-.3.7s.1.5.3.7z\"\/><\/svg><\/span><\/span><\/label><input type=\"checkbox\"  id=\"ez-toc-cssicon-toggle-item-69f618dcf22b8\" checked aria-label=\"V\u00e4xel\" \/><nav><ul class='ez-toc-list ez-toc-list-level-1' ><li class='ez-toc-page-1 ez-toc-heading-level-2'><a class=\"ez-toc-link ez-toc-heading-1\" href=\"https:\/\/comparemyjet.com\/sv\/delta-private-jets\/#Company_History\" >F\u00f6retagets historia<\/a><\/li><li class='ez-toc-page-1 ez-toc-heading-level-2'><a class=\"ez-toc-link ez-toc-heading-2\" href=\"https:\/\/comparemyjet.com\/sv\/delta-private-jets\/#Delta_Private_Jets_Wheels_Up\" >Delta Private Jets + Wheels Up<\/a><\/li><li class='ez-toc-page-1 ez-toc-heading-level-2'><a class=\"ez-toc-link ez-toc-heading-3\" href=\"https:\/\/comparemyjet.com\/sv\/delta-private-jets\/#The_Fleet\" >Flottan<\/a><ul class='ez-toc-list-level-3' ><li class='ez-toc-heading-level-3'><a class=\"ez-toc-link ez-toc-heading-4\" href=\"https:\/\/comparemyjet.com\/sv\/delta-private-jets\/#1_Turboprop\" >1. Turboprop<\/a><ul class='ez-toc-list-level-4' ><li class='ez-toc-heading-level-4'><a class=\"ez-toc-link ez-toc-heading-5\" href=\"https:\/\/comparemyjet.com\/sv\/delta-private-jets\/#Our_recommendation_The_King_Air_350\" >V\u00e5r rekommendation: King Air 350<\/a><\/li><\/ul><\/li><li class='ez-toc-page-1 ez-toc-heading-level-3'><a class=\"ez-toc-link ez-toc-heading-6\" href=\"https:\/\/comparemyjet.com\/sv\/delta-private-jets\/#2_Light_Private_Jets\" >2. L\u00e4tta privatjetflygplan<\/a><ul class='ez-toc-list-level-4' ><li class='ez-toc-heading-level-4'><a class=\"ez-toc-link ez-toc-heading-7\" href=\"https:\/\/comparemyjet.com\/sv\/delta-private-jets\/#Our_Recommendation_The_Hawker_400XP\" >V\u00e5r rekommendation: Hawker 400XP<\/a><\/li><\/ul><\/li><li class='ez-toc-page-1 ez-toc-heading-level-3'><a class=\"ez-toc-link ez-toc-heading-8\" href=\"https:\/\/comparemyjet.com\/sv\/delta-private-jets\/#3_Midsize_Private_Jets\" >3. Medelstora privata jetplan<\/a><ul class='ez-toc-list-level-4' ><li class='ez-toc-heading-level-4'><a class=\"ez-toc-link ez-toc-heading-9\" href=\"https:\/\/comparemyjet.com\/sv\/delta-private-jets\/#Our_Recommendation_The_Citation_ExcelXLS\" >V\u00e5r rekommendation: Citation Excel\/XLS<\/a><\/li><\/ul><\/li><li class='ez-toc-page-1 ez-toc-heading-level-3'><a class=\"ez-toc-link ez-toc-heading-10\" href=\"https:\/\/comparemyjet.com\/sv\/delta-private-jets\/#4_Super-Midsize_Private_Jets\" >4. Super-Midsize Private Jets&nbsp;<\/a><ul class='ez-toc-list-level-4' ><li class='ez-toc-heading-level-4'><a class=\"ez-toc-link ez-toc-heading-11\" href=\"https:\/\/comparemyjet.com\/sv\/delta-private-jets\/#Our_Recommendation_The_Citation_X\" >V\u00e5r rekommendation: Citation X<\/a><\/li><\/ul><\/li><li class='ez-toc-page-1 ez-toc-heading-level-3'><a class=\"ez-toc-link ez-toc-heading-12\" href=\"https:\/\/comparemyjet.com\/sv\/delta-private-jets\/#5_Large_Private_Jets\" >5. Stora privata jetplan<\/a><ul class='ez-toc-list-level-4' ><li class='ez-toc-heading-level-4'><a class=\"ez-toc-link ez-toc-heading-13\" href=\"https:\/\/comparemyjet.com\/sv\/delta-private-jets\/#Our_Recommendation_The_Gulfstream_G450\" >V\u00e5r rekommendation: Gulfstream G450<\/a><\/li><\/ul><\/li><\/ul><\/li><li class='ez-toc-page-1 ez-toc-heading-level-2'><a class=\"ez-toc-link ez-toc-heading-14\" href=\"https:\/\/comparemyjet.com\/sv\/delta-private-jets\/#Conclusion\" >Slutsats<\/a><\/li><\/ul><\/nav><\/div>\n<h2 class=\"wp-block-heading\"><span class=\"ez-toc-section\" id=\"Company_History\"><\/span>F\u00f6retagets historia<span class=\"ez-toc-section-end\"><\/span><\/h2>\r\n\r\n\r\n\r\n<p>Delta Private Jets grundades 2001. F\u00f6retagets verksamhet upph\u00f6rde den 31 januari 2020 efter att det g\u00e5tt samman med Wheels Up.<\/p>\r\n\r\n\r\n\r\n<h2 class=\"wp-block-heading\"><span class=\"ez-toc-section\" id=\"Delta_Private_Jets_Wheels_Up\"><\/span>Delta Private Jets + Wheels Up<span class=\"ez-toc-section-end\"><\/span><\/h2>\r\n\r\n\r\n\r\n<figure class=\"wp-block-image size-full is-style-default\"><img loading=\"lazy\" decoding=\"async\" width=\"1000\" height=\"667\" src=\"https:\/\/comparemyjet.com\/wp-content\/uploads\/Executives-from-Wheels-Up-congregate-outside-the-New-York-Stock-Exchange.jpg\" alt=\"Chefer fr\u00e5n Wheels Up samlas utanf\u00f6r New York Stock Exchange. \" class=\"wp-image-4401\" srcset=\"https:\/\/comparemyjet.com\/wp-content\/uploads\/Executives-from-Wheels-Up-congregate-outside-the-New-York-Stock-Exchange-18x12.jpg 18w, https:\/\/comparemyjet.com\/wp-content\/uploads\/Executives-from-Wheels-Up-congregate-outside-the-New-York-Stock-Exchange-300x200.jpg 300w, https:\/\/comparemyjet.com\/wp-content\/uploads\/Executives-from-Wheels-Up-congregate-outside-the-New-York-Stock-Exchange-768x512.jpg 768w, https:\/\/comparemyjet.com\/wp-content\/uploads\/Executives-from-Wheels-Up-congregate-outside-the-New-York-Stock-Exchange.jpg 1000w\" sizes=\"auto, (max-width: 1000px) 100vw, 1000px\" \/><\/figure>\r\n\r\n\r\n\r\n<p>Wheels Up och Delta har genomf\u00f6rt en banbrytande transaktion genom att kombinera Delta Private Jets och Wheels Up f\u00f6r att erbjuda kunderna plattforms\u00f6vergripande f\u00f6rm\u00e5ner.De sammanslagna f\u00f6retagen erbjuder plattforms\u00f6vergripande f\u00f6rm\u00e5ner f\u00f6r nuvarande och framtida Wheels Up- och Delta-kunder som \u00e4r unika inom den privata flygbranschen.<\/p>\r\n\r\n\r\n\r\n<p>Denna sammanslagning kombinerar Wheels Up:s medlemsprogram, unika digitala plattform och internationella erfarenheter med Delta Private Jets erk\u00e4nda p\u00e5litlighet, s\u00e4kerhet, kvalitet och r\u00e4ckvidd. Med ungef\u00e4r 200 flygplan, fr\u00e5n King Air 350i till tunga jetplan, bildar kombinationen en av v\u00e4rldens st\u00f6rsta \u00e4gda och drivna privata flygplansflottor. Wheels Up \u00e4r v\u00e4l positionerat f\u00f6r att tillgodose resebehoven hos sina \u00f6ver 8 000 medlemmar och kunder, tack vare sin v\u00e4xande privata flotta och tillg\u00e5ng till Deltas v\u00e4rldsomsp\u00e4nnande n\u00e4tverk.<\/p>\r\n\r\n\r\n\r\n<p>Wheels Up-medlemmar kan uppn\u00e5 Delta Medallion-status, samla SkyMiles\u00ae-po\u00e4ng och anv\u00e4nda sina Wheels Up Fund-programkonton f\u00f6r att spendera pengar p\u00e5 privata Wheels Up- och Delta-passagerarflygningar. Kunder hos Delta Private Jets kan ocks\u00e5 dra nytta av unika medlemsf\u00f6rm\u00e5ner och f\u00f6rm\u00e5ner f\u00f6r Wheels Up-medlemmar och f\u00e5 tillg\u00e5ng till Wheels Up-flygplanen.<\/p>\r\n\r\n\r\n\r\n<p>Som en del av aff\u00e4ren har dessutom Gil West, Deltas operativa chef, beslutat att g\u00e5 med i Wheels Up:s styrelse. Wheels Up- och Delta Private Jets-teamen samarbetar effektivt f\u00f6r att se till att alla DPJ-anst\u00e4llda och kunder f\u00e5r en smidig \u00f6verg\u00e5ng. DPJ:s anst\u00e4llda kommer att forts\u00e4tta att arbeta fr\u00e5n sitt nuvarande huvudkontor i Cincinnati, Ohio.<\/p>\r\n\r\n\r\n\r\n<h2 class=\"wp-block-heading\"><span class=\"ez-toc-section\" id=\"The_Fleet\"><\/span>Flottan<span class=\"ez-toc-section-end\"><\/span><\/h2>\r\n\r\n\r\n\r\n<figure class=\"wp-block-image size-full is-style-default\"><img loading=\"lazy\" decoding=\"async\" width=\"1000\" height=\"442\" src=\"https:\/\/comparemyjet.com\/wp-content\/uploads\/2022\/09\/little.plane_.in_.the_.hand_.of_.a.businessman.jpg\" alt=\"Aff\u00e4rsman med ett flygplan i handen\" class=\"wp-image-3335\" srcset=\"https:\/\/comparemyjet.com\/wp-content\/uploads\/2022\/09\/little.plane_.in_.the_.hand_.of_.a.businessman-18x8.jpg 18w, https:\/\/comparemyjet.com\/wp-content\/uploads\/2022\/09\/little.plane_.in_.the_.hand_.of_.a.businessman-300x133.jpg 300w, https:\/\/comparemyjet.com\/wp-content\/uploads\/2022\/09\/little.plane_.in_.the_.hand_.of_.a.businessman-768x339.jpg 768w, https:\/\/comparemyjet.com\/wp-content\/uploads\/2022\/09\/little.plane_.in_.the_.hand_.of_.a.businessman.jpg 1000w\" sizes=\"auto, (max-width: 1000px) 100vw, 1000px\" \/><\/figure>\r\n\r\n\r\n\r\n<p>Eftersom Delta nu har g\u00e5tt samman med Wheels Up f\u00e5r tidigare Delta-anv\u00e4ndare \u00e4nnu fler f\u00f6rm\u00e5ner. Om du funderar p\u00e5 privat flygcharter erbjuder Wheels Up b\u00e5de egna flygplan och privata jetplan fr\u00e5n v\u00e4lrenommerade charterf\u00f6retag. Det finns mer \u00e4n 1 200 flygplan under deras f\u00f6rvaltning och 350 \u00e4gda och kontrollerade flygplan.<\/p>\r\n\r\n\r\n\r\n<p>Med n\u00e5gra f\u00e5 undantag som \u00e4r baserade p\u00e5 programmet har f\u00f6retaget en policy f\u00f6r garanterad tillg\u00e4nglighet. L\u00e5t oss ta en titt p\u00e5 jetkategorierna.<\/p>\r\n\r\n\r\n\r\n<h3 class=\"wp-block-heading\"><span class=\"ez-toc-section\" id=\"1_Turboprop\"><\/span>1. Turboprop<span class=\"ez-toc-section-end\"><\/span><\/h3>\r\n\r\n\r\n\r\n<p>Turboprops \u00e4r en kombination av jetmotorer och propellrar som anv\u00e4nds av kolvmotorer i mindre flygplan. \u00c4ven om turboprops l\u00e5ter h\u00f6gre \u00e4r de s\u00e4krare \u00e4n jetplan n\u00e4r det g\u00e4ller landning p\u00e5 korta landningsbanor. Turbopropmotorer \u00e4r mindre och l\u00e4ttare \u00e4n jetmotorer, vilket m\u00f6jligg\u00f6r effektivare start och landning, s\u00e4rskilt p\u00e5 kortare landningsbanor.&nbsp;<\/p>\r\n\r\n\r\n\r\n<h4 class=\"wp-block-heading\"><span class=\"ez-toc-section\" id=\"Our_recommendation_The_King_Air_350\"><\/span>V\u00e5r rekommendation: King Air 350<span class=\"ez-toc-section-end\"><\/span><\/h4>\r\n\r\n\r\n\r\n<p>King Air har f\u00e5tt en comeback de senaste \u00e5ren som k\u00e4rnan i Wheels Up-flottan. Detta turbopropflygplan fick smart och kreativ marknadsf\u00f6ring och har \u00e5terf\u00e5tt sitt anseende.<\/p>\r\n\r\n\r\n\r\n<p>Specifikationer:<\/p>\r\n\r\n\r\n\r\n<ul class=\"wp-block-list\">\r\n<li>Passagerare: 11;<\/li>\r\n\r\n\r\n\r\n<li>H\u00f6jd: 57 tum;<\/li>\r\n\r\n\r\n\r\n<li>L\u00e4ngd: 19 fot 6 tum;<\/li>\r\n\r\n\r\n\r\n<li>Bredd: 54 tum;<\/li>\r\n\r\n\r\n\r\n<li>Maximal r\u00e4ckvidd: 1 806 sj\u00f6mil;<\/li>\r\n\r\n\r\n\r\n<li>H\u00f6gsta marschfart: 359 mph;<\/li>\r\n\r\n\r\n\r\n<li>Bagage (interi\u00f6r): 55 kubikfot;<\/li>\r\n\r\n\r\n\r\n<li>Bagage (yttre): 16 kubikfot.<\/li>\r\n<\/ul>\r\n\r\n\r\n\r\n<h3 class=\"wp-block-heading\"><span class=\"ez-toc-section\" id=\"2_Light_Private_Jets\"><\/span>2. L\u00e4tta privatjetflygplan<span class=\"ez-toc-section-end\"><\/span><\/h3>\r\n\r\n\r\n\r\n<p>Om du reser med \u00e5tta eller f\u00e4rre personer och inte har mycket bagage \u00e4r ett l\u00e4tt privatflygplan ett bra alternativ. Vill du ha snabb och enkel transport till din destination? P\u00e5 resor p\u00e5 mindre \u00e4n fyra timmar kan det vara det b\u00e4sta alternativet att chartra ett l\u00e4tt jetplan. Dessa jetplan har f\u00f6rm\u00e5gan att flyga n\u00e4stan 1500 kilometer utan att stanna f\u00f6r br\u00e4nsle. L\u00e4tta flygplan har l\u00e4tt plats f\u00f6r sex passagerare, med en maximal kapacitet p\u00e5 nio passagerare.<\/p>\r\n\r\n\r\n\r\n<h4 class=\"wp-block-heading\"><span class=\"ez-toc-section\" id=\"Our_Recommendation_The_Hawker_400XP\"><\/span>V\u00e5r rekommendation: Hawker 400XP<span class=\"ez-toc-section-end\"><\/span><\/h4>\r\n\r\n\r\n\r\n<p>Hawker 400 \u00e4r ett tv\u00e5motorigt l\u00e4tt jetflygplan. Efter att ha byggts och tillverkats av Mitsubishi uppdaterades den av Beech Aircraft Company. Det \u00e4r ett litet plan med \u00e5tta platser i en trycksatt kabin som styrs av en tv\u00e5mansbes\u00e4ttning.<\/p>\r\n\r\n\r\n\r\n<p>Hawker 400XP har f\u00f6ljande specifikationer:<\/p>\r\n\r\n\r\n\r\n<ul class=\"wp-block-list\">\r\n<li>Passagerare: 8;<\/li>\r\n\r\n\r\n\r\n<li>Kabinens h\u00f6jd: 4 fot 10 tum;<\/li>\r\n\r\n\r\n\r\n<li>Kabinens l\u00e4ngd: 15 fot 7 tum;<\/li>\r\n\r\n\r\n\r\n<li>Kabinens bredd: 4 fot 11 tum;<\/li>\r\n\r\n\r\n\r\n<li>Kryssningshastighet: 450 knop;&nbsp;<\/li>\r\n\r\n\r\n\r\n<li>Flygstr\u00e4cka: Flygtid: 1 180 sj\u00f6mil.<\/li>\r\n<\/ul>\r\n\r\n\r\n\r\n<h3 class=\"wp-block-heading\"><span class=\"ez-toc-section\" id=\"3_Midsize_Private_Jets\"><\/span>3. Medelstora privata jetplan<span class=\"ez-toc-section-end\"><\/span><\/h3>\r\n\r\n\r\n\r\n<p>Om du beh\u00f6ver fler s\u00e4ten, mer huvudutrymme och mer utrymme \u00e4n vad ett litet flygplan kan erbjuda \u00e4r mellanstora privatjetflygplan det r\u00e4tta s\u00e4ttet att flyga. De \u00e4r perfekta f\u00f6r flygningar p\u00e5 cirka 4 till 5 timmar och \u00e4r lite snabbare \u00e4n sina l\u00e4tta motsvarigheter.<\/p>\r\n\r\n\r\n\r\n<h4 class=\"wp-block-heading\"><span class=\"ez-toc-section\" id=\"Our_Recommendation_The_Citation_ExcelXLS\"><\/span>V\u00e5r rekommendation: Citation Excel\/XLS<span class=\"ez-toc-section-end\"><\/span><\/h4>\r\n\r\n\r\n\r\n<p><a href=\"https:\/\/comparemyjet.com\/sv\/cessna\/\" data-internallinksmanager029f6b8e52c=\"145\" title=\"Den ultimata guiden till privata jetplan och flygplan fr\u00e5n Cessna\">Cessna-flygplan<\/a> F\u00f6retaget tillverkade Cessna Citation XLS som den f\u00f6rsta generationen av Citation Excel, som fl\u00f6gs f\u00f6r f\u00f6rsta g\u00e5ngen 2003. Det \u00e4r en del av Citation-familjen av aff\u00e4rsjetflygplan, som omfattar en m\u00e4ngd olika modeller.<\/p>\r\n\r\n\r\n\r\n<p>Specifikationer:<\/p>\r\n\r\n\r\n\r\n<ul class=\"wp-block-list\">\r\n<li>Passagerare: 8;<\/li>\r\n\r\n\r\n\r\n<li>Maxomr\u00e5de: 1989 nm;<\/li>\r\n\r\n\r\n\r\n<li>Maxhastighet: 433 kts;<\/li>\r\n\r\n\r\n\r\n<li>Stigningshastighet: 3500 fpm;<\/li>\r\n\r\n\r\n\r\n<li>Kabinens h\u00f6jd: 1,5 meter och 7 tum;<\/li>\r\n\r\n\r\n\r\n<li>Kabinens l\u00e4ngd: 18 fot 7 tum;<\/li>\r\n\r\n\r\n\r\n<li>Bredd p\u00e5 hytten: 5 fot 5 tum.&nbsp;<\/li>\r\n<\/ul>\r\n\r\n\r\n\r\n<h3 class=\"wp-block-heading\"><span class=\"ez-toc-section\" id=\"4_Super-Midsize_Private_Jets\"><\/span>4. Super-Midsize Private Jets&nbsp;<span class=\"ez-toc-section-end\"><\/span><\/h3>\r\n\r\n\r\n\r\n<p>Super mid jets \u00e4r mindre och mer br\u00e4nslesn\u00e5la \u00e4n tunga jetplan och har st\u00f6rre r\u00e4ckvidd till l\u00e4gre kostnad. Om du beh\u00f6ver ett privatflygplan med l\u00e5ng r\u00e4ckvidd och god start- och landningskapacitet kan du v\u00e4lja ett jetplan fr\u00e5n kategorin super-midsize.<\/p>\r\n\r\n\r\n\r\n<h4 class=\"wp-block-heading\"><span class=\"ez-toc-section\" id=\"Our_Recommendation_The_Citation_X\"><\/span>V\u00e5r rekommendation: Citation X<span class=\"ez-toc-section-end\"><\/span><\/h4>\r\n\r\n\r\n\r\n<p>Cessna Citation X \u00e4r en ny generation medelstora aff\u00e4rsflygplan med \u00f6kad hastighet och ett f\u00f6rseglat bagageutrymme. Flygplanet \u00e4r det snabbaste aff\u00e4rsflygplanet som f\u00f6r n\u00e4rvarande tillverkas och har flera hastighetsrekord i bagaget.<\/p>\r\n\r\n\r\n\r\n<p>Specifikationer:<\/p>\r\n\r\n\r\n\r\n<ul class=\"wp-block-list\">\r\n<li>Passagerare: 8;<\/li>\r\n\r\n\r\n\r\n<li>Maxhastighet: 525 knop;<\/li>\r\n\r\n\r\n\r\n<li>Maxomr\u00e5de: 3125 nm;<\/li>\r\n\r\n\r\n\r\n<li>Kabinens h\u00f6jd: 1,5 meter och 7 tum;<\/li>\r\n\r\n\r\n\r\n<li>Kabinens l\u00e4ngd: 23 ft 9 in<\/li>\r\n\r\n\r\n\r\n<li>Bredd p\u00e5 hytten: 5 fot 5 tum;<\/li>\r\n\r\n\r\n\r\n<li>Flygstr\u00e4cka: Flygtid: 3 111 sj\u00f6mil.<\/li>\r\n<\/ul>\r\n\r\n\r\n\r\n<h3 class=\"wp-block-heading\"><span class=\"ez-toc-section\" id=\"5_Large_Private_Jets\"><\/span>5. Stora privata jetplan<span class=\"ez-toc-section-end\"><\/span><\/h3>\r\n\r\n\r\n\r\n<p>Allt \u00e4r m\u00f6jligt n\u00e4r du har tillg\u00e5ng till dessa extremt anpassningsbara, toppmoderna, gigantiska privatflygplan. Tunga jetplan kan ta emot 10-15 passagerare eller fler och erbjuder ytterligare benutrymme och komfort.&nbsp;<\/p>\r\n\r\n\r\n\r\n<h4 class=\"wp-block-heading\"><span class=\"ez-toc-section\" id=\"Our_Recommendation_The_Gulfstream_G450\"><\/span>V\u00e5r rekommendation: Gulfstream G450<span class=\"ez-toc-section-end\"><\/span><\/h4>\r\n\r\n\r\n\r\n<p>The <a href=\"https:\/\/comparemyjet.com\/sv\/gulfstream\/\" data-internallinksmanager029f6b8e52c=\"175\" title=\"Den ultimata guiden till Gulfstream Private Jets &amp; Aircraft\">Gulfstream<\/a> G450 \u00e4r det mest fantastiska jetplanet med stor kabin i sin klass.&nbsp;&nbsp;<\/p>\r\n\r\n\r\n\r\n<p>Specifikationer:<\/p>\r\n\r\n\r\n\r\n<ul class=\"wp-block-list\">\r\n<li>Passagerare: 8-14;&nbsp;<\/li>\r\n\r\n\r\n\r\n<li>Maxomr\u00e5de: 4350 nm;<\/li>\r\n\r\n\r\n\r\n<li>Maxhastighet: 586 knop;<\/li>\r\n\r\n\r\n\r\n<li>Kabinens h\u00f6jd: 6 fot 2 tum;<\/li>\r\n\r\n\r\n\r\n<li>Kabinens l\u00e4ngd: 40 ft 4 in;<\/li>\r\n\r\n\r\n\r\n<li>Bredd p\u00e5 hytten: 7 ft 4 in;<\/li>\r\n\r\n\r\n\r\n<li>Kryssningshastighet: 533 knop.<\/li>\r\n<\/ul>\r\n\r\n\r\n\r\n<h2 class=\"wp-block-heading\"><span class=\"ez-toc-section\" id=\"Conclusion\"><\/span>Slutsats<span class=\"ez-toc-section-end\"><\/span><\/h2>\r\n\r\n\r\n\r\n<figure class=\"wp-block-image size-full is-style-default\"><img loading=\"lazy\" decoding=\"async\" width=\"1000\" height=\"391\" src=\"https:\/\/comparemyjet.com\/wp-content\/uploads\/A-Delta-Airlines-jet.jpg\" alt=\"Ett Delta Airlines jetplan\" class=\"wp-image-4402\" srcset=\"https:\/\/comparemyjet.com\/wp-content\/uploads\/A-Delta-Airlines-jet-18x7.jpg 18w, https:\/\/comparemyjet.com\/wp-content\/uploads\/A-Delta-Airlines-jet-300x117.jpg 300w, https:\/\/comparemyjet.com\/wp-content\/uploads\/A-Delta-Airlines-jet-768x300.jpg 768w, https:\/\/comparemyjet.com\/wp-content\/uploads\/A-Delta-Airlines-jet.jpg 1000w\" sizes=\"auto, (max-width: 1000px) 100vw, 1000px\" \/><\/figure>\r\n\r\n\r\n\r\n<p>\u00c4ven om Delta Private Jets fungerade bra och hade m\u00e5nga n\u00f6jda kunder, blev det \u00e4nnu b\u00e4ttre i och med sammanslagningen med Wheels Up. L\u00e4s v\u00e5r artikel om Wheels Up p\u00e5 f\u00f6ljande adress <a href=\"https:\/\/comparemyjet.com\/sv\/hjul-upp\/\">l\u00e4nk<\/a> f\u00f6r att hj\u00e4lpa dig att utv\u00e4rdera och v\u00e4lja ditt privata jetbolag.&nbsp;<\/p>","protected":false},"excerpt":{"rendered":"<p>Delta Air Lines \u00e4r det ledande flygbolaget i v\u00e4rlden n\u00e4r det g\u00e4ller varor, tj\u00e4nster, innovation, tillf\u00f6rlitlighet och kundupplevelse i USA. F\u00f6retaget erbjuder en reseupplevelse i v\u00e4rldsklass samtidigt som det ger en branschledande avkastning till aktie\u00e4garna.  Delta private jets, flygbolagets chartertj\u00e4nst, har g\u00e5tt samman med det fr\u00e4msta privata flygm\u00e4rket Wheels Up f\u00f6r att ...<\/p>","protected":false},"author":1,"featured_media":4400,"parent":0,"menu_order":0,"comment_status":"closed","ping_status":"closed","template":"","meta":{"_acf_changed":false,"_genesis_hide_title":false,"_genesis_hide_breadcrumbs":false,"_genesis_hide_singular_image":false,"_genesis_hide_footer_widgets":false,"_genesis_custom_body_class":"","_genesis_custom_post_class":"","_genesis_layout":"","footnotes":""},"class_list":{"1":"page","2":"type-page","6":"entry"},"acf":[],"_links":{"self":[{"href":"https:\/\/comparemyjet.com\/sv\/wp-json\/wp\/v2\/pages\/4399","targetHints":{"allow":["GET"]}}],"collection":[{"href":"https:\/\/comparemyjet.com\/sv\/wp-json\/wp\/v2\/pages"}],"about":[{"href":"https:\/\/comparemyjet.com\/sv\/wp-json\/wp\/v2\/types\/page"}],"author":[{"embeddable":true,"href":"https:\/\/comparemyjet.com\/sv\/wp-json\/wp\/v2\/users\/1"}],"replies":[{"embeddable":true,"href":"https:\/\/comparemyjet.com\/sv\/wp-json\/wp\/v2\/comments?post=4399"}],"version-history":[{"count":2,"href":"https:\/\/comparemyjet.com\/sv\/wp-json\/wp\/v2\/pages\/4399\/revisions"}],"predecessor-version":[{"id":4434,"href":"https:\/\/comparemyjet.com\/sv\/wp-json\/wp\/v2\/pages\/4399\/revisions\/4434"}],"wp:featuredmedia":[{"embeddable":true,"href":"https:\/\/comparemyjet.com\/sv\/wp-json\/wp\/v2\/media\/4400"}],"wp:attachment":[{"href":"https:\/\/comparemyjet.com\/sv\/wp-json\/wp\/v2\/media?parent=4399"}],"curies":[{"name":"wp","href":"https:\/\/api.w.org\/{rel}","templated":true}]}}