{"id":3061,"date":"2022-07-11T23:51:35","date_gmt":"2022-07-11T23:51:35","guid":{"rendered":"https:\/\/comparemyjet.com\/?page_id=3061"},"modified":"2025-09-04T09:58:14","modified_gmt":"2025-09-04T09:58:14","slug":"amalfi-jets","status":"publish","type":"page","link":"https:\/\/comparemyjet.com\/tr\/amalfi-jets\/","title":{"rendered":"Amalfi Jets U\u00e7u\u015f Fiyatland\u0131rmas\u0131"},"content":{"rendered":"<p>\u00d6zel bir jetle u\u00e7arken d\u00fcnyan\u0131n d\u00f6rt bir yan\u0131na seyahat etmenin yerini hi\u00e7bir \u015fey tutamaz. \u00d6zel u\u00e7u\u015f deneyimini daha keyifli hale getirmek i\u00e7in Amalfi Jets, kalk\u0131\u015ftan \u00f6nce her m\u00fc\u015fteriyi selamlamak ve en keyifli u\u00e7u\u015f i\u00e7in her ayr\u0131nt\u0131n\u0131n halledilmesini sa\u011flamak i\u00e7in temsilcilerinden birini havaalan\u0131na g\u00f6nderir.&nbsp;<\/p>\r\n\r\n\r\n\r\n<p>\u015eirket, iste\u011fe ba\u011fl\u0131 charter ve jet kart \u00fcyelik programlar\u0131 gibi hizmetler sunmaktad\u0131r. Ayr\u0131ca, yaln\u0131zca 18 saat \u00f6nceden bildirimde bulunarak garantili m\u00fcsaitlik s\u00f6z\u00fc verirler ve \u00fccretsiz u\u00e7ak y\u00fckseltmelerinden ve di\u011fer bir\u00e7ok avantajdan yararlanabilirsiniz. Amalfi jetleri ile u\u00e7man\u0131n avantajlar\u0131n\u0131 daha detayl\u0131 inceleyelim.<\/p>\r\n\r\n\r\n\r\n<div id=\"ez-toc-container\" class=\"ez-toc-v2_0_76 counter-hierarchy ez-toc-counter ez-toc-grey ez-toc-container-direction\">\n<p class=\"ez-toc-title\" style=\"cursor:inherit\">Konular<\/p>\n<label for=\"ez-toc-cssicon-toggle-item-69f038d8f36dd\" class=\"ez-toc-cssicon-toggle-label\"><span class=\"\"><span class=\"eztoc-hide\" style=\"display:none;\">Ge\u00e7i\u015f<\/span><span class=\"ez-toc-icon-toggle-span\"><svg style=\"fill: #999;color:#999\" xmlns=\"http:\/\/www.w3.org\/2000\/svg\" class=\"list-377408\" width=\"20px\" height=\"20px\" viewbox=\"0 0 24 24\" fill=\"none\"><path d=\"M6 6H4v2h2V6zm14 0H8v2h12V6zM4 11h2v2H4v-2zm16 0H8v2h12v-2zM4 16h2v2H4v-2zm16 0H8v2h12v-2z\" fill=\"currentColor\"><\/path><\/svg><svg style=\"fill: #999;color:#999\" class=\"arrow-unsorted-368013\" xmlns=\"http:\/\/www.w3.org\/2000\/svg\" width=\"10px\" height=\"10px\" viewbox=\"0 0 24 24\" version=\"1.2\" baseprofile=\"tiny\"><path d=\"M18.2 9.3l-6.2-6.3-6.2 6.3c-.2.2-.3.4-.3.7s.1.5.3.7c.2.2.4.3.7.3h11c.3 0 .5-.1.7-.3.2-.2.3-.5.3-.7s-.1-.5-.3-.7zM5.8 14.7l6.2 6.3 6.2-6.3c.2-.2.3-.5.3-.7s-.1-.5-.3-.7c-.2-.2-.4-.3-.7-.3h-11c-.3 0-.5.1-.7.3-.2.2-.3.5-.3.7s.1.5.3.7z\"\/><\/svg><\/span><\/span><\/label><input type=\"checkbox\"  id=\"ez-toc-cssicon-toggle-item-69f038d8f36dd\" checked aria-label=\"Ge\u00e7i\u015f\" \/><nav><ul class='ez-toc-list ez-toc-list-level-1' ><li class='ez-toc-page-1 ez-toc-heading-level-2'><a class=\"ez-toc-link ez-toc-heading-1\" href=\"https:\/\/comparemyjet.com\/tr\/amalfi-jets\/#Company_History\" >\u015eirket Tarih\u00e7esi<\/a><ul class='ez-toc-list-level-3' ><li class='ez-toc-heading-level-3'><a class=\"ez-toc-link ez-toc-heading-2\" href=\"https:\/\/comparemyjet.com\/tr\/amalfi-jets\/#Why_Choose_Amalfi_Jets\" >Neden Amalfi Jets'i Se\u00e7melisiniz?<\/a><\/li><\/ul><\/li><li class='ez-toc-page-1 ez-toc-heading-level-2'><a class=\"ez-toc-link ez-toc-heading-3\" href=\"https:\/\/comparemyjet.com\/tr\/amalfi-jets\/#Ways_to_Fly\" >U\u00e7man\u0131n Yollar\u0131<\/a><\/li><li class='ez-toc-page-1 ez-toc-heading-level-2'><a class=\"ez-toc-link ez-toc-heading-4\" href=\"https:\/\/comparemyjet.com\/tr\/amalfi-jets\/#The_Company_Card_Program\" >\u015eirket Kart\u0131 Program\u0131<\/a><\/li><li class='ez-toc-page-1 ez-toc-heading-level-2'><a class=\"ez-toc-link ez-toc-heading-5\" href=\"https:\/\/comparemyjet.com\/tr\/amalfi-jets\/#Pricing\" >Fiyatland\u0131rma<\/a><\/li><li class='ez-toc-page-1 ez-toc-heading-level-2'><a class=\"ez-toc-link ez-toc-heading-6\" href=\"https:\/\/comparemyjet.com\/tr\/amalfi-jets\/#The_Fleet\" >Filo&nbsp;<\/a><ul class='ez-toc-list-level-3' ><li class='ez-toc-heading-level-3'><a class=\"ez-toc-link ez-toc-heading-7\" href=\"https:\/\/comparemyjet.com\/tr\/amalfi-jets\/#1_Light_Private_Jets\" >1. Hafif \u00d6zel Jetler<\/a><\/li><li class='ez-toc-page-1 ez-toc-heading-level-3'><a class=\"ez-toc-link ez-toc-heading-8\" href=\"https:\/\/comparemyjet.com\/tr\/amalfi-jets\/#2_Midsize_and_Super-Midsize_Private_Jets\" >2. Orta Boy ve S\u00fcper Orta Boy \u00d6zel Jetler&nbsp;<\/a><\/li><li class='ez-toc-page-1 ez-toc-heading-level-3'><a class=\"ez-toc-link ez-toc-heading-9\" href=\"https:\/\/comparemyjet.com\/tr\/amalfi-jets\/#3_Large_Private_Jets\" >3. B\u00fcy\u00fck \u00d6zel Jetler<\/a><\/li><li class='ez-toc-page-1 ez-toc-heading-level-3'><a class=\"ez-toc-link ez-toc-heading-10\" href=\"https:\/\/comparemyjet.com\/tr\/amalfi-jets\/#4_Ultra-Long-Range_Private_Jets\" >4. Ultra Uzun Menzilli \u00d6zel Jetler<\/a><\/li><\/ul><\/li><li class='ez-toc-page-1 ez-toc-heading-level-2'><a class=\"ez-toc-link ez-toc-heading-11\" href=\"https:\/\/comparemyjet.com\/tr\/amalfi-jets\/#Company_Safety_Policy_and_Standards\" >\u015eirket G\u00fcvenlik Politikas\u0131 ve Standartlar\u0131<\/a><\/li><li class='ez-toc-page-1 ez-toc-heading-level-2'><a class=\"ez-toc-link ez-toc-heading-12\" href=\"https:\/\/comparemyjet.com\/tr\/amalfi-jets\/#Partnerships\" >Ortakl\u0131klar<\/a><\/li><li class='ez-toc-page-1 ez-toc-heading-level-2'><a class=\"ez-toc-link ez-toc-heading-13\" href=\"https:\/\/comparemyjet.com\/tr\/amalfi-jets\/#Conclusion\" >Sonu\u00e7<\/a><\/li><\/ul><\/nav><\/div>\n<h2 class=\"wp-block-heading\"><span class=\"ez-toc-section\" id=\"Company_History\"><\/span>\u015eirket Tarih\u00e7esi<span class=\"ez-toc-section-end\"><\/span><\/h2>\r\n\r\n\r\n\r\n<p>Amalfi Jetleri bir <a href=\"https:\/\/comparemyjet.com\/tr\/how-do-you-rent-or-charter-a-private-jet\/\" data-internallinksmanager029f6b8e52c=\"15\" title=\"\u00d6zel Jet Nas\u0131l Kiralan\u0131r veya Kiraya Verilir?\">\u00f6zel jet ki\u0307ralama<\/a> Kolin Jones taraf\u0131ndan 2020 y\u0131l\u0131nda kurulan ajans. Merkezli <a href=\"https:\/\/comparemyjet.com\/tr\/private-tours\/los-angeles-private-tours\/\" data-internallinksmanager029f6b8e52c=\"421\" title=\"$55.00&#039;dan itibaren En \u0130yi 11 Los Angeles \u00d6zel Turu\">Los Angeles<\/a>Amalfi, yolculara hem talep \u00fczerine kiralama hem de s\u0131k u\u00e7an yolcular i\u00e7in bir \u00fcyelik se\u00e7ene\u011fi sunuyor. Bireyler, \u015firketler ve aileler, \u015firketin ki\u015fiselle\u015ftirilmi\u015f yemek servisi ve tamamlay\u0131c\u0131 bir siyah araba servisi gibi \u00f6zel u\u00e7u\u015f hizmetlerinden yararland\u0131lar.&nbsp;<\/p>\r\n\r\n\r\n\r\n<p>Amalfi Jets, LLC, Kolin'in rehberli\u011finde havac\u0131l\u0131k sekt\u00f6r\u00fcn\u00fcn en h\u0131zl\u0131 b\u00fcy\u00fcyen kurulu\u015flar\u0131ndan biridir. Pilotlar\u0131n\u0131n ve personelinin \u00e7abuklu\u011fundan m\u00fc\u015fterilerinin g\u00fcvenli\u011fini sa\u011flamaya kadar, Amalfi jetleri yolculu\u011funuzun sorunsuz ge\u00e7mesini sa\u011flamak i\u00e7in her t\u00fcrl\u00fc \u00f6nlemi al\u0131r, b\u00f6ylece \u00f6zel bir u\u00e7akta harika vakit ge\u00e7irmenin yan\u0131 s\u0131ra endi\u015felenecek bir \u015feyiniz kalmaz.<\/p>\r\n\r\n\r\n\r\n<p>Amalfi Jets, d\u00fcnyan\u0131n her yerinde bulunan yakla\u015f\u0131k 2.000 u\u00e7aktan olu\u015fan geni\u015f bir a\u011fa sahiptir. T\u00fcm u\u00e7u\u015flar a\u015fa\u011f\u0131dakiler taraf\u0131ndan ger\u00e7ekle\u015ftirilir <a href=\"https:\/\/www.faa.gov\/\" target=\"_blank\" rel=\"noopener\">FAA<\/a>-sertifikal\u0131 Part 135 u\u00e7ak operat\u00f6rleri veya bunlar\u0131n di\u011fer \u00fclkelerdeki e\u015fde\u011ferleri.&nbsp;<\/p>\r\n\r\n\r\n\r\n<h3 class=\"wp-block-heading\"><span class=\"ez-toc-section\" id=\"Why_Choose_Amalfi_Jets\"><\/span>Neden Amalfi Jets'i Se\u00e7melisiniz?<span class=\"ez-toc-section-end\"><\/span><\/h3>\r\n\r\n\r\n\r\n<p>Amalfi Jets, en iyi kalitede m\u00fc\u015fteri hizmeti sunmak i\u00e7in \u00e7aba g\u00f6stermektedir. Onlar\u0131 di\u011fer \u00f6zel charter \u015firketlerinden ay\u0131ran \u015feylerden biri, her kalk\u0131\u015f noktas\u0131nda yolcular\u0131 selamlamak i\u00e7in u\u00e7an Amalfi temsilcilerinden olu\u015fan k\u00fcresel ekipleridir.&nbsp;<\/p>\r\n\r\n\r\n\r\n<p>\u015eirket ayr\u0131ca t\u00fcm yolcular i\u00e7in SUV'larda siyah araba hizmeti sunarak evinizden veya yolculu\u011funuzun ba\u015flang\u0131\u00e7 noktas\u0131ndan \u00fccretsiz kar\u015f\u0131lama sa\u011flar. Amalfi Jets ile planlayaca\u011f\u0131n\u0131z ve ger\u00e7ekle\u015ftirece\u011finiz herhangi bir seyahatte kalk\u0131\u015f noktan\u0131zdan var\u0131\u015f havaliman\u0131n\u0131za kadar taksi hizmeti al\u0131rs\u0131n\u0131z. T\u00fcm yolculu\u011funuz boyunca size e\u015flik edeceklerdir.<\/p>\r\n\r\n\r\n\r\n<p>Gemide yemek servisi s\u00f6z konusu oldu\u011funda Amalfi Jets d\u00fcnyan\u0131n en \u00fcnl\u00fc \u015feflerinden baz\u0131lar\u0131yla i\u015fbirli\u011fi yapmaktan mutluluk duyar. Her yolculuktan \u00f6nce, m\u00fc\u015fteri hizmetleri personeli tercihlerinize ve diyetinize ba\u011fl\u0131 olarak aralar\u0131ndan se\u00e7im yapabilece\u011finiz men\u00fcler d\u00fczenler.<\/p>\r\n\r\n\r\n\r\n<p>Ayr\u0131ca, havac\u0131l\u0131k dan\u0131\u015fmanlar\u0131, 2,000'den fazla u\u00e7ak aras\u0131ndan \u00f6zel seyahatiniz i\u00e7in do\u011fru ve en uygun fiyatl\u0131 u\u00e7a\u011f\u0131 se\u00e7menize yard\u0131mc\u0131 olacakt\u0131r. Kaliteli hizmet ve m\u00fc\u015fteri memnuniyetini sa\u011flamak i\u00e7in her seyahat havac\u0131l\u0131k uzmanlar\u0131 taraf\u0131ndan denetlenir.<\/p>\r\n\r\n\r\n\r\n<h2 class=\"wp-block-heading\"><span class=\"ez-toc-section\" id=\"Ways_to_Fly\"><\/span>U\u00e7man\u0131n Yollar\u0131<span class=\"ez-toc-section-end\"><\/span><\/h2>\r\n\r\n\r\n\r\n<p>Amalfi Jets ile u\u00e7man\u0131n iki yolu vard\u0131r:<\/p>\r\n\r\n\r\n\r\n<ol class=\"wp-block-list\"><li>Yolculuk baz\u0131nda mevcut u\u00e7ak alternatiflerini talep etmek i\u00e7in <a href=\"https:\/\/amalfijets.com\/on-demand-charter\/\" target=\"_blank\" rel=\"noopener\">iste\u011fe ba\u011fl\u0131<\/a> charter y\u00f6n\u00fc.&nbsp;<\/li><li>Olmak <a href=\"https:\/\/amalfijets.com\/the-amalfi-one-jet-card-program\/\" target=\"_blank\" rel=\"noopener\">Bir Jet Kart<\/a> E\u011fer s\u0131k u\u00e7an biriyseniz ve u\u00e7akla birlikte gelen \u00fccretleri \u00f6demeden bir u\u00e7a\u011fa sahip olmak istiyorsan\u0131z \u00fcye olun.<\/li><\/ol>\r\n\r\n\r\n\r\n<p>\u00dcyelik program\u0131n\u0131 daha ayr\u0131nt\u0131l\u0131 olarak inceleyelim.<\/p>\r\n\r\n\r\n\r\n<h2 class=\"wp-block-heading\"><span class=\"ez-toc-section\" id=\"The_Company_Card_Program\"><\/span>\u015eirket Kart\u0131 Program\u0131<span class=\"ez-toc-section-end\"><\/span><\/h2>\r\n\r\n\r\n\r\n<p>Amalfi One Jet Card Program\u0131n\u0131n amac\u0131, size sekt\u00f6r\u00fcn sundu\u011fu en iyi hizmetlerin keyfini \u00e7\u0131karabilece\u011finiz bir hizmet a\u011f\u0131 sunmakt\u0131r - d\u00fcnya \u00e7ap\u0131nda bir seyahat.<\/p>\r\n\r\n\r\n\r\n<p>Amalfi One Jet Card, sekt\u00f6rde 30'dan fazla farkl\u0131 \u00fclkede kullan\u0131labilen tek jet kart\u0131d\u0131r. Kart sahibi olarak, \u015firketin birincil hizmet alan\u0131ndaki \u00fclkeler i\u00e7inde veya aras\u0131nda seyahat etti\u011finiz s\u00fcrece u\u00e7abilir ve saat ba\u015f\u0131na \u00f6deme yapabilirsiniz. Yolculu\u011funuz sizi nereye g\u00f6t\u00fcr\u00fcrse g\u00f6t\u00fcrs\u00fcn, bir u\u00e7ak filosunun sizi var\u0131\u015f noktan\u0131za ula\u015ft\u0131rmak i\u00e7in bekliyor olaca\u011f\u0131ndan emin olabilirsiniz.<\/p>\r\n\r\n\r\n\r\n<p>Kart sahibi olman\u0131n bir ba\u015fka avantaj\u0131 da, yaln\u0131zca ABD i\u00e7inde 18 saat veya Amalfis'in birincil hizmet alan\u0131 i\u00e7indeki di\u011fer yerler i\u00e7in 72 saat \u00f6nceden bildirimde bulunarak jet kiralayabilmenizdir.<\/p>\r\n\r\n\r\n\r\n<p>Son olarak, bir kart sahibi olarak, \u00fccretsiz siyah araba hizmeti, her u\u00e7u\u015fta ki\u015fiselle\u015ftirilmi\u015f ikram ve tercih etti\u011finiz alkol ve i\u00e7ecekleri alacaks\u0131n\u0131z. Bir Amalfi Jets temsilcisi, en iyi d\u00fczeyde hizmet ald\u0131\u011f\u0131n\u0131zdan emin olmak i\u00e7in her kalk\u0131\u015f havaalan\u0131nda sizi kar\u015f\u0131layacakt\u0131r.<\/p>\r\n\r\n\r\n\r\n<h2 class=\"wp-block-heading\"><span class=\"ez-toc-section\" id=\"Pricing\"><\/span>Fiyatland\u0131rma<span class=\"ez-toc-section-end\"><\/span><\/h2>\r\n\r\n\r\n\r\n<p>One Program\u0131 i\u00e7in minimum $50.000 USD ba\u015flang\u0131\u00e7 depozitosu gereklidir. $50.000 USD'nin tamam\u0131 seyahat ama\u00e7l\u0131 u\u00e7u\u015f hesab\u0131n\u0131za an\u0131nda aktar\u0131l\u0131r ve \u00fcyelik \u00fccreti, y\u0131ll\u0131k \u00fccret, aidat veya ba\u015flang\u0131\u00e7 \u00fccreti al\u0131nmaz.<\/p>\r\n\r\n\r\n\r\n<p>One Jet Card Program\u0131n\u0131n bir \u00fcyesi olarak a\u015fa\u011f\u0131daki saatlik \u00fccretleri \u00f6dersiniz:<\/p>\r\n\r\n\r\n\r\n<ul class=\"wp-block-list\"><li>Hafif jetler i\u00e7in $5,800;&nbsp;<\/li><li>Orta boy jetler i\u00e7in $7,800;&nbsp;<\/li><li>S\u00fcper orta boy jetler i\u00e7in $9,800;&nbsp;<\/li><li>B\u00fcy\u00fck kabin jetleri i\u00e7in $10,800;&nbsp;<\/li><li>$13,500 ultra uzun menzilli jetler i\u00e7in.<\/li><\/ul>\r\n\r\n\r\n\r\n<h2 class=\"wp-block-heading\"><span class=\"ez-toc-section\" id=\"The_Fleet\"><\/span>Filo&nbsp;<span class=\"ez-toc-section-end\"><\/span><\/h2>\r\n\r\n\r\n\r\n<figure class=\"wp-block-image size-full is-style-default\"><img loading=\"lazy\" decoding=\"async\" width=\"1000\" height=\"667\" src=\"https:\/\/comparemyjet.com\/wp-content\/uploads\/2022\/07\/amalfi.jets_.white_.private.jet_.on_.the_.runway.jpg\" alt=\"amalfi.jets.beyaz.\u00f6zel.u\u00e7ak.pistte\" class=\"wp-image-3067\" srcset=\"https:\/\/comparemyjet.com\/wp-content\/uploads\/2022\/07\/amalfi.jets_.white_.private.jet_.on_.the_.runway-18x12.jpg 18w, https:\/\/comparemyjet.com\/wp-content\/uploads\/2022\/07\/amalfi.jets_.white_.private.jet_.on_.the_.runway-300x200.jpg 300w, https:\/\/comparemyjet.com\/wp-content\/uploads\/2022\/07\/amalfi.jets_.white_.private.jet_.on_.the_.runway-768x512.jpg 768w, https:\/\/comparemyjet.com\/wp-content\/uploads\/2022\/07\/amalfi.jets_.white_.private.jet_.on_.the_.runway.jpg 1000w\" sizes=\"auto, (max-width: 1000px) 100vw, 1000px\" \/><\/figure>\r\n\r\n\r\n\r\n<p>A\u015fa\u011f\u0131daki jet kategorilerine bir g\u00f6z at\u0131n ve yakla\u015fan yolculu\u011funuz i\u00e7in ideal u\u00e7a\u011f\u0131 se\u00e7mek i\u00e7in a\u00e7\u0131klamalar\u0131m\u0131z\u0131 kullan\u0131n.<\/p>\r\n\r\n\r\n\r\n<h3 class=\"wp-block-heading\"><span class=\"ez-toc-section\" id=\"1_Light_Private_Jets\"><\/span>1. Hafif \u00d6zel Jetler<span class=\"ez-toc-section-end\"><\/span><\/h3>\r\n\r\n\r\n\r\n<p>Yolculu\u011funuz 4-6 yolcudan olu\u015fan k\u00fc\u00e7\u00fck bir parti ile \u00fc\u00e7 saate kadar uzunsa, hafif u\u00e7ak kategorisindeki jetler uygun bir se\u00e7imdir.&nbsp;<\/p>\r\n\r\n\r\n\r\n<p>Hafif jetler, d\u00fc\u015f\u00fck i\u015fletme maliyetleri ve y\u00fcksek verimlilikleri nedeniyle yayg\u0131n bir se\u00e7imdir. Baz\u0131 hafif jetler nispeten k\u00fc\u00e7\u00fck olabilirken di\u011ferleri bekledi\u011finizden daha b\u00fcy\u00fck olabilir, bu y\u00fczden her \u015fey u\u00e7ak modeline ba\u011fl\u0131d\u0131r. Masa veya tuvalet olmayabilir ve genellikle ayakta durmak i\u00e7in yer yoktur, bu nedenle u\u00e7u\u015f g\u00f6revlileri genellikle bu jetlerdeki yolculara e\u015flik etmez. Bununla birlikte, d\u00fc\u015f\u00fck bir maliyetle turboproplardan daha huzurlu u\u00e7u\u015flar sa\u011flarlar ve daha k\u00fc\u00e7\u00fck pistler i\u00e7in m\u00fckemmeldirler.&nbsp;<\/p>\r\n\r\n\r\n\r\n<h3 class=\"wp-block-heading\"><span class=\"ez-toc-section\" id=\"2_Midsize_and_Super-Midsize_Private_Jets\"><\/span>2. Orta Boy ve S\u00fcper Orta Boy \u00d6zel Jetler&nbsp;<span class=\"ez-toc-section-end\"><\/span><\/h3>\r\n\r\n\r\n\r\n<p>En fazla 9 yolcu alabilen orta boy kategorisi, 4 saate kadar olan yolculuklar ve ek bagaj kapasitesi, geni\u015f bir kabin ve sofistike konaklama isteyen yolcular i\u00e7in pop\u00fclerdir. Hafif jetlerin aksine, orta boy kategorisindeki u\u00e7aklar daha b\u00fcy\u00fck dinlenme b\u00f6lmelerine sahiptir ve bu da ek yiyecek ve at\u0131\u015ft\u0131rmal\u0131klar\u0131n yan\u0131 s\u0131ra i\u00e7eceklerin de u\u00e7a\u011fa getirilmesine olanak tan\u0131r. S\u00fcper orta boy u\u00e7ak kategorisi, m\u00fc\u015fteriler aras\u0131nda bir ba\u015fka s\u0131k\u0131 favoridir. Bu \u00f6zel jetlerde ayakta duran kabinler, 9 yolcuya kadar oturma yeri ve k\u0131talar aras\u0131 seyahat etme olana\u011f\u0131 bulunur.<\/p>\r\n\r\n\r\n\r\n<h3 class=\"wp-block-heading\"><span class=\"ez-toc-section\" id=\"3_Large_Private_Jets\"><\/span>3. B\u00fcy\u00fck \u00d6zel Jetler<span class=\"ez-toc-section-end\"><\/span><\/h3>\r\n\r\n\r\n\r\n<p>B\u00fcy\u00fck \u00f6zel jet s\u0131n\u0131f\u0131, geni\u015f kabinleri sayesinde k\u0131talararas\u0131 u\u00e7u\u015flar veya b\u00fcy\u00fck partiler i\u00e7in en uygun olan\u0131d\u0131r - yolculu\u011fun menzili ne olursa olsun. Bu \u00f6zel jet s\u0131n\u0131f\u0131 ayr\u0131ca m\u00fckemmel pist performans\u0131, y\u00fckselme h\u0131z\u0131 ve h\u0131z\u0131, daha b\u00fcy\u00fck yolcu ve bagaj kapasitesi ve daha uzun bir menzil sa\u011flar.&nbsp;<\/p>\r\n\r\n\r\n\r\n<p>A\u011f\u0131r u\u00e7aklar, alt\u0131 ki\u015filik uyku odas\u0131 ile yakla\u015f\u0131k on be\u015f yolcu ta\u015f\u0131yabilir. Hemen hemen her a\u011f\u0131r jette uyku yataklar\u0131, yiyecek depolama alanlar\u0131, banyolar ve modern e\u011flence sistemleri mevcuttur ve u\u00e7u\u015f s\u0131ras\u0131nda en az bir u\u00e7u\u015f g\u00f6revlisi bulunur.&nbsp;<\/p>\r\n\r\n\r\n\r\n<p>Saatte yakla\u015f\u0131k 500 mil h\u0131zla giden a\u011f\u0131r jetler yakla\u015f\u0131k 6.000 mil menzile sahiptir. Ticari u\u00e7aklardan daha k\u00fc\u00e7\u00fckt\u00fcrler ve daha geni\u015f bir ini\u015f se\u00e7ene\u011fi yelpazesi sunarlar.&nbsp;<\/p>\r\n\r\n\r\n\r\n<h3 class=\"wp-block-heading\"><span class=\"ez-toc-section\" id=\"4_Ultra-Long-Range_Private_Jets\"><\/span>4. Ultra Uzun Menzilli \u00d6zel Jetler<span class=\"ez-toc-section-end\"><\/span><\/h3>\r\n\r\n\r\n\r\n<p>\u00c7ok k\u0131sa bir s\u00fcre i\u00e7inde d\u00fcnyan\u0131n \u00f6b\u00fcr ucunda olman\u0131z gerekiyorsa, ultra uzun menzilli jetler tam size g\u00f6re. Bu kategori, yak\u0131t i\u00e7in durmadan 8.500 ila 12.900 kilometre aras\u0131nda u\u00e7abilen jetleri i\u00e7erir. Bu \u00f6zel u\u00e7aklar, \u00e7al\u0131\u015fmak, oturmak ve dinlenmek i\u00e7in belirlenmi\u015f \u00fc\u00e7 b\u00f6lgeyle geni\u015f ve keyiflidir. Kabin y\u00fcksekli\u011fi 1,85 ila 1,95 metre aras\u0131nda de\u011fi\u015fmektedir.&nbsp;<\/p>\r\n\r\n\r\n\r\n<h2 class=\"wp-block-heading\"><span class=\"ez-toc-section\" id=\"Company_Safety_Policy_and_Standards\"><\/span>\u015eirket G\u00fcvenlik Politikas\u0131 ve Standartlar\u0131<span class=\"ez-toc-section-end\"><\/span><\/h2>\r\n\r\n\r\n\r\n<p>T\u00fcm u\u00e7u\u015flar, g\u00fcvenlik sertifikas\u0131na sahip FAA Part 135 Hava Ta\u015f\u0131y\u0131c\u0131lar\u0131 taraf\u0131ndan ger\u00e7ekle\u015ftirilmektedir. T\u00fcm u\u00e7aklar son teknoloji ekipmanlar ve kapsaml\u0131 uzmanl\u0131\u011fa sahip pilotlarla donat\u0131lm\u0131\u015ft\u0131r. Her Jet Card u\u00e7u\u015funu iki pilot kontrol eder ve yaln\u0131zca ARG\/US, Wyvern veya IS-BAO'dan kapsaml\u0131 bir 3. Taraf G\u00fcvenlik Denetiminden ge\u00e7en u\u00e7aklar ve m\u00fcrettebat kullan\u0131l\u0131r.<\/p>\r\n\r\n\r\n\r\n<h2 class=\"wp-block-heading\"><span class=\"ez-toc-section\" id=\"Partnerships\"><\/span>Ortakl\u0131klar<span class=\"ez-toc-section-end\"><\/span><\/h2>\r\n\r\n\r\n\r\n<figure class=\"wp-block-image size-full is-style-default\"><img loading=\"lazy\" decoding=\"async\" width=\"1000\" height=\"667\" src=\"https:\/\/comparemyjet.com\/wp-content\/uploads\/2022\/07\/white.plane_.flying.over_.buildings.jpg\" alt=\"\" class=\"wp-image-3064\" srcset=\"https:\/\/comparemyjet.com\/wp-content\/uploads\/2022\/07\/white.plane_.flying.over_.buildings-18x12.jpg 18w, https:\/\/comparemyjet.com\/wp-content\/uploads\/2022\/07\/white.plane_.flying.over_.buildings-300x200.jpg 300w, https:\/\/comparemyjet.com\/wp-content\/uploads\/2022\/07\/white.plane_.flying.over_.buildings-768x512.jpg 768w, https:\/\/comparemyjet.com\/wp-content\/uploads\/2022\/07\/white.plane_.flying.over_.buildings.jpg 1000w\" sizes=\"auto, (max-width: 1000px) 100vw, 1000px\" \/><\/figure>\r\n\r\n\r\n\r\n<p>M\u00fc\u015fterilerine charter hizmetleri ve Jet Card \u00fcyeli\u011fi sunman\u0131n yan\u0131 s\u0131ra Amalfi Jet, be\u015f k\u0131taya yay\u0131lm\u0131\u015f k\u00fcresel bir ortaklar a\u011f\u0131na da sahiptir. \u015eirketin kart sahipleri, ortaklar\u0131 sayesinde, en iyi otellerde ayr\u0131cal\u0131klar gibi benzersiz konumlara ve avantajlara eri\u015fim hakk\u0131na sahiptir. <a href=\"https:\/\/comparemyjet.com\/tr\/hotels\/\" data-internallinksmanager029f6b8e52c=\"470\" title=\"D\u00fcnyan\u0131n D\u00f6rt Bir Yan\u0131ndan Havaalanlar\u0131na Yak\u0131n En \u0130yi 100 Otel\">OTELLER<\/a>, gastronomi kul\u00fcpleri ve di\u011fer k\u00fclt\u00fcr ve e\u011flence mekanlar\u0131.&nbsp;<\/p>\r\n\r\n\r\n\r\n<p>Amalfi One Jet Card 32 \u00fclkede kabul edilmektedir, b\u00f6ylece d\u00fcnyan\u0131n bir\u00e7ok yerinde seyahat edebilirsiniz.&nbsp;<\/p>\r\n\r\n\r\n\r\n<p>Amalfi Jets, The Ritz - Carlton Residences, The Langham - Carlton Residences gibi d\u00fcnyan\u0131n en prestijli i\u015fletmelerinden baz\u0131lar\u0131yla \u00e7al\u0131\u015fmaktan ve onlar taraf\u0131ndan onaylanmaktan onur duymaktad\u0131r. <a href=\"https:\/\/comparemyjet.com\/tr\/private-tours\/sydney-private-tours\/\" data-internallinksmanager029f6b8e52c=\"208\" title=\"$31.99&#039;dan ba\u015flayan fiyatlarla En \u0130yi 11 \u00d6zel Sidney Turu\">Sidney<\/a>, Palace Hotel - <a href=\"https:\/\/comparemyjet.com\/tr\/private-jet-charters-to-tokyo\/\" data-internallinksmanager029f6b8e52c=\"121\" title=\"Tokyo&#039;ya \u00d6zel Jet Kiralama\">Tokyo<\/a>, Castello di Amorosa - <a href=\"https:\/\/comparemyjet.com\/tr\/private-tours\/napa-private-tours\/\" data-internallinksmanager029f6b8e52c=\"424\" title=\"$99.00&#039;dan itibaren En \u0130yi 11 Napa \u00d6zel Turu\">Napa<\/a> Vadisi, Stein Eriksen Lodge ve di\u011ferleri.<\/p>\r\n\r\n\r\n\r\n<h2 class=\"wp-block-heading\"><span class=\"ez-toc-section\" id=\"Conclusion\"><\/span>Sonu\u00e7<span class=\"ez-toc-section-end\"><\/span><\/h2>\r\n\r\n\r\n\r\n<p>Sizin ve ailenizin g\u00fcvenli\u011fi i\u00e7in g\u00fcvenilir bir charter \u015firketine g\u00fcvenmek \u00e7ok \u00f6nemlidir. U\u00e7ak kiralama \u00fccretleri ve jet yak\u0131t\u0131 her ge\u00e7en saniye artarken nereye ba\u015fvuraca\u011f\u0131n\u0131z\u0131 merak ediyorsan\u0131z, Amalfi Jets'e ba\u015fvurun. Ayr\u0131nt\u0131lara ve m\u00fc\u015fteri hizmetlerine g\u00f6sterdikleri \u00f6zen, g\u00fcvenli ve tatmin edici bir yolculu\u011fu garanti eder. One Jet Card Program\u0131 size d\u00fc\u015f\u00fck saatlik \u00fccretler, tercih etti\u011finiz jete yaln\u0131zca 18 saat i\u00e7inde, ekstra \u00fccret veya m\u00fcsait olmayan tarihler olmadan eri\u015fim sa\u011flar.&nbsp;<\/p>","protected":false},"excerpt":{"rendered":"<p>\u00d6zel bir jetle u\u00e7arken d\u00fcnyan\u0131n d\u00f6rt bir yan\u0131na seyahat etmenin yerini hi\u00e7bir \u015fey tutamaz. \u00d6zel u\u00e7u\u015f deneyimini daha keyifli hale getirmek i\u00e7in Amalfi Jets, kalk\u0131\u015ftan \u00f6nce her m\u00fc\u015fteriyi selamlamak ve en keyifli u\u00e7u\u015f i\u00e7in her ayr\u0131nt\u0131n\u0131n halledilmesini sa\u011flamak i\u00e7in temsilcilerinden birini havaalan\u0131na g\u00f6nderir.  \u015eirket a\u015fa\u011f\u0131daki gibi hizmetler sunmaktad\u0131r ...<\/p>","protected":false},"author":2,"featured_media":3063,"parent":0,"menu_order":0,"comment_status":"closed","ping_status":"closed","template":"","meta":{"_acf_changed":false,"_genesis_hide_title":false,"_genesis_hide_breadcrumbs":false,"_genesis_hide_singular_image":false,"_genesis_hide_footer_widgets":false,"_genesis_custom_body_class":"","_genesis_custom_post_class":"","_genesis_layout":"","footnotes":""},"class_list":{"1":"page","2":"type-page","6":"entry"},"acf":[],"_links":{"self":[{"href":"https:\/\/comparemyjet.com\/tr\/wp-json\/wp\/v2\/pages\/3061","targetHints":{"allow":["GET"]}}],"collection":[{"href":"https:\/\/comparemyjet.com\/tr\/wp-json\/wp\/v2\/pages"}],"about":[{"href":"https:\/\/comparemyjet.com\/tr\/wp-json\/wp\/v2\/types\/page"}],"author":[{"embeddable":true,"href":"https:\/\/comparemyjet.com\/tr\/wp-json\/wp\/v2\/users\/2"}],"replies":[{"embeddable":true,"href":"https:\/\/comparemyjet.com\/tr\/wp-json\/wp\/v2\/comments?post=3061"}],"version-history":[{"count":3,"href":"https:\/\/comparemyjet.com\/tr\/wp-json\/wp\/v2\/pages\/3061\/revisions"}],"predecessor-version":[{"id":3437,"href":"https:\/\/comparemyjet.com\/tr\/wp-json\/wp\/v2\/pages\/3061\/revisions\/3437"}],"wp:featuredmedia":[{"embeddable":true,"href":"https:\/\/comparemyjet.com\/tr\/wp-json\/wp\/v2\/media\/3063"}],"wp:attachment":[{"href":"https:\/\/comparemyjet.com\/tr\/wp-json\/wp\/v2\/media?parent=3061"}],"curies":[{"name":"wp","href":"https:\/\/api.w.org\/{rel}","templated":true}]}}