{"id":3070,"date":"2022-07-11T23:51:45","date_gmt":"2022-07-11T23:51:45","guid":{"rendered":"https:\/\/comparemyjet.com\/?page_id=3070"},"modified":"2025-09-04T09:58:16","modified_gmt":"2025-09-04T09:58:16","slug":"concord-private-jet","status":"publish","type":"page","link":"https:\/\/comparemyjet.com\/tr\/concord-private-jet\/","title":{"rendered":"Concord \u00d6zel Jet U\u00e7u\u015f Fiyatlar\u0131"},"content":{"rendered":"<p>Concord Private Jet, m\u00fcmk\u00fcn olan en d\u00fc\u015f\u00fck fiyatlarla en iyi u\u00e7aklar\u0131 sa\u011flama ilkesi \u00fczerine kurulmu\u015ftur. \u015eirket, m\u00fc\u015fterileri i\u00e7in \u00f6zel kiralama yapan bir charter brokeri olarak faaliyet g\u00f6stermektedir.<\/p>\r\n\r\n\r\n\r\n<p>Sahibi Neal Impellizzeri, her bir Filo Eri\u015fim Kart\u0131n\u0131 denetlemekte ve planlamadan ikrama veya transfere kadar her \u015feyin sizin i\u00e7in m\u00fckemmel olmas\u0131n\u0131 sa\u011flamaktad\u0131r. Impellizzeri, programa uyman\u0131n de\u011ferini takdir eder ve her programa kesinlikle uyulmas\u0131n\u0131 sa\u011flamak i\u00e7in kendisi ve ekibine haftan\u0131n 7 g\u00fcn\u00fc, g\u00fcn\u00fcn 24 saati eri\u015filebilir. Concord Private'\u0131n ba\u015fka neler sunabilece\u011fini daha ayr\u0131nt\u0131l\u0131 olarak g\u00f6relim.<\/p>\r\n\r\n\r\n\r\n<div id=\"ez-toc-container\" class=\"ez-toc-v2_0_76 counter-hierarchy ez-toc-counter ez-toc-grey ez-toc-container-direction\">\n<p class=\"ez-toc-title\" style=\"cursor:inherit\">Konular<\/p>\n<label for=\"ez-toc-cssicon-toggle-item-69f198199fafe\" class=\"ez-toc-cssicon-toggle-label\"><span class=\"\"><span class=\"eztoc-hide\" style=\"display:none;\">Ge\u00e7i\u015f<\/span><span class=\"ez-toc-icon-toggle-span\"><svg style=\"fill: #999;color:#999\" xmlns=\"http:\/\/www.w3.org\/2000\/svg\" class=\"list-377408\" width=\"20px\" height=\"20px\" viewbox=\"0 0 24 24\" fill=\"none\"><path d=\"M6 6H4v2h2V6zm14 0H8v2h12V6zM4 11h2v2H4v-2zm16 0H8v2h12v-2zM4 16h2v2H4v-2zm16 0H8v2h12v-2z\" fill=\"currentColor\"><\/path><\/svg><svg style=\"fill: #999;color:#999\" class=\"arrow-unsorted-368013\" xmlns=\"http:\/\/www.w3.org\/2000\/svg\" width=\"10px\" height=\"10px\" viewbox=\"0 0 24 24\" version=\"1.2\" baseprofile=\"tiny\"><path d=\"M18.2 9.3l-6.2-6.3-6.2 6.3c-.2.2-.3.4-.3.7s.1.5.3.7c.2.2.4.3.7.3h11c.3 0 .5-.1.7-.3.2-.2.3-.5.3-.7s-.1-.5-.3-.7zM5.8 14.7l6.2 6.3 6.2-6.3c.2-.2.3-.5.3-.7s-.1-.5-.3-.7c-.2-.2-.4-.3-.7-.3h-11c-.3 0-.5.1-.7.3-.2.2-.3.5-.3.7s.1.5.3.7z\"\/><\/svg><\/span><\/span><\/label><input type=\"checkbox\"  id=\"ez-toc-cssicon-toggle-item-69f198199fafe\" checked aria-label=\"Ge\u00e7i\u015f\" \/><nav><ul class='ez-toc-list ez-toc-list-level-1' ><li class='ez-toc-page-1 ez-toc-heading-level-2'><a class=\"ez-toc-link ez-toc-heading-1\" href=\"https:\/\/comparemyjet.com\/tr\/concord-private-jet\/#Company_History\" >\u015eirket Tarih\u00e7esi<\/a><\/li><li class='ez-toc-page-1 ez-toc-heading-level-2'><a class=\"ez-toc-link ez-toc-heading-2\" href=\"https:\/\/comparemyjet.com\/tr\/concord-private-jet\/#Company_Jet_Card_Program\" >\u015eirket Jet Kart Program\u0131<\/a><\/li><li class='ez-toc-page-1 ez-toc-heading-level-2'><a class=\"ez-toc-link ez-toc-heading-3\" href=\"https:\/\/comparemyjet.com\/tr\/concord-private-jet\/#The_Fleet\" >Filo&nbsp;<\/a><ul class='ez-toc-list-level-3' ><li class='ez-toc-heading-level-3'><a class=\"ez-toc-link ez-toc-heading-4\" href=\"https:\/\/comparemyjet.com\/tr\/concord-private-jet\/#1_Light_Private_Jets\" >1. Hafif \u00d6zel Jetler<\/a><ul class='ez-toc-list-level-4' ><li class='ez-toc-heading-level-4'><a class=\"ez-toc-link ez-toc-heading-5\" href=\"https:\/\/comparemyjet.com\/tr\/concord-private-jet\/#Our_Recommendation_Premier_I\" >Bizim Tavsiyemiz: Premier I<\/a><\/li><\/ul><\/li><li class='ez-toc-page-1 ez-toc-heading-level-3'><a class=\"ez-toc-link ez-toc-heading-6\" href=\"https:\/\/comparemyjet.com\/tr\/concord-private-jet\/#2_Midsize_Private_Jets\" >2. Orta Boy \u00d6zel Jetler<\/a><ul class='ez-toc-list-level-4' ><li class='ez-toc-heading-level-4'><a class=\"ez-toc-link ez-toc-heading-7\" href=\"https:\/\/comparemyjet.com\/tr\/concord-private-jet\/#Our_Recommendation_Astra_SPX\" >Bizim Tavsiyemiz: Astra SPX<\/a><\/li><\/ul><\/li><li class='ez-toc-page-1 ez-toc-heading-level-3'><a class=\"ez-toc-link ez-toc-heading-8\" href=\"https:\/\/comparemyjet.com\/tr\/concord-private-jet\/#3_Super-Midsize_Private_Jets\" >3. S\u00fcper-Orta Boy \u00d6zel Jetler&nbsp;<\/a><ul class='ez-toc-list-level-4' ><li class='ez-toc-heading-level-4'><a class=\"ez-toc-link ez-toc-heading-9\" href=\"https:\/\/comparemyjet.com\/tr\/concord-private-jet\/#Our_Recommendation_The_Citation_Sovereign\" >Bizim Tavsiyemiz: Citation Sovereign<\/a><\/li><\/ul><\/li><li class='ez-toc-page-1 ez-toc-heading-level-3'><a class=\"ez-toc-link ez-toc-heading-10\" href=\"https:\/\/comparemyjet.com\/tr\/concord-private-jet\/#4_Large_Private_Jets\" >4. B\u00fcy\u00fck \u00d6zel Jetler<\/a><ul class='ez-toc-list-level-4' ><li class='ez-toc-heading-level-4'><a class=\"ez-toc-link ez-toc-heading-11\" href=\"https:\/\/comparemyjet.com\/tr\/concord-private-jet\/#Our_Recommendation_The_Falcon_900EX\" >Bizim Tavsiyemiz: Falcon 900EX<\/a><\/li><\/ul><\/li><\/ul><\/li><li class='ez-toc-page-1 ez-toc-heading-level-2'><a class=\"ez-toc-link ez-toc-heading-12\" href=\"https:\/\/comparemyjet.com\/tr\/concord-private-jet\/#Company_Safety_Policy_and_Standards\" >\u015eirket G\u00fcvenlik Politikas\u0131 ve Standartlar\u0131<\/a><\/li><li class='ez-toc-page-1 ez-toc-heading-level-2'><a class=\"ez-toc-link ez-toc-heading-13\" href=\"https:\/\/comparemyjet.com\/tr\/concord-private-jet\/#Conclusion\" >Sonu\u00e7<\/a><\/li><\/ul><\/nav><\/div>\n<h2 class=\"wp-block-heading\"><span class=\"ez-toc-section\" id=\"Company_History\"><\/span>\u015eirket Tarih\u00e7esi<span class=\"ez-toc-section-end\"><\/span><\/h2>\r\n\r\n\r\n\r\n<p>Concord Private Jet, 2008 y\u0131l\u0131nda Neal Impellizzeri, e\u015fi Michelle Impellizzeri ve o\u011fullar\u0131 AJ taraf\u0131ndan NYC'de bir aile \u015firketi olarak kuruldu, <a href=\"https:\/\/comparemyjet.com\/tr\/private-tours\/new-york-city-private-tours\/\" data-internallinksmanager029f6b8e52c=\"427\" title=\"$48.00&#039;dan \u0130tibaren En \u0130yi 11 \u00d6zel New York Turu\">New York<\/a>.&nbsp;<\/p>\r\n\r\n\r\n\r\n<p>Concord k\u00fc\u00e7\u00fck bir aile \u015firketidir ve b\u00fcy\u00fck \u015firketlerin sahip oldu\u011fu g\u00fc\u00e7l\u00fc kurumsal organizasyondan yoksundur. Uygun ve d\u00fc\u015f\u00fck fiyatlar sunabilmelerinin nedeni de pazarlama ve sat\u0131\u015f i\u00e7in on binlerce dolar harcamamalar\u0131d\u0131r.<\/p>\r\n\r\n\r\n\r\n<p>Concord Private Jet \u00fc\u00e7\u00fcnc\u00fc taraf charter seferleri d\u00fczenlemektedir. Ba\u015flang\u0131\u00e7 ve \u00fcyelik \u00fccreti yoktur ve giri\u015f seviyesi program\u0131 hafif bir jet veya turbopropta 25 saat i\u00e7erir. Saatlik \u00fccret sabit ve garantilidir ve kart sahipleri ayn\u0131 anda \u00e7ok say\u0131da u\u00e7ak kullanabilir.&nbsp;<\/p>\r\n\r\n\r\n\r\n<p>Impellizzeri, A noktas\u0131ndan B noktas\u0131na di\u011fer \u00f6zel charter \u015firketlerinin talep etti\u011finden %0 ila 40% daha ucuza u\u00e7man\u0131z\u0131 sa\u011flayan t\u00fcr\u00fcn\u00fcn tek \u00f6rne\u011fi bir plan olu\u015fturdu. En y\u00fcksek kriterleri kar\u015f\u0131lamak i\u00e7in yaln\u0131zca Platinum Argus sertifikal\u0131 u\u00e7aklar\u0131 kiral\u0131yorlar. Bunu bir perspektife oturtmak gerekirse, \u00fclke \u00e7ap\u0131nda yakla\u015f\u0131k 3.500 ticari operat\u00f6r aras\u0131nda sadece 31 Platinum Argus sertifikal\u0131 ta\u015f\u0131y\u0131c\u0131 bulunmaktad\u0131r.<\/p>\r\n\r\n\r\n\r\n<h2 class=\"wp-block-heading\"><span class=\"ez-toc-section\" id=\"Company_Jet_Card_Program\"><\/span>\u015eirket Jet Kart Program\u0131<span class=\"ez-toc-section-end\"><\/span><\/h2>\r\n\r\n\r\n\r\n<figure class=\"wp-block-image size-full is-style-default\"><img loading=\"lazy\" decoding=\"async\" width=\"1000\" height=\"667\" src=\"https:\/\/comparemyjet.com\/wp-content\/uploads\/2022\/07\/private.jet_.pilots.in_.cockpit.jpg\" alt=\"Concord,\u00d6zel,Jet,pilotlar\u0131,kokpitte,u\u00e7u\u015fa,haz\u0131r\" class=\"wp-image-3072\" srcset=\"https:\/\/comparemyjet.com\/wp-content\/uploads\/2022\/07\/private.jet_.pilots.in_.cockpit-18x12.jpg 18w, https:\/\/comparemyjet.com\/wp-content\/uploads\/2022\/07\/private.jet_.pilots.in_.cockpit-300x200.jpg 300w, https:\/\/comparemyjet.com\/wp-content\/uploads\/2022\/07\/private.jet_.pilots.in_.cockpit-768x512.jpg 768w, https:\/\/comparemyjet.com\/wp-content\/uploads\/2022\/07\/private.jet_.pilots.in_.cockpit.jpg 1000w\" sizes=\"auto, (max-width: 1000px) 100vw, 1000px\" \/><\/figure>\r\n\r\n\r\n\r\n<p>Concord \u00d6zel 25 Saatlik Jet Kart\u0131, \u00f6zel seyahat gereksinimlerinize en uygun jet modelini ve kategorisini se\u00e7menize olanak tan\u0131r. Concord, 24 ay boyunca garanti edilen en uygun saatlik \u00fccretle en y\u00fcksek g\u00fcvenlik seviyesini sunar. Her kart d\u00f6rt ay boyunca d\u00f6rt \u00f6demeye kadar b\u00f6l\u00fcnebilir.<\/p>\r\n\r\n\r\n\r\n<p>Concord \u00d6zel Jet \u00fcyelik program\u0131 ile kart sahibi olmaya karar verirseniz, geceleme \u00fccreti, ini\u015f, yeniden konumland\u0131rma veya yak\u0131t ek \u00fccreti ve y\u00f6netim \u00fccreti olmamas\u0131 gibi avantajlardan yararlanacaks\u0131n\u0131z. Jet s\u0131n\u0131f\u0131n\u0131z\u0131 y\u00fckseltmek (veya d\u00fc\u015f\u00fcrmek) \u00fccretsizdir ve y\u0131l\u0131n 365 g\u00fcn\u00fc garantili m\u00fcsaitlik elde edersiniz.<\/p>\r\n\r\n\r\n\r\n<p>\u00dcyeler ayr\u0131ca g\u00fcn\u00fcn her saati sorular\u0131na yan\u0131t verebilecek ve bilgi sunabilecek niteliklere sahip ki\u015fisel bir seyahat konsiyerjine eri\u015fim hakk\u0131na sahiptir.<\/p>\r\n\r\n\r\n\r\n<p>25 Saatlik Jet Kart program\u0131, t\u00fcm vergiler dahil olmak \u00fczere saatlik olarak fiyatland\u0131r\u0131l\u0131r. \u00d6rne\u011fin, orta b\u00fcy\u00fckl\u00fckte bir jetle u\u00e7mak i\u00e7in saatlik $5,750 \u00f6derken, hafif kategorideki bir jetle u\u00e7mak i\u00e7in saatlik $4,750 \u00f6dersiniz.<\/p>\r\n\r\n\r\n\r\n<p>\u015eirket Jet Card sahiplerinden yak\u0131t \u00fccreti almamakta ve m\u00fc\u015fterilerine her yolculukta men\u00fc se\u00e7enekleri sunmaktad\u0131r. Bir m\u00fc\u015fteri olarak, yaln\u0131zca ger\u00e7ekten u\u00e7ulan saatler i\u00e7in \u00fccretlendirilirsiniz.<\/p>\r\n\r\n\r\n\r\n<h2 class=\"wp-block-heading\"><span class=\"ez-toc-section\" id=\"The_Fleet\"><\/span>Filo&nbsp;<span class=\"ez-toc-section-end\"><\/span><\/h2>\r\n\r\n\r\n\r\n<p>Concord, ister k\u00fc\u00e7\u00fck ister b\u00fcy\u00fck bir jet ar\u0131yor olun, herkes i\u00e7in \u00f6zel bir jete sahiptir. Bir charter komisyoncusu olarak, bir\u00e7ok ta\u015f\u0131y\u0131c\u0131ya eri\u015fimleri vard\u0131r, bu sizin i\u00e7in iyi bir haberdir - istedi\u011finiz jet modelini \u00e7ok az bildirim s\u00fcresiyle alman\u0131z garanti edilir.<\/p>\r\n\r\n\r\n\r\n<p>Concord Private Jet'in sundu\u011fu jet kategorilerine ve modellerine bir g\u00f6z atal\u0131m.<\/p>\r\n\r\n\r\n\r\n<h3 class=\"wp-block-heading\"><span class=\"ez-toc-section\" id=\"1_Light_Private_Jets\"><\/span>1. Hafif \u00d6zel Jetler<span class=\"ez-toc-section-end\"><\/span><\/h3>\r\n\r\n\r\n\r\n<p>Hafif jetler d\u00fc\u015f\u00fck fiyatlar\u0131 ve y\u00fcksek verimlilikleri sayesinde pop\u00fcler bir se\u00e7imdir. Daha k\u0131sa pistler nedeniyle sadece k\u00fc\u00e7\u00fck jetlerin inebilece\u011fi ula\u015f\u0131lmas\u0131 zor yerlere eri\u015fim sa\u011flarlar. Hafif bir u\u00e7a\u011f\u0131n menzili d\u00f6rt saatten azd\u0131r ve bu da onlar\u0131 k\u0131sa, yurt i\u00e7i seyahatler i\u00e7in m\u00fckemmel k\u0131lar. Bu u\u00e7aklar olduk\u00e7a h\u0131zl\u0131d\u0131r ve sizi k\u0131sa s\u00fcrede var\u0131\u015f noktan\u0131za ula\u015ft\u0131r\u0131r.<\/p>\r\n\r\n\r\n\r\n<h4 class=\"wp-block-heading\"><span class=\"ez-toc-section\" id=\"Our_Recommendation_Premier_I\"><\/span>Bizim Tavsiyemiz: Premier I<span class=\"ez-toc-section-end\"><\/span><\/h4>\r\n\r\n\r\n\r\n<p>Beechcraft Premier I, taraf\u0131ndan \u00fcretilen hafif jet u\u00e7a\u011f\u0131 kategorisinin bir \u00fcyesidir. <a href=\"https:\/\/comparemyjet.com\/tr\/hawker-beechcraft\/\" data-internallinksmanager029f6b8e52c=\"153\" title=\"Hawker Beechcraft \u00d6zel Jetler ve U\u00e7aklar \u0130\u00e7in Nihai Rehber\">Hawker Beechcraft<\/a>. U\u00e7ak, 1996 y\u0131l\u0131nda <a href=\"https:\/\/comparemyjet.com\/tr\/cessna\/\" data-internallinksmanager029f6b8e52c=\"145\" title=\"Cessna \u00d6zel Jetler ve U\u00e7aklar \u0130\u00e7in Nihai Rehber\">Cessna<\/a> At\u0131f ailesi.<\/p>\r\n\r\n\r\n\r\n<p>\u00d6zellikler:<\/p>\r\n\r\n\r\n\r\n<ul class=\"wp-block-list\"><li>Kabin hacmi 285 ft k\u00fcp;<\/li><li>Dahili bagaj alan\u0131 23 ft k\u00fcp;<\/li><li>D\u0131\u015f bagaj alan\u0131 55 ft k\u00fcp;<\/li><li>Maksimum seyir h\u0131z\u0131 461 knot;<\/li><li>Normal seyir h\u0131z\u0131 426 knot;<\/li><li>Bir veya iki pilot taraf\u0131ndan \u00e7al\u0131\u015ft\u0131r\u0131labilir;<\/li><li>Alt\u0131 yolcu kapasiteli;<\/li><li>Normal u\u00e7u\u015f menzili 850 nm;<\/li><li>Maksimum u\u00e7u\u015f menzili 1430 nm.<\/li><\/ul>\r\n\r\n\r\n\r\n<p>Concord Private Jet, a\u015fa\u011f\u0131dakiler gibi \u00e7e\u015fitli hafif jet modelleri sunmaktad\u0131r <em>Citation Jet \/CJ1\/CJ2\/CJ3, Nextant 400XT, Citation II\/V\/Bravo\/Encore\/Ultra, Beechjet 400\/400A, <a href=\"https:\/\/comparemyjet.com\/tr\/learjet\/\" data-internallinksmanager029f6b8e52c=\"149\" title=\"Learjet \u00d6zel Jetler ve U\u00e7aklar \u0130\u00e7in Nihai Rehber\">Learjet<\/a> 40, Hawker 400XP, <\/em>ve bizim \u00f6nerdi\u011fimiz <em>Premier<\/em>.<\/p>\r\n\r\n\r\n\r\n<h3 class=\"wp-block-heading\"><span class=\"ez-toc-section\" id=\"2_Midsize_Private_Jets\"><\/span>2. Orta Boy \u00d6zel Jetler<span class=\"ez-toc-section-end\"><\/span><\/h3>\r\n\r\n\r\n\r\n<p>Orta b\u00fcy\u00fckl\u00fckte bir jetin menzili de\u011fi\u015fir ancak alt\u0131 saati ge\u00e7mez. Bu u\u00e7aklar hafif u\u00e7aklara g\u00f6re daha geni\u015ftir ve daha fazla konfor sa\u011flar. Sizi k\u0131sa ve uzun yolculuklara \u00e7\u0131karabilirler, bu da onlar\u0131 olduk\u00e7a \u00e7ok y\u00f6nl\u00fc hale getirir ve hangi jet s\u0131n\u0131f\u0131n\u0131 kiralayaca\u011f\u0131n\u0131zdan \u015f\u00fcphe duydu\u011funuzda her zaman iyi bir se\u00e7imdir. Genellikle kapal\u0131 bir banyo, mini mutfak ve daha fazla bagaj alan\u0131 ile birlikte gelirler.<\/p>\r\n\r\n\r\n\r\n<h4 class=\"wp-block-heading\"><span class=\"ez-toc-section\" id=\"Our_Recommendation_Astra_SPX\"><\/span>Bizim Tavsiyemiz: Astra SPX<span class=\"ez-toc-section-end\"><\/span><\/h4>\r\n\r\n\r\n\r\n<p>Israel Aircraft Industries 90'l\u0131 y\u0131llarda Astra SPX'i geli\u015ftirdi. 2000'lerin ba\u015f\u0131nda, <a href=\"https:\/\/comparemyjet.com\/tr\/gulfstream\/\" data-internallinksmanager029f6b8e52c=\"175\" title=\"Gulfstream \u00d6zel Jetler ve U\u00e7aklar \u0130\u00e7in Nihai Rehber\">Gulfstream<\/a> tasar\u0131m\u0131 sat\u0131n ald\u0131 ve ona G-100 ad\u0131n\u0131 verdi.&nbsp;<\/p>\r\n\r\n\r\n\r\n<p>Astra SPX yedi yolcuya konaklama imkan\u0131 sa\u011flar. Kabinde uzan\u0131p dinlenmenizi sa\u011flayan \u00fc\u00e7 ki\u015filik bir divan ve kemerli bir tuvalet koltu\u011fu bulunmaktad\u0131r.&nbsp;<\/p>\r\n\r\n\r\n\r\n<p>\u00d6zellikler ve olanaklar:<\/p>\r\n\r\n\r\n\r\n<ul class=\"wp-block-list\"><li>Yedi yolcu kapasitelidir;<\/li><li>Maksimum u\u00e7u\u015f menzili 2790 nm'dir;<\/li><li>Maksimum h\u0131z 470 knot;<\/li><li>Tam boy kapal\u0131 tuvalet;&nbsp;<\/li><li>B\u00fcy\u00fck bir \u00f6n mutfak;<\/li><li>GoGo 5G Y\u00fcksek H\u0131zl\u0131 \u0130nternet;&nbsp;<\/li><li>LCD \u0131\u015f\u0131klar ve uydu telefonu;&nbsp;<\/li><li>U\u00e7ak i\u00e7i e\u011flence sistemi;<\/li><li>Kabin y\u00fcksekli\u011fi 5' 6\";<\/li><li>Kabin uzunlu\u011fu 17' 1\"'dir;<\/li><li>\u0130\u00e7 bagaj alan\u0131 9 ft k\u00fcp;<\/li><li>D\u0131\u015f bagaj alan\u0131 42 ft k\u00fcp;<\/li><li>\u0130ki pilot taraf\u0131ndan \u00e7al\u0131\u015ft\u0131r\u0131labilir.<\/li><\/ul>\r\n\r\n\r\n\r\n<p>Concord Private Jet, bu orta \u00f6l\u00e7ekli \u00f6zel u\u00e7ak s\u0131n\u0131f\u0131nda a\u015fa\u011f\u0131dakiler gibi \u00e7e\u015fitli jet modelleri sunmaktad\u0131r <em>Falcon 20\/200, Citation III\/VI\/VII, G150, Citation Excel\/XLS, Hawker 800\/800XP\/900, Learjet 45\/55\/60, <\/em>ve bizim \u00f6nerdi\u011fimiz <em>Astra SPX<\/em>.<\/p>\r\n\r\n\r\n\r\n<h3 class=\"wp-block-heading\"><span class=\"ez-toc-section\" id=\"3_Super-Midsize_Private_Jets\"><\/span>3. S\u00fcper-Orta Boy \u00d6zel Jetler&nbsp;<span class=\"ez-toc-section-end\"><\/span><\/h3>\r\n\r\n\r\n\r\n<p>Rahat\u00e7a ayakta durabilece\u011finiz geni\u015f kabinleri ve k\u0131talar aras\u0131 u\u00e7abilme kapasitesi ile \u00f6zel jet ile u\u00e7man\u0131n neden seyahat etmenin en iyi yolu oldu\u011funu ke\u015ffedeceksiniz. S\u00fcper-orta boy jetler, orta boy jetlerden daha y\u00fcksek dayan\u0131kl\u0131l\u0131\u011fa sahiptir ve yak\u0131t i\u00e7in durmadan 7 saatten fazla u\u00e7abilir.&nbsp;<\/p>\r\n\r\n\r\n\r\n<h4 class=\"wp-block-heading\"><span class=\"ez-toc-section\" id=\"Our_Recommendation_The_Citation_Sovereign\"><\/span>Bizim Tavsiyemiz: Citation Sovereign<span class=\"ez-toc-section-end\"><\/span><\/h4>\r\n\r\n\r\n\r\n<p>Cessna Citation Sovereign ola\u011fan\u00fcst\u00fc performans\u0131 l\u00fcks ile birle\u015ftirir. M\u00fckemmel k\u0131sa saha dayan\u0131kl\u0131l\u0131\u011f\u0131 ve geni\u015f bir u\u00e7u\u015f menziline sahiptir, bu da onu \u00e7ok y\u00f6nl\u00fc bir se\u00e7enek haline getirir.&nbsp;<\/p>\r\n\r\n\r\n\r\n<p>Citation Sovereign'\u0131n geni\u015f kabini, tam bir i\u00e7ecek alan\u0131n\u0131n yan\u0131 s\u0131ra \u00e7ift kul\u00fcp oturma konfig\u00fcrasyonu i\u00e7erir. Sekt\u00f6rdeki en l\u00fcks orta boy \u00f6zel jetlerden birinde \u015f\u0131k bir \u015fekilde seyahat edin.<\/p>\r\n\r\n\r\n\r\n<p>\u00d6zellikler:<\/p>\r\n\r\n\r\n\r\n<ul class=\"wp-block-list\"><li>Dokuz yolcu kapasitelidir;<\/li><li>Durmaks\u0131z\u0131n 7:15 saat u\u00e7abilir;<\/li><li>Maksimum u\u00e7u\u015f menzili 3010 nm;<\/li><li>Kabin y\u00fcksekli\u011fi 5' 8\";<\/li><li>Kabin geni\u015fli\u011fi 5' 6\";<\/li><li>Kabin uzunlu\u011fu 25' 3\";<\/li><li>Dahili bagaj alan\u0131 35 ft k\u00fcp;<\/li><li>Maksimum seyir h\u0131z\u0131 459 kts.<\/li><\/ul>\r\n\r\n\r\n\r\n<p>Concord Private Jet, a\u015fa\u011f\u0131dakiler gibi \u00e7e\u015fitli s\u00fcper-orta b\u00fcy\u00fckl\u00fckte \u00f6zel u\u00e7aklar sunmaktad\u0131r <em>Citation X, Gulfstream G200 \/ G280, Falcon 50 \/ 50EX, Challenger 300, <\/em>ve bizim \u00f6nerdi\u011fimiz <em>Citation Sovereign.<\/em><\/p>\r\n\r\n\r\n\r\n<h3 class=\"wp-block-heading\"><span class=\"ez-toc-section\" id=\"4_Large_Private_Jets\"><\/span>4. B\u00fcy\u00fck \u00d6zel Jetler<span class=\"ez-toc-section-end\"><\/span><\/h3>\r\n\r\n\r\n\r\n<p>Bir sonraki seyahatiniz \u00fclkeler aras\u0131 veya k\u0131talararas\u0131 bir seyahat i\u00e7eriyorsa, bu u\u00e7ak s\u0131n\u0131f\u0131ndan bir jet se\u00e7mek do\u011fru se\u00e7imdir. Alacaks\u0131n <a href=\"https:\/\/comparemyjet.com\/tr\/fastest-private-jets\/\" data-internallinksmanager029f6b8e52c=\"183\" title=\"D\u00fcnyan\u0131n En H\u0131zl\u0131 11 \u00d6zel Jeti [Resimlerle]\">h\u0131zl\u0131 jet<\/a> \u00e7o\u011fu durumda yak\u0131t i\u00e7in durmak zorunda kalmaz. A\u011f\u0131r bir jet ile, nihai \u00f6zel jet seyahat deneyimini ve ba\u015fka bir l\u00fcks seviyesini elde edersiniz.<\/p>\r\n\r\n\r\n\r\n<h4 class=\"wp-block-heading\"><span class=\"ez-toc-section\" id=\"Our_Recommendation_The_Falcon_900EX\"><\/span>Bizim Tavsiyemiz: Falcon 900EX<span class=\"ez-toc-section-end\"><\/span><\/h4>\r\n\r\n\r\n\r\n<p>5.000 millik menzili, ola\u011fan\u00fcst\u00fc ho\u015f kabini ve devrim niteli\u011findeki \u00fc\u00e7 motorlu tasar\u0131m\u0131yla Falcon 900EX okyanus \u00f6tesi u\u00e7u\u015flar i\u00e7in m\u00fckemmeldir ve muazzam bir esneklik sunar.&nbsp;<\/p>\r\n\r\n\r\n\r\n<p>\u00d6zellikler ve olanaklar:<\/p>\r\n\r\n\r\n\r\n<ul class=\"wp-block-list\"><li>\u0130ki pilot taraf\u0131ndan i\u015fletilmektedir;<\/li><li>On iki yolcu kapasitelidir;<\/li><li>Maksimum seyir h\u0131z\u0131 870 kmph (470 kt);<\/li><li>Maksimum u\u00e7u\u015f menzili 5,180 mil;<\/li><li>Kabin y\u00fcksekli\u011fi 6ft 2in'dir;<\/li><li>Kabin i\u00e7 uzunlu\u011fu 33 ft 2 in\u00e7tir;<\/li><li>Bagaj alan\u0131 hacmi 127 k\u00fcbik ft'dir;<\/li><li>Bir mutfak;<\/li><li>Uydu telefonu, faks, e\u011flence sistemi;<\/li><li>\u0130ki tuvalet ve bir makyaj odas\u0131.<\/li><\/ul>\r\n\r\n\r\n\r\n<p>Concord Private Jet, a\u015fa\u011f\u0131dakiler gibi \u00e7e\u015fitli a\u011f\u0131r \u00f6zel u\u00e7aklar sunmaktad\u0131r<em> Falcon 2000 Serisi, Challenger 600\/601\/604, Global Express, Gulfstream serisi, <\/em>ve bizim \u00f6nerdi\u011fimiz <em>Falcon 900EX.<\/em><\/p>\r\n\r\n\r\n\r\n<h2 class=\"wp-block-heading\"><span class=\"ez-toc-section\" id=\"Company_Safety_Policy_and_Standards\"><\/span>\u015eirket G\u00fcvenlik Politikas\u0131 ve Standartlar\u0131<span class=\"ez-toc-section-end\"><\/span><\/h2>\r\n\r\n\r\n\r\n<figure class=\"wp-block-image size-full is-style-default\"><img loading=\"lazy\" decoding=\"async\" width=\"1000\" height=\"707\" src=\"https:\/\/comparemyjet.com\/wp-content\/uploads\/2022\/07\/safejourney.jpg\" alt=\"\" class=\"wp-image-3073\" srcset=\"https:\/\/comparemyjet.com\/wp-content\/uploads\/2022\/07\/safejourney-18x12.jpg 18w, https:\/\/comparemyjet.com\/wp-content\/uploads\/2022\/07\/safejourney-300x212.jpg 300w, https:\/\/comparemyjet.com\/wp-content\/uploads\/2022\/07\/safejourney-768x543.jpg 768w, https:\/\/comparemyjet.com\/wp-content\/uploads\/2022\/07\/safejourney.jpg 1000w\" sizes=\"auto, (max-width: 1000px) 100vw, 1000px\" \/><\/figure>\r\n\r\n\r\n\r\n<p>Concord \u00d6zel Jet, m\u00fc\u015fterilerinin g\u00fcvenli\u011fini ilk s\u0131raya koyar ve yaln\u0131zca Platinum kullan\u0131r <a href=\"https:\/\/www.argus.aero\/\" target=\"_blank\" rel=\"noopener\">Argus<\/a> G\u00fcvenlik sertifikal\u0131 operat\u00f6rler. Platin derece, nitelikli m\u00fcfetti\u015fler taraf\u0131ndan ger\u00e7ekle\u015ftirilen s\u0131k\u0131 bir yerinde de\u011ferlendirmeden ge\u00e7meyi gerektirir, bu nedenle sertifikal\u0131 operat\u00f6rlerle u\u00e7mak, ticari bir u\u00e7akla u\u00e7maktan \u00e7ok daha g\u00fcvenlidir.<\/p>\r\n\r\n\r\n\r\n<p>Bir u\u00e7ak g\u00fcvenlik kriterlerini kar\u015f\u0131layamazsa, \u015firket yolculu\u011funuz i\u00e7in size derhal yeni bir u\u00e7ak tahsis eder.<\/p>\r\n\r\n\r\n\r\n<h2 class=\"wp-block-heading\"><span class=\"ez-toc-section\" id=\"Conclusion\"><\/span>Sonu\u00e7<span class=\"ez-toc-section-end\"><\/span><\/h2>\r\n\r\n\r\n\r\n<p>Bire bir hizmet, Concord \u00d6zel Jet'i kurumsal rakiplerinden ay\u0131rmaktad\u0131r. \u015eirket, t\u00fcm sorular\u0131n\u0131z\u0131n, endi\u015felerinizin ve ihtiya\u00e7lar\u0131n\u0131z\u0131n ele al\u0131nmas\u0131n\u0131 sa\u011flamak i\u00e7in \u00e7al\u0131\u015f\u0131r. \u015eirket sahibi her seyahati \u015fahsen izler, programa uyuldu\u011fundan, ikramlar\u0131n yerinde oldu\u011fundan ve var\u0131\u015f noktas\u0131nda kara ula\u015f\u0131m\u0131n\u0131n mevcut oldu\u011fundan emin olur. Di\u011fer firmalar bu t\u00fcr hizmetler i\u00e7in \u00fccret talep ederken, Concord her \u015fey dahil Jet Card ile gurur duymaktad\u0131r.&nbsp;<\/p>\r\n\r\n\r\n\r\n<p>M\u00fc\u015fteri olabilir ve hizmetlerini \u00e7ok az bir taahh\u00fctle veya hi\u00e7 taahh\u00fct vermeden deneyebilirsiniz.&nbsp;<\/p>","protected":false},"excerpt":{"rendered":"<p>Concord Private Jet, m\u00fcmk\u00fcn olan en d\u00fc\u015f\u00fck fiyatlarla en iyi u\u00e7aklar\u0131 sa\u011flama ilkesi \u00fczerine kurulmu\u015ftur. \u015eirket, m\u00fc\u015fterileri i\u00e7in \u00f6zel kiralama yapan bir charter brokeri olarak faaliyet g\u00f6stermektedir. \u015eirket sahibi Neal Impellizzeri, her bir Filo Eri\u015fim Kart\u0131n\u0131 denetlemekte ve planlamadan ikrama veya transfere kadar her \u015feyin m\u00fckemmel oldu\u011fundan emin olmaktad\u0131r ...<\/p>","protected":false},"author":2,"featured_media":3071,"parent":0,"menu_order":0,"comment_status":"closed","ping_status":"closed","template":"","meta":{"_acf_changed":false,"_genesis_hide_title":false,"_genesis_hide_breadcrumbs":false,"_genesis_hide_singular_image":false,"_genesis_hide_footer_widgets":false,"_genesis_custom_body_class":"","_genesis_custom_post_class":"","_genesis_layout":"","footnotes":""},"class_list":{"1":"page","2":"type-page","6":"entry"},"acf":[],"_links":{"self":[{"href":"https:\/\/comparemyjet.com\/tr\/wp-json\/wp\/v2\/pages\/3070","targetHints":{"allow":["GET"]}}],"collection":[{"href":"https:\/\/comparemyjet.com\/tr\/wp-json\/wp\/v2\/pages"}],"about":[{"href":"https:\/\/comparemyjet.com\/tr\/wp-json\/wp\/v2\/types\/page"}],"author":[{"embeddable":true,"href":"https:\/\/comparemyjet.com\/tr\/wp-json\/wp\/v2\/users\/2"}],"replies":[{"embeddable":true,"href":"https:\/\/comparemyjet.com\/tr\/wp-json\/wp\/v2\/comments?post=3070"}],"version-history":[{"count":2,"href":"https:\/\/comparemyjet.com\/tr\/wp-json\/wp\/v2\/pages\/3070\/revisions"}],"predecessor-version":[{"id":3438,"href":"https:\/\/comparemyjet.com\/tr\/wp-json\/wp\/v2\/pages\/3070\/revisions\/3438"}],"wp:featuredmedia":[{"embeddable":true,"href":"https:\/\/comparemyjet.com\/tr\/wp-json\/wp\/v2\/media\/3071"}],"wp:attachment":[{"href":"https:\/\/comparemyjet.com\/tr\/wp-json\/wp\/v2\/media?parent=3070"}],"curies":[{"name":"wp","href":"https:\/\/api.w.org\/{rel}","templated":true}]}}