{"id":3144,"date":"2022-07-23T00:30:19","date_gmt":"2022-07-23T00:30:19","guid":{"rendered":"https:\/\/comparemyjet.com\/?page_id=3144"},"modified":"2025-09-04T09:58:20","modified_gmt":"2025-09-04T09:58:20","slug":"fly-aeolus","status":"publish","type":"page","link":"https:\/\/comparemyjet.com\/tr\/fly-aeolus\/","title":{"rendered":"Fly Aeolus U\u00e7u\u015f Fiyatland\u0131rmas\u0131"},"content":{"rendered":"<p>Fly Aeolus bir Bel\u00e7ikal\u0131 <a href=\"https:\/\/comparemyjet.com\/tr\/how-much-does-air-taxi-cost\/\" data-internallinksmanager029f6b8e52c=\"23\" title=\"Hava Taksisinin Maliyeti Ne Kadard\u0131r?\">HAVA TAKS\u0130<\/a> (\u00f6zel charter) hizmeti 2009 y\u0131l\u0131ndan beri Avrupa'da faaliyet g\u00f6stermektedir. Merkezi Antwerp'te bulunan \u015firketin ofisleri <a href=\"https:\/\/comparemyjet.com\/tr\/private-tours\/berlin-private-tours\/\" data-internallinksmanager029f6b8e52c=\"254\" title=\"$68.86&#039;dan Ba\u015flayan En \u0130yi 11 \u00d6zel Berlin Turu\">Berlin<\/a> ve Rotterdam.&nbsp;<\/p>\r\n\r\n\r\n\r\n<p>Havac\u0131l\u0131k end\u00fcstrisindeki en g\u00fcvenli tek motorlu jetlerden biri olarak kabul edilen Cirrus SR-1,500 u\u00e7aklar\u0131ndan biriyle Avrupa k\u0131tas\u0131ndaki 22'den fazla havaliman\u0131ndan u\u00e7abilirsiniz. Bakal\u0131m \u015firketin ba\u015fka neler sunabilece\u011fini.<\/p>\r\n\r\n\r\n\r\n<div id=\"ez-toc-container\" class=\"ez-toc-v2_0_76 counter-hierarchy ez-toc-counter ez-toc-grey ez-toc-container-direction\">\n<p class=\"ez-toc-title\" style=\"cursor:inherit\">Konular<\/p>\n<label for=\"ez-toc-cssicon-toggle-item-69f22816130f7\" class=\"ez-toc-cssicon-toggle-label\"><span class=\"\"><span class=\"eztoc-hide\" style=\"display:none;\">Ge\u00e7i\u015f<\/span><span class=\"ez-toc-icon-toggle-span\"><svg style=\"fill: #999;color:#999\" xmlns=\"http:\/\/www.w3.org\/2000\/svg\" class=\"list-377408\" width=\"20px\" height=\"20px\" viewbox=\"0 0 24 24\" fill=\"none\"><path d=\"M6 6H4v2h2V6zm14 0H8v2h12V6zM4 11h2v2H4v-2zm16 0H8v2h12v-2zM4 16h2v2H4v-2zm16 0H8v2h12v-2z\" fill=\"currentColor\"><\/path><\/svg><svg style=\"fill: #999;color:#999\" class=\"arrow-unsorted-368013\" xmlns=\"http:\/\/www.w3.org\/2000\/svg\" width=\"10px\" height=\"10px\" viewbox=\"0 0 24 24\" version=\"1.2\" baseprofile=\"tiny\"><path d=\"M18.2 9.3l-6.2-6.3-6.2 6.3c-.2.2-.3.4-.3.7s.1.5.3.7c.2.2.4.3.7.3h11c.3 0 .5-.1.7-.3.2-.2.3-.5.3-.7s-.1-.5-.3-.7zM5.8 14.7l6.2 6.3 6.2-6.3c.2-.2.3-.5.3-.7s-.1-.5-.3-.7c-.2-.2-.4-.3-.7-.3h-11c-.3 0-.5.1-.7.3-.2.2-.3.5-.3.7s.1.5.3.7z\"\/><\/svg><\/span><\/span><\/label><input type=\"checkbox\"  id=\"ez-toc-cssicon-toggle-item-69f22816130f7\" checked aria-label=\"Ge\u00e7i\u015f\" \/><nav><ul class='ez-toc-list ez-toc-list-level-1' ><li class='ez-toc-page-1 ez-toc-heading-level-2'><a class=\"ez-toc-link ez-toc-heading-1\" href=\"https:\/\/comparemyjet.com\/tr\/fly-aeolus\/#Company_History\" >\u015eirket Tarih\u00e7esi<\/a><\/li><li class='ez-toc-page-1 ez-toc-heading-level-2'><a class=\"ez-toc-link ez-toc-heading-2\" href=\"https:\/\/comparemyjet.com\/tr\/fly-aeolus\/#Pricing\" >Fiyatland\u0131rma<\/a><\/li><li class='ez-toc-page-1 ez-toc-heading-level-2'><a class=\"ez-toc-link ez-toc-heading-3\" href=\"https:\/\/comparemyjet.com\/tr\/fly-aeolus\/#Membership_Programs\" >\u00dcyelik Programlar\u0131<\/a><ul class='ez-toc-list-level-3' ><li class='ez-toc-heading-level-3'><a class=\"ez-toc-link ez-toc-heading-4\" href=\"https:\/\/comparemyjet.com\/tr\/fly-aeolus\/#Pay_As_You_Fly\" >U\u00e7tuk\u00e7a \u00d6de<\/a><\/li><li class='ez-toc-page-1 ez-toc-heading-level-3'><a class=\"ez-toc-link ez-toc-heading-5\" href=\"https:\/\/comparemyjet.com\/tr\/fly-aeolus\/#Personal_Membership\" >Ki\u015fisel \u00dcyelik<\/a><\/li><li class='ez-toc-page-1 ez-toc-heading-level-3'><a class=\"ez-toc-link ez-toc-heading-6\" href=\"https:\/\/comparemyjet.com\/tr\/fly-aeolus\/#Business_Membership\" >\u0130\u015fletme \u00dcyeli\u011fi<\/a><\/li><\/ul><\/li><li class='ez-toc-page-1 ez-toc-heading-level-2'><a class=\"ez-toc-link ez-toc-heading-7\" href=\"https:\/\/comparemyjet.com\/tr\/fly-aeolus\/#The_Fleet\" >Filo&nbsp;<\/a><ul class='ez-toc-list-level-3' ><li class='ez-toc-heading-level-3'><a class=\"ez-toc-link ez-toc-heading-8\" href=\"https:\/\/comparemyjet.com\/tr\/fly-aeolus\/#1_Light_Private_Jets\" >1. Hafif \u00d6zel Jetler<\/a><ul class='ez-toc-list-level-4' ><li class='ez-toc-heading-level-4'><a class=\"ez-toc-link ez-toc-heading-9\" href=\"https:\/\/comparemyjet.com\/tr\/fly-aeolus\/#Our_Recommendation_The_Cirrus_SR22\" >Bizim Tavsiyemiz: Cirrus SR22<\/a><\/li><\/ul><\/li><\/ul><\/li><li class='ez-toc-page-1 ez-toc-heading-level-2'><a class=\"ez-toc-link ez-toc-heading-10\" href=\"https:\/\/comparemyjet.com\/tr\/fly-aeolus\/#Cancellation_Insurance\" >\u0130ptal Sigortas\u0131<\/a><\/li><li class='ez-toc-page-1 ez-toc-heading-level-2'><a class=\"ez-toc-link ez-toc-heading-11\" href=\"https:\/\/comparemyjet.com\/tr\/fly-aeolus\/#De-icing_Insurance\" >Buz \u00c7\u00f6zme Sigortas\u0131<\/a><\/li><li class='ez-toc-page-1 ez-toc-heading-level-2'><a class=\"ez-toc-link ez-toc-heading-12\" href=\"https:\/\/comparemyjet.com\/tr\/fly-aeolus\/#Fly_Aeolus_Taxi_Service\" >Fly Aeolus Taksi Hizmeti<\/a><\/li><li class='ez-toc-page-1 ez-toc-heading-level-2'><a class=\"ez-toc-link ez-toc-heading-13\" href=\"https:\/\/comparemyjet.com\/tr\/fly-aeolus\/#Pet_Policy\" >Evcil Hayvan Politikas\u0131<\/a><\/li><li class='ez-toc-page-1 ez-toc-heading-level-2'><a class=\"ez-toc-link ez-toc-heading-14\" href=\"https:\/\/comparemyjet.com\/tr\/fly-aeolus\/#Company_Safety_Policy_and_Standards\" >\u015eirket G\u00fcvenlik Politikas\u0131 ve Standartlar\u0131<\/a><\/li><li class='ez-toc-page-1 ez-toc-heading-level-2'><a class=\"ez-toc-link ez-toc-heading-15\" href=\"https:\/\/comparemyjet.com\/tr\/fly-aeolus\/#Company_Staff\" >\u015eirket Personeli<\/a><\/li><li class='ez-toc-page-1 ez-toc-heading-level-2'><a class=\"ez-toc-link ez-toc-heading-16\" href=\"https:\/\/comparemyjet.com\/tr\/fly-aeolus\/#Conclusion\" >Sonu\u00e7<\/a><\/li><\/ul><\/nav><\/div>\n<h2 class=\"wp-block-heading\"><span class=\"ez-toc-section\" id=\"Company_History\"><\/span>\u015eirket Tarih\u00e7esi<span class=\"ez-toc-section-end\"><\/span><\/h2>\r\n\r\n\r\n\r\n<p>Fly Aeolus 2009 y\u0131l\u0131nda kurucu ortaklar ve havac\u0131l\u0131k merakl\u0131lar\u0131 Stefaan Ghijs ve Vincent Wigmans taraf\u0131ndan kurulmu\u015ftur. Ghijs havac\u0131l\u0131k m\u00fchendisli\u011fi alan\u0131nda y\u00fcksek lisans derecesine sahipken, Wigmans \u00f6zel u\u00e7ak onar\u0131m sekt\u00f6r\u00fcnde deneyim sahibiydi.&nbsp;<\/p>\r\n\r\n\r\n\r\n<p>\u015eirketin ilk u\u00e7u\u015fu 2011 y\u0131l\u0131nda Bel\u00e7ika'n\u0131n Antwerp kentinden Fransa'n\u0131n Vichy kentine ger\u00e7ekle\u015fti. Fly Aeolus k\u0131sa s\u00fcre i\u00e7inde Almanya ve Hollanda'daki var\u0131\u015f noktalar\u0131ndan ba\u015flayarak faaliyet alan\u0131n\u0131 t\u00fcm k\u0131tay\u0131 kapsayacak \u015fekilde geni\u015fletti.&nbsp;<\/p>\r\n\r\n\r\n\r\n<p>Fly Aeolus 2015 y\u0131l\u0131nda Bel\u00e7ikal\u0131 hava taksi firmas\u0131 SkyCab ile bir ortakl\u0131k kurdu. 2019 y\u0131l\u0131nda ise Fly Aeolus'un yeni bir kolu olan Fly Aeolus Aircraft Sales and Acquisitions'\u0131 kurdular.<\/p>\r\n\r\n\r\n\r\n<p>K\u0131smi m\u00fclkiyet d\u00fczenlemesi \u015firketin hizmetinin temelini olu\u015fturmaktad\u0131r. \u00d6zel m\u00fclk sahipleri u\u00e7aklar\u0131n\u0131 kiralamakta ve u\u00e7ulan her saat i\u00e7in bir komisyon almaktad\u0131r.&nbsp;<\/p>\r\n\r\n\r\n\r\n<h2 class=\"wp-block-heading\"><span class=\"ez-toc-section\" id=\"Pricing\"><\/span>Fiyatland\u0131rma<span class=\"ez-toc-section-end\"><\/span><\/h2>\r\n\r\n\r\n\r\n<p>Fly Aeolus t\u00fcm u\u00e7u\u015flar i\u00e7in sabit bir \u00fccret almaktad\u0131r. Fiyatland\u0131rma seyahat program\u0131n\u0131za g\u00f6re belirlenir - yolculu\u011funuzun ko\u015fullar\u0131, u\u00e7u\u015f saatleri ve tek y\u00f6nl\u00fc veya gidi\u015f-d\u00f6n\u00fc\u015f olup olmad\u0131\u011f\u0131. Daha az harcamak istiyorsan\u0131z, en iyi yol ayn\u0131 g\u00fcn gidi\u015f d\u00f6n\u00fc\u015f rezervasyonu yapmakt\u0131r ve her zaman u\u00e7u\u015fu payla\u015fabilir ve seyahat arkada\u015flar\u0131n\u0131z\u0131 getirerek maliyeti b\u00f6lebilirsiniz.<\/p>\r\n\r\n\r\n\r\n<p>Fly Aeolus ortak m\u00fclkiyet esas\u0131na g\u00f6re i\u015fletilmektedir. \u015eirket, yeni m\u00fc\u015fterilerden 995,00 \u20ac (KDV hari\u00e7) giri\u015f \u00fccreti alarak onlar\u0131 Fly Aeolus filosundaki bir u\u00e7a\u011f\u0131n hissedar\u0131 yapmaktad\u0131r. Kay\u0131t olduktan sonra hizmetlerini kullanmamaya karar verirseniz, Fly Aeolus \u00fccreti 150,00 \u20ac y\u00f6netim \u00fccreti eksi olarak iade edecektir. Jeti deneyimlemek ve arad\u0131\u011f\u0131n\u0131z\u0131n bu olup olmad\u0131\u011f\u0131n\u0131 g\u00f6rmek i\u00e7in kay\u0131ttan \u00f6nce bir deneme u\u00e7u\u015fu yapabilirsiniz.<\/p>\r\n\r\n\r\n\r\n<h2 class=\"wp-block-heading\"><span class=\"ez-toc-section\" id=\"Membership_Programs\"><\/span>\u00dcyelik Programlar\u0131<span class=\"ez-toc-section-end\"><\/span><\/h2>\r\n\r\n\r\n\r\n<p>Fly Aeolus \u00fcyelik programlar\u0131, t\u00fcm jetler ve pilotlar zaten Avrupa'da bulundu\u011fu i\u00e7in k\u0131ta u\u00e7u\u015flar\u0131nda yolculara para ve zaman tasarrufu sa\u011flamay\u0131 ama\u00e7lamaktad\u0131r, \u00e7\u00fcnk\u00fc \u00fcyelerin \u00fcye olmayanlar i\u00e7in perakende maliyetine k\u0131yasla u\u00e7u\u015flarda 5-10% tasarruf etmelerini sa\u011flar. \u015eimdi bunlar\u0131 k\u0131saca inceleyelim.<\/p>\r\n\r\n\r\n\r\n<h3 class=\"wp-block-heading\"><span class=\"ez-toc-section\" id=\"Pay_As_You_Fly\"><\/span>U\u00e7tuk\u00e7a \u00d6de<span class=\"ez-toc-section-end\"><\/span><\/h3>\r\n\r\n\r\n\r\n<p>Cirrus SR-22 ile u\u00e7mak i\u00e7in \u00fcye olman\u0131z gerekmez; u\u00e7tuk\u00e7a \u00f6deme se\u00e7ene\u011fi vard\u0131r. Fly Aeolus, bir sonraki seyahatinizi planlaman\u0131za ve rezerve etmenize yard\u0131mc\u0131 olacak \u00e7evrimi\u00e7i bir hesap makinesine sahiptir, buna a\u015fa\u011f\u0131daki adresten eri\u015febilirsiniz <a href=\"https:\/\/flyaeolus.com\/plan-book\/\" target=\"_blank\" rel=\"noopener\">link<\/a> daha detayl\u0131 bilgi i\u00e7in.<\/p>\r\n\r\n\r\n\r\n<h3 class=\"wp-block-heading\"><span class=\"ez-toc-section\" id=\"Personal_Membership\"><\/span>Ki\u015fisel \u00dcyelik<span class=\"ez-toc-section-end\"><\/span><\/h3>\r\n\r\n\r\n\r\n<p>Ki\u015fisel \u00dcyelik program\u0131 d\u00fczenli seyahat edenler i\u00e7in tasarlanm\u0131\u015ft\u0131r. Bu programla, her u\u00e7u\u015fta 5% indirim ve fiyata dahil olan iptal sigortas\u0131 alacaks\u0131n\u0131z.&nbsp;<\/p>\r\n\r\n\r\n\r\n<h3 class=\"wp-block-heading\"><span class=\"ez-toc-section\" id=\"Business_Membership\"><\/span>\u0130\u015fletme \u00dcyeli\u011fi<span class=\"ez-toc-section-end\"><\/span><\/h3>\r\n\r\n\r\n\r\n<p>Fly Aeolus, s\u0131k seyahat eden yolcular i\u00e7in Business \u00dcyelik program\u0131 sunmaktad\u0131r. \u00dcye olmak i\u00e7in ayl\u0131k 100,00 \u20ac \u00fcyelik \u00fccreti \u00f6denmesi gerekmektedir. T\u00fcm u\u00e7u\u015flar\u0131n\u0131zda 10% indirim, ayr\u0131ca iptal sigortas\u0131 ve taksi rezervasyon yard\u0131m\u0131 alacaks\u0131n\u0131z, hepsi fiyata dahil.<\/p>\r\n\r\n\r\n\r\n<h2 class=\"wp-block-heading\"><span class=\"ez-toc-section\" id=\"The_Fleet\"><\/span>Filo&nbsp;<span class=\"ez-toc-section-end\"><\/span><\/h2>\r\n\r\n\r\n\r\n<figure class=\"wp-block-image size-full is-style-default\"><img loading=\"lazy\" decoding=\"async\" width=\"1000\" height=\"667\" src=\"https:\/\/comparemyjet.com\/wp-content\/uploads\/2022\/07\/The-Cirrus-SR22.jpg\" alt=\"Fly Aeolus\" class=\"wp-image-3145\" srcset=\"https:\/\/comparemyjet.com\/wp-content\/uploads\/2022\/07\/The-Cirrus-SR22-18x12.jpg 18w, https:\/\/comparemyjet.com\/wp-content\/uploads\/2022\/07\/The-Cirrus-SR22-300x200.jpg 300w, https:\/\/comparemyjet.com\/wp-content\/uploads\/2022\/07\/The-Cirrus-SR22-768x512.jpg 768w, https:\/\/comparemyjet.com\/wp-content\/uploads\/2022\/07\/The-Cirrus-SR22.jpg 1000w\" sizes=\"auto, (max-width: 1000px) 100vw, 1000px\" \/><\/figure>\r\n\r\n\r\n\r\n<p>Fly Aeolus sadece Cirrus SR-22 u\u00e7aklar\u0131ndan olu\u015fan bir filoya sahiptir. Ve bu bir tesad\u00fcf de\u011fil - bu u\u00e7aklar Cirrus G\u00f6vde Para\u015f\u00fct Sistemi sayesinde COPA (Cirrus Owners &amp; Pilots Association) ve AOPA (Aircraft Owners &amp; Pilots Association) taraf\u0131ndan havac\u0131l\u0131k sekt\u00f6r\u00fcndeki en g\u00fcvenli tek motorlu jetlerden biri olarak kabul ediliyor. Fly Aeolus, her biri \u00fc\u00e7 yolcu ta\u015f\u0131yabilen 15 SR-22 u\u00e7a\u011f\u0131 ile Avrupa'n\u0131n en b\u00fcy\u00fck Cirrus tedarik\u00e7isidir.&nbsp;<\/p>\r\n\r\n\r\n\r\n<h3 class=\"wp-block-heading\"><span class=\"ez-toc-section\" id=\"1_Light_Private_Jets\"><\/span>1. Hafif \u00d6zel Jetler<span class=\"ez-toc-section-end\"><\/span><\/h3>\r\n\r\n\r\n\r\n<p>Hafif \u00f6zel jetler, k\u00fc\u00e7\u00fck havaalanlar\u0131na ve ula\u015f\u0131lmas\u0131 zor yerlere seyahat etmek i\u00e7in m\u00fckemmeldir ve eri\u015filemeyen da\u011flar\u0131 ve g\u00fczel plajlar\u0131 ziyaret etmenizi sa\u011flar.<\/p>\r\n\r\n\r\n\r\n<h4 class=\"wp-block-heading\"><span class=\"ez-toc-section\" id=\"Our_Recommendation_The_Cirrus_SR22\"><\/span>Bizim Tavsiyemiz: Cirrus SR22<span class=\"ez-toc-section-end\"><\/span><\/h4>\r\n\r\n\r\n\r\n<p>Cirrus SR22, 2001 y\u0131l\u0131nda Cirrus Aircraft taraf\u0131ndan \u00fcretilen kompozit bir jettir. Cirrus CIRRUS SR-20'nin daha g\u00fc\u00e7l\u00fc bir \u00e7e\u015fididir, daha b\u00fcy\u00fck bir kanat ve sabit ini\u015f tak\u0131m\u0131 ile art\u0131r\u0131lm\u0131\u015f yak\u0131t kapasitesine sahiptir.<\/p>\r\n\r\n\r\n\r\n<p>Bu, yerel havalimanlar\u0131na inmek i\u00e7in tasarlanm\u0131\u015f d\u00f6rt koltuklu bir u\u00e7akt\u0131r (1 pilot ve \u00fc\u00e7 yolcu). Cirrus SR22, Avrupa \u00e7ap\u0131nda 1,500'den fazla havaliman\u0131na eri\u015fim sa\u011flayarak ticari u\u00e7u\u015flar\u0131n nadiren ziyaret etti\u011fi yerel havalimanlar\u0131na inmenize olanak tan\u0131r.&nbsp;<\/p>\r\n\r\n\r\n\r\n<p>Cirrus u\u00e7aklar\u0131 yolcu ba\u015f\u0131na 10 kilogram bagaj kapasitesine sahiptir ve standart ekipman olarak t\u00fcm u\u00e7ak i\u00e7in acil durum operasyon para\u015f\u00fct sistemine sahip tek u\u00e7akt\u0131r.<\/p>\r\n\r\n\r\n\r\n<p>\u00d6zellikler:<\/p>\r\n\r\n\r\n\r\n<ul class=\"wp-block-list\"><li>Yolcu say\u0131s\u0131: 3;<\/li><li>Kabin geni\u015fli\u011fi: 4 ft 1 in\u00e7;<\/li><li>Kabin hacmi: 137 cu ft;<\/li><li>Kabin y\u00fcksekli\u011fi: 4 ft 2 in\u00e7;<\/li><li>Kabin uzunlu\u011fu: 8 ft;<\/li><li>\u0130\u00e7 bagaj: 32 cu ft;<\/li><li>Maksimum h\u0131z: 186 kts;<\/li><li>Maksimum aral\u0131k: 1100 nm;<\/li><li>M\u00fcrettebat: 1;<\/li><li>Tuvalet yok;<\/li><li>WiFi yok.<\/li><\/ul>\r\n\r\n\r\n\r\n<h2 class=\"wp-block-heading\"><span class=\"ez-toc-section\" id=\"Cancellation_Insurance\"><\/span>\u0130ptal Sigortas\u0131<span class=\"ez-toc-section-end\"><\/span><\/h2>\r\n\r\n\r\n\r\n<p>Fly Aeolus, planlar\u0131n\u0131z\u0131n \u00f6ng\u00f6r\u00fclemeyen bir olay nedeniyle bozulmas\u0131 durumunda u\u00e7u\u015funuzu iptal etmenize veya ertelemenize olanak tan\u0131yan 200 \u20ac (Katma De\u011fer Vergisi hari\u00e7) tutar\u0131nda iptal sigortas\u0131 sunmaktad\u0131r.&nbsp;<\/p>\r\n\r\n\r\n\r\n<p>\u0130ptal sigortas\u0131 bedelini \u00f6demek istemezseniz ve u\u00e7u\u015funuz onayland\u0131ktan sonra iptal edilir veya ertelenirse, ek \u00fccretlere tabi olacaks\u0131n\u0131z. U\u00e7u\u015funuzu planlanan kalk\u0131\u015f saatinden 7 g\u00fcn ile 24 saat \u00f6nce iptal ederseniz, Fly Aeolus toplam u\u00e7u\u015f masraflar\u0131n\u0131n 25%'sini tahsil edecektir. \u0130ptalin u\u00e7u\u015ftan 24 ila 5 saat \u00f6nce ger\u00e7ekle\u015fmesi durumunda, \u015firket toplam u\u00e7u\u015f masraflar\u0131n\u0131n 50%'si tutar\u0131nda bir iptal \u00fccreti talep edecektir. Planlanan kalk\u0131\u015f saatinize 5 saatten daha az bir s\u00fcre kala iptal ederseniz veya gelmezseniz, toplam u\u00e7u\u015f masraflar\u0131n\u0131n 100%'si tutar\u0131nda bir iptal \u00fccreti tahsil edilecektir.<\/p>\r\n\r\n\r\n\r\n<h2 class=\"wp-block-heading\"><span class=\"ez-toc-section\" id=\"De-icing_Insurance\"><\/span>Buz \u00c7\u00f6zme Sigortas\u0131<span class=\"ez-toc-section-end\"><\/span><\/h2>\r\n\r\n\r\n\r\n<figure class=\"wp-block-image size-full is-style-default\"><img loading=\"lazy\" decoding=\"async\" width=\"1000\" height=\"667\" src=\"https:\/\/comparemyjet.com\/wp-content\/uploads\/2022\/07\/De-icing-Insurance.jpg\" alt=\"\" class=\"wp-image-3146\" srcset=\"https:\/\/comparemyjet.com\/wp-content\/uploads\/2022\/07\/De-icing-Insurance-18x12.jpg 18w, https:\/\/comparemyjet.com\/wp-content\/uploads\/2022\/07\/De-icing-Insurance-300x200.jpg 300w, https:\/\/comparemyjet.com\/wp-content\/uploads\/2022\/07\/De-icing-Insurance-768x512.jpg 768w, https:\/\/comparemyjet.com\/wp-content\/uploads\/2022\/07\/De-icing-Insurance.jpg 1000w\" sizes=\"auto, (max-width: 1000px) 100vw, 1000px\" \/><\/figure>\r\n\r\n\r\n\r\n<p>Bu t\u00fcr bir sigorta, \u00f6zellikle so\u011fuk aylarda \u00e7ok i\u015fe yarayacakt\u0131r. Fly Aeolus, kalk\u0131\u015ftan \u00f6nce bu hizmeti alman\u0131z\u0131 tavsiye eder.&nbsp;<\/p>\r\n\r\n\r\n\r\n<p>K\u0131\u015f aylar\u0131nda hava taksisi buz veya karla kaplanabilir ve kalk\u0131\u015f yapmadan \u00f6nce buz ve kar\u0131n temizlenmesi gerekir. \u0130lgili maliyetleri tahmin etmek zordur, bu nedenle \u015firket, i\u00e7inizi rahatlatmak i\u00e7in buzlanma tehlikesine dayal\u0131 birka\u00e7 buz \u00e7\u00f6zme sigortas\u0131 se\u00e7ene\u011fi sunar.<\/p>\r\n\r\n\r\n\r\n<ul class=\"wp-block-list\"><li>Kalk\u0131\u015ftan be\u015f g\u00fcn \u00f6ncesine kadar, buz \u00e7\u00f6zme sigortas\u0131 size tek y\u00f6n u\u00e7u\u015f i\u00e7in 150,00 \u20ac (KDV hari\u00e7) tutacakt\u0131r.<\/li><li>Kalk\u0131\u015ftan 5 ila 72 saat \u00f6nce, bu sigorta size tek y\u00f6nl\u00fc bir seyahat i\u00e7in 250,00 \u20ac (KDV hari\u00e7) tutacakt\u0131r.<\/li><li>Kalk\u0131\u015ftan 72 ila 24 saat \u00f6nce, tek y\u00f6nl\u00fc buz \u00e7\u00f6zme sigortas\u0131 i\u00e7in 350,00 \u20ac'ya (KDV hari\u00e7) kadar \u00f6deme yapman\u0131z gerekecektir.<\/li><\/ul>\r\n\r\n\r\n\r\n<p>Yukar\u0131daki se\u00e7eneklerden birini se\u00e7mezseniz, yolculuktan sonra gerekli t\u00fcm buz \u00e7\u00f6zme \u00fccretleri size fatura edilecektir.<\/p>\r\n\r\n\r\n\r\n<h2 class=\"wp-block-heading\"><span class=\"ez-toc-section\" id=\"Fly_Aeolus_Taxi_Service\"><\/span>Fly Aeolus Taksi Hizmeti<span class=\"ez-toc-section-end\"><\/span><\/h2>\r\n\r\n\r\n\r\n<p>Fly Aeolus, s\u0131k taksi kullanan ortaklar\u0131ndan biriyle sizin i\u00e7in taksi rezervasyonu yapabilir. Gidece\u011finiz yeri onlara bildirin, onlar da havaalan\u0131na vard\u0131\u011f\u0131n\u0131zda taksinin sizi bekledi\u011finden emin olsunlar. Birisi sizi havaalan\u0131ndan alacaksa, \u015firket arkada\u015flar\u0131n\u0131z\u0131n veya ailenizin hava taksisini ger\u00e7ek zamanl\u0131 olarak takip edebilmesi i\u00e7in \u00f6zel u\u00e7u\u015f verilerinizi g\u00f6ndermeyi teklif eder.<\/p>\r\n\r\n\r\n\r\n<h2 class=\"wp-block-heading\"><span class=\"ez-toc-section\" id=\"Pet_Policy\"><\/span>Evcil Hayvan Politikas\u0131<span class=\"ez-toc-section-end\"><\/span><\/h2>\r\n\r\n\r\n\r\n<p>Ticari u\u00e7u\u015flarda, ta\u015f\u0131y\u0131c\u0131n\u0131n uzunlu\u011fu 47 cm'den, geni\u015fli\u011fi 30 cm'den ve y\u00fcksekli\u011fi 27 cm'den az ise evcil hayvan\u0131n\u0131z\u0131 u\u00e7a\u011fa getirebilirsiniz. Evcil hayvan\u0131n\u0131z ayr\u0131ca koltu\u011funuzun alt\u0131nda belirlenmi\u015f bir ta\u015f\u0131y\u0131c\u0131da olmal\u0131 ve a\u011f\u0131rl\u0131\u011f\u0131 10 kilogramdan fazla olmamal\u0131d\u0131r. G\u00fcvenlik endi\u015feleri nedeniyle, ta\u015f\u0131y\u0131c\u0131y\u0131 a\u00e7amaz veya yerini de\u011fi\u015ftiremezsiniz. Bu, di\u011fer \u00f6zel charter ta\u015f\u0131y\u0131c\u0131lar\u0131na k\u0131yasla sahip olduklar\u0131 en b\u00fcy\u00fck dezavantaj gibi g\u00f6r\u00fcn\u00fcyor, ancak yine de onlar\u0131 ticari bir u\u00e7u\u015fta kargo b\u00f6l\u00fcm\u00fcnde u\u00e7urmak tercih edilebilir.<\/p>\r\n\r\n\r\n\r\n<p>Evcil hayvan\u0131n\u0131z\u0131 \u00f6zel u\u00e7u\u015funuza g\u00f6t\u00fcrmek tamamen farkl\u0131 bir hikayedir. Fly Aeolus, kendileriyle u\u00e7an her evcil hayvana bir misafir gibi davranarak evcil hayvan\u0131n\u0131z\u0131n sakin ve keyifli bir yolculuk ge\u00e7irmesini sa\u011flar.<\/p>\r\n\r\n\r\n\r\n<p>Evcil hayvan\u0131n\u0131z bagaj b\u00f6lmesine hapsolmaz; bir battaniyenin \u00fczerinde yan\u0131n\u0131za sokulabilir ve evcil hayvan\u0131n\u0131z\u0131n rahat ve g\u00fcvende oldu\u011fundan emin olabilirsiniz.&nbsp;<\/p>\r\n\r\n\r\n\r\n<p>Evcil hayvan\u0131n\u0131zla seyahat edebiliyor olsan\u0131z da, evcil hayvan seyahati \u00f6nceden planlama yapmay\u0131 gerektirir. <a href=\"https:\/\/flyaeolus.com\/blog\/pet-travel-private-jet-air-taxi\/\" target=\"_blank\" rel=\"noopener\">link<\/a> Evcil hayvan\u0131n\u0131z\u0131 Aeolus ile ta\u015f\u0131mak i\u00e7in ek bilgi i\u00e7in.<\/p>\r\n\r\n\r\n\r\n<h2 class=\"wp-block-heading\"><span class=\"ez-toc-section\" id=\"Company_Safety_Policy_and_Standards\"><\/span>\u015eirket G\u00fcvenlik Politikas\u0131 ve Standartlar\u0131<span class=\"ez-toc-section-end\"><\/span><\/h2>\r\n\r\n\r\n\r\n<p>T\u00fcm u\u00e7aklar\u0131 d\u00fczenli olarak muayene edilir ve pilotlar her y\u0131l t\u0131bbi kontrolden ge\u00e7irilir. Bunun yan\u0131 s\u0131ra, t\u00fcm u\u00e7aklar, yaln\u0131zca Cirrus u\u00e7aklar\u0131 i\u00e7in \u00fcretilmi\u015f tam u\u00e7ak balistik para\u015f\u00fct kurtarma sistemi olan bir CAPS (Cirrus Airframe Parachute System) ile donat\u0131lm\u0131\u015ft\u0131r.<\/p>\r\n\r\n\r\n\r\n<h2 class=\"wp-block-heading\"><span class=\"ez-toc-section\" id=\"Company_Staff\"><\/span>\u015eirket Personeli<span class=\"ez-toc-section-end\"><\/span><\/h2>\r\n\r\n\r\n\r\n<p>Aeolus personeli, \u00e7e\u015fitli ticari havac\u0131l\u0131k alanlar\u0131ndan uzmanlar\u0131 ve nitelikli Cirrus pilotlar\u0131n\u0131 ve e\u011fitmenlerini i\u00e7erir. T\u00fcm Fly Aeolus pilotlar\u0131 ticari pilot lisans\u0131na (CPL) veya bir u\u00e7ak u\u00e7an pilot lisans\u0131na (ATPL) sahiptir, 500 saat veya daha fazla u\u00e7u\u015f s\u00fcresine sahiptir ve Cirrus SR22 e\u011fitim program\u0131ndan ge\u00e7mi\u015ftir.&nbsp;<\/p>\r\n\r\n\r\n\r\n<h2 class=\"wp-block-heading\"><span class=\"ez-toc-section\" id=\"Conclusion\"><\/span>Sonu\u00e7<span class=\"ez-toc-section-end\"><\/span><\/h2>\r\n\r\n\r\n\r\n<figure class=\"wp-block-image size-full is-style-default\"><img loading=\"lazy\" decoding=\"async\" width=\"1000\" height=\"667\" src=\"https:\/\/comparemyjet.com\/wp-content\/uploads\/2022\/07\/cute.dog_.dressed.as_.a.pilot_.standing.infront.of_.a.jet_.jpg\" alt=\"\" class=\"wp-image-3147\" srcset=\"https:\/\/comparemyjet.com\/wp-content\/uploads\/2022\/07\/cute.dog_.dressed.as_.a.pilot_.standing.infront.of_.a.jet_-18x12.jpg 18w, https:\/\/comparemyjet.com\/wp-content\/uploads\/2022\/07\/cute.dog_.dressed.as_.a.pilot_.standing.infront.of_.a.jet_-300x200.jpg 300w, https:\/\/comparemyjet.com\/wp-content\/uploads\/2022\/07\/cute.dog_.dressed.as_.a.pilot_.standing.infront.of_.a.jet_-768x512.jpg 768w, https:\/\/comparemyjet.com\/wp-content\/uploads\/2022\/07\/cute.dog_.dressed.as_.a.pilot_.standing.infront.of_.a.jet_.jpg 1000w\" sizes=\"auto, (max-width: 1000px) 100vw, 1000px\" \/><\/figure>\r\n\r\n\r\n\r\n<p>Fly Aeolus, Avrupa'da tek pistonlu u\u00e7aklar\u0131 kullanarak hava taksi hizmetleri sa\u011flamak i\u00e7in k\u0131smi sahiplik modelini kullanan ilk firmad\u0131r. Firma ayr\u0131ca \u00fc\u00e7 farkl\u0131 jet kart program\u0131 sunmakta ve Cirrus SR22 filosunu kullanarak Avrupa genelinde 1.000'den fazla k\u00fc\u00e7\u00fck havaalan\u0131na eri\u015fim sa\u011flamaktad\u0131r. Gezmek istiyorsan\u0131z veya sadece birka\u00e7 arkada\u015f\u0131n\u0131zla seyahat ediyorsan\u0131z, Fly Aeolus sizin hava taksi hizmetinizdir.&nbsp;<\/p>","protected":false},"excerpt":{"rendered":"<p>Fly Aeolus, 2009 y\u0131l\u0131ndan bu yana Avrupa'da faaliyet g\u00f6steren Bel\u00e7ikal\u0131 bir hava taksi (\u00f6zel charter) hizmetidir. \u015eirketin merkezi Antwerp'te olup, Berlin ve Rotterdam'da da ofisleri bulunmaktad\u0131r.  Avrupa k\u0131tas\u0131ndaki 1,500'den fazla havaliman\u0131ndan, d\u00fcnyan\u0131n en g\u00fcvenli tek motorlu jetlerinden biri olarak kabul edilen Cirrus SR-22 u\u00e7aklar\u0131ndan biriyle u\u00e7abilirsiniz ...<\/p>","protected":false},"author":2,"featured_media":3098,"parent":0,"menu_order":0,"comment_status":"closed","ping_status":"closed","template":"","meta":{"_acf_changed":false,"_genesis_hide_title":false,"_genesis_hide_breadcrumbs":false,"_genesis_hide_singular_image":false,"_genesis_hide_footer_widgets":false,"_genesis_custom_body_class":"","_genesis_custom_post_class":"","_genesis_layout":"","footnotes":""},"class_list":{"1":"page","2":"type-page","6":"entry"},"acf":[],"_links":{"self":[{"href":"https:\/\/comparemyjet.com\/tr\/wp-json\/wp\/v2\/pages\/3144","targetHints":{"allow":["GET"]}}],"collection":[{"href":"https:\/\/comparemyjet.com\/tr\/wp-json\/wp\/v2\/pages"}],"about":[{"href":"https:\/\/comparemyjet.com\/tr\/wp-json\/wp\/v2\/types\/page"}],"author":[{"embeddable":true,"href":"https:\/\/comparemyjet.com\/tr\/wp-json\/wp\/v2\/users\/2"}],"replies":[{"embeddable":true,"href":"https:\/\/comparemyjet.com\/tr\/wp-json\/wp\/v2\/comments?post=3144"}],"version-history":[{"count":2,"href":"https:\/\/comparemyjet.com\/tr\/wp-json\/wp\/v2\/pages\/3144\/revisions"}],"predecessor-version":[{"id":3444,"href":"https:\/\/comparemyjet.com\/tr\/wp-json\/wp\/v2\/pages\/3144\/revisions\/3444"}],"wp:featuredmedia":[{"embeddable":true,"href":"https:\/\/comparemyjet.com\/tr\/wp-json\/wp\/v2\/media\/3098"}],"wp:attachment":[{"href":"https:\/\/comparemyjet.com\/tr\/wp-json\/wp\/v2\/media?parent=3144"}],"curies":[{"name":"wp","href":"https:\/\/api.w.org\/{rel}","templated":true}]}}