{"id":3172,"date":"2022-08-10T21:51:12","date_gmt":"2022-08-10T21:51:12","guid":{"rendered":"https:\/\/comparemyjet.com\/?page_id=3172"},"modified":"2025-09-04T09:58:21","modified_gmt":"2025-09-04T09:58:21","slug":"hopscotch-air","status":"publish","type":"page","link":"https:\/\/comparemyjet.com\/tr\/hopscotch-air\/","title":{"rendered":"Hopscotch Air U\u00e7u\u015f Fiyatland\u0131rmas\u0131"},"content":{"rendered":"<p>Hopscotch Air, son teknoloji \u00fcr\u00fcn\u00fc bir <a href=\"https:\/\/comparemyjet.com\/tr\/how-much-does-air-taxi-cost\/\" data-internallinksmanager029f6b8e52c=\"23\" title=\"Hava Taksisinin Maliyeti Ne Kadard\u0131r?\">HAVA TAKS\u0130<\/a> Kuzeydo\u011fu, Atlantik ortas\u0131 ve Kanada'da yolcular\u0131 k\u00fc\u00e7\u00fck ama teknolojik a\u00e7\u0131dan sofistike Cirrus U\u00e7aklar\u0131yla u\u00e7uran bir \u015firket. \u015eirket 2009 y\u0131l\u0131nda sertifika ald\u0131 ve \u015fu anda, esas olarak u\u00e7a\u011f\u0131n daha ucuz ekonomisi nedeniyle, normal charter u\u00e7u\u015flar\u0131n\u0131n maliyetinin bir k\u0131sm\u0131yla her y\u0131l yakla\u015f\u0131k 1400 seyahat ger\u00e7ekle\u015ftiriyor.<\/p>\r\n\r\n\r\n\r\n<p>Hopscotch Air, Kuzeydo\u011fu'da k\u00fc\u00e7\u00fck u\u00e7akla hava taksi hizmetlerinin \u00f6nc\u00fcs\u00fcd\u00fcr ve 2022 y\u0131l\u0131 sonuna kadar Kuzeydo\u011fu'nun pop\u00fcler noktalar\u0131na yeni b\u00f6lgesel havayolu hizmetleri sunmay\u0131 planlamaktad\u0131r.&nbsp;<\/p>\r\n\r\n\r\n\r\n<div id=\"ez-toc-container\" class=\"ez-toc-v2_0_76 counter-hierarchy ez-toc-counter ez-toc-grey ez-toc-container-direction\">\n<p class=\"ez-toc-title\" style=\"cursor:inherit\">Konular<\/p>\n<label for=\"ez-toc-cssicon-toggle-item-69f168ebbe46b\" class=\"ez-toc-cssicon-toggle-label\"><span class=\"\"><span class=\"eztoc-hide\" style=\"display:none;\">Ge\u00e7i\u015f<\/span><span class=\"ez-toc-icon-toggle-span\"><svg style=\"fill: #999;color:#999\" xmlns=\"http:\/\/www.w3.org\/2000\/svg\" class=\"list-377408\" width=\"20px\" height=\"20px\" viewbox=\"0 0 24 24\" fill=\"none\"><path d=\"M6 6H4v2h2V6zm14 0H8v2h12V6zM4 11h2v2H4v-2zm16 0H8v2h12v-2zM4 16h2v2H4v-2zm16 0H8v2h12v-2z\" fill=\"currentColor\"><\/path><\/svg><svg style=\"fill: #999;color:#999\" class=\"arrow-unsorted-368013\" xmlns=\"http:\/\/www.w3.org\/2000\/svg\" width=\"10px\" height=\"10px\" viewbox=\"0 0 24 24\" version=\"1.2\" baseprofile=\"tiny\"><path d=\"M18.2 9.3l-6.2-6.3-6.2 6.3c-.2.2-.3.4-.3.7s.1.5.3.7c.2.2.4.3.7.3h11c.3 0 .5-.1.7-.3.2-.2.3-.5.3-.7s-.1-.5-.3-.7zM5.8 14.7l6.2 6.3 6.2-6.3c.2-.2.3-.5.3-.7s-.1-.5-.3-.7c-.2-.2-.4-.3-.7-.3h-11c-.3 0-.5.1-.7.3-.2.2-.3.5-.3.7s.1.5.3.7z\"\/><\/svg><\/span><\/span><\/label><input type=\"checkbox\"  id=\"ez-toc-cssicon-toggle-item-69f168ebbe46b\" checked aria-label=\"Ge\u00e7i\u015f\" \/><nav><ul class='ez-toc-list ez-toc-list-level-1' ><li class='ez-toc-page-1 ez-toc-heading-level-2'><a class=\"ez-toc-link ez-toc-heading-1\" href=\"https:\/\/comparemyjet.com\/tr\/hopscotch-air\/#About_the_Company\" >\u015eirket Hakk\u0131nda<\/a><\/li><li class='ez-toc-page-1 ez-toc-heading-level-2'><a class=\"ez-toc-link ez-toc-heading-2\" href=\"https:\/\/comparemyjet.com\/tr\/hopscotch-air\/#Membership_Programs\" >\u00dcyelik Programlar\u0131<\/a><ul class='ez-toc-list-level-3' ><li class='ez-toc-heading-level-3'><a class=\"ez-toc-link ez-toc-heading-3\" href=\"https:\/\/comparemyjet.com\/tr\/hopscotch-air\/#ClubScotch\" >ClubScotch<\/a><\/li><\/ul><\/li><li class='ez-toc-page-1 ez-toc-heading-level-2'><a class=\"ez-toc-link ez-toc-heading-4\" href=\"https:\/\/comparemyjet.com\/tr\/hopscotch-air\/#Destinations_and_Pricing\" >Destinasyonlar ve Fiyatland\u0131rma<\/a><\/li><li class='ez-toc-page-1 ez-toc-heading-level-2'><a class=\"ez-toc-link ez-toc-heading-5\" href=\"https:\/\/comparemyjet.com\/tr\/hopscotch-air\/#The_Fleet\" >Filo&nbsp;<\/a><ul class='ez-toc-list-level-3' ><li class='ez-toc-heading-level-3'><a class=\"ez-toc-link ez-toc-heading-6\" href=\"https:\/\/comparemyjet.com\/tr\/hopscotch-air\/#1_Very_Light_Jets\" >1. \u00c7ok Hafif Jetler<\/a><ul class='ez-toc-list-level-4' ><li class='ez-toc-heading-level-4'><a class=\"ez-toc-link ez-toc-heading-7\" href=\"https:\/\/comparemyjet.com\/tr\/hopscotch-air\/#Our_Recommendation_The_Cirrus_SR20\" >Bizim Tavsiyemiz: Cirrus SR20&nbsp;<\/a><\/li><li class='ez-toc-page-1 ez-toc-heading-level-4'><a class=\"ez-toc-link ez-toc-heading-8\" href=\"https:\/\/comparemyjet.com\/tr\/hopscotch-air\/#Our_Recommendation_The_Cirrus_SR22\" >Bizim Tavsiyemiz: Cirrus SR22<\/a><\/li><\/ul><\/li><\/ul><\/li><li class='ez-toc-page-1 ez-toc-heading-level-2'><a class=\"ez-toc-link ez-toc-heading-9\" href=\"https:\/\/comparemyjet.com\/tr\/hopscotch-air\/#Company_Safety_Policy_and_Standards\" >\u015eirket G\u00fcvenlik Politikas\u0131 ve Standartlar\u0131&nbsp;<\/a><\/li><li class='ez-toc-page-1 ez-toc-heading-level-2'><a class=\"ez-toc-link ez-toc-heading-10\" href=\"https:\/\/comparemyjet.com\/tr\/hopscotch-air\/#Partnerships\" >Ortakl\u0131klar<\/a><\/li><li class='ez-toc-page-1 ez-toc-heading-level-2'><a class=\"ez-toc-link ez-toc-heading-11\" href=\"https:\/\/comparemyjet.com\/tr\/hopscotch-air\/#Conclusion\" >Sonu\u00e7<\/a><\/li><\/ul><\/nav><\/div>\n<h2 class=\"wp-block-heading\"><span class=\"ez-toc-section\" id=\"About_the_Company\"><\/span>\u015eirket Hakk\u0131nda<span class=\"ez-toc-section-end\"><\/span><\/h2>\r\n\r\n\r\n\r\n<p>Hopscotch Air bir <a href=\"https:\/\/www.faa.gov\/\" target=\"_blank\" rel=\"noopener\">FAA<\/a>merkezli -sertifikal\u0131 hava ta\u015f\u0131y\u0131c\u0131s\u0131 <a href=\"https:\/\/comparemyjet.com\/tr\/private-tours\/new-york-city-private-tours\/\" data-internallinksmanager029f6b8e52c=\"427\" title=\"$48.00&#039;dan \u0130tibaren En \u0130yi 11 \u00d6zel New York Turu\">New York<\/a>Cumhuriyet Farmingdale, Westchester County ve Teterboro Havaalanlar\u0131nda bulunan merkezlerle.&nbsp;<\/p>\r\n\r\n\r\n\r\n<p>\u015eirket kendi u\u00e7ak filosuna sahiptir ve $3,900'den ba\u015flayan giri\u015f ve \u00fcyelik \u00fccretleriyle bir \u00fcyelik program\u0131 sunmaktad\u0131r. Giri\u015f seviyesi program\u0131, rotaya g\u00f6re sabit, d\u00fcz fiyatland\u0131rmal\u0131 bir kulland\u0131k\u00e7a \u00f6de hizmeti olan The Jet Card'd\u0131r.&nbsp;<\/p>\r\n\r\n\r\n\r\n<p>Bu \u00fcyelik programlar\u0131n\u0131 daha ayr\u0131nt\u0131l\u0131 olarak inceleyelim.<\/p>\r\n\r\n\r\n\r\n<h2 class=\"wp-block-heading\"><span class=\"ez-toc-section\" id=\"Membership_Programs\"><\/span>\u00dcyelik Programlar\u0131<span class=\"ez-toc-section-end\"><\/span><\/h2>\r\n\r\n\r\n\r\n<figure class=\"wp-block-image size-full is-style-default\"><img loading=\"lazy\" decoding=\"async\" width=\"1000\" height=\"667\" src=\"https:\/\/comparemyjet.com\/wp-content\/uploads\/2022\/07\/cirrus.sr_.22.jpg\" alt=\"\" class=\"wp-image-3174\" srcset=\"https:\/\/comparemyjet.com\/wp-content\/uploads\/2022\/07\/cirrus.sr_.22-18x12.jpg 18w, https:\/\/comparemyjet.com\/wp-content\/uploads\/2022\/07\/cirrus.sr_.22-300x200.jpg 300w, https:\/\/comparemyjet.com\/wp-content\/uploads\/2022\/07\/cirrus.sr_.22-768x512.jpg 768w, https:\/\/comparemyjet.com\/wp-content\/uploads\/2022\/07\/cirrus.sr_.22.jpg 1000w\" sizes=\"auto, (max-width: 1000px) 100vw, 1000px\" \/><\/figure>\r\n\r\n\r\n\r\n<p>\u015eirket \u00fcyelik program\u0131n\u0131 2019 y\u0131l\u0131nda ba\u015flatm\u0131\u015ft\u0131r. \u00dcyeler ayda $325 \u00f6d\u00fcyor ve \u00f6zel indirimlerden ve di\u011fer avantajlardan yararlan\u0131yor.&nbsp;<\/p>\r\n\r\n\r\n\r\n<p>Kendileriyle ileti\u015fime ge\u00e7erek \u00fcye olabilirsiniz. <a href=\"https:\/\/flyhopscotch.com\/join-clubscotch\/\" target=\"_blank\" rel=\"noopener\">web sitesi<\/a>.<\/p>\r\n\r\n\r\n\r\n<h3 class=\"wp-block-heading\"><span class=\"ez-toc-section\" id=\"ClubScotch\"><\/span>ClubScotch<span class=\"ez-toc-section-end\"><\/span><\/h3>\r\n\r\n\r\n\r\n<p>Kuzeydo\u011fu, Atlantik ortas\u0131 ve Kanada'da Hopscotch sizi en k\u00fc\u00e7\u00fc\u011f\u00fcnden en b\u00fcy\u00fc\u011f\u00fcne kadar y\u00fczlerce havaalan\u0131na u\u00e7uracakt\u0131r. U\u00e7aklar\u0131 sizi nihai var\u0131\u015f noktan\u0131za daha yak\u0131n, daha k\u00fc\u00e7\u00fck, daha az kalabal\u0131k havalimanlar\u0131na ta\u015f\u0131yabilir. T\u00fcm u\u00e7u\u015flar sizin program\u0131n\u0131za g\u00f6re hareket eder.<\/p>\r\n\r\n\r\n\r\n<p>ClubScoth \u00fcyesi olmak i\u00e7in bir y\u0131ll\u0131k taahh\u00fctte bulunman\u0131z gerekmektedir. Ayl\u0131k $325 veya y\u0131ll\u0131k $3,250 \u00f6demeyi se\u00e7ebilirsiniz.<\/p>\r\n\r\n\r\n\r\n<p>\u00dcyeler i\u00e7in \u00f6ncelikli planlama ve M\u00fc\u015fteri Deneyimi ekibine h\u0131zl\u0131 eri\u015fim mevcuttur. ClubScotch \u00fcyesi olarak, son dakika randevular\u0131na ve 15 saate kadar \u00fccretsiz bekleme s\u00fcresine hak kazan\u0131rs\u0131n\u0131z. Bu 15 saatlik \u00fccretsiz yay\u0131lma gecikmesini t\u00fcm y\u0131l boyunca kullanabilirsiniz. Bu da y\u0131ll\u0131k $1,000'den fazla indirim anlam\u0131na geliyor.<\/p>\r\n\r\n\r\n\r\n<p>Belki de geceyi gidece\u011finiz yerde ge\u00e7irmek istersiniz? Y\u0131lda bir kez \u00fccretsiz bir geceleme sunulmaktad\u0131r (<a href=\"https:\/\/comparemyjet.com\/tr\/hotels\/\" data-internallinksmanager029f6b8e52c=\"470\" title=\"D\u00fcnyan\u0131n D\u00f6rt Bir Yan\u0131ndan Havaalanlar\u0131na Yak\u0131n En \u0130yi 100 Otel\">Otel<\/a> ve yemek dahil de\u011fildir). U\u00e7a\u011f\u0131n\u0131z gidi\u015f-d\u00f6n\u00fc\u015f yolculu\u011funuzu tamamlamak i\u00e7in ertesi g\u00fcn sizi bekleyecektir.&nbsp;<\/p>\r\n\r\n\r\n\r\n<p>\u015eirketin iptal politikas\u0131 tarihinizi\/rotan\u0131z\u0131 de\u011fi\u015ftirmenize izin verir ve \u00fcyeler i\u00e7in olduk\u00e7a esnektir. Seyahatiniz s\u0131ras\u0131nda yapt\u0131\u011f\u0131n\u0131z herhangi bir de\u011fi\u015fiklik i\u00e7in sizden \u00fccret al\u0131nmayacakt\u0131r. \u00dcye olmayanlar\u0131n para iadesi i\u00e7in u\u00e7u\u015flar\u0131 iptal etmek i\u00e7in 48 saati, \u00fcyelerin ise 24 saati vard\u0131r.<\/p>\r\n\r\n\r\n\r\n<p>ClubScotch \u00fcyelerinin elde etti\u011fi en b\u00fcy\u00fck avantajlar, genel olarak \u00fcye olmayanlara g\u00f6re perakende sat\u0131\u015f fiyat\u0131ndan yakla\u015f\u0131k 25% daha az \u00f6deme yapmalar\u0131 ve u\u00e7u\u015f ge\u00e7mi\u015flerini ve hesap bakiyelerini \u00e7evrimi\u00e7i olarak kontrol etmek i\u00e7in ClubScotch sitesine eri\u015fim elde etmeleridir.<\/p>\r\n\r\n\r\n\r\n<h2 class=\"wp-block-heading\"><span class=\"ez-toc-section\" id=\"Destinations_and_Pricing\"><\/span>Destinasyonlar ve Fiyatland\u0131rma<span class=\"ez-toc-section-end\"><\/span><\/h2>\r\n\r\n\r\n\r\n<p>SR22'ler genellikle yolcular\u0131 New York City havaalanlar\u0131ndan al\u0131r ve en uzak var\u0131\u015f noktalar\u0131 bat\u0131dan <a href=\"https:\/\/comparemyjet.com\/tr\/private-jet-charters-to-chicago\/\" data-internallinksmanager029f6b8e52c=\"170\" title=\"\u015eikago&#039;ya \u00d6zel Jet Kiralama\">Chicago<\/a> ya da g\u00fcneye, G\u00fcney Carolina'ya.&nbsp;<\/p>\r\n\r\n\r\n\r\n<p>A\u015fa\u011f\u0131daki tabloda White Plains, Farmingdale ve Teterboro'dan kalkan ayn\u0131 g\u00fcn tek y\u00f6n yolculuk fiyatlar\u0131 yer almaktad\u0131r.&nbsp;<\/p>\r\n\r\n\r\n\r\n<figure class=\"wp-block-table\"><table><tbody><tr><td>Destinasyonlar<\/td><td>Tek Y\u00f6nl\u00fc Fiyatlar<\/td><\/tr><tr><td><a href=\"https:\/\/comparemyjet.com\/tr\/private-tours\/philadelphia-private-tours\/\" data-internallinksmanager029f6b8e52c=\"430\" title=\"$245.00&#039;den Ba\u015flayan En \u0130yi 11 Philadelphia \u00d6zel Turu\">Philadelphia<\/a>&nbsp;<\/td><td>$1,956<\/td><\/tr><tr><td>Atlantic City&nbsp;<\/td><td>$2,019<\/td><\/tr><tr><td>Newport&nbsp;<\/td><td>$2,144<\/td><\/tr><tr><td><a href=\"https:\/\/comparemyjet.com\/tr\/private-jet-charters-to-boston\/\" data-internallinksmanager029f6b8e52c=\"177\" title=\"Boston&#039;a \u00d6zel Jet Kiralama\">Boston<\/a> - Bedford&nbsp;<\/td><td>$2,426<\/td><\/tr><tr><td>Martha's Vineyard&nbsp;<\/td><td>$2,489<\/td><\/tr><tr><td>Nantucket&nbsp;<\/td><td>$2,802<\/td><\/tr><tr><td>Provincetown&nbsp;<\/td><td>$2,834<\/td><\/tr><tr><td>Boston - Logan&nbsp;<\/td><td>$2,888<\/td><\/tr><tr><td>Burlington&nbsp;<\/td><td>$3,335<\/td><\/tr><\/tbody><\/table><\/figure>\r\n\r\n\r\n\r\n<p>Hopscotch, kuzeydo\u011fu Amerika Birle\u015fik Devletleri, Atlantik ortas\u0131 b\u00f6lgesi ile Ontario ve Quebec'in baz\u0131 b\u00f6lgelerine hizmet vermektedir. Pop\u00fcler bahar ve yaz ka\u00e7amaklar\u0131 \u015funlard\u0131r:<\/p>\r\n\r\n\r\n\r\n<ul class=\"wp-block-list\"><li>Cape Cod,&nbsp;<\/li><li>Provincetown, Provincetown,&nbsp;<\/li><li>Martha's Vineyard,&nbsp;<\/li><li>East Hampton,&nbsp;<\/li><li>Burlington,&nbsp;<\/li><li><a href=\"https:\/\/comparemyjet.com\/tr\/private-tours\/portland-private-tours\/\" data-internallinksmanager029f6b8e52c=\"432\" title=\"$48.00&#039;dan Ba\u015flayan En \u0130yi 11 Portland \u00d6zel Turu\">Portland<\/a>,&nbsp;<\/li><li>Block Island,&nbsp;<\/li><li>Great Barrington,&nbsp;<\/li><li>ve Stowe.&nbsp;<\/li><\/ul>\r\n\r\n\r\n\r\n<p>Bununla birlikte, New York, Massachusetts, Pennsylvania ve New York'un uzak noktalar\u0131na da u\u00e7uyorlar. <a href=\"https:\/\/comparemyjet.com\/tr\/private-jet-charters-to-jersey\/\" data-internallinksmanager029f6b8e52c=\"176\" title=\"Jersey&#039;e \u00d6zel Jet Kiralama\">Jersey<\/a>. New England destinasyonlar\u0131 Hopscotch Air'in en pop\u00fcler rotalar\u0131 aras\u0131ndad\u0131r.<\/p>\r\n\r\n\r\n\r\n<p>U\u00e7ak m\u00fcsaitli\u011finin garantisi yoktur ve \u00fccretler rotaya g\u00f6re sabittir.<\/p>\r\n\r\n\r\n\r\n<h2 class=\"wp-block-heading\"><span class=\"ez-toc-section\" id=\"The_Fleet\"><\/span>Filo&nbsp;<span class=\"ez-toc-section-end\"><\/span><\/h2>\r\n\r\n\r\n\r\n<figure class=\"wp-block-image size-full is-style-default\"><img loading=\"lazy\" decoding=\"async\" width=\"1000\" height=\"606\" src=\"https:\/\/comparemyjet.com\/wp-content\/uploads\/2022\/07\/cirrus.fleet_.jpg\" alt=\"\" class=\"wp-image-3173\" srcset=\"https:\/\/comparemyjet.com\/wp-content\/uploads\/2022\/07\/cirrus.fleet_-18x12.jpg 18w, https:\/\/comparemyjet.com\/wp-content\/uploads\/2022\/07\/cirrus.fleet_-300x182.jpg 300w, https:\/\/comparemyjet.com\/wp-content\/uploads\/2022\/07\/cirrus.fleet_-768x465.jpg 768w, https:\/\/comparemyjet.com\/wp-content\/uploads\/2022\/07\/cirrus.fleet_.jpg 1000w\" sizes=\"auto, (max-width: 1000px) 100vw, 1000px\" \/><\/figure>\r\n\r\n\r\n\r\n<p>Hopscotch Air, Cirrus SR-20\/22 u\u00e7ak filosunu i\u015fleten bir hava taksi \u015firketidir. Bu u\u00e7aklar yak\u0131t ikmali i\u00e7in durmadan 800 mile kadar u\u00e7abilir.&nbsp;<\/p>\r\n\r\n\r\n\r\n<p>Tek motorlu bir pistonlu u\u00e7akla u\u00e7u\u015flar bir jetliner ile u\u00e7u\u015flardan daha uzun s\u00fcrse de, daha k\u0131sa pistlere sahip daha k\u00fc\u00e7\u00fck havaalanlar\u0131na inebilirler ve \u00fc\u00e7 ki\u015filik bir parti i\u00e7in m\u00fckemmeldirler. Cirrus u\u00e7aklar\u0131 Kuzeydo\u011fu b\u00f6lgesindeki binlerce halka a\u00e7\u0131k havaliman\u0131na eri\u015febilir.<\/p>\r\n\r\n\r\n\r\n<h3 class=\"wp-block-heading\"><span class=\"ez-toc-section\" id=\"1_Very_Light_Jets\"><\/span>1. \u00c7ok Hafif Jetler<span class=\"ez-toc-section-end\"><\/span><\/h3>\r\n\r\n\r\n\r\n<p>\u00c7ok hafif jet, \u00f6zel jetin en k\u00fc\u00e7\u00fck ve en ekonomik \u015feklidir. Yakla\u015f\u0131k 2,000 mil menzil ve saatte 600 milden fazla h\u0131z ile k\u00fc\u00e7\u00fck mesafelerde daha k\u0131sa yolculuklar i\u00e7in idealdirler. Bu u\u00e7aklar b\u00f6lgesel seyahatler i\u00e7in idealdir ve genellikle 3 ila 6 ki\u015fiyi bar\u0131nd\u0131r\u0131r.<\/p>\r\n\r\n\r\n\r\n<h4 class=\"wp-block-heading\"><span class=\"ez-toc-section\" id=\"Our_Recommendation_The_Cirrus_SR20\"><\/span>Bizim Tavsiyemiz: Cirrus SR20&nbsp;<span class=\"ez-toc-section-end\"><\/span><\/h4>\r\n\r\n\r\n\r\n<p>Duluth, Minnesota'dan Cirrus Aircraft, pistonlu bir motorla \u00e7al\u0131\u015fan d\u00f6rt koltuklu kompozit bir tek kanatl\u0131 u\u00e7ak olan Cirrus SR20'yi \u00fcretmektedir.<\/p>\r\n\r\n\r\n\r\n<p>SR20, acil durumlarda g\u00fcvenli bir \u015fekilde ini\u015f yapmak i\u00e7in para\u015f\u00fctle donat\u0131lm\u0131\u015f ilk genel havac\u0131l\u0131k u\u00e7a\u011f\u0131yd\u0131. Ayn\u0131 zamanda tamamen kompozit malzemelerden \u00fcretilen ilk hafif u\u00e7akt\u0131r.<\/p>\r\n\r\n\r\n\r\n<p>Cirrus SR20'nin \u00f6zellikleri ve performans\u0131:<\/p>\r\n\r\n\r\n\r\n<ul class=\"wp-block-list\"><li>Yolcu say\u0131s\u0131: 3;<\/li><li>D\u0131\u015f y\u00fckseklik: 8 ft 11 in\u00e7;<\/li><li>D\u0131\u015f uzunluk: 26 ft;<\/li><li>Kabin geni\u015fli\u011fi: 4 ft 1 in\u00e7;<\/li><li>Kabin y\u00fcksekli\u011fi: 4 ft 2 in\u00e7;<\/li><li>Kabin uzunlu\u011fu: 10 ft 10 in\u00e7;<\/li><li>T\u0131rmanma h\u0131z\u0131: 920 fpm;<\/li><li>Normal seyir: 155 kts;<\/li><li>Maksimum h\u0131z: 155 kts;<\/li><li>Maksimum aral\u0131k: 785 nm;<\/li><li>Yak\u0131t kapasitesi: 336 lbs lb;<\/li><li>Maksimum ta\u015f\u0131ma kapasitesi: 720 lb;<\/li><li>M\u00fcrettebat: 1.<\/li><\/ul>\r\n\r\n\r\n\r\n<h4 class=\"wp-block-heading\"><span class=\"ez-toc-section\" id=\"Our_Recommendation_The_Cirrus_SR22\"><\/span>Bizim Tavsiyemiz: Cirrus SR22<span class=\"ez-toc-section-end\"><\/span><\/h4>\r\n\r\n\r\n\r\n<p>Cirrus SR22 size en iyi u\u00e7u\u015f deneyimini sunmak i\u00e7in titizlikle tasarlanm\u0131\u015ft\u0131r. Sofistike teknik yenilik, heyecan verici performans ve rakipsiz bir yetenek sunar. SR22'nin yolcular i\u00e7in bol miktarda diz mesafesi sunan geni\u015f i\u00e7 mekan\u0131, en g\u00fc\u00e7l\u00fc \u00f6zelliklerinden biridir.<\/p>\r\n\r\n\r\n\r\n<p>Cirrus SR22'nin \u00f6zellikleri ve performans\u0131:<\/p>\r\n\r\n\r\n\r\n<ul class=\"wp-block-list\"><li>Yolcu say\u0131s\u0131: 4;<\/li><li>D\u0131\u015f y\u00fckseklik: 8 ft 11 in\u00e7;<\/li><li>Kanat A\u00e7\u0131kl\u0131\u011f\u0131: 38 ft 4 in\u00e7;<\/li><li>D\u0131\u015f uzunluk: 26 ft;<\/li><li>Kabin hacmi: 137 cu ft;<\/li><li>Kabin geni\u015fli\u011fi: 4 ft 1 in\u00e7;<\/li><li>Kabin y\u00fcksekli\u011fi: 4 ft 2 in\u00e7;<\/li><li>Kabin uzunlu\u011fu: 8 ft;<\/li><li>\u0130\u00e7 bagaj: 32 cu ft;<\/li><li>Yak\u0131t kapasitesi: 486 lbs lb;<\/li><li>Maksimum ta\u015f\u0131ma kapasitesi: 950 lb;<\/li><li>Maksimum h\u0131z: 186 kts;<\/li><li>U\u00e7u\u015f menzili: 659 nm - 1100 nm;<\/li><li>\u0130ni\u015f mesafesi: 4005 ft;<\/li><li>T\u0131rmanma h\u0131z\u0131: 1400 fpm;<\/li><li>M\u00fcrettebat: 1.<\/li><\/ul>\r\n\r\n\r\n\r\n<h2 class=\"wp-block-heading\"><span class=\"ez-toc-section\" id=\"Company_Safety_Policy_and_Standards\"><\/span>\u015eirket G\u00fcvenlik Politikas\u0131 ve Standartlar\u0131&nbsp;<span class=\"ez-toc-section-end\"><\/span><\/h2>\r\n\r\n\r\n\r\n<figure class=\"wp-block-image size-full is-style-default\"><img loading=\"lazy\" decoding=\"async\" width=\"1000\" height=\"662\" src=\"https:\/\/comparemyjet.com\/wp-content\/uploads\/2022\/07\/pilot.greeting.young_.couple-1.jpg\" alt=\"Hopscotch Air\" class=\"wp-image-3176\" srcset=\"https:\/\/comparemyjet.com\/wp-content\/uploads\/2022\/07\/pilot.greeting.young_.couple-1-18x12.jpg 18w, https:\/\/comparemyjet.com\/wp-content\/uploads\/2022\/07\/pilot.greeting.young_.couple-1-300x199.jpg 300w, https:\/\/comparemyjet.com\/wp-content\/uploads\/2022\/07\/pilot.greeting.young_.couple-1-768x508.jpg 768w, https:\/\/comparemyjet.com\/wp-content\/uploads\/2022\/07\/pilot.greeting.young_.couple-1.jpg 1000w\" sizes=\"auto, (max-width: 1000px) 100vw, 1000px\" \/><\/figure>\r\n\r\n\r\n\r\n<p>SR 22\/20'nin sofistike sava\u015f g\u00fcvertesi ve otopilotu tek pilotla u\u00e7u\u015fa izin veriyor, ancak jetler \u015firkete g\u00f6re t\u00fcketiciler i\u00e7in \u00f6nemli bir sat\u0131\u015f noktas\u0131 olan tam d\u00fczlem acil durum para\u015f\u00fct\u00fc ile birlikte geliyor.<\/p>\r\n\r\n\r\n\r\n<p>SR 20\/22 ayr\u0131ca <a href=\"https:\/\/www.faa.gov\/about\/office_org\/headquarters_offices\/ato\/service_units\/techops\/navservices\/gnss\/waas\" target=\"_blank\" rel=\"noopener\">WAAS (Geni\u015f Alan Art\u0131rma Sistemi<\/a>) yetenekli ve zorlu buzlanma ko\u015fullar\u0131nda u\u00e7mak \u00fczere sertifikaland\u0131r\u0131lm\u0131\u015ft\u0131r. Dahas\u0131, jetler, u\u00e7aklar\u0131n bir hava arac\u0131n\u0131n bulundu\u011fu havalimanlar\u0131na hassas ini\u015fler yapmas\u0131na olanak tan\u0131yan yer tabanl\u0131 \/ GPS birle\u015fik sistemi olan WAAS ile birlikte gelir. <a href=\"https:\/\/skybrary.aero\/articles\/instrument-landing-system-ils\" target=\"_blank\" rel=\"noopener\">ILS<\/a> mevcut veya \u00e7al\u0131\u015f\u0131r durumda de\u011fildir.<\/p>\r\n\r\n\r\n\r\n<p>Yak\u0131ndaki bir Cirrus fabrika yetkili tamir at\u00f6lyesi olan Nassau Flyers, t\u00fcm modifikasyonlar\u0131 ve di\u011fer yap\u0131sal ve motor bak\u0131mlar\u0131n\u0131 yerde yap\u0131yor.<\/p>\r\n\r\n\r\n\r\n<h2 class=\"wp-block-heading\"><span class=\"ez-toc-section\" id=\"Partnerships\"><\/span>Ortakl\u0131klar<span class=\"ez-toc-section-end\"><\/span><\/h2>\r\n\r\n\r\n\r\n<p>Hopscotch ve Linear Air, White Plains ve Boston metro b\u00f6lgesini birbirine ba\u011flayan tek duraks\u0131z tarifeli servisi i\u015fletmek \u00fczere bir araya geldi.<\/p>\r\n\r\n\r\n\r\n<p>Hopscotch'a benzer \u015fekilde Linear Air de Eclipse VLJ'leri (\u00e7ok hafif jetler) i\u015fletmektedir. \u0130ki \u015firket birlikte, t\u00fcketicilere iste\u011fe ba\u011fl\u0131 hava taksileri i\u00e7in \u00e7e\u015fitli h\u0131z ve menzil se\u00e7enekleri sunuyor.<\/p>\r\n\r\n\r\n\r\n<h2 class=\"wp-block-heading\"><span class=\"ez-toc-section\" id=\"Conclusion\"><\/span>Sonu\u00e7<span class=\"ez-toc-section-end\"><\/span><\/h2>\r\n\r\n\r\n\r\n<p>ClubScotch markas\u0131 alt\u0131nda Hopscotch Air, sabit rota fiyatland\u0131rmas\u0131yla Kuzeydo\u011fu ve Orta Atlantik'te bir Cirrus SR22 ve SR20 tek motorlu piston \u00fcyelik program\u0131 sunmaktad\u0131r. Her u\u00e7ak d\u00f6rt yolcuya kadar a\u011f\u0131rlayabilmektedir.<\/p>\r\n\r\n\r\n\r\n<p>Artan m\u00fc\u015fteri say\u0131s\u0131 nedeniyle \u015firket, kapasiteyi art\u0131rmak i\u00e7in sekiz koltuklu turboprop u\u00e7aklardan olu\u015fan yeni bir filo kurmay\u0131 planlarken, \u00f6d\u00fcll\u00fc Vy 400 dikey kalk\u0131\u015f ve ini\u015f u\u00e7a\u011f\u0131n\u0131 sat\u0131n almak i\u00e7in Transcend Air Corporation ile anla\u015fma imzalad\u0131. Bu u\u00e7aklar havaalan\u0131 d\u0131\u015f\u0131 rotalar\u0131 geni\u015fletmek i\u00e7in kullan\u0131lacak.&nbsp;<\/p>\r\n\r\n\r\n\r\n<p>Hopscotch, tipik charter'dan farkl\u0131 olarak saat ba\u015f\u0131na \u00fccret almaz ve yak\u0131t \u00fccreti eklemez. Rezervasyon s\u0131ras\u0131nda tek ve sabit bir fiyatland\u0131rma sunarlar.&nbsp;<\/p>","protected":false},"excerpt":{"rendered":"<p>Hopscotch Air, yolcular\u0131 Kuzeydo\u011fu, Atlantik ortas\u0131 ve Kanada \u00e7evresinde k\u00fc\u00e7\u00fck ama teknolojik a\u00e7\u0131dan sofistike Cirrus U\u00e7aklar\u0131yla u\u00e7uran son teknoloji \u00fcr\u00fcn\u00fc bir hava taksi \u015firketidir. \u015eirket 2009 y\u0131l\u0131nda sertifika alm\u0131\u015ft\u0131r ve \u015fu anda her y\u0131l yakla\u015f\u0131k 1400 sefer d\u00fczenlemektedir; bunun ba\u015fl\u0131ca nedeni, daha ucuz ekonomik ko\u015fullar nedeniyle, normal charter u\u00e7u\u015flar\u0131n\u0131n maliyetinin \u00e7ok alt\u0131nda ...<\/p>","protected":false},"author":2,"featured_media":3175,"parent":0,"menu_order":0,"comment_status":"closed","ping_status":"closed","template":"","meta":{"_acf_changed":false,"_genesis_hide_title":false,"_genesis_hide_breadcrumbs":false,"_genesis_hide_singular_image":false,"_genesis_hide_footer_widgets":false,"_genesis_custom_body_class":"","_genesis_custom_post_class":"","_genesis_layout":"","footnotes":""},"class_list":{"1":"page","2":"type-page","6":"entry"},"acf":[],"_links":{"self":[{"href":"https:\/\/comparemyjet.com\/tr\/wp-json\/wp\/v2\/pages\/3172","targetHints":{"allow":["GET"]}}],"collection":[{"href":"https:\/\/comparemyjet.com\/tr\/wp-json\/wp\/v2\/pages"}],"about":[{"href":"https:\/\/comparemyjet.com\/tr\/wp-json\/wp\/v2\/types\/page"}],"author":[{"embeddable":true,"href":"https:\/\/comparemyjet.com\/tr\/wp-json\/wp\/v2\/users\/2"}],"replies":[{"embeddable":true,"href":"https:\/\/comparemyjet.com\/tr\/wp-json\/wp\/v2\/comments?post=3172"}],"version-history":[{"count":2,"href":"https:\/\/comparemyjet.com\/tr\/wp-json\/wp\/v2\/pages\/3172\/revisions"}],"predecessor-version":[{"id":3451,"href":"https:\/\/comparemyjet.com\/tr\/wp-json\/wp\/v2\/pages\/3172\/revisions\/3451"}],"wp:featuredmedia":[{"embeddable":true,"href":"https:\/\/comparemyjet.com\/tr\/wp-json\/wp\/v2\/media\/3175"}],"wp:attachment":[{"href":"https:\/\/comparemyjet.com\/tr\/wp-json\/wp\/v2\/media?parent=3172"}],"curies":[{"name":"wp","href":"https:\/\/api.w.org\/{rel}","templated":true}]}}