{"id":3182,"date":"2022-08-04T21:07:59","date_gmt":"2022-08-04T21:07:59","guid":{"rendered":"https:\/\/comparemyjet.com\/?page_id=3182"},"modified":"2025-09-04T09:58:20","modified_gmt":"2025-09-04T09:58:20","slug":"fxair","status":"publish","type":"page","link":"https:\/\/comparemyjet.com\/tr\/fxair\/","title":{"rendered":"FXAIR U\u00e7u\u015f Fiyatland\u0131rmas\u0131"},"content":{"rendered":"<p>FXAIR, 2020 y\u0131l\u0131nda faaliyete ba\u015flayan nispeten yeni bir \u00f6zel charter \u015firketidir. \u015eirket, k\u0131smen COVID-19 salg\u0131n\u0131yla birlikte \u00f6zel hava yolculu\u011funun artan pop\u00fclaritesi nedeniyle o zamandan beri katlanarak b\u00fcy\u00fcd\u00fc.<\/p>\r\n\r\n\r\n\r\n<p>FXAIR, Ken Ricci taraf\u0131ndan kurulan ve a\u015fa\u011f\u0131dakileri i\u00e7eren Directional Aviation \u015firketler ailesinin bir par\u00e7as\u0131d\u0131r <a href=\"https:\/\/comparemyjet.com\/tr\/flexjet\/\" data-internallinksmanager029f6b8e52c=\"187\" title=\"Flexjet Fraksiyonel Jet Sahipli\u011fi\">Flexjet<\/a>, <a href=\"https:\/\/comparemyjet.com\/tr\/sentient-jet\/\" data-internallinksmanager029f6b8e52c=\"106\" title=\"Sentient Jet U\u00e7u\u015f Fiyatland\u0131rmas\u0131\">Sentient Jet<\/a>, <a href=\"https:\/\/comparemyjet.com\/tr\/privatefly\/\" data-internallinksmanager029f6b8e52c=\"115\" title=\"PrivateFly U\u00e7u\u015f Fiyatland\u0131rmas\u0131\">PrivateFly<\/a>Tivoli ve FXAIR'in yan\u0131 s\u0131ra Nextant Aerospace (jet \u00fcreticisi) ve Sojourn Aviation (jet sat\u0131\u015f firmas\u0131). Bir charter \u00fcyelik program\u0131 ve iste\u011fe ba\u011fl\u0131 \u00f6zel jet kiralama sa\u011flar. Bu hizmetlere daha ayr\u0131nt\u0131l\u0131 bir \u015fekilde g\u00f6z atal\u0131m, ancak \u00f6nce \u015firketin kendisi hakk\u0131nda bir kelime.<\/p>\r\n\r\n\r\n\r\n<div id=\"ez-toc-container\" class=\"ez-toc-v2_0_76 counter-hierarchy ez-toc-counter ez-toc-grey ez-toc-container-direction\">\n<p class=\"ez-toc-title\" style=\"cursor:inherit\">Konular<\/p>\n<label for=\"ez-toc-cssicon-toggle-item-69de79c86337a\" class=\"ez-toc-cssicon-toggle-label\"><span class=\"\"><span class=\"eztoc-hide\" style=\"display:none;\">Ge\u00e7i\u015f<\/span><span class=\"ez-toc-icon-toggle-span\"><svg style=\"fill: #999;color:#999\" xmlns=\"http:\/\/www.w3.org\/2000\/svg\" class=\"list-377408\" width=\"20px\" height=\"20px\" viewbox=\"0 0 24 24\" fill=\"none\"><path d=\"M6 6H4v2h2V6zm14 0H8v2h12V6zM4 11h2v2H4v-2zm16 0H8v2h12v-2zM4 16h2v2H4v-2zm16 0H8v2h12v-2z\" fill=\"currentColor\"><\/path><\/svg><svg style=\"fill: #999;color:#999\" class=\"arrow-unsorted-368013\" xmlns=\"http:\/\/www.w3.org\/2000\/svg\" width=\"10px\" height=\"10px\" viewbox=\"0 0 24 24\" version=\"1.2\" baseprofile=\"tiny\"><path d=\"M18.2 9.3l-6.2-6.3-6.2 6.3c-.2.2-.3.4-.3.7s.1.5.3.7c.2.2.4.3.7.3h11c.3 0 .5-.1.7-.3.2-.2.3-.5.3-.7s-.1-.5-.3-.7zM5.8 14.7l6.2 6.3 6.2-6.3c.2-.2.3-.5.3-.7s-.1-.5-.3-.7c-.2-.2-.4-.3-.7-.3h-11c-.3 0-.5.1-.7.3-.2.2-.3.5-.3.7s.1.5.3.7z\"\/><\/svg><\/span><\/span><\/label><input type=\"checkbox\"  id=\"ez-toc-cssicon-toggle-item-69de79c86337a\" checked aria-label=\"Ge\u00e7i\u015f\" \/><nav><ul class='ez-toc-list ez-toc-list-level-1' ><li class='ez-toc-page-1 ez-toc-heading-level-2'><a class=\"ez-toc-link ez-toc-heading-1\" href=\"https:\/\/comparemyjet.com\/tr\/fxair\/#About_the_Company\" >\u015eirket Hakk\u0131nda<\/a><\/li><li class='ez-toc-page-1 ez-toc-heading-level-2'><a class=\"ez-toc-link ez-toc-heading-2\" href=\"https:\/\/comparemyjet.com\/tr\/fxair\/#Company_Membership_Program\" >\u015eirket \u00dcyelik Program\u0131<\/a><\/li><li class='ez-toc-page-1 ez-toc-heading-level-2'><a class=\"ez-toc-link ez-toc-heading-3\" href=\"https:\/\/comparemyjet.com\/tr\/fxair\/#On-Demand_Charter_Flight\" >\u0130ste\u011fe Ba\u011fl\u0131 Charter U\u00e7u\u015fu<\/a><\/li><li class='ez-toc-page-1 ez-toc-heading-level-2'><a class=\"ez-toc-link ez-toc-heading-4\" href=\"https:\/\/comparemyjet.com\/tr\/fxair\/#The_Fleet\" >Filo&nbsp;<\/a><ul class='ez-toc-list-level-3' ><li class='ez-toc-heading-level-3'><a class=\"ez-toc-link ez-toc-heading-5\" href=\"https:\/\/comparemyjet.com\/tr\/fxair\/#1_Light_Private_Jets\" >1. Hafif \u00d6zel Jetler<\/a><ul class='ez-toc-list-level-4' ><li class='ez-toc-heading-level-4'><a class=\"ez-toc-link ez-toc-heading-6\" href=\"https:\/\/comparemyjet.com\/tr\/fxair\/#Our_Recommendation_The_Nextant_400XT\" >Bizim Tavsiyemiz: Nextant 400XT<\/a><\/li><\/ul><\/li><li class='ez-toc-page-1 ez-toc-heading-level-3'><a class=\"ez-toc-link ez-toc-heading-7\" href=\"https:\/\/comparemyjet.com\/tr\/fxair\/#2_Midsize_Private_Jets\" >2. Orta Boy \u00d6zel Jetler<\/a><ul class='ez-toc-list-level-4' ><li class='ez-toc-heading-level-4'><a class=\"ez-toc-link ez-toc-heading-8\" href=\"https:\/\/comparemyjet.com\/tr\/fxair\/#Our_Recommendation_The_Citation_Excel\" >Bizim Tavsiyemiz: Citation Excel<\/a><\/li><\/ul><\/li><li class='ez-toc-page-1 ez-toc-heading-level-3'><a class=\"ez-toc-link ez-toc-heading-9\" href=\"https:\/\/comparemyjet.com\/tr\/fxair\/#3_Super-Midsize_Private_Jets\" >3. S\u00fcper-Orta Boy \u00d6zel Jetler&nbsp;<\/a><ul class='ez-toc-list-level-4' ><li class='ez-toc-heading-level-4'><a class=\"ez-toc-link ez-toc-heading-10\" href=\"https:\/\/comparemyjet.com\/tr\/fxair\/#Our_Recommendation_The_Falcon_50\" >Bizim Tavsiyemiz: Falcon 50&nbsp;<\/a><\/li><\/ul><\/li><li class='ez-toc-page-1 ez-toc-heading-level-3'><a class=\"ez-toc-link ez-toc-heading-11\" href=\"https:\/\/comparemyjet.com\/tr\/fxair\/#4_Large_Private_Jets\" >4. B\u00fcy\u00fck \u00d6zel Jetler<\/a><ul class='ez-toc-list-level-4' ><li class='ez-toc-heading-level-4'><a class=\"ez-toc-link ez-toc-heading-12\" href=\"https:\/\/comparemyjet.com\/tr\/fxair\/#Our_Recommendation_The_Gulfstream_GIV\" >Bizim Tavsiyemiz: Gulfstream GIV<\/a><\/li><\/ul><\/li><li class='ez-toc-page-1 ez-toc-heading-level-3'><a class=\"ez-toc-link ez-toc-heading-13\" href=\"https:\/\/comparemyjet.com\/tr\/fxair\/#5_Ultra-Long-Range_Private_Jets\" >5. Ultra Uzun Menzilli \u00d6zel Jetler<\/a><ul class='ez-toc-list-level-4' ><li class='ez-toc-heading-level-4'><a class=\"ez-toc-link ez-toc-heading-14\" href=\"https:\/\/comparemyjet.com\/tr\/fxair\/#Our_Recommendation_Gulfstream_GV\" >Bizim Tavsiyemiz: Gulfstream GV<\/a><\/li><\/ul><\/li><\/ul><\/li><li class='ez-toc-page-1 ez-toc-heading-level-2'><a class=\"ez-toc-link ez-toc-heading-15\" href=\"https:\/\/comparemyjet.com\/tr\/fxair\/#Company_Safety_Policy_and_Standards\" >\u015eirket G\u00fcvenlik Politikas\u0131 ve Standartlar\u0131<\/a><\/li><li class='ez-toc-page-1 ez-toc-heading-level-2'><a class=\"ez-toc-link ez-toc-heading-16\" href=\"https:\/\/comparemyjet.com\/tr\/fxair\/#Conclusion\" >Sonu\u00e7<\/a><\/li><\/ul><\/nav><\/div>\n<h2 class=\"wp-block-heading\"><span class=\"ez-toc-section\" id=\"About_the_Company\"><\/span>\u015eirket Hakk\u0131nda<span class=\"ez-toc-section-end\"><\/span><\/h2>\r\n\r\n\r\n\r\n<p>FXAIR, Andrew Collins'in CEO ve Gregg Slow'un ba\u015fkan olarak g\u00f6rev yapt\u0131\u011f\u0131 Directional Aviation'a ait yeni kurulmu\u015f bir firmad\u0131r ve merkezi <a href=\"https:\/\/comparemyjet.com\/tr\/private-tours\/new-york-city-private-tours\/\" data-internallinksmanager029f6b8e52c=\"427\" title=\"$48.00&#039;dan \u0130tibaren En \u0130yi 11 \u00d6zel New York Turu\">New York \u015eehri<\/a>.&nbsp;<\/p>\r\n\r\n\r\n\r\n<p>FXAIR kendi filosuna sahip de\u011fildir ve bunun yerine Flexjet'in filosunu ve di\u011fer \u00fc\u00e7\u00fcnc\u00fc taraf operat\u00f6rleri kullanmaktad\u0131r. FXAIR, Aviator Program\u0131 arac\u0131l\u0131\u011f\u0131yla m\u00fc\u015fterilerine talebin y\u00fcksek oldu\u011fu g\u00fcnlerde bile istedikleri u\u00e7aklara \u00f6ncelikli eri\u015fim sa\u011flar. FXAIR sistemindeki u\u00e7aklar, en y\u00fcksek g\u00fcvenlik gerekliliklerine uyan \u015firketler taraf\u0131ndan sa\u011flanmaktad\u0131r. <a href=\"https:\/\/www.faa.gov\/\" target=\"_blank\" rel=\"noopener\">FAA<\/a> y\u00f6nergeler.<\/p>\r\n\r\n\r\n\r\n<h2 class=\"wp-block-heading\"><span class=\"ez-toc-section\" id=\"Company_Membership_Program\"><\/span>\u015eirket \u00dcyelik Program\u0131<span class=\"ez-toc-section-end\"><\/span><\/h2>\r\n\r\n\r\n\r\n<p>FXAIR'in giri\u015f seviyesi \u00fcyelik program\u0131 olan Aviator Hesab\u0131, \u0130kinci Nesil Flexjet u\u00e7aklar\u0131na \u00f6ncelikli eri\u015fim sa\u011flar. Ayr\u0131ca, yo\u011fun seyahat g\u00fcnlerinde \u00f6ncelikli rezervasyon gibi, d\u00fczenli u\u00e7ucular i\u00e7in \u00f6zel olarak geli\u015ftirilen baz\u0131 \u00f6zel te\u015fviklerden ve f\u0131rsatlardan da yararlanabilirsiniz.&nbsp;<\/p>\r\n\r\n\r\n\r\n<p>Bu \u00fcyelik program\u0131n\u0131 etkinle\u015ftirmek i\u00e7in en az $100.000 yat\u0131r\u0131m yap\u0131lmas\u0131 gerekmektedir. Bir \u00fcye olarak, \u00fccretsiz ikram ve \u00fccretsiz yerel Wi-Fi'nin yan\u0131 s\u0131ra \u00fccretsiz buz \u00e7\u00f6zme ve mevcut oldu\u011funda \u00fccretsiz y\u00fckseltmelerden yararlanacaks\u0131n\u0131z. En az bir hafta \u00f6ncesinden rezervasyon yaparsan\u0131z, $32.000 sabit \u00fccret kar\u015f\u0131l\u0131\u011f\u0131nda s\u00fcper orta kabin bir u\u00e7akla Amerika Birle\u015fik Devletleri'nde u\u00e7abilirsiniz. Hesap bakiyenizin son kullanma tarihi yoktur ve \u00fcyelik \u00fccretlerini iade alabilirsiniz.<\/p>\r\n\r\n\r\n\r\n<h2 class=\"wp-block-heading\"><span class=\"ez-toc-section\" id=\"On-Demand_Charter_Flight\"><\/span>\u0130ste\u011fe Ba\u011fl\u0131 Charter U\u00e7u\u015fu<span class=\"ez-toc-section-end\"><\/span><\/h2>\r\n\r\n\r\n\r\n<p>Talep \u00fczerine kiralama hizmetleri, hafif, orta, s\u00fcper orta, a\u011f\u0131r ve ultra uzun menzilli jetler dahil olmak \u00fczere \u00e7ok \u00e7e\u015fitli \u00f6zel jetler sa\u011flar. FXAIR, yaln\u0131zca FXAIR arac\u0131l\u0131\u011f\u0131yla kiralanabilen, ancak Flexjet taraf\u0131ndan hizmet verilen ve i\u015fletilen ikinci nesil (emekli) Flexjet u\u00e7aklar\u0131na eri\u015fmenizi sa\u011flar.&nbsp;<\/p>\r\n\r\n\r\n\r\n<p>FXAIR ayr\u0131ca sayg\u0131n ve g\u00fcvenilir u\u00e7u\u015f operat\u00f6rlerinden 1.200'den fazla u\u00e7a\u011fa eri\u015fim sunmaktad\u0131r.&nbsp;<\/p>\r\n\r\n\r\n\r\n<h2 class=\"wp-block-heading\"><span class=\"ez-toc-section\" id=\"The_Fleet\"><\/span>Filo&nbsp;<span class=\"ez-toc-section-end\"><\/span><\/h2>\r\n\r\n\r\n\r\n<figure class=\"wp-block-image size-full is-style-default\"><img loading=\"lazy\" decoding=\"async\" width=\"1000\" height=\"664\" src=\"https:\/\/comparemyjet.com\/wp-content\/uploads\/2022\/08\/airplane.in_.clouds.jpg\" alt=\"\" class=\"wp-image-3185\" srcset=\"https:\/\/comparemyjet.com\/wp-content\/uploads\/2022\/08\/airplane.in_.clouds-18x12.jpg 18w, https:\/\/comparemyjet.com\/wp-content\/uploads\/2022\/08\/airplane.in_.clouds-300x199.jpg 300w, https:\/\/comparemyjet.com\/wp-content\/uploads\/2022\/08\/airplane.in_.clouds-768x510.jpg 768w, https:\/\/comparemyjet.com\/wp-content\/uploads\/2022\/08\/airplane.in_.clouds.jpg 1000w\" sizes=\"auto, (max-width: 1000px) 100vw, 1000px\" \/><\/figure>\r\n\r\n\r\n\r\n<p>Filolar\u0131 emekli Flexjet jetlerinden olu\u015fuyor ve bir ba\u015fka Directional firmas\u0131 olan Nextant Aerospace taraf\u0131ndan yenilenen Nextant 400XTi'yi de i\u00e7eriyor. <a href=\"https:\/\/comparemyjet.com\/tr\/bombardier\/\" data-internallinksmanager029f6b8e52c=\"159\" title=\"Bombardier \u00d6zel Jetleri ve U\u00e7aklar\u0131 \u0130\u00e7in Nihai Rehber\">Bombardier<\/a> Challenger 300'ler ve be\u015f Global Express u\u00e7a\u011f\u0131.&nbsp;<\/p>\r\n\r\n\r\n\r\n<h3 class=\"wp-block-heading\"><span class=\"ez-toc-section\" id=\"1_Light_Private_Jets\"><\/span>1. Hafif \u00d6zel Jetler<span class=\"ez-toc-section-end\"><\/span><\/h3>\r\n\r\n\r\n\r\n<p>Bu t\u00fcr u\u00e7aklar, yediden fazla yolcusu olmayan k\u0131sa i\u00e7 hat seyahatleri i\u00e7in idealdir. Hafif jetler, yerel havalimanlar\u0131na seyahat ederken h\u0131zl\u0131 ve etkilidir. Bunun da \u00f6tesinde, da\u011f tepeleri veya k\u00fc\u00e7\u00fck pistler gibi ula\u015f\u0131lmas\u0131 zor yerlere kolayca inebilirler.<\/p>\r\n\r\n\r\n\r\n<h4 class=\"wp-block-heading\"><span class=\"ez-toc-section\" id=\"Our_Recommendation_The_Nextant_400XT\"><\/span>Bizim Tavsiyemiz: Nextant 400XT<span class=\"ez-toc-section-end\"><\/span><\/h4>\r\n\r\n\r\n\r\n<p>Nextant 400XT, s\u0131n\u0131f\u0131ndaki di\u011fer t\u00fcm jetlerden daha h\u0131zl\u0131 olan en h\u0131zl\u0131 jetlerden biridir. Kabinin ergonomik tasar\u0131m\u0131, yolcu konforunu art\u0131rmak i\u00e7in alan\u0131 ve performans\u0131 en \u00fcst d\u00fczeye \u00e7\u0131kar\u0131r ve jetin kendisi iyi donan\u0131ml\u0131 ve y\u00f6netimi kolayd\u0131r.<\/p>\r\n\r\n\r\n\r\n<p>\u00d6zellikler:<\/p>\r\n\r\n\r\n\r\n<ul class=\"wp-block-list\"><li>Yolcu say\u0131s\u0131: 6-7;<\/li><li>Kabin y\u00fcksekli\u011fi: 4 ft 9 in\u00e7;<\/li><li>Kabin uzunlu\u011fu: 15 ft 6 in\u00e7;<\/li><li>Kabin geni\u015fli\u011fi: 4 ft 11 in\u00e7;<\/li><li>Maksimum menzil: 2005 nm;<\/li><li>Maksimum h\u0131z: 471 kts;<\/li><li>\u0130\u00e7 bagaj: 31 cu ft;<\/li><li>Harici bagaj: 25 cu ft.<\/li><\/ul>\r\n\r\n\r\n\r\n<p>FXAIR ayr\u0131ca \u015funlar\u0131 sunar <em>Citation CJ3, Citation V, Hawker 400XP, <a href=\"https:\/\/comparemyjet.com\/tr\/learjet\/\" data-internallinksmanager029f6b8e52c=\"149\" title=\"Learjet \u00d6zel Jetler ve U\u00e7aklar \u0130\u00e7in Nihai Rehber\">Learjet<\/a> 45 ve Phenom 300 <\/em>hafif jetler kategorisinde.<\/p>\r\n\r\n\r\n\r\n<h3 class=\"wp-block-heading\"><span class=\"ez-toc-section\" id=\"2_Midsize_Private_Jets\"><\/span>2. Orta Boy \u00d6zel Jetler<span class=\"ez-toc-section-end\"><\/span><\/h3>\r\n\r\n\r\n\r\n<p>Orta boy u\u00e7aklar, daha fazla menzil ve konfor sunduklar\u0131 i\u00e7in daha uzun ki\u015fisel veya i\u015f seyahatleri i\u00e7in idealdir. Geni\u015f bagaj alan\u0131 ve geli\u015ftirilmi\u015f kabin y\u00fcksekli\u011fi gibi \u00f6zellikleriyle bu jetler, daha fazla dayan\u0131kl\u0131l\u0131k gerektiren yolculuklar i\u00e7in idealdir.&nbsp;<\/p>\r\n\r\n\r\n\r\n<h4 class=\"wp-block-heading\"><span class=\"ez-toc-section\" id=\"Our_Recommendation_The_Citation_Excel\"><\/span>Bizim Tavsiyemiz: Citation Excel<span class=\"ez-toc-section-end\"><\/span><\/h4>\r\n\r\n\r\n\r\n<p>The Citation Excel di\u011fer t\u00fcm orta boy u\u00e7aklar i\u00e7in standart bir model g\u00f6revi g\u00f6r\u00fcr. Bol bagaj odas\u0131 olan geni\u015f bir kabine sahiptir. Konforu, verimlili\u011fi ve dayan\u0131kl\u0131l\u0131\u011f\u0131 nedeniyle orta mesafeli seyahatler i\u00e7in tercih edilen jettir. \u0130\u015f seyahatinde olanlar i\u00e7in harika bir se\u00e7im \u00e7\u00fcnk\u00fc g\u00f6ky\u00fcz\u00fc y\u00fcksekli\u011finde bir konferans alan\u0131 gibi i\u015flev g\u00f6r\u00fcyor.<\/p>\r\n\r\n\r\n\r\n<p>\u00d6zellikler:<\/p>\r\n\r\n\r\n\r\n<ul class=\"wp-block-list\"><li>Yolcu say\u0131s\u0131: 8;<\/li><li>Bagaj kapasitesi: 90 cu ft;<\/li><li>Kabin geni\u015fli\u011fi: 5 ft 5 in\u00e7;<\/li><li>Kabin y\u00fcksekli\u011fi: 5 ft 7 in\u00e7;<\/li><li>Kabin uzunlu\u011fu: 18 ft 6 in\u00e7;<\/li><li>U\u00e7u\u015f menzili: 4,5 saate kadar;<\/li><li>Seyir h\u0131z\u0131: 487 mph.<\/li><\/ul>\r\n\r\n\r\n\r\n<p>FXAIR filosunda ayr\u0131ca \u015funlar\u0131 da bulabilirsiniz <em>Hawker 800\/850\/900XP ve Learjet 55\/60 <\/em>orta boy jet kategorisinin bir par\u00e7as\u0131 olarak.<\/p>\r\n\r\n\r\n\r\n<h3 class=\"wp-block-heading\"><span class=\"ez-toc-section\" id=\"3_Super-Midsize_Private_Jets\"><\/span>3. S\u00fcper-Orta Boy \u00d6zel Jetler&nbsp;<span class=\"ez-toc-section-end\"><\/span><\/h3>\r\n\r\n\r\n\r\n<p>S\u00fcper orta boy jetler rahatl\u0131\u011f\u0131 ve esteti\u011fi bir araya getirir. Daha b\u00fcy\u00fck bir grupla u\u00e7uyorsan\u0131z veya \u00fclkeler aras\u0131 seyahat ediyorsan\u0131z, bu m\u00fckemmel u\u00e7ak s\u0131n\u0131f\u0131d\u0131r.<\/p>\r\n\r\n\r\n\r\n<h4 class=\"wp-block-heading\"><span class=\"ez-toc-section\" id=\"Our_Recommendation_The_Falcon_50\"><\/span>Bizim Tavsiyemiz: Falcon 50&nbsp;<span class=\"ez-toc-section-end\"><\/span><\/h4>\r\n\r\n\r\n\r\n<p>Geni\u015f bir kabin, sofistike deri d\u00f6\u015feme ve eksiksiz bir mikro mutfak ile Falcon 50, \u00e7ok daha b\u00fcy\u00fck bir jetin menziline ve zarafetine sahiptir ve seyahat memnuniyeti ve l\u00fcks sa\u011flar. Falcon50EX, daha fazla bagaj ta\u015f\u0131man\u0131z gerekti\u011finde orta s\u0131n\u0131f seyahatler i\u00e7in uygun b\u00fcy\u00fck bir u\u00e7akt\u0131r.<\/p>\r\n\r\n\r\n\r\n<p>\u00d6zellikler:<\/p>\r\n\r\n\r\n\r\n<ul class=\"wp-block-list\"><li>Yolcu say\u0131s\u0131: 9;<\/li><li>Bagaj kapasitesi: 115 cu ft;<\/li><li>Kabin uzunlu\u011fu: 23 ft 5 in\u00e7;<\/li><li>Kabin geni\u015fli\u011fi: 6 ft 1 in\u00e7;<\/li><li>Kabin y\u00fcksekli\u011fi: 5 ft 9 in\u00e7;<\/li><li>Maksimum seyir h\u0131z\u0131: 478 mph;<\/li><li>U\u00e7u\u015f mesafesi: 5 saatten fazla.<\/li><\/ul>\r\n\r\n\r\n\r\n<p>FXAIR'in s\u00fcper-orta boy jetlerden olu\u015fan filosunda \u015funlar\u0131 da bulabilirsiniz <em>Challenger 300\/350, Citation Sovereign, Citation X ve <a href=\"https:\/\/comparemyjet.com\/tr\/gulfstream\/\" data-internallinksmanager029f6b8e52c=\"175\" title=\"Gulfstream \u00d6zel Jetler ve U\u00e7aklar \u0130\u00e7in Nihai Rehber\">Gulfstream<\/a> G200<\/em>.<\/p>\r\n\r\n\r\n\r\n<h3 class=\"wp-block-heading\"><span class=\"ez-toc-section\" id=\"4_Large_Private_Jets\"><\/span>4. B\u00fcy\u00fck \u00d6zel Jetler<span class=\"ez-toc-section-end\"><\/span><\/h3>\r\n\r\n\r\n\r\n<p>B\u00fcy\u00fck jetler, k\u0131talararas\u0131 u\u00e7u\u015flar i\u00e7in en iyi \u00f6zel jet u\u00e7u\u015f deneyimini sa\u011flar. En fazla 15 ki\u015fiye kadar yeterli alan ve konfor sunduklar\u0131 i\u00e7in daha b\u00fcy\u00fck partileri ta\u015f\u0131yabilirler.<\/p>\r\n\r\n\r\n\r\n<h4 class=\"wp-block-heading\"><span class=\"ez-toc-section\" id=\"Our_Recommendation_The_Gulfstream_GIV\"><\/span>Bizim Tavsiyemiz: Gulfstream GIV<span class=\"ez-toc-section-end\"><\/span><\/h4>\r\n\r\n\r\n\r\n<p>Gulfstream jetlerinin sofistike, l\u00fcks ve g\u00fcvenli\u011fi iyi bilinmektedir, bu nedenle GIV'in \u00f6nde gelen bir yerel ve uluslararas\u0131 i\u015f jeti olarak \u00fcn kazanmas\u0131 \u015fa\u015f\u0131rt\u0131c\u0131 de\u011fildir. Ayr\u0131 ayr\u0131 uzanan sandalyeler, d\u00f6rt ki\u015filik bir toplant\u0131 masas\u0131 ve rahat bir kanepe dahildir. Kabinde alt\u0131 ki\u015fiye kadar konforlu yataklar bulunmaktad\u0131r.&nbsp;<\/p>\r\n\r\n\r\n\r\n<p>\u00d6zellikler:<\/p>\r\n\r\n\r\n\r\n<ul class=\"wp-block-list\"><li>Yolcular: 14 koltuk\/6 yatak;<\/li><li>U\u00e7u\u015f menzili: 3,880 nm;<\/li><li>Bagaj alan\u0131: 169 cu ft;<\/li><li>Kabin geni\u015fli\u011fi: 7 ft 3 in\u00e7;<\/li><li>Kabin uzunlu\u011fu: 45 ft 1 in\u00e7;<\/li><li>Kabin y\u00fcksekli\u011fi: 6 ft 2 in\u00e7;<\/li><li>Seyir h\u0131z\u0131: 548 mph.<\/li><\/ul>\r\n\r\n\r\n\r\n<p>FXAIR'in b\u00fcy\u00fck u\u00e7ak filosunda \u015funlar\u0131 da bulabilirsiniz <em>Challenger 601\/604, Falcon 900EX, Falcon 2000EX ve Gulfstream G450<\/em>.<\/p>\r\n\r\n\r\n\r\n<h3 class=\"wp-block-heading\"><span class=\"ez-toc-section\" id=\"5_Ultra-Long-Range_Private_Jets\"><\/span>5. Ultra Uzun Menzilli \u00d6zel Jetler<span class=\"ez-toc-section-end\"><\/span><\/h3>\r\n\r\n\r\n\r\n<p>L\u00fcks\u00fcn kuca\u011f\u0131nda uzun mesafeler kat etmek istedi\u011finizde ultra uzun menzilli bir u\u00e7ak en iyi alternatiftir. D\u00fcnya \u00e7ap\u0131nda u\u00e7u\u015flar i\u00e7in hi\u00e7bir \u015fey son derece uzun menzilli bir u\u00e7a\u011f\u0131n yerini tutamaz. Menzil, g\u00fc\u00e7 ve konfor gerektiren bir deniza\u015f\u0131r\u0131 seyahat planl\u0131yorsan\u0131z, \u00f6zellikle de 13 veya daha fazla yolcuyu kolayca a\u011f\u0131rlayabildikleri i\u00e7in daha b\u00fcy\u00fck bir partiyle u\u00e7man\u0131n yolu budur. Bu u\u00e7aklarda tam donan\u0131ml\u0131 mutfak, TV'ler, kral yataklar, lavabolar ve uyumak, yemek yemek, \u00e7al\u0131\u015fmak ve e\u011flenmek i\u00e7in ayr\u0131 yerler gibi olanaklar bulunmaktad\u0131r.<\/p>\r\n\r\n\r\n\r\n<h4 class=\"wp-block-heading\"><span class=\"ez-toc-section\" id=\"Our_Recommendation_Gulfstream_GV\"><\/span>Bizim Tavsiyemiz: Gulfstream GV<span class=\"ez-toc-section-end\"><\/span><\/h4>\r\n\r\n\r\n\r\n<p>Gulfstream GV, \u015firketin 1995 y\u0131l\u0131nda Gulfstream Aerospace taraf\u0131ndan \u00fcretilen ve 1998'de piyasaya s\u00fcr\u00fclen ilk ultra uzun menzilli i\u015f jetiydi. \u00dcretim 2002 y\u0131l\u0131nda sona erdi. GV'nin en dikkat \u00e7ekici \u00f6zelli\u011fi geni\u015f u\u00e7u\u015f menzili ve geli\u015fmi\u015f performans\u0131d\u0131r.&nbsp;<\/p>\r\n\r\n\r\n\r\n<p>\u00d6zellikler:<\/p>\r\n\r\n\r\n\r\n<ul class=\"wp-block-list\"><li>Yolcu say\u0131s\u0131: 12-16;<\/li><li>Kabin uzunlu\u011fu: 50 ft 1 in\u00e7;<\/li><li>Kabin geni\u015fli\u011fi: 7 ft 3 in\u00e7;<\/li><li>Kabin y\u00fcksekli\u011fi: 6 ft 1 in\u00e7;<\/li><li>Kabin hacmi: 1669 cu ft;<\/li><li>Maksimum h\u0131z: 585 mph;<\/li><li>U\u00e7u\u015f menzili: 7389 mil;<\/li><li>Bagaj hacmi: 226 cu ft;<\/li><li>M\u00fcrettebat: 5 ki\u015fiye kadar.<\/li><\/ul>\r\n\r\n\r\n\r\n<p>Ultra uzun menzilli jetlerden olu\u015fan FXAIR filosunda \u015funlar\u0131 da bulabilirsiniz<em> Global Express, Falcon 7X, Global 6000 ve Gulfstream G550\/G650<\/em>.<\/p>\r\n\r\n\r\n\r\n<h2 class=\"wp-block-heading\"><span class=\"ez-toc-section\" id=\"Company_Safety_Policy_and_Standards\"><\/span>\u015eirket G\u00fcvenlik Politikas\u0131 ve Standartlar\u0131<span class=\"ez-toc-section-end\"><\/span><\/h2>\r\n\r\n\r\n\r\n<p>FXAIR i\u00e7in ta\u015f\u0131mac\u0131l\u0131k yapan t\u00fcm operat\u00f6rler - her pilot ve jet dahil - g\u00fcvenli\u011finizi ve tam memnuniyetinizi sa\u011flamak i\u00e7in kapsaml\u0131 bir \u015fekilde kontrol edilir. FXAIR onayl\u0131 olabilmeleri i\u00e7in \u015firketin gereksinimlerini kar\u015f\u0131lamalar\u0131 gerekir.<\/p>\r\n\r\n\r\n\r\n<p>FXAIR onayl\u0131 olmak ne anlama geliyor? U\u00e7u\u015funuzdan \u00f6nce, uzman g\u00fcvenlik ekibi operat\u00f6r\u00fc, m\u00fcrettebat\u0131 ve u\u00e7a\u011f\u0131 kapsaml\u0131 bir \u015fekilde inceler ve yetkilendirir. <a href=\"https:\/\/www.faa.gov\/\" target=\"_blank\" rel=\"noopener\">FAA<\/a> ve <a href=\"https:\/\/www.ntsb.gov\/Pages\/home.aspx\" target=\"_blank\" rel=\"noopener\">NTSB<\/a> raporlar\u0131, pilot kay\u0131tlar\u0131 ve sertifikalar\u0131, u\u00e7u\u015f deneyimi, t\u0131bbi sertifikasyon, u\u00e7ak lisans durumu ve u\u00e7ak sigortas\u0131 her u\u00e7u\u015ftan \u00f6nce kontrol edilir.<\/p>\r\n\r\n\r\n\r\n<p>Her u\u00e7u\u015f kalk\u0131\u015ftan en az 24 saat \u00f6nce olas\u0131 hizmet veya g\u00fcvenlik endi\u015feleri a\u00e7\u0131s\u0131ndan g\u00f6zden ge\u00e7irilir. Komuta Merkezi t\u00fcm faaliyeti denetlemekten sorumludur. Bir kriter kar\u015f\u0131lanmazsa, u\u00e7u\u015f iptal edilir ve size t\u00fcm kriterleri kar\u015f\u0131layan ba\u015fka bir operat\u00f6r verilir.<\/p>\r\n\r\n\r\n\r\n<p>Ayr\u0131ca, yolcular\u0131n g\u00fcvenli\u011fini garanti alt\u0131na almak i\u00e7in, FXAIR a\u011f\u0131ndaki t\u00fcm u\u00e7ak operat\u00f6rlerinin titiz COVID-19 y\u00f6nergelerine uymalar\u0131 gerekmektedir.<\/p>\r\n\r\n\r\n\r\n<h2 class=\"wp-block-heading\"><span class=\"ez-toc-section\" id=\"Conclusion\"><\/span>Sonu\u00e7<span class=\"ez-toc-section-end\"><\/span><\/h2>\r\n\r\n\r\n\r\n<figure class=\"wp-block-image size-full is-style-default\"><img loading=\"lazy\" decoding=\"async\" width=\"1000\" height=\"667\" src=\"https:\/\/comparemyjet.com\/wp-content\/uploads\/2022\/07\/happy.woman_.listening.to_.music_.on_.a.private.jet_.jpg\" alt=\"FXAIR\" class=\"wp-image-3183\" srcset=\"https:\/\/comparemyjet.com\/wp-content\/uploads\/2022\/07\/happy.woman_.listening.to_.music_.on_.a.private.jet_-18x12.jpg 18w, https:\/\/comparemyjet.com\/wp-content\/uploads\/2022\/07\/happy.woman_.listening.to_.music_.on_.a.private.jet_-300x200.jpg 300w, https:\/\/comparemyjet.com\/wp-content\/uploads\/2022\/07\/happy.woman_.listening.to_.music_.on_.a.private.jet_-768x512.jpg 768w, https:\/\/comparemyjet.com\/wp-content\/uploads\/2022\/07\/happy.woman_.listening.to_.music_.on_.a.private.jet_.jpg 1000w\" sizes=\"auto, (max-width: 1000px) 100vw, 1000px\" \/><\/figure>\r\n\r\n\r\n\r\n<p>Yeni kurulmu\u015f olmas\u0131na ra\u011fmen, FXAIR k\u00f6kl\u00fc Directional Aviation ailesinden geliyor, bu nedenle onu y\u00f6neten insanlar havac\u0131l\u0131k end\u00fcstrisinde fazlas\u0131yla deneyime sahipler. \u0130ste\u011fe ba\u011fl\u0131 charter u\u00e7u\u015flar\u0131nda uzmanla\u015fan \u015firket, FXAIR onayl\u0131 ikinci nesil Flexjet u\u00e7aklar\u0131 sunuyor. Hafif, orta ve s\u00fcper orta, b\u00fcy\u00fck ve ultra uzun menzilli jetlerden olu\u015fan b\u00fcy\u00fck filolar\u0131ndan se\u00e7im yapabilirsiniz, bu da FXAIR'i iste\u011fe ba\u011fl\u0131 bir charter \u015firketi olarak de\u011ferli bir se\u00e7im haline getirir.<\/p>","protected":false},"excerpt":{"rendered":"<p>FXAIR, 2020 y\u0131l\u0131nda faaliyete ba\u015flayan nispeten yeni bir \u00f6zel charter \u015firketidir. \u015eirket o zamandan bu yana, k\u0131smen COVID-19 salg\u0131n\u0131yla birlikte \u00f6zel hava yolculu\u011funun artan pop\u00fclaritesi nedeniyle katlanarak b\u00fcy\u00fcd\u00fc. FXAIR, Ken Ricci taraf\u0131ndan kurulan ve Flexjet, Sentient Jet, PrivateFly, ... i\u00e7eren Directional Aviation \u015firketler ailesinin bir par\u00e7as\u0131d\u0131r.<\/p>","protected":false},"author":2,"featured_media":3184,"parent":0,"menu_order":0,"comment_status":"closed","ping_status":"closed","template":"","meta":{"_acf_changed":false,"_genesis_hide_title":false,"_genesis_hide_breadcrumbs":false,"_genesis_hide_singular_image":false,"_genesis_hide_footer_widgets":false,"_genesis_custom_body_class":"","_genesis_custom_post_class":"","_genesis_layout":"","footnotes":""},"class_list":{"1":"page","2":"type-page","6":"entry"},"acf":[],"_links":{"self":[{"href":"https:\/\/comparemyjet.com\/tr\/wp-json\/wp\/v2\/pages\/3182","targetHints":{"allow":["GET"]}}],"collection":[{"href":"https:\/\/comparemyjet.com\/tr\/wp-json\/wp\/v2\/pages"}],"about":[{"href":"https:\/\/comparemyjet.com\/tr\/wp-json\/wp\/v2\/types\/page"}],"author":[{"embeddable":true,"href":"https:\/\/comparemyjet.com\/tr\/wp-json\/wp\/v2\/users\/2"}],"replies":[{"embeddable":true,"href":"https:\/\/comparemyjet.com\/tr\/wp-json\/wp\/v2\/comments?post=3182"}],"version-history":[{"count":2,"href":"https:\/\/comparemyjet.com\/tr\/wp-json\/wp\/v2\/pages\/3182\/revisions"}],"predecessor-version":[{"id":3448,"href":"https:\/\/comparemyjet.com\/tr\/wp-json\/wp\/v2\/pages\/3182\/revisions\/3448"}],"wp:featuredmedia":[{"embeddable":true,"href":"https:\/\/comparemyjet.com\/tr\/wp-json\/wp\/v2\/media\/3184"}],"wp:attachment":[{"href":"https:\/\/comparemyjet.com\/tr\/wp-json\/wp\/v2\/media?parent=3182"}],"curies":[{"name":"wp","href":"https:\/\/api.w.org\/{rel}","templated":true}]}}