{"id":3187,"date":"2022-08-04T21:07:44","date_gmt":"2022-08-04T21:07:44","guid":{"rendered":"https:\/\/comparemyjet.com\/?page_id=3187"},"modified":"2025-09-04T09:59:34","modified_gmt":"2025-09-04T09:59:34","slug":"northern-jet-management","status":"publish","type":"page","link":"https:\/\/comparemyjet.com\/tr\/northern-jet-management\/","title":{"rendered":"Kuzey Jet Y\u00f6netimi"},"content":{"rendered":"<p>Elit jet seyahat sa\u011flay\u0131c\u0131s\u0131 Northern Jet Management, tam <a href=\"https:\/\/comparemyjet.com\/tr\/what-are-some-aircraft-management-companies\/\" data-internallinksmanager029f6b8e52c=\"21\" title=\"U\u00e7ak Y\u00f6netim Hizmetleri &amp; \u015eirketleri\">u\u00e7ak y\u00f6netimi<\/a>ortak m\u00fclkiyet program\u0131, iste\u011fe ba\u011fl\u0131 kiralamalar ve hem \u015firketlere hem de bireylere u\u00e7ak al\u0131m ve sat\u0131m\u0131. ABD, Karayipler, Meksika ve Kanada'da 3.400'den fazla noktaya u\u00e7maktad\u0131rlar.<\/p>\r\n\r\n\r\n\r\n<p>Sunduklar\u0131n\u0131 daha ayr\u0131nt\u0131l\u0131 olarak inceleyelim, ancak \u00f6nce \u015firketin nas\u0131l ortaya \u00e7\u0131kt\u0131\u011f\u0131na dair k\u0131sa bir genel bak\u0131\u015f.<\/p>\r\n\r\n\r\n\r\n<div id=\"ez-toc-container\" class=\"ez-toc-v2_0_76 counter-hierarchy ez-toc-counter ez-toc-grey ez-toc-container-direction\">\n<p class=\"ez-toc-title\" style=\"cursor:inherit\">Konular<\/p>\n<label for=\"ez-toc-cssicon-toggle-item-69db9fb7884bb\" class=\"ez-toc-cssicon-toggle-label\"><span class=\"\"><span class=\"eztoc-hide\" style=\"display:none;\">Ge\u00e7i\u015f<\/span><span class=\"ez-toc-icon-toggle-span\"><svg style=\"fill: #999;color:#999\" xmlns=\"http:\/\/www.w3.org\/2000\/svg\" class=\"list-377408\" width=\"20px\" height=\"20px\" viewbox=\"0 0 24 24\" fill=\"none\"><path d=\"M6 6H4v2h2V6zm14 0H8v2h12V6zM4 11h2v2H4v-2zm16 0H8v2h12v-2zM4 16h2v2H4v-2zm16 0H8v2h12v-2z\" fill=\"currentColor\"><\/path><\/svg><svg style=\"fill: #999;color:#999\" class=\"arrow-unsorted-368013\" xmlns=\"http:\/\/www.w3.org\/2000\/svg\" width=\"10px\" height=\"10px\" viewbox=\"0 0 24 24\" version=\"1.2\" baseprofile=\"tiny\"><path d=\"M18.2 9.3l-6.2-6.3-6.2 6.3c-.2.2-.3.4-.3.7s.1.5.3.7c.2.2.4.3.7.3h11c.3 0 .5-.1.7-.3.2-.2.3-.5.3-.7s-.1-.5-.3-.7zM5.8 14.7l6.2 6.3 6.2-6.3c.2-.2.3-.5.3-.7s-.1-.5-.3-.7c-.2-.2-.4-.3-.7-.3h-11c-.3 0-.5.1-.7.3-.2.2-.3.5-.3.7s.1.5.3.7z\"\/><\/svg><\/span><\/span><\/label><input type=\"checkbox\"  id=\"ez-toc-cssicon-toggle-item-69db9fb7884bb\" checked aria-label=\"Ge\u00e7i\u015f\" \/><nav><ul class='ez-toc-list ez-toc-list-level-1' ><li class='ez-toc-page-1 ez-toc-heading-level-2'><a class=\"ez-toc-link ez-toc-heading-1\" href=\"https:\/\/comparemyjet.com\/tr\/northern-jet-management\/#About_the_Company\" >\u015eirket Hakk\u0131nda&nbsp;<\/a><\/li><li class='ez-toc-page-1 ez-toc-heading-level-2'><a class=\"ez-toc-link ez-toc-heading-2\" href=\"https:\/\/comparemyjet.com\/tr\/northern-jet-management\/#Ways_to_Fly\" >U\u00e7man\u0131n Yollar\u0131<\/a><ul class='ez-toc-list-level-3' ><li class='ez-toc-heading-level-3'><a class=\"ez-toc-link ez-toc-heading-3\" href=\"https:\/\/comparemyjet.com\/tr\/northern-jet-management\/#Jet_Management\" >Jet Y\u00f6netimi<\/a><\/li><li class='ez-toc-page-1 ez-toc-heading-level-3'><a class=\"ez-toc-link ez-toc-heading-4\" href=\"https:\/\/comparemyjet.com\/tr\/northern-jet-management\/#Company_Card_Program\" >\u015eirket Kart\u0131 Program\u0131<\/a><\/li><li class='ez-toc-page-1 ez-toc-heading-level-3'><a class=\"ez-toc-link ez-toc-heading-5\" href=\"https:\/\/comparemyjet.com\/tr\/northern-jet-management\/#Fractional_Jet_Ownership_Program\" >K\u0131smi Jet Sahipli\u011fi Program\u0131<\/a><\/li><li class='ez-toc-page-1 ez-toc-heading-level-3'><a class=\"ez-toc-link ez-toc-heading-6\" href=\"https:\/\/comparemyjet.com\/tr\/northern-jet-management\/#Empty_Leg_Flights\" >Bo\u015f Bacak U\u00e7u\u015flar\u0131<\/a><\/li><li class='ez-toc-page-1 ez-toc-heading-level-3'><a class=\"ez-toc-link ez-toc-heading-7\" href=\"https:\/\/comparemyjet.com\/tr\/northern-jet-management\/#Acquiring_or_Selling_an_Aircraft\" >Bir Hava Arac\u0131 Sat\u0131n Alma veya Satma<\/a><\/li><\/ul><\/li><li class='ez-toc-page-1 ez-toc-heading-level-2'><a class=\"ez-toc-link ez-toc-heading-8\" href=\"https:\/\/comparemyjet.com\/tr\/northern-jet-management\/#Pricing\" >Fiyatland\u0131rma<\/a><\/li><li class='ez-toc-page-1 ez-toc-heading-level-2'><a class=\"ez-toc-link ez-toc-heading-9\" href=\"https:\/\/comparemyjet.com\/tr\/northern-jet-management\/#The_Fleet\" >Filo&nbsp;<\/a><ul class='ez-toc-list-level-3' ><li class='ez-toc-heading-level-3'><a class=\"ez-toc-link ez-toc-heading-10\" href=\"https:\/\/comparemyjet.com\/tr\/northern-jet-management\/#1_Midsize_Private_Jets\" >1. Orta Boy \u00d6zel Jetler<\/a><ul class='ez-toc-list-level-4' ><li class='ez-toc-heading-level-4'><a class=\"ez-toc-link ez-toc-heading-11\" href=\"https:\/\/comparemyjet.com\/tr\/northern-jet-management\/#Our_Recommendation_Learjet_40\" >Bizim Tavsiyemiz: Learjet 40<\/a><\/li><\/ul><\/li><li class='ez-toc-page-1 ez-toc-heading-level-3'><a class=\"ez-toc-link ez-toc-heading-12\" href=\"https:\/\/comparemyjet.com\/tr\/northern-jet-management\/#2_Super-Midsize_Private_Jets\" >2. S\u00fcper-Orta Boy \u00d6zel Jetler&nbsp;<\/a><ul class='ez-toc-list-level-4' ><li class='ez-toc-heading-level-4'><a class=\"ez-toc-link ez-toc-heading-13\" href=\"https:\/\/comparemyjet.com\/tr\/northern-jet-management\/#Our_Recommendation_Cessna_Citation_Sovereign\" >Bizim Tavsiyemiz: Cessna Citation Sovereign<\/a><\/li><\/ul><\/li><\/ul><\/li><li class='ez-toc-page-1 ez-toc-heading-level-2'><a class=\"ez-toc-link ez-toc-heading-14\" href=\"https:\/\/comparemyjet.com\/tr\/northern-jet-management\/#Company_Safety_Policy_and_Standards\" >\u015eirket G\u00fcvenlik Politikas\u0131 ve Standartlar\u0131<\/a><\/li><li class='ez-toc-page-1 ez-toc-heading-level-2'><a class=\"ez-toc-link ez-toc-heading-15\" href=\"https:\/\/comparemyjet.com\/tr\/northern-jet-management\/#The_Staff\" >Personel<\/a><\/li><li class='ez-toc-page-1 ez-toc-heading-level-2'><a class=\"ez-toc-link ez-toc-heading-16\" href=\"https:\/\/comparemyjet.com\/tr\/northern-jet-management\/#Conclusion\" >Sonu\u00e7<\/a><\/li><\/ul><\/nav><\/div>\n<h2 class=\"wp-block-heading\"><span class=\"ez-toc-section\" id=\"About_the_Company\"><\/span>\u015eirket Hakk\u0131nda&nbsp;<span class=\"ez-toc-section-end\"><\/span><\/h2>\r\n\r\n\r\n\r\n<p>Northern Jet Management, 1995 y\u0131l\u0131nda kurulan ve Charles Cox'un CEO olarak g\u00f6rev yapt\u0131\u011f\u0131 \u00f6zel bir \u015firkettir.&nbsp;<\/p>\r\n\r\n\r\n\r\n<p>Ana ofisleri Michigan'da, Grand Rapids'tedir ve burada tam operasyonel bir \u00fcsleri vard\u0131r. <a href=\"https:\/\/comparemyjet.com\/tr\/private-tours\/naples-private-tours\/\" data-internallinksmanager029f6b8e52c=\"299\" title=\"$90.53&#039;ten En \u0130yi 11 Napoli \u00d6zel Turu\">Napoli<\/a>, Florida.&nbsp;<\/p>\r\n\r\n\r\n\r\n<h2 class=\"wp-block-heading\"><span class=\"ez-toc-section\" id=\"Ways_to_Fly\"><\/span>U\u00e7man\u0131n Yollar\u0131<span class=\"ez-toc-section-end\"><\/span><\/h2>\r\n\r\n\r\n\r\n<p>Havac\u0131l\u0131k taleplerinizi kar\u015f\u0131lamak i\u00e7in Northern Jet Management, Private Advantage Card olarak bilinen her \u015fey dahil \u00f6zel u\u00e7ak kart\u0131 program\u0131ndan eksiksiz u\u00e7ak y\u00f6netimi ve sat\u0131n alma, kiralama ve dan\u0131\u015fmanl\u0131\u011fa kadar bir dizi uzman \u00e7\u00f6z\u00fcm sunar.<\/p>\r\n\r\n\r\n\r\n<h3 class=\"wp-block-heading\"><span class=\"ez-toc-section\" id=\"Jet_Management\"><\/span>Jet Y\u00f6netimi<span class=\"ez-toc-section-end\"><\/span><\/h3>\r\n\r\n\r\n\r\n<p>Northern Jets'in <a href=\"https:\/\/northernjet.net\/programs\/aircraft-management\/\" target=\"_blank\" rel=\"noopener\">y\u00f6neti\u0307m \u00e7\u00f6z\u00fcmleri\u0307<\/a>\u0130htiya\u00e7lar\u0131n\u0131za g\u00f6re y\u0131l\u0131n 365 g\u00fcn\u00fc kara ta\u015f\u0131mac\u0131l\u0131\u011f\u0131, \u00f6zel istekler ve planlama personeli hizmetinize sunulacakt\u0131r. Muhasebe personeli harcamalar\u0131 dikkatle izler ve faaliyetler, maliyetler, bak\u0131m ve di\u011fer giderler hakk\u0131nda ayl\u0131k raporlar olu\u015fturur, b\u00f6ylece u\u00e7a\u011f\u0131n\u0131zla ilgili her t\u00fcrl\u00fc faaliyet hakk\u0131nda her zaman bilgi sahibi olursunuz.<\/p>\r\n\r\n\r\n\r\n<p>Northern Jet filosundaki her u\u00e7akta son derece yetenekli bir u\u00e7u\u015f ekibi bulunur ve her pilotun u\u00e7tu\u011fu u\u00e7ak i\u00e7in tip yetkisi vard\u0131r. Ayr\u0131ca, t\u00fcm \u00e7al\u0131\u015fanlar 10 y\u0131ll\u0131k <a href=\"https:\/\/www.fbi.gov\/about\" target=\"_blank\" rel=\"noopener\">FBI<\/a> \u0130\u015fe al\u0131m s\u00fcrecinin bir par\u00e7as\u0131 olarak ge\u00e7mi\u015f kontrolleri.<\/p>\r\n\r\n\r\n\r\n<h3 class=\"wp-block-heading\"><span class=\"ez-toc-section\" id=\"Company_Card_Program\"><\/span>\u015eirket Kart\u0131 Program\u0131<span class=\"ez-toc-section-end\"><\/span><\/h3>\r\n\r\n\r\n\r\n<p>Bu <a href=\"https:\/\/northernjet.net\/programs\/jet-card\/\" target=\"_blank\" rel=\"noopener\"><strong>\u00d6zel Avantaj Kart\u0131<\/strong><\/a> Northern Jet Management taraf\u0131ndan sunulan 25 saatlik kart, Ortabat\u0131 ile Florida aras\u0131ndaki tek y\u00f6nl\u00fc u\u00e7u\u015flarda tatil ama\u00e7l\u0131 seyahat edenlere y\u00f6neliktir. \u015eirket taraf\u0131ndan y\u00f6netilen <a href=\"https:\/\/comparemyjet.com\/tr\/learjet\/\" data-internallinksmanager029f6b8e52c=\"149\" title=\"Learjet \u00d6zel Jetler ve U\u00e7aklar \u0130\u00e7in Nihai Rehber\">Learjet<\/a> Programda 40XR'ler yer al\u0131yor ve kart sahiplerinin Learjet 70'i se\u00e7me se\u00e7ene\u011fi de var.&nbsp;<\/p>\r\n\r\n\r\n\r\n<p>B\u00f6lgenin 180 mil i\u00e7inde yeniden konumland\u0131rma maliyeti yoktur.&nbsp;<\/p>\r\n\r\n\r\n\r\n<ul class=\"wp-block-list\"><li>Grand Rapids;<\/li><li>Naples, Florida;<\/li><li><a href=\"https:\/\/comparemyjet.com\/tr\/private-jet-charters-to-chicago\/\" data-internallinksmanager029f6b8e52c=\"170\" title=\"\u015eikago&#039;ya \u00d6zel Jet Kiralama\">Chicago<\/a>, Illinois;<\/li><li>ve Michigan.&nbsp;<\/li><\/ul>\r\n\r\n\r\n\r\n<p>Her \u015fey dahil saatlik \u00fccret ve en az 24 saat \u00f6nceden haber verme s\u00fcresi bu kartla gelen di\u011fer avantajlardan baz\u0131lar\u0131d\u0131r. Midwest merkezli kart sahipleri i\u00e7in ise kullan\u0131lamayan tarihler ve ta\u015f\u0131nma masraflar\u0131 yoktur.<\/p>\r\n\r\n\r\n\r\n<h3 class=\"wp-block-heading\"><span class=\"ez-toc-section\" id=\"Fractional_Jet_Ownership_Program\"><\/span>K\u0131smi Jet Sahipli\u011fi Program\u0131<span class=\"ez-toc-section-end\"><\/span><\/h3>\r\n\r\n\r\n\r\n<p>Bu <a href=\"https:\/\/northernjet.net\/programs\/fractional-jet-ownership\/\" target=\"_blank\" rel=\"noopener\"><strong>\u015eirket Jet<\/strong><\/a> bir <a href=\"https:\/\/comparemyjet.com\/tr\/how-does-fractional-jet-ownership-work\/\" data-internallinksmanager029f6b8e52c=\"20\" title=\"K\u0131smi Jet Sahipli\u011fi Nas\u0131l \u00c7al\u0131\u015f\u0131r?\">kismi\u0307 jet sahi\u0307pli\u0307\u011fi\u0307<\/a> i\u015f seyahati yapanlar\u0131n ihtiya\u00e7lar\u0131 i\u00e7in \u00f6zel olarak olu\u015fturulmu\u015f bir programd\u0131r. Company Jet ortak m\u00fclkiyet konseptinin tek hedef kitlesi i\u015f seyahatinde olanlar ve \u015firketlerdir.<\/p>\r\n\r\n\r\n\r\n<p>\u00dcyeler, y\u00f6netim ve operasyonlarla ilgili endi\u015felerin yan\u0131 s\u0131ra uzman bir ekibin tam deste\u011fiyle \u00f6zel bir u\u00e7a\u011fa sahip olman\u0131n nas\u0131l bir \u015fey oldu\u011funun tad\u0131na var\u0131rlar. Bir s\u00f6zle\u015fme imzalamak be\u015f y\u0131ll\u0131k bir taahh\u00fctle birlikte gelir ve en az 12 saat \u00f6nceden bildirimde bulunarak eri\u015filebilirlik sa\u011flan\u0131r. Konsiyerj hizmetleri g\u00fcn\u00fcn her saati mevcuttur ve sekt\u00f6r uzmanlar\u0131ndan olu\u015fan bir ekip finans, muhasebe ve havac\u0131l\u0131k mevzuat\u0131 konular\u0131nda kolayl\u0131k ve destek sa\u011flayacakt\u0131r.<\/p>\r\n\r\n\r\n\r\n<h3 class=\"wp-block-heading\"><span class=\"ez-toc-section\" id=\"Empty_Leg_Flights\"><\/span>Bo\u015f Bacak U\u00e7u\u015flar\u0131<span class=\"ez-toc-section-end\"><\/span><\/h3>\r\n\r\n\r\n\r\n<p>\u015eirket, kendi <a href=\"https:\/\/comparemyjet.com\/tr\/how-to-book-empty-leg-flights\/\" data-internallinksmanager029f6b8e52c=\"24\" title=\"Bo\u015f Bacak U\u00e7u\u015flar\u0131 Nas\u0131l Rezervasyon Yap\u0131l\u0131r\">bo\u015f bacak u\u00e7u\u015flar\u0131<\/a> \"<a href=\"https:\/\/northernjet.net\/flight-opportunities\/\" target=\"_blank\" rel=\"noopener\">u\u00e7u\u015f firsatlari<\/a>\". Bu u\u00e7u\u015flar\u0131n ger\u00e7ek bir av oldu\u011fu d\u00fc\u015f\u00fcn\u00fcld\u00fc\u011f\u00fcnde olduk\u00e7a uygun bir isim. Herkes e-posta hesab\u0131na bo\u015f bacak u\u00e7u\u015flar\u0131n\u0131 almak ve takip etmek i\u00e7in abone olabilir ve maliyetin \u00e7ok alt\u0131nda bir fiyata var\u0131\u015f noktalar\u0131ndan birine u\u00e7ma f\u0131rsat\u0131n\u0131 yakalayabilir.&nbsp;<\/p>\r\n\r\n\r\n\r\n<h3 class=\"wp-block-heading\"><span class=\"ez-toc-section\" id=\"Acquiring_or_Selling_an_Aircraft\"><\/span>Bir Hava Arac\u0131 Sat\u0131n Alma veya Satma<span class=\"ez-toc-section-end\"><\/span><\/h3>\r\n\r\n\r\n\r\n<p>Northern Jet'e kat\u0131lmak, m\u00fc\u015fterilerinin ihtiya\u00e7lar\u0131na g\u00f6re uyarlanm\u0131\u015f en iyi u\u00e7ak se\u00e7eneklerini belirlemek i\u00e7in onlarca y\u0131ll\u0131k uzmanl\u0131\u011fa ve ba\u011flant\u0131lara sahip profesyonel ekibine tam eri\u015fime sahip olmak anlam\u0131na gelir <a href=\"https:\/\/northernjet.net\/programs\/aircraft-acquisition-sales-brokerage\/\" target=\"_blank\" rel=\"noopener\">yeni veya kullan\u0131lm\u0131\u015f bir hava arac\u0131 sat\u0131n almak veya satmak<\/a>.<\/p>\r\n\r\n\r\n\r\n<h2 class=\"wp-block-heading\"><span class=\"ez-toc-section\" id=\"Pricing\"><\/span>Fiyatland\u0131rma<span class=\"ez-toc-section-end\"><\/span><\/h2>\r\n\r\n\r\n\r\n<figure class=\"wp-block-image size-full is-style-default\"><img loading=\"lazy\" decoding=\"async\" width=\"1000\" height=\"667\" src=\"https:\/\/comparemyjet.com\/wp-content\/uploads\/2022\/06\/woman.in_.blue_.dress_.enjoying.view_.from_.private.jet_.jpg\" alt=\"\" class=\"wp-image-2997\" srcset=\"https:\/\/comparemyjet.com\/wp-content\/uploads\/2022\/06\/woman.in_.blue_.dress_.enjoying.view_.from_.private.jet_-18x12.jpg 18w, https:\/\/comparemyjet.com\/wp-content\/uploads\/2022\/06\/woman.in_.blue_.dress_.enjoying.view_.from_.private.jet_-300x200.jpg 300w, https:\/\/comparemyjet.com\/wp-content\/uploads\/2022\/06\/woman.in_.blue_.dress_.enjoying.view_.from_.private.jet_-768x512.jpg 768w, https:\/\/comparemyjet.com\/wp-content\/uploads\/2022\/06\/woman.in_.blue_.dress_.enjoying.view_.from_.private.jet_.jpg 1000w\" sizes=\"auto, (max-width: 1000px) 100vw, 1000px\" \/><\/figure>\r\n\r\n\r\n\r\n<p>Northern Jet Management, uygun fiyatlar\u0131, en y\u00fcksek g\u00fcvenlik standartlar\u0131na ba\u011fl\u0131l\u0131\u011f\u0131 ve m\u00fc\u015fterilerinin ihtiya\u00e7lar\u0131na g\u00f6sterdi\u011fi \u00f6zenle \u00fcnl\u00fcd\u00fcr.<\/p>\r\n\r\n\r\n\r\n<p>Northern Jet Management'\u0131n Private Advantage Card'\u0131na sahip olmak i\u00e7in $165,000'den biraz daha az bir ba\u015flang\u0131\u00e7 \u00fccretinin \u00f6denmesi gerekmektedir.&nbsp;<\/p>\r\n\r\n\r\n\r\n<p>\u015eirketin web sitesinde listelenen bo\u015f bacak u\u00e7u\u015flar\u0131n\u0131 takip eden ve avantaj elde eden u\u00e7ucular, standart saat ba\u015f\u0131 fiyatland\u0131rmadan $1,000 tasarruf ediyor.<\/p>\r\n\r\n\r\n\r\n<h2 class=\"wp-block-heading\"><span class=\"ez-toc-section\" id=\"The_Fleet\"><\/span>Filo&nbsp;<span class=\"ez-toc-section-end\"><\/span><\/h2>\r\n\r\n\r\n\r\n<p>Northern Jet Management'\u0131n 20 u\u00e7aktan olu\u015fan filosundaki her bir jet, deneyimli havac\u0131l\u0131k profesyonelleri taraf\u0131ndan idare edilmektedir. T\u00fcm modeller yeni ve modern olup, orta ve s\u00fcper orta boy jetler birincil ve bask\u0131n u\u00e7ak kategorisidir.&nbsp;<\/p>\r\n\r\n\r\n\r\n<h3 class=\"wp-block-heading\"><span class=\"ez-toc-section\" id=\"1_Midsize_Private_Jets\"><\/span>1. Orta Boy \u00d6zel Jetler<span class=\"ez-toc-section-end\"><\/span><\/h3>\r\n\r\n\r\n\r\n<p>Hem ki\u015fisel hem de kurumsal seyahatler i\u00e7in, orta b\u00fcy\u00fckl\u00fckte bir u\u00e7ak kiralamak size konforlu, uzun menzilli bir u\u00e7u\u015f sa\u011flayacakt\u0131r. Orta b\u00fcy\u00fckl\u00fckteki u\u00e7ak, geni\u015f kabinleri, yeterli bagaj alan\u0131 ve birinci s\u0131n\u0131f olanaklar\u0131 nedeniyle i\u015f ve tatil ama\u00e7l\u0131 yolcular aras\u0131nda pop\u00fclerdir.<\/p>\r\n\r\n\r\n\r\n<h4 class=\"wp-block-heading\"><span class=\"ez-toc-section\" id=\"Our_Recommendation_Learjet_40\"><\/span>Bizim Tavsiyemiz: Learjet 40<span class=\"ez-toc-section-end\"><\/span><\/h4>\r\n\r\n\r\n\r\n<p>Learjet 40 taraf\u0131ndan \u00fcretilen k\u00fc\u00e7\u00fck bir i\u015f u\u00e7a\u011f\u0131d\u0131r <a href=\"https:\/\/comparemyjet.com\/tr\/bombardier\/\" data-internallinksmanager029f6b8e52c=\"159\" title=\"Bombardier \u00d6zel Jetleri ve U\u00e7aklar\u0131 \u0130\u00e7in Nihai Rehber\">Bombardier<\/a> Learjet. \u0130ki motorla \u00e7al\u0131\u015f\u0131r, i\u00e7 mekan\u0131 rakiplerinden daha b\u00fcy\u00fckt\u00fcr ve tasar\u0131m\u0131 gelecekteki modeller i\u00e7in ilham kayna\u011f\u0131 olmu\u015ftur. Bununla birlikte, g\u00f6vde daha k\u0131sad\u0131r ve yak\u0131t deposu Learjet 45'ten daha k\u00fc\u00e7\u00fckt\u00fcr.&nbsp;<\/p>\r\n\r\n\r\n\r\n<p>\u00d6zellikler:<\/p>\r\n\r\n\r\n\r\n<ul class=\"wp-block-list\"><li>Yolcu say\u0131s\u0131: 7;<\/li><li>D\u0131\u015f y\u00fckseklik: 14 ft 2 in\u00e7;<\/li><li>Tam uzunluk: 55 ft 5 in\u00e7;<\/li><li>Kanat a\u00e7\u0131kl\u0131\u011f\u0131: 47 ft 9 in\u00e7;<\/li><li>Kabin geni\u015fli\u011fi: 5 ft 1 in\u00e7;<\/li><li>Kabin y\u00fcksekli\u011fi: 4 ft 11 in\u00e7;<\/li><li>Kabin uzunlu\u011fu: 17 ft 8 in\u00e7;<\/li><li>Maksimum u\u00e7u\u015f menzili: 1707 nm;<\/li><li>Maksimum seyir h\u0131z\u0131: 465 kts;<\/li><li>Harici bagaj alan\u0131: 50 cu ft;<\/li><li>\u0130\u00e7 bagaj alan\u0131: 15 cu ft;<\/li><li>M\u00fcrettebat: 2.<\/li><\/ul>\r\n\r\n\r\n\r\n<p>Northern Jet Management, orta \u00f6l\u00e7ekli \u00f6zel jet katalo\u011funda a\u015fa\u011f\u0131dakiler dahil verimli ve uygun fiyatl\u0131 u\u00e7aklar sunar <em>Bombardier 45 Serisi<\/em>, <em><a href=\"https:\/\/comparemyjet.com\/tr\/gulfstream\/\" data-internallinksmanager029f6b8e52c=\"175\" title=\"Gulfstream \u00d6zel Jetler ve U\u00e7aklar \u0130\u00e7in Nihai Rehber\">Gulfstream<\/a> G150<\/em>, <em>Learjet 70\/75<\/em>, <em>Learjet 45XR<\/em>ve bizim \u00f6nerdi\u011fimiz model, <em>Learjet 40<\/em>.<\/p>\r\n\r\n\r\n\r\n<h3 class=\"wp-block-heading\"><span class=\"ez-toc-section\" id=\"2_Super-Midsize_Private_Jets\"><\/span>2. S\u00fcper-Orta Boy \u00d6zel Jetler&nbsp;<span class=\"ez-toc-section-end\"><\/span><\/h3>\r\n\r\n\r\n\r\n<p>S\u00fcper orta boy kategorisindeki jetler 6 saate kadar u\u00e7abilir, bu da bir \u00f6nceki kategoriden 2 saat daha fazlad\u0131r ve onlar\u0131 \u00fclkeler aras\u0131 u\u00e7u\u015flar i\u00e7in ideal hale getirir. U\u00e7ucular, daha fazla bagaj alan\u0131 da dahil olmak \u00fczere geni\u015f kabinlere ve birinci s\u0131n\u0131f olanaklara eri\u015febilirler.<\/p>\r\n\r\n\r\n\r\n<h4 class=\"wp-block-heading\"><span class=\"ez-toc-section\" id=\"Our_Recommendation_Cessna_Citation_Sovereign\"><\/span>Bizim Tavsiyemiz: Cessna Citation Sovereign<span class=\"ez-toc-section-end\"><\/span><\/h4>\r\n\r\n\r\n\r\n<p>Sovereign, Amerikal\u0131 bir \u00fcretici taraf\u0131ndan \u00fcretildi - <a href=\"https:\/\/comparemyjet.com\/tr\/cessna\/\" data-internallinksmanager029f6b8e52c=\"145\" title=\"Cessna \u00d6zel Jetler ve U\u00e7aklar \u0130\u00e7in Nihai Rehber\">Cessna<\/a>k\u0131talararas\u0131 bir u\u00e7akt\u0131r. Citation Sovereign'\u0131n tasar\u0131m \u00f6zellikleri aras\u0131nda uzun bir g\u00f6vde, yeniden tasarlanm\u0131\u015f kanatlar, d\u00f6rt LCD panelli cam kokpit ekipman\u0131 ve iki motor bulunmaktad\u0131r.&nbsp;<\/p>\r\n\r\n\r\n\r\n<p>\u00d6zellikler:&nbsp;<\/p>\r\n\r\n\r\n\r\n<ul class=\"wp-block-list\"><li>Yolcu say\u0131s\u0131: 9;<\/li><li>D\u0131\u015f y\u00fckseklik: 20 ft 4 in\u00e7;<\/li><li>Tam uzunluk: 63 ft 6 in\u00e7;<\/li><li>Kanat a\u00e7\u0131kl\u0131\u011f\u0131: 63 ft 4 in\u00e7;<\/li><li>Kabin geni\u015fli\u011fi: 5 ft 6 in\u00e7;<\/li><li>Kabin y\u00fcksekli\u011fi: 5 ft 8 in\u00e7;<\/li><li>Kabin uzunlu\u011fu: 25 ft 3 in\u00e7;<\/li><li>Maksimum u\u00e7u\u015f menzili: 3010 nm;<\/li><li>Maksimum seyir h\u0131z\u0131: 459 kts;<\/li><li>M\u00fcrettebat: 2;<\/li><li>\u0130\u00e7 bagaj alan\u0131: 35 cu ft;<\/li><li>Harici bagaj alan\u0131: 100 cu ft.<\/li><\/ul>\r\n\r\n\r\n\r\n<p>Northern Jet Management, s\u00fcper orta boy \u00f6zel jet katalo\u011funda iki g\u00fcvenli ve verimli u\u00e7ak sunuyor <em>Challenger 300<\/em> ve bizim \u00f6nerdi\u011fimiz model <em>Cessna Citation Sovereign<\/em>.<\/p>\r\n\r\n\r\n\r\n<h2 class=\"wp-block-heading\"><span class=\"ez-toc-section\" id=\"Company_Safety_Policy_and_Standards\"><\/span>\u015eirket G\u00fcvenlik Politikas\u0131 ve Standartlar\u0131<span class=\"ez-toc-section-end\"><\/span><\/h2>\r\n\r\n\r\n\r\n<p>Northern Jet Management ekibi, 40'tan fazla operasyonel alanda s\u00fcre\u00e7ler, uygulamalar, operasyonlar ve hizmetler \u00fczerinde d\u00fczenli olarak i\u00e7 denetimler ve de\u011ferlendirmeler ger\u00e7ekle\u015ftirmektedir.<\/p>\r\n\r\n\r\n\r\n<p>Ayr\u0131ca, Northern Jet Management'\u0131n <a href=\"https:\/\/www.argus.aero\/\" target=\"_blank\" rel=\"noopener\">ARGUS<\/a> Platin ve <a href=\"https:\/\/www.acsf.aero\/\" target=\"_blank\" rel=\"noopener\">ACSF<\/a> akreditasyonuna sahiptir ve yaln\u0131zca <a href=\"https:\/\/www.faa.gov\/\" target=\"_blank\" rel=\"noopener\">FAA<\/a> lisanslar\u0131 bulunmaktad\u0131r. Buna ek olarak, Northern Jet Management, Avrupa Komisyonu taraf\u0131ndan 3. A\u015fama onay\u0131na sahiptir. <a href=\"https:\/\/ibac.org\/is-bao\" target=\"_blank\" rel=\"noopener\">\u0130\u015f U\u00e7a\u011f\u0131 Operasyonlar\u0131 i\u00e7in Uluslararas\u0131 Standart<\/a> (IS-BAO).<\/p>\r\n\r\n\r\n\r\n<h2 class=\"wp-block-heading\"><span class=\"ez-toc-section\" id=\"The_Staff\"><\/span>Personel<span class=\"ez-toc-section-end\"><\/span><\/h2>\r\n\r\n\r\n\r\n<figure class=\"wp-block-image size-full is-style-default\"><img loading=\"lazy\" decoding=\"async\" width=\"1000\" height=\"667\" src=\"https:\/\/comparemyjet.com\/wp-content\/uploads\/2022\/07\/private.jet_.pilots.in_.cockpit.jpg\" alt=\"\" class=\"wp-image-3072\" srcset=\"https:\/\/comparemyjet.com\/wp-content\/uploads\/2022\/07\/private.jet_.pilots.in_.cockpit-18x12.jpg 18w, https:\/\/comparemyjet.com\/wp-content\/uploads\/2022\/07\/private.jet_.pilots.in_.cockpit-300x200.jpg 300w, https:\/\/comparemyjet.com\/wp-content\/uploads\/2022\/07\/private.jet_.pilots.in_.cockpit-768x512.jpg 768w, https:\/\/comparemyjet.com\/wp-content\/uploads\/2022\/07\/private.jet_.pilots.in_.cockpit.jpg 1000w\" sizes=\"auto, (max-width: 1000px) 100vw, 1000px\" \/><\/figure>\r\n\r\n\r\n\r\n<p>Northern Jet Management, en y\u00fcksek g\u00fcvenlik standartlar\u0131n\u0131 sa\u011flamak i\u00e7in \u015firket operasyonlar\u0131n\u0131 s\u00fcrekli olarak geli\u015ftirmekte ve de\u011fi\u015ftirmektedir.<\/p>\r\n\r\n\r\n\r\n<p>Personellerine s\u00fcrekli olarak u\u00e7u\u015f e\u011fitimleri verilmektedir. <a href=\"https:\/\/www.cae.com\/\" target=\"_blank\" rel=\"noopener\">CAE<\/a> veya <a href=\"https:\/\/www.flightsafety.com\/\" target=\"_blank\" rel=\"noopener\">FlightSafety Uluslararas\u0131<\/a>. Her u\u00e7u\u015f segmenti, u\u00e7u\u015f ekibi taraf\u0131ndan yap\u0131lan bir g\u00fcvenlik riski analiziyle ba\u015flar. Ayr\u0131ca m\u00fcrettebat, u\u00e7u\u015f ekibi taraf\u0131ndan <a href=\"https:\/\/www.nata.aero\/education-and-training\/safety-1st\" target=\"_blank\" rel=\"noopener\">Ulusal Hava Ta\u015f\u0131mac\u0131l\u0131\u011f\u0131 G\u00fcvenli\u011fi \u0130lk E\u011fitim Program\u0131<\/a>.<\/p>\r\n\r\n\r\n\r\n<p>Yeni ve mevcut pilotlara yard\u0131mc\u0131 olmak i\u00e7in sertifikal\u0131 k\u0131demli pilotlar, operasyonel prosed\u00fcrler s\u00f6z konusu oldu\u011funda y\u00f6netim ekibine uzmanl\u0131klar\u0131n\u0131 sunan dahili uzmanlar olarak hareket etmektedir.<\/p>\r\n\r\n\r\n\r\n<h2 class=\"wp-block-heading\"><span class=\"ez-toc-section\" id=\"Conclusion\"><\/span>Sonu\u00e7<span class=\"ez-toc-section-end\"><\/span><\/h2>\r\n\r\n\r\n\r\n<p>\u00d6zel jet seyahatinin garanti etti\u011fi \u00f6zg\u00fcrl\u00fck ve rahatl\u0131\u011f\u0131 isteyen yolcular, Northern Jet Management ile u\u00e7maktan memnuniyet duyarlar. \u015eirketin kaliteli hizmet sunmaya olan ba\u011fl\u0131l\u0131\u011f\u0131 sayesinde, rezervasyon ve planlama i\u00e7in gereken zamandan tasarruf etmenizi sa\u011flayacakt\u0131r. Northern Jet Management, k\u0131smi sahiplik ve u\u00e7ak y\u00f6netimi \u00e7\u00f6z\u00fcmleri sayesinde Ortabat\u0131'n\u0131n \u00f6nde gelen \u00f6zel u\u00e7ak \u015firketidir.<\/p>","protected":false},"excerpt":{"rendered":"<p>Elit jet seyahat sa\u011flay\u0131c\u0131s\u0131 Northern Jet Management, hem \u015firketlere hem de bireylere tam u\u00e7ak y\u00f6netimi, ortak m\u00fclkiyet program\u0131, iste\u011fe ba\u011fl\u0131 kiralama ve u\u00e7ak sat\u0131n alma ve satma hizmetleri sunmaktad\u0131r. ABD, Karayipler, Meksika ve Kanada'da 3.400'den fazla noktaya u\u00e7uyorlar. Sunduklar\u0131n\u0131 daha ayr\u0131nt\u0131l\u0131 olarak inceleyelim, ancak \u00f6nce k\u0131sa bir genel bak\u0131\u015f ...<\/p>","protected":false},"author":2,"featured_media":3188,"parent":0,"menu_order":0,"comment_status":"closed","ping_status":"closed","template":"","meta":{"_acf_changed":false,"_genesis_hide_title":false,"_genesis_hide_breadcrumbs":false,"_genesis_hide_singular_image":false,"_genesis_hide_footer_widgets":false,"_genesis_custom_body_class":"","_genesis_custom_post_class":"","_genesis_layout":"","footnotes":""},"class_list":{"1":"page","2":"type-page","6":"entry"},"acf":[],"_links":{"self":[{"href":"https:\/\/comparemyjet.com\/tr\/wp-json\/wp\/v2\/pages\/3187","targetHints":{"allow":["GET"]}}],"collection":[{"href":"https:\/\/comparemyjet.com\/tr\/wp-json\/wp\/v2\/pages"}],"about":[{"href":"https:\/\/comparemyjet.com\/tr\/wp-json\/wp\/v2\/types\/page"}],"author":[{"embeddable":true,"href":"https:\/\/comparemyjet.com\/tr\/wp-json\/wp\/v2\/users\/2"}],"replies":[{"embeddable":true,"href":"https:\/\/comparemyjet.com\/tr\/wp-json\/wp\/v2\/comments?post=3187"}],"version-history":[{"count":1,"href":"https:\/\/comparemyjet.com\/tr\/wp-json\/wp\/v2\/pages\/3187\/revisions"}],"predecessor-version":[{"id":3191,"href":"https:\/\/comparemyjet.com\/tr\/wp-json\/wp\/v2\/pages\/3187\/revisions\/3191"}],"wp:featuredmedia":[{"embeddable":true,"href":"https:\/\/comparemyjet.com\/tr\/wp-json\/wp\/v2\/media\/3188"}],"wp:attachment":[{"href":"https:\/\/comparemyjet.com\/tr\/wp-json\/wp\/v2\/media?parent=3187"}],"curies":[{"name":"wp","href":"https:\/\/api.w.org\/{rel}","templated":true}]}}