{"id":3223,"date":"2022-08-23T00:45:05","date_gmt":"2022-08-23T00:45:05","guid":{"rendered":"https:\/\/comparemyjet.com\/?page_id=3223"},"modified":"2025-09-04T09:58:21","modified_gmt":"2025-09-04T09:58:21","slug":"grandview-aviation","status":"publish","type":"page","link":"https:\/\/comparemyjet.com\/tr\/grandview-aviation\/","title":{"rendered":"GrandView Aviation U\u00e7u\u015f Fiyatland\u0131rmas\u0131"},"content":{"rendered":"<p>GrandView Aviation, Baltimore merkezli bir <a href=\"https:\/\/comparemyjet.com\/tr\/how-do-you-rent-or-charter-a-private-jet\/\" data-internallinksmanager029f6b8e52c=\"15\" title=\"\u00d6zel Jet Nas\u0131l Kiralan\u0131r veya Kiraya Verilir?\">\u00f6zel jet ki\u0307ralama<\/a> Amerika Birle\u015fik Devletleri'nde faaliyet g\u00f6steren firma. Phenom 300 jet u\u00e7aklar\u0131 ile \u00fclke \u00e7ap\u0131nda u\u00e7abilir ve kiralayabilirsiniz. <a href=\"https:\/\/comparemyjet.com\/tr\/sikorsky\/\" data-internallinksmanager029f6b8e52c=\"160\" title=\"Sikorsky \u00d6zel Jetler ve Helikopterler \u0130\u00e7in Nihai Rehber\">Sikorsky<\/a> Baltimore ve Washington, D.C.'de S-76D ve Bell 407GXI helikopterleri.<\/p>\r\n\r\n\r\n\r\n<p>\u015eirket Wyvern Wingman sertifikal\u0131 oldu\u011fundan, pilotlar\u0131 en son ve en iyi g\u00fcvenlik uygulamalar\u0131n\u0131 takip ederken, m\u00fcrettebat benzersiz hizmet sunmaya kararl\u0131d\u0131r. Charter departman\u0131 haftan\u0131n yedi g\u00fcn\u00fc, g\u00fcn\u00fcn 24 saati ki\u015fiselle\u015ftirilmi\u015f g\u00fczergahlar ve u\u00e7u\u015flar i\u00e7in haz\u0131rd\u0131r.<\/p>\r\n\r\n\r\n\r\n<p>Bakal\u0131m neyle ilgililer.<\/p>\r\n\r\n\r\n\r\n<div id=\"ez-toc-container\" class=\"ez-toc-v2_0_76 counter-hierarchy ez-toc-counter ez-toc-grey ez-toc-container-direction\">\n<p class=\"ez-toc-title\" style=\"cursor:inherit\">Konular<\/p>\n<label for=\"ez-toc-cssicon-toggle-item-69d78a330d98b\" class=\"ez-toc-cssicon-toggle-label\"><span class=\"\"><span class=\"eztoc-hide\" style=\"display:none;\">Ge\u00e7i\u015f<\/span><span class=\"ez-toc-icon-toggle-span\"><svg style=\"fill: #999;color:#999\" xmlns=\"http:\/\/www.w3.org\/2000\/svg\" class=\"list-377408\" width=\"20px\" height=\"20px\" viewbox=\"0 0 24 24\" fill=\"none\"><path d=\"M6 6H4v2h2V6zm14 0H8v2h12V6zM4 11h2v2H4v-2zm16 0H8v2h12v-2zM4 16h2v2H4v-2zm16 0H8v2h12v-2z\" fill=\"currentColor\"><\/path><\/svg><svg style=\"fill: #999;color:#999\" class=\"arrow-unsorted-368013\" xmlns=\"http:\/\/www.w3.org\/2000\/svg\" width=\"10px\" height=\"10px\" viewbox=\"0 0 24 24\" version=\"1.2\" baseprofile=\"tiny\"><path d=\"M18.2 9.3l-6.2-6.3-6.2 6.3c-.2.2-.3.4-.3.7s.1.5.3.7c.2.2.4.3.7.3h11c.3 0 .5-.1.7-.3.2-.2.3-.5.3-.7s-.1-.5-.3-.7zM5.8 14.7l6.2 6.3 6.2-6.3c.2-.2.3-.5.3-.7s-.1-.5-.3-.7c-.2-.2-.4-.3-.7-.3h-11c-.3 0-.5.1-.7.3-.2.2-.3.5-.3.7s.1.5.3.7z\"\/><\/svg><\/span><\/span><\/label><input type=\"checkbox\"  id=\"ez-toc-cssicon-toggle-item-69d78a330d98b\" checked aria-label=\"Ge\u00e7i\u015f\" \/><nav><ul class='ez-toc-list ez-toc-list-level-1' ><li class='ez-toc-page-1 ez-toc-heading-level-2'><a class=\"ez-toc-link ez-toc-heading-1\" href=\"https:\/\/comparemyjet.com\/tr\/grandview-aviation\/#About_the_Company\" >\u015eirket Hakk\u0131nda<\/a><\/li><li class='ez-toc-page-1 ez-toc-heading-level-2'><a class=\"ez-toc-link ez-toc-heading-2\" href=\"https:\/\/comparemyjet.com\/tr\/grandview-aviation\/#Empty_Leg_Flight\" >Bo\u015f Bacak U\u00e7u\u015fu<\/a><\/li><li class='ez-toc-page-1 ez-toc-heading-level-2'><a class=\"ez-toc-link ez-toc-heading-3\" href=\"https:\/\/comparemyjet.com\/tr\/grandview-aviation\/#Company_Card_Programs\" >\u015eirket Kart\u0131 Programlar\u0131<\/a><\/li><li class='ez-toc-page-1 ez-toc-heading-level-2'><a class=\"ez-toc-link ez-toc-heading-4\" href=\"https:\/\/comparemyjet.com\/tr\/grandview-aviation\/#Pricing\" >Fiyatland\u0131rma<\/a><\/li><li class='ez-toc-page-1 ez-toc-heading-level-2'><a class=\"ez-toc-link ez-toc-heading-5\" href=\"https:\/\/comparemyjet.com\/tr\/grandview-aviation\/#The_Fleet\" >Filo&nbsp;<\/a><ul class='ez-toc-list-level-3' ><li class='ez-toc-heading-level-3'><a class=\"ez-toc-link ez-toc-heading-6\" href=\"https:\/\/comparemyjet.com\/tr\/grandview-aviation\/#1_Light_Private_Jets\" >1. Hafif \u00d6zel Jetler<\/a><ul class='ez-toc-list-level-4' ><li class='ez-toc-heading-level-4'><a class=\"ez-toc-link ez-toc-heading-7\" href=\"https:\/\/comparemyjet.com\/tr\/grandview-aviation\/#Our_Recommendation_Embraer_Phenom_300\" >Bizim Tavsiyemiz: Embraer Phenom 300<\/a><\/li><\/ul><\/li><li class='ez-toc-page-1 ez-toc-heading-level-3'><a class=\"ez-toc-link ez-toc-heading-8\" href=\"https:\/\/comparemyjet.com\/tr\/grandview-aviation\/#2_Helicopters\" >2. Helikopterler<\/a><ul class='ez-toc-list-level-4' ><li class='ez-toc-heading-level-4'><a class=\"ez-toc-link ez-toc-heading-9\" href=\"https:\/\/comparemyjet.com\/tr\/grandview-aviation\/#Our_Recommendation_Bell_407GXI\" >Bizim Tavsiyemiz: Bell 407GXI<\/a><\/li><\/ul><\/li><\/ul><\/li><li class='ez-toc-page-1 ez-toc-heading-level-2'><a class=\"ez-toc-link ez-toc-heading-10\" href=\"https:\/\/comparemyjet.com\/tr\/grandview-aviation\/#Company_Safety_Policy_and_Standards\" >\u015eirket G\u00fcvenlik Politikas\u0131 ve Standartlar\u0131<\/a><\/li><li class='ez-toc-page-1 ez-toc-heading-level-2'><a class=\"ez-toc-link ez-toc-heading-11\" href=\"https:\/\/comparemyjet.com\/tr\/grandview-aviation\/#The_Staff\" >Personel<\/a><\/li><li class='ez-toc-page-1 ez-toc-heading-level-2'><a class=\"ez-toc-link ez-toc-heading-12\" href=\"https:\/\/comparemyjet.com\/tr\/grandview-aviation\/#Conclusion\" >Sonu\u00e7<\/a><\/li><\/ul><\/nav><\/div>\n<h2 class=\"wp-block-heading\"><span class=\"ez-toc-section\" id=\"About_the_Company\"><\/span>\u015eirket Hakk\u0131nda<span class=\"ez-toc-section-end\"><\/span><\/h2>\r\n\r\n\r\n\r\n<p>GrandView Aviation, 2004 y\u0131l\u0131nda kurulan ve CEO'lu\u011funu Jerry Edwards'\u0131n yapt\u0131\u011f\u0131 \u00f6zel bir \u015firkettir. \u015eirket kendi filosuna sahiptir <a href=\"https:\/\/comparemyjet.com\/tr\/embraer\/\" data-internallinksmanager029f6b8e52c=\"151\" title=\"Embraer \u00d6zel Jetler ve U\u00e7aklar \u0130\u00e7in Nihai Rehber\">Embraer<\/a> Phenom 300'ler ve yakla\u015f\u0131k 130 \u00e7al\u0131\u015fan\u0131 vard\u0131r.<\/p>\r\n\r\n\r\n\r\n<p>GrandView Aviation'daki giri\u015f seviyesi program\u0131, m\u00fcsaitlik garantisi olmaks\u0131z\u0131n $150.000 depozitodur.<\/p>\r\n\r\n\r\n\r\n<p>\u00d6zel u\u00e7ak kiralamalar\u0131n\u0131n yan\u0131 s\u0131ra, 2021 y\u0131l\u0131nda 250'den fazla hayat kurtaran ameliyat ekibini ve ba\u015flang\u0131c\u0131ndan bu yana 2.200'den fazla ki\u015fiyi ta\u015f\u0131yan firma, organ nakli ta\u015f\u0131mac\u0131l\u0131\u011f\u0131nda \u00f6nc\u00fcd\u00fcr.<\/p>\r\n\r\n\r\n\r\n<p>GrandView Aviation ile ilgili son haberimiz, Global Medical Response'un (GMR) \u015firketi 2022 y\u0131l\u0131nda sat\u0131n ald\u0131\u011f\u0131n\u0131 duyurmas\u0131 oldu. Global Medical Response, Amerika Birle\u015fik Devletleri'nde ve d\u00fcnya \u00e7ap\u0131nda ba\u015fta acil durum ve hasta nakil hizmetleri olmak \u00fczere y\u00fcksek kaliteli t\u0131bbi bak\u0131m sa\u011fl\u0131yor, bu nedenle bu hamle \u00e7ok mant\u0131kl\u0131.&nbsp;<\/p>\r\n\r\n\r\n\r\n<p>Yak\u0131n zamandaki b\u00fcy\u00fcmesi sayesinde \u015firketin <a href=\"https:\/\/comparemyjet.com\/tr\/private-tours\/atlanta-private-tours\/\" data-internallinksmanager029f6b8e52c=\"403\" title=\"$89.99&#039;dan Ba\u015flayan En \u0130yi 11 Atlanta \u00d6zel Turu\">Atlanta<\/a>, <a href=\"https:\/\/comparemyjet.com\/tr\/private-tours\/austin-private-tours\/\" data-internallinksmanager029f6b8e52c=\"404\" title=\"$25.00&#039;dan Ba\u015flayan En \u0130yi 11 Austin \u00d6zel Turu\">Austin<\/a>, Baltimore, <a href=\"https:\/\/comparemyjet.com\/tr\/private-jet-charters-to-boston\/\" data-internallinksmanager029f6b8e52c=\"177\" title=\"Boston&#039;a \u00d6zel Jet Kiralama\">Boston<\/a>, <a href=\"https:\/\/comparemyjet.com\/tr\/private-jet-charters-to-chicago\/\" data-internallinksmanager029f6b8e52c=\"170\" title=\"\u015eikago&#039;ya \u00d6zel Jet Kiralama\">Chicago<\/a>, <a href=\"https:\/\/comparemyjet.com\/tr\/private-tours\/denver-private-tours\/\" data-internallinksmanager029f6b8e52c=\"410\" title=\"$49.00&#039;dan Ba\u015flayan En \u0130yi 11 Denver \u00d6zel Turu\">Denver<\/a>, <a href=\"https:\/\/comparemyjet.com\/tr\/private-tours\/los-angeles-private-tours\/\" data-internallinksmanager029f6b8e52c=\"421\" title=\"$55.00&#039;dan itibaren En \u0130yi 11 Los Angeles \u00d6zel Turu\">Los Angeles<\/a>ve Scottsdale.<\/p>\r\n\r\n\r\n\r\n<h2 class=\"wp-block-heading\"><span class=\"ez-toc-section\" id=\"Empty_Leg_Flight\"><\/span>Bo\u015f Bacak U\u00e7u\u015fu<span class=\"ez-toc-section-end\"><\/span><\/h2>\r\n\r\n\r\n\r\n<p>D\u00fczenli kiralamalara ek olarak, GrandView Aviation size yard\u0131mc\u0131 olabilir <a href=\"https:\/\/comparemyjet.com\/tr\/how-to-book-empty-leg-flights\/\" data-internallinksmanager029f6b8e52c=\"24\" title=\"Bo\u015f Bacak U\u00e7u\u015flar\u0131 Nas\u0131l Rezervasyon Yap\u0131l\u0131r\">bo\u015f bacak u\u00e7u\u015f rezervasyonu yap\u0131n<\/a>. Bo\u015f bacak, herhangi bir yolcu olmadan belirli bir var\u0131\u015f noktas\u0131na u\u00e7mas\u0131 planlanan bir u\u00e7u\u015f. Bo\u015f bacak u\u00e7u\u015flar\u0131 genellikle bir u\u00e7a\u011f\u0131n ba\u015fka bir rota i\u00e7in yerinin de\u011fi\u015ftirilmesi veya iade edilmesi gerekti\u011finde kullan\u0131labilir.&nbsp;<\/p>\r\n\r\n\r\n\r\n<p>Baz\u0131 seyahatler i\u00e7in son dakika ayarlamalar\u0131 yapabiliyorsan\u0131z, bir <a href=\"https:\/\/flygv.com\/empty-legs\/\" target=\"_blank\" rel=\"noopener\">bo\u015f bacak u\u00e7u\u015fu<\/a> standart \u00fccretten \u00e7ok daha ucuz olduklar\u0131 i\u00e7in her zaman ideal bir se\u00e7enektir.&nbsp;<\/p>\r\n\r\n\r\n\r\n<h2 class=\"wp-block-heading\"><span class=\"ez-toc-section\" id=\"Company_Card_Programs\"><\/span>\u015eirket Kart\u0131 Programlar\u0131<span class=\"ez-toc-section-end\"><\/span><\/h2>\r\n\r\n\r\n\r\n<p>GrandView Aviation, s\u0131k u\u00e7an yolcular i\u00e7in iki t\u00fcr \u00fcyelik paketi sunmaktad\u0131r: <strong><em>Y\u00fckseklik Mil<\/em><\/strong> ve <strong><em>Y\u00fckseklik Art\u0131 Mil<\/em><\/strong>.&nbsp;<\/p>\r\n\r\n\r\n\r\n<p>GrandView Aviations'\u0131n jet kart program\u0131na \u00fcye olmak i\u00e7in <strong>Altitude Plus<\/strong>i\u00e7in $150,000 depozito yat\u0131rman\u0131z gerekmektedir. Depozitoyu yat\u0131r\u0131rken an\u0131nda 24 ay boyunca fiyat kilidi elde edersiniz ve her u\u00e7u\u015fta 10% indirim dahil olmak \u00fczere 65'ten fazla destinasyon i\u00e7in sabit sabit fiyatlardan yararlanabilirsiniz. Daha s\u0131k seyahat etti\u011finizde, a\u015fa\u011f\u0131dakiler gibi daha fazla avantaj ve ayr\u0131cal\u0131k kazan\u0131rs\u0131n\u0131z:<\/p>\r\n\r\n\r\n\r\n<ul class=\"wp-block-list\"><li>Gemide yemek servisi&nbsp;<\/li><li>U\u00e7u\u015f kredileri&nbsp;<\/li><li>Esnek iptaller - GrandView bilet \u00fccretini hesab\u0131n\u0131za geri \u00f6deyecektir<\/li><li>U\u00e7tu\u011funuz her u\u00e7u\u015f g\u00fcn\u00fc i\u00e7in $200 ikram kredisi<\/li><li>Bo\u015f bacak u\u00e7u\u015f f\u0131rsatlar\u0131<\/li><\/ul>\r\n\r\n\r\n\r\n<p>Altitude Plus'\u0131n aksine, \u00fcye olmak \u00fccretsizdir. <strong>Y\u00fckseklik Mil <\/strong>\u00fcyesi olursunuz, ancak u\u00e7u\u015f indirimleri veya sabit fiyatlar almazs\u0131n\u0131z. S\u0131k seyahat edenler a\u015fa\u011f\u0131daki gibi avantajlar ve ayr\u0131cal\u0131klar kazanabilir:<\/p>\r\n\r\n\r\n\r\n<ul class=\"wp-block-list\"><li>Gemide yemek servisi&nbsp;<\/li><li>U\u00e7u\u015f kredileri&nbsp;<\/li><li>Esnek iptaller - GrandView bilet \u00fccretini hesab\u0131n\u0131za geri \u00f6deyecektir<\/li><li>U\u00e7tu\u011funuz her g\u00fcn i\u00e7in $200 ikram kredisi<\/li><li>Bo\u015f bacak u\u00e7u\u015f f\u0131rsatlar\u0131<\/li><\/ul>\r\n\r\n\r\n\r\n<h2 class=\"wp-block-heading\"><span class=\"ez-toc-section\" id=\"Pricing\"><\/span>Fiyatland\u0131rma<span class=\"ez-toc-section-end\"><\/span><\/h2>\r\n\r\n\r\n\r\n<p>Saatlik \u00fccret \u00fcyeler i\u00e7in garantilidir ve maliyetler toplam u\u00e7u\u015f saatine ba\u011fl\u0131 olarak hesaplan\u0131r. Fiyata Atlanta, Austin, Baltimore, Boston, Chicago, Denver, Los Angeles ve Scottsdale'den yeniden konumland\u0131rma dahildir. 65'ten fazla ana var\u0131\u015f noktas\u0131 i\u00e7in belirlenmi\u015f ta\u015f\u0131ma \u00fccretleri vard\u0131r.&nbsp;<\/p>\r\n\r\n\r\n\r\n<p>Phenom 300 filosuyla u\u00e7man\u0131n saatlik maliyeti, FET (Federal T\u00fcketim Vergisi) dahil ancak yeniden konumland\u0131rma \u00fccreti olmaks\u0131z\u0131n yakla\u015f\u0131k $3,100'den ba\u015fl\u0131yor.<\/p>\r\n\r\n\r\n\r\n<h2 class=\"wp-block-heading\"><span class=\"ez-toc-section\" id=\"The_Fleet\"><\/span>Filo&nbsp;<span class=\"ez-toc-section-end\"><\/span><\/h2>\r\n\r\n\r\n\r\n<figure class=\"wp-block-image size-full is-style-default\"><img loading=\"lazy\" decoding=\"async\" width=\"1000\" height=\"667\" src=\"https:\/\/comparemyjet.com\/wp-content\/uploads\/2022\/08\/phenom300.jet_.jpg\" alt=\"\" class=\"wp-image-3224\" srcset=\"https:\/\/comparemyjet.com\/wp-content\/uploads\/2022\/08\/phenom300.jet_-18x12.jpg 18w, https:\/\/comparemyjet.com\/wp-content\/uploads\/2022\/08\/phenom300.jet_-300x200.jpg 300w, https:\/\/comparemyjet.com\/wp-content\/uploads\/2022\/08\/phenom300.jet_-768x512.jpg 768w, https:\/\/comparemyjet.com\/wp-content\/uploads\/2022\/08\/phenom300.jet_.jpg 1000w\" sizes=\"auto, (max-width: 1000px) 100vw, 1000px\" \/><\/figure>\r\n\r\n\r\n\r\n<p>GrandView Aviation, Phenom 300 \u00f6zel u\u00e7ak filosunu ve baz\u0131 helikopterlerini Boston, Baltimore\/DC, Los Angeles, Chicago, Atlanta ve Austin'deki merkezlerinde bulundurmaktad\u0131r, <a href=\"https:\/\/comparemyjet.com\/tr\/private-jet-charters-to-phoenix\/\" data-internallinksmanager029f6b8e52c=\"199\" title=\"Phoenix&#039;e \u00d6zel Jet Kiralama\">Phoenix<\/a>ve Denver.<\/p>\r\n\r\n\r\n\r\n<h3 class=\"wp-block-heading\"><span class=\"ez-toc-section\" id=\"1_Light_Private_Jets\"><\/span>1. Hafif \u00d6zel Jetler<span class=\"ez-toc-section-end\"><\/span><\/h3>\r\n\r\n\r\n\r\n<p>Helikopterlerle kar\u015f\u0131la\u015ft\u0131r\u0131ld\u0131\u011f\u0131nda, hafif jetler daha b\u00fcy\u00fckt\u00fcr ve daha fazla menzile sahiptir. Daha b\u00fcy\u00fck kabinleri ve bagaj saklama alanlar\u0131 sayesinde sekiz yolcuya kadar g\u00fcvenli bir konforla ta\u015f\u0131yabilirler.<\/p>\r\n\r\n\r\n\r\n<p>Hafif u\u00e7aklar ayr\u0131ca k\u00fc\u00e7\u00fck pistlere ve yerel havaalanlar\u0131na ini\u015f ve kalk\u0131\u015f yapabilir, b\u00f6ylece ula\u015f\u0131lmas\u0131 zor alanlar\u0131 ve daha k\u0131sa pistlere sahip havaalanlar\u0131n\u0131 ziyaret edebilirsiniz.<\/p>\r\n\r\n\r\n\r\n<h4 class=\"wp-block-heading\"><span class=\"ez-toc-section\" id=\"Our_Recommendation_Embraer_Phenom_300\"><\/span>Bizim Tavsiyemiz: Embraer Phenom 300<span class=\"ez-toc-section-end\"><\/span><\/h4>\r\n\r\n\r\n\r\n<p>Phenom 300 8 yolcuya kadar a\u011f\u0131rlayabilir ve geni\u015f kabinde bol miktarda bagaj alan\u0131 bulunur. Golf ekipmanlar\u0131, \u00e7antalar ve seyahatiniz i\u00e7in ihtiya\u00e7 duyabilece\u011finiz di\u011fer e\u015fyalar i\u00e7in yeterli alan vard\u0131r. \u0130\u00e7 mekan rahat bir diz mesafesi sunar ve deri koltuklar, ah\u015fap masalar ve tuvalet dahil pel\u00fc\u015f hal\u0131 gibi \u00fcst d\u00fczey mobilyalara sahiptir. \u00dccretsiz at\u0131\u015ft\u0131rmal\u0131klar ve \u015farab\u0131n yan\u0131 s\u0131ra, talep \u00fczerine u\u00e7ak i\u00e7i ikram hizmeti de sa\u011flayabilirler.&nbsp;<\/p>\r\n\r\n\r\n\r\n<p>2013'ten 2015'e kadar Phenom 300 en pop\u00fcler i\u015f jetiydi. Bu u\u00e7a\u011f\u0131n menzili, di\u011fer hafif jetlerin \u00e7o\u011funu geride b\u0131rakarak size daha d\u00fc\u015f\u00fck maliyetlerle orta b\u00fcy\u00fckl\u00fckte bir jet performans\u0131 sunar.&nbsp;<\/p>\r\n\r\n\r\n\r\n<p>Phenom 300'\u00fcn teknik \u00f6zellikleri ve sundu\u011fu olanaklar:<\/p>\r\n\r\n\r\n\r\n<ul class=\"wp-block-list\"><li>Yolcu say\u0131s\u0131: 8;<\/li><li>Kabin y\u00fcksekli\u011fi: 4 ft 11 in\u00e7;<\/li><li>Kabin geni\u015fli\u011fi: 5 ft 1 in\u00e7;<\/li><li>Kabin uzunlu\u011fu: 17 ft 2 in\u00e7;<\/li><li>D\u0131\u015f y\u00fckseklik: 16 ft 5 in\u00e7;<\/li><li>D\u0131\u015f bagaj: 66 cu ft;<\/li><li>\u0130\u00e7 bagaj: 19 cu ft;<\/li><li>Maksimum h\u0131z: 453 kts;<\/li><li>Maksimum aral\u0131k: 2077 nm;<\/li><li>T\u0131rmanma h\u0131z\u0131: 3335 fpm;<\/li><li>M\u00fcrettebat: 2;<\/li><li>Kablosuz internet;<\/li><li>Lavabo;<\/li><li>Elektrik prizleri ve uydu telefonu hizmeti.<\/li><\/ul>\r\n\r\n\r\n\r\n<p><em>Phenom 300<\/em> Baltimore\/DC, Chicago, Austin, Atlanta ve Scottsdale'de bulunan charter u\u00e7aklar\u0131, Orta Atlantik, Kuzeydo\u011fu ve Orta Amerika Birle\u015fik Devletleri'nden u\u00e7man\u0131za olanak tan\u0131r.&nbsp;<\/p>\r\n\r\n\r\n\r\n<h3 class=\"wp-block-heading\"><span class=\"ez-toc-section\" id=\"2_Helicopters\"><\/span>2. Helikopterler<span class=\"ez-toc-section-end\"><\/span><\/h3>\r\n\r\n\r\n\r\n<p>Helikopter kiralamalar\u0131, helikopter pistleri, tatil k\u00f6yleri ve hatta \u00f6zel evler de dahil olmak \u00fczere istedi\u011finiz yere inip kalkman\u0131za olanak tan\u0131r. Acil bir durumda neredeyse her yere inebilirler ve yolcular i\u00e7in daha az tehlike olu\u015ftururlar. Bununla birlikte, hava ko\u015fullar\u0131ndan daha kolay etkilenirler ve hava ko\u015fullar\u0131 ideal de\u011filse u\u00e7u\u015funuz iptal edilebilir.&nbsp;<\/p>\r\n\r\n\r\n\r\n<p>GrandView Aviation, u\u00e7ak i\u00e7i e\u011flence sistemlerine ve 12 yolcuya kadar odaya sahip VIP helikopterler sunmaktad\u0131r. T\u00fcm helikopter kiralamalar\u0131, m\u00fc\u015fterilerin optimum emniyeti ve g\u00fcvenli\u011fi i\u00e7in iki yetenekli pilot taraf\u0131ndan ger\u00e7ekle\u015ftirilmektedir.<\/p>\r\n\r\n\r\n\r\n<h4 class=\"wp-block-heading\"><span class=\"ez-toc-section\" id=\"Our_Recommendation_Bell_407GXI\"><\/span>Bizim Tavsiyemiz: Bell 407GXI<span class=\"ez-toc-section-end\"><\/span><\/h4>\r\n\r\n\r\n\r\n<p>Bell 407GXI, ilk kez 1995 y\u0131l\u0131nda piyasaya s\u00fcr\u00fclen d\u00f6rt kanatl\u0131, tek motorlu, \u00e7ok ama\u00e7l\u0131 bir helikopterdir. Kanatlar ve g\u00f6bek i\u00e7in kullan\u0131lan kompozit malzeme performans\u0131 art\u0131r\u0131r ve daha konforlu bir u\u00e7u\u015f sa\u011flar. Kolluk kuvvetleri, elektronik haber toplama ve film yap\u0131m\u0131n\u0131n yan\u0131 s\u0131ra ticaret ve a\u00e7\u0131k deniz ta\u015f\u0131mac\u0131l\u0131\u011f\u0131nda da s\u0131kl\u0131kla kullan\u0131lmaktad\u0131r. Kabin, alt\u0131 ki\u015fiye kadar kul\u00fcp yolcu koltu\u011fu da dahil olmak \u00fczere \u00e7e\u015fitli g\u00f6revleri ve y\u00fckleri bar\u0131nd\u0131racak \u015fekilde yap\u0131land\u0131r\u0131labilir.&nbsp;<\/p>\r\n\r\n\r\n\r\n<p>\u00d6zellikler:<\/p>\r\n\r\n\r\n\r\n<ul class=\"wp-block-list\"><li>Yolcu say\u0131s\u0131: 5;<\/li><li>D\u0131\u015f y\u00fckseklik: 11 ft 8 in\u00e7;<\/li><li>Harici bagaj: 20 cu ft;<\/li><li>Uzunluk: 41 ft 8 in\u00e7;<\/li><li>\u0130\u00e7 bagaj: 3 cu ft;<\/li><li>Maksimum H\u0131z: 140 kts;<\/li><li>Koltuklar pel\u00fc\u015f ve a\u015f\u0131r\u0131 dolguludur;<\/li><li>Deri d\u00f6\u015feme.<\/li><\/ul>\r\n\r\n\r\n\r\n<p>Tavsiye etti\u011fimiz helikopterin yan\u0131 s\u0131ra <em>Bell 407<\/em>GrandView Aviation, katalo\u011funda bir tane daha sunuyor - t<em>Sikorsky S-76D<\/em>.<\/p>\r\n\r\n\r\n\r\n<h2 class=\"wp-block-heading\"><span class=\"ez-toc-section\" id=\"Company_Safety_Policy_and_Standards\"><\/span>\u015eirket G\u00fcvenlik Politikas\u0131 ve Standartlar\u0131<span class=\"ez-toc-section-end\"><\/span><\/h2>\r\n\r\n\r\n\r\n<p><a href=\"https:\/\/nbaa.org\/flight-department-administration\/sms\/is-bao\/\" target=\"_blank\" rel=\"noopener\">\u0130\u015f U\u00e7a\u011f\u0131 Operasyonlar\u0131 i\u00e7in Uluslararas\u0131 Standart<\/a> (IS-BAO), d\u00fcnya \u00e7ap\u0131ndaki u\u00e7u\u015f departmanlar\u0131na y\u00fcksek g\u00fcvenlik ve profesyonellik standartlar\u0131na ula\u015fmada yard\u0131mc\u0131 olmak i\u00e7in olu\u015fturulmu\u015ftur. Bir GrandView Aviation m\u00fc\u015fterisi olarak, kabul edilebilir bir <a href=\"https:\/\/www.faa.gov\/about\/initiatives\/sms\" target=\"_blank\" rel=\"noopener\">G\u00fcvenlik Y\u00f6netim Sistemi<\/a> (SMS), bu g\u00fcvenlik derecesi sayesinde t\u00fcm helikopter kiralama u\u00e7u\u015flar\u0131 i\u00e7in uygulanmaktad\u0131r.<\/p>\r\n\r\n\r\n\r\n<p>\u00dcstelik, <a href=\"https:\/\/nbaa.org\/\" target=\"_blank\" rel=\"noopener\">Ulusal Ticari Havac\u0131l\u0131k Derne\u011fi<\/a> GrandView Aviation'\u0131 10 y\u0131ll\u0131k kazas\u0131z ve olays\u0131z g\u00fcvenlik sertifikas\u0131 ile onurland\u0131rd\u0131 ve \u015firketin pilotlar\u0131 <a href=\"https:\/\/www.wyvernltd.com\/\" target=\"_blank\" rel=\"noopener\">Wyvern Wingman<\/a> g\u00fcvenlik dereceli ve <a href=\"https:\/\/www.argus.aero\/\" target=\"_blank\" rel=\"noopener\">ARGUS<\/a> Alt\u0131n dereceli operat\u00f6rler.<\/p>\r\n\r\n\r\n\r\n<p>GrandView, $150 milyon tutar\u0131nda bir sorumluluk sigortas\u0131 poli\u00e7esine sahiptir ve t\u00fcm u\u00e7u\u015flar iki pilot taraf\u0131ndan ger\u00e7ekle\u015ftirilmektedir.<\/p>\r\n\r\n\r\n\r\n<h2 class=\"wp-block-heading\"><span class=\"ez-toc-section\" id=\"The_Staff\"><\/span>Personel<span class=\"ez-toc-section-end\"><\/span><\/h2>\r\n\r\n\r\n\r\n<figure class=\"wp-block-image size-full is-style-default\"><img loading=\"lazy\" decoding=\"async\" width=\"1000\" height=\"667\" src=\"https:\/\/comparemyjet.com\/wp-content\/uploads\/2022\/07\/two.private.jet_.pilots.jpg\" alt=\"GrandView Havac\u0131l\u0131k\" class=\"wp-image-3137\" srcset=\"https:\/\/comparemyjet.com\/wp-content\/uploads\/2022\/07\/two.private.jet_.pilots-18x12.jpg 18w, https:\/\/comparemyjet.com\/wp-content\/uploads\/2022\/07\/two.private.jet_.pilots-300x200.jpg 300w, https:\/\/comparemyjet.com\/wp-content\/uploads\/2022\/07\/two.private.jet_.pilots-768x512.jpg 768w, https:\/\/comparemyjet.com\/wp-content\/uploads\/2022\/07\/two.private.jet_.pilots.jpg 1000w\" sizes=\"auto, (max-width: 1000px) 100vw, 1000px\" \/><\/figure>\r\n\r\n\r\n\r\n<p>GrandView, 65 ki\u015filik bir \u015firketten pilotlar, u\u00e7u\u015f memurlar\u0131 ve teknisyenlerden olu\u015fan 120'den fazla personele ula\u015fm\u0131\u015ft\u0131r. Firma 2022 y\u0131l\u0131nda $50 milyondan fazla sat\u0131\u015f ger\u00e7ekle\u015ftirmi\u015f ve d\u00fcnyan\u0131n en b\u00fcy\u00fck <a href=\"https:\/\/thedailyrecord.com\/2022\/01\/21\/grandview-aviation-moves-to-new-hq-in-middle-river\/\" target=\"_blank\" rel=\"noopener\">Inc 5000 Amerika'n\u0131n En H\u0131zl\u0131 B\u00fcy\u00fcyen \u015eirketleri listesi<\/a>. \u015eirket, Maryland'de en fazla \u00f6zel havac\u0131l\u0131k \u00e7al\u0131\u015fan\u0131na sahip \u015firkettir.&nbsp;<\/p>\r\n\r\n\r\n\r\n<h2 class=\"wp-block-heading\"><span class=\"ez-toc-section\" id=\"Conclusion\"><\/span>Sonu\u00e7<span class=\"ez-toc-section-end\"><\/span><\/h2>\r\n\r\n\r\n\r\n<p>GrandView, 130 \u00e7al\u0131\u015fan\u0131 ve Baltimore, Maryland merkezli Phenom 300 filosuyla Kuzey Amerika'n\u0131n \u00f6nde gelen \u00f6zel charter ve organ nakli ta\u015f\u0131mac\u0131l\u0131\u011f\u0131 havac\u0131l\u0131k firmas\u0131d\u0131r.&nbsp;<\/p>\r\n\r\n\r\n\r\n<p>\u00dcye olmak ve sunulan avantajlardan baz\u0131lar\u0131n\u0131 elde etmek i\u00e7in Altitude Plus ve Altitude Miles jet kart programlar\u0131na kat\u0131labilirsiniz. Bir jet kart sahibi olarak, u\u00e7tuk\u00e7a mil kazan\u0131rs\u0131n\u0131z ve \u00f6d\u00fcl milleri havayolu kredileri, ikram ve di\u011fer hizmetler i\u00e7in kullan\u0131labilir. Altitude Plus \u00fcyeleri ayr\u0131ca u\u00e7u\u015flarda indirim al\u0131rlar. Bunun da \u00f6tesinde, esnek bir iptal politikas\u0131 sunarlar, b\u00f6ylece endi\u015felenmeden esnek planlar yapabilirsiniz.&nbsp;<\/p>","protected":false},"excerpt":{"rendered":"<p>GrandView Aviation, Amerika Birle\u015fik Devletleri'nde faaliyet g\u00f6steren Baltimore merkezli bir \u00f6zel jet kiralama firmas\u0131d\u0131r. Phenom 300 jet u\u00e7aklar\u0131yla \u00fclke \u00e7ap\u0131nda u\u00e7abilir ve Sikorsky S-76D ve Bell 407GXI helikopterlerini Baltimore ve Washington, DC'de kiralayabilirsiniz. \u015eirket Wyvern Wingman sertifikal\u0131 oldu\u011fu i\u00e7in pilotlar\u0131 en son ve en iyi ...<\/p>","protected":false},"author":2,"featured_media":3225,"parent":0,"menu_order":0,"comment_status":"closed","ping_status":"closed","template":"","meta":{"_acf_changed":false,"_genesis_hide_title":false,"_genesis_hide_breadcrumbs":false,"_genesis_hide_singular_image":false,"_genesis_hide_footer_widgets":false,"_genesis_custom_body_class":"","_genesis_custom_post_class":"","_genesis_layout":"","footnotes":""},"class_list":{"1":"page","2":"type-page","6":"entry"},"acf":[],"_links":{"self":[{"href":"https:\/\/comparemyjet.com\/tr\/wp-json\/wp\/v2\/pages\/3223","targetHints":{"allow":["GET"]}}],"collection":[{"href":"https:\/\/comparemyjet.com\/tr\/wp-json\/wp\/v2\/pages"}],"about":[{"href":"https:\/\/comparemyjet.com\/tr\/wp-json\/wp\/v2\/types\/page"}],"author":[{"embeddable":true,"href":"https:\/\/comparemyjet.com\/tr\/wp-json\/wp\/v2\/users\/2"}],"replies":[{"embeddable":true,"href":"https:\/\/comparemyjet.com\/tr\/wp-json\/wp\/v2\/comments?post=3223"}],"version-history":[{"count":2,"href":"https:\/\/comparemyjet.com\/tr\/wp-json\/wp\/v2\/pages\/3223\/revisions"}],"predecessor-version":[{"id":3460,"href":"https:\/\/comparemyjet.com\/tr\/wp-json\/wp\/v2\/pages\/3223\/revisions\/3460"}],"wp:featuredmedia":[{"embeddable":true,"href":"https:\/\/comparemyjet.com\/tr\/wp-json\/wp\/v2\/media\/3225"}],"wp:attachment":[{"href":"https:\/\/comparemyjet.com\/tr\/wp-json\/wp\/v2\/media?parent=3223"}],"curies":[{"name":"wp","href":"https:\/\/api.w.org\/{rel}","templated":true}]}}