{"id":3228,"date":"2022-09-20T20:27:21","date_gmt":"2022-09-20T20:27:21","guid":{"rendered":"https:\/\/comparemyjet.com\/?page_id=3228"},"modified":"2025-09-04T09:58:24","modified_gmt":"2025-09-04T09:58:24","slug":"jet-algo","status":"publish","type":"page","link":"https:\/\/comparemyjet.com\/tr\/jet-algo\/","title":{"rendered":"Jet Algo U\u00e7u\u015f Fiyatland\u0131rmas\u0131"},"content":{"rendered":"<p>Jet Algo, Morristown, New York merkezli \u00f6zel bir charter firmas\u0131d\u0131r. <a href=\"https:\/\/comparemyjet.com\/tr\/private-jet-charters-to-jersey\/\" data-internallinksmanager029f6b8e52c=\"176\" title=\"Jersey&#039;e \u00d6zel Jet Kiralama\">Jersey<\/a>. Di\u011fer \u015firketlerden farkl\u0131 olmalar\u0131n\u0131n bir yolu, m\u00fc\u015fterilerin profillerine ve seyahat g\u00fczergahlar\u0131na g\u00f6re uyarlanm\u0131\u015f fiyat tahminlerini hesaplamak i\u00e7in patentli algoritmalar kullanmalar\u0131d\u0131r. Algoritmalar\u0131n\u0131n yard\u0131m\u0131yla, seyahat program\u0131n\u0131za dayal\u0131 bir \u00f6deme sistemi olu\u015ftururlar.&nbsp;<\/p>\r\n\r\n\r\n\r\n<p>\u015eirket, y\u00f6netim \u00fccreti olmayan bir jet kart program\u0131 sunuyor ve u\u00e7mak i\u00e7in bir sahip olman\u0131z veya bir hisseye sahip olman\u0131z gerekmiyor. Neler sunduklar\u0131n\u0131 daha ayr\u0131nt\u0131l\u0131 olarak g\u00f6relim.&nbsp;<\/p>\r\n\r\n\r\n\r\n<div id=\"ez-toc-container\" class=\"ez-toc-v2_0_76 counter-hierarchy ez-toc-counter ez-toc-grey ez-toc-container-direction\">\n<p class=\"ez-toc-title\" style=\"cursor:inherit\">Konular<\/p>\n<label for=\"ez-toc-cssicon-toggle-item-69dccda282852\" class=\"ez-toc-cssicon-toggle-label\"><span class=\"\"><span class=\"eztoc-hide\" style=\"display:none;\">Ge\u00e7i\u015f<\/span><span class=\"ez-toc-icon-toggle-span\"><svg style=\"fill: #999;color:#999\" xmlns=\"http:\/\/www.w3.org\/2000\/svg\" class=\"list-377408\" width=\"20px\" height=\"20px\" viewbox=\"0 0 24 24\" fill=\"none\"><path d=\"M6 6H4v2h2V6zm14 0H8v2h12V6zM4 11h2v2H4v-2zm16 0H8v2h12v-2zM4 16h2v2H4v-2zm16 0H8v2h12v-2z\" fill=\"currentColor\"><\/path><\/svg><svg style=\"fill: #999;color:#999\" class=\"arrow-unsorted-368013\" xmlns=\"http:\/\/www.w3.org\/2000\/svg\" width=\"10px\" height=\"10px\" viewbox=\"0 0 24 24\" version=\"1.2\" baseprofile=\"tiny\"><path d=\"M18.2 9.3l-6.2-6.3-6.2 6.3c-.2.2-.3.4-.3.7s.1.5.3.7c.2.2.4.3.7.3h11c.3 0 .5-.1.7-.3.2-.2.3-.5.3-.7s-.1-.5-.3-.7zM5.8 14.7l6.2 6.3 6.2-6.3c.2-.2.3-.5.3-.7s-.1-.5-.3-.7c-.2-.2-.4-.3-.7-.3h-11c-.3 0-.5.1-.7.3-.2.2-.3.5-.3.7s.1.5.3.7z\"\/><\/svg><\/span><\/span><\/label><input type=\"checkbox\"  id=\"ez-toc-cssicon-toggle-item-69dccda282852\" checked aria-label=\"Ge\u00e7i\u015f\" \/><nav><ul class='ez-toc-list ez-toc-list-level-1' ><li class='ez-toc-page-1 ez-toc-heading-level-2'><a class=\"ez-toc-link ez-toc-heading-1\" href=\"https:\/\/comparemyjet.com\/tr\/jet-algo\/#Company_History\" >\u015eirket Tarih\u00e7esi<\/a><\/li><li class='ez-toc-page-1 ez-toc-heading-level-2'><a class=\"ez-toc-link ez-toc-heading-2\" href=\"https:\/\/comparemyjet.com\/tr\/jet-algo\/#Pricing\" >Fiyatland\u0131rma<\/a><\/li><li class='ez-toc-page-1 ez-toc-heading-level-2'><a class=\"ez-toc-link ez-toc-heading-3\" href=\"https:\/\/comparemyjet.com\/tr\/jet-algo\/#Company_Card_Program\" >\u015eirket Kart\u0131 Program\u0131<\/a><\/li><li class='ez-toc-page-1 ez-toc-heading-level-2'><a class=\"ez-toc-link ez-toc-heading-4\" href=\"https:\/\/comparemyjet.com\/tr\/jet-algo\/#The_Fleet\" >Filo&nbsp;<\/a><ul class='ez-toc-list-level-3' ><li class='ez-toc-heading-level-3'><a class=\"ez-toc-link ez-toc-heading-5\" href=\"https:\/\/comparemyjet.com\/tr\/jet-algo\/#1_Light_Private_Jets\" >1. Hafif \u00d6zel Jetler<\/a><ul class='ez-toc-list-level-4' ><li class='ez-toc-heading-level-4'><a class=\"ez-toc-link ez-toc-heading-6\" href=\"https:\/\/comparemyjet.com\/tr\/jet-algo\/#Our_Recommendation_Eclipse_500\" >Bizim Tavsiyemiz: Eclipse 500<\/a><\/li><\/ul><\/li><li class='ez-toc-page-1 ez-toc-heading-level-3'><a class=\"ez-toc-link ez-toc-heading-7\" href=\"https:\/\/comparemyjet.com\/tr\/jet-algo\/#2_Midsize_Private_Jets\" >2. Orta Boy \u00d6zel Jetler<\/a><ul class='ez-toc-list-level-4' ><li class='ez-toc-heading-level-4'><a class=\"ez-toc-link ez-toc-heading-8\" href=\"https:\/\/comparemyjet.com\/tr\/jet-algo\/#Our_Recommendation_The_Hawker_800XP\" >Bizim Tavsiyemiz: Hawker 800XP<\/a><\/li><\/ul><\/li><li class='ez-toc-page-1 ez-toc-heading-level-3'><a class=\"ez-toc-link ez-toc-heading-9\" href=\"https:\/\/comparemyjet.com\/tr\/jet-algo\/#3_Super-Midsize_Private_Jets\" >3. S\u00fcper-Orta Boy \u00d6zel Jetler&nbsp;<\/a><ul class='ez-toc-list-level-4' ><li class='ez-toc-heading-level-4'><a class=\"ez-toc-link ez-toc-heading-10\" href=\"https:\/\/comparemyjet.com\/tr\/jet-algo\/#Our_Recommendation_Citation_X\" >Bizim Tavsiyemiz: At\u0131f X<\/a><\/li><\/ul><\/li><li class='ez-toc-page-1 ez-toc-heading-level-3'><a class=\"ez-toc-link ez-toc-heading-11\" href=\"https:\/\/comparemyjet.com\/tr\/jet-algo\/#4_Large_Private_Jets\" >4. B\u00fcy\u00fck \u00d6zel Jetler<\/a><ul class='ez-toc-list-level-4' ><li class='ez-toc-heading-level-4'><a class=\"ez-toc-link ez-toc-heading-12\" href=\"https:\/\/comparemyjet.com\/tr\/jet-algo\/#Our_Recommendation_Bombardier_Challenger_650\" >Bizim Tavsiyemiz:  Bombardier Challenger 650&nbsp;<\/a><\/li><\/ul><\/li><li class='ez-toc-page-1 ez-toc-heading-level-3'><a class=\"ez-toc-link ez-toc-heading-13\" href=\"https:\/\/comparemyjet.com\/tr\/jet-algo\/#5_Long-Range_Private_Jets\" >5. Uzun Menzilli \u00d6zel Jetler<\/a><ul class='ez-toc-list-level-4' ><li class='ez-toc-heading-level-4'><a class=\"ez-toc-link ez-toc-heading-14\" href=\"https:\/\/comparemyjet.com\/tr\/jet-algo\/#Our_Recommendation_The_Gulfstream_G450\" >Bizim Tavsiyemiz: Gulfstream G450&nbsp;<\/a><\/li><\/ul><\/li><\/ul><\/li><li class='ez-toc-page-1 ez-toc-heading-level-2'><a class=\"ez-toc-link ez-toc-heading-15\" href=\"https:\/\/comparemyjet.com\/tr\/jet-algo\/#Company_Safety_Policy_and_Standards\" >\u015eirket G\u00fcvenlik Politikas\u0131 ve Standartlar\u0131<\/a><\/li><li class='ez-toc-page-1 ez-toc-heading-level-2'><a class=\"ez-toc-link ez-toc-heading-16\" href=\"https:\/\/comparemyjet.com\/tr\/jet-algo\/#Conclusion\" >Sonu\u00e7<\/a><\/li><\/ul><\/nav><\/div>\n<h2 class=\"wp-block-heading\"><span class=\"ez-toc-section\" id=\"Company_History\"><\/span>\u015eirket Tarih\u00e7esi<span class=\"ez-toc-section-end\"><\/span><\/h2>\r\n\r\n\r\n\r\n<p>Jet Algo 1995 y\u0131l\u0131nda <em>Skywaves<\/em>. \u015eirketin fiyatlar\u0131 tahmin etmek i\u00e7in algoritmalar kullanmaya y\u00f6nelik i\u015f stratejisi, eski <a href=\"https:\/\/comparemyjet.com\/tr\/delta-private-jets\/\" data-internallinksmanager029f6b8e52c=\"184\" title=\"Delta \u00d6zel Jetler \u00dcyelik Fiyatland\u0131rmas\u0131\">Delta \u00d6zel Jetler<\/a> Ba\u015fkan Yard\u0131mc\u0131s\u0131 Jon Mende, Jet Algo'nun CEO'su. Mende, \u015firketin teslim s\u00fcreleri ve tahmini b\u00fct\u00e7enizdeki garantili kullan\u0131labilirli\u011fe dayal\u0131 olarak tek y\u00f6n ve gidi\u015f-d\u00f6n\u00fc\u015f sabit fiyatland\u0131rma sundu\u011funu iddia ediyor. M\u00fc\u015fterilere, feribot u\u00e7u\u015fu gerektirmeden yo\u011fun n\u00fcfuslu yerler aras\u0131nda seyahat edenler i\u00e7in daha ucuz \u00fccretlerle, belirli var\u0131\u015f noktas\u0131 e\u015fle\u015ftirmelerine dayal\u0131 alternatif sabit fiyatlar sunmay\u0131 hedefliyor.&nbsp;<\/p>\r\n\r\n\r\n\r\n<h2 class=\"wp-block-heading\"><span class=\"ez-toc-section\" id=\"Pricing\"><\/span>Fiyatland\u0131rma<span class=\"ez-toc-section-end\"><\/span><\/h2>\r\n\r\n\r\n\r\n<p>Jet Algo i\u00e7in ba\u015flang\u0131\u00e7 ve \u00fcyelik masraflar\u0131 ayl\u0131k yakla\u015f\u0131k $1,000'dir ve bu para u\u00e7u\u015f masraflar\u0131n\u0131z\u0131 kar\u015f\u0131lamak i\u00e7in kullan\u0131l\u0131r. Depozito miktar\u0131n\u0131z ki\u015fiselle\u015ftirilmi\u015f program\u0131n\u0131za g\u00f6re belirlenir ve fiyatlar \u00f6n\u00fcm\u00fczdeki 24 ay boyunca sabittir.<\/p>\r\n\r\n\r\n\r\n<p>\u00dcye olduktan sonra, m\u00fcsaitlik garantisi, sabit bir saatlik \u00fccret ve rotan\u0131za g\u00f6re belirlenen \u00f6zelle\u015ftirilmi\u015f fiyatland\u0131rmadan yararlanabilirsiniz.<\/p>\r\n\r\n\r\n\r\n<p>Yakla\u015f\u0131k 135 u\u00e7aktan olu\u015fan standart Part 7,000 filosu yerine IS-BAO Stage 3, Argus Platinum veya Wyvern Wingman operat\u00f6rlerini istiyorsan\u0131z ekstra harcama yapmay\u0131 bekleyin. Fiyatlar taleplerinize ve tercihlerinize ba\u011fl\u0131 olarak de\u011fi\u015fir.<\/p>\r\n\r\n\r\n\r\n<h2 class=\"wp-block-heading\"><span class=\"ez-toc-section\" id=\"Company_Card_Program\"><\/span>\u015eirket Kart\u0131 Program\u0131<span class=\"ez-toc-section-end\"><\/span><\/h2>\r\n\r\n\r\n\r\n<p>\u00c7o\u011fu jet kart firmas\u0131 nereye gitti\u011finize, hangi havaalanlar\u0131n\u0131 kulland\u0131\u011f\u0131n\u0131za, u\u00e7u\u015funuz i\u00e7in ne kadar \u00f6nceden haber verdi\u011finize veya var\u0131\u015f noktan\u0131zda ne kadar s\u00fcre kald\u0131\u011f\u0131n\u0131za bakmaks\u0131z\u0131n sizden ayn\u0131 \u00fccreti al\u0131r. Dolay\u0131s\u0131yla, bir hafta sonu ka\u00e7ama\u011f\u0131 planl\u0131yor ve \u00fc\u00e7 g\u00fcn \u00f6ncesinden bilet al\u0131yorsan\u0131z, farkl\u0131 bir yere 10 g\u00fcnl\u00fck bir tatil yapan ve sadece 10 saat \u00f6ncesinden rezervasyon yapt\u0131ran biriyle ayn\u0131 fiyat\u0131 \u00f6deyebilirsiniz. Sonu\u00e7 olarak, son dakika u\u00e7u\u015f rezervasyonu yapan veya uzak bir yere seyahat eden ki\u015filer i\u00e7in fiyatlar\u0131n telafi edilmesi gerekir. Jet Algo, sofistike algoritmalar kullanarak profilinize dayal\u0131 bir fiyat modeli olu\u015fturur.&nbsp;<\/p>\r\n\r\n\r\n\r\n<h2 class=\"wp-block-heading\"><span class=\"ez-toc-section\" id=\"The_Fleet\"><\/span>Filo&nbsp;<span class=\"ez-toc-section-end\"><\/span><\/h2>\r\n\r\n\r\n\r\n<figure class=\"wp-block-image size-full is-style-default\"><img loading=\"lazy\" decoding=\"async\" width=\"1000\" height=\"565\" src=\"https:\/\/comparemyjet.com\/wp-content\/uploads\/2022\/09\/businessman.infront.of_.a.plane_.jpg\" alt=\"Jet Algo\" class=\"wp-image-3230\" srcset=\"https:\/\/comparemyjet.com\/wp-content\/uploads\/2022\/09\/businessman.infront.of_.a.plane_-18x10.jpg 18w, https:\/\/comparemyjet.com\/wp-content\/uploads\/2022\/09\/businessman.infront.of_.a.plane_-300x170.jpg 300w, https:\/\/comparemyjet.com\/wp-content\/uploads\/2022\/09\/businessman.infront.of_.a.plane_-768x434.jpg 768w, https:\/\/comparemyjet.com\/wp-content\/uploads\/2022\/09\/businessman.infront.of_.a.plane_.jpg 1000w\" sizes=\"auto, (max-width: 1000px) 100vw, 1000px\" \/><\/figure>\r\n\r\n\r\n\r\n<p>Bir broker \u015firketi olarak Jet Algo'nun bir u\u00e7ak filosu yoktur. Bunun yerine, \u015firket siz ve ta\u015f\u0131y\u0131c\u0131 aras\u0131nda bir k\u00f6pr\u00fc g\u00f6revi g\u00f6rerek, bir sonraki u\u00e7u\u015funuz i\u00e7in ne t\u00fcr bir jet kullanaca\u011f\u0131n\u0131za karar vermenize yard\u0131mc\u0131 olur ve size bir\u00e7ok \u00f6zel alternatif sunar.&nbsp;<\/p>\r\n\r\n\r\n\r\n<h3 class=\"wp-block-heading\"><span class=\"ez-toc-section\" id=\"1_Light_Private_Jets\"><\/span>1. Hafif \u00d6zel Jetler<span class=\"ez-toc-section-end\"><\/span><\/h3>\r\n\r\n\r\n\r\n<p>Hafif jetler daha b\u00fcy\u00fckt\u00fcr ve turboproplardan veya \u00e7ok hafif jetlerden daha uzun bir menzile sahiptir. Kabin geni\u015ftir ve bagaj kapasitesi temel ihtiya\u00e7lar\u0131n\u0131zdan biraz daha fazlas\u0131n\u0131 ta\u015f\u0131mak i\u00e7in yeterlidir. Ortalama sekiz ki\u015fiyi rahat\u00e7a ta\u015f\u0131yabilir, k\u0131sa pistlerde u\u00e7abilir ve k\u00fc\u00e7\u00fck havaalanlar\u0131na inebilirler.&nbsp;<\/p>\r\n\r\n\r\n\r\n<p>Bir hafif jetin en \u00f6nemli faydas\u0131, ula\u015f\u0131lmas\u0131 zor adalara ve da\u011fl\u0131k b\u00f6lgelere e\u015fsiz eri\u015fimidir.<\/p>\r\n\r\n\r\n\r\n<h4 class=\"wp-block-heading\"><span class=\"ez-toc-section\" id=\"Our_Recommendation_Eclipse_500\"><\/span>Bizim Tavsiyemiz: Eclipse 500<span class=\"ez-toc-section-end\"><\/span><\/h4>\r\n\r\n\r\n\r\n<p>Eclipse 500, Eclipse Aerospace taraf\u0131ndan New Mexico'da \u00fcretilen \u00e7ift t\u00fcrbinli bir motordur. Eclipse hem verimli hem de estetik a\u00e7\u0131dan \u00e7ekici ve bu u\u00e7ak kategorisinde kalabal\u0131\u011f\u0131n favorilerinden biri.<\/p>\r\n\r\n\r\n\r\n<p>\u00d6zellikler:<\/p>\r\n\r\n\r\n\r\n<ul class=\"wp-block-list\"><li>Yolcu say\u0131s\u0131: 3 ila 4;<\/li><li>Seyir h\u0131z\u0131: 370 knot;<\/li><li>U\u00e7u\u015f menzili: 1,290 mil;<\/li><li>Kabin y\u00fcksekli\u011fi: 4 ft 2 in\u00e7;<\/li><li>Kabin geni\u015fli\u011fi: 4 ft 7 in\u00e7;<\/li><li>Kabin uzunlu\u011fu: 7 ft 6 in\u00e7;<\/li><li>Bagaj alan\u0131: 16 cu ft.<\/li><\/ul>\r\n\r\n\r\n\r\n<h3 class=\"wp-block-heading\"><span class=\"ez-toc-section\" id=\"2_Midsize_Private_Jets\"><\/span>2. Orta Boy \u00d6zel Jetler<span class=\"ez-toc-section-end\"><\/span><\/h3>\r\n\r\n\r\n\r\n<p>Orta b\u00fcy\u00fckl\u00fckteki u\u00e7aklar, maksimum 4 ila 5 saatlik u\u00e7u\u015f menziline sahip 6 ila 8 koltu\u011fa sahiptir. Daha uzun mesafelerde daha fazla esneklik ve konfor sundu\u011fu i\u00e7in ki\u015fisel ve i\u015f seyahatleri i\u00e7in idealdir.<\/p>\r\n\r\n\r\n\r\n<h4 class=\"wp-block-heading\"><span class=\"ez-toc-section\" id=\"Our_Recommendation_The_Hawker_800XP\"><\/span>Bizim Tavsiyemiz: Hawker 800XP<span class=\"ez-toc-section-end\"><\/span><\/h4>\r\n\r\n\r\n\r\n<p><a href=\"https:\/\/comparemyjet.com\/tr\/hawker-beechcraft\/\" data-internallinksmanager029f6b8e52c=\"153\" title=\"Hawker Beechcraft \u00d6zel Jetler ve U\u00e7aklar \u0130\u00e7in Nihai Rehber\">Hawker Beechcraft<\/a> 1997'den 2005'e kadar Hawker 800XP'yi \u00fcretti. Tam kapasite \u00e7al\u0131\u015f\u0131rken bile, u\u00e7u\u015funuzu konforlu hale getirmek i\u00e7in bol miktarda alan vard\u0131r.<\/p>\r\n\r\n\r\n\r\n<p>\u00d6zellikler:<\/p>\r\n\r\n\r\n\r\n<ul class=\"wp-block-list\"><li>Yolcu say\u0131s\u0131: 8;<\/li><li>Kabin hacmi: 723 cu ft;<\/li><li>Kabin uzunlu\u011fu: 21 ft 3 in\u00e7;&nbsp;<\/li><li>Kabin geni\u015fli\u011fi: 6 ft;<\/li><li>Kabin y\u00fcksekli\u011fi: 5 ft 8 in\u00e7;<\/li><li>Bagaj kapasitesi: 48 cu ft;<\/li><li>U\u00e7ak menzili: 3,038 nm;<\/li><li>Seyir h\u0131z\u0131: 488 mph.<\/li><\/ul>\r\n\r\n\r\n\r\n<h3 class=\"wp-block-heading\"><span class=\"ez-toc-section\" id=\"3_Super-Midsize_Private_Jets\"><\/span>3. S\u00fcper-Orta Boy \u00d6zel Jetler&nbsp;<span class=\"ez-toc-section-end\"><\/span><\/h3>\r\n\r\n\r\n\r\n<p>S\u00fcper orta boy bir u\u00e7ak, daha b\u00fcy\u00fck gruplar veya bir sonraki \u00fclkeler aras\u0131 seyahatiniz i\u00e7in harika bir se\u00e7enektir. Bu u\u00e7aklar, orta boy bir jetin \u00e7evikli\u011fini ve menzilini b\u00fcy\u00fck bir u\u00e7a\u011f\u0131n konforuyla birle\u015ftirerek ayakta durma odas\u0131, mutfaklar, bagaj eri\u015fimi, deri koltuklar ve katlan\u0131r i\u015f istasyonlar\u0131 sunar.<\/p>\r\n\r\n\r\n\r\n<h4 class=\"wp-block-heading\"><span class=\"ez-toc-section\" id=\"Our_Recommendation_Citation_X\"><\/span>Bizim Tavsiyemiz: At\u0131f X<span class=\"ez-toc-section-end\"><\/span><\/h4>\r\n\r\n\r\n\r\n<p>Bu <a href=\"https:\/\/comparemyjet.com\/tr\/cessna\/\" data-internallinksmanager029f6b8e52c=\"145\" title=\"Cessna \u00d6zel Jetler ve U\u00e7aklar \u0130\u00e7in Nihai Rehber\">Cessna<\/a> Citation X, \u00f6ncelikle k\u0131talararas\u0131 u\u00e7u\u015flar i\u00e7in tasarlanm\u0131\u015f uzun menzilli bir u\u00e7akt\u0131r. Cessna taraf\u0131ndan 1996 y\u0131l\u0131nda \u00fcretilmi\u015ftir ve halen \u00fcretimdedir. \u015eu anda \u00fcretimde olan d\u00fcnyan\u0131n en h\u0131zl\u0131 \u00fc\u00e7\u00fcnc\u00fc yolcu jetidir ve Citation serisindeki en b\u00fcy\u00fck u\u00e7akt\u0131r.<\/p>\r\n\r\n\r\n\r\n<p>Citation X'i \u00fcreterek Cessna, transatlantik bir menzili orta boy bir u\u00e7a\u011fa dahil etmeyi ba\u015fard\u0131.&nbsp;<\/p>\r\n\r\n\r\n\r\n<p>\u00d6zellikler:<\/p>\r\n\r\n\r\n\r\n<ul class=\"wp-block-list\"><li>Yolcu say\u0131s\u0131: 9;<\/li><li>Maksimum aral\u0131k: 3.300 nm;<\/li><li>Seyir h\u0131z\u0131: 605 mph;<\/li><li>Kabin hacmi: 725 cu ft;<\/li><li>Kabin uzunlu\u011fu: 23 ft 7 in\u00e7;&nbsp;<\/li><li>Kabin y\u00fcksekli\u011fi: 5 ft 6 in\u00e7;&nbsp;<\/li><li>Kabin geni\u015fli\u011fi: 5 ft 7 in\u00e7;<\/li><li>Bagaj kapasitesi: 82 cu ft;<\/li><li>\u00d6zel bir tuvalet ve tam donan\u0131ml\u0131 bir mutfak.<\/li><\/ul>\r\n\r\n\r\n\r\n<h3 class=\"wp-block-heading\"><span class=\"ez-toc-section\" id=\"4_Large_Private_Jets\"><\/span>4. B\u00fcy\u00fck \u00d6zel Jetler<span class=\"ez-toc-section-end\"><\/span><\/h3>\r\n\r\n\r\n\r\n<p>B\u00fcy\u00fck jetler uluslararas\u0131 seyahatlerinizde size ihtiyac\u0131n\u0131z olan l\u00fcks\u00fc ve alan\u0131 sa\u011flar. Ayr\u0131ca k\u00fc\u00e7\u00fck partiler i\u00e7in uygun uyku alanlar\u0131na sahip geni\u015f i\u00e7 mekanlara sahiptirler.<\/p>\r\n\r\n\r\n\r\n<p>Genellikle mutfak ve servis alan\u0131 i\u00e7eren tam donan\u0131ml\u0131 bir mutfa\u011fa sahiptirler.<\/p>\r\n\r\n\r\n\r\n<h4 class=\"wp-block-heading\"><span class=\"ez-toc-section\" id=\"Our_Recommendation_Bombardier_Challenger_650\"><\/span>Bizim Tavsiyemiz:  Bombardier Challenger 650&nbsp;<span class=\"ez-toc-section-end\"><\/span><\/h4>\r\n\r\n\r\n\r\n<p>\u00dcr\u00fcn yelpazesi ve performans\u0131 <a href=\"https:\/\/comparemyjet.com\/tr\/bombardier\/\" data-internallinksmanager029f6b8e52c=\"159\" title=\"Bombardier \u00d6zel Jetleri ve U\u00e7aklar\u0131 \u0130\u00e7in Nihai Rehber\">Bombardier<\/a> Challenger 650 ola\u011fan\u00fcst\u00fc. Geni\u015f kabini, uzun k\u0131talararas\u0131 \u00f6zel jet u\u00e7u\u015flar\u0131nda maksimum konfor i\u00e7in u\u00e7ak i\u00e7i olanaklar sa\u011flar. Konferans masas\u0131n\u0131 i\u015f i\u00e7in kullanabilir ve en g\u00fcncel HD ve Wi-Fi e\u011flence se\u00e7eneklerinin keyfini \u00e7\u0131karabilir ve dinlenebilirsiniz.&nbsp;<\/p>\r\n\r\n\r\n\r\n<p>\u00d6zellikler:<\/p>\r\n\r\n\r\n\r\n<ul class=\"wp-block-list\"><li>Yolcu say\u0131s\u0131: 11;<\/li><li>Kabin geni\u015fli\u011fi: 7 ft 92 in\u00e7;<\/li><li>Kabin uzunlu\u011fu: 28 ft 4 in\u00e7;<\/li><li>U\u00e7u\u015f aral\u0131\u011f\u0131: 8:45 saat;<\/li><li>Maksimum seyir h\u0131z\u0131: 540 mph;<\/li><li>Tam hizmet mutfa\u011f\u0131;<\/li><li>Bir u\u00e7u\u015f g\u00f6revlisi.<\/li><\/ul>\r\n\r\n\r\n\r\n<h3 class=\"wp-block-heading\"><span class=\"ez-toc-section\" id=\"5_Long-Range_Private_Jets\"><\/span>5. Uzun Menzilli \u00d6zel Jetler<span class=\"ez-toc-section-end\"><\/span><\/h3>\r\n\r\n\r\n\r\n<p>Boyutlar\u0131 sayesinde bu u\u00e7aklar ayr\u0131 \u00e7al\u0131\u015fma, yemek ve dinlenme alanlar\u0131 ve en \u00fcst d\u00fczey olanaklar sunar.<\/p>\r\n\r\n\r\n\r\n<p>Uzun menzilli u\u00e7aklar, yak\u0131t ikmali i\u00e7in durmak zorunda kalmadan var\u0131\u015f noktalar\u0131na ula\u015fmak isteyen \u00f6zel gezginler i\u00e7in idealdir. Kesintisiz k\u0131talararas\u0131 u\u00e7u\u015flar i\u00e7in tasarlanm\u0131\u015flard\u0131r.<\/p>\r\n\r\n\r\n\r\n<h4 class=\"wp-block-heading\"><span class=\"ez-toc-section\" id=\"Our_Recommendation_The_Gulfstream_G450\"><\/span>Bizim Tavsiyemiz: Gulfstream G450&nbsp;<span class=\"ez-toc-section-end\"><\/span><\/h4>\r\n\r\n\r\n\r\n<p>Bu <a href=\"https:\/\/comparemyjet.com\/tr\/gulfstream\/\" data-internallinksmanager029f6b8e52c=\"175\" title=\"Gulfstream \u00d6zel Jetler ve U\u00e7aklar \u0130\u00e7in Nihai Rehber\">Gulfstream<\/a> G450 \u00f6ncelikle uzun mesafeli seyahatler i\u00e7in tasarlanm\u0131\u015ft\u0131r ve garantili konfor ve g\u00fcvenlik sunar. Yak\u0131t ikmali i\u00e7in durmak zorunda kalmadan 5.000 mil veya neredeyse 10 saat boyunca u\u00e7abilirler.<\/p>\r\n\r\n\r\n\r\n<p>Bu u\u00e7ak, t\u00fcm yolcular\u0131n seyahatleri i\u00e7in ihtiya\u00e7 duyabilecekleri her \u015feyi yanlar\u0131nda getirmelerine olanak tan\u0131yan, tam donan\u0131ml\u0131 bir mutfa\u011fa ve \u00f6nemli miktarda bagaj alan\u0131na sahip geni\u015f bir kabine sahiptir.<\/p>\r\n\r\n\r\n\r\n<p>\u00d6zellikler:<\/p>\r\n\r\n\r\n\r\n<ul class=\"wp-block-list\"><li>Yolcu say\u0131s\u0131: 14;<\/li><li>Kabin geni\u015fli\u011fi: 7 ft;<\/li><li>Kabin uzunlu\u011fu: 45 ft 1 in\u00e7;<\/li><li>Bagaj alan\u0131: 169 cu ft;<\/li><li>U\u00e7u\u015f menzili: 5,000 statute mil;<\/li><li>Dayan\u0131kl\u0131l\u0131k: 9:45 saate kadar;&nbsp;<\/li><li>Maksimum seyir h\u0131z\u0131: 547 mph;<\/li><li>Wi-Fi;<\/li><li>Evrensel g\u00fc\u00e7 \u00e7\u0131k\u0131\u015flar\u0131;<\/li><li>DVD oynat\u0131c\u0131 ve video monit\u00f6rleri;<\/li><li>Bir u\u00e7u\u015f g\u00f6revlisi.<\/li><\/ul>\r\n\r\n\r\n\r\n<h2 class=\"wp-block-heading\"><span class=\"ez-toc-section\" id=\"Company_Safety_Policy_and_Standards\"><\/span>\u015eirket G\u00fcvenlik Politikas\u0131 ve Standartlar\u0131<span class=\"ez-toc-section-end\"><\/span><\/h2>\r\n\r\n\r\n\r\n<figure class=\"wp-block-image size-full is-style-default\"><img loading=\"lazy\" decoding=\"async\" width=\"1000\" height=\"667\" src=\"https:\/\/comparemyjet.com\/wp-content\/uploads\/2022\/09\/pilot.boarding.on_.a.private.jet_.jpg\" alt=\"\" class=\"wp-image-3231\" srcset=\"https:\/\/comparemyjet.com\/wp-content\/uploads\/2022\/09\/pilot.boarding.on_.a.private.jet_-18x12.jpg 18w, https:\/\/comparemyjet.com\/wp-content\/uploads\/2022\/09\/pilot.boarding.on_.a.private.jet_-300x200.jpg 300w, https:\/\/comparemyjet.com\/wp-content\/uploads\/2022\/09\/pilot.boarding.on_.a.private.jet_-768x512.jpg 768w, https:\/\/comparemyjet.com\/wp-content\/uploads\/2022\/09\/pilot.boarding.on_.a.private.jet_.jpg 1000w\" sizes=\"auto, (max-width: 1000px) 100vw, 1000px\" \/><\/figure>\r\n\r\n\r\n\r\n<p>Jet Algo, ARGUS Gold veya Platinum akreditasyonunu kullan\u0131r <a href=\"https:\/\/www.faa.gov\/licenses_certificates\/airline_certification\/135_certification\/general_info\" target=\"_blank\" rel=\"noopener\">B\u00f6l\u00fcm 135<\/a> Operat\u00f6rler. Onlar\u0131n yard\u0131m\u0131yla Jet Algo, en \u00fcst d\u00fczey \u00f6zel havac\u0131l\u0131k seyahati olarak hayal etti\u011finiz \u015feyi \u00f6nemli bir indirimle sunar. <\/p>\r\n\r\n\r\n\r\n<h2 class=\"wp-block-heading\"><span class=\"ez-toc-section\" id=\"Conclusion\"><\/span>Sonu\u00e7<span class=\"ez-toc-section-end\"><\/span><\/h2>\r\n\r\n\r\n\r\n<p>Jet Algo, nihai fiyat\u0131 hesaplarken t\u00fcm ko\u015fullar\u0131 g\u00f6z \u00f6n\u00fcnde bulundurarak u\u00e7uculara \u00f6zel charter hizmeti sunmaktad\u0131r. \u00d6rne\u011fin, resmi tatiller gibi y\u0131l\u0131n en yo\u011fun g\u00fcnlerinde seyahat etmek istiyorsan\u0131z, muhtemelen standart fiyatlardan daha fazla \u00f6deme yapman\u0131z gerekecektir.<\/p>\r\n\r\n\r\n\r\n<p>Tarihler konusunda esnek olursan\u0131z daha iyi bir sabit fiyat alabilirsiniz. Daha iyi fiyatlar almak i\u00e7in Jet Algo'nun yedek g\u00fcnler \u00f6nermesini etkinle\u015ftirmeniz yeterlidir.\u00a0<\/p>\r\n\r\n\r\n\r\n<p>U\u00e7u\u015funuzu \u00f6zelle\u015ftirmek; planlama, programlama ve do\u011fru u\u00e7a\u011f\u0131 ve yeme\u011fi, u\u00e7u\u015f g\u00f6revlilerini ve evcil hayvan\u0131n\u0131zla u\u00e7mak gibi di\u011fer \u00f6zel istekleri bulmay\u0131 i\u00e7erir. T\u0131pk\u0131 size \u00f6zel u\u00e7u\u015funuz gibi her \u015fey dahil \u00f6zel bir fiyat alacaks\u0131n\u0131z.<\/p>","protected":false},"excerpt":{"rendered":"<p>Jet Algo, Morristown, New Jersey merkezli \u00f6zel bir charter firmas\u0131d\u0131r. Di\u011fer \u015firketlerden farkl\u0131 olmalar\u0131n\u0131n bir yolu, m\u00fc\u015fterilerin profillerine ve seyahat g\u00fczergahlar\u0131na g\u00f6re uyarlanm\u0131\u015f fiyat tahminlerini hesaplamak i\u00e7in patentli algoritmalar kullanmalar\u0131d\u0131r. Algoritmalar\u0131n\u0131n yard\u0131m\u0131yla, seyahat program\u0131n\u0131za g\u00f6re bir \u00f6deme sistemi olu\u015ftururlar.  \u015eirket ...<\/p>","protected":false},"author":2,"featured_media":3229,"parent":0,"menu_order":0,"comment_status":"closed","ping_status":"closed","template":"","meta":{"_acf_changed":false,"_genesis_hide_title":false,"_genesis_hide_breadcrumbs":false,"_genesis_hide_singular_image":false,"_genesis_hide_footer_widgets":false,"_genesis_custom_body_class":"","_genesis_custom_post_class":"","_genesis_layout":"","footnotes":""},"class_list":{"1":"page","2":"type-page","6":"entry"},"acf":[],"_links":{"self":[{"href":"https:\/\/comparemyjet.com\/tr\/wp-json\/wp\/v2\/pages\/3228","targetHints":{"allow":["GET"]}}],"collection":[{"href":"https:\/\/comparemyjet.com\/tr\/wp-json\/wp\/v2\/pages"}],"about":[{"href":"https:\/\/comparemyjet.com\/tr\/wp-json\/wp\/v2\/types\/page"}],"author":[{"embeddable":true,"href":"https:\/\/comparemyjet.com\/tr\/wp-json\/wp\/v2\/users\/2"}],"replies":[{"embeddable":true,"href":"https:\/\/comparemyjet.com\/tr\/wp-json\/wp\/v2\/comments?post=3228"}],"version-history":[{"count":3,"href":"https:\/\/comparemyjet.com\/tr\/wp-json\/wp\/v2\/pages\/3228\/revisions"}],"predecessor-version":[{"id":3466,"href":"https:\/\/comparemyjet.com\/tr\/wp-json\/wp\/v2\/pages\/3228\/revisions\/3466"}],"wp:featuredmedia":[{"embeddable":true,"href":"https:\/\/comparemyjet.com\/tr\/wp-json\/wp\/v2\/media\/3229"}],"wp:attachment":[{"href":"https:\/\/comparemyjet.com\/tr\/wp-json\/wp\/v2\/media?parent=3228"}],"curies":[{"name":"wp","href":"https:\/\/api.w.org\/{rel}","templated":true}]}}