{"id":3248,"date":"2022-09-20T00:02:25","date_gmt":"2022-09-20T00:02:25","guid":{"rendered":"https:\/\/comparemyjet.com\/?page_id=3248"},"modified":"2025-09-04T10:00:03","modified_gmt":"2025-09-04T10:00:03","slug":"qatar-executive","status":"publish","type":"page","link":"https:\/\/comparemyjet.com\/tr\/qatar-executive\/","title":{"rendered":"Katar Y\u00f6netici U\u00e7u\u015f Fiyatland\u0131rmas\u0131"},"content":{"rendered":"<p><a href=\"https:\/\/comparemyjet.com\/tr\/private-tours\/doha-private-tours\/\" data-internallinksmanager029f6b8e52c=\"346\" title=\"$77.00&#039;dan ba\u015flayan fiyatlarla En \u0130yi 11 Doha \u00d6zel Turu\">Doha<\/a>-Uzun menzilli filosu ve her u\u00e7u\u015fta sundu\u011fu l\u00fcks jet olanaklar\u0131yla tan\u0131nan Katar merkezli Qatar Executive <a href=\"https:\/\/comparemyjet.com\/tr\/how-do-you-rent-or-charter-a-private-jet\/\" data-internallinksmanager029f6b8e52c=\"15\" title=\"\u00d6zel Jet Nas\u0131l Kiralan\u0131r veya Kiraya Verilir?\">\u00f6zel jet ki\u0307ralama<\/a> d\u00fcnyan\u0131n her yerinde hizmet vermektedir. Charter var\u0131\u015f ve kalk\u0131\u015flar\u0131 i\u00e7in en pop\u00fcler yerler \u015funlard\u0131r:<\/p>\r\n\r\n\r\n\r\n<ul class=\"wp-block-list\"><li>Katar'dan ABD ve Avrupa'ya;<\/li><li>Rusya'dan Do\u011fu ve G\u00fcneydo\u011fu Asya'ya;<\/li><li>Avrupa'dan ABD'nin Do\u011fu ve Bat\u0131 k\u0131y\u0131lar\u0131na kadar.<\/li><\/ul>\r\n\r\n\r\n\r\n<p>Qatar Executive'in neler sundu\u011funu daha ayr\u0131nt\u0131l\u0131 olarak g\u00f6relim.<\/p>\r\n\r\n\r\n\r\n<div id=\"ez-toc-container\" class=\"ez-toc-v2_0_76 counter-hierarchy ez-toc-counter ez-toc-grey ez-toc-container-direction\">\n<p class=\"ez-toc-title\" style=\"cursor:inherit\">Konular<\/p>\n<label for=\"ez-toc-cssicon-toggle-item-69f77770e3464\" class=\"ez-toc-cssicon-toggle-label\"><span class=\"\"><span class=\"eztoc-hide\" style=\"display:none;\">Ge\u00e7i\u015f<\/span><span class=\"ez-toc-icon-toggle-span\"><svg style=\"fill: #999;color:#999\" xmlns=\"http:\/\/www.w3.org\/2000\/svg\" class=\"list-377408\" width=\"20px\" height=\"20px\" viewbox=\"0 0 24 24\" fill=\"none\"><path d=\"M6 6H4v2h2V6zm14 0H8v2h12V6zM4 11h2v2H4v-2zm16 0H8v2h12v-2zM4 16h2v2H4v-2zm16 0H8v2h12v-2z\" fill=\"currentColor\"><\/path><\/svg><svg style=\"fill: #999;color:#999\" class=\"arrow-unsorted-368013\" xmlns=\"http:\/\/www.w3.org\/2000\/svg\" width=\"10px\" height=\"10px\" viewbox=\"0 0 24 24\" version=\"1.2\" baseprofile=\"tiny\"><path d=\"M18.2 9.3l-6.2-6.3-6.2 6.3c-.2.2-.3.4-.3.7s.1.5.3.7c.2.2.4.3.7.3h11c.3 0 .5-.1.7-.3.2-.2.3-.5.3-.7s-.1-.5-.3-.7zM5.8 14.7l6.2 6.3 6.2-6.3c.2-.2.3-.5.3-.7s-.1-.5-.3-.7c-.2-.2-.4-.3-.7-.3h-11c-.3 0-.5.1-.7.3-.2.2-.3.5-.3.7s.1.5.3.7z\"\/><\/svg><\/span><\/span><\/label><input type=\"checkbox\"  id=\"ez-toc-cssicon-toggle-item-69f77770e3464\" checked aria-label=\"Ge\u00e7i\u015f\" \/><nav><ul class='ez-toc-list ez-toc-list-level-1' ><li class='ez-toc-page-1 ez-toc-heading-level-2'><a class=\"ez-toc-link ez-toc-heading-1\" href=\"https:\/\/comparemyjet.com\/tr\/qatar-executive\/#About_the_Company\" >\u015eirket Hakk\u0131nda<\/a><\/li><li class='ez-toc-page-1 ez-toc-heading-level-2'><a class=\"ez-toc-link ez-toc-heading-2\" href=\"https:\/\/comparemyjet.com\/tr\/qatar-executive\/#Membership_Programs\" >\u00dcyelik Programlar\u0131<\/a><\/li><li class='ez-toc-page-1 ez-toc-heading-level-2'><a class=\"ez-toc-link ez-toc-heading-3\" href=\"https:\/\/comparemyjet.com\/tr\/qatar-executive\/#Pricing\" >Fiyatland\u0131rma<\/a><\/li><li class='ez-toc-page-1 ez-toc-heading-level-2'><a class=\"ez-toc-link ez-toc-heading-4\" href=\"https:\/\/comparemyjet.com\/tr\/qatar-executive\/#Additional_Services\" >Ek Hizmetler<\/a><ul class='ez-toc-list-level-3' ><li class='ez-toc-heading-level-3'><a class=\"ez-toc-link ez-toc-heading-5\" href=\"https:\/\/comparemyjet.com\/tr\/qatar-executive\/#Aircraft_Management\" >U\u00e7ak Y\u00f6netimi<\/a><\/li><li class='ez-toc-page-1 ez-toc-heading-level-3'><a class=\"ez-toc-link ez-toc-heading-6\" href=\"https:\/\/comparemyjet.com\/tr\/qatar-executive\/#Aircraft_Servicing_and_Maintenance\" >U\u00e7ak Servis ve Bak\u0131m\u0131&nbsp;<\/a><\/li><\/ul><\/li><li class='ez-toc-page-1 ez-toc-heading-level-2'><a class=\"ez-toc-link ez-toc-heading-7\" href=\"https:\/\/comparemyjet.com\/tr\/qatar-executive\/#The_Fleet\" >Filo&nbsp;<\/a><ul class='ez-toc-list-level-3' ><li class='ez-toc-heading-level-3'><a class=\"ez-toc-link ez-toc-heading-8\" href=\"https:\/\/comparemyjet.com\/tr\/qatar-executive\/#1_The_Gulfstream_G650ER\" >1. The Gulfstream G650ER&nbsp;<\/a><\/li><li class='ez-toc-page-1 ez-toc-heading-level-3'><a class=\"ez-toc-link ez-toc-heading-9\" href=\"https:\/\/comparemyjet.com\/tr\/qatar-executive\/#2_Bombardier_Global_Express_XRS\" >2. Bombardier Global Express XRS<\/a><\/li><li class='ez-toc-page-1 ez-toc-heading-level-3'><a class=\"ez-toc-link ez-toc-heading-10\" href=\"https:\/\/comparemyjet.com\/tr\/qatar-executive\/#3_The_Gulfstream_G5000\" >3. Gulfstream G5000<\/a><\/li><\/ul><\/li><li class='ez-toc-page-1 ez-toc-heading-level-2'><a class=\"ez-toc-link ez-toc-heading-11\" href=\"https:\/\/comparemyjet.com\/tr\/qatar-executive\/#Company_Safety_Policy_and_Standards\" >\u015eirket G\u00fcvenlik Politikas\u0131 ve Standartlar\u0131<\/a><\/li><li class='ez-toc-page-1 ez-toc-heading-level-2'><a class=\"ez-toc-link ez-toc-heading-12\" href=\"https:\/\/comparemyjet.com\/tr\/qatar-executive\/#Pilots\" >Pilotlar<\/a><\/li><li class='ez-toc-page-1 ez-toc-heading-level-2'><a class=\"ez-toc-link ez-toc-heading-13\" href=\"https:\/\/comparemyjet.com\/tr\/qatar-executive\/#Qatar_Executive_FBO\" >Katar Y\u00f6netici FBO<\/a><\/li><li class='ez-toc-page-1 ez-toc-heading-level-2'><a class=\"ez-toc-link ez-toc-heading-14\" href=\"https:\/\/comparemyjet.com\/tr\/qatar-executive\/#Conclusion\" >Sonu\u00e7<\/a><\/li><\/ul><\/nav><\/div>\n<h2 class=\"wp-block-heading\"><span class=\"ez-toc-section\" id=\"About_the_Company\"><\/span>\u015eirket Hakk\u0131nda<span class=\"ez-toc-section-end\"><\/span><\/h2>\r\n\r\n\r\n\r\n<p>Katarl\u0131 bir kraliyet ailesi taraf\u0131ndan kurulan Qatar Airways, havac\u0131l\u0131k sekt\u00f6r\u00fcne 1994 y\u0131l\u0131nda girmi\u015ftir. Di\u011fer havayollar\u0131n\u0131n aksine, Qatar Airways ticari filosuna ek olarak kendi \u00f6zel u\u00e7ak filosuna da sahiptir. Havayolunun yan kurulu\u015fu Qatar Executive, 2009 y\u0131l\u0131nda kuruldu ve esas olarak u\u00e7uyor <a href=\"https:\/\/comparemyjet.com\/tr\/gulfstream\/\" data-internallinksmanager029f6b8e52c=\"175\" title=\"Gulfstream \u00d6zel Jetler ve U\u00e7aklar \u0130\u00e7in Nihai Rehber\">Gulfstream<\/a> l\u00fcks u\u00e7ak.&nbsp;<\/p>\r\n\r\n\r\n\r\n<p>Qatar Executive'in tamam\u0131na sahip oldu\u011fu i\u015f jeti filosu, Doha Uluslararas\u0131 Havaliman\u0131'ndaki genel merkezinden uluslararas\u0131 charter i\u00e7in \u00e7arp\u0131c\u0131 jet hizmetleri sunmaktad\u0131r. M\u00fc\u015fteriler, u\u00e7ucular\u0131n saatlik fiyatlarla u\u00e7u\u015f rezervasyonu yapmalar\u0131na olanak tan\u0131yan s\u00f6zle\u015fmeye dayal\u0131 bir program olan Blok Saat Anla\u015fmas\u0131na eri\u015febilirler.<\/p>\r\n\r\n\r\n\r\n<p>Havayolunun Orta Do\u011fu'ya, uluslararas\u0131 i\u015f seyahati toplulu\u011funa ve d\u00fcnya \u00e7ap\u0131ndaki g\u00fc\u00e7l\u00fc geni\u015fleme plan\u0131na verdi\u011fi s\u00fcrekli destek, Qatar Executive'e de yans\u0131yor.<\/p>\r\n\r\n\r\n\r\n<p>Ayr\u0131ca Qatar Executive, yabanc\u0131 havayollar\u0131na, \u00fcst d\u00fczey devlet yetkililerine, \u00f6zel u\u00e7aklara ve hava kargo ta\u015f\u0131y\u0131c\u0131lar\u0131na yer hizmetleri sa\u011flamak i\u00e7in 52'den fazla farkl\u0131 milletten ve k\u00fclt\u00fcrden y\u00fcksek nitelikli personelle \u00e7al\u0131\u015fmaktad\u0131r.&nbsp;<\/p>\r\n\r\n\r\n\r\n<p>\u00dcyelik programlar\u0131n\u0131 inceleyelim ve di\u011fer hizmetlerle devam edelim.<\/p>\r\n\r\n\r\n\r\n<h2 class=\"wp-block-heading\"><span class=\"ez-toc-section\" id=\"Membership_Programs\"><\/span>\u00dcyelik Programlar\u0131<span class=\"ez-toc-section-end\"><\/span><\/h2>\r\n\r\n\r\n\r\n<p>M\u00fc\u015fteriler, Qatar Executive'in benzersiz ve ayr\u0131cal\u0131kl\u0131 uygulamas\u0131 arac\u0131l\u0131\u011f\u0131yla son teknoloji \u00fcr\u00fcn\u00fc b\u00fcy\u00fck ve ultra uzun menzilli \u00f6zel u\u00e7aklarda belirli saatlik \u00fccretlerle u\u00e7u\u015f s\u00fcresini \u00f6nceden sat\u0131n alabilirler. <a href=\"https:\/\/www.qatarexec.com.qa\/en\/Services\/Agreement\" target=\"_blank\" rel=\"noopener\">Blok Saat S\u00f6zle\u015fmesi<\/a>.<\/p>\r\n\r\n\r\n\r\n<p>Blok Anla\u015fma, her bir u\u00e7ucunun zevkine ve beklentilerine \u00f6zel olarak uygun ola\u011fan\u00fcst\u00fc bir u\u00e7u\u015f deneyimi sunar.<\/p>\r\n\r\n\r\n\r\n<p>Bu programa kat\u0131lmak i\u00e7in m\u00fc\u015fterilerin herhangi bir ek \u00fcyelik maliyeti olmaks\u0131z\u0131n en az 50 saatlik u\u00e7u\u015f s\u00fcresi sat\u0131n almalar\u0131 gerekmektedir. Hem u\u00e7u\u015f saatleri hem de taksi s\u00fcresi sabit saatlik fiyata dahildir. Ayr\u0131ca, m\u00fc\u015fteriler u\u00e7u\u015ftan 72 saat \u00f6ncesine kadar yap\u0131lan rezervasyonlar i\u00e7in garantili m\u00fcsaitlik durumundan yararlan\u0131rlar.<\/p>\r\n\r\n\r\n\r\n<h2 class=\"wp-block-heading\"><span class=\"ez-toc-section\" id=\"Pricing\"><\/span>Fiyatland\u0131rma<span class=\"ez-toc-section-end\"><\/span><\/h2>\r\n\r\n\r\n\r\n<p>M\u00fc\u015fterilerin fiyat\u0131 ba\u015fvurudan sonra almalar\u0131 nedeniyle Qatar Airways, Qatar Executive i\u00e7in herhangi bir \u00f6zel fiyat aral\u0131\u011f\u0131 veya alternatifi a\u00e7\u0131klamamaktad\u0131r.<\/p>\r\n\r\n\r\n\r\n<p>Qatar Executive'in \u015fu raporundan nelerle kar\u015f\u0131la\u015fabilece\u011finize dair genel bir fikir edinebilirsiniz <a href=\"https:\/\/www.qatarexec.com.qa\/CommonMediaFiles\/PDF\/QEFBOflyer.pdf\" target=\"_blank\" rel=\"noopener\">T\u00fcm fiyat ve hizmetlerin pdf listesi<\/a>.<\/p>\r\n\r\n\r\n\r\n<h2 class=\"wp-block-heading\"><span class=\"ez-toc-section\" id=\"Additional_Services\"><\/span>Ek Hizmetler<span class=\"ez-toc-section-end\"><\/span><\/h2>\r\n\r\n\r\n\r\n<p>Qatar Executive, u\u00e7ak kiralama d\u0131\u015f\u0131nda baz\u0131 ek hizmetler de sunmaktad\u0131r.<\/p>\r\n\r\n\r\n\r\n<h3 class=\"wp-block-heading\"><span class=\"ez-toc-section\" id=\"Aircraft_Management\"><\/span>U\u00e7ak Y\u00f6netimi<span class=\"ez-toc-section-end\"><\/span><\/h3>\r\n\r\n\r\n\r\n<p>Bu rolde Qatar Executive bir dan\u0131\u015fman olarak hizmet vermekte, gerekti\u011finde y\u00f6nlendirme yapmakta ve m\u00fc\u015fterilerin taleplerini kar\u015f\u0131laman\u0131n en ekonomik yolu konusunda tavsiyelerde bulunmaktad\u0131r. M\u00fc\u015fteriler, \u00f6zel bir y\u00f6netim \u00e7\u00f6z\u00fcm\u00fc se\u00e7ebilir - \u00f6zel kullan\u0131m veya u\u00e7a\u011f\u0131n toplam fiyatta \u00f6nemli maliyet tasarrufu kar\u015f\u0131l\u0131\u011f\u0131nda di\u011fer m\u00fc\u015fterilere kiraland\u0131\u011f\u0131 ticari bir y\u00f6netim \u00e7\u00f6z\u00fcm\u00fc.<\/p>\r\n\r\n\r\n\r\n<h3 class=\"wp-block-heading\"><span class=\"ez-toc-section\" id=\"Aircraft_Servicing_and_Maintenance\"><\/span>U\u00e7ak Servis ve Bak\u0131m\u0131&nbsp;<span class=\"ez-toc-section-end\"><\/span><\/h3>\r\n\r\n\r\n\r\n<p>Qatar Executive uluslararas\u0131 havayolu \u015firketlerine, devlet yetkililerine, \u00f6zel u\u00e7aklara ve hava kargo ta\u015f\u0131mac\u0131l\u0131\u011f\u0131na yer hizmetleri ve sabit \u00fcs operasyonlar\u0131 sa\u011flamaktad\u0131r. Qatar Executive'in yetenekli ve fabrikada e\u011fitim alm\u0131\u015f teknik uzmanlardan olu\u015fan kadrosu sayesinde, t\u00fcm u\u00e7ak bak\u0131m g\u00f6revleri en y\u00fcksek standartlarda ger\u00e7ekle\u015ftirilmektedir. Challenger 604\/605, Global XRS, 5000 ve Gulfstream G650\/G500, Qatar Executives'in \u00fcs ve hat bak\u0131m\u0131 yapabildi\u011fi u\u00e7aklar aras\u0131ndad\u0131r.&nbsp;<\/p>\r\n\r\n\r\n\r\n<h2 class=\"wp-block-heading\"><span class=\"ez-toc-section\" id=\"The_Fleet\"><\/span>Filo&nbsp;<span class=\"ez-toc-section-end\"><\/span><\/h2>\r\n\r\n\r\n\r\n<figure class=\"wp-block-image size-full is-style-default\"><img loading=\"lazy\" decoding=\"async\" width=\"1000\" height=\"665\" src=\"https:\/\/comparemyjet.com\/wp-content\/uploads\/2022\/09\/Qatar-Executive.jpg\" alt=\"Katar Y\u00f6neticisi\" class=\"wp-image-3249\" srcset=\"https:\/\/comparemyjet.com\/wp-content\/uploads\/2022\/09\/Qatar-Executive-18x12.jpg 18w, https:\/\/comparemyjet.com\/wp-content\/uploads\/2022\/09\/Qatar-Executive-300x200.jpg 300w, https:\/\/comparemyjet.com\/wp-content\/uploads\/2022\/09\/Qatar-Executive-768x511.jpg 768w, https:\/\/comparemyjet.com\/wp-content\/uploads\/2022\/09\/Qatar-Executive.jpg 1000w\" sizes=\"auto, (max-width: 1000px) 100vw, 1000px\" \/><\/figure>\r\n\r\n\r\n\r\n<p>Qatar Executive ile \u00f6zel jet kiralad\u0131\u011f\u0131n\u0131zda, filolar\u0131na do\u011frudan eri\u015fiminiz olacak ve en modern Gulfstream ve <a href=\"https:\/\/comparemyjet.com\/tr\/bombardier\/\" data-internallinksmanager029f6b8e52c=\"159\" title=\"Bombardier \u00d6zel Jetleri ve U\u00e7aklar\u0131 \u0130\u00e7in Nihai Rehber\">Bombardier<\/a> u\u00e7aklar en son g\u00fcvenlik standartlar\u0131na g\u00f6re y\u00f6netilmektedir. Bu jetler yaln\u0131zca \u00f6zel kiralama i\u00e7indir ve Qatar Airways taraf\u0131ndan d\u00fczenli olarak tarifeli ticari u\u00e7u\u015flar i\u00e7in kullan\u0131lmamaktad\u0131r.&nbsp;<\/p>\r\n\r\n\r\n\r\n<p>Gulfstream G650ER, Bombardier Global Express XRS, ve Gulfstream G500 havayolunun mevcut u\u00e7aklar\u0131d\u0131r ve say\u0131lar\u0131 yakla\u015f\u0131k 20'dir.&nbsp;<\/p>\r\n\r\n\r\n\r\n<p>T\u00fcm bu jetlerin ortak noktas\u0131, t\u0131pk\u0131 di\u011fer \u015firketlerin \u00f6zel u\u00e7aklar\u0131 gibi, geni\u015f oturma konfig\u00fcrasyonlar\u0131na sahip zengin i\u00e7 mekanlar, yemek alan\u0131 ve di\u011fer i\u015flevsel alanlar ve mobilyalar gibi \u00f6zelliklerdir. \u0130\u00e7 mekanlar\u0131, birlikte seyahat eden k\u00fc\u00e7\u00fck, se\u00e7ilmi\u015f bir grup yolcu d\u00fc\u015f\u00fcn\u00fclerek tasarlanm\u0131\u015ft\u0131r, bu nedenle \u00e7ok i\u015flevsel ve estetik a\u00e7\u0131dan ho\u015ftur.<\/p>\r\n\r\n\r\n\r\n<p>Qatar Executive filosundaki ilk \u00fc\u00e7 u\u00e7ak modeline bir g\u00f6z atal\u0131m ve performanslar\u0131n\u0131, boyutlar\u0131n\u0131 ve olanaklar\u0131n\u0131 g\u00f6relim.&nbsp;<\/p>\r\n\r\n\r\n\r\n<h3 class=\"wp-block-heading\"><span class=\"ez-toc-section\" id=\"1_The_Gulfstream_G650ER\"><\/span>1. The Gulfstream G650ER&nbsp;<span class=\"ez-toc-section-end\"><\/span><\/h3>\r\n\r\n\r\n\r\n<p>Gulfstream G650ER, ultra uzun menzilli i\u015f jetlerinin bir \u00fcyesidir ve ola\u011fan\u00fcst\u00fc motoru ile piyasadaki en h\u0131zl\u0131 jetlerden biridir.&nbsp;<\/p>\r\n\r\n\r\n\r\n<p><a href=\"https:\/\/www.onemoreorbit.com\/\" target=\"_blank\" rel=\"noopener\">Bir Y\u00f6r\u00fcnge Daha<\/a> her iki kutup \u00fczerinden gezegenin etraf\u0131n\u0131 en h\u0131zl\u0131 \u015fekilde dola\u015farak Guinness rekorunu k\u0131rmaya y\u00f6nelik ba\u015far\u0131l\u0131 bir uluslararas\u0131 giri\u015fimdir. Bu g\u00f6rev i\u00e7in Qatar Executive'e ait bir u\u00e7a\u011f\u0131 kullanan ekip, d\u00fcnya \u00e7evresinde kutuptan kutba en h\u0131zl\u0131 yolculuk i\u00e7in bir \u00f6nceki rekoru k\u0131rd\u0131. 2019 y\u0131l\u0131nda, bir \u00f6nceki 52 saat 32 dakikal\u0131k rekoru ge\u00e7erek G50ER ile 46 saat 40 dakikal\u0131k yeni bir rekor k\u0131rd\u0131lar.&nbsp;<\/p>\r\n\r\n\r\n\r\n<p>Se\u00e7kin Gulfstream G650ER, 45 fitin biraz \u00fczerinde bir kabin uzunlu\u011funa sahiptir ve do\u011frudan Asya ile Afrika aras\u0131nda veya Orta Do\u011fu ile Kuzey Amerika aras\u0131nda u\u00e7an 13 yolcuyu bar\u0131nd\u0131rabilir. D\u00fcnyan\u0131n yar\u0131s\u0131na gitmesi gereken ki\u015filer i\u00e7in en iyi u\u00e7akt\u0131r, \u00e7\u00fcnk\u00fc kendi boyutundaki herhangi bir jetten daha uza\u011fa ve daha h\u0131zl\u0131 seyahat edebilir.<\/p>\r\n\r\n\r\n\r\n<p>U\u00e7a\u011f\u0131n operasyonel yetenekleri, i\u00e7 teknolojisi, yak\u0131t kullan\u0131m\u0131 ve yolcu g\u00fcvenli\u011fi onu \u00e7ok aranan bir jet haline getiriyor. Qatar Executive Gulfstream G650ER, 7.500 nm menzili ile s\u0131n\u0131f\u0131ndaki di\u011fer t\u00fcm u\u00e7aklardan daha h\u0131zl\u0131 ve daha uza\u011fa u\u00e7ma yetene\u011fine sahiptir.<\/p>\r\n\r\n\r\n\r\n<p>\u00d6zellikler ve olanaklar:<\/p>\r\n\r\n\r\n\r\n<ul class=\"wp-block-list\"><li>Yolcu say\u0131s\u0131: 13;<\/li><li>Kabin y\u00fcksekli\u011fi: 6 ft 5 in\u00e7;<\/li><li>Kabin geni\u015fli\u011fi: 8 ft 6 in\u00e7;<\/li><li>Kabin uzunlu\u011fu: 46 ft 10 in\u00e7;<\/li><li>Maksimum irtifa: 51,000 ft;<\/li><li>Maksimum h\u0131z: 1,132 km\/sa;<\/li><li>U\u00e7u\u015f menzili: 7,500 nm;<\/li><li>M\u00fcrettebat: 2 pilot, 1 u\u00e7u\u015f g\u00f6revlisi;<\/li><li>20 torbaya izin var;<\/li><li>WiFi;<\/li><li>Uyku odas\u0131;<\/li><li>Sigara i\u00e7ilebilir.&nbsp;<\/li><\/ul>\r\n\r\n\r\n\r\n<h3 class=\"wp-block-heading\"><span class=\"ez-toc-section\" id=\"2_Bombardier_Global_Express_XRS\"><\/span>2. Bombardier Global Express XRS<span class=\"ez-toc-section-end\"><\/span><\/h3>\r\n\r\n\r\n\r\n<p>Bombardier Global Express XRS, son teknoloji u\u00e7u\u015f g\u00fcvertesi ortam\u0131 ve sessiz bir kabin gibi uluslararas\u0131 bir u\u00e7u\u015f i\u00e7in gereken en iyi performanslara sahip ideal bir i\u015f jetidir.<\/p>\r\n\r\n\r\n\r\n<p>\u00d6zellikler ve olanaklar:<\/p>\r\n\r\n\r\n\r\n<ul class=\"wp-block-list\"><li>Yolcu say\u0131s\u0131: 13;<\/li><li>Kabin y\u00fcksekli\u011fi: 6 ft 25 in\u00e7;<\/li><li>Kabin geni\u015fli\u011fi: 8 ft 17 in\u00e7;<\/li><li>Kabin uzunlu\u011fu: 48 ft 35 in\u00e7;<\/li><li>U\u00e7u\u015f menzili: 6,150nm;<\/li><li>Maksimum irtifa: 49,000 feet;<\/li><li>Maksimum h\u0131z: 950km\/s;<\/li><li>M\u00fcrettebat: 2 pilot, bir kabin ekibi;<\/li><li>15 \u00e7antaya izin var;<\/li><li>WiFi;<\/li><li>Uyku odas\u0131;<\/li><li>Sigara i\u00e7ilebilir.<\/li><\/ul>\r\n\r\n\r\n\r\n<h3 class=\"wp-block-heading\"><span class=\"ez-toc-section\" id=\"3_The_Gulfstream_G5000\"><\/span>3. Gulfstream G5000<span class=\"ez-toc-section-end\"><\/span><\/h3>\r\n\r\n\r\n\r\n<p>G5000 jeti, Qatar Executive filosunun en h\u0131zl\u0131 ve teknolojik a\u00e7\u0131dan en sofistike u\u00e7ak tiplerinden biridir. Bu son teknoloji \u00fcr\u00fcn\u00fc jet, en sessiz kabinlerden birini sa\u011flayarak ve yolcu memnuniyetini art\u0131rmak i\u00e7in do\u011fru kabin irtifa bas\u0131nc\u0131n\u0131 sunarak sekt\u00f6r i\u00e7in yeni bir standart olu\u015fturmaktad\u0131r.<\/p>\r\n\r\n\r\n\r\n<p>\u00d6zellikler:<\/p>\r\n\r\n\r\n\r\n<ul class=\"wp-block-list\"><li>Yolcu say\u0131s\u0131: 13;<\/li><li>Kabin uzunlu\u011fu: 42 ft 50 in\u00e7;<\/li><li>Kabin y\u00fcksekli\u011fi: 6 ft 25 in\u00e7;<\/li><li>Kabin geni\u015fli\u011fi: 8 ft 17 in\u00e7;<\/li><li>Maksimum h\u0131z: 950km\/s;<\/li><li>U\u00e7u\u015f menzili: 5,000nm;<\/li><li>Maksimum irtifa: 49,000 feet'<\/li><li>M\u00fcrettebat: 2 pilot, bir kabin ekibi;<\/li><li>15 \u00e7antaya izin var;<\/li><li>WiFi;<\/li><li>Uyku odas\u0131;&nbsp;<\/li><li>Sigara i\u00e7ilebilir.<\/li><\/ul>\r\n\r\n\r\n\r\n<h2 class=\"wp-block-heading\"><span class=\"ez-toc-section\" id=\"Company_Safety_Policy_and_Standards\"><\/span>\u015eirket G\u00fcvenlik Politikas\u0131 ve Standartlar\u0131<span class=\"ez-toc-section-end\"><\/span><\/h2>\r\n\r\n\r\n\r\n<p>Qatar Executive bir\u00e7ok \u00f6d\u00fcl ald\u0131 <a href=\"https:\/\/www.qatarexec.com.qa\/en\/About\/Awards\" target=\"_blank\" rel=\"noopener\">\u00f6d\u00fcller<\/a>U\u00e7a\u011f\u0131n ve m\u00fcrettebat\u0131n s\u0131k\u0131 g\u00fcvenlik standartlar\u0131na uymas\u0131 ve ki\u015fiselle\u015ftirilmi\u015f, \u00fcst d\u00fczey hizmetler sunmas\u0131 konusunda g\u00fcvence sa\u011flar.<\/p>\r\n\r\n\r\n\r\n<p>\u015eirket i\u00e7i, Part 145 onayl\u0131 bak\u0131m departman\u0131 sayesinde u\u00e7aklar\u0131n\u0131n her birinin bak\u0131m\u0131, \u00fcreticinin taleplerinin \u00f6tesine ge\u00e7en seviyelerde yap\u0131lmaktad\u0131r.<\/p>\r\n\r\n\r\n\r\n<p>Ayr\u0131ca, Qatar Executive \u015fu kurulu\u015flar\u0131n \u00fcyesidir <a href=\"https:\/\/nbaa.org\/\" target=\"_blank\" rel=\"noopener\">Ulusal Ticari Havac\u0131l\u0131k Derne\u011fi<\/a> ve <a href=\"https:\/\/www.theaircharterassociation.aero\/\" target=\"_blank\" rel=\"noopener\">Hava Kiralama Derne\u011fi<\/a>ve <a href=\"https:\/\/www.wyvernltd.com\/\" target=\"_blank\" rel=\"noopener\">Wyvern<\/a> &amp; <a href=\"https:\/\/ibac.org\/is-bao\" target=\"_blank\" rel=\"noopener\">ISBAO sertifikal\u0131<\/a>.<\/p>\r\n\r\n\r\n\r\n<h2 class=\"wp-block-heading\"><span class=\"ez-toc-section\" id=\"Pilots\"><\/span>Pilotlar<span class=\"ez-toc-section-end\"><\/span><\/h2>\r\n\r\n\r\n\r\n<p>Qatar Executive'in u\u00e7u\u015f ekibi Qatar Airways'in u\u00e7u\u015f ekibi ile ayn\u0131 i\u015fe al\u0131m e\u011fitiminden ge\u00e7mektedir. Pilotlar\u0131n\u0131n her biri d\u00fcnya \u00e7ap\u0131nda i\u015f u\u00e7aklar\u0131 u\u00e7urma konusunda geni\u015f deneyime sahiptir ve u\u00e7u\u015f g\u00f6revlileri m\u00fcmk\u00fcn olan en iyi u\u00e7ak i\u00e7i hizmeti ve g\u00fcvenilirli\u011fi garanti etmek i\u00e7in s\u00fcrekli e\u011fitim al\u0131rlar.&nbsp;<\/p>\r\n\r\n\r\n\r\n<h2 class=\"wp-block-heading\"><span class=\"ez-toc-section\" id=\"Qatar_Executive_FBO\"><\/span>Katar Y\u00f6netici FBO<span class=\"ez-toc-section-end\"><\/span><\/h2>\r\n\r\n\r\n\r\n<p>2011 y\u0131l\u0131nda Qatar Executive ilk lansman\u0131n\u0131 yapt\u0131 <a href=\"https:\/\/comparemyjet.com\/tr\/what-is-a-private-jet-fixed-base-operator-fbo\/\" data-internallinksmanager029f6b8e52c=\"19\" title=\"\u00d6zel Jet Sabit \u00dcs Operat\u00f6r\u00fc (FBO) Nedir?\">FBO<\/a> (sabit \u00fcs operat\u00f6r\u00fc) ve Doha'ya gelen \u00f6zel jetler i\u00e7in bak\u0131m hizmeti.&nbsp;<\/p>\r\n\r\n\r\n\r\n<p>Her m\u00fc\u015fterinin ihtiya\u00e7lar\u0131n\u0131 en y\u00fcksek \u00f6zenle kar\u015f\u0131layan yard\u0131msever bir ekip vard\u0131r ve FBO salonu WiFi, i\u00e7ecekler, gazeteler ve gev\u015femek i\u00e7in rahatlat\u0131c\u0131 bir ortam gibi \u00e7e\u015fitli olanaklar sunar.<\/p>\r\n\r\n\r\n\r\n<p>FBO personeli yak\u0131t ikmali, hava durumu tahminleri, yemek gibi hizmetleri organize edebilir, <a href=\"https:\/\/comparemyjet.com\/tr\/hotels\/\" data-internallinksmanager029f6b8e52c=\"470\" title=\"D\u00fcnyan\u0131n D\u00f6rt Bir Yan\u0131ndan Havaalanlar\u0131na Yak\u0131n En \u0130yi 100 Otel\">Otel<\/a> konaklama ve ula\u015f\u0131m.<\/p>\r\n\r\n\r\n\r\n<p>FBO hizmetlerini ve fiyatlar\u0131n\u0131 a\u015fa\u011f\u0131da g\u00f6rebilirsiniz <a href=\"https:\/\/www.qatarexec.com.qa\/en\/Services\/VIPServiceDoha\" target=\"_blank\" rel=\"noopener\">link<\/a>.<\/p>\r\n\r\n\r\n\r\n<h2 class=\"wp-block-heading\"><span class=\"ez-toc-section\" id=\"Conclusion\"><\/span>Sonu\u00e7<span class=\"ez-toc-section-end\"><\/span><\/h2>\r\n\r\n\r\n\r\n<figure class=\"wp-block-image size-full is-style-default\"><img loading=\"lazy\" decoding=\"async\" width=\"1000\" height=\"667\" src=\"https:\/\/comparemyjet.com\/wp-content\/uploads\/2022\/09\/Qatar.Executive.jpg\" alt=\"\" class=\"wp-image-3250\" srcset=\"https:\/\/comparemyjet.com\/wp-content\/uploads\/2022\/09\/Qatar.Executive-18x12.jpg 18w, https:\/\/comparemyjet.com\/wp-content\/uploads\/2022\/09\/Qatar.Executive-300x200.jpg 300w, https:\/\/comparemyjet.com\/wp-content\/uploads\/2022\/09\/Qatar.Executive-768x512.jpg 768w, https:\/\/comparemyjet.com\/wp-content\/uploads\/2022\/09\/Qatar.Executive.jpg 1000w\" sizes=\"auto, (max-width: 1000px) 100vw, 1000px\" \/><\/figure>\r\n\r\n\r\n\r\n<p>Qatar Executive, kuruldu\u011fu 2009 y\u0131l\u0131ndan bu yana h\u0131zla b\u00fcy\u00fcm\u00fc\u015f ve bireylere, kurulu\u015flara ve h\u00fck\u00fcmetlere hava kiralama hizmetleri sa\u011flamada \u00f6nc\u00fc olmu\u015ftur. Alt\u0131 adet yepyeni, tertemiz donan\u0131ml\u0131 Bombardier Challenger 605 ve Global u\u00e7aklar\u0131ndan olu\u015fan filosuyla d\u00fcnyan\u0131n hemen her yerine charter u\u00e7u\u015flar\u0131 d\u00fczenlemekte ve m\u00fc\u015fterilerine \u00fcst d\u00fczey hizmet sunmaktad\u0131r. Hem ticari hem de \u00f6zel u\u00e7aklar sunarak, Qatar Executive'in d\u00fcnyan\u0131n en iyi havayollar\u0131ndan biri olmas\u0131na \u015fa\u015fmamal\u0131.&nbsp;<\/p>","protected":false},"excerpt":{"rendered":"<p>Uzun menzilli filosu ve her u\u00e7u\u015fta sundu\u011fu l\u00fcks jet olanaklar\u0131yla tan\u0131nan Doha merkezli Qatar Executive, t\u00fcm d\u00fcnyada \u00f6zel jet kiralama hizmetleri sunmaktad\u0131r. Charter var\u0131\u015flar\u0131 ve kalk\u0131\u015flar\u0131 i\u00e7in en pop\u00fcler yerler \u015funlard\u0131r: Katar'dan ABD ve Avrupa'ya; Rusya'dan Do\u011fu ve G\u00fcneydo\u011fu Asya'ya; Avrupa'dan Do\u011fu ve Bat\u0131'ya ...<\/p>","protected":false},"author":2,"featured_media":3251,"parent":0,"menu_order":0,"comment_status":"closed","ping_status":"closed","template":"","meta":{"_acf_changed":false,"_genesis_hide_title":false,"_genesis_hide_breadcrumbs":false,"_genesis_hide_singular_image":false,"_genesis_hide_footer_widgets":false,"_genesis_custom_body_class":"","_genesis_custom_post_class":"","_genesis_layout":"","footnotes":""},"class_list":{"1":"page","2":"type-page","6":"entry"},"acf":[],"_links":{"self":[{"href":"https:\/\/comparemyjet.com\/tr\/wp-json\/wp\/v2\/pages\/3248","targetHints":{"allow":["GET"]}}],"collection":[{"href":"https:\/\/comparemyjet.com\/tr\/wp-json\/wp\/v2\/pages"}],"about":[{"href":"https:\/\/comparemyjet.com\/tr\/wp-json\/wp\/v2\/types\/page"}],"author":[{"embeddable":true,"href":"https:\/\/comparemyjet.com\/tr\/wp-json\/wp\/v2\/users\/2"}],"replies":[{"embeddable":true,"href":"https:\/\/comparemyjet.com\/tr\/wp-json\/wp\/v2\/comments?post=3248"}],"version-history":[{"count":2,"href":"https:\/\/comparemyjet.com\/tr\/wp-json\/wp\/v2\/pages\/3248\/revisions"}],"predecessor-version":[{"id":3462,"href":"https:\/\/comparemyjet.com\/tr\/wp-json\/wp\/v2\/pages\/3248\/revisions\/3462"}],"wp:featuredmedia":[{"embeddable":true,"href":"https:\/\/comparemyjet.com\/tr\/wp-json\/wp\/v2\/media\/3251"}],"wp:attachment":[{"href":"https:\/\/comparemyjet.com\/tr\/wp-json\/wp\/v2\/media?parent=3248"}],"curies":[{"name":"wp","href":"https:\/\/api.w.org\/{rel}","templated":true}]}}