{"id":3482,"date":"2022-10-03T23:23:31","date_gmt":"2022-10-03T23:23:31","guid":{"rendered":"https:\/\/comparemyjet.com\/?page_id=3482"},"modified":"2025-09-04T10:00:52","modified_gmt":"2025-09-04T10:00:52","slug":"starflight-aviation","status":"publish","type":"page","link":"https:\/\/comparemyjet.com\/tr\/starflight-aviation\/","title":{"rendered":"Starflight Havac\u0131l\u0131k U\u00e7u\u015f Fiyatland\u0131rmas\u0131"},"content":{"rendered":"<p>Starflite Aviation 30 y\u0131l\u0131 a\u015fk\u0131n s\u00fcredir faaliyet g\u00f6steren deneyimli bir \u00f6zel charter \u015firketidir. ABD merkezli bu \u015firket k\u00fcresel bir m\u00fc\u015fteri kitlesine sahiptir ve s\u0131kl\u0131kla m\u00fczisyenler, sanat\u00e7\u0131lar, politikac\u0131lar ve di\u011fer VIP m\u00fc\u015fteriler i\u00e7in ula\u015f\u0131m hizmetleri sa\u011flamaktad\u0131r.\u00a0<\/p>\r\n\r\n\r\n\r\n<p>\u015eimdi bunlar\u0131n neyle ilgili oldu\u011funu daha ayr\u0131nt\u0131l\u0131 olarak g\u00f6relim.\u00a0<\/p>\r\n\r\n\r\n\r\n<div id=\"ez-toc-container\" class=\"ez-toc-v2_0_76 counter-hierarchy ez-toc-counter ez-toc-grey ez-toc-container-direction\">\n<p class=\"ez-toc-title\" style=\"cursor:inherit\">Konular<\/p>\n<label for=\"ez-toc-cssicon-toggle-item-69ef752f6b651\" class=\"ez-toc-cssicon-toggle-label\"><span class=\"\"><span class=\"eztoc-hide\" style=\"display:none;\">Ge\u00e7i\u015f<\/span><span class=\"ez-toc-icon-toggle-span\"><svg style=\"fill: #999;color:#999\" xmlns=\"http:\/\/www.w3.org\/2000\/svg\" class=\"list-377408\" width=\"20px\" height=\"20px\" viewbox=\"0 0 24 24\" fill=\"none\"><path d=\"M6 6H4v2h2V6zm14 0H8v2h12V6zM4 11h2v2H4v-2zm16 0H8v2h12v-2zM4 16h2v2H4v-2zm16 0H8v2h12v-2z\" fill=\"currentColor\"><\/path><\/svg><svg style=\"fill: #999;color:#999\" class=\"arrow-unsorted-368013\" xmlns=\"http:\/\/www.w3.org\/2000\/svg\" width=\"10px\" height=\"10px\" viewbox=\"0 0 24 24\" version=\"1.2\" baseprofile=\"tiny\"><path d=\"M18.2 9.3l-6.2-6.3-6.2 6.3c-.2.2-.3.4-.3.7s.1.5.3.7c.2.2.4.3.7.3h11c.3 0 .5-.1.7-.3.2-.2.3-.5.3-.7s-.1-.5-.3-.7zM5.8 14.7l6.2 6.3 6.2-6.3c.2-.2.3-.5.3-.7s-.1-.5-.3-.7c-.2-.2-.4-.3-.7-.3h-11c-.3 0-.5.1-.7.3-.2.2-.3.5-.3.7s.1.5.3.7z\"\/><\/svg><\/span><\/span><\/label><input type=\"checkbox\"  id=\"ez-toc-cssicon-toggle-item-69ef752f6b651\" checked aria-label=\"Ge\u00e7i\u015f\" \/><nav><ul class='ez-toc-list ez-toc-list-level-1' ><li class='ez-toc-page-1 ez-toc-heading-level-2'><a class=\"ez-toc-link ez-toc-heading-1\" href=\"https:\/\/comparemyjet.com\/tr\/starflight-aviation\/#About_the_Company\" >\u015eirket Hakk\u0131nda<\/a><\/li><li class='ez-toc-page-1 ez-toc-heading-level-2'><a class=\"ez-toc-link ez-toc-heading-2\" href=\"https:\/\/comparemyjet.com\/tr\/starflight-aviation\/#On-Demand_Charter\" >\u0130ste\u011fe Ba\u011fl\u0131 Kiralama<\/a><\/li><li class='ez-toc-page-1 ez-toc-heading-level-2'><a class=\"ez-toc-link ez-toc-heading-3\" href=\"https:\/\/comparemyjet.com\/tr\/starflight-aviation\/#Company_Jet_Card_Program\" >\u015eirket Jet Kart Program\u0131<\/a><\/li><li class='ez-toc-page-1 ez-toc-heading-level-2'><a class=\"ez-toc-link ez-toc-heading-4\" href=\"https:\/\/comparemyjet.com\/tr\/starflight-aviation\/#The_Fleet\" >Filo<\/a><\/li><li class='ez-toc-page-1 ez-toc-heading-level-2'><a class=\"ez-toc-link ez-toc-heading-5\" href=\"https:\/\/comparemyjet.com\/tr\/starflight-aviation\/#Starflight_Aviation_Carbon_Program\" >Starflight Havac\u0131l\u0131k Karbon Program\u0131\u00a0<\/a><\/li><li class='ez-toc-page-1 ez-toc-heading-level-2'><a class=\"ez-toc-link ez-toc-heading-6\" href=\"https:\/\/comparemyjet.com\/tr\/starflight-aviation\/#Conclusion\" >Sonu\u00e7<\/a><\/li><\/ul><\/nav><\/div>\n<h2 class=\"wp-block-heading\"><span class=\"ez-toc-section\" id=\"About_the_Company\"><\/span>\u015eirket Hakk\u0131nda<span class=\"ez-toc-section-end\"><\/span><\/h2>\r\n\r\n\r\n\r\n<p>Starflight Aviation, \u00f6zel kiralamalar\u0131n yan\u0131 s\u0131ra kurye ve nakliye hizmetleri de sa\u011flayan \u00f6zel sekt\u00f6re ait bir havayolu \u015firketidir. \u015eirket 13 Haziran 1989 tarihinde kurulmu\u015ftur ve merkezi Farnborough, Hampshire'da bulunmaktad\u0131r.<\/p>\r\n\r\n\r\n\r\n<p>\u0130\u015fletme, y\u00f6neticiler ve VIP'ler i\u00e7in charter u\u00e7u\u015flar\u0131 d\u00fczenlemekte, \u00fc\u00e7\u00fcnc\u00fc taraf havayollar\u0131ndan jetler, helikopterler ve turboproplar kiralamaktad\u0131r. Starflight Aviation, ABD, \u0130ngiltere ve Avrupa dahil olmak \u00fczere d\u00fcnyan\u0131n her yerindeki m\u00fc\u015fterilere hizmet vermektedir. 24 saat \u00f6nceden bildirimde bulunarak 100% m\u00fcsaitlik garantisi sa\u011flarlar.<\/p>\r\n\r\n\r\n\r\n<h2 class=\"wp-block-heading\"><span class=\"ez-toc-section\" id=\"On-Demand_Charter\"><\/span>\u0130ste\u011fe Ba\u011fl\u0131 Kiralama<span class=\"ez-toc-section-end\"><\/span><\/h2>\r\n\r\n\r\n\r\n<figure class=\"wp-block-image size-full is-style-default\"><img loading=\"lazy\" decoding=\"async\" width=\"1000\" height=\"667\" class=\"wp-image-3137\" src=\"https:\/\/comparemyjet.com\/wp-content\/uploads\/2022\/07\/two.private.jet_.pilots.jpg\" alt=\"Starflight Havac\u0131l\u0131k\" srcset=\"https:\/\/comparemyjet.com\/wp-content\/uploads\/2022\/07\/two.private.jet_.pilots-18x12.jpg 18w, https:\/\/comparemyjet.com\/wp-content\/uploads\/2022\/07\/two.private.jet_.pilots-300x200.jpg 300w, https:\/\/comparemyjet.com\/wp-content\/uploads\/2022\/07\/two.private.jet_.pilots-768x512.jpg 768w, https:\/\/comparemyjet.com\/wp-content\/uploads\/2022\/07\/two.private.jet_.pilots.jpg 1000w\" sizes=\"auto, (max-width: 1000px) 100vw, 1000px\" \/><\/figure>\r\n\r\n\r\n\r\n<p>Starflight Aviation, 30 y\u0131ld\u0131r faaliyet g\u00f6steren en sayg\u0131n charter brokerlerinden biridir. \u0130ster h\u0131zl\u0131 bir helikopter yolculu\u011fu ister l\u00fcks bir u\u00e7akla uzun mesafeli bir u\u00e7u\u015f yap\u0131yor olun, yaln\u0131zca en iyi hizmeti, en \u015f\u0131k i\u00e7 mekanlar\u0131 ve bol miktarda konforu alacaks\u0131n\u0131z.\u00a0<\/p>\r\n\r\n\r\n\r\n<p>\u015eirket, tek ki\u015filik gruplardan t\u00fcm senfoni orkestralar\u0131na kadar tarihin en \u00fcnl\u00fc sanat\u00e7\u0131 ve gruplar\u0131ndan baz\u0131lar\u0131 i\u00e7in uluslararas\u0131 turlar organize etmi\u015f ve ger\u00e7ekle\u015ftirmi\u015ftir. M\u00fckemmel hizmet sunma konusundaki kararl\u0131l\u0131klar\u0131 ve ayr\u0131nt\u0131lara g\u00f6sterdikleri sars\u0131lmaz \u00f6zen onlar\u0131 rakiplerinden ay\u0131rmaktad\u0131r.<\/p>\r\n\r\n\r\n\r\n<p>Starflight Aviation personeli, u\u00e7u\u015funuzu d\u00fczenlemeden \u00f6nce diyet k\u0131s\u0131tlamalar\u0131n\u0131z ve gazete okuma al\u0131\u015fkanl\u0131klar\u0131n\u0131z da dahil olmak \u00fczere seyahat gereksinimlerinizi dikkatle de\u011ferlendirir.\u00a0<\/p>\r\n\r\n\r\n\r\n<h2 class=\"wp-block-heading\"><span class=\"ez-toc-section\" id=\"Company_Jet_Card_Program\"><\/span>\u015eirket Jet Kart Program\u0131<span class=\"ez-toc-section-end\"><\/span><\/h2>\r\n\r\n\r\n\r\n<p>Garantili m\u00fcsaitlik, tamamen \u00f6zelle\u015ftirilebilir \u015fartlar ve her \u015fey dahil fiyatland\u0131rman\u0131n bir kombinasyonunu isteyen m\u00fc\u015fteriler, Starflight Aviations'ta arad\u0131klar\u0131n\u0131 bulacaklar. <a href=\"https:\/\/flystarflight.com\/#jetcard\" target=\"_blank\" rel=\"noopener\">Jet Kart \u00c7\u00f6z\u00fcm\u00fc<\/a>.\u00a0<\/p>\r\n\r\n\r\n\r\n<p>Starflight, bir\u00e7ok rakibinin tekliflerinde g\u00f6r\u00fclen u\u00e7u\u015f sonras\u0131 maliyetleri ve s\u00f6zle\u015fme s\u0131n\u0131rlamalar\u0131n\u0131 ortadan kald\u0131rarak mevcut en a\u00e7\u0131k ve kullan\u0131\u015fl\u0131 Jet Kartlardan birini yaratt\u0131. Program, piyasadaki en iyi \u00f6n \u00f6demeli se\u00e7eneklerden biridir. Millerinizi kullanmak i\u00e7in herhangi bir zaman s\u0131n\u0131rlamas\u0131 yoktur ve gidi\u015f-d\u00f6n\u00fc\u015f seyahatler i\u00e7in tasarruf ve para iade garantisi vard\u0131r.<\/p>\r\n\r\n\r\n\r\n<p>Ama\u00e7lar\u0131na olan ba\u011fl\u0131l\u0131klar\u0131, her zamanki gibi <a href=\"https:\/\/flystarflight.com\/#carbon-programme\" target=\"_blank\" rel=\"noopener\">Cool Earth Planet Pozitif Program\u0131<\/a>.<\/p>\r\n\r\n\r\n\r\n<h2 class=\"wp-block-heading\"><span class=\"ez-toc-section\" id=\"The_Fleet\"><\/span>Filo<span class=\"ez-toc-section-end\"><\/span><\/h2>\r\n\r\n\r\n\r\n<p>Starflight Aviation Limited, hava kiralama hizmetleri i\u00e7in bir komisyoncudur, yani bir jet filosuna sahip de\u011fildir. \u015eirket, yolculu\u011funuz i\u00e7in size en iyi jeti bulmak i\u00e7in \u00fc\u00e7\u00fcnc\u00fc taraf do\u011frudan hava ta\u015f\u0131y\u0131c\u0131lar\u0131 ve do\u011frudan uluslararas\u0131 hava ta\u015f\u0131y\u0131c\u0131lar\u0131ndan olu\u015fan geni\u015f bir a\u011f ile \u00e7al\u0131\u015fmaktad\u0131r.<\/p>\r\n\r\n\r\n\r\n<p>Starflight, yolcular\u0131 ister h\u0131zl\u0131 bir helikopter yolculu\u011fu ister l\u00fcks bir u\u00e7akla uzun mesafeli bir u\u00e7u\u015f yap\u0131yor olsun, her zaman birinci s\u0131n\u0131f bir hizmet sunma e\u011filimindedir, bu nedenle t\u00fcm \u00fc\u00e7\u00fcnc\u00fc taraf havayollar\u0131 yasal olarak gerekli olan uygun lisanslara sahiptir.<\/p>\r\n\r\n\r\n\r\n<h2 class=\"wp-block-heading\"><span class=\"ez-toc-section\" id=\"Starflight_Aviation_Carbon_Program\"><\/span>Starflight Havac\u0131l\u0131k Karbon Program\u0131\u00a0<span class=\"ez-toc-section-end\"><\/span><\/h2>\r\n\r\n\r\n\r\n<figure class=\"wp-block-image size-full is-style-default\"><img loading=\"lazy\" decoding=\"async\" width=\"1000\" height=\"644\" class=\"wp-image-2974\" src=\"https:\/\/comparemyjet.com\/wp-content\/uploads\/2022\/06\/plane.in_.the_.sky_.against.polution.jpg\" alt=\"\" srcset=\"https:\/\/comparemyjet.com\/wp-content\/uploads\/2022\/06\/plane.in_.the_.sky_.against.polution-18x12.jpg 18w, https:\/\/comparemyjet.com\/wp-content\/uploads\/2022\/06\/plane.in_.the_.sky_.against.polution-300x193.jpg 300w, https:\/\/comparemyjet.com\/wp-content\/uploads\/2022\/06\/plane.in_.the_.sky_.against.polution-768x495.jpg 768w, https:\/\/comparemyjet.com\/wp-content\/uploads\/2022\/06\/plane.in_.the_.sky_.against.polution.jpg 1000w\" sizes=\"auto, (max-width: 1000px) 100vw, 1000px\" \/><\/figure>\r\n\r\n\r\n\r\n<p>Starlight Aviation, karbon emisyonlar\u0131n\u0131n etkilerini dengelemek i\u00e7in d\u00fcnyan\u0131n d\u00f6rt bir yan\u0131ndaki \u00e7evre aktivistleri ve hay\u0131r kurumlar\u0131yla birlikte \u00e7al\u0131\u015fmaktad\u0131r.\u00a0<\/p>\r\n\r\n\r\n\r\n<p>Di\u011fer \u00f6zel charter \u015firketleri de karbon ayak izlerini dengelemeye odaklan\u0131rken, Starflight Aviation ormans\u0131zla\u015fmay\u0131 \u00f6nleme \u00e7abalar\u0131n\u0131 geni\u015fleterek, yerel halka yard\u0131m ederek ve m\u00fc\u015fterilerine seyahatlerinin \u00e7evresel etkilerini kontrol etmeleri i\u00e7in ek yollar sunarak bunu bir ad\u0131m \u00f6teye ta\u015f\u0131yor.\u00a0<\/p>\r\n\r\n\r\n\r\n<p>Starflight Aviation, ormans\u0131zla\u015fmaya kar\u015f\u0131 m\u00fccadeleye destek olmak ve Peru Amazon'unda ya\u015fayan Ash\u00e1ninka gibi yerli topluluklara yard\u0131m etmek i\u00e7in yenilik\u00e7i bir yard\u0131m kurulu\u015fuyla i\u015fbirli\u011fi yapt\u0131 <a href=\"https:\/\/www.coolearth.org\/\" target=\"_blank\" rel=\"noopener\">Serin D\u00fcnya<\/a> 2009'da. Cool Earth ve <a href=\"https:\/\/www.survivalinternational.org\/galleries\/ashaninka\" target=\"_blank\" rel=\"noopener\">Ash\u00e1ninka<\/a> Peru Amazonlar\u0131'nda yakla\u015f\u0131k 10.000 d\u00f6n\u00fcml\u00fck ya\u011fmur orman\u0131n\u0131 korumak i\u00e7in birlikte \u00e7al\u0131\u015fmay\u0131 ba\u015fard\u0131; zira ya\u011fmur ormanlar\u0131 iklim krizinin etkilerinin hafifletilmesinde \u00e7ok \u00f6nemli bir rol oynuyor.\u00a0<\/p>\r\n\r\n\r\n\r\n<p>Starflight Aviation, Cool Earth ile i\u015fbirli\u011fi i\u00e7inde 2021 y\u0131l\u0131nda yeni Planet Positive Program\u0131n\u0131 tan\u0131tt\u0131. Program, Afrika'da s\u00fcrd\u00fcr\u00fclebilir gelir kaynaklar\u0131 yaratarak insanlar\u0131n ya\u015fam ko\u015fullar\u0131n\u0131 iyile\u015ftirmeyi ve b\u00f6lgedeki ormanlar\u0131n korunmas\u0131na yard\u0131mc\u0131 olmay\u0131 ama\u00e7l\u0131yor.\u00a0<\/p>\r\n\r\n\r\n\r\n<p>\u015eirket ayr\u0131ca, kar amac\u0131 g\u00fctmeyen MyClimate kurulu\u015fu ile i\u015fbirli\u011fi yaparak m\u00fc\u015fterilerin her u\u00e7u\u015fun t\u00fcm karbon emisyonlar\u0131n\u0131 dengeleyebilecekleri \u0130klim N\u00f6tr Program\u0131n\u0131 uygulamay\u0131 planl\u0131yor.<\/p>\r\n\r\n\r\n\r\n<h2 class=\"wp-block-heading\"><span class=\"ez-toc-section\" id=\"Conclusion\"><\/span>Sonu\u00e7<span class=\"ez-toc-section-end\"><\/span><\/h2>\r\n\r\n\r\n\r\n<p>Starflight Aviation 1989 y\u0131l\u0131nda \u00fcnl\u00fclerin, politikac\u0131lar\u0131n, m\u00fczisyenlerin ve di\u011fer tan\u0131nm\u0131\u015f ki\u015filerin ihtiya\u00e7lar\u0131n\u0131 kar\u015f\u0131layan bir charter brokeri olarak kurulmu\u015ftur. Personelin detaylara g\u00f6sterdi\u011fi \u00f6zen, onu d\u00fcnyan\u0131n en iyi charter brokerlerinden biri haline getirmektedir.<\/p>\r\n\r\n\r\n\r\n<p>\u015eirketin Jet Card program\u0131ndan elde edilen k\u00e2r\u0131n bir k\u0131sm\u0131, Peru Amazon'undaki ya\u011fmur ormanlar\u0131n\u0131 korumak i\u00e7in uygulad\u0131klar\u0131 Karbon Sorumlulu\u011fu Program\u0131na aktar\u0131l\u0131yor. Bu program 2009'dan beri uygulan\u0131yor ve 8.500 d\u00f6n\u00fcml\u00fck orman\u0131n korunmas\u0131na yard\u0131mc\u0131 oldu.<\/p>","protected":false},"excerpt":{"rendered":"<p>Starflite Aviation 30 y\u0131l\u0131 a\u015fk\u0131n s\u00fcredir faaliyet g\u00f6steren deneyimli bir \u00f6zel charter \u015firketidir. ABD merkezli bu \u015firket k\u00fcresel bir m\u00fc\u015fteri kitlesine sahiptir ve s\u0131kl\u0131kla m\u00fczisyenler, sanat\u00e7\u0131lar, politikac\u0131lar ve di\u011fer VIP m\u00fc\u015fteriler i\u00e7in ula\u015f\u0131m hizmetleri sa\u011flamaktad\u0131r.  Ne hakk\u0131nda olduklar\u0131n\u0131 daha ayr\u0131nt\u0131l\u0131 olarak g\u00f6relim.  \u015eirket Hakk\u0131nda Starflight Aviation \u00f6zel bir \u015firkettir ...<\/p>","protected":false},"author":2,"featured_media":3483,"parent":0,"menu_order":0,"comment_status":"closed","ping_status":"closed","template":"","meta":{"_acf_changed":false,"_genesis_hide_title":false,"_genesis_hide_breadcrumbs":false,"_genesis_hide_singular_image":false,"_genesis_hide_footer_widgets":false,"_genesis_custom_body_class":"","_genesis_custom_post_class":"","_genesis_layout":"","footnotes":""},"class_list":{"1":"page","2":"type-page","6":"entry"},"acf":[],"_links":{"self":[{"href":"https:\/\/comparemyjet.com\/tr\/wp-json\/wp\/v2\/pages\/3482","targetHints":{"allow":["GET"]}}],"collection":[{"href":"https:\/\/comparemyjet.com\/tr\/wp-json\/wp\/v2\/pages"}],"about":[{"href":"https:\/\/comparemyjet.com\/tr\/wp-json\/wp\/v2\/types\/page"}],"author":[{"embeddable":true,"href":"https:\/\/comparemyjet.com\/tr\/wp-json\/wp\/v2\/users\/2"}],"replies":[{"embeddable":true,"href":"https:\/\/comparemyjet.com\/tr\/wp-json\/wp\/v2\/comments?post=3482"}],"version-history":[{"count":6,"href":"https:\/\/comparemyjet.com\/tr\/wp-json\/wp\/v2\/pages\/3482\/revisions"}],"predecessor-version":[{"id":3513,"href":"https:\/\/comparemyjet.com\/tr\/wp-json\/wp\/v2\/pages\/3482\/revisions\/3513"}],"wp:featuredmedia":[{"embeddable":true,"href":"https:\/\/comparemyjet.com\/tr\/wp-json\/wp\/v2\/media\/3483"}],"wp:attachment":[{"href":"https:\/\/comparemyjet.com\/tr\/wp-json\/wp\/v2\/media?parent=3482"}],"curies":[{"name":"wp","href":"https:\/\/api.w.org\/{rel}","templated":true}]}}