{"id":3559,"date":"2022-10-15T01:08:04","date_gmt":"2022-10-15T01:08:04","guid":{"rendered":"https:\/\/comparemyjet.com\/?page_id=3559"},"modified":"2025-09-04T10:03:18","modified_gmt":"2025-09-04T10:03:18","slug":"verijet","status":"publish","type":"page","link":"https:\/\/comparemyjet.com\/tr\/verijet\/","title":{"rendered":"VeriJet U\u00e7u\u015f Fiyatland\u0131rmas\u0131"},"content":{"rendered":"<p>Verijet, di\u011fer havayolu \u015firketlerinden farkl\u0131 olarak yenilik\u00e7i bir havayolu \u015firketidir. <a href=\"https:\/\/comparemyjet.com\/tr\/how-do-you-rent-or-charter-a-private-jet\/\" data-internallinksmanager029f6b8e52c=\"15\" title=\"\u00d6zel Jet Nas\u0131l Kiralan\u0131r veya Kiraya Verilir?\">\u00f6zel jet ki\u0307ralama<\/a> sa\u011flay\u0131c\u0131lar\u0131, \u00e7o\u011funlu\u011fu \u015firketin Cirrus SF-50 Vision Jets filosuna kadar izlenebilen bir dizi kritere g\u00f6re. \u015eirket 2020 y\u0131l\u0131nda kuruldu ve ana ofisleri Vero Beach, Florida'da bulunuyor.<\/p>\r\n\r\n\r\n\r\n<p>U\u00e7u\u015flar\u0131 daha ekonomik hale getirmek i\u00e7in Verijet bir u\u00e7u\u015f optimizasyon motoru geli\u015ftirdi ve zorlu pistlerle ve daha uzun mesafelerle y\u00fczle\u015fmek i\u00e7in daha g\u00fc\u00e7l\u00fc ve daha donan\u0131ml\u0131 olan kendi G2+ Vision Jetleri filosunu piyasaya s\u00fcrd\u00fc. Bu jetler ola\u011fan\u00fcst\u00fc g\u00fcvenlik derecelerine sahiptir ve 100% karbon-n\u00f6tr u\u00e7u\u015flar ger\u00e7ekle\u015ftirmektedir.&nbsp;<\/p>\r\n\r\n\r\n\r\n<p>Amerika Birle\u015fik Devletleri'nin g\u00fcneydo\u011fu b\u00f6lgesinde verimli bir ba\u015flang\u0131\u00e7 yapan Verijet, ABD genelinde h\u0131zl\u0131 ve d\u00fc\u015f\u00fck maliyetli \u00f6zel u\u00e7u\u015flar sunmay\u0131 ama\u00e7l\u0131yor.<\/p>\r\n\r\n\r\n\r\n<div id=\"ez-toc-container\" class=\"ez-toc-v2_0_76 counter-hierarchy ez-toc-counter ez-toc-grey ez-toc-container-direction\">\n<p class=\"ez-toc-title\" style=\"cursor:inherit\">Konular<\/p>\n<label for=\"ez-toc-cssicon-toggle-item-69f46aef4c11d\" class=\"ez-toc-cssicon-toggle-label\"><span class=\"\"><span class=\"eztoc-hide\" style=\"display:none;\">Ge\u00e7i\u015f<\/span><span class=\"ez-toc-icon-toggle-span\"><svg style=\"fill: #999;color:#999\" xmlns=\"http:\/\/www.w3.org\/2000\/svg\" class=\"list-377408\" width=\"20px\" height=\"20px\" viewbox=\"0 0 24 24\" fill=\"none\"><path d=\"M6 6H4v2h2V6zm14 0H8v2h12V6zM4 11h2v2H4v-2zm16 0H8v2h12v-2zM4 16h2v2H4v-2zm16 0H8v2h12v-2z\" fill=\"currentColor\"><\/path><\/svg><svg style=\"fill: #999;color:#999\" class=\"arrow-unsorted-368013\" xmlns=\"http:\/\/www.w3.org\/2000\/svg\" width=\"10px\" height=\"10px\" viewbox=\"0 0 24 24\" version=\"1.2\" baseprofile=\"tiny\"><path d=\"M18.2 9.3l-6.2-6.3-6.2 6.3c-.2.2-.3.4-.3.7s.1.5.3.7c.2.2.4.3.7.3h11c.3 0 .5-.1.7-.3.2-.2.3-.5.3-.7s-.1-.5-.3-.7zM5.8 14.7l6.2 6.3 6.2-6.3c.2-.2.3-.5.3-.7s-.1-.5-.3-.7c-.2-.2-.4-.3-.7-.3h-11c-.3 0-.5.1-.7.3-.2.2-.3.5-.3.7s.1.5.3.7z\"\/><\/svg><\/span><\/span><\/label><input type=\"checkbox\"  id=\"ez-toc-cssicon-toggle-item-69f46aef4c11d\" checked aria-label=\"Ge\u00e7i\u015f\" \/><nav><ul class='ez-toc-list ez-toc-list-level-1' ><li class='ez-toc-page-1 ez-toc-heading-level-2'><a class=\"ez-toc-link ez-toc-heading-1\" href=\"https:\/\/comparemyjet.com\/tr\/verijet\/#About_the_Company\" >\u015eirket Hakk\u0131nda<\/a><ul class='ez-toc-list-level-3' ><li class='ez-toc-heading-level-3'><a class=\"ez-toc-link ez-toc-heading-2\" href=\"https:\/\/comparemyjet.com\/tr\/verijet\/#The_G2_Vision_Jets_Fleet\" >G2+ Vision Jets Filosu<\/a><\/li><\/ul><\/li><li class='ez-toc-page-1 ez-toc-heading-level-2'><a class=\"ez-toc-link ez-toc-heading-3\" href=\"https:\/\/comparemyjet.com\/tr\/verijet\/#Pricing\" >Fiyatland\u0131rma<\/a><\/li><li class='ez-toc-page-1 ez-toc-heading-level-2'><a class=\"ez-toc-link ez-toc-heading-4\" href=\"https:\/\/comparemyjet.com\/tr\/verijet\/#Company_Jet_Card_Programs\" >\u015eirket Jet Kart Programlar\u0131<\/a><ul class='ez-toc-list-level-3' ><li class='ez-toc-heading-level-3'><a class=\"ez-toc-link ez-toc-heading-5\" href=\"https:\/\/comparemyjet.com\/tr\/verijet\/#25_Hour_JetCard\" >25 Saatlik JetCard<\/a><\/li><li class='ez-toc-page-1 ez-toc-heading-level-3'><a class=\"ez-toc-link ez-toc-heading-6\" href=\"https:\/\/comparemyjet.com\/tr\/verijet\/#50_Hour_JetCard\" >50 Saatlik JetCard<\/a><\/li><li class='ez-toc-page-1 ez-toc-heading-level-3'><a class=\"ez-toc-link ez-toc-heading-7\" href=\"https:\/\/comparemyjet.com\/tr\/verijet\/#100_Hour_JetCard\" >100 Saatlik JetCard<\/a><\/li><\/ul><\/li><li class='ez-toc-page-1 ez-toc-heading-level-2'><a class=\"ez-toc-link ez-toc-heading-8\" href=\"https:\/\/comparemyjet.com\/tr\/verijet\/#The_Fleet\" >Filo&nbsp;<\/a><ul class='ez-toc-list-level-4' ><li class='ez-toc-heading-level-4'><ul class='ez-toc-list-level-4' ><li class='ez-toc-heading-level-4'><a class=\"ez-toc-link ez-toc-heading-9\" href=\"https:\/\/comparemyjet.com\/tr\/verijet\/#Characteristics_of_The_Cirrus_SF-50_Vision_Jet\" >Cirrus SF-50 Vision Jet'in \u00d6zellikleri<\/a><\/li><\/ul><\/li><\/ul><\/li><li class='ez-toc-page-1 ez-toc-heading-level-2'><a class=\"ez-toc-link ez-toc-heading-10\" href=\"https:\/\/comparemyjet.com\/tr\/verijet\/#Company_Safety_Policy_and_Standards\" >\u015eirket G\u00fcvenlik Politikas\u0131 ve Standartlar\u0131<\/a><\/li><li class='ez-toc-page-1 ez-toc-heading-level-2'><a class=\"ez-toc-link ez-toc-heading-11\" href=\"https:\/\/comparemyjet.com\/tr\/verijet\/#Pilots\" >Pilotlar<\/a><\/li><li class='ez-toc-page-1 ez-toc-heading-level-2'><a class=\"ez-toc-link ez-toc-heading-12\" href=\"https:\/\/comparemyjet.com\/tr\/verijet\/#Partnerships\" >Ortakl\u0131klar<\/a><\/li><li class='ez-toc-page-1 ez-toc-heading-level-2'><a class=\"ez-toc-link ez-toc-heading-13\" href=\"https:\/\/comparemyjet.com\/tr\/verijet\/#Conclusion\" >Sonu\u00e7<\/a><\/li><\/ul><\/nav><\/div>\n<h2 class=\"wp-block-heading\"><span class=\"ez-toc-section\" id=\"About_the_Company\"><\/span>\u015eirket Hakk\u0131nda<span class=\"ez-toc-section-end\"><\/span><\/h2>\r\n\r\n\r\n\r\n<p>Verijet'in Y\u00f6netim Kurulu Ba\u015fkan\u0131 ve CEO'su Richard Kane'in telekom\u00fcnikasyon ve havac\u0131l\u0131k sekt\u00f6rlerinde \u00e7al\u0131\u015fm\u0131\u015f olmas\u0131, firmay\u0131 kurmas\u0131 i\u00e7in ona ilham vermi\u015ftir. D\u00fcnya h\u0131z rekorlar\u0131na sahip yetenekli bir pilot olmas\u0131 ve saatte milyonlarca \u00e7a\u011fr\u0131y\u0131 ger\u00e7ek zamanl\u0131 olarak y\u00f6nlendirme konusunda uzmanl\u0131\u011f\u0131 sayesinde Verijet k\u0131sa s\u00fcrede \u00f6zel jet kiralama firmalar\u0131 aras\u0131nda yerini alm\u0131\u015ft\u0131r.<\/p>\r\n\r\n\r\n\r\n<p>Verijet, tek bir tu\u015fa basarak planlamac\u0131lardan olu\u015fan bir ekibin yerini alabilecek bir optimizasyon sistemi kurmu\u015ftur. Do\u011frudan bir sonu\u00e7 olarak, daha fazla \u00fccretten feragat ediliyor ve bu da u\u00e7ak biletlerinin d\u00fc\u015fmesine neden oluyor. Kane optimizasyon s\u00fcrecini, hepsi ayn\u0131 bellek ve sabit disk alan\u0131 havuzunu payla\u015fan bir sanal makine k\u00fcmesi \u00fczerinde denedi. \u00c7e\u015fitli se\u00e7enekleri ara\u015ft\u0131rd\u0131ktan sonra <a href=\"https:\/\/www.ibm.com\/cloud\/bare-metal-servers\" target=\"_blank\" rel=\"noopener\">IBM Cloud Bare Metal Sunucular<\/a> Optimizasyon motoruna k\u0131yasla kararl\u0131l\u0131klar\u0131 ve hesaplama g\u00fc\u00e7lerinin yan\u0131 s\u0131ra IBM'in bulut platformuna eri\u015fimleri ve teknik m\u00fchendisler ile dan\u0131\u015fmanlar\u0131n deste\u011fi nedeniyle.<\/p>\r\n\r\n\r\n\r\n<h3 class=\"wp-block-heading\"><span class=\"ez-toc-section\" id=\"The_G2_Vision_Jets_Fleet\"><\/span>G2+ Vision Jets Filosu<span class=\"ez-toc-section-end\"><\/span><\/h3>\r\n\r\n\r\n\r\n<figure class=\"wp-block-image size-full is-style-default\"><img loading=\"lazy\" decoding=\"async\" width=\"1000\" height=\"563\" src=\"https:\/\/comparemyjet.com\/wp-content\/uploads\/2022\/10\/G2-Vision-Jet-1.jpg\" alt=\"VeriJet\" class=\"wp-image-3562\" srcset=\"https:\/\/comparemyjet.com\/wp-content\/uploads\/2022\/10\/G2-Vision-Jet-1-18x10.jpg 18w, https:\/\/comparemyjet.com\/wp-content\/uploads\/2022\/10\/G2-Vision-Jet-1-300x169.jpg 300w, https:\/\/comparemyjet.com\/wp-content\/uploads\/2022\/10\/G2-Vision-Jet-1-768x432.jpg 768w, https:\/\/comparemyjet.com\/wp-content\/uploads\/2022\/10\/G2-Vision-Jet-1.jpg 1000w\" sizes=\"auto, (max-width: 1000px) 100vw, 1000px\" \/><\/figure>\r\n\r\n\r\n\r\n<p>Bu yeni yaz\u0131l\u0131m\u0131n deste\u011fiyle Kane, k\u00fc\u00e7\u00fck ve ekolojik olarak s\u00fcrd\u00fcr\u00fclebilir jetlerden olu\u015fan kendi filosunu kurmay\u0131 ba\u015fard\u0131. Vision Jets markal\u0131 bu sessiz, tek pilotlu jetler, optimizasyon motorunu olu\u015fturmas\u0131na ve plan\u0131n\u0131n bir sonraki ad\u0131m\u0131na do\u011fru \u00e7al\u0131\u015fmas\u0131na yard\u0131mc\u0131 oldu.<\/p>\r\n\r\n\r\n\r\n<p>Bu \u00f6zel jetler, Cirrus U\u00e7ak Para\u015f\u00fct Sistemi (CAPS) ve acil bir otopilot ini\u015finin ger\u00e7ekle\u015ftirilmesine olanak tan\u0131yan \"G\u00fcvenli D\u00f6n\u00fc\u015f\" d\u00fc\u011fmesi gibi ileri g\u00f6r\u00fc\u015fl\u00fc g\u00fcvenlik \u00f6nlemleriyle donat\u0131lm\u0131\u015ft\u0131r. The <a href=\"https:\/\/www.faa.gov\/\" target=\"_blank\" rel=\"noopener\">Federal Havac\u0131l\u0131k \u0130daresi<\/a> Vision Jets'i onaylamadan \u00f6nce bu yetenekler \u00e7ok ileri d\u00fczeyde oldu\u011fu i\u00e7in birka\u00e7 ekstra \u00e7emberden ge\u00e7mek zorunda kald\u0131lar ve sonunda onaylad\u0131lar.<\/p>\r\n\r\n\r\n\r\n<p>Kane'in bilgi i\u015flem g\u00fcc\u00fcne olan talebi, hem m\u00fc\u015fteri taban\u0131n\u0131n hem de Vision Jets filosunun geni\u015flemesine paralel olarak art\u0131yor. Bu hedefe ula\u015fmak i\u00e7in \u015fu anda optimizasyon \u00e7al\u0131\u015fmalar\u0131n\u0131 s\u00fcrd\u00fcrmek \u00fczere IBM'deki Kuantum Hesaplama ekibiyle g\u00f6r\u00fc\u015f\u00fcyor.<\/p>\r\n\r\n\r\n\r\n<p>VeriJets'in hizmeti i\u00e7in mevcut tek y\u00f6nl\u00fc sabit maliyet <a href=\"https:\/\/comparemyjet.com\/tr\/private-tours\/orlando-private-tours\/\" data-internallinksmanager029f6b8e52c=\"429\" title=\"$5.99&#039;dan Ba\u015flayan Fiyatlarla En \u0130yi 11 Orlando \u00d6zel Turu\">Orlando<\/a>Florida ve 2021'den bu yana Kaliforniya'daki Santa Maria Havaliman\u0131. Kuzeydo\u011fu Amerika Birle\u015fik Devletleri, Kanada ve Avrupa da potansiyel geni\u015fleme b\u00f6lgeleri listesinde yer al\u0131yor.<\/p>\r\n\r\n\r\n\r\n<h2 class=\"wp-block-heading\"><span class=\"ez-toc-section\" id=\"Pricing\"><\/span>Fiyatland\u0131rma<span class=\"ez-toc-section-end\"><\/span><\/h2>\r\n\r\n\r\n\r\n<p>Mevcut fiyat yap\u0131s\u0131 basittir. M\u00fc\u015fteriler en az altm\u0131\u015f dakikal\u0131k u\u00e7u\u015f s\u00fcresinin yan\u0131 s\u0131ra saat ba\u015f\u0131na toplam $3,000'e denk gelen 7.5% federal t\u00fcketim vergisi \u00f6demektedir.&nbsp;<\/p>\r\n\r\n\r\n\r\n<h2 class=\"wp-block-heading\"><span class=\"ez-toc-section\" id=\"Company_Jet_Card_Programs\"><\/span>\u015eirket Jet Kart Programlar\u0131<span class=\"ez-toc-section-end\"><\/span><\/h2>\r\n\r\n\r\n\r\n<figure class=\"wp-block-image size-full is-style-default\"><img loading=\"lazy\" decoding=\"async\" width=\"1000\" height=\"442\" src=\"https:\/\/comparemyjet.com\/wp-content\/uploads\/2022\/09\/little.plane_.in_.the_.hand_.of_.a.businessman.jpg\" alt=\"\" class=\"wp-image-3335\" srcset=\"https:\/\/comparemyjet.com\/wp-content\/uploads\/2022\/09\/little.plane_.in_.the_.hand_.of_.a.businessman-18x8.jpg 18w, https:\/\/comparemyjet.com\/wp-content\/uploads\/2022\/09\/little.plane_.in_.the_.hand_.of_.a.businessman-300x133.jpg 300w, https:\/\/comparemyjet.com\/wp-content\/uploads\/2022\/09\/little.plane_.in_.the_.hand_.of_.a.businessman-768x339.jpg 768w, https:\/\/comparemyjet.com\/wp-content\/uploads\/2022\/09\/little.plane_.in_.the_.hand_.of_.a.businessman.jpg 1000w\" sizes=\"auto, (max-width: 1000px) 100vw, 1000px\" \/><\/figure>\r\n\r\n\r\n\r\n<p>M\u00fc\u015fteriler bir Verijet JetCard edindiklerinde, rezervasyon \u00f6nceli\u011fine sahip olurlar ve 25, 50 veya 100 saat uzunlu\u011funda u\u00e7u\u015f s\u00fcresi bloklar\u0131 sat\u0131n alma se\u00e7ene\u011fine sahip olurlar. \u015eimdi bu se\u00e7enekleri inceleyelim.<\/p>\r\n\r\n\r\n\r\n<h3 class=\"wp-block-heading\"><span class=\"ez-toc-section\" id=\"25_Hour_JetCard\"><\/span>25 Saatlik JetCard<span class=\"ez-toc-section-end\"><\/span><\/h3>\r\n\r\n\r\n\r\n<p>25 Saatlik Jet Kart\u0131n sat\u0131n alma bedeli $81,250'dir ve her u\u00e7u\u015f i\u00e7in saatlik fiyat $3,250 sabittir. \u00dcyelik \u00fccreti yoktur, bu nedenle sat\u0131n alma fiyat\u0131 asl\u0131nda her u\u00e7u\u015fta saatlik fiyat\u0131n d\u00fc\u015f\u00fcld\u00fc\u011f\u00fc bir depozitodur.&nbsp;<\/p>\r\n\r\n\r\n\r\n<ul class=\"wp-block-list\"><li>Ek \u00fccretler uygulanabilir.&nbsp;<\/li><li>G\u00fcnl\u00fck asgari tutar yoktur.&nbsp;<\/li><li>Kart bir y\u0131l s\u00fcreyle ge\u00e7erlidir. Evcil hayvanlar gemiye kabul edilir.&nbsp;<\/li><li>En az bir saatlik u\u00e7u\u015f s\u00fcresi gereklidir.&nbsp;<\/li><li>\u0130ptal i\u00e7in son tarih u\u00e7u\u015ftan 72 saat \u00f6ncesidir ve yo\u011fun g\u00fcnler yoktur.<\/li><\/ul>\r\n\r\n\r\n\r\n<h3 class=\"wp-block-heading\"><span class=\"ez-toc-section\" id=\"50_Hour_JetCard\"><\/span>50 Saatlik JetCard<span class=\"ez-toc-section-end\"><\/span><\/h3>\r\n\r\n\r\n\r\n<p>50 Saatlik Jet Kart\u0131 sat\u0131n alman\u0131n maliyeti $152,500'd\u00fcr ve her u\u00e7u\u015f i\u00e7in saatlik fiyat $3,050 sabittir.&nbsp;<\/p>\r\n\r\n\r\n\r\n<ul class=\"wp-block-list\"><li>\u00dcyelik \u00fccreti yok.&nbsp;<\/li><li>Ek \u00fccretler uygulanabilir.&nbsp;<\/li><li>G\u00fcnl\u00fck asgari tutar yoktur.&nbsp;<\/li><li>Kart 15 ay boyunca ge\u00e7erlidir.<\/li><li>Evcil hayvanlar gemiye kabul edilir.&nbsp;<\/li><li>En az bir saatlik u\u00e7u\u015f s\u00fcresi gereklidir.&nbsp;<\/li><li>Son iptal tarihi u\u00e7u\u015ftan 48 saat \u00f6ncesidir ve yo\u011fun g\u00fcnler yoktur.<\/li><\/ul>\r\n\r\n\r\n\r\n<h3 class=\"wp-block-heading\"><span class=\"ez-toc-section\" id=\"100_Hour_JetCard\"><\/span>100 Saatlik JetCard<span class=\"ez-toc-section-end\"><\/span><\/h3>\r\n\r\n\r\n\r\n<p>50 Saatlik Jet Kart\u0131 sat\u0131n alman\u0131n maliyeti $275,000'dir ve her u\u00e7u\u015f i\u00e7in saatlik fiyat $2,750 sabittir.&nbsp;<\/p>\r\n\r\n\r\n\r\n<ul class=\"wp-block-list\"><li>\u00dcyelik \u00fccreti yoktur.&nbsp;<\/li><li>Ek \u00fccretler uygulanabilir.&nbsp;<\/li><li>G\u00fcnl\u00fck minimum tutar vard\u0131r.&nbsp;<\/li><li>Kart 18 ay boyunca ge\u00e7erlidir.&nbsp;<\/li><li>Evcil hayvanlar gemiye kabul edilir.&nbsp;<\/li><li>En az bir saatlik u\u00e7u\u015f s\u00fcresi gereklidir.&nbsp;<\/li><li>Son iptal tarihi u\u00e7u\u015ftan 120 saat \u00f6ncesidir ve yo\u011fun g\u00fcnler de\u011fildir.<\/li><\/ul>\r\n\r\n\r\n\r\n<p>Jet kart kar\u015f\u0131la\u015ft\u0131rmas\u0131n\u0131 yan yana g\u00f6rebilir ve a\u015fa\u011f\u0131daki adresten rezervasyon yapabilirsiniz <a href=\"https:\/\/www.verijet.com\/Verijet-JetCard\" target=\"_blank\" rel=\"noopener\">link<\/a>.<\/p>\r\n\r\n\r\n\r\n<h2 class=\"wp-block-heading\"><span class=\"ez-toc-section\" id=\"The_Fleet\"><\/span>Filo&nbsp;<span class=\"ez-toc-section-end\"><\/span><\/h2>\r\n\r\n\r\n\r\n<figure class=\"wp-block-image is-style-default\"><img decoding=\"async\" src=\"https:\/\/comparemyjet.com\/wp-content\/uploads\/ccVHG_SOHNe_ne2YdOrnGlWyXNclOSUinAFhoJmSXeT1HEmx4_1GOoLo9bqXbbqWticFT5_gfpez-U2nynnVY1wK9aDdTTij7wffVow9ytmtX1sM-S9ozw2of6wQiRhT6xGbMrqx6IOtteUpDLtWJRQd3QDb9JnlE6RZlXwhUIBVNHG1dIz8FBQHUA.jpg\" alt=\"\"\/><\/figure>\r\n\r\n\r\n\r\n<p>Cirrus SF-50 Vision Jet tek bir seyir f\u00fczesi motorundan g\u00fc\u00e7 almaktad\u0131r. Bu da jetlerin al\u00e7aktan ve yava\u015f u\u00e7mas\u0131n\u0131 m\u00fcmk\u00fcn k\u0131larken, geride tipik bir \u00f6zel u\u00e7a\u011f\u0131n yapt\u0131\u011f\u0131n\u0131n sadece dokuzda biri kadar karbon emisyonu b\u0131rak\u0131yor. Vision Jetler d\u00f6rt farkl\u0131 t\u00fcrde biyoyak\u0131t yakabildikleri i\u00e7in tamamen karbon emisyonu i\u00e7ermeyen u\u00e7u\u015flar ger\u00e7ekle\u015ftirebiliyorlar.<\/p>\r\n\r\n\r\n\r\n<p>Ancak bu unsurlar\u0131n \u00e7evresel faydalar\u0131, tercih edilmelerinin tek nedeni de\u011fildir. Ayr\u0131ca Verijet'in \u00e7ok say\u0131da havaliman\u0131nda faaliyet g\u00f6stermesini m\u00fcmk\u00fcn k\u0131larak m\u00fc\u015fterilerin nihai var\u0131\u015f noktalar\u0131na ta\u015f\u0131nmas\u0131 s\u00fcrecini h\u0131zland\u0131rmaktad\u0131r.<\/p>\r\n\r\n\r\n\r\n<h4 class=\"wp-block-heading\"><span class=\"ez-toc-section\" id=\"Characteristics_of_The_Cirrus_SF-50_Vision_Jet\"><\/span>Cirrus SF-50 Vision Jet'in \u00d6zellikleri<span class=\"ez-toc-section-end\"><\/span><\/h4>\r\n\r\n\r\n\r\n<p>Cirrus Aircraft Vision Jet, aral\u0131ks\u0131z ara\u015ft\u0131rma ve geli\u015ftirme \u00e7abalar\u0131n\u0131n \u00fcr\u00fcn\u00fcd\u00fcr. Performans\u0131 ola\u011fan\u00fcst\u00fcd\u00fcr ve u\u00e7mas\u0131 ve bak\u0131m\u0131 kolayd\u0131r. Vision Jet, Robert J. Collier Trophy de dahil olmak \u00fczere \u00e7ok say\u0131da \u00f6vg\u00fc ve takdir alm\u0131\u015ft\u0131r.&nbsp;<\/p>\r\n\r\n\r\n\r\n<p>Karbon fiber yap\u0131, \u015fa\u015f\u0131rt\u0131c\u0131 derecede geni\u015f ba\u015f ve omuz odas\u0131 ve geni\u015f pencerelerle u\u00e7ak i\u00e7inde bir alan hissi sunuyor. Kabin, kendi kategorisinde en b\u00fcy\u00fc\u011f\u00fc olacak \u015fekilde tasarland\u0131.<\/p>\r\n\r\n\r\n\r\n<p>E\u011flence ekran\u0131 \u00e7o\u011fu cihaza ba\u011flanabilir ve orta konsol yolcular\u0131n kullanabilece\u011fi \u00e7a\u011fda\u015f bir \u00e7al\u0131\u015fma alan\u0131na d\u00f6n\u00fc\u015ft\u00fcr\u00fclebilir.<\/p>\r\n\r\n\r\n\r\n<p>WiFi, Gogo InFlight Wi-Fi taraf\u0131ndan sa\u011flan\u0131r ve USB-C ba\u011flant\u0131 noktalar\u0131n\u0131n ek avantaj\u0131, yolcular\u0131n elektronik cihazlar\u0131n\u0131n havadayken \u015farj edilmeye devam etmesine olanak tan\u0131r.<\/p>\r\n\r\n\r\n\r\n<p>Ayr\u0131ca, jetler her t\u00fcrl\u00fc estetik arzuyu kar\u015f\u0131layacak \u015fekilde geni\u015f bir renk paletinde \u00fcretilmekte, l\u00fcks deri i\u00e7 ve d\u00f6\u015feme aksesuarlar\u0131yla \u015fekillendirilmektedir. Yolcular, her bir kabin koltu\u011funun tamamen mod\u00fcler olmas\u0131 ve gerekti\u011finde zahmetsizce \u00e7\u0131kar\u0131labilmesi sayesinde toplam 28 farkl\u0131 oturma d\u00fczeniyle ekstra \u00e7ok y\u00f6nl\u00fcl\u00fc\u011fe sahiptir.<\/p>\r\n\r\n\r\n\r\n<p>\u00d6zellikler:<\/p>\r\n\r\n\r\n\r\n<ul class=\"wp-block-list\"><li>Yolcu say\u0131s\u0131: 7;<\/li><li>Tam uzunluk: 30 ft 7 in\u00e7;&nbsp;<\/li><li>Kanat A\u00e7\u0131kl\u0131\u011f\u0131: 38 ft 7 in\u00e7;&nbsp;<\/li><li>Tam boy: 10 ft 9 in\u00e7;<\/li><li>Kabin y\u00fcksekli\u011fi: 4 ft 1 in\u00e7;<\/li><li>Kabin geni\u015fli\u011fi: 5 ft 1 in\u00e7;&nbsp;<\/li><li>T\u0131rmanma h\u0131z\u0131: 1,609 ft\/dak;<\/li><li>Maksimum seyir h\u0131z\u0131: 311 ktas;<\/li><li>Maksimum u\u00e7u\u015f menzili: 1,275 nm;<\/li><li>Panoramik pencereler;<\/li><li>Bas\u0131n\u00e7l\u0131 kabin;<\/li><li>Arka klima kontrol\u00fc;<\/li><li>Vurgu ayd\u0131nlatmas\u0131<\/li><\/ul>\r\n\r\n\r\n\r\n<h2 class=\"wp-block-heading\"><span class=\"ez-toc-section\" id=\"Company_Safety_Policy_and_Standards\"><\/span>\u015eirket G\u00fcvenlik Politikas\u0131 ve Standartlar\u0131<span class=\"ez-toc-section-end\"><\/span><\/h2>\r\n\r\n\r\n\r\n<p>COVID-19 salg\u0131n\u0131 s\u0131ras\u0131nda, u\u00e7akta hem kalk\u0131\u015ftan \u00f6nce hem de sonra tam temizlik yap\u0131ld\u0131. Yolcular t\u00fcm zaman boyunca kendilerini son derece g\u00fcvende hissettiklerini ve karbon ayak izinin orta b\u00fcy\u00fckl\u00fckteki bir jetin dokuzda biri oldu\u011funu bildirdi.<\/p>\r\n\r\n\r\n\r\n<p>VeriJet'in sundu\u011fu u\u00e7akta bir Cirrus Airframe Para\u015f\u00fct Sistemi ve bir Safe ReturnTM acil durum otomatik ini\u015fi bulunmaktad\u0131r. Safe Return acil durum otomatik ini\u015fi, pilotlar\u0131n acil bir durumda bir d\u00fc\u011fmeye kolayca basarak jeti indirmelerine olanak tan\u0131yarak yolcular\u0131 korumak i\u00e7in yeni bir se\u00e7enek sunar. Bu da otomatik ini\u015fi Vision Jet'e m\u00fckemmel bir katk\u0131 haline getirmektedir.<\/p>\r\n\r\n\r\n\r\n<h2 class=\"wp-block-heading\"><span class=\"ez-toc-section\" id=\"Pilots\"><\/span>Pilotlar<span class=\"ez-toc-section-end\"><\/span><\/h2>\r\n\r\n\r\n\r\n<figure class=\"wp-block-image size-full is-style-default\"><img loading=\"lazy\" decoding=\"async\" width=\"1000\" height=\"667\" src=\"https:\/\/comparemyjet.com\/wp-content\/uploads\/2022\/09\/pilot.boarding.on_.a.private.jet_.jpg\" alt=\"\" class=\"wp-image-3231\" srcset=\"https:\/\/comparemyjet.com\/wp-content\/uploads\/2022\/09\/pilot.boarding.on_.a.private.jet_-18x12.jpg 18w, https:\/\/comparemyjet.com\/wp-content\/uploads\/2022\/09\/pilot.boarding.on_.a.private.jet_-300x200.jpg 300w, https:\/\/comparemyjet.com\/wp-content\/uploads\/2022\/09\/pilot.boarding.on_.a.private.jet_-768x512.jpg 768w, https:\/\/comparemyjet.com\/wp-content\/uploads\/2022\/09\/pilot.boarding.on_.a.private.jet_.jpg 1000w\" sizes=\"auto, (max-width: 1000px) 100vw, 1000px\" \/><\/figure>\r\n\r\n\r\n\r\n<p>Her Vision Jet, Vision Center Campus'te birinci s\u0131n\u0131f bir pilot e\u011fitim deneyimi ile standart olarak gelir.<\/p>\r\n\r\n\r\n\r\n<h2 class=\"wp-block-heading\"><span class=\"ez-toc-section\" id=\"Partnerships\"><\/span>Ortakl\u0131klar<span class=\"ez-toc-section-end\"><\/span><\/h2>\r\n\r\n\r\n\r\n<p>Coflyt, u\u00e7ak sahiplerine, \u015firketlere ve havac\u0131l\u0131k kurulu\u015flar\u0131na u\u00e7aklar\u0131n\u0131 i\u015fletmek i\u00e7in ihtiya\u00e7 duyduklar\u0131 g\u00f6n\u00fcl rahatl\u0131\u011f\u0131n\u0131 sa\u011flayan ak\u0131ll\u0131 bir havac\u0131l\u0131k yaz\u0131l\u0131m\u0131d\u0131r.&nbsp;<\/p>\r\n\r\n\r\n\r\n<p>Coflyt, u\u00e7ak sahipli\u011fini daha verimli hale getirmek i\u00e7in pilotlar taraf\u0131ndan geli\u015ftirilmi\u015ftir. U\u00e7u\u015f kay\u0131tlar\u0131n\u0131 merkezile\u015ftirir, u\u00e7u\u015f haritalar\u0131n\u0131 tutar, performans\u0131 analiz eder, u\u00e7ak kullan\u0131labilirli\u011fini g\u00f6r\u00fcnt\u00fcler, u\u00e7ak ve par\u00e7a tedarik\u00e7ilerine durum g\u00fcncellemeleri sa\u011flar ve di\u011fer \u015feylerin yan\u0131 s\u0131ra \u00f6demeleri basitle\u015ftirir. VeriJet Cirrus filosu a\u015fa\u011f\u0131dakilerle y\u00f6netilir <a href=\"https:\/\/coflyt.com\/verijet\/\" target=\"_blank\" rel=\"noopener\">Coflyt<\/a>ve end\u00fcstri lideri, patentli yapay zeka ve bilgisayar teknolojisini kullanmaktad\u0131r.<\/p>\r\n\r\n\r\n\r\n<h2 class=\"wp-block-heading\"><span class=\"ez-toc-section\" id=\"Conclusion\"><\/span>Sonu\u00e7<span class=\"ez-toc-section-end\"><\/span><\/h2>\r\n\r\n\r\n\r\n<p>Richard Kane'e g\u00f6re, bir m\u00fc\u015fteri \u00f6zel bir seyahat aramak i\u00e7in Verijet'i kulland\u0131\u011f\u0131nda, onlara hemen bir fiyat teklifi sunabiliyor ve sorular\u0131n\u0131 an\u0131nda yan\u0131tlayabiliyorlar. Yapay zeka her \u015feyin g\u00fcvenli, me\u015fru ve teslim edilebilir oldu\u011funu \u00e7oktan do\u011frulam\u0131\u015f ve fiyatland\u0131rma kesin olarak belirlenmi\u015ftir. Bu olanak sayesinde, \u00f6zel u\u00e7u\u015f art\u0131k ge\u00e7mi\u015fte m\u00fcmk\u00fcn olmayan bir \u015fekilde herkes taraf\u0131ndan kullan\u0131labilir.<\/p>","protected":false},"excerpt":{"rendered":"<p>Verijet, di\u011fer \u00f6zel jet kiralama sa\u011flay\u0131c\u0131lar\u0131ndan bir dizi kriterle ayr\u0131lan yenilik\u00e7i bir havayolu \u015firketidir ve bunlar\u0131n \u00e7o\u011fu \u015firketin Cirrus SF-50 Vision Jetleri filosuna kadar izlenebilir. \u015eirket 2020 y\u0131l\u0131nda kuruldu ve ana ofisleri Vero Beach, Florida'da bulunuyor. U\u00e7u\u015flar yapmak ...<\/p>","protected":false},"author":1,"featured_media":3564,"parent":0,"menu_order":0,"comment_status":"closed","ping_status":"closed","template":"","meta":{"_acf_changed":false,"_genesis_hide_title":false,"_genesis_hide_breadcrumbs":false,"_genesis_hide_singular_image":false,"_genesis_hide_footer_widgets":false,"_genesis_custom_body_class":"","_genesis_custom_post_class":"","_genesis_layout":"","footnotes":""},"class_list":{"1":"page","2":"type-page","6":"entry"},"acf":[],"_links":{"self":[{"href":"https:\/\/comparemyjet.com\/tr\/wp-json\/wp\/v2\/pages\/3559","targetHints":{"allow":["GET"]}}],"collection":[{"href":"https:\/\/comparemyjet.com\/tr\/wp-json\/wp\/v2\/pages"}],"about":[{"href":"https:\/\/comparemyjet.com\/tr\/wp-json\/wp\/v2\/types\/page"}],"author":[{"embeddable":true,"href":"https:\/\/comparemyjet.com\/tr\/wp-json\/wp\/v2\/users\/1"}],"replies":[{"embeddable":true,"href":"https:\/\/comparemyjet.com\/tr\/wp-json\/wp\/v2\/comments?post=3559"}],"version-history":[{"count":3,"href":"https:\/\/comparemyjet.com\/tr\/wp-json\/wp\/v2\/pages\/3559\/revisions"}],"predecessor-version":[{"id":9415,"href":"https:\/\/comparemyjet.com\/tr\/wp-json\/wp\/v2\/pages\/3559\/revisions\/9415"}],"wp:featuredmedia":[{"embeddable":true,"href":"https:\/\/comparemyjet.com\/tr\/wp-json\/wp\/v2\/media\/3564"}],"wp:attachment":[{"href":"https:\/\/comparemyjet.com\/tr\/wp-json\/wp\/v2\/media?parent=3559"}],"curies":[{"name":"wp","href":"https:\/\/api.w.org\/{rel}","templated":true}]}}