{"id":3599,"date":"2022-10-22T21:32:51","date_gmt":"2022-10-22T21:32:51","guid":{"rendered":"https:\/\/comparemyjet.com\/?page_id=3599"},"modified":"2025-09-04T09:58:16","modified_gmt":"2025-09-04T09:58:16","slug":"costco-private-jet","status":"publish","type":"page","link":"https:\/\/comparemyjet.com\/tr\/costco-private-jet\/","title":{"rendered":"Costco \u00d6zel Jet U\u00e7u\u015f Fiyatlar\u0131"},"content":{"rendered":"<p>Amerikan \u00e7ok uluslu \u015firketi <a href=\"https:\/\/www.costco.com\/\" target=\"_blank\" rel=\"noopener\">Costco Toptan Sat\u0131\u015f \u015eirketi<\/a> \u00fcyeleri i\u00e7in \u00f6zel bir perakende kul\u00fcb\u00fc i\u015fletiyor. Ancak Costco'da ucuz ka\u011f\u0131t havlu, keten tohumu ya\u011f\u0131 ve mozzarelladan daha fazlas\u0131 var.&nbsp;<\/p>\r\n\r\n\r\n\r\n<p>2020 y\u0131l\u0131nda toptanc\u0131, \u00f6zel jet programlar\u0131 i\u00e7in y\u0131ll\u0131k \u00fcyelik f\u0131rsatlar\u0131 sunmaya ba\u015flad\u0131. <a href=\"https:\/\/comparemyjet.com\/tr\/wheels-up\/\" data-internallinksmanager029f6b8e52c=\"73\" title=\"Wheels Up \u00dcyelik Fiyatland\u0131rmas\u0131\">Tekerlekler Yukar\u0131<\/a>.&nbsp;<\/p>\r\n\r\n\r\n\r\n<p>Bu yaz\u0131da, bu ortakl\u0131\u011f\u0131n nas\u0131l i\u015fledi\u011fini ve Costco'dan nas\u0131l \u00f6zel jet u\u00e7u\u015fu sat\u0131n alabilece\u011finizi inceleyece\u011fiz. Bu konuda yeni bir bilgi olmad\u0131\u011f\u0131n\u0131 belirtmek zorunday\u0131z, bu nedenle ortakl\u0131k \u015fu anda bitmi\u015f veya beklemede gibi g\u00f6r\u00fcn\u00fcyor. Bununla birlikte, pop\u00fcler bir \u00fcr\u00fcn\u00fcn raflara ne zaman d\u00f6nece\u011fini asla bilemezsiniz, bu y\u00fczden daha ayr\u0131nt\u0131l\u0131 olarak inceleyelim.<\/p>\r\n\r\n\r\n\r\n<div id=\"ez-toc-container\" class=\"ez-toc-v2_0_76 counter-hierarchy ez-toc-counter ez-toc-grey ez-toc-container-direction\">\n<p class=\"ez-toc-title\" style=\"cursor:inherit\">Konular<\/p>\n<label for=\"ez-toc-cssicon-toggle-item-69ecce7462fcd\" class=\"ez-toc-cssicon-toggle-label\"><span class=\"\"><span class=\"eztoc-hide\" style=\"display:none;\">Ge\u00e7i\u015f<\/span><span class=\"ez-toc-icon-toggle-span\"><svg style=\"fill: #999;color:#999\" xmlns=\"http:\/\/www.w3.org\/2000\/svg\" class=\"list-377408\" width=\"20px\" height=\"20px\" viewbox=\"0 0 24 24\" fill=\"none\"><path d=\"M6 6H4v2h2V6zm14 0H8v2h12V6zM4 11h2v2H4v-2zm16 0H8v2h12v-2zM4 16h2v2H4v-2zm16 0H8v2h12v-2z\" fill=\"currentColor\"><\/path><\/svg><svg style=\"fill: #999;color:#999\" class=\"arrow-unsorted-368013\" xmlns=\"http:\/\/www.w3.org\/2000\/svg\" width=\"10px\" height=\"10px\" viewbox=\"0 0 24 24\" version=\"1.2\" baseprofile=\"tiny\"><path d=\"M18.2 9.3l-6.2-6.3-6.2 6.3c-.2.2-.3.4-.3.7s.1.5.3.7c.2.2.4.3.7.3h11c.3 0 .5-.1.7-.3.2-.2.3-.5.3-.7s-.1-.5-.3-.7zM5.8 14.7l6.2 6.3 6.2-6.3c.2-.2.3-.5.3-.7s-.1-.5-.3-.7c-.2-.2-.4-.3-.7-.3h-11c-.3 0-.5.1-.7.3-.2.2-.3.5-.3.7s.1.5.3.7z\"\/><\/svg><\/span><\/span><\/label><input type=\"checkbox\"  id=\"ez-toc-cssicon-toggle-item-69ecce7462fcd\" checked aria-label=\"Ge\u00e7i\u015f\" \/><nav><ul class='ez-toc-list ez-toc-list-level-1' ><li class='ez-toc-page-1 ez-toc-heading-level-2'><a class=\"ez-toc-link ez-toc-heading-1\" href=\"https:\/\/comparemyjet.com\/tr\/costco-private-jet\/#About_the_Company\" >\u015eirket Hakk\u0131nda<\/a><\/li><li class='ez-toc-page-1 ez-toc-heading-level-2'><a class=\"ez-toc-link ez-toc-heading-2\" href=\"https:\/\/comparemyjet.com\/tr\/costco-private-jet\/#Membership_Programs\" >\u00dcyelik Programlar\u0131<\/a><\/li><li class='ez-toc-page-1 ez-toc-heading-level-2'><a class=\"ez-toc-link ez-toc-heading-3\" href=\"https:\/\/comparemyjet.com\/tr\/costco-private-jet\/#Pricing\" >Fiyatland\u0131rma<\/a><\/li><li class='ez-toc-page-1 ez-toc-heading-level-2'><a class=\"ez-toc-link ez-toc-heading-4\" href=\"https:\/\/comparemyjet.com\/tr\/costco-private-jet\/#The_Fleet\" >Filo&nbsp;<\/a><\/li><li class='ez-toc-page-1 ez-toc-heading-level-2'><a class=\"ez-toc-link ez-toc-heading-5\" href=\"https:\/\/comparemyjet.com\/tr\/costco-private-jet\/#Company_Safety_Policy_and_Standards\" >\u015eirket G\u00fcvenlik Politikas\u0131 ve Standartlar\u0131<\/a><\/li><li class='ez-toc-page-1 ez-toc-heading-level-2'><a class=\"ez-toc-link ez-toc-heading-6\" href=\"https:\/\/comparemyjet.com\/tr\/costco-private-jet\/#Conclusion\" >Sonu\u00e7<\/a><\/li><\/ul><\/nav><\/div>\n<h2 class=\"wp-block-heading\"><span class=\"ez-toc-section\" id=\"About_the_Company\"><\/span>\u015eirket Hakk\u0131nda<span class=\"ez-toc-section-end\"><\/span><\/h2>\r\n\r\n\r\n\r\n<figure class=\"wp-block-image size-full is-style-default\"><img loading=\"lazy\" decoding=\"async\" width=\"1000\" height=\"667\" src=\"https:\/\/comparemyjet.com\/wp-content\/uploads\/2022\/10\/costco.wholesale.jpg\" alt=\"\" class=\"wp-image-3600\" srcset=\"https:\/\/comparemyjet.com\/wp-content\/uploads\/2022\/10\/costco.wholesale-18x12.jpg 18w, https:\/\/comparemyjet.com\/wp-content\/uploads\/2022\/10\/costco.wholesale-300x200.jpg 300w, https:\/\/comparemyjet.com\/wp-content\/uploads\/2022\/10\/costco.wholesale-768x512.jpg 768w, https:\/\/comparemyjet.com\/wp-content\/uploads\/2022\/10\/costco.wholesale.jpg 1000w\" sizes=\"auto, (max-width: 1000px) 100vw, 1000px\" \/><\/figure>\r\n\r\n\r\n\r\n<p>E\u011fer daha \u00f6nce hi\u00e7 Costco'ya gitmediyseniz, sizi bilgilendireyim: Costco, m\u00fc\u015fterilerin y\u0131ll\u0131k \u00fcyelik \u00fccreti kar\u015f\u0131l\u0131\u011f\u0131nda her t\u00fcrl\u00fc \u00fcr\u00fcnde b\u00fcy\u00fck indirimlere eri\u015febildi\u011fi bir perakende devidir.&nbsp;<\/p>\r\n\r\n\r\n\r\n<p>Costco, ihtiyac\u0131n\u0131z olan hemen her \u015feyi bulabilece\u011finiz devasa depolar\u0131yla \u00fcnl\u00fcd\u00fcr. Price Club ad\u0131 alt\u0131nda 1976 y\u0131l\u0131nda faaliyete ge\u00e7en orijinal ma\u011faza, Costco'da yeniden d\u00fczenlenmi\u015f bir havac\u0131l\u0131k hangar\u0131yd\u0131. <a href=\"https:\/\/comparemyjet.com\/tr\/private-tours\/san-diego-private-tours\/\" data-internallinksmanager029f6b8e52c=\"435\" title=\"$64.50&#039;den Ba\u015flayan En \u0130yi 11 San Diego \u00d6zel Turu\">San Diego<\/a>. Bug\u00fcn bu \u00e7ok uluslu perakendecinin milyarlarca dolarl\u0131k bir piyasa de\u011feri var ve sekiz \u00fclkede faaliyet g\u00f6steriyor. Peki ama nas\u0131l \u00f6zel kiralama hizmeti sunuyor?<\/p>\r\n\r\n\r\n\r\n<p>\u0130\u015fte buras\u0131 <a href=\"https:\/\/comparemyjet.com\/tr\/wheels-up\/\">Tekerlekler Yukar\u0131<\/a>tan\u0131nm\u0131\u015f bir \u00f6zel jet servis sa\u011flay\u0131c\u0131s\u0131 olan Wheels Up devreye giriyor. Wheels Up, 2013 y\u0131l\u0131nda kurulmu\u015f \u00fcyelik tabanl\u0131 bir charter u\u00e7u\u015f sa\u011flay\u0131c\u0131s\u0131d\u0131r. Kurulu\u015fun 2014 y\u0131l\u0131nda binin \u00fczerinde \u00f6deme yapan m\u00fc\u015fterisi ve bir filosu vard\u0131. <a href=\"https:\/\/comparemyjet.com\/tr\/cessna\/\" data-internallinksmanager029f6b8e52c=\"145\" title=\"Cessna \u00d6zel Jetler ve U\u00e7aklar \u0130\u00e7in Nihai Rehber\">Cessna<\/a> Citation jetleri ve King Air 105i turboproplar\u0131. \u015eimdi yakla\u015f\u0131k 1.500 u\u00e7akl\u0131k bir filoda hafiften a\u011f\u0131ra \u00f6zel jetler sunuyorlar.<\/p>\r\n\r\n\r\n\r\n<p>Wheels Up, Costco \u00fcyelerine \u00f6zel jet \u00fcyeliklerine eri\u015fim sa\u011flamak i\u00e7in 2020 y\u0131l\u0131nda Costco ile ortakl\u0131k kurdu.<\/p>\r\n\r\n\r\n\r\n<h2 class=\"wp-block-heading\"><span class=\"ez-toc-section\" id=\"Membership_Programs\"><\/span>\u00dcyelik Programlar\u0131<span class=\"ez-toc-section-end\"><\/span><\/h2>\r\n\r\n\r\n\r\n<p>Covid-19 salg\u0131n\u0131n\u0131n bir sonucu olarak bir\u00e7ok insan ticari u\u00e7u\u015flardan ka\u00e7\u0131nmaya ba\u015flad\u0131, bu nedenle genellikle zenginler i\u00e7in ayr\u0131lm\u0131\u015f bir l\u00fcks olan \u00f6zel jet \u00fcyelikleri u\u00e7ucular aras\u0131nda daha pop\u00fcler hale geldi.&nbsp;<\/p>\r\n\r\n\r\n\r\n<p>Costco \u00d6zel Jet bu e\u011filimin bir \u00f6rne\u011fidir. Bakal\u0131m \u00f6zel jet rezervasyonu yapmak i\u00e7in toptan sat\u0131\u015f devinden yararlanmak iyi bir fikir mi?&nbsp;<\/p>\r\n\r\n\r\n\r\n<p>Costco \u00f6zel jet \u00fcyeli\u011finin avantajlar\u0131 aras\u0131nda sabit bir saatlik \u00fccret, garantili m\u00fcsaitlik ve indirimler yer al\u0131r.<\/p>\r\n\r\n\r\n\r\n<p>Ancak, y\u0131lda sadece bir veya iki \u00f6zel jet gezisi i\u00e7in kullanmay\u0131 planl\u0131yorsan\u0131z buna de\u011fmez. Bu \u00fcyelikten yaln\u0131zca s\u0131k u\u00e7an yolcular yat\u0131r\u0131m getirisi elde edecektir.&nbsp;<\/p>\r\n\r\n\r\n\r\n<p>Jet \u00fcyelik program\u0131, \u00f6zel u\u00e7ak hizmeti Wheels Up'a bir y\u0131ll\u0131k \u00fccretsiz aboneli\u011fi de i\u00e7eriyor. \u00dcyeler, 365 g\u00fcne kadar \u00fclke \u00e7ap\u0131nda u\u00e7ak m\u00fcsaitlik garantisi alman\u0131n yan\u0131 s\u0131ra, l\u00fcks tatil konaklamalar\u0131 sa\u011flama konusunda uzmanla\u015fm\u0131\u015f bir \u015firket olan Inspirato'ya da bir y\u0131ll\u0131k abonelik alacaklar.&nbsp;<\/p>\r\n\r\n\r\n\r\n<p>U\u00e7u\u015f rezervasyonu yapmak i\u00e7in \u00fcyelerin en az 24 saat \u00f6nceden bildirimde bulunmalar\u0131 gerekmektedir.<\/p>\r\n\r\n\r\n\r\n<h2 class=\"wp-block-heading\"><span class=\"ez-toc-section\" id=\"Pricing\"><\/span>Fiyatland\u0131rma<span class=\"ez-toc-section-end\"><\/span><\/h2>\r\n\r\n\r\n\r\n<p>Program\u0131n y\u0131ll\u0131k \u00fcyelik \u00fccreti yakla\u015f\u0131k $17,500'd\u00fcr. \u00dcyelik paketi \u00f6zel etkinliklere eri\u015fim, $3,500 Costco al\u0131\u015fveri\u015f kredisi, $4,000 u\u00e7ak bileti kredisi ve daha fazla avantaj i\u00e7ermektedir.<\/p>\r\n\r\n\r\n\r\n<p>\u00dccret, ger\u00e7ek u\u00e7u\u015flar\u0131n maliyetini kar\u015f\u0131lamaz ve yaln\u0131zca u\u00e7u\u015f rezervasyonu i\u00e7in Wheels Up'a eri\u015fim sa\u011flar. \u00dcyeler Wheels Up arac\u0131l\u0131\u011f\u0131yla \u015firketin 300 u\u00e7a\u011f\u0131ndan veya 1.250 ortak u\u00e7a\u011f\u0131ndan herhangi birinde charter u\u00e7u\u015fu d\u00fczenleyebilir ve u\u00e7u\u015f planland\u0131ktan sonra \u00f6deme yapabilirler.<\/p>\r\n\r\n\r\n\r\n<h2 class=\"wp-block-heading\"><span class=\"ez-toc-section\" id=\"The_Fleet\"><\/span>Filo&nbsp;<span class=\"ez-toc-section-end\"><\/span><\/h2>\r\n\r\n\r\n\r\n<figure class=\"wp-block-image size-full is-style-default\"><img loading=\"lazy\" decoding=\"async\" width=\"1000\" height=\"750\" src=\"https:\/\/comparemyjet.com\/wp-content\/uploads\/2022\/10\/costco.wheelsup.jpg\" alt=\"Costco \u00d6zel Jet\" class=\"wp-image-3601\" srcset=\"https:\/\/comparemyjet.com\/wp-content\/uploads\/2022\/10\/costco.wheelsup-16x12.jpg 16w, https:\/\/comparemyjet.com\/wp-content\/uploads\/2022\/10\/costco.wheelsup-300x225.jpg 300w, https:\/\/comparemyjet.com\/wp-content\/uploads\/2022\/10\/costco.wheelsup-400x300.jpg 400w, https:\/\/comparemyjet.com\/wp-content\/uploads\/2022\/10\/costco.wheelsup-768x576.jpg 768w, https:\/\/comparemyjet.com\/wp-content\/uploads\/2022\/10\/costco.wheelsup-800x600.jpg 800w, https:\/\/comparemyjet.com\/wp-content\/uploads\/2022\/10\/costco.wheelsup.jpg 1000w\" sizes=\"auto, (max-width: 1000px) 100vw, 1000px\" \/><\/figure>\r\n\r\n\r\n\r\n<p>Wheels Up'\u0131n kendi u\u00e7ak filosu vard\u0131r ve ayr\u0131ca sayg\u0131n \u015firketlerden \u00f6zel jetler kiralar. Kabaca s\u00f6ylemek gerekirse, sahip olunan veya kiralanan Wheels Up yakla\u015f\u0131k 1.500 jeti y\u00f6netmektedir.<\/p>\r\n\r\n\r\n\r\n<p>Kurum, belirli bir programa ba\u011fl\u0131 olarak baz\u0131 s\u0131n\u0131rl\u0131 muafiyetlerle birlikte garantili bir kullan\u0131labilirlik politikas\u0131 s\u00fcrd\u00fcrmektedir.<\/p>\r\n\r\n\r\n\r\n<p>Turboproplar, hafif, orta, s\u00fcper orta ve b\u00fcy\u00fck u\u00e7aklar\u0131n t\u00fcm\u00fc Wheels Up'\u0131n sahip oldu\u011fu veya y\u00f6netti\u011fi filonun bir par\u00e7as\u0131d\u0131r. Daha fazla ayr\u0131nt\u0131y\u0131 \u015furada okuyabilirsiniz <a href=\"https:\/\/comparemyjet.com\/tr\/wheels-up\/\">Wheels Up incelemesi<\/a>.<\/p>\r\n\r\n\r\n\r\n<h2 class=\"wp-block-heading\"><span class=\"ez-toc-section\" id=\"Company_Safety_Policy_and_Standards\"><\/span>\u015eirket G\u00fcvenlik Politikas\u0131 ve Standartlar\u0131<span class=\"ez-toc-section-end\"><\/span><\/h2>\r\n\r\n\r\n\r\n<p>Wheels Up, inceleme ve kalite g\u00fcvence s\u00fcrecinin bir par\u00e7as\u0131 olarak her ortak operat\u00f6r ve u\u00e7ak i\u00e7in yerinde de\u011ferlendirme ve denetimler ger\u00e7ekle\u015ftiren sekt\u00f6rdeki birka\u00e7 \u00f6zel jet \u015firketinden biridir. Wheels Up, \u00fcyeleri ve m\u00fc\u015fterileri i\u00e7in hava ta\u015f\u0131mac\u0131l\u0131\u011f\u0131 sa\u011flamak \u00fczere 2.000 ABD operat\u00f6r\u00fcnden yaln\u0131zca 90'\u0131na sertifika vermektedir.&nbsp;<\/p>\r\n\r\n\r\n\r\n<p>Y\u00fcksek standartlar\u0131 nedeniyle, yaln\u0131zca en nitelikli \u00e7al\u0131\u015fanlar\u0131 i\u015fe alarak hem kaliteyi hem de g\u00fcvenli\u011fi garanti ederler. Wheels Up taraf\u0131ndan istihdam edilen pilotlar sekt\u00f6rdeki en iyiler aras\u0131ndad\u0131r ve bu stat\u00fclerini korumak i\u00e7in yo\u011fun e\u011fitim al\u0131rlar.<\/p>\r\n\r\n\r\n\r\n<p>Wheels Up'\u0131n t\u00fcm ortak u\u00e7aklar\u0131, a\u015fa\u011f\u0131dakiler de dahil olmak \u00fczere havac\u0131l\u0131k sekt\u00f6r\u00fcn\u00fcn \u00f6nde gelen \u015firketleri taraf\u0131ndan u\u00e7urulmaktad\u0131r <a href=\"https:\/\/comparemyjet.com\/tr\/delta-private-jets\/\" data-internallinksmanager029f6b8e52c=\"184\" title=\"Delta \u00d6zel Jetler \u00dcyelik Fiyatland\u0131rmas\u0131\">Delta \u00d6zel Jetler<\/a>Gama Aviation, Mountain Aviation, TMC Jets ve i\u015ftirakleri.<\/p>\r\n\r\n\r\n\r\n<p>Ayr\u0131ca Wheels Up, m\u00fcrettebat \u00fcyelerini g\u00fcnde iki kez ate\u015f kontrol\u00fcnden ge\u00e7irerek, u\u00e7u\u015flar aras\u0131nda d\u00fczenli olarak temizlik ve dezenfeksiyon yaparak ve u\u00e7a\u011f\u0131n i\u00e7ini havaland\u0131rarak yolcular\u0131 i\u00e7in \"k\u0131s\u0131tlama olmaks\u0131z\u0131n g\u00fcvenlik\" iddias\u0131nda bulunuyor.<\/p>\r\n\r\n\r\n\r\n<h2 class=\"wp-block-heading\"><span class=\"ez-toc-section\" id=\"Conclusion\"><\/span>Sonu\u00e7<span class=\"ez-toc-section-end\"><\/span><\/h2>\r\n\r\n\r\n\r\n<figure class=\"wp-block-image size-full is-style-default\"><img loading=\"lazy\" decoding=\"async\" width=\"1000\" height=\"668\" src=\"https:\/\/comparemyjet.com\/wp-content\/uploads\/2022\/10\/membership.jpg\" alt=\"\" class=\"wp-image-3602\" srcset=\"https:\/\/comparemyjet.com\/wp-content\/uploads\/2022\/10\/membership-18x12.jpg 18w, https:\/\/comparemyjet.com\/wp-content\/uploads\/2022\/10\/membership-300x200.jpg 300w, https:\/\/comparemyjet.com\/wp-content\/uploads\/2022\/10\/membership-768x513.jpg 768w, https:\/\/comparemyjet.com\/wp-content\/uploads\/2022\/10\/membership.jpg 1000w\" sizes=\"auto, (max-width: 1000px) 100vw, 1000px\" \/><\/figure>\r\n\r\n\r\n\r\n<p>Wheels Up'\u0131n garantili u\u00e7u\u015f rezervasyon hizmetinden yararlanmak i\u00e7in Costco \u00f6zel jet \u00fcyelik program\u0131na kat\u0131labilirsiniz. \u00dcyeli\u011finiz, sabit bir saatlik maliyetle u\u00e7u\u015f rezervasyonu yapman\u0131za olanak tan\u0131r. Yine de i\u015fbirli\u011fi sona ermi\u015f gibi g\u00f6r\u00fcn\u00fcyor. Her iki web sayfas\u0131 da yararl\u0131 bilgi sa\u011flam\u0131yor.<\/p>\r\n\r\n\r\n\r\n<p>Tekrar sat\u0131\u015fa sunulmas\u0131 halinde Costco'da \u00f6zel jet \u00fcyeli\u011fine kaydolmak mant\u0131kl\u0131 m\u0131?<\/p>\r\n\r\n\r\n\r\n<p>Bu sorunun cevab\u0131 al\u0131c\u0131ya aittir. \u00d6zel jet yolcular\u0131na nihai bir karar vermeden \u00f6nce se\u00e7eneklerini incelemelerini ve \u015firketleri kar\u015f\u0131la\u015ft\u0131rmalar\u0131n\u0131 tavsiye ediyoruz.<\/p>","protected":false},"excerpt":{"rendered":"<p>Amerikan \u00e7okuluslu Costco Wholesale Corporation, \u00fcyeleri i\u00e7in \u00f6zel bir perakende kul\u00fcb\u00fc i\u015fletiyor. Ancak Costco'da ucuz ka\u011f\u0131t havlu, keten tohumu ya\u011f\u0131 ve mozzarelladan daha fazlas\u0131 var.  Toptanc\u0131, 2020 y\u0131l\u0131nda Wheels Up ile ortakl\u0131\u011f\u0131n\u0131n bir par\u00e7as\u0131 olarak \u00f6zel jet programlar\u0131 i\u00e7in y\u0131ll\u0131k \u00fcyelik f\u0131rsatlar\u0131 sunmaya ba\u015flad\u0131.  Bu makalede, bunun nas\u0131l oldu\u011funu ke\u015ffedece\u011fiz ...<\/p>","protected":false},"author":2,"featured_media":0,"parent":0,"menu_order":0,"comment_status":"closed","ping_status":"closed","template":"","meta":{"_acf_changed":false,"_genesis_hide_title":false,"_genesis_hide_breadcrumbs":false,"_genesis_hide_singular_image":false,"_genesis_hide_footer_widgets":false,"_genesis_custom_body_class":"","_genesis_custom_post_class":"","_genesis_layout":"","footnotes":""},"class_list":{"1":"page","2":"type-page","5":"entry"},"acf":[],"_links":{"self":[{"href":"https:\/\/comparemyjet.com\/tr\/wp-json\/wp\/v2\/pages\/3599","targetHints":{"allow":["GET"]}}],"collection":[{"href":"https:\/\/comparemyjet.com\/tr\/wp-json\/wp\/v2\/pages"}],"about":[{"href":"https:\/\/comparemyjet.com\/tr\/wp-json\/wp\/v2\/types\/page"}],"author":[{"embeddable":true,"href":"https:\/\/comparemyjet.com\/tr\/wp-json\/wp\/v2\/users\/2"}],"replies":[{"embeddable":true,"href":"https:\/\/comparemyjet.com\/tr\/wp-json\/wp\/v2\/comments?post=3599"}],"version-history":[{"count":3,"href":"https:\/\/comparemyjet.com\/tr\/wp-json\/wp\/v2\/pages\/3599\/revisions"}],"predecessor-version":[{"id":3619,"href":"https:\/\/comparemyjet.com\/tr\/wp-json\/wp\/v2\/pages\/3599\/revisions\/3619"}],"wp:attachment":[{"href":"https:\/\/comparemyjet.com\/tr\/wp-json\/wp\/v2\/media?parent=3599"}],"curies":[{"name":"wp","href":"https:\/\/api.w.org\/{rel}","templated":true}]}}