{"id":4399,"date":"2023-02-13T21:10:28","date_gmt":"2023-02-13T21:10:28","guid":{"rendered":"https:\/\/comparemyjet.com\/?page_id=4399"},"modified":"2025-09-04T09:58:16","modified_gmt":"2025-09-04T09:58:16","slug":"delta-private-jets","status":"publish","type":"page","link":"https:\/\/comparemyjet.com\/tr\/delta-private-jets\/","title":{"rendered":"Delta \u00d6zel Jetler \u00dcyelik Fiyatland\u0131rmas\u0131"},"content":{"rendered":"<p>Delta Air Lines, Amerika Birle\u015fik Devletleri'nde mal, hizmet, yenilik, g\u00fcvenilirlik ve m\u00fc\u015fteri deneyimi a\u00e7\u0131s\u0131ndan d\u00fcnyan\u0131n lider havayolu \u015firketidir. \u015eirket, hissedarlar\u0131na sekt\u00f6r lideri getiriler kazand\u0131r\u0131rken d\u00fcnya standartlar\u0131nda bir seyahat deneyimi sunmaktad\u0131r.&nbsp;<\/p>\r\n\r\n\r\n\r\n<p>Havayolu \u015firketinin charter hizmeti olan Delta \u00f6zel jetleri, \u00f6nde gelen \u00f6zel havac\u0131l\u0131k markas\u0131 ile ortakl\u0131k kurdu <a href=\"https:\/\/comparemyjet.com\/tr\/wheels-up\/\" data-internallinksmanager029f6b8e52c=\"73\" title=\"Wheels Up \u00dcyelik Fiyatland\u0131rmas\u0131\">Tekerlekler Yukar\u0131<\/a> \u00d6zel hava yolu yolcular\u0131na benzersiz deneyimler ve kaliteli seyahat sunmaya devam etmek.&nbsp;&nbsp;<\/p>\r\n\r\n\r\n\r\n<p>Bakal\u0131m en iyi iki havac\u0131l\u0131k firmas\u0131 aras\u0131ndaki bu ortakl\u0131k u\u00e7uculara neler sunuyor?<\/p>\r\n\r\n\r\n\r\n<div id=\"ez-toc-container\" class=\"ez-toc-v2_0_76 counter-hierarchy ez-toc-counter ez-toc-grey ez-toc-container-direction\">\n<p class=\"ez-toc-title\" style=\"cursor:inherit\">Konular<\/p>\n<label for=\"ez-toc-cssicon-toggle-item-69e2aa29eb192\" class=\"ez-toc-cssicon-toggle-label\"><span class=\"\"><span class=\"eztoc-hide\" style=\"display:none;\">Ge\u00e7i\u015f<\/span><span class=\"ez-toc-icon-toggle-span\"><svg style=\"fill: #999;color:#999\" xmlns=\"http:\/\/www.w3.org\/2000\/svg\" class=\"list-377408\" width=\"20px\" height=\"20px\" viewbox=\"0 0 24 24\" fill=\"none\"><path d=\"M6 6H4v2h2V6zm14 0H8v2h12V6zM4 11h2v2H4v-2zm16 0H8v2h12v-2zM4 16h2v2H4v-2zm16 0H8v2h12v-2z\" fill=\"currentColor\"><\/path><\/svg><svg style=\"fill: #999;color:#999\" class=\"arrow-unsorted-368013\" xmlns=\"http:\/\/www.w3.org\/2000\/svg\" width=\"10px\" height=\"10px\" viewbox=\"0 0 24 24\" version=\"1.2\" baseprofile=\"tiny\"><path d=\"M18.2 9.3l-6.2-6.3-6.2 6.3c-.2.2-.3.4-.3.7s.1.5.3.7c.2.2.4.3.7.3h11c.3 0 .5-.1.7-.3.2-.2.3-.5.3-.7s-.1-.5-.3-.7zM5.8 14.7l6.2 6.3 6.2-6.3c.2-.2.3-.5.3-.7s-.1-.5-.3-.7c-.2-.2-.4-.3-.7-.3h-11c-.3 0-.5.1-.7.3-.2.2-.3.5-.3.7s.1.5.3.7z\"\/><\/svg><\/span><\/span><\/label><input type=\"checkbox\"  id=\"ez-toc-cssicon-toggle-item-69e2aa29eb192\" checked aria-label=\"Ge\u00e7i\u015f\" \/><nav><ul class='ez-toc-list ez-toc-list-level-1' ><li class='ez-toc-page-1 ez-toc-heading-level-2'><a class=\"ez-toc-link ez-toc-heading-1\" href=\"https:\/\/comparemyjet.com\/tr\/delta-private-jets\/#Company_History\" >\u015eirket Tarih\u00e7esi<\/a><\/li><li class='ez-toc-page-1 ez-toc-heading-level-2'><a class=\"ez-toc-link ez-toc-heading-2\" href=\"https:\/\/comparemyjet.com\/tr\/delta-private-jets\/#Delta_Private_Jets_Wheels_Up\" >Delta \u00d6zel Jetler + Wheels Up<\/a><\/li><li class='ez-toc-page-1 ez-toc-heading-level-2'><a class=\"ez-toc-link ez-toc-heading-3\" href=\"https:\/\/comparemyjet.com\/tr\/delta-private-jets\/#The_Fleet\" >Filo<\/a><ul class='ez-toc-list-level-3' ><li class='ez-toc-heading-level-3'><a class=\"ez-toc-link ez-toc-heading-4\" href=\"https:\/\/comparemyjet.com\/tr\/delta-private-jets\/#1_Turboprop\" >1. Turboprop<\/a><ul class='ez-toc-list-level-4' ><li class='ez-toc-heading-level-4'><a class=\"ez-toc-link ez-toc-heading-5\" href=\"https:\/\/comparemyjet.com\/tr\/delta-private-jets\/#Our_recommendation_The_King_Air_350\" >Bizim tavsiyemiz: King Air 350<\/a><\/li><\/ul><\/li><li class='ez-toc-page-1 ez-toc-heading-level-3'><a class=\"ez-toc-link ez-toc-heading-6\" href=\"https:\/\/comparemyjet.com\/tr\/delta-private-jets\/#2_Light_Private_Jets\" >2. Hafif \u00d6zel Jetler<\/a><ul class='ez-toc-list-level-4' ><li class='ez-toc-heading-level-4'><a class=\"ez-toc-link ez-toc-heading-7\" href=\"https:\/\/comparemyjet.com\/tr\/delta-private-jets\/#Our_Recommendation_The_Hawker_400XP\" >Bizim Tavsiyemiz: Hawker 400XP<\/a><\/li><\/ul><\/li><li class='ez-toc-page-1 ez-toc-heading-level-3'><a class=\"ez-toc-link ez-toc-heading-8\" href=\"https:\/\/comparemyjet.com\/tr\/delta-private-jets\/#3_Midsize_Private_Jets\" >3. Orta Boy \u00d6zel Jetler<\/a><ul class='ez-toc-list-level-4' ><li class='ez-toc-heading-level-4'><a class=\"ez-toc-link ez-toc-heading-9\" href=\"https:\/\/comparemyjet.com\/tr\/delta-private-jets\/#Our_Recommendation_The_Citation_ExcelXLS\" >Bizim Tavsiyemiz: Citation Excel\/XLS<\/a><\/li><\/ul><\/li><li class='ez-toc-page-1 ez-toc-heading-level-3'><a class=\"ez-toc-link ez-toc-heading-10\" href=\"https:\/\/comparemyjet.com\/tr\/delta-private-jets\/#4_Super-Midsize_Private_Jets\" >4. S\u00fcper-Orta Boy \u00d6zel Jetler&nbsp;<\/a><ul class='ez-toc-list-level-4' ><li class='ez-toc-heading-level-4'><a class=\"ez-toc-link ez-toc-heading-11\" href=\"https:\/\/comparemyjet.com\/tr\/delta-private-jets\/#Our_Recommendation_The_Citation_X\" >Bizim Tavsiyemiz: Citation X<\/a><\/li><\/ul><\/li><li class='ez-toc-page-1 ez-toc-heading-level-3'><a class=\"ez-toc-link ez-toc-heading-12\" href=\"https:\/\/comparemyjet.com\/tr\/delta-private-jets\/#5_Large_Private_Jets\" >5. B\u00fcy\u00fck \u00d6zel Jetler<\/a><ul class='ez-toc-list-level-4' ><li class='ez-toc-heading-level-4'><a class=\"ez-toc-link ez-toc-heading-13\" href=\"https:\/\/comparemyjet.com\/tr\/delta-private-jets\/#Our_Recommendation_The_Gulfstream_G450\" >Bizim Tavsiyemiz: Gulfstream G450<\/a><\/li><\/ul><\/li><\/ul><\/li><li class='ez-toc-page-1 ez-toc-heading-level-2'><a class=\"ez-toc-link ez-toc-heading-14\" href=\"https:\/\/comparemyjet.com\/tr\/delta-private-jets\/#Conclusion\" >Sonu\u00e7<\/a><\/li><\/ul><\/nav><\/div>\n<h2 class=\"wp-block-heading\"><span class=\"ez-toc-section\" id=\"Company_History\"><\/span>\u015eirket Tarih\u00e7esi<span class=\"ez-toc-section-end\"><\/span><\/h2>\r\n\r\n\r\n\r\n<p>Delta Private Jets 2001 y\u0131l\u0131nda kurulmu\u015ftur. \u015eirketin faaliyetleri 31 Ocak 2020'de Wheels Up ile birle\u015ftikten sonra sona erdi.<\/p>\r\n\r\n\r\n\r\n<h2 class=\"wp-block-heading\"><span class=\"ez-toc-section\" id=\"Delta_Private_Jets_Wheels_Up\"><\/span>Delta \u00d6zel Jetler + Wheels Up<span class=\"ez-toc-section-end\"><\/span><\/h2>\r\n\r\n\r\n\r\n<figure class=\"wp-block-image size-full is-style-default\"><img loading=\"lazy\" decoding=\"async\" width=\"1000\" height=\"667\" src=\"https:\/\/comparemyjet.com\/wp-content\/uploads\/Executives-from-Wheels-Up-congregate-outside-the-New-York-Stock-Exchange.jpg\" alt=\"Wheels Up y\u00f6neticileri New York Menkul K\u0131ymetler Borsas\u0131&#039;n\u0131n \u00f6n\u00fcnde toplan\u0131yor \" class=\"wp-image-4401\" srcset=\"https:\/\/comparemyjet.com\/wp-content\/uploads\/Executives-from-Wheels-Up-congregate-outside-the-New-York-Stock-Exchange-18x12.jpg 18w, https:\/\/comparemyjet.com\/wp-content\/uploads\/Executives-from-Wheels-Up-congregate-outside-the-New-York-Stock-Exchange-300x200.jpg 300w, https:\/\/comparemyjet.com\/wp-content\/uploads\/Executives-from-Wheels-Up-congregate-outside-the-New-York-Stock-Exchange-768x512.jpg 768w, https:\/\/comparemyjet.com\/wp-content\/uploads\/Executives-from-Wheels-Up-congregate-outside-the-New-York-Stock-Exchange.jpg 1000w\" sizes=\"auto, (max-width: 1000px) 100vw, 1000px\" \/><\/figure>\r\n\r\n\r\n\r\n<p>Wheels Up ve Delta, m\u00fc\u015fterilerine platformlar aras\u0131 avantajlar sunmak i\u00e7in Delta Private Jets ve Wheels Up'\u0131 birle\u015ftirerek \u00e7\u0131\u011f\u0131r a\u00e7an bir i\u015flemi tamamlad\u0131. Birle\u015fen \u015firketler, mevcut ve gelecekteki Wheels Up ve Delta m\u00fc\u015fterileri i\u00e7in \u00f6zel havayolu sekt\u00f6r\u00fcnde benzersiz olan platformlar aras\u0131 avantajlar sunuyor.<\/p>\r\n\r\n\r\n\r\n<p>Bu birle\u015fme Wheels Up'\u0131n \u00fcyelik programlar\u0131n\u0131, benzersiz dijital platformunu ve uluslararas\u0131 deneyimlerini Delta Private Jets'in tan\u0131nm\u0131\u015f g\u00fcvenilirli\u011fi, g\u00fcvenli\u011fi, kalitesi ve eri\u015fimiyle birle\u015ftiriyor. King Air 350i'den a\u011f\u0131r jetlere kadar yakla\u015f\u0131k 200 u\u00e7akla, bu kombinasyon d\u00fcnyan\u0131n en b\u00fcy\u00fck sahip olunan ve i\u015fletilen \u00f6zel u\u00e7ak filolar\u0131ndan birini olu\u015fturuyor. Wheels Up, geni\u015fleyen \u00f6zel filosu ve Delta'n\u0131n d\u00fcnya \u00e7ap\u0131ndaki a\u011f\u0131na eri\u015fimi sayesinde 8.000'den fazla \u00fcye ve m\u00fc\u015fterisinin seyahat ihtiya\u00e7lar\u0131n\u0131 kar\u015f\u0131lamak i\u00e7in iyi bir konuma sahiptir.<\/p>\r\n\r\n\r\n\r\n<p>Wheels Up \u00dcyeleri Delta Madalyon stat\u00fcs\u00fcne ula\u015fabilir, SkyMiles\u00ae sadakat puanlar\u0131 toplayabilir ve Wheels Up \u00f6zel ve Delta yolcu u\u00e7u\u015flar\u0131 i\u00e7in harcama yapmak \u00fczere Wheels Up Fon program\u0131 hesaplar\u0131n\u0131 kullanabilirler. Delta \u00d6zel Jetleri m\u00fc\u015fterileri ayr\u0131ca benzersiz Wheels Up \u00fcyelik avantajlar\u0131ndan, avantajlar\u0131ndan ve Wheels Up u\u00e7aklar\u0131na eri\u015fimden yararlanabilir.<\/p>\r\n\r\n\r\n\r\n<p>Ayr\u0131ca, bu anla\u015fman\u0131n bir par\u00e7as\u0131 olarak Delta'n\u0131n Operasyon Direkt\u00f6r\u00fc Gil West, Wheels Up Y\u00f6netim Kurulu'na kat\u0131lmaya karar verdi. Wheels Up ve Delta Private Jets ekipleri, t\u00fcm DPJ \u00e7al\u0131\u015fanlar\u0131n\u0131n ve m\u00fc\u015fterilerinin sorunsuz bir ge\u00e7i\u015f yapmas\u0131n\u0131 sa\u011flamak i\u00e7in etkin bir \u015fekilde i\u015fbirli\u011fi yap\u0131yor. DPJ \u00e7al\u0131\u015fanlar\u0131, Cincinnati, Ohio'daki mevcut genel merkezinde \u00e7al\u0131\u015fmaya devam edecek.<\/p>\r\n\r\n\r\n\r\n<h2 class=\"wp-block-heading\"><span class=\"ez-toc-section\" id=\"The_Fleet\"><\/span>Filo<span class=\"ez-toc-section-end\"><\/span><\/h2>\r\n\r\n\r\n\r\n<figure class=\"wp-block-image size-full is-style-default\"><img loading=\"lazy\" decoding=\"async\" width=\"1000\" height=\"442\" src=\"https:\/\/comparemyjet.com\/wp-content\/uploads\/2022\/09\/little.plane_.in_.the_.hand_.of_.a.businessman.jpg\" alt=\"Elinde u\u00e7ak tutan i\u015f adam\u0131\" class=\"wp-image-3335\" srcset=\"https:\/\/comparemyjet.com\/wp-content\/uploads\/2022\/09\/little.plane_.in_.the_.hand_.of_.a.businessman-18x8.jpg 18w, https:\/\/comparemyjet.com\/wp-content\/uploads\/2022\/09\/little.plane_.in_.the_.hand_.of_.a.businessman-300x133.jpg 300w, https:\/\/comparemyjet.com\/wp-content\/uploads\/2022\/09\/little.plane_.in_.the_.hand_.of_.a.businessman-768x339.jpg 768w, https:\/\/comparemyjet.com\/wp-content\/uploads\/2022\/09\/little.plane_.in_.the_.hand_.of_.a.businessman.jpg 1000w\" sizes=\"auto, (max-width: 1000px) 100vw, 1000px\" \/><\/figure>\r\n\r\n\r\n\r\n<p>Delta art\u0131k Wheels Up ile birle\u015fti\u011fi i\u00e7in, eski Delta kullan\u0131c\u0131lar\u0131 art\u0131k daha da fazla avantaj elde ediyor. \u00d6zel u\u00e7ak kiralama ile ilgileniyorsan\u0131z, Wheels Up hem kendi u\u00e7aklar\u0131n\u0131 hem de sayg\u0131n charter \u015firketlerinden \u00f6zel jetler sunmaktad\u0131r. Y\u00f6netimleri alt\u0131nda 1.200'den fazla u\u00e7ak ve 350 adet sahip olunan ve kontrol edilen u\u00e7ak filosu bulunmaktad\u0131r.<\/p>\r\n\r\n\r\n\r\n<p>Programa ba\u011fl\u0131 olarak birka\u00e7 istisna d\u0131\u015f\u0131nda, firma garantili bir m\u00fcsaitlik politikas\u0131 s\u00fcrd\u00fcrmektedir. \u015eimdi jet kategorilerine bir g\u00f6z atal\u0131m.<\/p>\r\n\r\n\r\n\r\n<h3 class=\"wp-block-heading\"><span class=\"ez-toc-section\" id=\"1_Turboprop\"><\/span>1. Turboprop<span class=\"ez-toc-section-end\"><\/span><\/h3>\r\n\r\n\r\n\r\n<p>Turboproplar, daha k\u00fc\u00e7\u00fck u\u00e7aklarda pistonlu motorlar taraf\u0131ndan kullan\u0131lan jet motorlar\u0131 ve pervanelerin bir kombinasyonudur. Turboproplar daha g\u00fcr\u00fclt\u00fcl\u00fc olmalar\u0131na ra\u011fmen, k\u0131sa pistlere ini\u015f i\u00e7in jetlerden daha g\u00fcvenlidirler. Turboprop motorlar\u0131 jet motorlar\u0131ndan daha k\u00fc\u00e7\u00fck ve hafiftir, bu da \u00f6zellikle k\u0131sa pistlerde daha verimli kalk\u0131\u015f ve ini\u015f sa\u011flar.&nbsp;<\/p>\r\n\r\n\r\n\r\n<h4 class=\"wp-block-heading\"><span class=\"ez-toc-section\" id=\"Our_recommendation_The_King_Air_350\"><\/span>Bizim tavsiyemiz: King Air 350<span class=\"ez-toc-section-end\"><\/span><\/h4>\r\n\r\n\r\n\r\n<p>King Air, Wheels Up filosunun \u00e7ekirde\u011fi olarak son birka\u00e7 y\u0131lda bir geri d\u00f6n\u00fc\u015f ya\u015fad\u0131. Bu turboprop ak\u0131ll\u0131 ve yarat\u0131c\u0131 bir pazarlamayla \u00fcn\u00fcn\u00fc yeniden kazand\u0131.<\/p>\r\n\r\n\r\n\r\n<p>\u00d6zellikler:<\/p>\r\n\r\n\r\n\r\n<ul class=\"wp-block-list\">\r\n<li>Yolcu say\u0131s\u0131: 11;<\/li>\r\n\r\n\r\n\r\n<li>Y\u00fckseklik: 57 in\u00e7;<\/li>\r\n\r\n\r\n\r\n<li>Uzunluk: 19 ft 6 in\u00e7;<\/li>\r\n\r\n\r\n\r\n<li>Geni\u015flik: 54 in\u00e7;<\/li>\r\n\r\n\r\n\r\n<li>Maksimum menzil: 1,806 deniz mili;<\/li>\r\n\r\n\r\n\r\n<li>Maksimum seyir h\u0131z\u0131: 359 mph;<\/li>\r\n\r\n\r\n\r\n<li>Bagaj (i\u00e7): 55 cu ft;<\/li>\r\n\r\n\r\n\r\n<li>Bagaj (d\u0131\u015f): 16 cu ft.<\/li>\r\n<\/ul>\r\n\r\n\r\n\r\n<h3 class=\"wp-block-heading\"><span class=\"ez-toc-section\" id=\"2_Light_Private_Jets\"><\/span>2. Hafif \u00d6zel Jetler<span class=\"ez-toc-section-end\"><\/span><\/h3>\r\n\r\n\r\n\r\n<p>Sekiz veya daha az ki\u015fiyle seyahat ediyorsan\u0131z ve \u00e7ok fazla bagaj\u0131n\u0131z yoksa, hafif bir \u00f6zel jet iyi bir se\u00e7enektir. Gidece\u011finiz yere h\u0131zl\u0131 ve kolay ula\u015f\u0131m m\u0131 istiyorsunuz? D\u00f6rt saatten k\u0131sa s\u00fcreli seyahatlerde, hafif bir jet kiralamak en iyi se\u00e7ene\u011finiz olabilir. Bu jetler yak\u0131t i\u00e7in durmadan yakla\u015f\u0131k 1500 kilometre u\u00e7ma kabiliyetine sahiptir. Hafif u\u00e7aklar, maksimum 9 kapasite ile alt\u0131 yolcuyu kolayca oturtabilir.<\/p>\r\n\r\n\r\n\r\n<h4 class=\"wp-block-heading\"><span class=\"ez-toc-section\" id=\"Our_Recommendation_The_Hawker_400XP\"><\/span>Bizim Tavsiyemiz: Hawker 400XP<span class=\"ez-toc-section-end\"><\/span><\/h4>\r\n\r\n\r\n\r\n<p>Hawker 400 iki motorlu bir hafif jettir. Mitsubishi taraf\u0131ndan in\u015fa edilip \u00fcretildikten sonra Beech Aircraft Company taraf\u0131ndan g\u00fcncellenmi\u015ftir. \u0130ki ki\u015filik m\u00fcrettebat taraf\u0131ndan kullan\u0131lan bas\u0131n\u00e7l\u0131 bir kabinde sekiz koltu\u011fu olan k\u00fc\u00e7\u00fck bir u\u00e7akt\u0131r.<\/p>\r\n\r\n\r\n\r\n<p>Hawker 400XP'nin \u00f6zellikleri:<\/p>\r\n\r\n\r\n\r\n<ul class=\"wp-block-list\">\r\n<li>Yolcu say\u0131s\u0131: 8;<\/li>\r\n\r\n\r\n\r\n<li>Kabin Y\u00fcksekli\u011fi: 4 ft 10 in\u00e7;<\/li>\r\n\r\n\r\n\r\n<li>Kabin Uzunlu\u011fu: 15 ft 7 in\u00e7;<\/li>\r\n\r\n\r\n\r\n<li>Kabin Geni\u015fli\u011fi: 4 ft 11 in\u00e7;<\/li>\r\n\r\n\r\n\r\n<li>Seyir h\u0131z\u0131: 450 knot;&nbsp;<\/li>\r\n\r\n\r\n\r\n<li>U\u00e7u\u015f menzili: 1,180 deniz mili.<\/li>\r\n<\/ul>\r\n\r\n\r\n\r\n<h3 class=\"wp-block-heading\"><span class=\"ez-toc-section\" id=\"3_Midsize_Private_Jets\"><\/span>3. Orta Boy \u00d6zel Jetler<span class=\"ez-toc-section-end\"><\/span><\/h3>\r\n\r\n\r\n\r\n<p>K\u00fc\u00e7\u00fck bir u\u00e7a\u011f\u0131n sa\u011flayabilece\u011finden daha fazla koltu\u011fa, ba\u015f mesafesine ve alana ihtiyac\u0131n\u0131z varsa, orta boy \u00f6zel jetler u\u00e7man\u0131n yoludur. Yakla\u015f\u0131k 4 ila 5 saatlik u\u00e7u\u015flar i\u00e7in m\u00fckemmeldirler ve hafif muadillerinden biraz daha h\u0131zl\u0131d\u0131rlar.<\/p>\r\n\r\n\r\n\r\n<h4 class=\"wp-block-heading\"><span class=\"ez-toc-section\" id=\"Our_Recommendation_The_Citation_ExcelXLS\"><\/span>Bizim Tavsiyemiz: Citation Excel\/XLS<span class=\"ez-toc-section-end\"><\/span><\/h4>\r\n\r\n\r\n\r\n<p><a href=\"https:\/\/comparemyjet.com\/tr\/cessna\/\" data-internallinksmanager029f6b8e52c=\"145\" title=\"Cessna \u00d6zel Jetler ve U\u00e7aklar \u0130\u00e7in Nihai Rehber\">Cessna U\u00e7aklar\u0131<\/a> \u015eirket, ilk u\u00e7u\u015funu 2003 y\u0131l\u0131nda ger\u00e7ekle\u015ftiren Citation Excel'in ilk nesli olarak Cessna Citation XLS'yi \u00fcretti. \u00c7e\u015fitli modeller i\u00e7eren Citation i\u015f jetleri ailesinin bir par\u00e7as\u0131d\u0131r.<\/p>\r\n\r\n\r\n\r\n<p>\u00d6zellikler:<\/p>\r\n\r\n\r\n\r\n<ul class=\"wp-block-list\">\r\n<li>Yolcu say\u0131s\u0131: 8;<\/li>\r\n\r\n\r\n\r\n<li>Maksimum aral\u0131k: 1989 nm;<\/li>\r\n\r\n\r\n\r\n<li>Maksimum h\u0131z: 433 kts;<\/li>\r\n\r\n\r\n\r\n<li>T\u0131rmanma h\u0131z\u0131: 3500 fpm;<\/li>\r\n\r\n\r\n\r\n<li>Kabin y\u00fcksekli\u011fi: 5 ft 7 in\u00e7;<\/li>\r\n\r\n\r\n\r\n<li>Kabin uzunlu\u011fu: 18 ft 7 in\u00e7;<\/li>\r\n\r\n\r\n\r\n<li>Kabin geni\u015fli\u011fi: 5 ft 5 in\u00e7.&nbsp;<\/li>\r\n<\/ul>\r\n\r\n\r\n\r\n<h3 class=\"wp-block-heading\"><span class=\"ez-toc-section\" id=\"4_Super-Midsize_Private_Jets\"><\/span>4. S\u00fcper-Orta Boy \u00d6zel Jetler&nbsp;<span class=\"ez-toc-section-end\"><\/span><\/h3>\r\n\r\n\r\n\r\n<p>S\u00fcper orta boy jetler, a\u011f\u0131r jetlere g\u00f6re daha k\u00fc\u00e7\u00fck ve yak\u0131t a\u00e7\u0131s\u0131ndan daha verimlidir, daha az maliyetle daha geni\u015f bir menzile sahiptir. Uzun menzilli ve iyi pist kabiliyetine sahip \u00f6zel bir u\u00e7a\u011fa ihtiyac\u0131n\u0131z varsa, s\u00fcper orta boy kategorisinden bir jet se\u00e7ebilirsiniz.<\/p>\r\n\r\n\r\n\r\n<h4 class=\"wp-block-heading\"><span class=\"ez-toc-section\" id=\"Our_Recommendation_The_Citation_X\"><\/span>Bizim Tavsiyemiz: Citation X<span class=\"ez-toc-section-end\"><\/span><\/h4>\r\n\r\n\r\n\r\n<p>Cessna Citation X, daha y\u00fcksek h\u0131za ve kapal\u0131 bir bagaj b\u00f6lmesine sahip yeni nesil orta \u00f6l\u00e7ekli bir i\u015f u\u00e7a\u011f\u0131d\u0131r. Bu u\u00e7ak, \u015fu anda \u00fcretimde olan en h\u0131zl\u0131 i\u015f jetidir ve ad\u0131na bir dizi h\u0131z rekoru vard\u0131r.<\/p>\r\n\r\n\r\n\r\n<p>\u00d6zellikler:<\/p>\r\n\r\n\r\n\r\n<ul class=\"wp-block-list\">\r\n<li>Yolcu say\u0131s\u0131: 8;<\/li>\r\n\r\n\r\n\r\n<li>Maksimum h\u0131z: 525 knot;<\/li>\r\n\r\n\r\n\r\n<li>Maksimum aral\u0131k: 3125 nm;<\/li>\r\n\r\n\r\n\r\n<li>Kabin y\u00fcksekli\u011fi: 5 ft 7 in\u00e7;<\/li>\r\n\r\n\r\n\r\n<li>Kabin uzunlu\u011fu: 23 ft 9 in\u00e7<\/li>\r\n\r\n\r\n\r\n<li>Kabin geni\u015fli\u011fi: 5 ft 5 in\u00e7;<\/li>\r\n\r\n\r\n\r\n<li>U\u00e7u\u015f menzili: 3,111 deniz mili.<\/li>\r\n<\/ul>\r\n\r\n\r\n\r\n<h3 class=\"wp-block-heading\"><span class=\"ez-toc-section\" id=\"5_Large_Private_Jets\"><\/span>5. B\u00fcy\u00fck \u00d6zel Jetler<span class=\"ez-toc-section-end\"><\/span><\/h3>\r\n\r\n\r\n\r\n<p>Bu son derece uyarlanabilir, son teknoloji \u00fcr\u00fcn\u00fc, devasa \u00f6zel u\u00e7aklara eri\u015fiminiz oldu\u011funda her \u015fey m\u00fcmk\u00fcnd\u00fcr. A\u011f\u0131r jetler yakla\u015f\u0131k 10 - 15 veya daha fazla yolcuyu a\u011f\u0131rlayabilir ve ek diz mesafesi ve konfor sunar.&nbsp;<\/p>\r\n\r\n\r\n\r\n<h4 class=\"wp-block-heading\"><span class=\"ez-toc-section\" id=\"Our_Recommendation_The_Gulfstream_G450\"><\/span>Bizim Tavsiyemiz: Gulfstream G450<span class=\"ez-toc-section-end\"><\/span><\/h4>\r\n\r\n\r\n\r\n<p>Bu <a href=\"https:\/\/comparemyjet.com\/tr\/gulfstream\/\" data-internallinksmanager029f6b8e52c=\"175\" title=\"Gulfstream \u00d6zel Jetler ve U\u00e7aklar \u0130\u00e7in Nihai Rehber\">Gulfstream<\/a> G450, s\u0131n\u0131f\u0131ndaki en muhte\u015fem geni\u015f kabinli jettir.&nbsp;&nbsp;<\/p>\r\n\r\n\r\n\r\n<p>\u00d6zellikler:<\/p>\r\n\r\n\r\n\r\n<ul class=\"wp-block-list\">\r\n<li>Yolcu say\u0131s\u0131: 8-14;&nbsp;<\/li>\r\n\r\n\r\n\r\n<li>Maksimum aral\u0131k: 4350 nm;<\/li>\r\n\r\n\r\n\r\n<li>Maksimum h\u0131z: 586 knot;<\/li>\r\n\r\n\r\n\r\n<li>Kabin y\u00fcksekli\u011fi: 6 ft 2 in\u00e7;<\/li>\r\n\r\n\r\n\r\n<li>Kabin uzunlu\u011fu: 40 ft 4 in\u00e7;<\/li>\r\n\r\n\r\n\r\n<li>Kabin geni\u015fli\u011fi: 7 ft 4 in\u00e7;<\/li>\r\n\r\n\r\n\r\n<li>Seyir h\u0131z\u0131: 533 knot.<\/li>\r\n<\/ul>\r\n\r\n\r\n\r\n<h2 class=\"wp-block-heading\"><span class=\"ez-toc-section\" id=\"Conclusion\"><\/span>Sonu\u00e7<span class=\"ez-toc-section-end\"><\/span><\/h2>\r\n\r\n\r\n\r\n<figure class=\"wp-block-image size-full is-style-default\"><img loading=\"lazy\" decoding=\"async\" width=\"1000\" height=\"391\" src=\"https:\/\/comparemyjet.com\/wp-content\/uploads\/A-Delta-Airlines-jet.jpg\" alt=\"Delta Havayollar\u0131&#039;na ait bir jet\" class=\"wp-image-4402\" srcset=\"https:\/\/comparemyjet.com\/wp-content\/uploads\/A-Delta-Airlines-jet-18x7.jpg 18w, https:\/\/comparemyjet.com\/wp-content\/uploads\/A-Delta-Airlines-jet-300x117.jpg 300w, https:\/\/comparemyjet.com\/wp-content\/uploads\/A-Delta-Airlines-jet-768x300.jpg 768w, https:\/\/comparemyjet.com\/wp-content\/uploads\/A-Delta-Airlines-jet.jpg 1000w\" sizes=\"auto, (max-width: 1000px) 100vw, 1000px\" \/><\/figure>\r\n\r\n\r\n\r\n<p>Delta Private Jets iyi \u00e7al\u0131\u015fmas\u0131na ve bir\u00e7ok memnun m\u00fc\u015fteriye sahip olmas\u0131na ra\u011fmen, Wheels Up ile birle\u015fmesiyle daha da iyi hale geldi. Wheels Up hakk\u0131ndaki makalemize a\u015fa\u011f\u0131daki adresten g\u00f6z atabilirsiniz <a href=\"https:\/\/comparemyjet.com\/tr\/wheels-up\/\">link<\/a> \u00f6zel jet \u015firketinizi de\u011ferlendirmenize ve se\u00e7menize yard\u0131mc\u0131 olmak i\u00e7in.&nbsp;<\/p>","protected":false},"excerpt":{"rendered":"<p>Delta Air Lines, Amerika Birle\u015fik Devletleri'nde mal, hizmet, yenilik, g\u00fcvenilirlik ve m\u00fc\u015fteri deneyimi a\u00e7\u0131s\u0131ndan d\u00fcnyan\u0131n lider havayolu \u015firketidir. \u015eirket, hissedarlar\u0131na sekt\u00f6r lideri getiriler kazand\u0131r\u0131rken birinci s\u0131n\u0131f bir seyahat deneyimi sunmaktad\u0131r.  Havayolu \u015firketinin charter hizmeti olan Delta \u00f6zel jetleri, \u00f6nde gelen \u00f6zel havac\u0131l\u0131k markas\u0131 Wheels Up ile ortakl\u0131k kurarak ...<\/p>","protected":false},"author":1,"featured_media":4400,"parent":0,"menu_order":0,"comment_status":"closed","ping_status":"closed","template":"","meta":{"_acf_changed":false,"_genesis_hide_title":false,"_genesis_hide_breadcrumbs":false,"_genesis_hide_singular_image":false,"_genesis_hide_footer_widgets":false,"_genesis_custom_body_class":"","_genesis_custom_post_class":"","_genesis_layout":"","footnotes":""},"class_list":{"1":"page","2":"type-page","6":"entry"},"acf":[],"_links":{"self":[{"href":"https:\/\/comparemyjet.com\/tr\/wp-json\/wp\/v2\/pages\/4399","targetHints":{"allow":["GET"]}}],"collection":[{"href":"https:\/\/comparemyjet.com\/tr\/wp-json\/wp\/v2\/pages"}],"about":[{"href":"https:\/\/comparemyjet.com\/tr\/wp-json\/wp\/v2\/types\/page"}],"author":[{"embeddable":true,"href":"https:\/\/comparemyjet.com\/tr\/wp-json\/wp\/v2\/users\/1"}],"replies":[{"embeddable":true,"href":"https:\/\/comparemyjet.com\/tr\/wp-json\/wp\/v2\/comments?post=4399"}],"version-history":[{"count":2,"href":"https:\/\/comparemyjet.com\/tr\/wp-json\/wp\/v2\/pages\/4399\/revisions"}],"predecessor-version":[{"id":4434,"href":"https:\/\/comparemyjet.com\/tr\/wp-json\/wp\/v2\/pages\/4399\/revisions\/4434"}],"wp:featuredmedia":[{"embeddable":true,"href":"https:\/\/comparemyjet.com\/tr\/wp-json\/wp\/v2\/media\/4400"}],"wp:attachment":[{"href":"https:\/\/comparemyjet.com\/tr\/wp-json\/wp\/v2\/media?parent=4399"}],"curies":[{"name":"wp","href":"https:\/\/api.w.org\/{rel}","templated":true}]}}